{"id":2813,"date":"2025-01-04T05:24:01","date_gmt":"2025-01-04T05:24:01","guid":{"rendered":"https:\/\/fmp-components.com\/product\/factory-provide-10-ton-piston-hydraulic-steering-cylinder\/"},"modified":"2025-03-18T02:05:19","modified_gmt":"2025-03-18T02:05:19","slug":"factory-provide-10-ton-piston-hydraulic-steering-cylinder","status":"publish","type":"product","link":"https:\/\/fmp-components.com\/tr\/product\/factory-provide-10-ton-piston-hydraulic-steering-cylinder\/","title":{"rendered":"Fabrika 10 Tonluk Pistonlu Hidrolik Direksiyon Silindiri Sa\u011fl\u0131yor"},"content":{"rendered":"<p>\u00dcr\u00fcn Ad\u0131: \u0130talya Fabrikas\u0131 Uzun Stroklu \u00c7ift Etkili Trakt\u00f6r Hidrolik Direksiyon Silindiri<\/p>\n<p>A\u00e7\u0131klama: \u0130talya Fabrikas\u0131 Uzun Stroklu \u00c7ift Etkili Trakt\u00f6r Hidrolik Direksiyon Silindiri, trakt\u00f6rler i\u00e7in hassas direksiyon kontrol\u00fc sa\u011flamak \u00fczere tasarlanm\u0131\u015f y\u00fcksek kaliteli bir bile\u015fendir. Uzun \u00f6m\u00fcrl\u00fc performans ve dayan\u0131kl\u0131l\u0131k sa\u011flamak i\u00e7in en kaliteli malzemelerden \u00fcretilmi\u015ftir. Silindir, her iki y\u00f6nde de yumu\u015fak ve hassas direksiyon hakimiyeti sa\u011flayan \u00e7ift etkili bir i\u015flevselli\u011fe sahiptir. Uzun stroklu tasar\u0131m\u0131yla bu hidrolik direksiyon silindiri, geli\u015fmi\u015f yol tutu\u015fu ve denge sa\u011flayarak zorlu trakt\u00f6r uygulamalar\u0131 i\u00e7in ideal bir se\u00e7imdir.<\/p>\n<p>HTML Format \u00c7\u0131kt\u0131s\u0131:<\/p>\n<h2>\u00dcr\u00fcn Ad\u0131:<\/h2>\n<p>\u0130talya Fabrikas\u0131 Uzun Stroklu \u00c7ift Etkili Trakt\u00f6r Hidrolik Direksiyon Silindiri<\/p>\n<h2>Tan\u0131m:<\/h2>\n<p>\u0130talya Fabrikas\u0131 Uzun Stroklu \u00c7ift Etkili Trakt\u00f6r Hidrolik Direksiyon Silindiri, trakt\u00f6rler i\u00e7in hassas direksiyon kontrol\u00fc sa\u011flamak \u00fczere tasarlanm\u0131\u015f y\u00fcksek kaliteli bir bile\u015fendir. Uzun \u00f6m\u00fcrl\u00fc performans ve dayan\u0131kl\u0131l\u0131k sa\u011flamak i\u00e7in en kaliteli malzemelerden \u00fcretilmi\u015ftir. Silindir, her iki y\u00f6nde de yumu\u015fak ve hassas direksiyon hakimiyeti sa\u011flayan \u00e7ift etkili bir i\u015fleve sahiptir. Uzun stroklu tasar\u0131m\u0131yla bu hidrolik direksiyon silindiri, geli\u015fmi\u015f yol tutu\u015fu ve denge sa\u011flayarak zorlu trakt\u00f6r uygulamalar\u0131 i\u00e7in ideal bir se\u00e7imdir.<\/p>\n<p>\u0130talya'n\u0131n lider hidrolik silindir \u00fcreticisi FMP'nin ola\u011fan\u00fcst\u00fc \u00fcretim yeteneklerini deneyimleyin. Yenilik\u00e7i ve son teknoloji \u00fcr\u00fcn\u00fc VR fabrikam\u0131z\u0131 gezerek, uygulamal\u0131 olarak deneyimleyin.<\/p>\n<p>Pistonlu hidrolik direksiyon silindiri, \u00e7o\u011fu mobil hidrolik sistemin temel bir bile\u015fenidir. Uzun bir geli\u015ftirme ve inovasyon ge\u00e7mi\u015fine sahip olup, yap\u0131s\u0131, g\u00fcc\u00fc ve g\u00f6vde malzemesine g\u00f6re s\u0131n\u0131fland\u0131r\u0131l\u0131r.<\/p>\n<p>Fabrikam\u0131z, standart yap\u0131 ve tasar\u0131ma sahip, maksimum verimlilik i\u00e7in hidrolik g\u00fc\u00e7, art\u0131r\u0131lm\u0131\u015f dayan\u0131kl\u0131l\u0131k i\u00e7in \u00e7elik g\u00f6vde malzemesi ve y\u00fcksek maksimum itme ve \u00e7ekme \u00f6zelliklerine sahip 10 tonluk pistonlu hidrolik direksiyon silindiri sa\u011flamaktad\u0131r.<\/p>\n<p>Hidrolik direksiyon silindirlerimizin montaj\u0131, onar\u0131m\u0131 ve bak\u0131m\u0131 kapsaml\u0131 k\u0131lavuzumuzla kolayla\u015ft\u0131r\u0131lm\u0131\u015ft\u0131r. Ancak karma\u015f\u0131k kurulumlar i\u00e7in profesyonel yard\u0131m alman\u0131z\u0131 \u00f6neririz.<\/p>\n<p>Optimum performans i\u00e7in do\u011fru hidrolik ya\u011f ve ya\u011f ke\u00e7esini se\u00e7mek \u00e7ok \u00f6nemlidir. \u00dcr\u00fcn\u00fcn\u00fcz\u00fc se\u00e7erken viskozite, s\u0131cakl\u0131k aral\u0131\u011f\u0131 ve ke\u00e7e uyumlulu\u011fu gibi fakt\u00f6rleri g\u00f6z \u00f6n\u00fcnde bulundurun.<\/p>\n<p>D\u00fczenli bak\u0131m ve muayene, hidrolik direksiyon silindirinizi ne zaman de\u011fi\u015ftirmeniz gerekti\u011fini belirlemenize yard\u0131mc\u0131 olabilir. S\u0131z\u0131nt\u0131, performans d\u00fc\u015f\u00fckl\u00fc\u011f\u00fc ve anormal sesler gibi belirtilere dikkat edin.<\/p>\n<p>FMP, y\u00fcksek kaliteli \u00fcr\u00fcnler, rekabet\u00e7i fiyatlar ve m\u00fckemmel m\u00fc\u015fteri hizmetleri sunar. Hidrolik direksiyon silindirlerinin yan\u0131 s\u0131ra, hava arac\u0131 hidrolik silindirleri, end\u00fcstri m\u00fchendisli\u011fi hidrolik silindirleri, a\u00e7\u0131k deniz hidrolik silindirleri, forklift hidrolik silindirleri, enerji teknolojisi hidrolik silindirleri ve t\u00fcnel a\u00e7ma makinesi hidrolik silindirleri de dahil olmak \u00fczere geni\u015f bir hidrolik silindir yelpazesi de tedarik ediyoruz. \u00c7izimler veya numunelerle \u00f6zelle\u015ftirme taleplerinizi memnuniyetle kar\u015f\u0131l\u0131yoruz.<\/p>\n<p>300 set tam otomatik CNC \u00fcretim ekipman\u0131 ve otomatik hidrolik silindir montaj ekipman\u0131yla 200.000 sete kadar hidrolik silindir tasarlama ve \u00fcretme kapasitemizi ke\u015ffedin. Hidrolik silindir ihtiya\u00e7lar\u0131n\u0131z i\u00e7in FMP'yi se\u00e7in.<\/p>\n<h2>Direksiyon Hidrolik Silindirinin Uygulamas\u0131<\/h2>\n<p>Direksiyon hidrolik silindirleri, \u00e7e\u015fitli ara\u00e7 tiplerindeki direksiyon sistemlerinin temel bile\u015fenleridir. Direksiyon akt\u00fcat\u00f6rleri olarak da bilinen bu silindirler, direksiyon pompas\u0131 taraf\u0131ndan \u00fcretilen enerjiyi, arac\u0131n tekerleklerinin y\u00f6n\u00fcn\u00fc de\u011fi\u015ftirmek i\u00e7in kullan\u0131labilen do\u011frusal harekete d\u00f6n\u00fc\u015ft\u00fcrmeye yard\u0131mc\u0131 olur. Direksiyon hidrolik silindirlerinin baz\u0131 uygulamalar\u0131 \u015funlard\u0131r:<\/p>\n<ol>\n<li>A\u011f\u0131r vas\u0131talar:\n<p>Direksiyon hidrolik silindirleri, kamyon, otob\u00fcs ve in\u015faat makineleri gibi a\u011f\u0131r hizmet tipi ara\u00e7larda yayg\u0131n olarak kullan\u0131l\u0131r. Bu ara\u00e7lar\u0131n direksiyonunu \u00e7evirmek i\u00e7in \u00e7ok fazla kuvvet gerekir ve bir hidrolik silindir, ara\u00e7 y\u00fckl\u00fc olsa bile tekerlekleri d\u00f6nd\u00fcrmek i\u00e7in gerekli g\u00fcc\u00fc \u00fcretebilir. Hidrolik sistem ayr\u0131ca direksiyon mekanizmas\u0131 \u00fczerinde daha hassas kontrol sa\u011flayarak s\u00fcr\u00fcc\u00fclerin b\u00fcy\u00fck ve kullan\u0131m\u0131 zor ara\u00e7larda daha kolay hareket etmesini sa\u011flar.<\/li>\n<li>Arazi ara\u00e7lar\u0131:\n<p>ATV, kum arabas\u0131 ve arazi motosikleti gibi arazi ara\u00e7lar\u0131 da direksiyon hidrolik silindirlerinden faydalan\u0131r. Bu ara\u00e7lar genellikle geleneksel direksiyon mekanizmalar\u0131n\u0131n etkili olmayabilece\u011fi engebeli arazilerde \u00e7al\u0131\u015f\u0131r. Hidrolik silindirler, engellerin \u00fczerinden ge\u00e7mek ve ara\u00e7 \u00fczerinde kontrol\u00fc korumak i\u00e7in gerekli g\u00fcc\u00fc ve hassasiyeti sa\u011flayabilir.<\/li>\n<li>Deniz ve havac\u0131l\u0131k uygulamalar\u0131:\n<p>Direksiyon hidrolik silindirleri yaln\u0131zca kara ta\u015f\u0131tlar\u0131yla s\u0131n\u0131rl\u0131 de\u011fildir. Tekne ve gemi gibi deniz uygulamalar\u0131nda ve uzay ara\u00e7lar\u0131 ve u\u00e7aklar gibi havac\u0131l\u0131k teknolojisinde de kullan\u0131l\u0131rlar. Bu ortamlarda, hidrolik silindirler d\u00fcmenlerin, kanat\u00e7\u0131klar\u0131n ve gemi veya u\u00e7a\u011f\u0131n y\u00f6nlendirilmesine yard\u0131mc\u0131 olan di\u011fer kontrol y\u00fczeylerinin y\u00f6n\u00fcn\u00fc de\u011fi\u015ftirmek i\u00e7in kullan\u0131l\u0131r.<\/li>\n<li>End\u00fcstriyel ekipman:\n<p>Hidrolik silindirler, \u00e7e\u015fitli end\u00fcstriyel ortamlarda direksiyon ve di\u011fer uygulamalar i\u00e7in de kullan\u0131l\u0131r. \u00d6rne\u011fin, vin\u00e7leri, forkliftleri veya di\u011fer a\u011f\u0131r makineleri y\u00f6nlendirmek i\u00e7in kullan\u0131labilirler. Bu ortamlarda, hidrolik silindirler b\u00fcy\u00fck y\u00fckleri hareket ettirmek veya dar alanlarda \u00e7al\u0131\u015fmak i\u00e7in gerekli g\u00fcc\u00fc ve hassasiyeti sa\u011flayabilir.<\/li>\n<li>\u00d6zel uygulamalar:\n<p>Bu yayg\u0131n uygulamalara ek olarak, direksiyon hidrolik silindirleri \u00e7e\u015fitli \u00f6zel ortamlarda da kullan\u0131labilir. \u00d6rne\u011fin, benzersiz bir direksiyon mekanizmas\u0131 gerektiren deneysel ara\u00e7larda veya prototiplerde kullan\u0131labilirler. Ayr\u0131ca, hassas ve kontroll\u00fc hareket gerektiren sanatsal enstalasyonlarda veya kinetik heykellerde de kullan\u0131labilirler.<\/li>\n<\/ol>\n<p>G\u00f6rd\u00fc\u011f\u00fcn\u00fcz gibi, direksiyon hidrolik silindirleri \u00e7e\u015fitli end\u00fcstri ve ortamlarda geni\u015f bir uygulama yelpazesine sahiptir. \u0130ster a\u011f\u0131r vas\u0131talarda, ister arazi ara\u00e7lar\u0131nda, ister denizcilik ve havac\u0131l\u0131k uygulamalar\u0131nda, ister end\u00fcstriyel ekipmanlarda veya \u00f6zel uygulamalarda kullan\u0131ls\u0131n, bu silindirler etkili bir \u015fekilde y\u00f6nlendirmek i\u00e7in gerekli g\u00fcc\u00fc, hassasiyeti ve kontrol\u00fc sa\u011flar.<\/p>\n<h2>FMP Hakk\u0131nda<\/h2>\n<p>FMP, in\u015faat makineleri i\u00e7in y\u00fcksek kaliteli hidrolik silindirler, silindir kitleri ve bile\u015fenlerinin lider \u00fcreticisi ve da\u011f\u0131t\u0131c\u0131s\u0131d\u0131r. Uzun y\u0131llara dayanan sekt\u00f6r deneyimimiz ve profesyonel ekibimizle, m\u00fc\u015fterilerimize in\u015faat makineleri ihtiya\u00e7lar\u0131na g\u00fcvenilir ve verimli \u00e7\u00f6z\u00fcmler sunmaya kararl\u0131y\u0131z.<\/p>\n<p>FMP'yi se\u00e7meniz i\u00e7in be\u015f neden:<\/p>\n<ol>\n<li><strong>Y\u00fcksek kaliteli hidrolik silindirler:<\/strong> Hidrolik silindirlerimizi hassas m\u00fchendislikle \u00fcretiyoruz. Kaliteye olan sars\u0131lmaz ba\u011fl\u0131l\u0131\u011f\u0131m\u0131z, yaln\u0131zca en y\u00fcksek kaliteli hammaddeleri kullanmam\u0131z\u0131 ve bitmi\u015f \u00fcr\u00fcnlerin sekt\u00f6r standartlar\u0131n\u0131 kar\u015f\u0131lad\u0131\u011f\u0131ndan ve hatta a\u015ft\u0131\u011f\u0131ndan emin olmak i\u00e7in s\u0131k\u0131 kalite kontrolleri ger\u00e7ekle\u015ftirmemizi sa\u011flar.<\/li>\n<li><strong>Geni\u015f \u00fcr\u00fcn yelpazesi:<\/strong> \u00dcr\u00fcn yelpazemiz her t\u00fcrl\u00fc in\u015faat makinesi ve aksesuarlar\u0131n\u0131 kapsamaktad\u0131r. \u00c7e\u015fitli hidrolik silindirler, \u015fanz\u0131manlar, zincirler, zincir di\u015flileri, motor aksesuarlar\u0131, hidrolik sistem bile\u015fenleri, \u015fasi aksesuarlar\u0131 ve elektrik sistemi aksesuarlar\u0131 sunuyoruz.<\/li>\n<li><strong>Kurulan ortakl\u0131klar:<\/strong> Bir\u00e7ok y\u00fcksek kaliteli yerli ve yabanc\u0131 tedarik\u00e7iyle uzun vadeli ve istikrarl\u0131 ortakl\u0131klar kurduk. Bu sayede, tedarik etti\u011fimiz t\u00fcm aksesuarlar\u0131n s\u0131k\u0131 kalite standartlar\u0131m\u0131z\u0131 kar\u015f\u0131lamas\u0131n\u0131 sa\u011fl\u0131yoruz.<\/li>\n<li><strong>Deneyimli sat\u0131\u015f ekibi:<\/strong> Sat\u0131\u015f ekibimiz, in\u015faat makineleri sekt\u00f6r\u00fcnde uzun y\u0131llara dayanan deneyim ve bilgiye sahiptir. Bilin\u00e7li kararlar alman\u0131za yard\u0131mc\u0131 olmak i\u00e7in profesyonel \u00fcr\u00fcn dan\u0131\u015fmanl\u0131\u011f\u0131 ve ak\u0131ll\u0131 sat\u0131n alma tavsiyeleri sunabilirler.<\/li>\n<li><strong>Verimli lojistik da\u011f\u0131t\u0131m sistemi:<\/strong> M\u00fc\u015fterilerimizin ihtiya\u00e7 duyduklar\u0131 par\u00e7alar\u0131 zaman\u0131nda ve do\u011fru bir \u015fekilde alabilmelerini sa\u011flamak i\u00e7in etkin bir lojistik da\u011f\u0131t\u0131m sistemine sahibiz.<\/li>\n<\/ol>\n<p><img decoding=\"async\" src=\"https:\/\/fmp-components.com\/wp-content\/uploads\/2025\/01\/Dump-Truck-Trailer-Hydraulic-Cylinder-product-3-3.webp\" alt=\"Hidrolik silindir\" width=\"800\" title=\"\"><\/p>\n<p>FMP olarak, m\u00fc\u015fterilerimize y\u00fcksek kaliteli ve g\u00fcvenilir in\u015faat makinesi aksesuarlar\u0131 ve eksiksiz makine \u00e7\u00f6z\u00fcmleri sunmaya kararl\u0131y\u0131z. Modern fabrika tesislerimiz, CNC tak\u0131m tezgahlar\u0131m\u0131z, bilgisayar destekli tasar\u0131m\u0131m\u0131z, kalifiye \u00e7al\u0131\u015fanlar\u0131m\u0131z, hidrolik sistem uzmanlar\u0131m\u0131z, silindir montajc\u0131lar\u0131m\u0131z ve bayilerimizle, hidrolik silindir, silindir kiti ve bile\u015fen ihtiya\u00e7lar\u0131n\u0131z\u0131 kar\u015f\u0131lamak i\u00e7in tercih edilen orta\u011f\u0131z.<\/p>\n<p>Yazar: CX<\/p>","protected":false},"excerpt":{"rendered":"<p>Product Name: Italy Factory Long Stroke Double Acting Tractor Hydraulic Steering Cylinder Description: The Italy Factory Long Stroke Double Acting Tractor Hydraulic Steering Cylinder is a high-quality component designed to provide precision steering control for tractors. It is constructed with the finest materials to ensure long-lasting performance and durability. The cylinder features double-acting functionality that [&hellip;]<\/p>","protected":false},"featured_media":2814,"comment_status":"closed","ping_status":"closed","template":"","meta":{"_et_pb_use_builder":"","_et_pb_old_content":"","_et_gb_content_width":""},"product_brand":[],"product_cat":[67],"product_tag":[34,70],"class_list":{"0":"post-2813","1":"product","2":"type-product","3":"status-publish","4":"has-post-thumbnail","6":"product_cat-steering-hydraulic-cylinder","7":"product_tag-hydraulic-cylinder","8":"product_tag-steering-hydraulic-cylinder","10":"first","11":"instock","12":"product-type-simple"},"_links":{"self":[{"href":"https:\/\/fmp-components.com\/tr\/wp-json\/wp\/v2\/product\/2813","targetHints":{"allow":["GET"]}}],"collection":[{"href":"https:\/\/fmp-components.com\/tr\/wp-json\/wp\/v2\/product"}],"about":[{"href":"https:\/\/fmp-components.com\/tr\/wp-json\/wp\/v2\/types\/product"}],"replies":[{"embeddable":true,"href":"https:\/\/fmp-components.com\/tr\/wp-json\/wp\/v2\/comments?post=2813"}],"wp:featuredmedia":[{"embeddable":true,"href":"https:\/\/fmp-components.com\/tr\/wp-json\/wp\/v2\/media\/2814"}],"wp:attachment":[{"href":"https:\/\/fmp-components.com\/tr\/wp-json\/wp\/v2\/media?parent=2813"}],"wp:term":[{"taxonomy":"product_brand","embeddable":true,"href":"https:\/\/fmp-components.com\/tr\/wp-json\/wp\/v2\/product_brand?post=2813"},{"taxonomy":"product_cat","embeddable":true,"href":"https:\/\/fmp-components.com\/tr\/wp-json\/wp\/v2\/product_cat?post=2813"},{"taxonomy":"product_tag","embeddable":true,"href":"https:\/\/fmp-components.com\/tr\/wp-json\/wp\/v2\/product_tag?post=2813"}],"curies":[{"name":"wp","href":"https:\/\/api.w.org\/{rel}","templated":true}]}}