{"id":2803,"date":"2025-01-04T05:24:01","date_gmt":"2025-01-04T05:24:01","guid":{"rendered":"https:\/\/fmp-components.com\/product\/professional-craftsmanship-double-acting-tractor-power-steering-hydraulic-cylinder\/"},"modified":"2025-03-18T01:22:09","modified_gmt":"2025-03-18T01:22:09","slug":"professional-craftsmanship-double-acting-tractor-power-steering-hydraulic-cylinder","status":"publish","type":"product","link":"https:\/\/fmp-components.com\/tr\/product\/professional-craftsmanship-double-acting-tractor-power-steering-hydraulic-cylinder\/","title":{"rendered":"Profesyonel \u0130\u015f\u00e7ilik \u00c7ift Etkili Trakt\u00f6r Hidrolik Direksiyon Hidrolik Silindiri"},"content":{"rendered":"<p>Trakt\u00f6r Hidrolik Direksiyon Silindiri, trakt\u00f6rler i\u00e7in \u00f6zel olarak tasarlanm\u0131\u015f, y\u00fcksek kaliteli, \u00e7ift etkili bir hidrolik silindirdir. Bu g\u00fc\u00e7l\u00fc silindir, \u00e7e\u015fitli tar\u0131msal uygulamalarda optimum kontrol ve manevra kabiliyeti sa\u011flayarak, p\u00fcr\u00fczs\u00fcz ve verimli direksiyon performans\u0131 sa\u011flamak \u00fczere tasarlanm\u0131\u015ft\u0131r.<\/p>\n<p>Dayan\u0131kl\u0131 yap\u0131s\u0131 ve g\u00fcvenilir i\u015flevselli\u011fiyle Trakt\u00f6r Hidrolik Direksiyon Silindiri, a\u011f\u0131r y\u00fcklere ve zorlu \u00e7al\u0131\u015fma ko\u015fullar\u0131na dayan\u0131kl\u0131d\u0131r. Hem itme hem de \u00e7ekme kuvvetlerine olanak tan\u0131yan \u00e7ift etkili tasar\u0131m\u0131yla \u00e7ok y\u00f6nl\u00fcl\u00fc\u011f\u00fcn\u00fc ve performans\u0131n\u0131 art\u0131r\u0131r.<\/p>\n<p>Bu hidrolik silindir, kullan\u0131c\u0131 dostu ve kurulumu kolay oldu\u011fundan, trakt\u00f6r sahipleri ve operat\u00f6rleri i\u00e7in kullan\u0131\u015fl\u0131 bir tercihtir. Kompakt boyutu ve sa\u011flam tasar\u0131m\u0131, trakt\u00f6r\u00fcn direksiyon sistemine kusursuz bir \u015fekilde entegre olmas\u0131n\u0131 sa\u011flar.<\/p>\n<p>Trakt\u00f6r Hidrolik Direksiyon Silindiri, hassas ve duyarl\u0131 direksiyon sa\u011flamak \u00fczere tasarlanm\u0131\u015ft\u0131r ve operat\u00f6rlerin tarlalarda ve engebeli arazilerde kolayca hareket etmesini sa\u011flar. Hidrolik mekanizmas\u0131, verimli g\u00fc\u00e7 aktar\u0131m\u0131 sa\u011flayarak trakt\u00f6r\u00fc y\u00f6nlendirmek i\u00e7in gereken \u00e7abay\u0131 azalt\u0131r ve genel verimlili\u011fi art\u0131r\u0131r.<\/p>\n<p>Trakt\u00f6r Hidrolik Direksiyon Silindirine yat\u0131r\u0131m yapmak, yaln\u0131zca direksiyon performans\u0131n\u0131 iyile\u015ftirmekle kalmaz, ayn\u0131 zamanda trakt\u00f6r operasyonlar\u0131n\u0131n g\u00fcvenli\u011fini ve verimlili\u011fini de art\u0131r\u0131r. G\u00fcvenilir yap\u0131s\u0131yla bu hidrolik silindir, uzun \u00f6m\u00fcrl\u00fc olacak \u015fekilde \u00fcretilmi\u015ftir ve uzun \u00f6m\u00fcrl\u00fc performans sunarken bak\u0131m gereksinimlerini de en aza indirir.<\/p>\n<p>Trakt\u00f6r Hidrolik Direksiyon Silindiri ile g\u00fcvenilir ve sorunsuz direksiyon performans\u0131n\u0131 deneyimleyin. Trakt\u00f6r\u00fcn\u00fcz\u00fcn direksiyon sistemini bug\u00fcn y\u00fckseltin ve tar\u0131msal faaliyetlerinizde optimum kontrol ve manevra kabiliyetinin keyfini \u00e7\u0131kar\u0131n.<\/p>\n<h2>Hidrolik Silindir Hakk\u0131nda<\/h2>\n<p>Profesyonel \u0130\u015f\u00e7ilik \u00c7ift Etkili Trakt\u00f6r Hidrolik Direksiyon Silindiri, makine tamir at\u00f6lyeleri, \u00e7iftlikler, enerji ve madencilik ve makine imalat\u0131 dahil olmak \u00fczere bir\u00e7ok sekt\u00f6rde hayati bir bile\u015fendir. 10 kg a\u011f\u0131rl\u0131\u011f\u0131ndaki bu \u00fcr\u00fcn, sa\u011flam ve kullan\u0131m\u0131 kolayd\u0131r; bu da kurulum ve bak\u0131m\u0131 kolayla\u015ft\u0131r\u0131r.<\/p>\n<h3>Tarih ve S\u0131n\u0131fland\u0131rma<\/h3>\n<p>Hidrolik silindirler onlarca y\u0131ld\u0131r kullan\u0131lmakta olup, y\u0131llar i\u00e7inde \u00e7e\u015fitli end\u00fcstrilerin artan ihtiya\u00e7lar\u0131n\u0131 kar\u015f\u0131lamak \u00fczere geli\u015fmi\u015ftir. Birka\u00e7 farkl\u0131 hidrolik silindir t\u00fcr\u00fc vard\u0131r, ancak \u00e7ift etkili trakt\u00f6r hidrolik direksiyon silindiri dayan\u0131kl\u0131l\u0131\u011f\u0131 ve verimlili\u011fiyle \u00f6ne \u00e7\u0131kmaktad\u0131r.<\/p>\n<h3>Avantajlar\u0131<\/h3>\n<p>Bu \u00fcr\u00fcn\u00fcn en \u00f6nemli avantajlar\u0131ndan biri, y\u00fcksek performans ve uzun \u00f6m\u00fcr sa\u011flayan profesyonel i\u015f\u00e7ili\u011fidir. Ayr\u0131ca, kalite ve g\u00fcvenilirli\u011fi garanti eden ISO9001:2000 sertifikas\u0131na sahiptir.<\/p>\n<h2>Do\u011fru Hidrolik Silindiri Se\u00e7me<\/h2>\n<p>Hidrolik silindir se\u00e7erken, silindir \u00e7ap\u0131, rot \u00e7ap\u0131 ve strok \u00e7ap\u0131 gibi fakt\u00f6rleri g\u00f6z \u00f6n\u00fcnde bulundurun. Bu \u00fcr\u00fcn i\u00e7in silindir \u00e7ap\u0131 2-6 in\u00e7, rot \u00e7ap\u0131 1,125-4 in\u00e7 ve strok \u00e7ap\u0131 4-100 in\u00e7 aras\u0131ndad\u0131r.<\/p>\n<p><img decoding=\"async\" src=\"https:\/\/hzpt.com\/wp-content\/uploads\/2023\/11\/agricultural-machinery-hydraulic-cylinder-2.webp\" alt=\"\" title=\"\"><\/p>\n<p><img decoding=\"async\" src=\"https:\/\/hzpt.com\/wp-content\/uploads\/2023\/11\/agricultural-machinery-hydraulic-cylinder-6.webp\" alt=\"\" title=\"\"><\/p>\n<h2>Direksiyon Hidrolik Silindirinin Uygulamas\u0131<\/h2>\n<p>Direksiyon hidrolik silindirleri, \u00e7e\u015fitli ara\u00e7 tiplerindeki direksiyon sistemlerinin temel bile\u015fenleridir. Direksiyon akt\u00fcat\u00f6rleri olarak da bilinen bu silindirler, direksiyon pompas\u0131 taraf\u0131ndan \u00fcretilen enerjiyi, arac\u0131n tekerleklerinin y\u00f6n\u00fcn\u00fc de\u011fi\u015ftirmek i\u00e7in kullan\u0131labilen do\u011frusal harekete d\u00f6n\u00fc\u015ft\u00fcrmeye yard\u0131mc\u0131 olur. Direksiyon hidrolik silindirlerinin baz\u0131 uygulamalar\u0131 \u015funlard\u0131r:<\/p>\n<ol>\n<li>A\u011f\u0131r vas\u0131talar:\n<p>Direksiyon hidrolik silindirleri, kamyon, otob\u00fcs ve in\u015faat makineleri gibi a\u011f\u0131r hizmet tipi ara\u00e7larda yayg\u0131n olarak kullan\u0131l\u0131r. Bu ara\u00e7lar\u0131n direksiyonunu \u00e7evirmek i\u00e7in \u00e7ok fazla kuvvet gerekir ve bir hidrolik silindir, ara\u00e7 y\u00fckl\u00fc olsa bile tekerlekleri d\u00f6nd\u00fcrmek i\u00e7in gerekli g\u00fcc\u00fc \u00fcretebilir. Hidrolik sistem ayr\u0131ca direksiyon mekanizmas\u0131 \u00fczerinde daha hassas kontrol sa\u011flayarak s\u00fcr\u00fcc\u00fclerin b\u00fcy\u00fck ve kullan\u0131m\u0131 zor ara\u00e7larda daha kolay hareket etmesini sa\u011flar.<\/li>\n<li>Arazi ara\u00e7lar\u0131:\n<p>ATV, kum arabas\u0131 ve arazi motosikleti gibi arazi ara\u00e7lar\u0131 da direksiyon hidrolik silindirlerinden faydalan\u0131r. Bu ara\u00e7lar genellikle geleneksel direksiyon mekanizmalar\u0131n\u0131n etkili olmayabilece\u011fi engebeli arazilerde \u00e7al\u0131\u015f\u0131r. Hidrolik silindirler, engellerin \u00fczerinden ge\u00e7mek ve ara\u00e7 \u00fczerinde kontrol\u00fc korumak i\u00e7in gerekli g\u00fcc\u00fc ve hassasiyeti sa\u011flayabilir.<\/li>\n<li>Deniz ve havac\u0131l\u0131k uygulamalar\u0131:\n<p>Direksiyon hidrolik silindirleri yaln\u0131zca kara ta\u015f\u0131tlar\u0131yla s\u0131n\u0131rl\u0131 de\u011fildir. Tekne ve gemi gibi deniz uygulamalar\u0131nda ve uzay ara\u00e7lar\u0131 ve u\u00e7aklar gibi havac\u0131l\u0131k teknolojisinde de kullan\u0131l\u0131rlar. Bu ortamlarda, hidrolik silindirler d\u00fcmenlerin, kanat\u00e7\u0131klar\u0131n ve gemi veya u\u00e7a\u011f\u0131n y\u00f6nlendirilmesine yard\u0131mc\u0131 olan di\u011fer kontrol y\u00fczeylerinin y\u00f6n\u00fcn\u00fc de\u011fi\u015ftirmek i\u00e7in kullan\u0131l\u0131r.<\/li>\n<li>End\u00fcstriyel ekipman:\n<p>Hidrolik silindirler, \u00e7e\u015fitli end\u00fcstriyel ortamlarda direksiyon ve di\u011fer uygulamalar i\u00e7in de kullan\u0131l\u0131r. \u00d6rne\u011fin, vin\u00e7leri, forkliftleri veya di\u011fer a\u011f\u0131r makineleri y\u00f6nlendirmek i\u00e7in kullan\u0131labilirler. Bu ortamlarda, hidrolik silindirler b\u00fcy\u00fck y\u00fckleri hareket ettirmek veya dar alanlarda \u00e7al\u0131\u015fmak i\u00e7in gerekli g\u00fcc\u00fc ve hassasiyeti sa\u011flayabilir.<\/li>\n<li>\u00d6zel uygulamalar:\n<p>Bu yayg\u0131n uygulamalara ek olarak, direksiyon hidrolik silindirleri \u00e7e\u015fitli \u00f6zel ortamlarda da kullan\u0131labilir. \u00d6rne\u011fin, benzersiz bir direksiyon mekanizmas\u0131 gerektiren deneysel ara\u00e7larda veya prototiplerde kullan\u0131labilirler. Ayr\u0131ca, hassas ve kontroll\u00fc hareket gerektiren sanatsal enstalasyonlarda veya kinetik heykellerde de kullan\u0131labilirler.<\/li>\n<\/ol>\n<p>G\u00f6rd\u00fc\u011f\u00fcn\u00fcz gibi, direksiyon hidrolik silindirleri \u00e7e\u015fitli end\u00fcstri ve ortamlarda geni\u015f bir uygulama yelpazesine sahiptir. \u0130ster a\u011f\u0131r vas\u0131talarda, ister arazi ara\u00e7lar\u0131nda, ister denizcilik ve havac\u0131l\u0131k uygulamalar\u0131nda, ister end\u00fcstriyel ekipmanlarda veya \u00f6zel uygulamalarda kullan\u0131ls\u0131n, bu silindirler etkili bir \u015fekilde y\u00f6nlendirmek i\u00e7in gerekli g\u00fcc\u00fc, hassasiyeti ve kontrol\u00fc sa\u011flar.<\/p>\n<h2>FMP Hakk\u0131nda<\/h2>\n<p>FMP, in\u015faat makineleri i\u00e7in y\u00fcksek kaliteli hidrolik silindirler, silindir kitleri ve bile\u015fenlerinin lider \u00fcreticisi ve da\u011f\u0131t\u0131c\u0131s\u0131d\u0131r. Uzun y\u0131llara dayanan sekt\u00f6r deneyimimiz ve profesyonel ekibimizle, m\u00fc\u015fterilerimize in\u015faat makineleri ihtiya\u00e7lar\u0131na g\u00fcvenilir ve verimli \u00e7\u00f6z\u00fcmler sunmaya kararl\u0131y\u0131z.<\/p>\n<p>FMP'yi se\u00e7meniz i\u00e7in be\u015f neden:<\/p>\n<ol>\n<li><strong>Y\u00fcksek kaliteli hidrolik silindirler:<\/strong> Hidrolik silindirlerimizi hassas m\u00fchendislikle \u00fcretiyoruz. Kaliteye olan sars\u0131lmaz ba\u011fl\u0131l\u0131\u011f\u0131m\u0131z, yaln\u0131zca en y\u00fcksek kaliteli hammaddeleri kullanmam\u0131z\u0131 ve bitmi\u015f \u00fcr\u00fcnlerin sekt\u00f6r standartlar\u0131n\u0131 kar\u015f\u0131lad\u0131\u011f\u0131ndan ve hatta a\u015ft\u0131\u011f\u0131ndan emin olmak i\u00e7in s\u0131k\u0131 kalite kontrolleri ger\u00e7ekle\u015ftirmemizi sa\u011flar.<\/li>\n<li><strong>Geni\u015f \u00fcr\u00fcn yelpazesi:<\/strong> \u00dcr\u00fcn yelpazemiz her t\u00fcrl\u00fc in\u015faat makinesi ve aksesuarlar\u0131n\u0131 kapsamaktad\u0131r. \u00c7e\u015fitli hidrolik silindirler, \u015fanz\u0131manlar, zincirler, zincir di\u015flileri, motor aksesuarlar\u0131, hidrolik sistem bile\u015fenleri, \u015fasi aksesuarlar\u0131 ve elektrik sistemi aksesuarlar\u0131 sunuyoruz.<\/li>\n<li><strong>Kurulan ortakl\u0131klar:<\/strong> Bir\u00e7ok y\u00fcksek kaliteli yerli ve yabanc\u0131 tedarik\u00e7iyle uzun vadeli ve istikrarl\u0131 ortakl\u0131klar kurduk. Bu sayede, tedarik etti\u011fimiz t\u00fcm aksesuarlar\u0131n s\u0131k\u0131 kalite standartlar\u0131m\u0131z\u0131 kar\u015f\u0131lamas\u0131n\u0131 sa\u011fl\u0131yoruz.<\/li>\n<li><strong>Deneyimli sat\u0131\u015f ekibi:<\/strong> Sat\u0131\u015f ekibimiz, in\u015faat makineleri sekt\u00f6r\u00fcnde uzun y\u0131llara dayanan deneyim ve bilgiye sahiptir. Bilin\u00e7li kararlar alman\u0131za yard\u0131mc\u0131 olmak i\u00e7in profesyonel \u00fcr\u00fcn dan\u0131\u015fmanl\u0131\u011f\u0131 ve ak\u0131ll\u0131 sat\u0131n alma tavsiyeleri sunabilirler.<\/li>\n<li><strong>Verimli lojistik da\u011f\u0131t\u0131m sistemi:<\/strong> M\u00fc\u015fterilerimizin ihtiya\u00e7 duyduklar\u0131 par\u00e7alar\u0131 zaman\u0131nda ve do\u011fru bir \u015fekilde alabilmelerini sa\u011flamak i\u00e7in etkin bir lojistik da\u011f\u0131t\u0131m sistemine sahibiz.<\/li>\n<\/ol>\n<p><img decoding=\"async\" src=\"https:\/\/fmp-components.com\/wp-content\/uploads\/2025\/01\/Dump-Truck-Trailer-Hydraulic-Cylinder-product-3-3.webp\" alt=\"Hidrolik silindir\" width=\"800\" title=\"\"><\/p>\n<p>FMP olarak, m\u00fc\u015fterilerimize y\u00fcksek kaliteli ve g\u00fcvenilir in\u015faat makinesi aksesuarlar\u0131 ve eksiksiz makine \u00e7\u00f6z\u00fcmleri sunmaya kararl\u0131y\u0131z. Modern fabrika tesislerimiz, CNC tak\u0131m tezgahlar\u0131m\u0131z, bilgisayar destekli tasar\u0131m\u0131m\u0131z, kalifiye \u00e7al\u0131\u015fanlar\u0131m\u0131z, hidrolik sistem uzmanlar\u0131m\u0131z, silindir montajc\u0131lar\u0131m\u0131z ve bayilerimizle, hidrolik silindir, silindir kiti ve bile\u015fen ihtiya\u00e7lar\u0131n\u0131z\u0131 kar\u015f\u0131lamak i\u00e7in tercih edilen orta\u011f\u0131z.<\/p>\n<p>Yazar: CX<\/p>","protected":false},"excerpt":{"rendered":"<p>The Tractor Hydraulic Steering Cylinder is a high-quality, double-acting hydraulic cylinder designed specifically for tractors. This powerful cylinder is built to provide smooth and efficient steering performance, ensuring optimal control and maneuverability in various agricultural applications. With its durable construction and reliable functionality, the Tractor Hydraulic Steering Cylinder is capable of withstanding heavy loads and [&hellip;]<\/p>","protected":false},"featured_media":2804,"comment_status":"closed","ping_status":"closed","template":"","meta":{"_et_pb_use_builder":"","_et_pb_old_content":"","_et_gb_content_width":""},"product_brand":[],"product_cat":[67],"product_tag":[34,70],"class_list":{"0":"post-2803","1":"product","2":"type-product","3":"status-publish","4":"has-post-thumbnail","6":"product_cat-steering-hydraulic-cylinder","7":"product_tag-hydraulic-cylinder","8":"product_tag-steering-hydraulic-cylinder","10":"first","11":"instock","12":"product-type-simple"},"_links":{"self":[{"href":"https:\/\/fmp-components.com\/tr\/wp-json\/wp\/v2\/product\/2803","targetHints":{"allow":["GET"]}}],"collection":[{"href":"https:\/\/fmp-components.com\/tr\/wp-json\/wp\/v2\/product"}],"about":[{"href":"https:\/\/fmp-components.com\/tr\/wp-json\/wp\/v2\/types\/product"}],"replies":[{"embeddable":true,"href":"https:\/\/fmp-components.com\/tr\/wp-json\/wp\/v2\/comments?post=2803"}],"wp:featuredmedia":[{"embeddable":true,"href":"https:\/\/fmp-components.com\/tr\/wp-json\/wp\/v2\/media\/2804"}],"wp:attachment":[{"href":"https:\/\/fmp-components.com\/tr\/wp-json\/wp\/v2\/media?parent=2803"}],"wp:term":[{"taxonomy":"product_brand","embeddable":true,"href":"https:\/\/fmp-components.com\/tr\/wp-json\/wp\/v2\/product_brand?post=2803"},{"taxonomy":"product_cat","embeddable":true,"href":"https:\/\/fmp-components.com\/tr\/wp-json\/wp\/v2\/product_cat?post=2803"},{"taxonomy":"product_tag","embeddable":true,"href":"https:\/\/fmp-components.com\/tr\/wp-json\/wp\/v2\/product_tag?post=2803"}],"curies":[{"name":"wp","href":"https:\/\/api.w.org\/{rel}","templated":true}]}}