{"id":2786,"date":"2025-01-04T05:22:33","date_gmt":"2025-01-04T05:22:33","guid":{"rendered":"https:\/\/fmp-components.com\/product\/italy-supplier-long-stroke-hydraulic-cylinder-tractor-hydraulic-steering-cylinder\/"},"modified":"2025-03-18T01:33:40","modified_gmt":"2025-03-18T01:33:40","slug":"italy-supplier-long-stroke-hydraulic-cylinder-tractor-hydraulic-steering-cylinder","status":"publish","type":"product","link":"https:\/\/fmp-components.com\/tr\/product\/italy-supplier-long-stroke-hydraulic-cylinder-tractor-hydraulic-steering-cylinder\/","title":{"rendered":"\u0130talya Tedarik\u00e7isi Uzun Stroklu Hidrolik Silindir Trakt\u00f6r Hidrolik Direksiyon Silindiri"},"content":{"rendered":"<p>FMP'nin K\u00fc\u00e7\u00fck Hidrolik Direksiyon Silindirlerinin E\u015fsiz Kalitesini Deneyimleyin<\/p>\n<p>FMP olarak, m\u00fc\u015fterilerimize en y\u00fcksek kalitede k\u00fc\u00e7\u00fck hidrolik direksiyon silindirleri sunmaktan gurur duyuyoruz. Silindirlerimiz, ola\u011fan\u00fcst\u00fc performans ve dayan\u0131kl\u0131l\u0131k sa\u011flamak, sorunsuz ve verimli bir hidrolik direksiyon deneyimi sunmak \u00fczere tasarlanm\u0131\u015ft\u0131r.<\/p>\n<p>Hassas bir \u015fekilde tasarlanm\u0131\u015f ve en kaliteli malzemelerle \u00fcretilmi\u015f k\u00fc\u00e7\u00fck hidrolik direksiyon silindirlerimiz, e\u015fsiz g\u00fcvenilirlik ve uzun \u00f6m\u00fcr sunar. Kompakt otomobillerden hafif ticari ara\u00e7lara kadar, silindirlerimiz hidrolik direksiyon sistemlerinin zorlu gereksinimlerini kar\u015f\u0131lamak \u00fczere titizlikle \u00fcretilmi\u015ftir.<\/p>\n<p>Hassas kontrol valfi teknolojisi ve \u00fcst\u00fcn s\u0131zd\u0131rmazl\u0131k \u00f6zellikleri gibi geli\u015fmi\u015f \u00f6zellikleriyle silindirlerimiz, sorunsuz \u00e7al\u0131\u015fma ve verimli g\u00fc\u00e7 aktar\u0131m\u0131 sa\u011flar. Sonu\u00e7 olarak, arac\u0131n\u0131z\u0131 kolayl\u0131kla ve g\u00fcvenle manevra yapman\u0131za olanak tan\u0131yan, duyarl\u0131 ve zahmetsiz bir direksiyon deneyimi elde edersiniz.<\/p>\n<p>K\u00fc\u00e7\u00fck boyutlu hidrolik direksiyon silindirlerimiz yaln\u0131zca ola\u011fan\u00fcst\u00fc performans sunmakla kalmaz, ayn\u0131 zamanda kompaktl\u0131k da g\u00f6z \u00f6n\u00fcnde bulundurularak tasarlanm\u0131\u015ft\u0131r. K\u00fc\u00e7\u00fck boyutlar\u0131, \u00e7e\u015fitli ara\u00e7 modellerine ve konfig\u00fcrasyonlar\u0131na kolay kurulum ve entegrasyon sa\u011flar.<\/p>\n<p>FMP olarak, hidrolik direksiyon bile\u015fenleri s\u00f6z konusu oldu\u011funda kalite ve g\u00fcvenilirli\u011fin \u00f6nemini biliyoruz. Bu nedenle, k\u00fc\u00e7\u00fck hidrolik direksiyon silindirlerimiz, en y\u00fcksek end\u00fcstri standartlar\u0131n\u0131 kar\u015f\u0131lad\u0131\u011f\u0131ndan emin olmak i\u00e7in titiz test ve kalite g\u00fcvence s\u00fcre\u00e7lerinden ge\u00e7mektedir.<\/p>\n<p>FMP'nin e\u015fsiz kalitedeki k\u00fc\u00e7\u00fck hidrolik direksiyon silindirlerini deneyimleyin ve \u00fcst\u00fcn bir s\u00fcr\u00fc\u015f deneyiminin tad\u0131n\u0131 \u00e7\u0131kar\u0131n. Uzmanl\u0131\u011f\u0131m\u0131za g\u00fcvenin ve silindirlerimizin hidrolik direksiyon sisteminizin performans\u0131n\u0131 ve verimlili\u011fini art\u0131rmas\u0131na izin verin.<\/p>\n<p>G\u00fcvenebilece\u011finiz k\u00fc\u00e7\u00fck hidrolik direksiyon silindirleri i\u00e7in FMP'yi tercih edin. \u00dcr\u00fcnlerimiz ve arac\u0131n\u0131za nas\u0131l fayda sa\u011flayabilecekleri hakk\u0131nda daha fazla bilgi edinmek i\u00e7in bug\u00fcn bizimle ileti\u015fime ge\u00e7in.<\/p>\n<h2>Hidrolik Silindirlere K\u0131sa Bir Giri\u015f<\/h2>\n<p>Hidrolik silindirler, y\u00fczy\u0131llara yay\u0131lan uzun bir ge\u00e7mi\u015fe sahip, makinelerin ayr\u0131lmaz bile\u015fenleridir. \u0130lk olarak 19. y\u00fczy\u0131l\u0131n ba\u015flar\u0131nda geli\u015ftirilen hidrolik silindirler, her biri farkl\u0131 uygulamalara ve sekt\u00f6rlere uygun \u00e7ok say\u0131da t\u00fcr ve s\u0131n\u0131fland\u0131rmaya evrilmi\u015ftir.<\/p>\n<p><img decoding=\"async\" src=\"https:\/\/hzpt.com\/wp-content\/uploads\/2023\/11\/Steering-Hydraulic-Cylinder-5.webp\" alt=\"\" title=\"\"><\/p>\n<h3>Hidrolik Silindirlerin Avantajlar\u0131<\/h3>\n<p>Muazzam g\u00fc\u00e7leriyle bilinen hidrolik silindirler, kompakt tasar\u0131mlar\u0131nda y\u00fcksek d\u00fczeyde kuvvet sa\u011flayarak a\u011f\u0131r makineler i\u00e7in idealdir. Ayr\u0131ca, \u00e7al\u0131\u015fma s\u0131ras\u0131nda minimum enerji kayb\u0131yla inan\u0131lmaz derecede verimlidirler. Dahas\u0131, hidrolik silindirler dayan\u0131kl\u0131d\u0131r ve az bak\u0131m gerektirir, bu da bir\u00e7ok end\u00fcstriyel uygulama i\u00e7in uygun maliyetli bir \u00e7\u00f6z\u00fcm sunar.<\/p>\n<h3>Kurulum, Onar\u0131m ve Bak\u0131m<\/h3>\n<p>Hidrolik silindirlerin montaj\u0131 hassasiyet ve uzmanl\u0131k gerektirir; yanl\u0131\u015f montaj ar\u0131zalara ve g\u00fcvenlik risklerine yol a\u00e7abilir. Silindirlerin uzun \u00f6m\u00fcrl\u00fc ve optimum performans g\u00f6stermesi i\u00e7in d\u00fczenli bak\u0131m ve zaman\u0131nda onar\u0131m da \u00e7ok \u00f6nemlidir.<\/p>\n<h2>Do\u011fru Hidrolik Silindiri Se\u00e7me<\/h2>\n<p>Do\u011fru hidrolik silindiri se\u00e7mek, gerekli kuvvet, strok uzunlu\u011fu ve \u00e7al\u0131\u015fma ortam\u0131 gibi \u00e7e\u015fitli fakt\u00f6rleri g\u00f6z \u00f6n\u00fcnde bulundurmay\u0131 gerektirir. \u00d6rne\u011fin, uzun stroklu bir hidrolik silindir, daha geni\u015f bir hareket aral\u0131\u011f\u0131 gerektiren uygulamalar i\u00e7in idealdir, hidrolik direksiyon silindiri ise direksiyon mekanizmalar\u0131 i\u00e7in tasarlanm\u0131\u015ft\u0131r.<\/p>\n<h3>Hidrolik Silindirler Ne Zaman ve Nas\u0131l De\u011fi\u015ftirilir?<\/h3>\n<p>Hidrolik silindirler a\u015f\u0131nma, y\u0131pranma veya hasar belirtileri g\u00f6sterdiklerinde veya art\u0131k gerekli kuvveti sa\u011flamad\u0131klar\u0131nda de\u011fi\u015ftirilmelidir. De\u011fi\u015ftirme i\u015flemi, eski silindirin \u00e7\u0131kar\u0131lmas\u0131 ve yenisinin tak\u0131lmas\u0131n\u0131 i\u00e7erir; bu i\u015flem, g\u00fcvenlik ve verimlilik sa\u011flamak i\u00e7in bir profesyonel taraf\u0131ndan yap\u0131lmal\u0131d\u0131r.<\/p>\n<p><img decoding=\"async\" src=\"https:\/\/hzpt.com\/wp-content\/uploads\/2023\/11\/Steering-Hydraulic-Cylinder-4.webp\" alt=\"\" title=\"\"><\/p>\n<h2>Direksiyon Hidrolik Silindirinin Uygulamas\u0131<\/h2>\n<p>Direksiyon hidrolik silindirleri, \u00e7e\u015fitli ara\u00e7 tiplerindeki direksiyon sistemlerinin temel bile\u015fenleridir. Direksiyon akt\u00fcat\u00f6rleri olarak da bilinen bu silindirler, direksiyon pompas\u0131 taraf\u0131ndan \u00fcretilen enerjiyi, arac\u0131n tekerleklerinin y\u00f6n\u00fcn\u00fc de\u011fi\u015ftirmek i\u00e7in kullan\u0131labilen do\u011frusal harekete d\u00f6n\u00fc\u015ft\u00fcrmeye yard\u0131mc\u0131 olur. Direksiyon hidrolik silindirlerinin baz\u0131 uygulamalar\u0131 \u015funlard\u0131r:<\/p>\n<ol>\n<li>A\u011f\u0131r vas\u0131talar:\n<p>Direksiyon hidrolik silindirleri, kamyon, otob\u00fcs ve in\u015faat makineleri gibi a\u011f\u0131r hizmet tipi ara\u00e7larda yayg\u0131n olarak kullan\u0131l\u0131r. Bu ara\u00e7lar\u0131n direksiyonunu \u00e7evirmek i\u00e7in \u00e7ok fazla kuvvet gerekir ve bir hidrolik silindir, ara\u00e7 y\u00fckl\u00fc olsa bile tekerlekleri d\u00f6nd\u00fcrmek i\u00e7in gerekli g\u00fcc\u00fc \u00fcretebilir. Hidrolik sistem ayr\u0131ca direksiyon mekanizmas\u0131 \u00fczerinde daha hassas kontrol sa\u011flayarak s\u00fcr\u00fcc\u00fclerin b\u00fcy\u00fck ve kullan\u0131m\u0131 zor ara\u00e7larda daha kolay hareket etmesini sa\u011flar.<\/li>\n<li>Arazi ara\u00e7lar\u0131:\n<p>ATV, kum arabas\u0131 ve arazi motosikleti gibi arazi ara\u00e7lar\u0131 da direksiyon hidrolik silindirlerinden faydalan\u0131r. Bu ara\u00e7lar genellikle geleneksel direksiyon mekanizmalar\u0131n\u0131n etkili olmayabilece\u011fi engebeli arazilerde \u00e7al\u0131\u015f\u0131r. Hidrolik silindirler, engellerin \u00fczerinden ge\u00e7mek ve ara\u00e7 \u00fczerinde kontrol\u00fc korumak i\u00e7in gerekli g\u00fcc\u00fc ve hassasiyeti sa\u011flayabilir.<\/li>\n<li>Deniz ve havac\u0131l\u0131k uygulamalar\u0131:\n<p>Direksiyon hidrolik silindirleri yaln\u0131zca kara ta\u015f\u0131tlar\u0131yla s\u0131n\u0131rl\u0131 de\u011fildir. Tekne ve gemi gibi deniz uygulamalar\u0131nda ve uzay ara\u00e7lar\u0131 ve u\u00e7aklar gibi havac\u0131l\u0131k teknolojisinde de kullan\u0131l\u0131rlar. Bu ortamlarda, hidrolik silindirler d\u00fcmenlerin, kanat\u00e7\u0131klar\u0131n ve gemi veya u\u00e7a\u011f\u0131n y\u00f6nlendirilmesine yard\u0131mc\u0131 olan di\u011fer kontrol y\u00fczeylerinin y\u00f6n\u00fcn\u00fc de\u011fi\u015ftirmek i\u00e7in kullan\u0131l\u0131r.<\/li>\n<li>End\u00fcstriyel ekipman:\n<p>Hidrolik silindirler, \u00e7e\u015fitli end\u00fcstriyel ortamlarda direksiyon ve di\u011fer uygulamalar i\u00e7in de kullan\u0131l\u0131r. \u00d6rne\u011fin, vin\u00e7leri, forkliftleri veya di\u011fer a\u011f\u0131r makineleri y\u00f6nlendirmek i\u00e7in kullan\u0131labilirler. Bu ortamlarda, hidrolik silindirler b\u00fcy\u00fck y\u00fckleri hareket ettirmek veya dar alanlarda \u00e7al\u0131\u015fmak i\u00e7in gerekli g\u00fcc\u00fc ve hassasiyeti sa\u011flayabilir.<\/li>\n<li>\u00d6zel uygulamalar:\n<p>Bu yayg\u0131n uygulamalara ek olarak, direksiyon hidrolik silindirleri \u00e7e\u015fitli \u00f6zel ortamlarda da kullan\u0131labilir. \u00d6rne\u011fin, benzersiz bir direksiyon mekanizmas\u0131 gerektiren deneysel ara\u00e7larda veya prototiplerde kullan\u0131labilirler. Ayr\u0131ca, hassas ve kontroll\u00fc hareket gerektiren sanatsal enstalasyonlarda veya kinetik heykellerde de kullan\u0131labilirler.<\/li>\n<\/ol>\n<p>G\u00f6rd\u00fc\u011f\u00fcn\u00fcz gibi, direksiyon hidrolik silindirleri \u00e7e\u015fitli end\u00fcstri ve ortamlarda geni\u015f bir uygulama yelpazesine sahiptir. \u0130ster a\u011f\u0131r vas\u0131talarda, ister arazi ara\u00e7lar\u0131nda, ister denizcilik ve havac\u0131l\u0131k uygulamalar\u0131nda, ister end\u00fcstriyel ekipmanlarda veya \u00f6zel uygulamalarda kullan\u0131ls\u0131n, bu silindirler etkili bir \u015fekilde y\u00f6nlendirmek i\u00e7in gerekli g\u00fcc\u00fc, hassasiyeti ve kontrol\u00fc sa\u011flar.<\/p>\n<h2>FMP Hakk\u0131nda<\/h2>\n<p>FMP, in\u015faat makineleri i\u00e7in y\u00fcksek kaliteli hidrolik silindirler, silindir kitleri ve bile\u015fenlerinin lider \u00fcreticisi ve da\u011f\u0131t\u0131c\u0131s\u0131d\u0131r. Uzun y\u0131llara dayanan sekt\u00f6r deneyimimiz ve profesyonel ekibimizle, m\u00fc\u015fterilerimize in\u015faat makineleri ihtiya\u00e7lar\u0131na g\u00fcvenilir ve verimli \u00e7\u00f6z\u00fcmler sunmaya kararl\u0131y\u0131z.<\/p>\n<p>FMP'yi se\u00e7meniz i\u00e7in be\u015f neden:<\/p>\n<ol>\n<li><strong>Y\u00fcksek kaliteli hidrolik silindirler:<\/strong> Hidrolik silindirlerimizi hassas m\u00fchendislikle \u00fcretiyoruz. Kaliteye olan sars\u0131lmaz ba\u011fl\u0131l\u0131\u011f\u0131m\u0131z, yaln\u0131zca en y\u00fcksek kaliteli hammaddeleri kullanmam\u0131z\u0131 ve bitmi\u015f \u00fcr\u00fcnlerin sekt\u00f6r standartlar\u0131n\u0131 kar\u015f\u0131lad\u0131\u011f\u0131ndan ve hatta a\u015ft\u0131\u011f\u0131ndan emin olmak i\u00e7in s\u0131k\u0131 kalite kontrolleri ger\u00e7ekle\u015ftirmemizi sa\u011flar.<\/li>\n<li><strong>Geni\u015f \u00fcr\u00fcn yelpazesi:<\/strong> \u00dcr\u00fcn yelpazemiz her t\u00fcrl\u00fc in\u015faat makinesi ve aksesuarlar\u0131n\u0131 kapsamaktad\u0131r. \u00c7e\u015fitli hidrolik silindirler, \u015fanz\u0131manlar, zincirler, zincir di\u015flileri, motor aksesuarlar\u0131, hidrolik sistem bile\u015fenleri, \u015fasi aksesuarlar\u0131 ve elektrik sistemi aksesuarlar\u0131 sunuyoruz.<\/li>\n<li><strong>Kurulan ortakl\u0131klar:<\/strong> Bir\u00e7ok y\u00fcksek kaliteli yerli ve yabanc\u0131 tedarik\u00e7iyle uzun vadeli ve istikrarl\u0131 ortakl\u0131klar kurduk. Bu sayede, tedarik etti\u011fimiz t\u00fcm aksesuarlar\u0131n s\u0131k\u0131 kalite standartlar\u0131m\u0131z\u0131 kar\u015f\u0131lamas\u0131n\u0131 sa\u011fl\u0131yoruz.<\/li>\n<li><strong>Deneyimli sat\u0131\u015f ekibi:<\/strong> Sat\u0131\u015f ekibimiz, in\u015faat makineleri sekt\u00f6r\u00fcnde uzun y\u0131llara dayanan deneyim ve bilgiye sahiptir. Bilin\u00e7li kararlar alman\u0131za yard\u0131mc\u0131 olmak i\u00e7in profesyonel \u00fcr\u00fcn dan\u0131\u015fmanl\u0131\u011f\u0131 ve ak\u0131ll\u0131 sat\u0131n alma tavsiyeleri sunabilirler.<\/li>\n<li><strong>Verimli lojistik da\u011f\u0131t\u0131m sistemi:<\/strong> M\u00fc\u015fterilerimizin ihtiya\u00e7 duyduklar\u0131 par\u00e7alar\u0131 zaman\u0131nda ve do\u011fru bir \u015fekilde alabilmelerini sa\u011flamak i\u00e7in etkin bir lojistik da\u011f\u0131t\u0131m sistemine sahibiz.<\/li>\n<\/ol>\n<p><img decoding=\"async\" src=\"https:\/\/fmp-components.com\/wp-content\/uploads\/2025\/01\/Dump-Truck-Trailer-Hydraulic-Cylinder-product-3-3.webp\" alt=\"Hidrolik silindir\" width=\"800\" title=\"\"><\/p>\n<p>FMP olarak, m\u00fc\u015fterilerimize y\u00fcksek kaliteli ve g\u00fcvenilir in\u015faat makinesi aksesuarlar\u0131 ve eksiksiz makine \u00e7\u00f6z\u00fcmleri sunmaya kararl\u0131y\u0131z. Modern fabrika tesislerimiz, CNC tak\u0131m tezgahlar\u0131m\u0131z, bilgisayar destekli tasar\u0131m\u0131m\u0131z, kalifiye \u00e7al\u0131\u015fanlar\u0131m\u0131z, hidrolik sistem uzmanlar\u0131m\u0131z, silindir montajc\u0131lar\u0131m\u0131z ve bayilerimizle, hidrolik silindir, silindir kiti ve bile\u015fen ihtiya\u00e7lar\u0131n\u0131z\u0131 kar\u015f\u0131lamak i\u00e7in tercih edilen orta\u011f\u0131z.<\/p>\n<p>Yazar: CX<\/p>","protected":false},"excerpt":{"rendered":"<p>Experience the Unmatched Quality of FMP&#8217;s Small Power Steering Hydraulic Cylinders At FMP, we take pride in providing our customers with the highest quality small power steering hydraulic cylinders. Our cylinders are designed to deliver exceptional performance and durability, ensuring a smooth and efficient power steering experience. Engineered with precision and built with the finest [&hellip;]<\/p>","protected":false},"featured_media":2787,"comment_status":"closed","ping_status":"closed","template":"","meta":{"_et_pb_use_builder":"","_et_pb_old_content":"","_et_gb_content_width":""},"product_brand":[],"product_cat":[67],"product_tag":[34,70],"class_list":{"0":"post-2786","1":"product","2":"type-product","3":"status-publish","4":"has-post-thumbnail","6":"product_cat-steering-hydraulic-cylinder","7":"product_tag-hydraulic-cylinder","8":"product_tag-steering-hydraulic-cylinder","10":"first","11":"instock","12":"product-type-simple"},"_links":{"self":[{"href":"https:\/\/fmp-components.com\/tr\/wp-json\/wp\/v2\/product\/2786","targetHints":{"allow":["GET"]}}],"collection":[{"href":"https:\/\/fmp-components.com\/tr\/wp-json\/wp\/v2\/product"}],"about":[{"href":"https:\/\/fmp-components.com\/tr\/wp-json\/wp\/v2\/types\/product"}],"replies":[{"embeddable":true,"href":"https:\/\/fmp-components.com\/tr\/wp-json\/wp\/v2\/comments?post=2786"}],"wp:featuredmedia":[{"embeddable":true,"href":"https:\/\/fmp-components.com\/tr\/wp-json\/wp\/v2\/media\/2787"}],"wp:attachment":[{"href":"https:\/\/fmp-components.com\/tr\/wp-json\/wp\/v2\/media?parent=2786"}],"wp:term":[{"taxonomy":"product_brand","embeddable":true,"href":"https:\/\/fmp-components.com\/tr\/wp-json\/wp\/v2\/product_brand?post=2786"},{"taxonomy":"product_cat","embeddable":true,"href":"https:\/\/fmp-components.com\/tr\/wp-json\/wp\/v2\/product_cat?post=2786"},{"taxonomy":"product_tag","embeddable":true,"href":"https:\/\/fmp-components.com\/tr\/wp-json\/wp\/v2\/product_tag?post=2786"}],"curies":[{"name":"wp","href":"https:\/\/api.w.org\/{rel}","templated":true}]}}