{"id":2775,"date":"2025-01-04T05:22:33","date_gmt":"2025-01-04T05:22:33","guid":{"rendered":"https:\/\/fmp-components.com\/product\/professional-craftsmanship-small-hydraulic-cylinder-trailer-tractor-power-steering-cylinde\/"},"modified":"2025-03-18T01:41:41","modified_gmt":"2025-03-18T01:41:41","slug":"professional-craftsmanship-small-hydraulic-cylinder-trailer-tractor-power-steering-cylinde","status":"publish","type":"product","link":"https:\/\/fmp-components.com\/tr\/product\/professional-craftsmanship-small-hydraulic-cylinder-trailer-tractor-power-steering-cylinde\/","title":{"rendered":"Profesyonel \u0130\u015f\u00e7ilik K\u00fc\u00e7\u00fck Hidrolik Silindir R\u00f6mork Trakt\u00f6r Hidrolik Direksiyon Silindiri"},"content":{"rendered":"<h2>\u00d6zelle\u015ftirilmi\u015f 10 Tonluk Hidrolik Piston Silindiri<\/h2>\n<p>\u00d6zelle\u015ftirilmi\u015f 10 Tonluk Hidrolik Piston Silindiri, end\u00fcstriyel uygulamalar i\u00e7in vazge\u00e7ilmez bir ara\u00e7t\u0131r. Bu silindir, a\u011f\u0131r hizmet tipi makine ve ekipmanlara g\u00fcvenilir ve verimli g\u00fc\u00e7 sa\u011flamak \u00fczere \u00f6zel olarak tasarlanm\u0131\u015ft\u0131r. Maksimum 10 ton y\u00fck kapasitesiyle, \u00fcretim tesisleri, \u015fantiyeler ve madencilik operasyonlar\u0131 dahil olmak \u00fczere \u00e7e\u015fitli end\u00fcstriyel ortamlarda kullan\u0131m i\u00e7in idealdir.<\/p>\n<p>Bu hidrolik piston silindiri, operasyonunuzun \u00f6zel ihtiya\u00e7lar\u0131n\u0131 kar\u015f\u0131lamak \u00fczere son derece \u00f6zelle\u015ftirilebilir. A\u015f\u0131nma ve y\u0131pranmaya dayan\u0131kl\u0131, dayan\u0131kl\u0131 bir yap\u0131ya sahip olup uzun bir kullan\u0131m \u00f6mr\u00fc sunar. Ayr\u0131ca, en zorlu ko\u015fullarda bile sorunsuz ve tutarl\u0131 bir \u015fekilde \u00e7al\u0131\u015fmas\u0131n\u0131 sa\u011flamak i\u00e7in hassas m\u00fchendislikle tasarlanm\u0131\u015ft\u0131r.<\/p>\n<p>Kompakt ve hafif tasar\u0131m\u0131yla bu hidrolik piston silindirinin montaj\u0131 ve bak\u0131m\u0131 kolayd\u0131r. Ayr\u0131ca, her zaman g\u00fcvenli ve g\u00fcvenilir bir \u015fekilde \u00e7al\u0131\u015fmas\u0131n\u0131 sa\u011flamak i\u00e7in bas\u0131n\u00e7 tahliye valfleri ve a\u015f\u0131r\u0131 bas\u0131n\u00e7 korumas\u0131 gibi bir dizi g\u00fcvenlik \u00f6zelli\u011fine sahiptir.<\/p>\n<p>End\u00fcstriyel uygulamalar\u0131n\u0131z i\u00e7in g\u00fcvenilir ve \u00e7ok y\u00f6nl\u00fc bir hidrolik piston silindiri ar\u0131yorsan\u0131z, \u00d6zelle\u015ftirilmi\u015f 10 Tonluk Hidrolik Piston Silindiri m\u00fckemmel bir se\u00e7imdir.<\/p>\n<p><img decoding=\"async\" src=\"https:\/\/hzpt.com\/wp-content\/uploads\/2023\/11\/Steering-Hydraulic-Cylinder-4.webp\" alt=\"\" title=\"\"><\/p>\n<h2>Hidrolik Silindirlerin K\u0131sa Tarihi ve S\u0131n\u0131fland\u0131r\u0131lmas\u0131<\/h2>\n<p>Hidrolik silindirler, ortaya \u00e7\u0131kt\u0131klar\u0131 g\u00fcnden bu yana \u00f6nemli \u00f6l\u00e7\u00fcde geli\u015fmi\u015ftir. G\u00fcn\u00fcm\u00fczde hidrolik e\u011fim silindirleri, direksiyon silindirleri ve kald\u0131rma silindirleri de dahil olmak \u00fczere \u00e7ok say\u0131da \u00e7e\u015fidi bulunmaktad\u0131r. Her bir tip, \u00e7e\u015fitli end\u00fcstrilerde benzersiz bir amaca hizmet eder.<\/p>\n<h2>Hidrolik Silindirlerin Avantajlar\u0131<\/h2>\n<ul>\n<li>Verimli g\u00fc\u00e7 iletimi<\/li>\n<li>Y\u00fcksek kuvvet \u00fcretimi<\/li>\n<li>Kompakt boyut ve a\u011f\u0131rl\u0131k<\/li>\n<li>Geni\u015f uygulama yelpazesi<\/li>\n<li>Kolay h\u0131z kontrol\u00fc<\/li>\n<\/ul>\n<h2>Kurulum, Onar\u0131m ve Bak\u0131m<\/h2>\n<p>Hidrolik silindirlerin do\u011fru montaj\u0131, onar\u0131m\u0131 ve bak\u0131m\u0131, performanslar\u0131 ve uzun \u00f6m\u00fcrleri i\u00e7in \u00e7ok \u00f6nemlidir. D\u00fczenli kontroller ve zaman\u0131nda yap\u0131lan de\u011fi\u015fimler, olas\u0131 ar\u0131zalar\u0131 ve maliyetli onar\u0131mlar\u0131 \u00f6nleyebilir.<\/p>\n<h3>Do\u011fru Hidrolik Ya\u011f ve Ya\u011f Ke\u00e7esi Nas\u0131l Se\u00e7ilir?<\/h3>\n<p>Hidrolik silindirlerin optimum \u00e7al\u0131\u015fmas\u0131 i\u00e7in do\u011fru hidrolik ya\u011f ve ya\u011f ke\u00e7esini se\u00e7mek \u00e7ok \u00f6nemlidir. \u00c7al\u0131\u015fma s\u0131cakl\u0131\u011f\u0131, bas\u0131n\u00e7 ve silindir tipi gibi fakt\u00f6rler dikkate al\u0131nmal\u0131d\u0131r.<\/p>\n<h3>Hidrolik Silindirler Ne Zaman ve Nas\u0131l De\u011fi\u015ftirilir?<\/h3>\n<p>Hidrolik silindirlerin s\u00fcrekli d\u00fc\u015f\u00fck performans g\u00f6stermesi veya g\u00f6zle g\u00f6r\u00fcl\u00fcr hasar g\u00f6rmesi durumunda de\u011fi\u015ftirilmesi gerekir. De\u011fi\u015ftirme i\u015flemi, eski silindirin \u00e7\u0131kar\u0131l\u0131p \u00fcreticinin talimatlar\u0131 do\u011frultusunda yenisinin tak\u0131lmas\u0131n\u0131 i\u00e7erir.<\/p>\n<h3>Uygun Bir G\u00fc\u00e7 \u00dcnitesi Se\u00e7imi<\/h3>\n<p>Uygun bir g\u00fc\u00e7 \u00fcnitesi, hidrolik silindirlerin \u00e7al\u0131\u015fmas\u0131 i\u00e7in olmazsa olmazd\u0131r. G\u00fc\u00e7 gereksinimleri, \u00e7al\u0131\u015fma ko\u015fullar\u0131 ve hidrolik silindirle uyumluluk gibi fakt\u00f6rleri g\u00f6z \u00f6n\u00fcnde bulundurun.<\/p>\n<p><img decoding=\"async\" src=\"https:\/\/hzpt.com\/wp-content\/uploads\/2023\/11\/agricultural-machinery-hydraulic-cylinder-4.webp\" alt=\"\" title=\"\"><\/p>\n<h2>Direksiyon Hidrolik Silindirinin Uygulamas\u0131<\/h2>\n<p>Direksiyon hidrolik silindirleri, \u00e7e\u015fitli ara\u00e7 tiplerindeki direksiyon sistemlerinin temel bile\u015fenleridir. Direksiyon akt\u00fcat\u00f6rleri olarak da bilinen bu silindirler, direksiyon pompas\u0131 taraf\u0131ndan \u00fcretilen enerjiyi, arac\u0131n tekerleklerinin y\u00f6n\u00fcn\u00fc de\u011fi\u015ftirmek i\u00e7in kullan\u0131labilen do\u011frusal harekete d\u00f6n\u00fc\u015ft\u00fcrmeye yard\u0131mc\u0131 olur. Direksiyon hidrolik silindirlerinin baz\u0131 uygulamalar\u0131 \u015funlard\u0131r:<\/p>\n<ol>\n<li>A\u011f\u0131r vas\u0131talar:\n<p>Direksiyon hidrolik silindirleri, kamyon, otob\u00fcs ve in\u015faat makineleri gibi a\u011f\u0131r hizmet tipi ara\u00e7larda yayg\u0131n olarak kullan\u0131l\u0131r. Bu ara\u00e7lar\u0131n direksiyonunu \u00e7evirmek i\u00e7in \u00e7ok fazla kuvvet gerekir ve bir hidrolik silindir, ara\u00e7 y\u00fckl\u00fc olsa bile tekerlekleri d\u00f6nd\u00fcrmek i\u00e7in gerekli g\u00fcc\u00fc \u00fcretebilir. Hidrolik sistem ayr\u0131ca direksiyon mekanizmas\u0131 \u00fczerinde daha hassas kontrol sa\u011flayarak s\u00fcr\u00fcc\u00fclerin b\u00fcy\u00fck ve kullan\u0131m\u0131 zor ara\u00e7larda daha kolay hareket etmesini sa\u011flar.<\/li>\n<li>Arazi ara\u00e7lar\u0131:\n<p>ATV, kum arabas\u0131 ve arazi motosikleti gibi arazi ara\u00e7lar\u0131 da direksiyon hidrolik silindirlerinden faydalan\u0131r. Bu ara\u00e7lar genellikle geleneksel direksiyon mekanizmalar\u0131n\u0131n etkili olmayabilece\u011fi engebeli arazilerde \u00e7al\u0131\u015f\u0131r. Hidrolik silindirler, engellerin \u00fczerinden ge\u00e7mek ve ara\u00e7 \u00fczerinde kontrol\u00fc korumak i\u00e7in gerekli g\u00fcc\u00fc ve hassasiyeti sa\u011flayabilir.<\/li>\n<li>Deniz ve havac\u0131l\u0131k uygulamalar\u0131:\n<p>Direksiyon hidrolik silindirleri yaln\u0131zca kara ta\u015f\u0131tlar\u0131yla s\u0131n\u0131rl\u0131 de\u011fildir. Tekne ve gemi gibi deniz uygulamalar\u0131nda ve uzay ara\u00e7lar\u0131 ve u\u00e7aklar gibi havac\u0131l\u0131k teknolojisinde de kullan\u0131l\u0131rlar. Bu ortamlarda, hidrolik silindirler d\u00fcmenlerin, kanat\u00e7\u0131klar\u0131n ve gemi veya u\u00e7a\u011f\u0131n y\u00f6nlendirilmesine yard\u0131mc\u0131 olan di\u011fer kontrol y\u00fczeylerinin y\u00f6n\u00fcn\u00fc de\u011fi\u015ftirmek i\u00e7in kullan\u0131l\u0131r.<\/li>\n<li>End\u00fcstriyel ekipman:\n<p>Hidrolik silindirler, \u00e7e\u015fitli end\u00fcstriyel ortamlarda direksiyon ve di\u011fer uygulamalar i\u00e7in de kullan\u0131l\u0131r. \u00d6rne\u011fin, vin\u00e7leri, forkliftleri veya di\u011fer a\u011f\u0131r makineleri y\u00f6nlendirmek i\u00e7in kullan\u0131labilirler. Bu ortamlarda, hidrolik silindirler b\u00fcy\u00fck y\u00fckleri hareket ettirmek veya dar alanlarda \u00e7al\u0131\u015fmak i\u00e7in gerekli g\u00fcc\u00fc ve hassasiyeti sa\u011flayabilir.<\/li>\n<li>\u00d6zel uygulamalar:\n<p>Bu yayg\u0131n uygulamalara ek olarak, direksiyon hidrolik silindirleri \u00e7e\u015fitli \u00f6zel ortamlarda da kullan\u0131labilir. \u00d6rne\u011fin, benzersiz bir direksiyon mekanizmas\u0131 gerektiren deneysel ara\u00e7larda veya prototiplerde kullan\u0131labilirler. Ayr\u0131ca, hassas ve kontroll\u00fc hareket gerektiren sanatsal enstalasyonlarda veya kinetik heykellerde de kullan\u0131labilirler.<\/li>\n<\/ol>\n<p>G\u00f6rd\u00fc\u011f\u00fcn\u00fcz gibi, direksiyon hidrolik silindirleri \u00e7e\u015fitli end\u00fcstri ve ortamlarda geni\u015f bir uygulama yelpazesine sahiptir. \u0130ster a\u011f\u0131r vas\u0131talarda, ister arazi ara\u00e7lar\u0131nda, ister denizcilik ve havac\u0131l\u0131k uygulamalar\u0131nda, ister end\u00fcstriyel ekipmanlarda veya \u00f6zel uygulamalarda kullan\u0131ls\u0131n, bu silindirler etkili bir \u015fekilde y\u00f6nlendirmek i\u00e7in gerekli g\u00fcc\u00fc, hassasiyeti ve kontrol\u00fc sa\u011flar.<\/p>\n<h2>FMP Hakk\u0131nda<\/h2>\n<p>FMP, in\u015faat makineleri i\u00e7in y\u00fcksek kaliteli hidrolik silindirler, silindir kitleri ve bile\u015fenlerinin lider \u00fcreticisi ve da\u011f\u0131t\u0131c\u0131s\u0131d\u0131r. Uzun y\u0131llara dayanan sekt\u00f6r deneyimimiz ve profesyonel ekibimizle, m\u00fc\u015fterilerimize in\u015faat makineleri ihtiya\u00e7lar\u0131na g\u00fcvenilir ve verimli \u00e7\u00f6z\u00fcmler sunmaya kararl\u0131y\u0131z.<\/p>\n<p>FMP'yi se\u00e7meniz i\u00e7in be\u015f neden:<\/p>\n<ol>\n<li><strong>Y\u00fcksek kaliteli hidrolik silindirler:<\/strong> Hidrolik silindirlerimizi hassas m\u00fchendislikle \u00fcretiyoruz. Kaliteye olan sars\u0131lmaz ba\u011fl\u0131l\u0131\u011f\u0131m\u0131z, yaln\u0131zca en y\u00fcksek kaliteli hammaddeleri kullanmam\u0131z\u0131 ve bitmi\u015f \u00fcr\u00fcnlerin sekt\u00f6r standartlar\u0131n\u0131 kar\u015f\u0131lad\u0131\u011f\u0131ndan ve hatta a\u015ft\u0131\u011f\u0131ndan emin olmak i\u00e7in s\u0131k\u0131 kalite kontrolleri ger\u00e7ekle\u015ftirmemizi sa\u011flar.<\/li>\n<li><strong>Geni\u015f \u00fcr\u00fcn yelpazesi:<\/strong> \u00dcr\u00fcn yelpazemiz her t\u00fcrl\u00fc in\u015faat makinesi ve aksesuarlar\u0131n\u0131 kapsamaktad\u0131r. \u00c7e\u015fitli hidrolik silindirler, \u015fanz\u0131manlar, zincirler, zincir di\u015flileri, motor aksesuarlar\u0131, hidrolik sistem bile\u015fenleri, \u015fasi aksesuarlar\u0131 ve elektrik sistemi aksesuarlar\u0131 sunuyoruz.<\/li>\n<li><strong>Kurulan ortakl\u0131klar:<\/strong> Bir\u00e7ok y\u00fcksek kaliteli yerli ve yabanc\u0131 tedarik\u00e7iyle uzun vadeli ve istikrarl\u0131 ortakl\u0131klar kurduk. Bu sayede, tedarik etti\u011fimiz t\u00fcm aksesuarlar\u0131n s\u0131k\u0131 kalite standartlar\u0131m\u0131z\u0131 kar\u015f\u0131lamas\u0131n\u0131 sa\u011fl\u0131yoruz.<\/li>\n<li><strong>Deneyimli sat\u0131\u015f ekibi:<\/strong> Sat\u0131\u015f ekibimiz, in\u015faat makineleri sekt\u00f6r\u00fcnde uzun y\u0131llara dayanan deneyim ve bilgiye sahiptir. Bilin\u00e7li kararlar alman\u0131za yard\u0131mc\u0131 olmak i\u00e7in profesyonel \u00fcr\u00fcn dan\u0131\u015fmanl\u0131\u011f\u0131 ve ak\u0131ll\u0131 sat\u0131n alma tavsiyeleri sunabilirler.<\/li>\n<li><strong>Verimli lojistik da\u011f\u0131t\u0131m sistemi:<\/strong> M\u00fc\u015fterilerimizin ihtiya\u00e7 duyduklar\u0131 par\u00e7alar\u0131 zaman\u0131nda ve do\u011fru bir \u015fekilde alabilmelerini sa\u011flamak i\u00e7in etkin bir lojistik da\u011f\u0131t\u0131m sistemine sahibiz.<\/li>\n<\/ol>\n<p><img decoding=\"async\" src=\"https:\/\/fmp-components.com\/wp-content\/uploads\/2025\/01\/Dump-Truck-Trailer-Hydraulic-Cylinder-product-3-3.webp\" alt=\"Hidrolik silindir\" width=\"800\" title=\"\"><\/p>\n<p>FMP olarak, m\u00fc\u015fterilerimize y\u00fcksek kaliteli ve g\u00fcvenilir in\u015faat makinesi aksesuarlar\u0131 ve eksiksiz makine \u00e7\u00f6z\u00fcmleri sunmaya kararl\u0131y\u0131z. Modern fabrika tesislerimiz, CNC tak\u0131m tezgahlar\u0131m\u0131z, bilgisayar destekli tasar\u0131m\u0131m\u0131z, kalifiye \u00e7al\u0131\u015fanlar\u0131m\u0131z, hidrolik sistem uzmanlar\u0131m\u0131z, silindir montajc\u0131lar\u0131m\u0131z ve bayilerimizle, hidrolik silindir, silindir kiti ve bile\u015fen ihtiya\u00e7lar\u0131n\u0131z\u0131 kar\u015f\u0131lamak i\u00e7in tercih edilen orta\u011f\u0131z.<\/p>\n<p>Yazar: CX<\/p>","protected":false},"excerpt":{"rendered":"<p>Customized 10 Ton Hydraulic Piston Cylinder Customized 10 Ton Hydraulic Piston Cylinder is an essential tool for industrial applications. This cylinder is specifically designed to provide reliable and efficient power for heavy-duty machinery and equipment. With a maximum load capacity of 10 tons, it is ideal for use in a variety of industrial settings, including [&hellip;]<\/p>","protected":false},"featured_media":2776,"comment_status":"closed","ping_status":"closed","template":"","meta":{"_et_pb_use_builder":"","_et_pb_old_content":"","_et_gb_content_width":""},"product_brand":[],"product_cat":[67],"product_tag":[34,70],"class_list":{"0":"post-2775","1":"product","2":"type-product","3":"status-publish","4":"has-post-thumbnail","6":"product_cat-steering-hydraulic-cylinder","7":"product_tag-hydraulic-cylinder","8":"product_tag-steering-hydraulic-cylinder","10":"first","11":"instock","12":"product-type-simple"},"_links":{"self":[{"href":"https:\/\/fmp-components.com\/tr\/wp-json\/wp\/v2\/product\/2775","targetHints":{"allow":["GET"]}}],"collection":[{"href":"https:\/\/fmp-components.com\/tr\/wp-json\/wp\/v2\/product"}],"about":[{"href":"https:\/\/fmp-components.com\/tr\/wp-json\/wp\/v2\/types\/product"}],"replies":[{"embeddable":true,"href":"https:\/\/fmp-components.com\/tr\/wp-json\/wp\/v2\/comments?post=2775"}],"wp:featuredmedia":[{"embeddable":true,"href":"https:\/\/fmp-components.com\/tr\/wp-json\/wp\/v2\/media\/2776"}],"wp:attachment":[{"href":"https:\/\/fmp-components.com\/tr\/wp-json\/wp\/v2\/media?parent=2775"}],"wp:term":[{"taxonomy":"product_brand","embeddable":true,"href":"https:\/\/fmp-components.com\/tr\/wp-json\/wp\/v2\/product_brand?post=2775"},{"taxonomy":"product_cat","embeddable":true,"href":"https:\/\/fmp-components.com\/tr\/wp-json\/wp\/v2\/product_cat?post=2775"},{"taxonomy":"product_tag","embeddable":true,"href":"https:\/\/fmp-components.com\/tr\/wp-json\/wp\/v2\/product_tag?post=2775"}],"curies":[{"name":"wp","href":"https:\/\/api.w.org\/{rel}","templated":true}]}}