{"id":2773,"date":"2025-01-04T05:22:33","date_gmt":"2025-01-04T05:22:33","guid":{"rendered":"https:\/\/fmp-components.com\/product\/premium-quality-hydraulic-steering-cylinder-hydraulic-cylinder-for-agriculture-trailer\/"},"modified":"2025-03-18T01:41:03","modified_gmt":"2025-03-18T01:41:03","slug":"premium-quality-hydraulic-steering-cylinder-hydraulic-cylinder-for-agriculture-trailer","status":"publish","type":"product","link":"https:\/\/fmp-components.com\/tr\/product\/premium-quality-hydraulic-steering-cylinder-hydraulic-cylinder-for-agriculture-trailer\/","title":{"rendered":"Tar\u0131m R\u00f6morku \u0130\u00e7in Premium Kalite Hidrolik Direksiyon Silindiri Hidrolik Silindiri"},"content":{"rendered":"<h2>Profesyonel \u0130\u015f\u00e7ilik K\u00fc\u00e7\u00fck Hidrolik Silindir R\u00f6mork Trakt\u00f6r Hidrolik Direksiyon Silindiri<\/h2>\n<p>Profesyonel \u0130\u015f\u00e7ilik K\u00fc\u00e7\u00fck Hidrolik Silindir R\u00f6mork Trakt\u00f6r Hidrolik Direksiyon Silindiri, r\u00f6mork ve trakt\u00f6rlerde kullan\u0131lmak \u00fczere tasarlanm\u0131\u015f y\u00fcksek kaliteli bir bile\u015fendir. K\u00fc\u00e7\u00fck boyutu ve g\u00fc\u00e7l\u00fc hidrolik \u00f6zellikleriyle bu silindir, \u00e7e\u015fitli tar\u0131msal ve end\u00fcstriyel uygulamalardaki direksiyon sistemleri i\u00e7in m\u00fckemmeldir.<\/p>\n<p>Profesyonel i\u015f\u00e7ilikle \u00fcretilen bu silindir, hassasiyet ve detaylara g\u00f6sterilen \u00f6zenle \u00fcretilmi\u015ftir. A\u011f\u0131r y\u00fcklere ve zorlu ko\u015fullara dayanacak \u015fekilde tasarlanm\u0131\u015f olup, g\u00fcvenilir performans ve dayan\u0131kl\u0131l\u0131k sa\u011flar. \u0130ster a\u011f\u0131r y\u00fck ta\u015f\u0131yor olun ister dar alanlarda manevra yap\u0131yor olun, bu hidrolik direksiyon silindiri sorunsuz ve verimli bir direksiyon kontrol\u00fc sa\u011flayacakt\u0131r.<\/p>\n<p>Bu silindirin hidrolik sistemi, kolay ve hassas direksiyon ayarlar\u0131na olanak tan\u0131r. Tutarl\u0131 g\u00fc\u00e7 ve tepkisellik sunarak y\u00fcksek bas\u0131n\u00e7 alt\u0131nda bile sorunsuz \u00e7al\u0131\u015fmay\u0131 garanti eder. Kompakt tasar\u0131m\u0131, kurulum ve bak\u0131m\u0131 zahmetsiz hale getirerek zamandan ve emekten tasarruf etmenizi sa\u011flar.<\/p>\n<p>Ola\u011fan\u00fcst\u00fc kalitesi ve \u00fcst\u00fcn performans\u0131yla, Profesyonel \u0130\u015f\u00e7ilik K\u00fc\u00e7\u00fck Hidrolik Silindirli R\u00f6mork Trakt\u00f6r Hidrolik Direksiyon Silindiri, her t\u00fcrl\u00fc tar\u0131msal veya end\u00fcstriyel uygulama i\u00e7in g\u00fcvenilir bir se\u00e7imdir. Bu \u00fcst d\u00fczey silindire yat\u0131r\u0131m yap\u0131n ve daha \u00f6nce hi\u00e7 olmad\u0131\u011f\u0131 kadar geli\u015fmi\u015f direksiyon kontrol\u00fc ve verimlili\u011fini deneyimleyin.<\/p>\n<h2>Hidrolik Direksiyon Silindirleri<\/h2>\n<p>Hidrolik direksiyon silindirleri, tar\u0131m r\u00f6morklar\u0131 da dahil olmak \u00fczere mobil makinelerde hayati bir rol oynar. Bu silindirler, hidrolik g\u00fcc\u00fc mekanik g\u00fcce d\u00f6n\u00fc\u015ft\u00fcrerek a\u011f\u0131r ekipmanlar\u0131 y\u00f6nlendirmek i\u00e7in gerekli kuvveti sa\u011flar.<\/p>\n<h3>Hidrolik Direksiyon Silindirlerinin Tarih\u00e7esi<\/h3>\n<p>Hidrolik direksiyon silindirlerinin ge\u00e7mi\u015fi 18. y\u00fczy\u0131l\u0131n sonlar\u0131na kadar uzan\u0131r. O zamandan beri tasar\u0131mlar\u0131, i\u015flevleri ve uygulamalar\u0131 geli\u015ferek, modern mobil makinelerin ayr\u0131lmaz bir par\u00e7as\u0131 haline gelmi\u015ftir.<\/p>\n<p><img decoding=\"async\" src=\"https:\/\/hzpt.com\/wp-content\/uploads\/2023\/11\/Steering-Hydraulic-Cylinder-2.webp\" alt=\"Hidrolik Direksiyon Silindiri G\u00f6rseli\" title=\"\"><\/p>\n<h3>Hidrolik Direksiyon Silindirlerinin \u00c7e\u015fitleri<\/h3>\n<p>Hidrolik direksiyon silindirleri, yap\u0131lar\u0131, g\u00fc\u00e7leri, g\u00f6vde malzemeleri ve daha bir\u00e7ok fakt\u00f6re g\u00f6re farkl\u0131 tiplere ayr\u0131l\u0131r. \u0130ki ana tip, piston silindirleri ve standart veya standart d\u0131\u015f\u0131 silindirlerdir.<\/p>\n<h3>Hidrolik Direksiyon Silindirlerinin Avantajlar\u0131<\/h3>\n<p>Hidrolik direksiyon silindirleri y\u00fcksek g\u00fc\u00e7 \u00e7\u0131k\u0131\u015f\u0131, hassas kontrol ve inan\u0131lmaz dayan\u0131kl\u0131l\u0131k sunar. Ayr\u0131ca montaj\u0131 kolayd\u0131r ve minimum bak\u0131m gerektirir.<\/p>\n<h2>Do\u011fru Hidrolik Direksiyon Silindirini Se\u00e7me<\/h2>\n<p>Makineniz i\u00e7in do\u011fru hidrolik direksiyon silindirini se\u00e7mek; g\u00fc\u00e7, g\u00f6vde malzemesi, silindir \u00e7ap\u0131, rot \u00e7ap\u0131, strok boyutu ve daha fazlas\u0131 gibi fakt\u00f6rlerin dikkate al\u0131nmas\u0131n\u0131 gerektirir. Ayr\u0131ca, silindirin makinenizin kullan\u0131m amac\u0131na uygun oldu\u011fundan emin olmak da \u00f6nemlidir.<\/p>\n<h3>Hidrolik Direksiyon Silindirinizi Ne Zaman De\u011fi\u015ftirmelisiniz?<\/h3>\n<p>Hidrolik direksiyon silindirlerinizin optimum performans g\u00f6stermesi i\u00e7in d\u00fczenli bak\u0131m ve muayene \u015fartt\u0131r. Silindirinizin de\u011fi\u015ftirilmesi gerekti\u011fini g\u00f6steren i\u015faretler aras\u0131nda s\u0131v\u0131 s\u0131z\u0131nt\u0131lar\u0131, direksiyon zorlu\u011fu ve makine performans\u0131n\u0131n d\u00fc\u015fmesi yer al\u0131r.<\/p>\n<h2>Direksiyon Hidrolik Silindirinin Uygulamas\u0131<\/h2>\n<p>Direksiyon hidrolik silindirleri, \u00e7e\u015fitli ara\u00e7 tiplerindeki direksiyon sistemlerinin temel bile\u015fenleridir. Direksiyon akt\u00fcat\u00f6rleri olarak da bilinen bu silindirler, direksiyon pompas\u0131 taraf\u0131ndan \u00fcretilen enerjiyi, arac\u0131n tekerleklerinin y\u00f6n\u00fcn\u00fc de\u011fi\u015ftirmek i\u00e7in kullan\u0131labilen do\u011frusal harekete d\u00f6n\u00fc\u015ft\u00fcrmeye yard\u0131mc\u0131 olur. Direksiyon hidrolik silindirlerinin baz\u0131 uygulamalar\u0131 \u015funlard\u0131r:<\/p>\n<ol>\n<li>A\u011f\u0131r vas\u0131talar:\n<p>Direksiyon hidrolik silindirleri, kamyon, otob\u00fcs ve in\u015faat makineleri gibi a\u011f\u0131r hizmet tipi ara\u00e7larda yayg\u0131n olarak kullan\u0131l\u0131r. Bu ara\u00e7lar\u0131n direksiyonunu \u00e7evirmek i\u00e7in \u00e7ok fazla kuvvet gerekir ve bir hidrolik silindir, ara\u00e7 y\u00fckl\u00fc olsa bile tekerlekleri d\u00f6nd\u00fcrmek i\u00e7in gerekli g\u00fcc\u00fc \u00fcretebilir. Hidrolik sistem ayr\u0131ca direksiyon mekanizmas\u0131 \u00fczerinde daha hassas kontrol sa\u011flayarak s\u00fcr\u00fcc\u00fclerin b\u00fcy\u00fck ve kullan\u0131m\u0131 zor ara\u00e7larda daha kolay hareket etmesini sa\u011flar.<\/li>\n<li>Arazi ara\u00e7lar\u0131:\n<p>ATV, kum arabas\u0131 ve arazi motosikleti gibi arazi ara\u00e7lar\u0131 da direksiyon hidrolik silindirlerinden faydalan\u0131r. Bu ara\u00e7lar genellikle geleneksel direksiyon mekanizmalar\u0131n\u0131n etkili olmayabilece\u011fi engebeli arazilerde \u00e7al\u0131\u015f\u0131r. Hidrolik silindirler, engellerin \u00fczerinden ge\u00e7mek ve ara\u00e7 \u00fczerinde kontrol\u00fc korumak i\u00e7in gerekli g\u00fcc\u00fc ve hassasiyeti sa\u011flayabilir.<\/li>\n<li>Deniz ve havac\u0131l\u0131k uygulamalar\u0131:\n<p>Direksiyon hidrolik silindirleri yaln\u0131zca kara ta\u015f\u0131tlar\u0131yla s\u0131n\u0131rl\u0131 de\u011fildir. Tekne ve gemi gibi deniz uygulamalar\u0131nda ve uzay ara\u00e7lar\u0131 ve u\u00e7aklar gibi havac\u0131l\u0131k teknolojisinde de kullan\u0131l\u0131rlar. Bu ortamlarda, hidrolik silindirler d\u00fcmenlerin, kanat\u00e7\u0131klar\u0131n ve gemi veya u\u00e7a\u011f\u0131n y\u00f6nlendirilmesine yard\u0131mc\u0131 olan di\u011fer kontrol y\u00fczeylerinin y\u00f6n\u00fcn\u00fc de\u011fi\u015ftirmek i\u00e7in kullan\u0131l\u0131r.<\/li>\n<li>End\u00fcstriyel ekipman:\n<p>Hidrolik silindirler, \u00e7e\u015fitli end\u00fcstriyel ortamlarda direksiyon ve di\u011fer uygulamalar i\u00e7in de kullan\u0131l\u0131r. \u00d6rne\u011fin, vin\u00e7leri, forkliftleri veya di\u011fer a\u011f\u0131r makineleri y\u00f6nlendirmek i\u00e7in kullan\u0131labilirler. Bu ortamlarda, hidrolik silindirler b\u00fcy\u00fck y\u00fckleri hareket ettirmek veya dar alanlarda \u00e7al\u0131\u015fmak i\u00e7in gerekli g\u00fcc\u00fc ve hassasiyeti sa\u011flayabilir.<\/li>\n<li>\u00d6zel uygulamalar:\n<p>Bu yayg\u0131n uygulamalara ek olarak, direksiyon hidrolik silindirleri \u00e7e\u015fitli \u00f6zel ortamlarda da kullan\u0131labilir. \u00d6rne\u011fin, benzersiz bir direksiyon mekanizmas\u0131 gerektiren deneysel ara\u00e7larda veya prototiplerde kullan\u0131labilirler. Ayr\u0131ca, hassas ve kontroll\u00fc hareket gerektiren sanatsal enstalasyonlarda veya kinetik heykellerde de kullan\u0131labilirler.<\/li>\n<\/ol>\n<p>G\u00f6rd\u00fc\u011f\u00fcn\u00fcz gibi, direksiyon hidrolik silindirleri \u00e7e\u015fitli end\u00fcstri ve ortamlarda geni\u015f bir uygulama yelpazesine sahiptir. \u0130ster a\u011f\u0131r vas\u0131talarda, ister arazi ara\u00e7lar\u0131nda, ister denizcilik ve havac\u0131l\u0131k uygulamalar\u0131nda, ister end\u00fcstriyel ekipmanlarda veya \u00f6zel uygulamalarda kullan\u0131ls\u0131n, bu silindirler etkili bir \u015fekilde y\u00f6nlendirmek i\u00e7in gerekli g\u00fcc\u00fc, hassasiyeti ve kontrol\u00fc sa\u011flar.<\/p>\n<h2>FMP Hakk\u0131nda<\/h2>\n<p>FMP, in\u015faat makineleri i\u00e7in y\u00fcksek kaliteli hidrolik silindirler, silindir kitleri ve bile\u015fenlerinin lider \u00fcreticisi ve da\u011f\u0131t\u0131c\u0131s\u0131d\u0131r. Uzun y\u0131llara dayanan sekt\u00f6r deneyimimiz ve profesyonel ekibimizle, m\u00fc\u015fterilerimize in\u015faat makineleri ihtiya\u00e7lar\u0131na g\u00fcvenilir ve verimli \u00e7\u00f6z\u00fcmler sunmaya kararl\u0131y\u0131z.<\/p>\n<p>FMP'yi se\u00e7meniz i\u00e7in be\u015f neden:<\/p>\n<ol>\n<li><strong>Y\u00fcksek kaliteli hidrolik silindirler:<\/strong> Hidrolik silindirlerimizi hassas m\u00fchendislikle \u00fcretiyoruz. Kaliteye olan sars\u0131lmaz ba\u011fl\u0131l\u0131\u011f\u0131m\u0131z, yaln\u0131zca en y\u00fcksek kaliteli hammaddeleri kullanmam\u0131z\u0131 ve bitmi\u015f \u00fcr\u00fcnlerin sekt\u00f6r standartlar\u0131n\u0131 kar\u015f\u0131lad\u0131\u011f\u0131ndan ve hatta a\u015ft\u0131\u011f\u0131ndan emin olmak i\u00e7in s\u0131k\u0131 kalite kontrolleri ger\u00e7ekle\u015ftirmemizi sa\u011flar.<\/li>\n<li><strong>Geni\u015f \u00fcr\u00fcn yelpazesi:<\/strong> \u00dcr\u00fcn yelpazemiz her t\u00fcrl\u00fc in\u015faat makinesi ve aksesuarlar\u0131n\u0131 kapsamaktad\u0131r. \u00c7e\u015fitli hidrolik silindirler, \u015fanz\u0131manlar, zincirler, zincir di\u015flileri, motor aksesuarlar\u0131, hidrolik sistem bile\u015fenleri, \u015fasi aksesuarlar\u0131 ve elektrik sistemi aksesuarlar\u0131 sunuyoruz.<\/li>\n<li><strong>Kurulan ortakl\u0131klar:<\/strong> Bir\u00e7ok y\u00fcksek kaliteli yerli ve yabanc\u0131 tedarik\u00e7iyle uzun vadeli ve istikrarl\u0131 ortakl\u0131klar kurduk. Bu sayede, tedarik etti\u011fimiz t\u00fcm aksesuarlar\u0131n s\u0131k\u0131 kalite standartlar\u0131m\u0131z\u0131 kar\u015f\u0131lamas\u0131n\u0131 sa\u011fl\u0131yoruz.<\/li>\n<li><strong>Deneyimli sat\u0131\u015f ekibi:<\/strong> Sat\u0131\u015f ekibimiz, in\u015faat makineleri sekt\u00f6r\u00fcnde uzun y\u0131llara dayanan deneyim ve bilgiye sahiptir. Bilin\u00e7li kararlar alman\u0131za yard\u0131mc\u0131 olmak i\u00e7in profesyonel \u00fcr\u00fcn dan\u0131\u015fmanl\u0131\u011f\u0131 ve ak\u0131ll\u0131 sat\u0131n alma tavsiyeleri sunabilirler.<\/li>\n<li><strong>Verimli lojistik da\u011f\u0131t\u0131m sistemi:<\/strong> M\u00fc\u015fterilerimizin ihtiya\u00e7 duyduklar\u0131 par\u00e7alar\u0131 zaman\u0131nda ve do\u011fru bir \u015fekilde alabilmelerini sa\u011flamak i\u00e7in etkin bir lojistik da\u011f\u0131t\u0131m sistemine sahibiz.<\/li>\n<\/ol>\n<p><img decoding=\"async\" src=\"https:\/\/fmp-components.com\/wp-content\/uploads\/2025\/01\/Dump-Truck-Trailer-Hydraulic-Cylinder-product-3-3.webp\" alt=\"Hidrolik silindir\" width=\"800\" title=\"\"><\/p>\n<p>FMP olarak, m\u00fc\u015fterilerimize y\u00fcksek kaliteli ve g\u00fcvenilir in\u015faat makinesi aksesuarlar\u0131 ve eksiksiz makine \u00e7\u00f6z\u00fcmleri sunmaya kararl\u0131y\u0131z. Modern fabrika tesislerimiz, CNC tak\u0131m tezgahlar\u0131m\u0131z, bilgisayar destekli tasar\u0131m\u0131m\u0131z, kalifiye \u00e7al\u0131\u015fanlar\u0131m\u0131z, hidrolik sistem uzmanlar\u0131m\u0131z, silindir montajc\u0131lar\u0131m\u0131z ve bayilerimizle, hidrolik silindir, silindir kiti ve bile\u015fen ihtiya\u00e7lar\u0131n\u0131z\u0131 kar\u015f\u0131lamak i\u00e7in tercih edilen orta\u011f\u0131z.<\/p>\n<p>Yazar: CX<\/p>","protected":false},"excerpt":{"rendered":"<p>Professional Craftsmanship Small Hydraulic Cylinder Trailer Tractor Power Steering Cylinder The Professional Craftsmanship Small Hydraulic Cylinder Trailer Tractor Power Steering Cylinder is a high-quality component designed for use in trailers and tractors. With its small size and powerful hydraulic capabilities, this cylinder is perfect for steering systems in a variety of agricultural and industrial applications. [&hellip;]<\/p>","protected":false},"featured_media":2774,"comment_status":"closed","ping_status":"closed","template":"","meta":{"_et_pb_use_builder":"","_et_pb_old_content":"","_et_gb_content_width":""},"product_brand":[],"product_cat":[67],"product_tag":[34,70],"class_list":{"0":"post-2773","1":"product","2":"type-product","3":"status-publish","4":"has-post-thumbnail","6":"product_cat-steering-hydraulic-cylinder","7":"product_tag-hydraulic-cylinder","8":"product_tag-steering-hydraulic-cylinder","10":"first","11":"instock","12":"product-type-simple"},"_links":{"self":[{"href":"https:\/\/fmp-components.com\/tr\/wp-json\/wp\/v2\/product\/2773","targetHints":{"allow":["GET"]}}],"collection":[{"href":"https:\/\/fmp-components.com\/tr\/wp-json\/wp\/v2\/product"}],"about":[{"href":"https:\/\/fmp-components.com\/tr\/wp-json\/wp\/v2\/types\/product"}],"replies":[{"embeddable":true,"href":"https:\/\/fmp-components.com\/tr\/wp-json\/wp\/v2\/comments?post=2773"}],"wp:featuredmedia":[{"embeddable":true,"href":"https:\/\/fmp-components.com\/tr\/wp-json\/wp\/v2\/media\/2774"}],"wp:attachment":[{"href":"https:\/\/fmp-components.com\/tr\/wp-json\/wp\/v2\/media?parent=2773"}],"wp:term":[{"taxonomy":"product_brand","embeddable":true,"href":"https:\/\/fmp-components.com\/tr\/wp-json\/wp\/v2\/product_brand?post=2773"},{"taxonomy":"product_cat","embeddable":true,"href":"https:\/\/fmp-components.com\/tr\/wp-json\/wp\/v2\/product_cat?post=2773"},{"taxonomy":"product_tag","embeddable":true,"href":"https:\/\/fmp-components.com\/tr\/wp-json\/wp\/v2\/product_tag?post=2773"}],"curies":[{"name":"wp","href":"https:\/\/api.w.org\/{rel}","templated":true}]}}