{"id":2771,"date":"2025-01-04T05:22:33","date_gmt":"2025-01-04T05:22:33","guid":{"rendered":"https:\/\/fmp-components.com\/product\/high-quality-hydraulic-ram-cylinder-long-stroke-tractor-hydraulic-steering-cylinder\/"},"modified":"2025-03-18T01:43:10","modified_gmt":"2025-03-18T01:43:10","slug":"high-quality-hydraulic-ram-cylinder-long-stroke-tractor-hydraulic-steering-cylinder","status":"publish","type":"product","link":"https:\/\/fmp-components.com\/tr\/product\/high-quality-hydraulic-ram-cylinder-long-stroke-tractor-hydraulic-steering-cylinder\/","title":{"rendered":"Y\u00fcksek Kaliteli Hidrolik Ram Silindiri Uzun Stroklu Trakt\u00f6r Hidrolik Direksiyon Silindiri"},"content":{"rendered":"<div>\n<h2>Premium Kalite Hidrolik Direksiyon Silindiri<\/h2>\n<p>Premium Kalite Hidrolik Direksiyon Silindiri, tar\u0131m r\u00f6morklar\u0131 i\u00e7in \u00fcst\u00fcn performans ve dayan\u0131kl\u0131l\u0131k sa\u011flamak \u00fczere tasarlanm\u0131\u015ft\u0131r. Geli\u015fmi\u015f hidrolik teknolojisi sayesinde bu silindir, zorlu ko\u015fullarda bile hassas ve sorunsuz direksiyon kontrol\u00fc sa\u011flar.<\/p>\n<p>Temel \u00d6zellikler:<\/p>\n<ul>\n<li>Geli\u015fmi\u015f dayan\u0131kl\u0131l\u0131k i\u00e7in y\u00fcksek kaliteli malzemeler<\/li>\n<li>Optimum direksiyon kontrol\u00fc i\u00e7in verimli hidrolik sistem<\/li>\n<li>Kolay kurulum ve bak\u0131m<\/li>\n<li>Tar\u0131m r\u00f6morklar\u0131nda kullan\u0131m i\u00e7in tasarlanm\u0131\u015ft\u0131r<\/li>\n<li>\u00c7e\u015fitli hava ve arazi ko\u015fullar\u0131nda g\u00fcvenilir performans<\/li>\n<\/ul>\n<p>\u0130ster k\u00fc\u00e7\u00fck bir \u00e7iftlikte ister b\u00fcy\u00fck bir tar\u0131m i\u015fletmesinde \u00e7al\u0131\u015f\u0131yor olun, Premium Kalite Hidrolik Direksiyon Silindiri, sorunsuz ve verimli bir direksiyon sa\u011flamak i\u00e7in ideal se\u00e7imdir. Tar\u0131m r\u00f6morkunuzun performans\u0131n\u0131 ve \u00fcretkenli\u011fini art\u0131rmak i\u00e7in bu y\u00fcksek kaliteli hidrolik silindire yat\u0131r\u0131m yap\u0131n.<\/p>\n<\/div>\n<h2>Hidrolik Direksiyon Silindirlerine Giri\u015f<\/h2>\n<p>Hidrolik direksiyon silindirleri, \u00f6zellikle trakt\u00f6rlerde olmak \u00fczere, uzun zamand\u0131r makinelerin vazge\u00e7ilmez bir bile\u015fenidir. Herhangi bir hidrolik sistemin kalbi ve ruhudurlar ve ak\u0131\u015fkan g\u00fcc\u00fcn\u00fc mekanik g\u00fcce d\u00f6n\u00fc\u015ft\u00fcrmede \u00f6nemli bir rol oynarlar. Hidrolik direksiyon silindirlerinin tarihi, ilk olarak a\u011f\u0131r hizmet tipi makinelere g\u00fc\u00e7 sa\u011flamak i\u00e7in kullan\u0131ld\u0131klar\u0131 sanayi devrimine kadar uzan\u0131r.<\/p>\n<h3>Hidrolik Direksiyon Silindirlerinin S\u0131n\u0131fland\u0131r\u0131lmas\u0131<\/h3>\n<p>Hidrolik direksiyon silindirleri, piston silindiri, piston silindiri ve teleskopik silindir gibi \u00e7e\u015fitli tiplerde gelir. Her tip, belirli ko\u015fullar alt\u0131nda performans g\u00f6sterecek \u015fekilde tasarlanm\u0131\u015ft\u0131r ve kendine \u00f6zg\u00fc avantajlar\u0131 vard\u0131r. \u00d6rne\u011fin, en yayg\u0131n tip olan piston silindiri, y\u00fcksek g\u00fc\u00e7 \u00e7\u0131k\u0131\u015f\u0131 ve verimlili\u011fiyle bilinir.<\/p>\n<h3>Hidrolik Direksiyon Silindirlerinin Avantajlar\u0131<\/h3>\n<p>Hidrolik direksiyon silindirleri, di\u011fer silindir t\u00fcrlerine g\u00f6re bir\u00e7ok avantaj sunar. D\u00fc\u015f\u00fck h\u0131zda y\u00fcksek kuvvet sa\u011flad\u0131klar\u0131 i\u00e7in y\u00fcksek tork gerektiren uygulamalar i\u00e7in idealdirler. Ayr\u0131ca olduk\u00e7a dayan\u0131kl\u0131d\u0131rlar ve zorlu \u00e7al\u0131\u015fma ko\u015fullar\u0131na dayanabilirler.<\/p>\n<h2>Do\u011fru Hidrolik Ya\u011f ve Ya\u011f Ke\u00e7esini Se\u00e7me<\/h2>\n<p>Hidrolik direksiyon silindiriniz i\u00e7in do\u011fru hidrolik ya\u011f ve ya\u011f ke\u00e7esini se\u00e7mek, performans\u0131 ve uzun \u00f6m\u00fcrl\u00fcl\u00fc\u011f\u00fc i\u00e7in \u00e7ok \u00f6nemlidir. Do\u011fru hidrolik ya\u011f, a\u015f\u0131nma ve y\u0131pranmay\u0131 azalt\u0131r, verimlili\u011fi art\u0131r\u0131r ve silindirin \u00f6mr\u00fcn\u00fc uzat\u0131r. Benzer \u015fekilde, do\u011fru ya\u011f ke\u00e7esi s\u0131v\u0131 s\u0131z\u0131nt\u0131lar\u0131n\u0131 \u00f6nleyerek silindirin en y\u00fcksek performansta \u00e7al\u0131\u015fmas\u0131n\u0131 sa\u011flar.<\/p>\n<h3>Hidrolik Direksiyon Silindirinizi Ne Zaman ve Nas\u0131l De\u011fi\u015ftirmelisiniz?<\/h3>\n<p>T\u00fcm mekanik bile\u015fenler gibi, hidrolik direksiyon silindirleri de d\u00fczenli bak\u0131m ve ara s\u0131ra de\u011fi\u015fim gerektirir. Silindirinizin de\u011fi\u015ftirilmesi gerekti\u011fine dair i\u015faretler aras\u0131nda performans d\u00fc\u015f\u00fckl\u00fc\u011f\u00fc, s\u0131z\u0131nt\u0131 ve g\u00f6zle g\u00f6r\u00fcl\u00fcr hasar bulunur. Yeni silindirin do\u011fru ve g\u00fcvenli bir \u015fekilde tak\u0131lmas\u0131n\u0131 sa\u011flamak i\u00e7in de\u011fi\u015fim i\u015flemi kalifiye bir teknisyen taraf\u0131ndan yap\u0131lmal\u0131d\u0131r.<\/p>\n<p><img decoding=\"async\" src=\"https:\/\/hzpt.com\/wp-content\/uploads\/2023\/11\/Steering-Hydraulic-Cylinder-4.webp\" alt=\"\" title=\"\"><\/p>\n<h2>Direksiyon Hidrolik Silindirinin Uygulamas\u0131<\/h2>\n<p>Direksiyon hidrolik silindirleri, \u00e7e\u015fitli ara\u00e7 tiplerindeki direksiyon sistemlerinin temel bile\u015fenleridir. Direksiyon akt\u00fcat\u00f6rleri olarak da bilinen bu silindirler, direksiyon pompas\u0131 taraf\u0131ndan \u00fcretilen enerjiyi, arac\u0131n tekerleklerinin y\u00f6n\u00fcn\u00fc de\u011fi\u015ftirmek i\u00e7in kullan\u0131labilen do\u011frusal harekete d\u00f6n\u00fc\u015ft\u00fcrmeye yard\u0131mc\u0131 olur. Direksiyon hidrolik silindirlerinin baz\u0131 uygulamalar\u0131 \u015funlard\u0131r:<\/p>\n<ol>\n<li>A\u011f\u0131r vas\u0131talar:\n<p>Direksiyon hidrolik silindirleri, kamyon, otob\u00fcs ve in\u015faat makineleri gibi a\u011f\u0131r hizmet tipi ara\u00e7larda yayg\u0131n olarak kullan\u0131l\u0131r. Bu ara\u00e7lar\u0131n direksiyonunu \u00e7evirmek i\u00e7in \u00e7ok fazla kuvvet gerekir ve bir hidrolik silindir, ara\u00e7 y\u00fckl\u00fc olsa bile tekerlekleri d\u00f6nd\u00fcrmek i\u00e7in gerekli g\u00fcc\u00fc \u00fcretebilir. Hidrolik sistem ayr\u0131ca direksiyon mekanizmas\u0131 \u00fczerinde daha hassas kontrol sa\u011flayarak s\u00fcr\u00fcc\u00fclerin b\u00fcy\u00fck ve kullan\u0131m\u0131 zor ara\u00e7larda daha kolay hareket etmesini sa\u011flar.<\/li>\n<li>Arazi ara\u00e7lar\u0131:\n<p>ATV, kum arabas\u0131 ve arazi motosikleti gibi arazi ara\u00e7lar\u0131 da direksiyon hidrolik silindirlerinden faydalan\u0131r. Bu ara\u00e7lar genellikle geleneksel direksiyon mekanizmalar\u0131n\u0131n etkili olmayabilece\u011fi engebeli arazilerde \u00e7al\u0131\u015f\u0131r. Hidrolik silindirler, engellerin \u00fczerinden ge\u00e7mek ve ara\u00e7 \u00fczerinde kontrol\u00fc korumak i\u00e7in gerekli g\u00fcc\u00fc ve hassasiyeti sa\u011flayabilir.<\/li>\n<li>Deniz ve havac\u0131l\u0131k uygulamalar\u0131:\n<p>Direksiyon hidrolik silindirleri yaln\u0131zca kara ta\u015f\u0131tlar\u0131yla s\u0131n\u0131rl\u0131 de\u011fildir. Tekne ve gemi gibi deniz uygulamalar\u0131nda ve uzay ara\u00e7lar\u0131 ve u\u00e7aklar gibi havac\u0131l\u0131k teknolojisinde de kullan\u0131l\u0131rlar. Bu ortamlarda, hidrolik silindirler d\u00fcmenlerin, kanat\u00e7\u0131klar\u0131n ve gemi veya u\u00e7a\u011f\u0131n y\u00f6nlendirilmesine yard\u0131mc\u0131 olan di\u011fer kontrol y\u00fczeylerinin y\u00f6n\u00fcn\u00fc de\u011fi\u015ftirmek i\u00e7in kullan\u0131l\u0131r.<\/li>\n<li>End\u00fcstriyel ekipman:\n<p>Hidrolik silindirler, \u00e7e\u015fitli end\u00fcstriyel ortamlarda direksiyon ve di\u011fer uygulamalar i\u00e7in de kullan\u0131l\u0131r. \u00d6rne\u011fin, vin\u00e7leri, forkliftleri veya di\u011fer a\u011f\u0131r makineleri y\u00f6nlendirmek i\u00e7in kullan\u0131labilirler. Bu ortamlarda, hidrolik silindirler b\u00fcy\u00fck y\u00fckleri hareket ettirmek veya dar alanlarda \u00e7al\u0131\u015fmak i\u00e7in gerekli g\u00fcc\u00fc ve hassasiyeti sa\u011flayabilir.<\/li>\n<li>\u00d6zel uygulamalar:\n<p>Bu yayg\u0131n uygulamalara ek olarak, direksiyon hidrolik silindirleri \u00e7e\u015fitli \u00f6zel ortamlarda da kullan\u0131labilir. \u00d6rne\u011fin, benzersiz bir direksiyon mekanizmas\u0131 gerektiren deneysel ara\u00e7larda veya prototiplerde kullan\u0131labilirler. Ayr\u0131ca, hassas ve kontroll\u00fc hareket gerektiren sanatsal enstalasyonlarda veya kinetik heykellerde de kullan\u0131labilirler.<\/li>\n<\/ol>\n<p>G\u00f6rd\u00fc\u011f\u00fcn\u00fcz gibi, direksiyon hidrolik silindirleri \u00e7e\u015fitli end\u00fcstri ve ortamlarda geni\u015f bir uygulama yelpazesine sahiptir. \u0130ster a\u011f\u0131r vas\u0131talarda, ister arazi ara\u00e7lar\u0131nda, ister denizcilik ve havac\u0131l\u0131k uygulamalar\u0131nda, ister end\u00fcstriyel ekipmanlarda veya \u00f6zel uygulamalarda kullan\u0131ls\u0131n, bu silindirler etkili bir \u015fekilde y\u00f6nlendirmek i\u00e7in gerekli g\u00fcc\u00fc, hassasiyeti ve kontrol\u00fc sa\u011flar.<\/p>\n<h2>FMP Hakk\u0131nda<\/h2>\n<p>FMP, in\u015faat makineleri i\u00e7in y\u00fcksek kaliteli hidrolik silindirler, silindir kitleri ve bile\u015fenlerinin lider \u00fcreticisi ve da\u011f\u0131t\u0131c\u0131s\u0131d\u0131r. Uzun y\u0131llara dayanan sekt\u00f6r deneyimimiz ve profesyonel ekibimizle, m\u00fc\u015fterilerimize in\u015faat makineleri ihtiya\u00e7lar\u0131na g\u00fcvenilir ve verimli \u00e7\u00f6z\u00fcmler sunmaya kararl\u0131y\u0131z.<\/p>\n<p>FMP'yi se\u00e7meniz i\u00e7in be\u015f neden:<\/p>\n<ol>\n<li><strong>Y\u00fcksek kaliteli hidrolik silindirler:<\/strong> Hidrolik silindirlerimizi hassas m\u00fchendislikle \u00fcretiyoruz. Kaliteye olan sars\u0131lmaz ba\u011fl\u0131l\u0131\u011f\u0131m\u0131z, yaln\u0131zca en y\u00fcksek kaliteli hammaddeleri kullanmam\u0131z\u0131 ve bitmi\u015f \u00fcr\u00fcnlerin sekt\u00f6r standartlar\u0131n\u0131 kar\u015f\u0131lad\u0131\u011f\u0131ndan ve hatta a\u015ft\u0131\u011f\u0131ndan emin olmak i\u00e7in s\u0131k\u0131 kalite kontrolleri ger\u00e7ekle\u015ftirmemizi sa\u011flar.<\/li>\n<li><strong>Geni\u015f \u00fcr\u00fcn yelpazesi:<\/strong> \u00dcr\u00fcn yelpazemiz her t\u00fcrl\u00fc in\u015faat makinesi ve aksesuarlar\u0131n\u0131 kapsamaktad\u0131r. \u00c7e\u015fitli hidrolik silindirler, \u015fanz\u0131manlar, zincirler, zincir di\u015flileri, motor aksesuarlar\u0131, hidrolik sistem bile\u015fenleri, \u015fasi aksesuarlar\u0131 ve elektrik sistemi aksesuarlar\u0131 sunuyoruz.<\/li>\n<li><strong>Kurulan ortakl\u0131klar:<\/strong> Bir\u00e7ok y\u00fcksek kaliteli yerli ve yabanc\u0131 tedarik\u00e7iyle uzun vadeli ve istikrarl\u0131 ortakl\u0131klar kurduk. Bu sayede, tedarik etti\u011fimiz t\u00fcm aksesuarlar\u0131n s\u0131k\u0131 kalite standartlar\u0131m\u0131z\u0131 kar\u015f\u0131lamas\u0131n\u0131 sa\u011fl\u0131yoruz.<\/li>\n<li><strong>Deneyimli sat\u0131\u015f ekibi:<\/strong> Sat\u0131\u015f ekibimiz, in\u015faat makineleri sekt\u00f6r\u00fcnde uzun y\u0131llara dayanan deneyim ve bilgiye sahiptir. Bilin\u00e7li kararlar alman\u0131za yard\u0131mc\u0131 olmak i\u00e7in profesyonel \u00fcr\u00fcn dan\u0131\u015fmanl\u0131\u011f\u0131 ve ak\u0131ll\u0131 sat\u0131n alma tavsiyeleri sunabilirler.<\/li>\n<li><strong>Verimli lojistik da\u011f\u0131t\u0131m sistemi:<\/strong> M\u00fc\u015fterilerimizin ihtiya\u00e7 duyduklar\u0131 par\u00e7alar\u0131 zaman\u0131nda ve do\u011fru bir \u015fekilde alabilmelerini sa\u011flamak i\u00e7in etkin bir lojistik da\u011f\u0131t\u0131m sistemine sahibiz.<\/li>\n<\/ol>\n<p><img decoding=\"async\" src=\"https:\/\/fmp-components.com\/wp-content\/uploads\/2025\/01\/Dump-Truck-Trailer-Hydraulic-Cylinder-product-3-3.webp\" alt=\"Hidrolik silindir\" width=\"800\" title=\"\"><\/p>\n<p>FMP olarak, m\u00fc\u015fterilerimize y\u00fcksek kaliteli ve g\u00fcvenilir in\u015faat makinesi aksesuarlar\u0131 ve eksiksiz makine \u00e7\u00f6z\u00fcmleri sunmaya kararl\u0131y\u0131z. Modern fabrika tesislerimiz, CNC tak\u0131m tezgahlar\u0131m\u0131z, bilgisayar destekli tasar\u0131m\u0131m\u0131z, kalifiye \u00e7al\u0131\u015fanlar\u0131m\u0131z, hidrolik sistem uzmanlar\u0131m\u0131z, silindir montajc\u0131lar\u0131m\u0131z ve bayilerimizle, hidrolik silindir, silindir kiti ve bile\u015fen ihtiya\u00e7lar\u0131n\u0131z\u0131 kar\u015f\u0131lamak i\u00e7in tercih edilen orta\u011f\u0131z.<\/p>\n<p>Yazar: CX<\/p>","protected":false},"excerpt":{"rendered":"<p>Premium Quality Hydraulic Steering Cylinder The Premium Quality Hydraulic Steering Cylinder is designed to provide superior performance and durability for agricultural trailers. With its advanced hydraulic technology, this cylinder ensures precise and smooth steering control, even in demanding conditions. Key Features: High-quality materials for enhanced durability Efficient hydraulic system for optimal steering control Easy installation [&hellip;]<\/p>","protected":false},"featured_media":2772,"comment_status":"closed","ping_status":"closed","template":"","meta":{"_et_pb_use_builder":"","_et_pb_old_content":"","_et_gb_content_width":""},"product_brand":[],"product_cat":[67],"product_tag":[34,70],"class_list":{"0":"post-2771","1":"product","2":"type-product","3":"status-publish","4":"has-post-thumbnail","6":"product_cat-steering-hydraulic-cylinder","7":"product_tag-hydraulic-cylinder","8":"product_tag-steering-hydraulic-cylinder","10":"first","11":"instock","12":"product-type-simple"},"_links":{"self":[{"href":"https:\/\/fmp-components.com\/tr\/wp-json\/wp\/v2\/product\/2771","targetHints":{"allow":["GET"]}}],"collection":[{"href":"https:\/\/fmp-components.com\/tr\/wp-json\/wp\/v2\/product"}],"about":[{"href":"https:\/\/fmp-components.com\/tr\/wp-json\/wp\/v2\/types\/product"}],"replies":[{"embeddable":true,"href":"https:\/\/fmp-components.com\/tr\/wp-json\/wp\/v2\/comments?post=2771"}],"wp:featuredmedia":[{"embeddable":true,"href":"https:\/\/fmp-components.com\/tr\/wp-json\/wp\/v2\/media\/2772"}],"wp:attachment":[{"href":"https:\/\/fmp-components.com\/tr\/wp-json\/wp\/v2\/media?parent=2771"}],"wp:term":[{"taxonomy":"product_brand","embeddable":true,"href":"https:\/\/fmp-components.com\/tr\/wp-json\/wp\/v2\/product_brand?post=2771"},{"taxonomy":"product_cat","embeddable":true,"href":"https:\/\/fmp-components.com\/tr\/wp-json\/wp\/v2\/product_cat?post=2771"},{"taxonomy":"product_tag","embeddable":true,"href":"https:\/\/fmp-components.com\/tr\/wp-json\/wp\/v2\/product_tag?post=2771"}],"curies":[{"name":"wp","href":"https:\/\/api.w.org\/{rel}","templated":true}]}}