{"id":2763,"date":"2025-01-04T05:22:33","date_gmt":"2025-01-04T05:22:33","guid":{"rendered":"https:\/\/fmp-components.com\/product\/hot-sale-10-ton-power-steering-cylinder-tractor-hydraulic-cylinder\/"},"modified":"2025-03-18T01:35:53","modified_gmt":"2025-03-18T01:35:53","slug":"hot-sale-10-ton-power-steering-cylinder-tractor-hydraulic-cylinder","status":"publish","type":"product","link":"https:\/\/fmp-components.com\/tr\/product\/hot-sale-10-ton-power-steering-cylinder-tractor-hydraulic-cylinder\/","title":{"rendered":"S\u0131cak Sat\u0131\u015f 10 Ton Hidrolik Direksiyon Silindiri Trakt\u00f6r Hidrolik Silindiri"},"content":{"rendered":"<div>\n<h2>\u0130talya Fabrika Tedarik M\u00fchendisli\u011fi Hidrolik Ko\u00e7 Silindiri Trakt\u00f6r Hidrolik Direksiyon Silindiri<\/h2>\n<p>\u0130talya Fabrika Tedarik M\u00fchendisli\u011fi Hidrolik Ram Silindiri Trakt\u00f6r Direksiyon Sistemi Silindiri, trakt\u00f6rlerin hidrolik direksiyon sistemlerinde kullan\u0131lmak \u00fczere \u00f6zel olarak tasarlanm\u0131\u015f y\u00fcksek kaliteli bir hidrolik ram silindiridir. \u0130talya'da \u00fcretilen bu silindir, en y\u00fcksek kalite ve performans standartlar\u0131na g\u00f6re \u00fcretilmi\u015ftir.<\/p>\n<p>M\u00fchendislik m\u00fckemmelli\u011fi ve hassas yap\u0131s\u0131yla bu silindir, trakt\u00f6rlerde sorunsuz ve verimli hidrolik direksiyon \u00e7al\u0131\u015fmas\u0131 sa\u011flar. Y\u00fcksek bas\u0131n\u00e7lara dayanabilme \u00f6zelli\u011fine sahip olup, zorlu ko\u015fullarda bile g\u00fcvenilir performans sunar.<\/p>\n<p>Geli\u015fmi\u015f hidrolik teknolojisine sahip bu silindir, hassas kontrol ve tepki h\u0131z\u0131 sa\u011flayarak trakt\u00f6r operat\u00f6rlerinin direksiyon \u00fczerinde optimum kontrol sahibi olmas\u0131n\u0131 m\u00fcmk\u00fcn k\u0131lar. \u0130ster tarlada \u00e7al\u0131\u015f\u0131yor olun ister dar alanlarda manevra yap\u0131yor olun, bu silindir trakt\u00f6r\u00fcn manevra kabiliyetini ve genel performans\u0131n\u0131 art\u0131r\u0131r.<\/p>\n<p>\u00c7e\u015fitli trakt\u00f6r modelleriyle kolay kurulum ve uyumluluk i\u00e7in tasarlanan Italy Factory Supply Engineering Hidrolik Ram Silindirli Trakt\u00f6r Direksiyon Silindiri, trakt\u00f6r \u00fcreticileri, bak\u0131m teknisyenleri ve trakt\u00f6r sahipleri i\u00e7in g\u00fcvenilir bir tercihtir.<\/p>\n<p>Bu y\u00fcksek kaliteli hidrolik silindire yat\u0131r\u0131m yap\u0131n ve trakt\u00f6r\u00fcn\u00fczde geli\u015fmi\u015f direksiyon performans\u0131 ve verimlili\u011fini deneyimleyin.<\/p>\n<\/div>\n<p><img decoding=\"async\" src=\"https:\/\/hzpt.com\/wp-content\/uploads\/2023\/11\/agricultural-machinery-hydraulic-cylinder-3.webp\" alt=\"\" title=\"\"><\/p>\n<h2>Trakt\u00f6r Hidrolik Direksiyon Silindiri Hakk\u0131nda Giri\u015f<\/h2>\n<p>Trakt\u00f6r hidrolik direksiyon silindirinin zengin bir tarihi vard\u0131r. Sanayi devrimine dayanan k\u00f6kenleriyle, modern makinelerin ayr\u0131lmaz bir par\u00e7as\u0131 haline gelmi\u015ftir. \u00c7e\u015fitli tip ve s\u0131n\u0131fland\u0131rmalarda bulunurlar ve her birinin kendine \u00f6zg\u00fc avantajlar\u0131 vard\u0131r. Sa\u011flam ve kullan\u0131c\u0131 dostu tasar\u0131mlar\u0131 sayesinde bu silindirlerin montaj\u0131, onar\u0131m\u0131 ve bak\u0131m\u0131 nispeten kolayd\u0131r.<\/p>\n<h2>Do\u011fru Hidrolik Ya\u011f ve Ya\u011f Ke\u00e7esini Se\u00e7me<\/h2>\n<p>Hidrolik silindirinizin optimum performans\u0131 i\u00e7in do\u011fru hidrolik ya\u011f ve ya\u011f ke\u00e7esini se\u00e7mek \u00e7ok \u00f6nemlidir. Viskozite, kimyasal bile\u015fim ve ke\u00e7e uyumlulu\u011fu gibi fakt\u00f6rler bu se\u00e7im s\u00fcrecinde \u00f6nemli rol oynar. Ya\u011f ke\u00e7elerinin ve hidrolik ya\u011f\u0131n d\u00fczenli olarak kontrol edilmesi ve de\u011fi\u015ftirilmesi, s\u0131z\u0131nt\u0131lar\u0131 \u00f6nlemeye, sorunsuz \u00e7al\u0131\u015fmay\u0131 sa\u011flamaya ve silindirin \u00f6mr\u00fcn\u00fc uzatmaya yard\u0131mc\u0131 olabilir.<\/p>\n<h3>Hidrolik Silindirinizi Ne Zaman De\u011fi\u015ftirmelisiniz?<\/h3>\n<p>Silindirin de\u011fi\u015ftirilmesi ihtiyac\u0131 genellikle s\u00fcrekli s\u0131z\u0131nt\u0131lar, performans d\u00fc\u015f\u00fc\u015f\u00fc veya silindirde g\u00f6zle g\u00f6r\u00fcl\u00fcr hasarlar nedeniyle ortaya \u00e7\u0131kar. Ancak, de\u011fi\u015ftirme i\u015flemi \u00fcreticinin y\u00f6nergelerine uygun olarak yetkili bir profesyonel taraf\u0131ndan yap\u0131lmal\u0131d\u0131r.<\/p>\n<h3>Uygun bir g\u00fc\u00e7 \u00fcnitesi se\u00e7mek<\/h3>\n<p>Hidrolik silindiriniz i\u00e7in g\u00fc\u00e7 \u00fcnitesi, ta\u015f\u0131mas\u0131 gereken y\u00fcke, \u00e7al\u0131\u015fma h\u0131z\u0131na ve uygulaman\u0131z\u0131n \u00f6zel gereksinimlerine g\u00f6re se\u00e7ilmelidir. Bir hidrolik uzman\u0131yla g\u00f6r\u00fc\u015fmek, bilin\u00e7li bir karar vermenize yard\u0131mc\u0131 olabilir.<\/p>\n<h2>Direksiyon Hidrolik Silindirinin Uygulamas\u0131<\/h2>\n<p>Direksiyon hidrolik silindirleri, \u00e7e\u015fitli ara\u00e7 tiplerindeki direksiyon sistemlerinin temel bile\u015fenleridir. Direksiyon akt\u00fcat\u00f6rleri olarak da bilinen bu silindirler, direksiyon pompas\u0131 taraf\u0131ndan \u00fcretilen enerjiyi, arac\u0131n tekerleklerinin y\u00f6n\u00fcn\u00fc de\u011fi\u015ftirmek i\u00e7in kullan\u0131labilen do\u011frusal harekete d\u00f6n\u00fc\u015ft\u00fcrmeye yard\u0131mc\u0131 olur. Direksiyon hidrolik silindirlerinin baz\u0131 uygulamalar\u0131 \u015funlard\u0131r:<\/p>\n<ol>\n<li>A\u011f\u0131r vas\u0131talar:\n<p>Direksiyon hidrolik silindirleri, kamyon, otob\u00fcs ve in\u015faat makineleri gibi a\u011f\u0131r hizmet tipi ara\u00e7larda yayg\u0131n olarak kullan\u0131l\u0131r. Bu ara\u00e7lar\u0131n direksiyonunu \u00e7evirmek i\u00e7in \u00e7ok fazla kuvvet gerekir ve bir hidrolik silindir, ara\u00e7 y\u00fckl\u00fc olsa bile tekerlekleri d\u00f6nd\u00fcrmek i\u00e7in gerekli g\u00fcc\u00fc \u00fcretebilir. Hidrolik sistem ayr\u0131ca direksiyon mekanizmas\u0131 \u00fczerinde daha hassas kontrol sa\u011flayarak s\u00fcr\u00fcc\u00fclerin b\u00fcy\u00fck ve kullan\u0131m\u0131 zor ara\u00e7larda daha kolay hareket etmesini sa\u011flar.<\/li>\n<li>Arazi ara\u00e7lar\u0131:\n<p>ATV, kum arabas\u0131 ve arazi motosikleti gibi arazi ara\u00e7lar\u0131 da direksiyon hidrolik silindirlerinden faydalan\u0131r. Bu ara\u00e7lar genellikle geleneksel direksiyon mekanizmalar\u0131n\u0131n etkili olmayabilece\u011fi engebeli arazilerde \u00e7al\u0131\u015f\u0131r. Hidrolik silindirler, engellerin \u00fczerinden ge\u00e7mek ve ara\u00e7 \u00fczerinde kontrol\u00fc korumak i\u00e7in gerekli g\u00fcc\u00fc ve hassasiyeti sa\u011flayabilir.<\/li>\n<li>Deniz ve havac\u0131l\u0131k uygulamalar\u0131:\n<p>Direksiyon hidrolik silindirleri yaln\u0131zca kara ta\u015f\u0131tlar\u0131yla s\u0131n\u0131rl\u0131 de\u011fildir. Tekne ve gemi gibi deniz uygulamalar\u0131nda ve uzay ara\u00e7lar\u0131 ve u\u00e7aklar gibi havac\u0131l\u0131k teknolojisinde de kullan\u0131l\u0131rlar. Bu ortamlarda, hidrolik silindirler d\u00fcmenlerin, kanat\u00e7\u0131klar\u0131n ve gemi veya u\u00e7a\u011f\u0131n y\u00f6nlendirilmesine yard\u0131mc\u0131 olan di\u011fer kontrol y\u00fczeylerinin y\u00f6n\u00fcn\u00fc de\u011fi\u015ftirmek i\u00e7in kullan\u0131l\u0131r.<\/li>\n<li>End\u00fcstriyel ekipman:\n<p>Hidrolik silindirler, \u00e7e\u015fitli end\u00fcstriyel ortamlarda direksiyon ve di\u011fer uygulamalar i\u00e7in de kullan\u0131l\u0131r. \u00d6rne\u011fin, vin\u00e7leri, forkliftleri veya di\u011fer a\u011f\u0131r makineleri y\u00f6nlendirmek i\u00e7in kullan\u0131labilirler. Bu ortamlarda, hidrolik silindirler b\u00fcy\u00fck y\u00fckleri hareket ettirmek veya dar alanlarda \u00e7al\u0131\u015fmak i\u00e7in gerekli g\u00fcc\u00fc ve hassasiyeti sa\u011flayabilir.<\/li>\n<li>\u00d6zel uygulamalar:\n<p>Bu yayg\u0131n uygulamalara ek olarak, direksiyon hidrolik silindirleri \u00e7e\u015fitli \u00f6zel ortamlarda da kullan\u0131labilir. \u00d6rne\u011fin, benzersiz bir direksiyon mekanizmas\u0131 gerektiren deneysel ara\u00e7larda veya prototiplerde kullan\u0131labilirler. Ayr\u0131ca, hassas ve kontroll\u00fc hareket gerektiren sanatsal enstalasyonlarda veya kinetik heykellerde de kullan\u0131labilirler.<\/li>\n<\/ol>\n<p>G\u00f6rd\u00fc\u011f\u00fcn\u00fcz gibi, direksiyon hidrolik silindirleri \u00e7e\u015fitli end\u00fcstri ve ortamlarda geni\u015f bir uygulama yelpazesine sahiptir. \u0130ster a\u011f\u0131r vas\u0131talarda, ister arazi ara\u00e7lar\u0131nda, ister denizcilik ve havac\u0131l\u0131k uygulamalar\u0131nda, ister end\u00fcstriyel ekipmanlarda veya \u00f6zel uygulamalarda kullan\u0131ls\u0131n, bu silindirler etkili bir \u015fekilde y\u00f6nlendirmek i\u00e7in gerekli g\u00fcc\u00fc, hassasiyeti ve kontrol\u00fc sa\u011flar.<\/p>\n<h2>FMP Hakk\u0131nda<\/h2>\n<p>FMP, in\u015faat makineleri i\u00e7in y\u00fcksek kaliteli hidrolik silindirler, silindir kitleri ve bile\u015fenlerinin lider \u00fcreticisi ve da\u011f\u0131t\u0131c\u0131s\u0131d\u0131r. Uzun y\u0131llara dayanan sekt\u00f6r deneyimimiz ve profesyonel ekibimizle, m\u00fc\u015fterilerimize in\u015faat makineleri ihtiya\u00e7lar\u0131na g\u00fcvenilir ve verimli \u00e7\u00f6z\u00fcmler sunmaya kararl\u0131y\u0131z.<\/p>\n<p>FMP'yi se\u00e7meniz i\u00e7in be\u015f neden:<\/p>\n<ol>\n<li><strong>Y\u00fcksek kaliteli hidrolik silindirler:<\/strong> Hidrolik silindirlerimizi hassas m\u00fchendislikle \u00fcretiyoruz. Kaliteye olan sars\u0131lmaz ba\u011fl\u0131l\u0131\u011f\u0131m\u0131z, yaln\u0131zca en y\u00fcksek kaliteli hammaddeleri kullanmam\u0131z\u0131 ve bitmi\u015f \u00fcr\u00fcnlerin sekt\u00f6r standartlar\u0131n\u0131 kar\u015f\u0131lad\u0131\u011f\u0131ndan ve hatta a\u015ft\u0131\u011f\u0131ndan emin olmak i\u00e7in s\u0131k\u0131 kalite kontrolleri ger\u00e7ekle\u015ftirmemizi sa\u011flar.<\/li>\n<li><strong>Geni\u015f \u00fcr\u00fcn yelpazesi:<\/strong> \u00dcr\u00fcn yelpazemiz her t\u00fcrl\u00fc in\u015faat makinesi ve aksesuarlar\u0131n\u0131 kapsamaktad\u0131r. \u00c7e\u015fitli hidrolik silindirler, \u015fanz\u0131manlar, zincirler, zincir di\u015flileri, motor aksesuarlar\u0131, hidrolik sistem bile\u015fenleri, \u015fasi aksesuarlar\u0131 ve elektrik sistemi aksesuarlar\u0131 sunuyoruz.<\/li>\n<li><strong>Kurulan ortakl\u0131klar:<\/strong> Bir\u00e7ok y\u00fcksek kaliteli yerli ve yabanc\u0131 tedarik\u00e7iyle uzun vadeli ve istikrarl\u0131 ortakl\u0131klar kurduk. Bu sayede, tedarik etti\u011fimiz t\u00fcm aksesuarlar\u0131n s\u0131k\u0131 kalite standartlar\u0131m\u0131z\u0131 kar\u015f\u0131lamas\u0131n\u0131 sa\u011fl\u0131yoruz.<\/li>\n<li><strong>Deneyimli sat\u0131\u015f ekibi:<\/strong> Sat\u0131\u015f ekibimiz, in\u015faat makineleri sekt\u00f6r\u00fcnde uzun y\u0131llara dayanan deneyim ve bilgiye sahiptir. Bilin\u00e7li kararlar alman\u0131za yard\u0131mc\u0131 olmak i\u00e7in profesyonel \u00fcr\u00fcn dan\u0131\u015fmanl\u0131\u011f\u0131 ve ak\u0131ll\u0131 sat\u0131n alma tavsiyeleri sunabilirler.<\/li>\n<li><strong>Verimli lojistik da\u011f\u0131t\u0131m sistemi:<\/strong> M\u00fc\u015fterilerimizin ihtiya\u00e7 duyduklar\u0131 par\u00e7alar\u0131 zaman\u0131nda ve do\u011fru bir \u015fekilde alabilmelerini sa\u011flamak i\u00e7in etkin bir lojistik da\u011f\u0131t\u0131m sistemine sahibiz.<\/li>\n<\/ol>\n<p><img decoding=\"async\" src=\"https:\/\/fmp-components.com\/wp-content\/uploads\/2025\/01\/Dump-Truck-Trailer-Hydraulic-Cylinder-product-3-3.webp\" alt=\"Hidrolik silindir\" width=\"800\" title=\"\"><\/p>\n<p>FMP olarak, m\u00fc\u015fterilerimize y\u00fcksek kaliteli ve g\u00fcvenilir in\u015faat makinesi aksesuarlar\u0131 ve eksiksiz makine \u00e7\u00f6z\u00fcmleri sunmaya kararl\u0131y\u0131z. Modern fabrika tesislerimiz, CNC tak\u0131m tezgahlar\u0131m\u0131z, bilgisayar destekli tasar\u0131m\u0131m\u0131z, kalifiye \u00e7al\u0131\u015fanlar\u0131m\u0131z, hidrolik sistem uzmanlar\u0131m\u0131z, silindir montajc\u0131lar\u0131m\u0131z ve bayilerimizle, hidrolik silindir, silindir kiti ve bile\u015fen ihtiya\u00e7lar\u0131n\u0131z\u0131 kar\u015f\u0131lamak i\u00e7in tercih edilen orta\u011f\u0131z.<\/p>\n<p>Yazar: CX<\/p>","protected":false},"excerpt":{"rendered":"<p>Italy Factory Supply Engineering Hydraulic Ram Cylinder Tractor Power Steering Cylinder The Italy Factory Supply Engineering Hydraulic Ram Cylinder Tractor Power Steering Cylinder is a high-quality hydraulic ram cylinder designed specifically for use in tractors&#8217; power steering systems. Manufactured in Italy, this cylinder is built to the highest standards of quality and performance. With its [&hellip;]<\/p>","protected":false},"featured_media":2764,"comment_status":"closed","ping_status":"closed","template":"","meta":{"_et_pb_use_builder":"","_et_pb_old_content":"","_et_gb_content_width":""},"product_brand":[],"product_cat":[67],"product_tag":[34,70],"class_list":{"0":"post-2763","1":"product","2":"type-product","3":"status-publish","4":"has-post-thumbnail","6":"product_cat-steering-hydraulic-cylinder","7":"product_tag-hydraulic-cylinder","8":"product_tag-steering-hydraulic-cylinder","10":"first","11":"instock","12":"product-type-simple"},"_links":{"self":[{"href":"https:\/\/fmp-components.com\/tr\/wp-json\/wp\/v2\/product\/2763","targetHints":{"allow":["GET"]}}],"collection":[{"href":"https:\/\/fmp-components.com\/tr\/wp-json\/wp\/v2\/product"}],"about":[{"href":"https:\/\/fmp-components.com\/tr\/wp-json\/wp\/v2\/types\/product"}],"replies":[{"embeddable":true,"href":"https:\/\/fmp-components.com\/tr\/wp-json\/wp\/v2\/comments?post=2763"}],"wp:featuredmedia":[{"embeddable":true,"href":"https:\/\/fmp-components.com\/tr\/wp-json\/wp\/v2\/media\/2764"}],"wp:attachment":[{"href":"https:\/\/fmp-components.com\/tr\/wp-json\/wp\/v2\/media?parent=2763"}],"wp:term":[{"taxonomy":"product_brand","embeddable":true,"href":"https:\/\/fmp-components.com\/tr\/wp-json\/wp\/v2\/product_brand?post=2763"},{"taxonomy":"product_cat","embeddable":true,"href":"https:\/\/fmp-components.com\/tr\/wp-json\/wp\/v2\/product_cat?post=2763"},{"taxonomy":"product_tag","embeddable":true,"href":"https:\/\/fmp-components.com\/tr\/wp-json\/wp\/v2\/product_tag?post=2763"}],"curies":[{"name":"wp","href":"https:\/\/api.w.org\/{rel}","templated":true}]}}