{"id":2751,"date":"2025-01-04T05:11:17","date_gmt":"2025-01-04T05:11:17","guid":{"rendered":"https:\/\/fmp-components.com\/?page_id=8"},"modified":"2025-01-04T05:11:18","modified_gmt":"2025-01-04T05:11:18","slug":"grader-driven-rake-gearbox-ep-dx300-2-for-powered-harrow","status":"publish","type":"product","link":"https:\/\/fmp-components.com\/tr\/product\/grader-driven-rake-gearbox-ep-dx300-2-for-powered-harrow\/","title":{"rendered":"Motorlu T\u0131rm\u0131k i\u00e7in Greyder Tahrikli T\u0131rm\u0131k Di\u015fli Kutusu EP-DX300-2"},"content":{"rendered":"<h2><img loading=\"lazy\" decoding=\"async\" class=\"size-full wp-image-2756 aligncenter\" src=\"https:\/\/fmp-components.com\/wp-content\/uploads\/2025\/01\/Grader-Driven-Rake-Gearbox-EP-DX300-2-Features1.webp\" alt=\"Greyder Tahrikli T\u0131rm\u0131k \u015eanz\u0131manl\u0131 EP DX300 2 \u00d6zellikler (1)\" width=\"1024\" height=\"828\" title=\"\" srcset=\"https:\/\/fmp-components.com\/wp-content\/uploads\/2025\/01\/Grader-Driven-Rake-Gearbox-EP-DX300-2-Features1.webp 1024w, https:\/\/fmp-components.com\/wp-content\/uploads\/2025\/01\/Grader-Driven-Rake-Gearbox-EP-DX300-2-Features1-980x792.webp 980w, https:\/\/fmp-components.com\/wp-content\/uploads\/2025\/01\/Grader-Driven-Rake-Gearbox-EP-DX300-2-Features1-480x388.webp 480w\" sizes=\"(min-width: 0px) and (max-width: 480px) 480px, (min-width: 481px) and (max-width: 980px) 980px, (min-width: 981px) 1024px, 100vw\" \/><\/h2>\n<h2>Greyder Tahrikli T\u0131rm\u0131k \u015eanz\u0131man FMP-DX300-2 Boyutlar\u0131\u00a0<img loading=\"lazy\" decoding=\"async\" class=\"alignnone size-full wp-image-2752\" src=\"https:\/\/fmp-components.com\/wp-content\/uploads\/2025\/01\/Grader-Driven-Rake-Gearbox-EP-DX300-2-Dimensions.webp\" alt=\"Greyder Tahrikli T\u0131rm\u0131k \u015eanz\u0131manl\u0131 EP DX300 2 Boyutlu\" width=\"1137\" height=\"785\" title=\"\" srcset=\"https:\/\/fmp-components.com\/wp-content\/uploads\/2025\/01\/Grader-Driven-Rake-Gearbox-EP-DX300-2-Dimensions.webp 1137w, https:\/\/fmp-components.com\/wp-content\/uploads\/2025\/01\/Grader-Driven-Rake-Gearbox-EP-DX300-2-Dimensions-980x677.webp 980w, https:\/\/fmp-components.com\/wp-content\/uploads\/2025\/01\/Grader-Driven-Rake-Gearbox-EP-DX300-2-Dimensions-480x331.webp 480w\" sizes=\"(min-width: 0px) and (max-width: 480px) 480px, (min-width: 481px) and (max-width: 980px) 980px, (min-width: 981px) 1137px, 100vw\" \/> Greyder Tahrikli T\u0131rm\u0131k \u015eanz\u0131man FMP-DX300-2 D\u00f6n\u00fc\u015f<\/h2>\n<h2><img loading=\"lazy\" decoding=\"async\" class=\"alignnone size-full wp-image-2753\" src=\"https:\/\/fmp-components.com\/wp-content\/uploads\/2025\/01\/32LBLUCr-Grader-Driven-Rake-Gearbox-EP-DX300-2-Turn.webp\" alt=\"32LBLUCr-Greyder Tahrikli T\u0131rm\u0131k \u015eanz\u0131man-EP-DX300-2-Turn\" width=\"1303\" height=\"347\" title=\"\" srcset=\"https:\/\/fmp-components.com\/wp-content\/uploads\/2025\/01\/32LBLUCr-Grader-Driven-Rake-Gearbox-EP-DX300-2-Turn.webp 1303w, https:\/\/fmp-components.com\/wp-content\/uploads\/2025\/01\/32LBLUCr-Grader-Driven-Rake-Gearbox-EP-DX300-2-Turn-1280x341.webp 1280w, https:\/\/fmp-components.com\/wp-content\/uploads\/2025\/01\/32LBLUCr-Grader-Driven-Rake-Gearbox-EP-DX300-2-Turn-980x261.webp 980w, https:\/\/fmp-components.com\/wp-content\/uploads\/2025\/01\/32LBLUCr-Grader-Driven-Rake-Gearbox-EP-DX300-2-Turn-480x128.webp 480w\" sizes=\"(min-width: 0px) and (max-width: 480px) 480px, (min-width: 481px) and (max-width: 980px) 980px, (min-width: 981px) and (max-width: 1280px) 1280px, (min-width: 1281px) 1303px, 100vw\" \/><\/h2>\n<h2>Greyder Tahrikli T\u0131rm\u0131k \u015eanz\u0131man\u0131 FMP-DX300-2 Teknik Verileri<\/h2>\n<table style=\"width: 101.518%; height: 166px;\" border=\"1\" cellspacing=\"0\" cellpadding=\"0\">\n<tbody>\n<tr>\n<td colspan=\"2\" rowspan=\"2\">Ben<\/td>\n<td rowspan=\"2\">Uygun<\/td>\n<td>Rpm giri\u015fi<\/td>\n<td>Rpm \u00e7\u0131k\u0131\u015f\u0131<\/td>\n<td>KW(Nom)<\/td>\n<td>KW(Maks.)<\/td>\n<td rowspan=\"2\">Di\u015f \u00e7\u0131karma<\/td>\n<\/tr>\n<tr>\n<td>dev\/dak<\/td>\n<td>dev\/dak<\/td>\n<td>hp<\/td>\n<td>hp<\/td>\n<\/tr>\n<tr>\n<td>Yava\u015flamak<\/td>\n<td>2.47:1<\/td>\n<td rowspan=\"3\">Motorlu T\u0131rm\u0131k<\/td>\n<td>1000<\/td>\n<td>404<\/td>\n<td rowspan=\"3\">200<\/td>\n<td>3500<\/td>\n<td rowspan=\"3\">Gleason Helisel<br \/>\nDi\u015fler<\/td>\n<\/tr>\n<tr>\n<td>Yava\u015flamak<\/td>\n<td>2.63:1<\/td>\n<td>1000<\/td>\n<td>380<\/td>\n<td>3700<\/td>\n<\/tr>\n<tr>\n<td>Yava\u015flamak<\/td>\n<td>2.04:1<\/td>\n<td>850<\/td>\n<td>416<\/td>\n<td>3400<\/td>\n<\/tr>\n<tr>\n<td colspan=\"8\">Not: Herhangi bir \u00f6zel iste\u011finiz varsa l\u00fctfen bana bildirin, \u00f6zel sipari\u015fleri de kabul ediyoruz.<\/td>\n<\/tr>\n<\/tbody>\n<\/table>\n<h2>FMP-DX300-2 Greyder Tahrikli T\u0131rm\u0131k \u015eanz\u0131man\u0131n\u0131n \u00d6zellikleri ve Bile\u015fenleri<\/h2>\n<p>Greyder Tahrikli T\u0131rm\u0131k \u015eanz\u0131man Kutusu FMP-DX300-2, \u00f6zellikle greyder ve t\u0131rm\u0131klar olmak \u00fczere tar\u0131m makinelerinde kullan\u0131lmak \u00fczere tasarlanm\u0131\u015f y\u00fcksek performansl\u0131 bir \u015fanz\u0131mand\u0131r. Bu \u015fanz\u0131man, trakt\u00f6rden t\u0131rm\u0131\u011fa g\u00fcc\u00fc verimli bir \u015fekilde aktarmak ve saman t\u0131rm\u0131klama, arazi tesviyesi ve di\u011fer tar\u0131msal i\u015fler gibi a\u011f\u0131r hizmet uygulamalar\u0131nda optimum performans sa\u011flamak \u00fczere tasarlanm\u0131\u015ft\u0131r.<\/p>\n<h3>FMP-DX300-2'nin Temel \u00d6zellikleri:<\/h3>\n<ol>\n<li><strong>Y\u00fcksek Tork Kullan\u0131m\u0131<\/strong>: FMP-DX300-2, tar\u0131msal ortamlarda tipik olan a\u011f\u0131r hizmet ko\u015fullar\u0131nda bile g\u00fcvenilir \u00e7al\u0131\u015fmay\u0131 garanti ederek y\u00fcksek torklu y\u00fckleri kald\u0131racak \u015fekilde \u00fcretilmi\u015ftir.<\/li>\n<li><strong>Dayan\u0131kl\u0131l\u0131k ve G\u00fcvenilirlik<\/strong>: Y\u00fcksek mukavemetli malzemelerden \u00fcretilen \u015fanz\u0131man, uzun \u00f6m\u00fcrl\u00fc performans i\u00e7in tasarlanm\u0131\u015ft\u0131r. A\u015f\u0131nmaya ve y\u0131pranmaya kar\u015f\u0131 dayan\u0131kl\u0131d\u0131r, bu da onu zorlu tar\u0131m ko\u015fullar\u0131nda s\u00fcrekli kullan\u0131m i\u00e7in ideal hale getirir.<\/li>\n<li><strong>Optimize Edilmi\u015f G\u00fc\u00e7 \u0130letimi<\/strong>: \u015eanz\u0131man, trakt\u00f6r\u00fcn PTO'sundan t\u0131rm\u0131k sistemine verimli g\u00fc\u00e7 aktar\u0131m\u0131n\u0131 sa\u011flayarak, makinenin genel verimlili\u011fini art\u0131r\u0131r ve \u00e7al\u0131\u015fma s\u0131ras\u0131ndaki enerji kay\u0131plar\u0131n\u0131 azalt\u0131r.<\/li>\n<li><strong>\u00d6zelle\u015ftirilebilir Di\u015fli Oranlar\u0131<\/strong>: Birden fazla di\u015fli oran\u0131yla sunulan FMP-DX300-2, \u00e7e\u015fitli tar\u0131m uygulamalar\u0131na uyacak \u015fekilde uyarlanabilir ve farkl\u0131 makine tipleri ve operasyonel ihtiya\u00e7lar i\u00e7in optimum performans sa\u011flar.<\/li>\n<li><strong>Kompakt ve Hafif Tasar\u0131m<\/strong>: FMP-DX300-2, sa\u011flam yap\u0131s\u0131na ra\u011fmen kompakt ve hafif olacak \u015fekilde tasarlanm\u0131\u015ft\u0131r ve dayan\u0131kl\u0131l\u0131ktan \u00f6d\u00fcn vermeden \u00e7e\u015fitli tar\u0131m ekipmanlar\u0131yla kolay kurulum ve entegrasyona olanak tan\u0131r.<\/li>\n<\/ol>\n<h3>FMP-DX300-2'nin Temel Bile\u015fenleri:<\/h3>\n<ol>\n<li><strong>Giri\u015f Mili<\/strong>: Giri\u015f mili, trakt\u00f6r\u00fcn PTO'sundan gelen d\u00f6nme g\u00fcc\u00fcn\u00fc \u015fanz\u0131mana aktarmaktan sorumludur. Y\u00fcksek giri\u015f torkunu kald\u0131racak ve sorunsuz g\u00fc\u00e7 aktar\u0131m\u0131 sa\u011flayacak \u015fekilde tasarlanm\u0131\u015ft\u0131r.<\/li>\n<li><strong>Di\u015fli Seti<\/strong>: \u015eanz\u0131man\u0131n kalbi olan di\u015fli tak\u0131m\u0131, d\u00f6n\u00fc\u015f h\u0131z\u0131n\u0131 ve torku ayarlamaktan sorumludur. Hassas tasar\u0131ml\u0131 di\u015fliler, g\u00fc\u00e7 aktar\u0131m\u0131nda p\u00fcr\u00fczs\u00fcz bir ge\u00e7i\u015f ve y\u00fcksek verimlilik sa\u011flar.<\/li>\n<li><strong>\u00c7\u0131k\u0131\u015f Mili<\/strong>: \u00c7\u0131k\u0131\u015f mili, di\u015fli kutusunu t\u0131rm\u0131k sistemine ba\u011flayarak ekipman\u0131 \u00e7al\u0131\u015ft\u0131rmak i\u00e7in gereken mekanik enerjiyi iletir.<\/li>\n<li><strong>Rulmanlar<\/strong>: Y\u00fcksek kaliteli rulmanlar, d\u00f6nen bile\u015fenleri destekleyerek s\u00fcrt\u00fcnmeyi azalt\u0131r ve sorunsuz \u00e7al\u0131\u015fma sa\u011flar. Rulmanlar, a\u011f\u0131r y\u00fckleri ve y\u00fcksek h\u0131zlar\u0131 kald\u0131racak \u015fekilde tasarlanm\u0131\u015ft\u0131r ve dayan\u0131kl\u0131l\u0131k ve g\u00fcvenilirlik sa\u011flar.<\/li>\n<li><strong>Konut<\/strong>: \u015eanz\u0131man muhafazas\u0131, i\u00e7 bile\u015fenleri koruyan dayan\u0131kl\u0131 ve korozyona dayan\u0131kl\u0131 malzemelerden \u00fcretilmi\u015ftir. Yap\u0131sal b\u00fct\u00fcnl\u00fck sa\u011flar ve \u015fanz\u0131man\u0131 toz, nem ve d\u00f6k\u00fcnt\u00fc gibi d\u0131\u015f \u00e7evre fakt\u00f6rlerinden korur.<\/li>\n<\/ol>\n<p>The <strong>FMP-DX300-2 Greyder Tahrikli T\u0131rm\u0131k \u015eanz\u0131man\u0131<\/strong> Zorlu tar\u0131m uygulamalar\u0131 i\u00e7in tasarlanm\u0131\u015f, son derece dayan\u0131kl\u0131, verimli ve g\u00fcvenilir bir \u015fanz\u0131mand\u0131r. Y\u00fcksek tork kapasitesi, \u00f6zelle\u015ftirilebilir di\u015fli oranlar\u0131 ve d\u00fc\u015f\u00fck bak\u0131m gereksinimleriyle, uzun vadeli performans sa\u011flarken optimum g\u00fc\u00e7 aktar\u0131m\u0131 sa\u011flar. \u015eanz\u0131man\u0131n hassas m\u00fchendisli\u011fi ve sa\u011flam bile\u015fenleri, onu a\u011f\u0131r hizmet tipi tar\u0131m makineleri i\u00e7in ideal bir se\u00e7im haline getirerek verimlili\u011fi art\u0131r\u0131r ve ar\u0131za s\u00fcresini en aza indirir.<\/p>\n<h2><img loading=\"lazy\" decoding=\"async\" class=\"alignnone size-full wp-image-2754\" src=\"https:\/\/fmp-components.com\/wp-content\/uploads\/2025\/01\/ZIe4i3OO-Power-Driven-Harrow-Gearbox-EP-DX300-2-Lubrication-and-Maintenance-11.webp\" alt=\"ZIe4i3OO-G\u00fc\u00e7 Tahrikli T\u0131rm\u0131k \u015eanz\u0131man-EP-DX300-2-Ya\u011flama-ve-Bak\u0131m-1(1)\" width=\"950\" height=\"715\" title=\"\" srcset=\"https:\/\/fmp-components.com\/wp-content\/uploads\/2025\/01\/ZIe4i3OO-Power-Driven-Harrow-Gearbox-EP-DX300-2-Lubrication-and-Maintenance-11.webp 950w, https:\/\/fmp-components.com\/wp-content\/uploads\/2025\/01\/ZIe4i3OO-Power-Driven-Harrow-Gearbox-EP-DX300-2-Lubrication-and-Maintenance-11-480x361.webp 480w\" sizes=\"(min-width: 0px) and (max-width: 480px) 480px, (min-width: 481px) 950px, 100vw\" \/><\/h2>\n<div class=\"flex-shrink-0 flex flex-col relative items-end\">\n<div>\n<div class=\"pt-0\">\n<div class=\"gizmo-bot-avatar flex h-8 w-8 items-center justify-center overflow-hidden rounded-full\">\n<div class=\"relative p-1 rounded-sm flex items-center justify-center bg-token-main-surface-primary text-token-text-primary h-8 w-8\">\n<h3>G\u00fc\u00e7 Tahrikli T\u0131rm\u0131k Red\u00fckt\u00f6r\u00fc FMP-DX300-2'nin Uygulamalar\u0131:<\/h3>\n<\/div>\n<\/div>\n<\/div>\n<\/div>\n<\/div>\n<div class=\"group\/conversation-turn relative flex w-full min-w-0 flex-col agent-turn\">\n<div class=\"flex-col gap-1 md:gap-3\">\n<div class=\"flex max-w-full flex-col flex-grow\">\n<div class=\"min-h-8 text-message flex w-full flex-col items-end gap-2 whitespace-normal break-words text-start [.text-message+&amp;]:mt-5\" dir=\"auto\" data-message-author-role=\"assistant\" data-message-id=\"99c21c94-b9e3-4719-b75e-da3f57305c74\" data-message-model-slug=\"gpt-4o\">\n<div class=\"flex w-full flex-col gap-1 empty:hidden first:pt-[3px]\">\n<div class=\"markdown prose w-full break-words dark:prose-invert light\">\n<p>G\u00fc\u00e7 Tahrikli T\u0131rm\u0131k \u015eanz\u0131man FMP-DX300-2, \u00f6zellikle t\u0131rm\u0131klama ve toprak haz\u0131rlama i\u015fleri olmak \u00fczere tar\u0131m ekipmanlar\u0131 i\u00e7in tasarlanm\u0131\u015ft\u0131r. Trakt\u00f6r\u00fcn PTO'sundan t\u0131rm\u0131\u011fa g\u00fcvenilir g\u00fc\u00e7 aktar\u0131m\u0131 sa\u011flayarak yo\u011fun tar\u0131m faaliyetleri s\u0131ras\u0131nda optimum performans sa\u011flar. FMP-DX300-2 \u015fanz\u0131man\u0131n\u0131n temel uygulamalar\u0131 a\u015fa\u011f\u0131dad\u0131r:<\/p>\n<ol>\n<li><strong>Toprak Haz\u0131rlama ve \u0130\u015fleme<\/strong>:\n<ul>\n<li><strong>Birincil ve \u0130kincil Toprak \u0130\u015fleme<\/strong>: FMP-DX300-2, hem birincil hem de ikincil toprak i\u015fleme operasyonlar\u0131nda kullan\u0131l\u0131r ve optimum ekim ko\u015fullar\u0131 i\u00e7in topra\u011f\u0131 par\u00e7alamaya ve havaland\u0131rmaya yard\u0131mc\u0131 olur. Y\u00fcksek tork kapasitesi, onu hem s\u0131\u011f hem de derin toprak i\u015fleme i\u00e7in etkili k\u0131lar.<\/li>\n<li><strong>Tohum Yata\u011f\u0131 Haz\u0131rl\u0131\u011f\u0131<\/strong>: \u015eanz\u0131man, ince ve d\u00fczg\u00fcn bir tohum yata\u011f\u0131 olu\u015fturmak i\u00e7in gerekli olan t\u0131rm\u0131klar\u0131 \u00e7al\u0131\u015ft\u0131r\u0131r. Bu, tah\u0131llar, sebzeler ve \u00e7imlenme i\u00e7in tutarl\u0131 toprak ko\u015fullar\u0131 gerektiren di\u011fer \u00fcr\u00fcnler i\u00e7in kritik \u00f6neme sahiptir.<\/li>\n<\/ul>\n<\/li>\n<li><strong>Yabanc\u0131 Ot Kontrol\u00fc i\u00e7in T\u0131rm\u0131klama<\/strong>:\n<ul>\n<li><strong>Yabanc\u0131 Ot Y\u00f6netimi<\/strong>: \u015eanz\u0131man, t\u0131rm\u0131\u011f\u0131n s\u0131\u011f derinliklerde topra\u011f\u0131 i\u015fleme, yabani otlar\u0131 s\u00f6kme ve topra\u011f\u0131 daha iyi \u00fcr\u00fcn yeti\u015ftirmeye haz\u0131rlama yetene\u011fini g\u00fc\u00e7lendirir. \u0130stenilen \u00fcr\u00fcnlere verilen zarar\u0131 en aza indirirken yabani ot b\u00fcy\u00fcmesinin par\u00e7alanmas\u0131na yard\u0131mc\u0131 olur.<\/li>\n<li><strong>Y\u00fczey Ay\u0131klama<\/strong>:T\u0131rm\u0131\u011f\u0131n do\u011fru h\u0131z ve derinlikte s\u00fcr\u00fclmesiyle \u015fanz\u0131man, y\u00fczeydeki yabanc\u0131 otlar\u0131n temizlenmesini sa\u011flayarak besin ve nem i\u00e7in rekabeti azalt\u0131r.<\/li>\n<\/ul>\n<\/li>\n<li><strong>Hasat Sonras\u0131 Tarla Bak\u0131m\u0131<\/strong>:\n<ul>\n<li><strong>Saha Kal\u0131nt\u0131 Y\u00f6netimi<\/strong>Hasattan sonra, \u015fanz\u0131manl\u0131 t\u0131rm\u0131k, \u00fcr\u00fcn art\u0131klar\u0131n\u0131n par\u00e7alanmas\u0131na ve tarlaya e\u015fit \u015fekilde da\u011f\u0131t\u0131lmas\u0131na yard\u0131mc\u0131 olur. Bu i\u015flem, toprak verimlili\u011fi ve ek kimyasal i\u015flem ihtiyac\u0131n\u0131 en aza indirmek i\u00e7in \u00f6nemlidir.<\/li>\n<li><strong>An\u0131z Birle\u015ftirme<\/strong>:T\u0131rm\u0131k ayr\u0131ca an\u0131z ekiminde de kullan\u0131labilir, toprak yap\u0131s\u0131n\u0131 iyile\u015ftirir ve bitki art\u0131klar\u0131n\u0131 toprakla \u00f6rterek erozyon riskini azalt\u0131r.<\/li>\n<\/ul>\n<\/li>\n<li><strong>D\u00fczeltme ve P\u00fcr\u00fczs\u00fczle\u015ftirme<\/strong>:\n<ul>\n<li><strong>Toprak Tesviyesi<\/strong>: FMP-DX300-2 \u015fanz\u0131man\u0131, genellikle arazi tesviyesi yapan t\u0131rm\u0131klarla birlikte kullan\u0131l\u0131r. \u015eanz\u0131man, t\u0131rm\u0131\u011f\u0131n di\u015flerini veya disklerini kontrol ederek topra\u011f\u0131n e\u015fit \u015fekilde yay\u0131lmas\u0131n\u0131 sa\u011flar; bu da su tutma ve verimli sulama i\u00e7in \u00f6nemlidir.<\/li>\n<li><strong>Y\u00fczey D\u00fczeltme<\/strong>: \u015eanz\u0131man, t\u0131rm\u0131\u011f\u0131n tutarl\u0131 bir \u015fekilde \u00e7al\u0131\u015fmas\u0131n\u0131 sa\u011flayarak, e\u015fit tohum yata\u011f\u0131 ko\u015fullar\u0131 i\u00e7in toprak y\u00fczeyinin d\u00fczeltilmesine yard\u0131mc\u0131 olur ve d\u00fczensiz \u00fcr\u00fcn b\u00fcy\u00fcmesi riskini azalt\u0131r.<\/li>\n<\/ul>\n<\/li>\n<li><strong>Arazi Islah\u0131<\/strong>:\n<ul>\n<li><strong>Bozulmu\u015f Topra\u011f\u0131n Onar\u0131lmas\u0131<\/strong>: \u015eanz\u0131man, s\u0131k\u0131\u015fm\u0131\u015f, bozulmu\u015f veya sertle\u015fmi\u015f topra\u011f\u0131n gev\u015fetilerek havaland\u0131r\u0131ld\u0131\u011f\u0131 ve yeniden ekim veya restorasyona haz\u0131rland\u0131\u011f\u0131 arazi \u0131slah \u00e7al\u0131\u015fmalar\u0131nda kullan\u0131lan motorlu t\u0131rm\u0131klara yard\u0131mc\u0131 olur. Bu, a\u015f\u0131r\u0131 tar\u0131m yap\u0131lan veya erozyona maruz kalan b\u00f6lgelerde yayg\u0131nd\u0131r.<\/li>\n<li><strong>Toprak Havaland\u0131rmas\u0131n\u0131n \u0130yile\u015ftirilmesi<\/strong>: Di\u015fli kutusu, t\u0131rm\u0131klama ekipman\u0131na gerekli g\u00fcc\u00fc sa\u011flayarak topra\u011f\u0131n havalanmas\u0131na yard\u0131mc\u0131 olur; bu da su s\u0131zmas\u0131n\u0131, k\u00f6k geli\u015fimini ve toprak sa\u011fl\u0131\u011f\u0131n\u0131 iyile\u015ftirmek i\u00e7in \u00e7ok \u00f6nemlidir.<\/li>\n<\/ul>\n<\/li>\n<\/ol>\n<p>FMP-DX300-2 Motorlu T\u0131rm\u0131k \u015eanz\u0131man\u0131, \u00e7ok \u00e7e\u015fitli tar\u0131msal g\u00f6revler i\u00e7in idealdir. Y\u00fcksek tork kapasitesi ve g\u00fcvenilirli\u011fi, onu toprak haz\u0131rlama, yabanc\u0131 ot kontrol\u00fc, hasat sonras\u0131 tarla bak\u0131m\u0131, tesviye ve hatta arazi \u0131slah\u0131 \u00e7al\u0131\u015fmalar\u0131 i\u00e7in uygun hale getirir. \u0130ster toprak i\u015fleme, ister kal\u0131nt\u0131 y\u00f6netimi veya mera yenileme i\u00e7in kullan\u0131ls\u0131n, bu \u015fanz\u0131man toprak sa\u011fl\u0131\u011f\u0131n\u0131 iyile\u015ftirmede, daha iyi \u00fcr\u00fcn verimi sa\u011flamada ve genel \u00e7iftlik verimlili\u011fini art\u0131rmada \u00f6nemli bir rol oynar. \u00c7ok y\u00f6nl\u00fcl\u00fc\u011f\u00fc, onu hem b\u00fcy\u00fck \u00f6l\u00e7ekli ticari \u00e7ift\u00e7ilik hem de k\u00fc\u00e7\u00fck i\u015fletmeler i\u00e7in modern tar\u0131m ekipmanlar\u0131nda de\u011ferli bir bile\u015fen haline getirir.<\/p>\n<\/div>\n<\/div>\n<\/div>\n<\/div>\n<\/div>\n<\/div>\n<h2><img loading=\"lazy\" decoding=\"async\" class=\"alignnone size-full wp-image-2755\" src=\"https:\/\/fmp-components.com\/wp-content\/uploads\/2025\/01\/Power-Driven-Harrow-Gearbox-EP-DX300-2-Lubrication-and-Maintenance-21.webp\" alt=\"G\u00fc\u00e7 Tahrikli T\u0131rm\u0131k \u015eanz\u0131man EP DX300 2 Ya\u011flama ve Bak\u0131m 2(1)\" width=\"950\" height=\"715\" title=\"\" srcset=\"https:\/\/fmp-components.com\/wp-content\/uploads\/2025\/01\/Power-Driven-Harrow-Gearbox-EP-DX300-2-Lubrication-and-Maintenance-21.webp 950w, https:\/\/fmp-components.com\/wp-content\/uploads\/2025\/01\/Power-Driven-Harrow-Gearbox-EP-DX300-2-Lubrication-and-Maintenance-21-480x361.webp 480w\" sizes=\"(min-width: 0px) and (max-width: 480px) 480px, (min-width: 481px) 950px, 100vw\" \/><\/h2>\n<h2>FMP Hakk\u0131nda<\/h2>\n<p>\u0130talya merkezli FMP, \u00f6zellikle tar\u0131m makineleri sekt\u00f6r\u00fcne odaklanarak, y\u00fcksek performansl\u0131 di\u015fli kutular\u0131 tasarlama, geli\u015ftirme ve \u00fcretme konusundaki uzmanl\u0131\u011f\u0131yla tan\u0131nan lider bir \u00fcreticidir. Hassas m\u00fchendislik, yenilik\u00e7i \u00e7\u00f6z\u00fcmler ve ola\u011fan\u00fcst\u00fc g\u00fcvenilirli\u011fiyle tan\u0131nan FMP, hem tar\u0131m hem de end\u00fcstriyel sekt\u00f6rler i\u00e7in g\u00fcvenilir bir ortak olarak \u00fcn kazanm\u0131\u015ft\u0131r. Geni\u015f \u00fcr\u00fcn portf\u00f6y\u00fcm\u00fcz, \u00e7im bi\u00e7me makineleri i\u00e7in \u00f6zel olarak tasarlanm\u0131\u015f di\u015fli kutular\u0131, kuyruk mili milleri ve \u00e7ok \u00e7e\u015fitli uygulamalar\u0131n \u00e7e\u015fitli taleplerini kar\u015f\u0131lamak \u00fczere tasarlanm\u0131\u015f \u00e7e\u015fitli temel bile\u015fenleri i\u00e7erir.<\/p>\n<p>FMP olarak, her m\u00fc\u015fterinin kendine \u00f6zg\u00fc zorluklar\u0131 ve gereksinimleri oldu\u011funun bilincindeyiz. Bu nedenle, ister bireysel bile\u015fenler ister tamamen entegre sistemler i\u00e7in olsun, \u00f6zelle\u015ftirilmi\u015f \u00e7\u00f6z\u00fcmler sunma konusunda uzmanla\u015f\u0131yoruz. M\u00fc\u015fterilerimizle yak\u0131n i\u015f birli\u011fi i\u00e7inde \u00e7al\u0131\u015farak, her \u00e7\u00f6z\u00fcm\u00fcn yaln\u0131zca \u00f6zel ihtiya\u00e7lar\u0131n\u0131 kar\u015f\u0131lamakla kalmay\u0131p, ayn\u0131 zamanda performans ve de\u011feri de en \u00fcst d\u00fczeye \u00e7\u0131karmas\u0131n\u0131 sa\u011fl\u0131yoruz. H\u0131zl\u0131 ve profesyonel yan\u0131tlar sunma taahh\u00fcd\u00fcm\u00fcz, uzman rehberli\u011fimizle birle\u015ferek, her talebin \u00f6zen ve hassasiyetle ele al\u0131nmas\u0131n\u0131 ve m\u00fcmk\u00fcn olan en iyi sonu\u00e7lara ula\u015f\u0131lmas\u0131n\u0131 sa\u011flar.<\/p>\n<p>\u015eeffaf ve s\u00fcrekli ileti\u015fim, yakla\u015f\u0131m\u0131m\u0131z\u0131n temelini olu\u015fturur. \u00d6zverili ekibimiz, \u00fcr\u00fcn geli\u015ftirme s\u00fcreci boyunca m\u00fc\u015fterilerimizle do\u011frudan \u00e7al\u0131\u015farak gereksinimlerini derinlemesine anlar. Optimum sonu\u00e7lar elde etmek i\u00e7in de\u011ferli g\u00f6r\u00fc\u015f ve \u00f6neriler sunar\u0131z. \u0130ster son teknoloji \u00fcr\u00fcnler tasarl\u0131yor ister devam eden sipari\u015fleri kar\u015f\u0131l\u0131yor olal\u0131m, FMP her seferinde zaman\u0131nda, y\u00fcksek kaliteli ve hassas m\u00fchendislik \u00e7\u00f6z\u00fcmleri sunmaya kendini adam\u0131\u015ft\u0131r. Misyonumuz, her projede ola\u011fan\u00fcst\u00fc hizmet ve sonu\u00e7lar sunarak m\u00fc\u015fteri beklentilerini a\u015fmakt\u0131r.<\/p>\n<p>Kalite, yapt\u0131\u011f\u0131m\u0131z her \u015feyin temelidir. En y\u00fcksek \u00fcretim standartlar\u0131na ba\u011fl\u0131 kal\u0131yor ve her \u00fcr\u00fcn\u00fcn sekt\u00f6r standartlar\u0131n\u0131 kar\u015f\u0131lamas\u0131n\u0131 ve hatta a\u015fmas\u0131n\u0131 sa\u011flamak i\u00e7in s\u0131k\u0131 kalite kontrol \u00f6nlemleri uyguluyoruz. M\u00fckemmelli\u011fe olan bu ba\u011fl\u0131l\u0131\u011f\u0131m\u0131z, d\u00fcr\u00fcstl\u00fck, ekip \u00e7al\u0131\u015fmas\u0131 ve azim gibi temel de\u011ferlerimizle birlikte, d\u00fcnya \u00e7ap\u0131nda yakla\u015f\u0131k 30 \u00fclkedeki m\u00fc\u015fterilerimizle uzun s\u00fcreli, g\u00fcvene dayal\u0131 ili\u015fkiler kurmam\u0131z\u0131 sa\u011flam\u0131\u015ft\u0131r.<\/p>\n<p>FMP, k\u00fcresel ortakl\u0131klar kurmaya her zaman isteklidir ve m\u00fc\u015fterilerimizin de\u011fi\u015fen ihtiya\u00e7lar\u0131n\u0131 kar\u015f\u0131layan uzman tavsiyeleri ve \u00f6zelle\u015ftirilmi\u015f \u00e7\u00f6z\u00fcmler sunmaya kendini adam\u0131\u015ft\u0131r. Sadece \u00fcr\u00fcn tedarik etmenin \u00f6tesine ge\u00e7erek, her projenin ba\u015far\u0131s\u0131na katk\u0131da bulunan kal\u0131c\u0131 ili\u015fkiler kurmay\u0131 hedefliyoruz. \u0130ster yeni bir giri\u015fim i\u00e7in yenilik\u00e7i \u00e7\u00f6z\u00fcmlere, ister mevcut bir sistem i\u00e7in s\u00fcrekli deste\u011fe ihtiyac\u0131n\u0131z olsun, FMP teknik zorluklar\u0131n\u0131z\u0131 kar\u015f\u0131lamaya ve ba\u015far\u0131n\u0131z\u0131n devam\u0131n\u0131 sa\u011flamaya haz\u0131rd\u0131r.<\/p>\n<p><img loading=\"lazy\" decoding=\"async\" class=\"alignnone wp-image-2695\" src=\"https:\/\/fmp-components.com\/wp-content\/uploads\/2025\/01\/agricultural-gearbox3.webp\" alt=\"tar\u0131msal \u015fanz\u0131man\" width=\"953\" height=\"951\" title=\"\" srcset=\"https:\/\/fmp-components.com\/wp-content\/uploads\/2025\/01\/agricultural-gearbox3.webp 953w, https:\/\/fmp-components.com\/wp-content\/uploads\/2025\/01\/agricultural-gearbox3-480x479.webp 480w\" sizes=\"(min-width: 0px) and (max-width: 480px) 480px, (min-width: 481px) 953px, 100vw\" \/><\/p>\n<p>Yazar: CX<\/p>","protected":false},"excerpt":{"rendered":"<p>Greyder Tahrikli T\u0131rm\u0131k \u015eanz\u0131man\u0131 FMP-DX300-2 Boyutlar Greyder Tahrikli T\u0131rm\u0131k \u015eanz\u0131man\u0131 FMP-DX300-2 D\u00f6n\u00fc\u015f Greyder Tahrikli T\u0131rm\u0131k \u015eanz\u0131man\u0131 FMP-DX300-2 Teknik Veriler i Uygun Giri\u015f devri \u00c7\u0131k\u0131\u015f devri KW(Nom) KW(Maks) Di\u015f say\u0131s\u0131 dev\/dak dev\/dak hp hp Yava\u015flama 2,47:1 Tahrikli T\u0131rm\u0131k 1000 404 200 3500 Gleason Helisel Di\u015fler Yava\u015flama 2,63:1 1000 380 3700 Yava\u015flama 2,04:1 850 416 3400 A\u00e7\u0131klama: E\u011fer [\u2026]<\/p>","protected":false},"featured_media":2757,"comment_status":"open","ping_status":"closed","template":"","meta":{"_et_pb_use_builder":"","_et_pb_old_content":"","_et_gb_content_width":""},"product_brand":[],"product_cat":[66],"product_tag":[],"class_list":{"0":"post-2751","1":"product","2":"type-product","3":"status-publish","4":"has-post-thumbnail","6":"product_cat-grader-driven-rake-gearbox","8":"first","9":"instock","10":"shipping-taxable","11":"product-type-simple"},"_links":{"self":[{"href":"https:\/\/fmp-components.com\/tr\/wp-json\/wp\/v2\/product\/2751","targetHints":{"allow":["GET"]}}],"collection":[{"href":"https:\/\/fmp-components.com\/tr\/wp-json\/wp\/v2\/product"}],"about":[{"href":"https:\/\/fmp-components.com\/tr\/wp-json\/wp\/v2\/types\/product"}],"replies":[{"embeddable":true,"href":"https:\/\/fmp-components.com\/tr\/wp-json\/wp\/v2\/comments?post=2751"}],"wp:featuredmedia":[{"embeddable":true,"href":"https:\/\/fmp-components.com\/tr\/wp-json\/wp\/v2\/media\/2757"}],"wp:attachment":[{"href":"https:\/\/fmp-components.com\/tr\/wp-json\/wp\/v2\/media?parent=2751"}],"wp:term":[{"taxonomy":"product_brand","embeddable":true,"href":"https:\/\/fmp-components.com\/tr\/wp-json\/wp\/v2\/product_brand?post=2751"},{"taxonomy":"product_cat","embeddable":true,"href":"https:\/\/fmp-components.com\/tr\/wp-json\/wp\/v2\/product_cat?post=2751"},{"taxonomy":"product_tag","embeddable":true,"href":"https:\/\/fmp-components.com\/tr\/wp-json\/wp\/v2\/product_tag?post=2751"}],"curies":[{"name":"wp","href":"https:\/\/api.w.org\/{rel}","templated":true}]}}