{"id":2725,"date":"2025-01-04T02:27:50","date_gmt":"2025-01-04T02:27:50","guid":{"rendered":"https:\/\/fmp-components.com\/?page_id=8"},"modified":"2025-01-04T02:27:50","modified_gmt":"2025-01-04T02:27:50","slug":"grader-driven-rake-gearbox-fmp225-for-variable-speed-rotary-tillers-and-beaters","status":"publish","type":"product","link":"https:\/\/fmp-components.com\/tr\/product\/grader-driven-rake-gearbox-fmp225-for-variable-speed-rotary-tillers-and-beaters\/","title":{"rendered":"De\u011fi\u015fken H\u0131zl\u0131 D\u00f6ner T\u0131rm\u0131klar ve D\u00f6v\u00fcc\u00fcler i\u00e7in FMP225 Greyder Tahrikli T\u0131rm\u0131k \u015eanz\u0131man\u0131"},"content":{"rendered":"<h2>Greyder Tahrikli T\u0131rm\u0131k \u015eanz\u0131man\u0131 FMP225 Boyutlar\u0131<\/h2>\n<p><img loading=\"lazy\" decoding=\"async\" class=\"alignnone size-full wp-image-2727\" src=\"https:\/\/fmp-components.com\/wp-content\/uploads\/2025\/01\/Grader-Driven-Rake-Gearbox-FMP225-Dimensions.webp\" alt=\"Greyder Tahrikli T\u0131rm\u0131k Di\u015fli Kutusu FMP225 Boyutlar\u0131\" width=\"1212\" height=\"716\" title=\"\" srcset=\"https:\/\/fmp-components.com\/wp-content\/uploads\/2025\/01\/Grader-Driven-Rake-Gearbox-FMP225-Dimensions.webp 1212w, https:\/\/fmp-components.com\/wp-content\/uploads\/2025\/01\/Grader-Driven-Rake-Gearbox-FMP225-Dimensions-980x579.webp 980w, https:\/\/fmp-components.com\/wp-content\/uploads\/2025\/01\/Grader-Driven-Rake-Gearbox-FMP225-Dimensions-480x284.webp 480w\" sizes=\"(min-width: 0px) and (max-width: 480px) 480px, (min-width: 481px) and (max-width: 980px) 980px, (min-width: 981px) 1212px, 100vw\" \/><\/p>\n<h2>Greyder Tahrikli T\u0131rm\u0131k \u015eanz\u0131man\u0131 FMP225 D\u00f6n\u00fc\u015f<\/h2>\n<h2><img loading=\"lazy\" decoding=\"async\" class=\"alignnone size-full wp-image-2728\" src=\"https:\/\/fmp-components.com\/wp-content\/uploads\/2025\/01\/Grader-Driven-Rake-Gearbox-FMP225-Turn.webp\" alt=\"Greyder Tahrikli T\u0131rm\u0131k Di\u015fli Kutusu FMP225 D\u00f6n\u00fc\u015f\" width=\"1195\" height=\"275\" title=\"\" srcset=\"https:\/\/fmp-components.com\/wp-content\/uploads\/2025\/01\/Grader-Driven-Rake-Gearbox-FMP225-Turn.webp 1195w, https:\/\/fmp-components.com\/wp-content\/uploads\/2025\/01\/Grader-Driven-Rake-Gearbox-FMP225-Turn-980x226.webp 980w, https:\/\/fmp-components.com\/wp-content\/uploads\/2025\/01\/Grader-Driven-Rake-Gearbox-FMP225-Turn-480x110.webp 480w\" sizes=\"(min-width: 0px) and (max-width: 480px) 480px, (min-width: 481px) and (max-width: 980px) 980px, (min-width: 981px) 1195px, 100vw\" \/> \u00a0Greyder Tahrikli T\u0131rm\u0131k \u015eanz\u0131man\u0131 FMP225 Teknik Verileri<\/h2>\n<table style=\"width: 101.462%; height: 154px;\" border=\"1\" cellspacing=\"0\" cellpadding=\"0\">\n<tbody>\n<tr>\n<td colspan=\"2\" rowspan=\"2\">Ben<\/td>\n<td rowspan=\"2\">Uygun<\/td>\n<td>Rpm giri\u015fi<\/td>\n<td>Rpm \u00e7\u0131k\u0131\u015f\u0131<\/td>\n<td>KW(Nom)<\/td>\n<td>KW(Maks.)<\/td>\n<td rowspan=\"2\">Di\u015f \u00e7\u0131karma<\/td>\n<\/tr>\n<tr>\n<td>dev\/dak<\/td>\n<td>dev\/dak<\/td>\n<td>hp<\/td>\n<td>hp<\/td>\n<\/tr>\n<tr>\n<td>Yava\u015flamak<\/td>\n<td>1.93:1<\/td>\n<td rowspan=\"2\">D\u00f6ner T\u0131rm\u0131klar, D\u00f6v\u00fcc\u00fcler, vb.<\/td>\n<td>540<\/td>\n<td>280<\/td>\n<td>57<\/td>\n<td>75<\/td>\n<td rowspan=\"2\">Gleason Helisel<br \/>\nDi\u015fler<\/td>\n<\/tr>\n<tr>\n<td>Yava\u015flamak<\/td>\n<td>1.46: 1<\/td>\n<td>540<\/td>\n<td>370<\/td>\n<td>80<\/td>\n<td>110<\/td>\n<\/tr>\n<tr>\n<td colspan=\"8\">Not: Herhangi bir \u00f6zel iste\u011finiz varsa l\u00fctfen bana bildirin, \u00f6zel sipari\u015fleri de kabul ediyoruz.<\/td>\n<\/tr>\n<\/tbody>\n<\/table>\n<h2>Greyder Tahrikli T\u0131rm\u0131k \u015eanz\u0131man\u0131 FMP225 \u015eaft \u00d6l\u00e7\u00fcleri<\/h2>\n<p><img loading=\"lazy\" decoding=\"async\" class=\"alignnone size-full wp-image-2729\" src=\"https:\/\/fmp-components.com\/wp-content\/uploads\/2025\/01\/Grader-Driven-Rake-Gearbox-FMP225-Shaft-Dimensions.webp\" alt=\"Greyder Tahrikli T\u0131rm\u0131k \u015eanz\u0131man\u0131 FMP225 \u015eaft Boyutlar\u0131\" width=\"1182\" height=\"422\" title=\"\" srcset=\"https:\/\/fmp-components.com\/wp-content\/uploads\/2025\/01\/Grader-Driven-Rake-Gearbox-FMP225-Shaft-Dimensions.webp 1182w, https:\/\/fmp-components.com\/wp-content\/uploads\/2025\/01\/Grader-Driven-Rake-Gearbox-FMP225-Shaft-Dimensions-980x350.webp 980w, https:\/\/fmp-components.com\/wp-content\/uploads\/2025\/01\/Grader-Driven-Rake-Gearbox-FMP225-Shaft-Dimensions-480x171.webp 480w\" sizes=\"(min-width: 0px) and (max-width: 480px) 480px, (min-width: 481px) and (max-width: 980px) 980px, (min-width: 981px) 1182px, 100vw\" \/><\/p>\n<h2>Greyder Tahrikli T\u0131rm\u0131k \u015eanz\u0131man\u0131 FMP225 Uzatma Borusu<\/h2>\n<p><img loading=\"lazy\" decoding=\"async\" class=\"alignnone size-full wp-image-2730\" src=\"https:\/\/fmp-components.com\/wp-content\/uploads\/2025\/01\/Grader-Driven-Rake-Gearbox-FMP225-Extension-Pipe.webp\" alt=\"Greyder Tahrikli T\u0131rm\u0131k Di\u015fli Kutusu FMP225 Uzatma Borusu\" width=\"1146\" height=\"581\" title=\"\" srcset=\"https:\/\/fmp-components.com\/wp-content\/uploads\/2025\/01\/Grader-Driven-Rake-Gearbox-FMP225-Extension-Pipe.webp 1146w, https:\/\/fmp-components.com\/wp-content\/uploads\/2025\/01\/Grader-Driven-Rake-Gearbox-FMP225-Extension-Pipe-980x497.webp 980w, https:\/\/fmp-components.com\/wp-content\/uploads\/2025\/01\/Grader-Driven-Rake-Gearbox-FMP225-Extension-Pipe-480x243.webp 480w\" sizes=\"(min-width: 0px) and (max-width: 480px) 480px, (min-width: 481px) and (max-width: 980px) 980px, (min-width: 981px) 1146px, 100vw\" \/><\/p>\n<h2>Greyder Tahrikli T\u0131rm\u0131k Di\u015fli Kutusu FMP225'in Kullan\u0131m\u0131n\u0131n Avantajlar\u0131:<\/h2>\n<p>Greyder tahrikli t\u0131rm\u0131k di\u015fli kutusu FMP225, tar\u0131m, sanayi ve arazi bak\u0131m uygulamalar\u0131 i\u00e7in tercih edilen bir se\u00e7enek haline getiren \u00e7ok say\u0131da avantaj sunmaktad\u0131r. Bu di\u015fli kutusunun kullan\u0131m\u0131n\u0131n ba\u015fl\u0131ca avantajlar\u0131 a\u015fa\u011f\u0131dad\u0131r:<\/p>\n<ol>\n<li><strong>Y\u00fcksek Tork Kapasitesi<\/strong>:\n<ul>\n<li>FMP225 \u015fanz\u0131man, y\u00fcksek tork y\u00fcklerini kald\u0131racak \u015fekilde tasarlanm\u0131\u015ft\u0131r ve bu da onu yo\u011fun saman toplama, zorlu toprak ko\u015fullar\u0131 veya hatta yol tesviyesi gibi a\u011f\u0131r hizmet uygulamalar\u0131 i\u00e7in uygun hale getirir. Y\u00fcksek tork \u00e7\u0131k\u0131\u015f\u0131, y\u00fck alt\u0131nda bile sorunsuz ve verimli \u00e7al\u0131\u015fma sa\u011flar.<\/li>\n<\/ul>\n<\/li>\n<li><strong>Dayan\u0131kl\u0131 ve Uzun \u00d6m\u00fcrl\u00fc<\/strong>:\n<ul>\n<li>Y\u00fcksek kaliteli malzemeler ve hassas m\u00fchendislikle \u00fcretilen FMP225 \u015fanz\u0131man, ola\u011fan\u00fcst\u00fc dayan\u0131kl\u0131d\u0131r. Sa\u011flam yap\u0131s\u0131, zorlu ortamlarda s\u00fcrekli \u00e7al\u0131\u015fman\u0131n a\u015f\u0131nma ve y\u0131pranmas\u0131na dayanmas\u0131n\u0131 sa\u011flayarak s\u0131k bak\u0131m ve de\u011fi\u015ftirme ihtiyac\u0131n\u0131 azalt\u0131r.<\/li>\n<li>A\u015f\u0131r\u0131 hava ko\u015fullar\u0131, a\u011f\u0131r toprak ve engebeli arazi gibi zorlu \u015fartlar i\u00e7in idealdir.<\/li>\n<\/ul>\n<\/li>\n<li><strong>Verimli G\u00fc\u00e7 Aktar\u0131m\u0131<\/strong>:\n<ul>\n<li>\u015eanz\u0131man, g\u00fcc\u00fcn verimli bir \u015fekilde iletilmesini sa\u011flayarak performans\u0131 optimize eder ve enerji t\u00fcketimini azalt\u0131r. Bu da \u00f6zellikle maliyet etkinli\u011finin kritik oldu\u011fu b\u00fcy\u00fck \u00f6l\u00e7ekli tar\u0131m veya sanayi i\u015fletmelerinde daha iyi yak\u0131t verimlili\u011fi sa\u011flar.<\/li>\n<li>G\u00fcc\u00fc sorunsuz bir \u015fekilde aktarabilme \u00f6zelli\u011fi, entegre edildi\u011fi makinelerin genel verimlili\u011fini art\u0131r\u0131r.<\/li>\n<\/ul>\n<\/li>\n<li><strong>Tar\u0131msal Uygulamalarda Geli\u015ftirilmi\u015f Performans<\/strong>:\n<ul>\n<li><strong>Saman T\u0131rm\u0131klama<\/strong>FMP225, \u00f6zellikle b\u00fcy\u00fck miktarlarda saman\u0131 t\u0131rm\u0131klamada etkilidir ve optimum kurutma i\u00e7in d\u00fczg\u00fcn ve tutarl\u0131 s\u0131ralar olu\u015fturur. Bu, saman yap\u0131m s\u00fcrecinin verimlili\u011fini art\u0131rmaya yard\u0131mc\u0131 olur.<\/li>\n<li><strong>Yem ve Ot Toplama<\/strong>Yem hasat makineleri ve ot toplama sistemleri i\u00e7in ideal olan bu \u015fanz\u0131man, a\u011f\u0131r ve kal\u0131n malzemelerin i\u015flenmesinde g\u00fcvenilir performans sunar.<\/li>\n<\/ul>\n<\/li>\n<li><strong>\u00c7e\u015fitli Uygulamalarda \u00c7ok Y\u00f6nl\u00fcl\u00fck<\/strong>:\n<ul>\n<li><strong>Yol Tesviyesi<\/strong>FMP225, yol greyderlerinde son derece etkilidir ve t\u0131rm\u0131k mekanizmas\u0131na s\u00fcrekli g\u00fc\u00e7 sa\u011flar. D\u00fczg\u00fcn bir y\u00fczeyin korunmas\u0131na yard\u0131mc\u0131 olur ve hem toprak tesviyesinde hem de \u00e7ak\u0131l da\u011f\u0131t\u0131m\u0131nda kullan\u0131l\u0131r.<\/li>\n<li><strong>Toprak Haz\u0131rl\u0131\u011f\u0131<\/strong>Arazi haz\u0131rl\u0131\u011f\u0131nda kullan\u0131lan bu di\u015fli kutusu, toprak tesviyesi, i\u015flenmesi veya t\u0131rm\u0131klanmas\u0131 i\u00e7in gereken kuvvetleri kolayca kar\u015f\u0131layabilir. Bu \u00f6zelli\u011fi sayesinde tar\u0131m, in\u015faat ve end\u00fcstriyel uygulamalar i\u00e7in \u00e7ok y\u00f6nl\u00fcd\u00fcr.<\/li>\n<\/ul>\n<\/li>\n<\/ol>\n<p>Greyder tahrikli t\u0131rm\u0131k di\u015fli kutusu FMP225, y\u00fcksek tork kapasitesi, dayan\u0131kl\u0131l\u0131\u011f\u0131 ve verimlili\u011fiyle \u00f6ne \u00e7\u0131karak tar\u0131m, sanayi ve arazi bak\u0131m uygulamalar\u0131 i\u00e7in idealdir. Geli\u015fmi\u015f performans sa\u011flar, bak\u0131m ihtiya\u00e7lar\u0131n\u0131 azalt\u0131r ve \u00e7ok \u00e7e\u015fitli makinelerde \u00e7ok y\u00f6nl\u00fcl\u00fck sunar. Kompakt tasar\u0131m\u0131, kolay entegrasyonu ve minimum g\u00fcr\u00fclt\u00fc seviyesiyle FMP225, \u00e7e\u015fitli sekt\u00f6rlerdeki kullan\u0131c\u0131lara fayda sa\u011flayan sorunsuz, g\u00fcvenilir ve uygun maliyetli bir performans sunar.<\/p>\n<p><img loading=\"lazy\" decoding=\"async\" class=\"alignnone size-full wp-image-2731\" src=\"https:\/\/fmp-components.com\/wp-content\/uploads\/2025\/01\/Grader-Driven-Rake-Gearbox-FMP225-Maintainance1.webp\" alt=\"Greyder Tahrikli T\u0131rm\u0131k Di\u015fli Kutusu FMP225 Bak\u0131m\u0131 (1)\" width=\"980\" height=\"664\" title=\"\" srcset=\"https:\/\/fmp-components.com\/wp-content\/uploads\/2025\/01\/Grader-Driven-Rake-Gearbox-FMP225-Maintainance1.webp 980w, https:\/\/fmp-components.com\/wp-content\/uploads\/2025\/01\/Grader-Driven-Rake-Gearbox-FMP225-Maintainance1-480x325.webp 480w\" sizes=\"(min-width: 0px) and (max-width: 480px) 480px, (min-width: 481px) 980px, 100vw\" \/><\/p>\n<h2>Greyder Tahrikli T\u0131rm\u0131k Di\u015fli Kutusu FMP225'in Uygulamalar\u0131<\/h2>\n<p>Greyder tahrikli t\u0131rm\u0131k di\u015fli kutusu FMP225, \u00e7e\u015fitli tar\u0131msal, end\u00fcstriyel ve arazi bak\u0131m uygulamalar\u0131 i\u00e7in g\u00fcvenilir ve verimli g\u00fc\u00e7 aktar\u0131m\u0131 sa\u011flamak \u00fczere tasarlanm\u0131\u015ft\u0131r. \u0130\u015fte ba\u015fl\u0131ca uygulama alanlar\u0131ndan baz\u0131lar\u0131:<\/p>\n<p><strong>1. Tar\u0131m Makineleri:<\/strong><\/p>\n<ul>\n<li><strong>Saman T\u0131rm\u0131klama:<\/strong> FMP225, saman toplama ekipmanlar\u0131nda yayg\u0131n olarak kullan\u0131l\u0131r ve saman\u0131n verimli ve tutarl\u0131 bir \u015fekilde s\u0131ralar halinde toplanmas\u0131n\u0131 sa\u011flar. \u00d6zellikle saman bi\u00e7me sezonunda sorunsuz bir \u00e7al\u0131\u015fma sa\u011flamada \u00e7ok \u00f6nemli bir rol oynar. Y\u00fcksek tork kapasitesi, b\u00fcy\u00fck miktarlarda samanla bile etkili toplama sa\u011flar.<\/li>\n<li><strong>Yem Hasat Makineleri:<\/strong> Di\u015fli kutusu ayr\u0131ca yem hasat makinelerinde de kullan\u0131l\u0131r ve silaj i\u00e7in yem toplama ve haz\u0131rlama i\u015flemlerine yard\u0131mc\u0131 olur. T\u0131rm\u0131klama ve toplama mekanizmalar\u0131n\u0131n sorunsuz ve etkili bir \u015fekilde \u00e7al\u0131\u015fmas\u0131n\u0131 sa\u011flayarak hasat verimlili\u011fini art\u0131r\u0131r.<\/li>\n<li><strong>\u00c7im Toplama ve S\u0131ralama:<\/strong> Bu di\u015fli kutusu, \u00e7im toplama ve s\u0131ra olu\u015fturma uygulamalar\u0131nda kullan\u0131l\u0131r ve \u00e7imi kurutma ve balyalama gibi \u00e7e\u015fitli tar\u0131msal i\u015flemler i\u00e7in haz\u0131rlamaya yard\u0131mc\u0131 olur.<\/li>\n<\/ul>\n<p><strong>2. Yol Tesviyesi:<\/strong><\/p>\n<ul>\n<li><strong>Yol Greyderleri:<\/strong> FMP225, toprak tesviyesi, \u00e7ak\u0131l da\u011f\u0131t\u0131m\u0131 ve yol bak\u0131m\u0131 i\u00e7in t\u0131rm\u0131k mekanizmas\u0131n\u0131 \u00e7al\u0131\u015ft\u0131rd\u0131\u011f\u0131 yol tesviye makineleri i\u00e7in ideal bir se\u00e7imdir. D\u00fczg\u00fcn ve tutarl\u0131 g\u00fc\u00e7 sa\u011flama yetene\u011fi, hem tar\u0131msal hem de end\u00fcstriyel ortamlarda iyi tesviye edilmi\u015f yol y\u00fczeyleri olu\u015fturmak i\u00e7in onu vazge\u00e7ilmez k\u0131lar.<\/li>\n<li><strong>Toprak Tesviyesi:<\/strong> Bu \u015fanz\u0131man, yol greyderlerinin toprak ve \u00e7ak\u0131l\u0131 verimli bir \u015fekilde da\u011f\u0131tmas\u0131n\u0131, y\u00fczeyi asfaltlama veya di\u011fer i\u015flemler i\u00e7in haz\u0131rlamas\u0131n\u0131 sa\u011flar. G\u00fcvenilirli\u011fi ve tork kapasitesi, onu a\u011f\u0131r i\u015fler i\u00e7in uygun hale getirir.<\/li>\n<\/ul>\n<p><strong>3. Toprak Haz\u0131rl\u0131\u011f\u0131 ve Arazi Bak\u0131m\u0131:<\/strong><\/p>\n<ul>\n<li><strong>Arazi Tesviyesi ve Toprak \u0130\u015fleme:<\/strong> FMP225 \u015fanz\u0131man\u0131, toprak tesviyesi ve i\u015fleme i\u00e7in tasarlanm\u0131\u015f ekipmanlarda kullan\u0131l\u0131r. Topra\u011f\u0131n e\u015fit \u015fekilde da\u011f\u0131t\u0131lmas\u0131n\u0131 ve d\u00fczle\u015ftirilmesini sa\u011flayarak, ekim veya in\u015faat i\u00e7in arazinin haz\u0131rlanmas\u0131na yard\u0131mc\u0131 olur. Tork \u00e7\u0131k\u0131\u015f\u0131, zorlu toprak ko\u015fullar\u0131n\u0131n \u00fcstesinden gelmesini sa\u011flar.<\/li>\n<li><strong>Hendek ve Drenaj Bak\u0131m\u0131:<\/strong> Hendek temizleme ve drenaj sistemi bak\u0131m\u0131 gibi arazi bak\u0131m i\u015flerinde, \u015fanz\u0131man, malzemelerin ta\u015f\u0131nmas\u0131 ve d\u00fczle\u015ftirilmesinde makinelere destek sa\u011flayarak suyun do\u011fru ak\u0131\u015f\u0131n\u0131 ve drenaj\u0131n\u0131 sa\u011flar.<\/li>\n<\/ul>\n<p><strong>4. End\u00fcstriyel Uygulamalar:<\/strong><\/p>\n<ul>\n<li><strong>Malzeme Ta\u015f\u0131ma:<\/strong> Di\u015fli kutusu, kum, \u00e7ak\u0131l ve di\u011fer d\u00f6kme malzemeler gibi \u00e7e\u015fitli malzemeleri hareket ettiren, t\u0131rm\u0131klayan veya toplayan mekanizmalar\u0131 \u00e7al\u0131\u015ft\u0131rd\u0131\u011f\u0131 end\u00fcstriyel malzeme ta\u015f\u0131ma makinelerinde kullan\u0131labilir.<\/li>\n<li><strong>\u0130n\u015faat Ekipmanlar\u0131:<\/strong> \u0130n\u015faat sekt\u00f6r\u00fcnde, FMP225 \u015fanz\u0131man\u0131, kaz\u0131, tesviye ve saha haz\u0131rl\u0131\u011f\u0131 i\u00e7in kullan\u0131lan hafriyat ve arazi haz\u0131rlama makinelerine entegre edilerek verimli saha y\u00f6netimine katk\u0131da bulunabilir.<\/li>\n<\/ul>\n<p><strong>5. Kar Temizleme Ekipmanlar\u0131:<\/strong><\/p>\n<ul>\n<li><strong>Kar K\u00fcreme Ara\u00e7lar\u0131 ve Kar T\u0131rm\u0131klar\u0131:<\/strong> FMP225 \u015fanz\u0131man\u0131, kar temizleme ekipmanlar\u0131nda da kullan\u0131l\u0131r ve t\u0131rm\u0131k veya kar k\u00fcreme b\u0131\u00e7aklar\u0131n\u0131 tahrik eder. Bu uygulama, \u00f6zellikle kar birikiminin d\u00fczenli temizleme gerektirdi\u011fi ve yollar\u0131n ve patikalar\u0131n g\u00fcvenli ve eri\u015filebilir olmas\u0131n\u0131 sa\u011flamak i\u00e7in gerekli olan b\u00f6lgelerde olduk\u00e7a faydal\u0131d\u0131r.<\/li>\n<\/ul>\n<p>Greyder tahrikli t\u0131rm\u0131k di\u015fli kutusu FMP225, tar\u0131m (saman t\u0131rm\u0131klama, yem hasad\u0131, \u00e7im toplama), yol tesviyesi, toprak haz\u0131rl\u0131\u011f\u0131, end\u00fcstriyel malzeme ta\u015f\u0131ma, kar temizleme ve \u00e7im y\u00f6netimi dahil olmak \u00fczere \u00e7ok \u00e7e\u015fitli uygulamalarda kullan\u0131lan \u00e7ok y\u00f6nl\u00fc ve y\u00fcksek performansl\u0131 bir di\u015fli kutusudur. Dayan\u0131kl\u0131 tasar\u0131m\u0131, y\u00fcksek tork kapasitesi ve g\u00fcvenilir \u00e7al\u0131\u015fmas\u0131, hem tar\u0131msal hem de end\u00fcstriyel ortamlarda a\u011f\u0131r i\u015fler i\u00e7in uygun hale getirir.<\/p>\n<table style=\"border-collapse: collapse; width: 100.406%; height: 53px;\" border=\"0\" width=\"128\" cellspacing=\"0\" cellpadding=\"0\">\n<tbody>\n<tr style=\"height: 13.8pt;\">\n<td style=\"height: 13.8pt; width: 48pt;\" align=\"right\" width=\"64\" height=\"18\"><img loading=\"lazy\" decoding=\"async\" class=\"alignnone size-full wp-image-2732\" src=\"https:\/\/fmp-components.com\/wp-content\/uploads\/2025\/01\/Grader-Driven-Rake-Gearbox-FMP225-Applications-21.webp\" alt=\"Greyder Tahrikli T\u0131rm\u0131k Di\u015fli Kutusu FMP225 Uygulamalar\u0131 2(1)\" width=\"1024\" height=\"576\" title=\"\" srcset=\"https:\/\/fmp-components.com\/wp-content\/uploads\/2025\/01\/Grader-Driven-Rake-Gearbox-FMP225-Applications-21.webp 1024w, https:\/\/fmp-components.com\/wp-content\/uploads\/2025\/01\/Grader-Driven-Rake-Gearbox-FMP225-Applications-21-980x551.webp 980w, https:\/\/fmp-components.com\/wp-content\/uploads\/2025\/01\/Grader-Driven-Rake-Gearbox-FMP225-Applications-21-480x270.webp 480w\" sizes=\"(min-width: 0px) and (max-width: 480px) 480px, (min-width: 481px) and (max-width: 980px) 980px, (min-width: 981px) 1024px, 100vw\" \/><\/td>\n<td style=\"width: 48pt;\" align=\"right\" width=\"64\"><img loading=\"lazy\" decoding=\"async\" class=\"alignnone size-full wp-image-2733\" src=\"https:\/\/fmp-components.com\/wp-content\/uploads\/2025\/01\/Grader-Driven-Rake-Gearbox-FMP225-Applications-11.webp\" alt=\"Greyder Tahrikli T\u0131rm\u0131k Di\u015fli Kutusu FMP225 Uygulamalar\u0131 1(1)\" width=\"1024\" height=\"576\" title=\"\" srcset=\"https:\/\/fmp-components.com\/wp-content\/uploads\/2025\/01\/Grader-Driven-Rake-Gearbox-FMP225-Applications-11.webp 1024w, https:\/\/fmp-components.com\/wp-content\/uploads\/2025\/01\/Grader-Driven-Rake-Gearbox-FMP225-Applications-11-980x551.webp 980w, https:\/\/fmp-components.com\/wp-content\/uploads\/2025\/01\/Grader-Driven-Rake-Gearbox-FMP225-Applications-11-480x270.webp 480w\" sizes=\"(min-width: 0px) and (max-width: 480px) 480px, (min-width: 481px) and (max-width: 980px) 980px, (min-width: 981px) 1024px, 100vw\" \/><\/td>\n<\/tr>\n<\/tbody>\n<\/table>\n<h2>FMP Hakk\u0131nda<\/h2>\n<p>Merkezi \u0130talya'da bulunan FMP, \u00f6zellikle tar\u0131m makineleri sekt\u00f6r\u00fcne odaklanarak y\u00fcksek performansl\u0131 \u015fanz\u0131manlar\u0131n tasar\u0131m\u0131, geli\u015ftirilmesi ve \u00fcretimi konusunda uzmanla\u015fm\u0131\u015f \u00f6nde gelen bir \u00fcreticidir. Hassas m\u00fchendisli\u011fi, yenilik\u00e7i \u00e7\u00f6z\u00fcmleri ve sars\u0131lmaz g\u00fcvenilirli\u011fiyle tan\u0131nan FMP, hem tar\u0131m hem de sanayi pazarlar\u0131n\u0131n g\u00fcvenini kazanm\u0131\u015ft\u0131r. Geni\u015f \u00fcr\u00fcn yelpazemiz, \u00e7im bi\u00e7me makineleri, PTO milleri ve di\u011fer temel bile\u015fenler i\u00e7in \u00f6zel \u015fanz\u0131manlar i\u00e7erir ve bunlar\u0131n t\u00fcm\u00fc, \u00e7e\u015fitli uygulamalar i\u00e7in \u00f6zelle\u015ftirilmi\u015f \u00e7\u00f6z\u00fcmler sa\u011flamak \u00fczere titizlikle tasarlanm\u0131\u015ft\u0131r.<\/p>\n<p>FMP olarak, her m\u00fc\u015fterinin kendine \u00f6zg\u00fc ihtiya\u00e7lar\u0131 ve zorluklar\u0131 oldu\u011funu anl\u0131yoruz. Bu nedenle, ister tek tek bile\u015fenler isterse tamamen entegre sistemler olsun, \u00f6zel \u00e7\u00f6z\u00fcmler sunmaya \u00f6nem veriyoruz. Her \u00e7\u00f6z\u00fcm\u00fcn yaln\u0131zca etkili de\u011fil, ayn\u0131 zamanda verimli olmas\u0131n\u0131, hem performans\u0131 hem de maliyet etkinli\u011fini optimize etmesini sa\u011flamak i\u00e7in m\u00fc\u015fterilerimizle yak\u0131n i\u015fbirli\u011fi i\u00e7inde \u00e7al\u0131\u015f\u0131yoruz. H\u0131zl\u0131, profesyonel yan\u0131tlar ve uzman rehberli\u011fi sunma konusundaki kararl\u0131l\u0131\u011f\u0131m\u0131z, her sorunun hassasiyetle ele al\u0131nmas\u0131n\u0131 ve m\u00fcmk\u00fcn olan en iyi sonu\u00e7lar\u0131n elde edilmesini garanti eder.<\/p>\n<p>A\u00e7\u0131k ve s\u00fcrekli ileti\u015fim, yakla\u015f\u0131m\u0131m\u0131z\u0131n temel prensibidir. \u00d6zel ekibimiz, \u00fcr\u00fcn geli\u015ftirme s\u00fcrecinin tamam\u0131 boyunca m\u00fc\u015fterilerle i\u015f birli\u011fi yaparak, onlar\u0131n \u00f6zel ihtiya\u00e7lar\u0131n\u0131 derinlemesine anlamaya \u00e7al\u0131\u015f\u0131r. Her \u00e7\u00f6z\u00fcm\u00fcn optimize edilmesini sa\u011flamak i\u00e7in de\u011ferli bilgiler ve \u00f6neriler sunuyoruz. Yenilik\u00e7i \u00fcr\u00fcnler tasarlamaktan devam eden sipari\u015fleri yerine getirmeye kadar, FMP her zaman zaman\u0131nda, y\u00fcksek kaliteli ve hassas m\u00fchendislik \u00fcr\u00fcn\u00fc \u00e7\u00f6z\u00fcmler sunmaya kendini adam\u0131\u015ft\u0131r. Amac\u0131m\u0131z, her projede ola\u011fan\u00fcst\u00fc hizmet ve sonu\u00e7lar sa\u011flayarak m\u00fc\u015fteri beklentilerini a\u015fmakt\u0131r.<\/p>\n<p>Kalite, FMP'nin faaliyetlerinin temel ta\u015f\u0131d\u0131r. En y\u00fcksek \u00fcretim standartlar\u0131na ba\u011fl\u0131 kal\u0131yoruz ve her \u00fcr\u00fcn\u00fcn sekt\u00f6r standartlar\u0131n\u0131 kar\u015f\u0131lamas\u0131n\u0131 veya a\u015fmas\u0131n\u0131 sa\u011flamak i\u00e7in titiz kalite kontrol s\u00fcre\u00e7leri uyguluyoruz. M\u00fckemmelli\u011fe olan bu sars\u0131lmaz ba\u011fl\u0131l\u0131\u011f\u0131m\u0131z, d\u00fcr\u00fcstl\u00fck, ekip \u00e7al\u0131\u015fmas\u0131 ve azim gibi temel de\u011ferlerimizle birlikte, FMP'nin yakla\u015f\u0131k 30 \u00fclkede m\u00fc\u015fterileriyle uzun vadeli, g\u00fcvene dayal\u0131 ili\u015fkiler kurmas\u0131n\u0131 sa\u011flam\u0131\u015ft\u0131r.<\/p>\n<p>FMP, k\u00fcresel ortakl\u0131klar\u0131 geli\u015ftirmeye her zaman istekli olup, m\u00fc\u015fterilerimizin \u00e7e\u015fitli ihtiya\u00e7lar\u0131n\u0131 kar\u015f\u0131layan uzman tavsiyeleri ve \u00f6zel \u00e7\u00f6z\u00fcmler sunmaya kendini adam\u0131\u015ft\u0131r. Sadece \u00fcr\u00fcn tedarik etmiyoruz; her projenin uzun vadeli ba\u015far\u0131s\u0131na katk\u0131da bulunan kal\u0131c\u0131 ili\u015fkiler kurmay\u0131 hedefliyoruz. \u0130ster yeni bir giri\u015fim i\u00e7in yenilik\u00e7i \u00e7\u00f6z\u00fcmlere, ister mevcut bir sistem i\u00e7in s\u00fcrekli deste\u011fe ihtiyac\u0131n\u0131z olsun, FMP teknik zorluklar\u0131n\u0131z\u0131n \u00fcstesinden gelmek ve s\u00fcrekli ba\u015far\u0131n\u0131z\u0131 sa\u011flamak i\u00e7in burada.<\/p>\n<p><img loading=\"lazy\" decoding=\"async\" class=\"alignnone wp-image-2695\" src=\"https:\/\/fmp-components.com\/wp-content\/uploads\/2025\/01\/agricultural-gearbox3.webp\" alt=\"tar\u0131msal \u015fanz\u0131man\" width=\"953\" height=\"951\" title=\"\" srcset=\"https:\/\/fmp-components.com\/wp-content\/uploads\/2025\/01\/agricultural-gearbox3.webp 953w, https:\/\/fmp-components.com\/wp-content\/uploads\/2025\/01\/agricultural-gearbox3-480x479.webp 480w\" sizes=\"(min-width: 0px) and (max-width: 480px) 480px, (min-width: 481px) 953px, 100vw\" \/><\/p>\n<p>Yazar: CX<\/p>","protected":false},"excerpt":{"rendered":"<p>Grader Driven Rake Gearbox FMP225 Dimensions Grader Driven Rake Gearbox FMP225 Turn \u00a0Grader Driven Rake Gearbox FMP225 Technical Data i Suitable Rpm input Rpm output KW(Nom) KW(Max) Toothing r\/min r\/min hp hp Decelerate 1.93:1 Rotary Tillers, Beaters, etc 540 280 57 75 Gleason Helical Teeth Decelerate 1.46: 1 540 370 80 110 Remark: If you [&hellip;]<\/p>","protected":false},"featured_media":2734,"comment_status":"open","ping_status":"closed","template":"","meta":{"_et_pb_use_builder":"","_et_pb_old_content":"","_et_gb_content_width":""},"product_brand":[],"product_cat":[66],"product_tag":[],"class_list":{"0":"post-2725","1":"product","2":"type-product","3":"status-publish","4":"has-post-thumbnail","6":"product_cat-grader-driven-rake-gearbox","8":"first","9":"instock","10":"shipping-taxable","11":"product-type-simple"},"_links":{"self":[{"href":"https:\/\/fmp-components.com\/tr\/wp-json\/wp\/v2\/product\/2725","targetHints":{"allow":["GET"]}}],"collection":[{"href":"https:\/\/fmp-components.com\/tr\/wp-json\/wp\/v2\/product"}],"about":[{"href":"https:\/\/fmp-components.com\/tr\/wp-json\/wp\/v2\/types\/product"}],"replies":[{"embeddable":true,"href":"https:\/\/fmp-components.com\/tr\/wp-json\/wp\/v2\/comments?post=2725"}],"wp:featuredmedia":[{"embeddable":true,"href":"https:\/\/fmp-components.com\/tr\/wp-json\/wp\/v2\/media\/2734"}],"wp:attachment":[{"href":"https:\/\/fmp-components.com\/tr\/wp-json\/wp\/v2\/media?parent=2725"}],"wp:term":[{"taxonomy":"product_brand","embeddable":true,"href":"https:\/\/fmp-components.com\/tr\/wp-json\/wp\/v2\/product_brand?post=2725"},{"taxonomy":"product_cat","embeddable":true,"href":"https:\/\/fmp-components.com\/tr\/wp-json\/wp\/v2\/product_cat?post=2725"},{"taxonomy":"product_tag","embeddable":true,"href":"https:\/\/fmp-components.com\/tr\/wp-json\/wp\/v2\/product_tag?post=2725"}],"curies":[{"name":"wp","href":"https:\/\/api.w.org\/{rel}","templated":true}]}}