{"id":2717,"date":"2025-01-04T02:00:35","date_gmt":"2025-01-04T02:00:35","guid":{"rendered":"https:\/\/fmp-components.com\/?page_id=8"},"modified":"2025-01-04T02:02:19","modified_gmt":"2025-01-04T02:02:19","slug":"grader-driven-rake-gearbox-fmp190-for-variable-speed-rotary-tillers-and-beaters","status":"publish","type":"product","link":"https:\/\/fmp-components.com\/tr\/product\/grader-driven-rake-gearbox-fmp190-for-variable-speed-rotary-tillers-and-beaters\/","title":{"rendered":"De\u011fi\u015fken H\u0131zl\u0131 D\u00f6ner T\u0131rm\u0131klar ve D\u00f6v\u00fcc\u00fcler i\u00e7in FMP190 Greyder Tahrikli T\u0131rm\u0131k \u015eanz\u0131man\u0131"},"content":{"rendered":"<h2>Greyder Tahrikli T\u0131rm\u0131k \u015eanz\u0131man FMP190 Boyutlar\u0131<\/h2>\n<p><img loading=\"lazy\" decoding=\"async\" class=\"alignnone size-full wp-image-2721\" src=\"https:\/\/fmp-components.com\/wp-content\/uploads\/2025\/01\/Grader-Driven-Rake-Gearbox-FMP190-Dimensions.webp\" alt=\"Greyder Tahrikli T\u0131rm\u0131k \u015eanz\u0131man FMP190 Boyutlar\u0131\" width=\"1550\" height=\"881\" title=\"\" srcset=\"https:\/\/fmp-components.com\/wp-content\/uploads\/2025\/01\/Grader-Driven-Rake-Gearbox-FMP190-Dimensions.webp 1550w, https:\/\/fmp-components.com\/wp-content\/uploads\/2025\/01\/Grader-Driven-Rake-Gearbox-FMP190-Dimensions-1280x728.webp 1280w, https:\/\/fmp-components.com\/wp-content\/uploads\/2025\/01\/Grader-Driven-Rake-Gearbox-FMP190-Dimensions-980x557.webp 980w, https:\/\/fmp-components.com\/wp-content\/uploads\/2025\/01\/Grader-Driven-Rake-Gearbox-FMP190-Dimensions-480x273.webp 480w\" sizes=\"(min-width: 0px) and (max-width: 480px) 480px, (min-width: 481px) and (max-width: 980px) 980px, (min-width: 981px) and (max-width: 1280px) 1280px, (min-width: 1281px) 1550px, 100vw\" \/><\/p>\n<h2>Greyder Tahrikli T\u0131rm\u0131k \u015eanz\u0131man FMP190 D\u00f6n\u00fc\u015f<\/h2>\n<p><img loading=\"lazy\" decoding=\"async\" class=\"alignnone size-full wp-image-2724\" src=\"https:\/\/fmp-components.com\/wp-content\/uploads\/2025\/01\/Grader-Driven-Rake-Gearbox-FMP190-Turn.webp\" alt=\"Greyder Tahrikli T\u0131rm\u0131k \u015eanz\u0131man FMP190 D\u00f6n\u00fc\u015f\" width=\"1550\" height=\"370\" title=\"\" srcset=\"https:\/\/fmp-components.com\/wp-content\/uploads\/2025\/01\/Grader-Driven-Rake-Gearbox-FMP190-Turn.webp 1550w, https:\/\/fmp-components.com\/wp-content\/uploads\/2025\/01\/Grader-Driven-Rake-Gearbox-FMP190-Turn-1280x306.webp 1280w, https:\/\/fmp-components.com\/wp-content\/uploads\/2025\/01\/Grader-Driven-Rake-Gearbox-FMP190-Turn-980x234.webp 980w, https:\/\/fmp-components.com\/wp-content\/uploads\/2025\/01\/Grader-Driven-Rake-Gearbox-FMP190-Turn-480x115.webp 480w\" sizes=\"(min-width: 0px) and (max-width: 480px) 480px, (min-width: 481px) and (max-width: 980px) 980px, (min-width: 981px) and (max-width: 1280px) 1280px, (min-width: 1281px) 1550px, 100vw\" \/><\/p>\n<h2>Greyder Tahrikli T\u0131rm\u0131k \u015eanz\u0131man FMP190 Teknik Verileri<\/h2>\n<table style=\"width: 100.918%; height: 145px;\" border=\"1\" cellspacing=\"0\" cellpadding=\"0\">\n<tbody>\n<tr>\n<td colspan=\"2\" rowspan=\"2\">Ben<\/td>\n<td rowspan=\"2\">Uygun<\/td>\n<td>Rpm giri\u015fi<\/td>\n<td>Rpm \u00e7\u0131k\u0131\u015f\u0131<\/td>\n<td>KW(Nom)<\/td>\n<td>KW(Maks.)<\/td>\n<td rowspan=\"2\">Di\u015f \u00e7\u0131karma<\/td>\n<\/tr>\n<tr>\n<td>dev\/dak<\/td>\n<td>dev\/dak<\/td>\n<td>hp<\/td>\n<td>hp<\/td>\n<\/tr>\n<tr>\n<td>Yava\u015flamak<\/td>\n<td>1.93:1<\/td>\n<td rowspan=\"2\">D\u00f6ner T\u0131rm\u0131klar, D\u00f6v\u00fcc\u00fcler, vb.<\/td>\n<td>540<\/td>\n<td>280<\/td>\n<td>24<\/td>\n<td>45<\/td>\n<td rowspan=\"2\">Gleason Helisel<br \/>\nDi\u015fler<\/td>\n<\/tr>\n<tr>\n<td>Yava\u015flamak<\/td>\n<td>1.46: 1<\/td>\n<td>540<\/td>\n<td>370<\/td>\n<td>44<\/td>\n<td>62<\/td>\n<\/tr>\n<tr>\n<td colspan=\"8\">Not: Herhangi bir \u00f6zel iste\u011finiz varsa l\u00fctfen bana bildirin, \u00f6zel sipari\u015fleri de kabul ediyoruz.<\/td>\n<\/tr>\n<\/tbody>\n<\/table>\n<h2>Greyder Tahrikli T\u0131rm\u0131k \u015eanz\u0131man FMP190 \u015eaft Boyutlar\u0131<\/h2>\n<p><img loading=\"lazy\" decoding=\"async\" class=\"alignnone size-full wp-image-2722\" src=\"https:\/\/fmp-components.com\/wp-content\/uploads\/2025\/01\/ohuvOifX-Grader-Driven-Rake-Gearbox-FMP190-Shaft-Dimensions.webp\" alt=\"ohuvOifX-Grader-Tahrikli-T\u0131rm\u0131k-\u015eanz\u0131man-FMP190-\u015eaft-Boyutlar\u0131\" width=\"1519\" height=\"547\" title=\"\" srcset=\"https:\/\/fmp-components.com\/wp-content\/uploads\/2025\/01\/ohuvOifX-Grader-Driven-Rake-Gearbox-FMP190-Shaft-Dimensions.webp 1519w, https:\/\/fmp-components.com\/wp-content\/uploads\/2025\/01\/ohuvOifX-Grader-Driven-Rake-Gearbox-FMP190-Shaft-Dimensions-1280x461.webp 1280w, https:\/\/fmp-components.com\/wp-content\/uploads\/2025\/01\/ohuvOifX-Grader-Driven-Rake-Gearbox-FMP190-Shaft-Dimensions-980x353.webp 980w, https:\/\/fmp-components.com\/wp-content\/uploads\/2025\/01\/ohuvOifX-Grader-Driven-Rake-Gearbox-FMP190-Shaft-Dimensions-480x173.webp 480w\" sizes=\"(min-width: 0px) and (max-width: 480px) 480px, (min-width: 481px) and (max-width: 980px) 980px, (min-width: 981px) and (max-width: 1280px) 1280px, (min-width: 1281px) 1519px, 100vw\" \/><\/p>\n<h2>Greyder Tahrikli T\u0131rm\u0131k \u015eanz\u0131man FMP190 Uzatma Borusu<\/h2>\n<p><img loading=\"lazy\" decoding=\"async\" class=\"alignnone size-full wp-image-2723\" src=\"https:\/\/fmp-components.com\/wp-content\/uploads\/2025\/01\/Grader-Driven-Rake-Gearbox-FMP190-Extension-Pipe.webp\" alt=\"Greyder Tahrikli T\u0131rm\u0131k \u015eanz\u0131man FMP190 Uzatma Borusu\" width=\"1536\" height=\"755\" title=\"\" srcset=\"https:\/\/fmp-components.com\/wp-content\/uploads\/2025\/01\/Grader-Driven-Rake-Gearbox-FMP190-Extension-Pipe.webp 1536w, https:\/\/fmp-components.com\/wp-content\/uploads\/2025\/01\/Grader-Driven-Rake-Gearbox-FMP190-Extension-Pipe-1280x629.webp 1280w, https:\/\/fmp-components.com\/wp-content\/uploads\/2025\/01\/Grader-Driven-Rake-Gearbox-FMP190-Extension-Pipe-980x482.webp 980w, https:\/\/fmp-components.com\/wp-content\/uploads\/2025\/01\/Grader-Driven-Rake-Gearbox-FMP190-Extension-Pipe-480x236.webp 480w\" sizes=\"(min-width: 0px) and (max-width: 480px) 480px, (min-width: 481px) and (max-width: 980px) 980px, (min-width: 981px) and (max-width: 1280px) 1280px, (min-width: 1281px) 1536px, 100vw\" \/><\/p>\n<h3>FMP190 Greyder Tahrikli T\u0131rm\u0131k \u015eanz\u0131man\u0131n\u0131n Temel \u00d6zellikleri:<\/h3>\n<p>FMP190 Greyder Tahrikli T\u0131rm\u0131k \u015eanz\u0131man\u0131, \u00f6zellikle tesviye ve t\u0131rm\u0131klama gibi a\u011f\u0131r hizmet tipi i\u015flerde, tar\u0131msal ve end\u00fcstriyel uygulamalar i\u00e7in son derece verimli ve g\u00fcvenilir k\u0131lan bir\u00e7ok temel \u00f6zelli\u011fe sahiptir. FMP190 Greyder Tahrikli T\u0131rm\u0131k \u015eanz\u0131man\u0131n\u0131n temel \u00f6zellikleri a\u015fa\u011f\u0131dad\u0131r:<\/p>\n<ol>\n<li><strong>Dayan\u0131kl\u0131 Yap\u0131:<\/strong>\n<ul>\n<li>A\u011f\u0131r hizmet tipi tar\u0131m ve end\u00fcstriyel g\u00f6revlerin zorluklar\u0131na dayanacak \u015fekilde tasarlanm\u0131\u015f y\u00fcksek kaliteli malzemelerden \u00fcretilmi\u015ftir. Sa\u011flam g\u00f6vdesi, uzun kullan\u0131m \u00f6mr\u00fc ve a\u015f\u0131nma ve y\u0131pranmaya kar\u015f\u0131 y\u00fcksek diren\u00e7 sa\u011flar.<\/li>\n<\/ul>\n<\/li>\n<li><strong>Y\u00fcksek Torklu \u015eanz\u0131man:<\/strong>\n<ul>\n<li>Y\u00fcksek torku verimli bir \u015fekilde iletmek \u00fczere tasarlanm\u0131\u015f olup, a\u011f\u0131r y\u00fck ko\u015fullar\u0131nda bile sorunsuz \u00e7al\u0131\u015fma sa\u011flar. Bu sayede, tutarl\u0131 ve g\u00fc\u00e7l\u00fc performans gerektiren makineler i\u00e7in idealdir.<\/li>\n<\/ul>\n<\/li>\n<li><strong>Optimize Edilmi\u015f Di\u015fli Oran\u0131:<\/strong>\n<ul>\n<li>FMP190, t\u0131rm\u0131k veya greyderin g\u00fcc\u00fcn\u00fc korurken verimlili\u011fi art\u0131ran optimize edilmi\u015f bir di\u015fli oran\u0131yla tasarlanm\u0131\u015ft\u0131r. Bu, sistemin en y\u00fcksek performansta \u00e7al\u0131\u015fmas\u0131n\u0131 sa\u011flar.<\/li>\n<\/ul>\n<\/li>\n<li><strong>Korozyona Dayan\u0131kl\u0131 Tasar\u0131m:<\/strong>\n<ul>\n<li>\u015eanz\u0131man, y\u00fcksek nem seviyeleri, a\u015f\u0131r\u0131 s\u0131cakl\u0131klar veya tar\u0131m kimyasallar\u0131 gibi zorlu ortamlarda g\u00fcvenilir \u00e7al\u0131\u015fmay\u0131 garanti eden korozyona dayan\u0131kl\u0131 bir y\u00fczeye sahiptir.<\/li>\n<\/ul>\n<\/li>\n<li><strong>Kompakt ve Yerden Tasarruflu:<\/strong>\n<ul>\n<li>FMP190, y\u00fcksek tork kapasitesine ra\u011fmen \u00e7e\u015fitli tar\u0131m makinelerine kolayca entegre edilebilen kompakt bir tasar\u0131ma sahiptir. Yerden tasarruf sa\u011flayan yap\u0131s\u0131, dar montaj alanlar\u0131 i\u00e7in idealdir.<\/li>\n<\/ul>\n<\/li>\n<\/ol>\n<p>FMP190 Greyder Tahrikli T\u0131rm\u0131k \u015eanz\u0131man\u0131, \u00f6zellikle tesviye, t\u0131rm\u0131klama ve di\u011fer a\u011f\u0131r hizmet tipi i\u015flerde kullan\u0131lan makineler olmak \u00fczere \u00e7ok \u00e7e\u015fitli tar\u0131msal uygulamalar i\u00e7in verimli, g\u00fcvenilir ve uzun \u00f6m\u00fcrl\u00fc performans sa\u011flamak \u00fczere tasarlanm\u0131\u015ft\u0131r.<\/p>\n<p><img loading=\"lazy\" decoding=\"async\" class=\"alignnone size-full wp-image-2718\" src=\"https:\/\/fmp-components.com\/wp-content\/uploads\/2025\/01\/Grader-Driven-Rake-Gearbox-FMP190-Key-Features1.webp\" alt=\"Greyder Tahrikli T\u0131rm\u0131k \u015eanz\u0131man FMP190 Temel \u00d6zellikler (1)\" width=\"1395\" height=\"583\" title=\"\" srcset=\"https:\/\/fmp-components.com\/wp-content\/uploads\/2025\/01\/Grader-Driven-Rake-Gearbox-FMP190-Key-Features1.webp 1395w, https:\/\/fmp-components.com\/wp-content\/uploads\/2025\/01\/Grader-Driven-Rake-Gearbox-FMP190-Key-Features1-1280x535.webp 1280w, https:\/\/fmp-components.com\/wp-content\/uploads\/2025\/01\/Grader-Driven-Rake-Gearbox-FMP190-Key-Features1-980x410.webp 980w, https:\/\/fmp-components.com\/wp-content\/uploads\/2025\/01\/Grader-Driven-Rake-Gearbox-FMP190-Key-Features1-480x201.webp 480w\" sizes=\"(min-width: 0px) and (max-width: 480px) 480px, (min-width: 481px) and (max-width: 980px) 980px, (min-width: 981px) and (max-width: 1280px) 1280px, (min-width: 1281px) 1395px, 100vw\" \/><\/p>\n<h3>FMP190 Greyder Tahrikli T\u0131rm\u0131k \u015eanz\u0131man\u0131n\u0131n Uygulamalar\u0131:<\/h3>\n<p>Greyder Tahrikli T\u0131rm\u0131k \u015eanz\u0131man Kutusu FMP190, \u00e7e\u015fitli tar\u0131msal ve end\u00fcstriyel uygulamalarda kullan\u0131lmak \u00fczere tasarlanm\u0131\u015ft\u0131r. Y\u00fcksek tork iletimi, dayan\u0131kl\u0131l\u0131\u011f\u0131 ve verimlili\u011fi, onu tutarl\u0131 ve g\u00fc\u00e7l\u00fc \u00e7al\u0131\u015fma gerektiren makineler i\u00e7in ideal bir se\u00e7im haline getirir. FMP190 Greyder Tahrikli T\u0131rm\u0131k \u015eanz\u0131man Kutusunun temel uygulamalar\u0131 a\u015fa\u011f\u0131dad\u0131r:<\/p>\n<ol>\n<li><strong>Tar\u0131msal T\u0131rm\u0131klama Ekipmanlar\u0131:<\/strong>\n<ul>\n<li><strong>Saman T\u0131rm\u0131klar\u0131<\/strong>: FMP190, saman t\u0131rm\u0131klar\u0131nda saman veya di\u011fer mahsullerin e\u015fit ve verimli bir \u015fekilde t\u0131rm\u0131klanmas\u0131n\u0131 sa\u011flamak i\u00e7in yayg\u0131n olarak kullan\u0131l\u0131r. Y\u00fcksek tork \u00e7\u0131k\u0131\u015f\u0131, yo\u011fun veya a\u011f\u0131r saman y\u0131\u011f\u0131nlar\u0131n\u0131 i\u015flerken bile sorunsuz \u00e7al\u0131\u015fma sa\u011flar.<\/li>\n<li><strong>R\u00fczg\u00e2r bi\u00e7icileri<\/strong>: Kesilmi\u015f ot veya saman\u0131n d\u00fczg\u00fcn ve d\u00fczenli y\u0131\u011f\u0131nlar halinde s\u0131ralanmas\u0131 i\u00e7in bi\u00e7me makinelerinde kullan\u0131l\u0131r, balyalamadan \u00f6nce kurutma verimlili\u011fini art\u0131r\u0131r.<\/li>\n<li><strong>T\u0131rm\u0131k ve Tedders<\/strong>: Taze bi\u00e7ilmi\u015f otlar\u0131 yaymak i\u00e7in kullan\u0131lan t\u0131rm\u0131klar i\u00e7in idealdir, daha h\u0131zl\u0131 kuruma s\u00fcresi ve daha e\u015fit bir kaplama sa\u011flar.<\/li>\n<\/ul>\n<\/li>\n<li><strong>S\u0131n\u0131fland\u0131rma Makineleri:<\/strong>\n<ul>\n<li><strong>Yol Greyderleri<\/strong>: \u015eanz\u0131man, yol greyderlerinde yol yap\u0131m ve bak\u0131m\u0131nda y\u00fczeylerin d\u00fczeltilmesi ve p\u00fcr\u00fczs\u00fczle\u015ftirilmesi i\u00e7in gerekli olan t\u0131rm\u0131k b\u0131\u00e7a\u011f\u0131n\u0131 \u00e7al\u0131\u015ft\u0131rmak i\u00e7in kullan\u0131l\u0131r.<\/li>\n<li><strong>Arazi Tesviyesi<\/strong>:Tar\u0131mda topra\u011f\u0131n hassas bir \u015fekilde tesviye edilmesi ve d\u00fczeltilmesinin gerekti\u011fi sulama ve ekim i\u015flerinde arazi tesviye ekipmanlar\u0131nda kullan\u0131l\u0131r.<\/li>\n<\/ul>\n<\/li>\n<li><strong>Yem Hasat Ekipmanlar\u0131:<\/strong>\n<ul>\n<li><strong>Yem Hasat Makineleri<\/strong>: Yem hasat makinelerine entegre edilerek, mahsul\u00fcn verimli bir \u015fekilde t\u0131rm\u0131klanmas\u0131 ve toplanmas\u0131, malzemenin hasat makinesine d\u00fczg\u00fcn bir \u015fekilde beslenmesinin sa\u011flanmas\u0131.<\/li>\n<li><strong>S\u00fcr\u00fcngenler<\/strong>:FMP190 \u015fanz\u0131man\u0131, yonca veya yonca gibi yem bitkilerinin bi\u00e7ilmesi ve s\u0131ralanmas\u0131 i\u00e7in bi\u00e7me makinelerinde kullan\u0131labilir ve bunlar\u0131 daha ileri i\u015flemlere haz\u0131rlar.<\/li>\n<\/ul>\n<\/li>\n<li><strong>\u00c7im ve Spor Sahas\u0131 Bak\u0131m\u0131:<\/strong>\n<ul>\n<li><strong>\u00c7im S\u0131n\u0131fland\u0131r\u0131c\u0131lar ve T\u0131rm\u0131klar<\/strong>: Spor sahalar\u0131n\u0131n bak\u0131m ekipmanlar\u0131nda \u00e7im y\u00fczeylerinin d\u00fczeltilmesi ve t\u0131rm\u0131klanmas\u0131, e\u015fit \u00e7im y\u00fcksekli\u011fi ve d\u00fczg\u00fcn, p\u00fcr\u00fczs\u00fcz bir y\u00fczey sa\u011flanmas\u0131 i\u00e7in kullan\u0131l\u0131r.<\/li>\n<li><strong>\u00c7im Bak\u0131m Ekipmanlar\u0131<\/strong>: Kamusal alanlar veya golf sahalar\u0131 i\u00e7in kullan\u0131lan b\u00fcy\u00fck \u00e7im bak\u0131m makinelerinde \u00e7imlerin d\u00fczeltilmesine ve zeminin d\u00fczg\u00fcn kalmas\u0131na yard\u0131mc\u0131 olur.<\/li>\n<\/ul>\n<\/li>\n<li><strong>Tar\u0131m Trakt\u00f6r Ata\u015fmanlar\u0131:<\/strong>\n<ul>\n<li><strong>Trakt\u00f6rle \u00c7al\u0131\u015fan T\u0131rm\u0131klar<\/strong>:FMP190 \u015fanz\u0131man, trakt\u00f6rlerle \u00e7al\u0131\u015fan ata\u015fmanlarda yayg\u0131n olarak kullan\u0131l\u0131r ve b\u00fcy\u00fck \u00f6l\u00e7ekli \u00e7iftliklerde hem ot hem de saman toplamada verimli t\u0131rm\u0131klama sa\u011flar.<\/li>\n<li><strong>\u00c7ok Fonksiyonlu Trakt\u00f6r Ekipmanlar\u0131<\/strong>: \u00c7ok fonksiyonlu ata\u015fmanlarda kullan\u0131ma uyarlanabilir ve toprak tesviyesi, t\u0131rm\u0131klama ve di\u011fer toprak y\u00f6netimi g\u00f6revlerinde g\u00fc\u00e7 aktar\u0131m\u0131na yard\u0131mc\u0131 olur.<\/li>\n<\/ul>\n<\/li>\n<\/ol>\n<p>\u00d6zetle, FMP190 Greyder Tahrikli T\u0131rm\u0131k \u015eanz\u0131man\u0131, saman ve yem t\u0131rm\u0131klamaktan yol tesviyesine ve toprak haz\u0131rl\u0131\u011f\u0131na kadar \u00e7e\u015fitli g\u00f6revlerde y\u00fcksek tork, dayan\u0131kl\u0131l\u0131k ve g\u00fcvenilir performans sa\u011flayarak \u00e7ok \u00e7e\u015fitli tar\u0131msal, end\u00fcstriyel ve ormanc\u0131l\u0131k uygulamalar\u0131 i\u00e7in idealdir.<\/p>\n<p><img loading=\"lazy\" decoding=\"async\" class=\"alignnone size-full wp-image-2719\" src=\"https:\/\/fmp-components.com\/wp-content\/uploads\/2025\/01\/Grader-Driven-Rake-Gearbox-FMP190-Applications1.webp\" alt=\"Greyder Tahrikli T\u0131rm\u0131k \u015eanz\u0131manl\u0131 FMP190 Uygulamalar\u0131 (1)\" width=\"1920\" height=\"1080\" title=\"\" srcset=\"https:\/\/fmp-components.com\/wp-content\/uploads\/2025\/01\/Grader-Driven-Rake-Gearbox-FMP190-Applications1.webp 1920w, https:\/\/fmp-components.com\/wp-content\/uploads\/2025\/01\/Grader-Driven-Rake-Gearbox-FMP190-Applications1-1280x720.webp 1280w, https:\/\/fmp-components.com\/wp-content\/uploads\/2025\/01\/Grader-Driven-Rake-Gearbox-FMP190-Applications1-980x551.webp 980w, https:\/\/fmp-components.com\/wp-content\/uploads\/2025\/01\/Grader-Driven-Rake-Gearbox-FMP190-Applications1-480x270.webp 480w\" sizes=\"(min-width: 0px) and (max-width: 480px) 480px, (min-width: 481px) and (max-width: 980px) 980px, (min-width: 981px) and (max-width: 1280px) 1280px, (min-width: 1281px) 1920px, 100vw\" \/><\/p>\n<h2>FMP Hakk\u0131nda<\/h2>\n<p>\u0130talya merkezli FMP, \u00f6zellikle tar\u0131m makineleri sekt\u00f6r\u00fcne odaklanarak, y\u00fcksek performansl\u0131 di\u015fli kutular\u0131n\u0131n tasar\u0131m\u0131, geli\u015ftirilmesi ve \u00fcretiminde uzmanla\u015fm\u0131\u015f lider bir \u00fcreticidir. Hassas m\u00fchendisli\u011fi, yenilik\u00e7i \u00e7\u00f6z\u00fcmleri ve sars\u0131lmaz g\u00fcvenilirli\u011fiyle tan\u0131nan FMP, hem tar\u0131m hem de sanayi sekt\u00f6rleri i\u00e7in g\u00fcvenilir bir i\u015f orta\u011f\u0131 haline gelmi\u015ftir. Kapsaml\u0131 \u00fcr\u00fcn portf\u00f6y\u00fcm\u00fcz, \u00e7im bi\u00e7me makineleri i\u00e7in \u00f6zel di\u015fli kutular\u0131, kuyruk mili milleri ve di\u011fer \u00f6nemli bile\u015fenleri i\u00e7erir ve hepsi \u00e7ok \u00e7e\u015fitli uygulamalar i\u00e7in \u00f6zelle\u015ftirilmi\u015f \u00e7\u00f6z\u00fcmler sunmak \u00fczere \u00f6zenle tasarlanm\u0131\u015ft\u0131r.<\/p>\n<p>FMP olarak, her m\u00fc\u015fterinin benzersiz zorluklar ve ihtiya\u00e7larla kar\u015f\u0131 kar\u015f\u0131ya oldu\u011funun bilincindeyiz. Bu nedenle, ister bireysel bile\u015fenler ister tamamen entegre sistemler i\u00e7in olsun, size \u00f6zel \u00e7\u00f6z\u00fcmler sunmaya odaklan\u0131yoruz. M\u00fc\u015fterilerimizle yak\u0131n i\u015f birli\u011fi i\u00e7inde \u00e7al\u0131\u015farak her \u00e7\u00f6z\u00fcm\u00fcn yaln\u0131zca etkili de\u011fil, ayn\u0131 zamanda verimli olmas\u0131n\u0131, hem performans\u0131 hem de de\u011feri optimize etmesini sa\u011fl\u0131yoruz. H\u0131zl\u0131 ve profesyonel yan\u0131tlar sunma taahh\u00fcd\u00fcm\u00fcz, uzman rehberli\u011fimizle birle\u015ferek her talebin azami \u00f6zenle ele al\u0131nmas\u0131n\u0131 ve m\u00fcmk\u00fcn olan en iyi sonu\u00e7lar\u0131n elde edilmesini garanti eder.<\/p>\n<p>A\u00e7\u0131k ve s\u00fcrekli ileti\u015fim, yakla\u015f\u0131m\u0131m\u0131z\u0131n temel ta\u015flar\u0131ndan biridir. \u00d6zverili ekibimiz, \u00fcr\u00fcn geli\u015ftirme s\u00fcreci boyunca m\u00fc\u015fterilerimizle yak\u0131n bir \u015fekilde \u00e7al\u0131\u015farak, onlar\u0131n \u00f6zel ihtiya\u00e7lar\u0131n\u0131 derinlemesine anlar. En uygun \u00e7\u00f6z\u00fcmleri sa\u011flamak i\u00e7in de\u011ferli g\u00f6r\u00fc\u015f ve \u00f6neriler sunar\u0131z. \u0130ster yeni \u00fcr\u00fcnler tasarl\u0131yor ister devam eden sipari\u015fleri kar\u015f\u0131l\u0131yor olal\u0131m, FMP her seferinde y\u00fcksek kaliteli, hassas m\u00fchendislikle tasarlanm\u0131\u015f \u00e7\u00f6z\u00fcmleri zaman\u0131nda sunmaya kendini adam\u0131\u015ft\u0131r. Misyonumuz, her projede ola\u011fan\u00fcst\u00fc hizmet ve sonu\u00e7lar sunarak m\u00fc\u015fteri beklentilerini a\u015fmakt\u0131r.<\/p>\n<p>Kalite, yapt\u0131\u011f\u0131m\u0131z her \u015feyin merkezinde yer al\u0131r. En y\u00fcksek \u00fcretim standartlar\u0131na ba\u011fl\u0131 kalarak, her \u00fcr\u00fcn\u00fcn sekt\u00f6r standartlar\u0131n\u0131 kar\u015f\u0131lamas\u0131n\u0131 ve hatta a\u015fmas\u0131n\u0131 sa\u011flamak i\u00e7in s\u0131k\u0131 kalite kontrol prosed\u00fcrleri uyguluyoruz. M\u00fckemmelli\u011fe olan bu ba\u011fl\u0131l\u0131\u011f\u0131m\u0131z, d\u00fcr\u00fcstl\u00fck, ekip \u00e7al\u0131\u015fmas\u0131 ve azim gibi temel de\u011ferlerimizle birle\u015ferek, FMP'nin d\u00fcnya \u00e7ap\u0131nda yakla\u015f\u0131k 30 \u00fclkedeki m\u00fc\u015fterileriyle uzun vadeli, g\u00fcvene dayal\u0131 ili\u015fkiler kurmas\u0131na yard\u0131mc\u0131 olmu\u015ftur.<\/p>\n<p>FMP, k\u00fcresel ortakl\u0131klar kurmaya her zaman isteklidir ve m\u00fc\u015fterilerimizin \u00e7e\u015fitli ihtiya\u00e7lar\u0131n\u0131 kar\u015f\u0131layan uzman tavsiyeleri ve \u00f6zelle\u015ftirilmi\u015f \u00e7\u00f6z\u00fcmler sunmaya kendini adam\u0131\u015ft\u0131r. Sadece \u00fcr\u00fcn tedarik etmekle kalm\u0131yor, her projenin uzun vadeli ba\u015far\u0131s\u0131na katk\u0131da bulunan kal\u0131c\u0131 ili\u015fkiler kurmay\u0131 hedefliyoruz. \u0130ster yeni bir giri\u015fim i\u00e7in yenilik\u00e7i \u00e7\u00f6z\u00fcmlere, ister mevcut bir sistem i\u00e7in s\u00fcrekli deste\u011fe ihtiyac\u0131n\u0131z olsun, FMP teknik zorluklar\u0131n\u0131z\u0131 kar\u015f\u0131lamaya ve ba\u015far\u0131n\u0131z\u0131n devam\u0131n\u0131 sa\u011flamaya haz\u0131rd\u0131r.<\/p>\n<p><img loading=\"lazy\" decoding=\"async\" class=\"alignnone wp-image-2695\" src=\"https:\/\/fmp-components.com\/wp-content\/uploads\/2025\/01\/agricultural-gearbox3.webp\" alt=\"tar\u0131msal \u015fanz\u0131man\" width=\"953\" height=\"951\" title=\"\" srcset=\"https:\/\/fmp-components.com\/wp-content\/uploads\/2025\/01\/agricultural-gearbox3.webp 953w, https:\/\/fmp-components.com\/wp-content\/uploads\/2025\/01\/agricultural-gearbox3-480x479.webp 480w\" sizes=\"(min-width: 0px) and (max-width: 480px) 480px, (min-width: 481px) 953px, 100vw\" \/><\/p>\n<p>Yazar: CX<\/p>","protected":false},"excerpt":{"rendered":"<p>Grader Driven Rake Gearbox FMP190 Dimensions Grader Driven Rake Gearbox FMP190 Turn Grader Driven Rake Gearbox FMP190 Technical Data i Suitable Rpm input Rpm output KW(Nom) KW(Max) Toothing r\/min r\/min hp hp Decelerate 1.93:1 Rotary Tillers, Beaters, etc 540 280 24 45 Gleason Helical Teeth Decelerate 1.46: 1 540 370 44 62 Remark: If you [&hellip;]<\/p>","protected":false},"featured_media":2720,"comment_status":"open","ping_status":"closed","template":"","meta":{"_et_pb_use_builder":"","_et_pb_old_content":"","_et_gb_content_width":""},"product_brand":[],"product_cat":[66],"product_tag":[],"class_list":{"0":"post-2717","1":"product","2":"type-product","3":"status-publish","4":"has-post-thumbnail","6":"product_cat-grader-driven-rake-gearbox","8":"first","9":"instock","10":"shipping-taxable","11":"product-type-simple"},"_links":{"self":[{"href":"https:\/\/fmp-components.com\/tr\/wp-json\/wp\/v2\/product\/2717","targetHints":{"allow":["GET"]}}],"collection":[{"href":"https:\/\/fmp-components.com\/tr\/wp-json\/wp\/v2\/product"}],"about":[{"href":"https:\/\/fmp-components.com\/tr\/wp-json\/wp\/v2\/types\/product"}],"replies":[{"embeddable":true,"href":"https:\/\/fmp-components.com\/tr\/wp-json\/wp\/v2\/comments?post=2717"}],"wp:featuredmedia":[{"embeddable":true,"href":"https:\/\/fmp-components.com\/tr\/wp-json\/wp\/v2\/media\/2720"}],"wp:attachment":[{"href":"https:\/\/fmp-components.com\/tr\/wp-json\/wp\/v2\/media?parent=2717"}],"wp:term":[{"taxonomy":"product_brand","embeddable":true,"href":"https:\/\/fmp-components.com\/tr\/wp-json\/wp\/v2\/product_brand?post=2717"},{"taxonomy":"product_cat","embeddable":true,"href":"https:\/\/fmp-components.com\/tr\/wp-json\/wp\/v2\/product_cat?post=2717"},{"taxonomy":"product_tag","embeddable":true,"href":"https:\/\/fmp-components.com\/tr\/wp-json\/wp\/v2\/product_tag?post=2717"}],"curies":[{"name":"wp","href":"https:\/\/api.w.org\/{rel}","templated":true}]}}