{"id":2696,"date":"2025-01-03T08:43:50","date_gmt":"2025-01-03T08:43:50","guid":{"rendered":"https:\/\/fmp-components.com\/?page_id=8"},"modified":"2025-01-03T08:44:42","modified_gmt":"2025-01-03T08:44:42","slug":"grader-driven-rake-gearbox-fmp-tbs128-for-crawler-rotary-cultivator","status":"publish","type":"product","link":"https:\/\/fmp-components.com\/tr\/product\/grader-driven-rake-gearbox-fmp-tbs128-for-crawler-rotary-cultivator\/","title":{"rendered":"Paletli D\u00f6ner K\u00fcltivat\u00f6r i\u00e7in Greyder Tahrikli T\u0131rm\u0131k \u015eanz\u0131man Kutusu FMP-TBS128"},"content":{"rendered":"<h2>Greyder Tahrikli T\u0131rm\u0131k \u015eanz\u0131man FMP-TBS128 Boyutlar\u0131<\/h2>\n<p><img loading=\"lazy\" decoding=\"async\" class=\"alignnone size-full wp-image-2697\" src=\"https:\/\/fmp-components.com\/wp-content\/uploads\/2025\/01\/Grader-Driven-Rake-Gearbox-FMP-TBS128-Dimensions-1.webp\" alt=\"Greyder Tahrikli T\u0131rm\u0131k \u015eanz\u0131man FMP TBS128 Boyutlar 1\" width=\"1431\" height=\"910\" title=\"\" srcset=\"https:\/\/fmp-components.com\/wp-content\/uploads\/2025\/01\/Grader-Driven-Rake-Gearbox-FMP-TBS128-Dimensions-1.webp 1431w, https:\/\/fmp-components.com\/wp-content\/uploads\/2025\/01\/Grader-Driven-Rake-Gearbox-FMP-TBS128-Dimensions-1-1280x814.webp 1280w, https:\/\/fmp-components.com\/wp-content\/uploads\/2025\/01\/Grader-Driven-Rake-Gearbox-FMP-TBS128-Dimensions-1-980x623.webp 980w, https:\/\/fmp-components.com\/wp-content\/uploads\/2025\/01\/Grader-Driven-Rake-Gearbox-FMP-TBS128-Dimensions-1-480x305.webp 480w\" sizes=\"(min-width: 0px) and (max-width: 480px) 480px, (min-width: 481px) and (max-width: 980px) 980px, (min-width: 981px) and (max-width: 1280px) 1280px, (min-width: 1281px) 1431px, 100vw\" \/><\/p>\n<h2>Greyder Tahrikli T\u0131rm\u0131k \u015eanz\u0131man FMP-TBS128 Teknik Verileri<\/h2>\n<table style=\"width: 99.6141%; height: 188px;\" border=\"1\" cellspacing=\"0\" cellpadding=\"0\">\n<tbody>\n<tr style=\"height: 47px;\">\n<td style=\"height: 70px; width: 12.8399%;\" colspan=\"2\" rowspan=\"2\">Ben<\/td>\n<td style=\"height: 70px; width: 27.1903%;\" rowspan=\"2\">Uygun<\/td>\n<td style=\"height: 47px; width: 9.66767%;\">Rpm giri\u015fi<\/td>\n<td style=\"height: 47px; width: 11.0272%;\">Rpm \u00e7\u0131k\u0131\u015f\u0131<\/td>\n<td style=\"height: 47px; width: 9.51662%;\">KW(Nom)<\/td>\n<td style=\"height: 47px; width: 9.06344%;\">KW(Maks.)<\/td>\n<td style=\"height: 70px; width: 54.0785%;\" rowspan=\"2\">Di\u015f \u00e7\u0131karma<\/td>\n<\/tr>\n<tr style=\"height: 23px;\">\n<td style=\"height: 23px; width: 9.66767%;\">dev\/dak<\/td>\n<td style=\"height: 23px; width: 11.0272%;\">dev\/dak<\/td>\n<td style=\"height: 23px; width: 9.51662%;\">hp<\/td>\n<td style=\"height: 23px; width: 9.06344%;\">hp<\/td>\n<\/tr>\n<tr style=\"height: 47px;\">\n<td style=\"height: 47px; width: 6.19335%;\">vites 1<\/td>\n<td style=\"height: 47px; width: 6.64653%;\">3.69:1<\/td>\n<td style=\"height: 94px; width: 27.1903%;\" rowspan=\"2\">Paletli D\u00f6ner K\u00fcltivat\u00f6r vb.<\/td>\n<td style=\"height: 47px; width: 9.66767%;\">2400<\/td>\n<td style=\"height: 47px; width: 11.0272%;\">650<\/td>\n<td style=\"height: 94px; width: 9.51662%;\" rowspan=\"2\">80<\/td>\n<td style=\"height: 94px; width: 9.06344%;\" rowspan=\"2\">100<\/td>\n<td style=\"height: 94px; width: 54.0785%;\" rowspan=\"2\">Gleason Helikal Di\u015fleri<\/td>\n<\/tr>\n<tr style=\"height: 47px;\">\n<td style=\"height: 47px; width: 6.19335%;\">2. vites<\/td>\n<td style=\"height: 47px; width: 6.64653%;\">2.81: 1<\/td>\n<td style=\"height: 47px; width: 9.66767%;\">2400<\/td>\n<td style=\"height: 47px; width: 11.0272%;\">850<\/td>\n<\/tr>\n<tr style=\"height: 23px;\">\n<td style=\"height: 23px; width: 133.384%;\" colspan=\"8\">Not: Herhangi bir \u00f6zel iste\u011finiz varsa l\u00fctfen bana bildirin, \u00f6zel sipari\u015fleri de kabul ediyoruz.<\/td>\n<\/tr>\n<\/tbody>\n<\/table>\n<h2>FMP-TBS128 Greyder Tahrikli T\u0131rm\u0131k \u015eanz\u0131man\u0131n\u0131n Temel \u00d6zellikleri<\/h2>\n<p>Greyder Tahrikli T\u0131rm\u0131k \u015eanz\u0131man Kutusu FMP-TBS128, tar\u0131m makinelerinde kullan\u0131lan t\u0131rm\u0131k sistemleri i\u00e7in g\u00fc\u00e7l\u00fc bir g\u00fc\u00e7 aktar\u0131m\u0131 sa\u011flayarak verimli ve g\u00fcvenilir bir \u00e7al\u0131\u015fma sa\u011flamak \u00fczere tasarlanm\u0131\u015ft\u0131r. Bu \u015fanz\u0131man\u0131n temel \u00f6zellikleri a\u015fa\u011f\u0131dad\u0131r:<\/p>\n<p><strong>Y\u00fcksek Torklu \u015eanz\u0131man<\/strong><\/p>\n<ul>\n<li>FMP-TBS128 \u015fanz\u0131man, y\u00fcksek tork \u00e7\u0131k\u0131\u015flar\u0131n\u0131 kar\u015f\u0131layacak \u015fekilde tasarlanm\u0131\u015ft\u0131r ve bu sayede a\u011f\u0131r y\u00fck ko\u015fullar\u0131nda bile t\u0131rm\u0131k sistemlerini etkili bir \u015fekilde \u00e7al\u0131\u015ft\u0131rabilir. Bu y\u00fcksek tork kapasitesi, t\u0131rm\u0131\u011f\u0131n yo\u011fun veya zorlu mahsul malzemelerinde bile sorunsuz \u00e7al\u0131\u015fmas\u0131n\u0131 sa\u011flar.<\/li>\n<\/ul>\n<p><strong>Dayan\u0131kl\u0131 Yap\u0131<\/strong><\/p>\n<ul>\n<li>Y\u00fcksek mukavemetli malzemelerden \u00fcretilen FMP-TBS128 \u015fanz\u0131man, a\u015f\u0131nma ve y\u0131pranmaya kar\u015f\u0131 olduk\u00e7a dayan\u0131kl\u0131d\u0131r. Bu dayan\u0131kl\u0131l\u0131k, tar\u0131m uygulamalar\u0131nda tipik olan y\u00fcksek nemli ve tozlu ko\u015fullar da dahil olmak \u00fczere zorlu tar\u0131m ortamlar\u0131nda uzun s\u00fcreli \u00e7al\u0131\u015fmay\u0131 sa\u011flamak i\u00e7in kritik \u00f6neme sahiptir.<\/li>\n<\/ul>\n<p><strong>Kompakt Tasar\u0131m<\/strong><\/p>\n<ul>\n<li>Kompakt ve yerden tasarruf sa\u011flayan tasar\u0131m\u0131yla \u015fanz\u0131man, tar\u0131m makinelerinin dar alanlar\u0131nda kullan\u0131ma uygundur. Bu tasar\u0131m, kolay kurulum ve t\u0131rm\u0131k veya trakt\u00f6r\u00fcn di\u011fer bile\u015fenlerine minimum m\u00fcdahale sa\u011flar.<\/li>\n<\/ul>\n<p><strong>G\u00fcvenilir G\u00fc\u00e7 Transferi<\/strong><\/p>\n<ul>\n<li>Hassas m\u00fchendislikle tasarlanm\u0131\u015f dahili bile\u015fenleri sayesinde FMP-TBS128, trakt\u00f6r\u00fcn PTO'sundan t\u0131rm\u0131k mekanizmas\u0131na g\u00fcvenilir g\u00fc\u00e7 aktar\u0131m\u0131 sa\u011flar. Bu sayede g\u00fc\u00e7 kayb\u0131 riski azal\u0131r ve i\u015fletme verimlili\u011fi artar; bu da onu tutarl\u0131 sonu\u00e7lar i\u00e7in son derece g\u00fcvenilir bir \u015fanz\u0131man haline getirir.<\/li>\n<\/ul>\n<p><strong>Sa\u011flam S\u0131zd\u0131rmazl\u0131k Sistemi<\/strong><\/p>\n<ul>\n<li>FMP-TBS128, toz, kir ve nemin \u015fanz\u0131mana girmesini \u00f6nleyen g\u00fc\u00e7l\u00fc bir s\u0131zd\u0131rmazl\u0131k sistemiyle donat\u0131lm\u0131\u015ft\u0131r. Bu \u00f6zellik, i\u00e7 bile\u015fenlerin b\u00fct\u00fcnl\u00fc\u011f\u00fcn\u00fcn korunmas\u0131na yard\u0131mc\u0131 olarak hasar olas\u0131l\u0131\u011f\u0131n\u0131 ve s\u0131k bak\u0131m ihtiyac\u0131n\u0131 azalt\u0131r.<\/li>\n<\/ul>\n<p>Bu temel \u00f6zellikler, Greyder Tahrikli T\u0131rm\u0131k \u015eanz\u0131man FMP-TBS128'i \u00e7e\u015fitli uygulamalarda y\u00fcksek verimlilik, dayan\u0131kl\u0131l\u0131k ve uyarlanabilirlik sunarak tar\u0131msal faaliyetler i\u00e7in ideal bir se\u00e7im haline getirir.<\/p>\n<p><img loading=\"lazy\" decoding=\"async\" class=\"alignnone size-full wp-image-2698\" src=\"https:\/\/fmp-components.com\/wp-content\/uploads\/2025\/01\/uubxblFV-Grader-Driven-Rake-Gearbox-FMP-TBS128-Features1.webp\" alt=\"Greyder Tahrikli T\u0131rm\u0131k \u015eanz\u0131man FMP TBS128 \u00d6zellikleri (1)\" width=\"952\" height=\"453\" title=\"\" srcset=\"https:\/\/fmp-components.com\/wp-content\/uploads\/2025\/01\/uubxblFV-Grader-Driven-Rake-Gearbox-FMP-TBS128-Features1.webp 952w, https:\/\/fmp-components.com\/wp-content\/uploads\/2025\/01\/uubxblFV-Grader-Driven-Rake-Gearbox-FMP-TBS128-Features1-480x228.webp 480w\" sizes=\"(min-width: 0px) and (max-width: 480px) 480px, (min-width: 481px) 952px, 100vw\" \/><\/p>\n<h2>FMP-TBS128 Greyder Tahrikli T\u0131rm\u0131k \u015eanz\u0131man\u0131n\u0131n Uygulamalar\u0131<\/h2>\n<p>Greyder Tahrikli T\u0131rm\u0131k \u015eanz\u0131man Kutusu FMP-TBS128, g\u00fcvenilir g\u00fc\u00e7 aktar\u0131m\u0131 ve verimli \u00e7al\u0131\u015fman\u0131n \u00f6nemli oldu\u011fu \u00e7e\u015fitli tar\u0131m makinesi uygulamalar\u0131nda kullan\u0131lmak \u00fczere tasarlanm\u0131\u015ft\u0131r. Bu \u015fanz\u0131man\u0131n yayg\u0131n kullan\u0131m alanlar\u0131 a\u015fa\u011f\u0131dad\u0131r:<\/p>\n<p><strong>Saman ve Saman T\u0131rm\u0131klar\u0131<\/strong><\/p>\n<ul>\n<li>Uygulama: FMP-TBS128 di\u015fli kutusu, saman ve ot t\u0131rm\u0131klar\u0131nda, saman, ot veya \u00e7imi kurutma veya ileri i\u015fleme i\u00e7in verimli bir \u015fekilde toplamak ve d\u00fczenlemek amac\u0131yla yayg\u0131n olarak kullan\u0131l\u0131r.<\/li>\n<li>Faydas\u0131: T\u0131rm\u0131\u011f\u0131n optimum h\u0131z ve torkta \u00e7al\u0131\u015fmas\u0131n\u0131 sa\u011flayarak, tutarl\u0131 performans\u0131 korurken a\u011f\u0131r saman ve ot y\u00fcklerini etkili bir \u015fekilde ta\u015f\u0131r.<\/li>\n<\/ul>\n<p><strong>R\u00fczg\u00e2r bi\u00e7icileri<\/strong><\/p>\n<ul>\n<li>Uygulama: R\u00fczg\u00e2r t\u0131rm\u0131klar\u0131, hasat edilmi\u015f mahsullerden (saman veya saman gibi) olu\u015fan s\u0131ralar olu\u015fturmak i\u00e7in kullan\u0131l\u0131r. FMP-TBS128 \u015fanz\u0131man, trakt\u00f6r\u00fcn PTO'sundan gelen g\u00fcc\u00fc t\u0131rm\u0131k mekanizmas\u0131na aktararak t\u0131rm\u0131\u011f\u0131n verimli \u00e7al\u0131\u015fmas\u0131n\u0131 sa\u011flar.<\/li>\n<li>Avantaj: \u015eanz\u0131man, d\u00fczg\u00fcn g\u00fc\u00e7 aktar\u0131m\u0131 ve y\u00fcksek tork \u00e7\u0131k\u0131\u015f\u0131 sa\u011flayarak verimli kurutma i\u00e7in d\u00fczg\u00fcn ve tutarl\u0131 y\u0131\u011f\u0131nlar olu\u015fturmak i\u00e7in idealdir.<\/li>\n<\/ul>\n<p><strong>D\u00f6ner T\u0131rm\u0131klar<\/strong><\/p>\n<ul>\n<li>Uygulama: D\u00f6ner t\u0131rm\u0131klar, saman \u00fcretiminde genellikle saman\u0131 \u00e7evirip kabartarak e\u015fit kurumay\u0131 sa\u011flamak i\u00e7in kullan\u0131l\u0131r. FMP-TBS128 \u015fanz\u0131man, d\u00f6ner t\u0131rm\u0131k mekanizmas\u0131n\u0131 \u00e7al\u0131\u015ft\u0131rarak optimum h\u0131z ve tork sa\u011flar.<\/li>\n<li>Faydas\u0131: Saman\u0131n etkili ve e\u015fit bir \u015fekilde yay\u0131lmas\u0131n\u0131 veya kabart\u0131lmas\u0131n\u0131 sa\u011flayarak, saman\u0131n yeterli \u015fekilde havaland\u0131r\u0131lmas\u0131n\u0131 ve balyalamaya veya daha ileri i\u015fleme haz\u0131r olmas\u0131n\u0131 sa\u011flar.<\/li>\n<\/ul>\n<p><strong>T\u00fcy D\u00f6kme Makineleri<\/strong><\/p>\n<ul>\n<li>Uygulama: Ot bi\u00e7me makineleri, ot ve \u00e7imi yaymak ve kabartarak hava sirk\u00fclasyonunu iyile\u015ftirmek ve daha h\u0131zl\u0131 kurutma sa\u011flamak i\u00e7in kullan\u0131l\u0131r. Di\u015fli kutusu ot bi\u00e7me mekanizmas\u0131n\u0131 \u00e7al\u0131\u015ft\u0131rarak sorunsuz \u00e7al\u0131\u015fma ve g\u00fc\u00e7 aktar\u0131m\u0131 sa\u011flar.<\/li>\n<li>Avantaj\u0131: \u015eanz\u0131man, ot da\u011f\u0131tma makinesinin d\u00fczg\u00fcn \u00e7al\u0131\u015fmas\u0131n\u0131 sa\u011flayarak, ot kar\u0131\u015fma riskini azalt\u0131r ve kurutma verimlili\u011fini art\u0131r\u0131r.<\/li>\n<\/ul>\n<p><strong>Tar\u0131msal S\u0131n\u0131fland\u0131r\u0131c\u0131lar<\/strong><\/p>\n<ul>\n<li>Uygulama: Toprak haz\u0131rlama ve tesviye ekipmanlar\u0131nda, FMP-TBS128 di\u015fli kutusu ekim veya yeti\u015ftirme i\u00e7in toprak y\u00fczeylerini d\u00fczle\u015ftiren veya p\u00fcr\u00fczs\u00fczle\u015ftiren greyderlere g\u00fc\u00e7 sa\u011flamak i\u00e7in kullan\u0131l\u0131r.<\/li>\n<li>Avantaj\u0131: \u015eanz\u0131man, hassas toprak tesviyesi i\u00e7in gerekli torku ve dengeyi sa\u011flayarak, tarla haz\u0131rl\u0131\u011f\u0131nda homojenli\u011fi sa\u011flar.<\/li>\n<\/ul>\n<p>Bu uygulamalar, FMP-TBS128 Greyder Tahrikli T\u0131rm\u0131k \u015eanz\u0131man\u0131n\u0131n \u00e7ok y\u00f6nl\u00fcl\u00fc\u011f\u00fcn\u00fc sergileyerek, tarla operasyonlar\u0131nda g\u00fcvenilir g\u00fc\u00e7 iletimi, dayan\u0131kl\u0131l\u0131k ve verimlilik gerektiren \u00e7e\u015fitli tar\u0131msal g\u00f6revler i\u00e7in uygun hale getiriyor.<\/p>\n<p><img loading=\"lazy\" decoding=\"async\" class=\"alignnone size-full wp-image-2700\" src=\"https:\/\/fmp-components.com\/wp-content\/uploads\/2025\/01\/Grader-Driven-Rake-Gearbox-EP-TBS128-Applications1.webp\" alt=\"Greyder Tahrikli T\u0131rm\u0131k \u015eanz\u0131manl\u0131 FMP-TBS128 Uygulamalar\u0131 (1)\" width=\"1000\" height=\"700\" title=\"\" srcset=\"https:\/\/fmp-components.com\/wp-content\/uploads\/2025\/01\/Grader-Driven-Rake-Gearbox-EP-TBS128-Applications1.webp 1000w, https:\/\/fmp-components.com\/wp-content\/uploads\/2025\/01\/Grader-Driven-Rake-Gearbox-EP-TBS128-Applications1-980x686.webp 980w, https:\/\/fmp-components.com\/wp-content\/uploads\/2025\/01\/Grader-Driven-Rake-Gearbox-EP-TBS128-Applications1-480x336.webp 480w\" sizes=\"(min-width: 0px) and (max-width: 480px) 480px, (min-width: 481px) and (max-width: 980px) 980px, (min-width: 981px) 1000px, 100vw\" \/><\/p>\n<h2>FMP Hakk\u0131nda<\/h2>\n<p>\u0130talya merkezli FMP, \u00f6zellikle tar\u0131m makineleri sekt\u00f6r\u00fcne odaklanarak, y\u00fcksek performansl\u0131 di\u015fli kutular\u0131n\u0131n tasar\u0131m\u0131, geli\u015ftirilmesi ve \u00fcretiminde uzmanla\u015fm\u0131\u015f lider bir \u00fcreticidir. Hassas m\u00fchendisli\u011fi, yenilik\u00e7i \u00e7\u00f6z\u00fcmleri ve sars\u0131lmaz g\u00fcvenilirli\u011fiyle tan\u0131nan FMP, hem tar\u0131m hem de sanayi sekt\u00f6rleri i\u00e7in g\u00fcvenilir bir i\u015f orta\u011f\u0131 haline gelmi\u015ftir. Kapsaml\u0131 \u00fcr\u00fcn portf\u00f6y\u00fcm\u00fcz, \u00e7im bi\u00e7me makineleri i\u00e7in \u00f6zel di\u015fli kutular\u0131, kuyruk mili milleri ve di\u011fer \u00f6nemli bile\u015fenleri i\u00e7erir ve hepsi \u00e7ok \u00e7e\u015fitli uygulamalar i\u00e7in \u00f6zelle\u015ftirilmi\u015f \u00e7\u00f6z\u00fcmler sunmak \u00fczere \u00f6zenle tasarlanm\u0131\u015ft\u0131r.<\/p>\n<p>FMP olarak, her m\u00fc\u015fterinin benzersiz zorluklar ve ihtiya\u00e7larla kar\u015f\u0131 kar\u015f\u0131ya oldu\u011funun bilincindeyiz. Bu nedenle, ister bireysel bile\u015fenler ister tamamen entegre sistemler i\u00e7in olsun, size \u00f6zel \u00e7\u00f6z\u00fcmler sunmaya odaklan\u0131yoruz. M\u00fc\u015fterilerimizle yak\u0131n i\u015f birli\u011fi i\u00e7inde \u00e7al\u0131\u015farak her \u00e7\u00f6z\u00fcm\u00fcn yaln\u0131zca etkili de\u011fil, ayn\u0131 zamanda verimli olmas\u0131n\u0131, hem performans\u0131 hem de de\u011feri optimize etmesini sa\u011fl\u0131yoruz. H\u0131zl\u0131 ve profesyonel yan\u0131tlar sunma taahh\u00fcd\u00fcm\u00fcz, uzman rehberli\u011fimizle birle\u015ferek her talebin azami \u00f6zenle ele al\u0131nmas\u0131n\u0131 ve m\u00fcmk\u00fcn olan en iyi sonu\u00e7lar\u0131n elde edilmesini garanti eder.<\/p>\n<p>A\u00e7\u0131k ve s\u00fcrekli ileti\u015fim, yakla\u015f\u0131m\u0131m\u0131z\u0131n temel ta\u015flar\u0131ndan biridir. \u00d6zverili ekibimiz, \u00fcr\u00fcn geli\u015ftirme s\u00fcreci boyunca m\u00fc\u015fterilerimizle yak\u0131n bir \u015fekilde \u00e7al\u0131\u015farak, onlar\u0131n \u00f6zel ihtiya\u00e7lar\u0131n\u0131 derinlemesine anlar. En uygun \u00e7\u00f6z\u00fcmleri sa\u011flamak i\u00e7in de\u011ferli g\u00f6r\u00fc\u015f ve \u00f6neriler sunar\u0131z. \u0130ster yeni \u00fcr\u00fcnler tasarl\u0131yor ister devam eden sipari\u015fleri kar\u015f\u0131l\u0131yor olal\u0131m, FMP her seferinde y\u00fcksek kaliteli, hassas m\u00fchendislikle tasarlanm\u0131\u015f \u00e7\u00f6z\u00fcmleri zaman\u0131nda sunmaya kendini adam\u0131\u015ft\u0131r. Misyonumuz, her projede ola\u011fan\u00fcst\u00fc hizmet ve sonu\u00e7lar sunarak m\u00fc\u015fteri beklentilerini a\u015fmakt\u0131r.<\/p>\n<p>Kalite, yapt\u0131\u011f\u0131m\u0131z her \u015feyin merkezinde yer al\u0131r. En y\u00fcksek \u00fcretim standartlar\u0131na ba\u011fl\u0131 kalarak, her \u00fcr\u00fcn\u00fcn sekt\u00f6r standartlar\u0131n\u0131 kar\u015f\u0131lamas\u0131n\u0131 ve hatta a\u015fmas\u0131n\u0131 sa\u011flamak i\u00e7in s\u0131k\u0131 kalite kontrol prosed\u00fcrleri uyguluyoruz. M\u00fckemmelli\u011fe olan bu ba\u011fl\u0131l\u0131\u011f\u0131m\u0131z, d\u00fcr\u00fcstl\u00fck, ekip \u00e7al\u0131\u015fmas\u0131 ve azim gibi temel de\u011ferlerimizle birle\u015ferek, FMP'nin d\u00fcnya \u00e7ap\u0131nda yakla\u015f\u0131k 30 \u00fclkedeki m\u00fc\u015fterileriyle uzun vadeli, g\u00fcvene dayal\u0131 ili\u015fkiler kurmas\u0131na yard\u0131mc\u0131 olmu\u015ftur.<\/p>\n<p>FMP, k\u00fcresel ortakl\u0131klar kurmaya her zaman isteklidir ve m\u00fc\u015fterilerimizin \u00e7e\u015fitli ihtiya\u00e7lar\u0131n\u0131 kar\u015f\u0131layan uzman tavsiyeleri ve \u00f6zelle\u015ftirilmi\u015f \u00e7\u00f6z\u00fcmler sunmaya kendini adam\u0131\u015ft\u0131r. Sadece \u00fcr\u00fcn tedarik etmekle kalm\u0131yor, her projenin uzun vadeli ba\u015far\u0131s\u0131na katk\u0131da bulunan kal\u0131c\u0131 ili\u015fkiler kurmay\u0131 hedefliyoruz. \u0130ster yeni bir giri\u015fim i\u00e7in yenilik\u00e7i \u00e7\u00f6z\u00fcmlere, ister mevcut bir sistem i\u00e7in s\u00fcrekli deste\u011fe ihtiyac\u0131n\u0131z olsun, FMP teknik zorluklar\u0131n\u0131z\u0131 kar\u015f\u0131lamaya ve ba\u015far\u0131n\u0131z\u0131n devam\u0131n\u0131 sa\u011flamaya haz\u0131rd\u0131r.<\/p>\n<p><img loading=\"lazy\" decoding=\"async\" class=\"alignnone wp-image-2695\" src=\"https:\/\/fmp-components.com\/wp-content\/uploads\/2025\/01\/agricultural-gearbox3.webp\" alt=\"tar\u0131msal \u015fanz\u0131man\" width=\"953\" height=\"951\" title=\"\" srcset=\"https:\/\/fmp-components.com\/wp-content\/uploads\/2025\/01\/agricultural-gearbox3.webp 953w, https:\/\/fmp-components.com\/wp-content\/uploads\/2025\/01\/agricultural-gearbox3-480x479.webp 480w\" sizes=\"(min-width: 0px) and (max-width: 480px) 480px, (min-width: 481px) 953px, 100vw\" \/><\/p>\n<p>Yazar: CX<\/p>","protected":false},"excerpt":{"rendered":"<p>Grader Driven Rake Gearbox FMP-TBS128 Dimensions Grader Driven Rake Gearbox FMP-TBS128 Technical Data i Suitable Rpm input Rpm output KW(Nom) KW(Max) Toothing r\/min r\/min hp hp gear 1 3.69:1 Crawler Rotary Cultivator, etc 2400 650 80 100 Gleason Helical Teeth gear 2 2.81: 1 2400 850 Remark: If you have any special require feel free [&hellip;]<\/p>","protected":false},"featured_media":2699,"comment_status":"open","ping_status":"closed","template":"","meta":{"_et_pb_use_builder":"","_et_pb_old_content":"","_et_gb_content_width":""},"product_brand":[],"product_cat":[66],"product_tag":[],"class_list":{"0":"post-2696","1":"product","2":"type-product","3":"status-publish","4":"has-post-thumbnail","6":"product_cat-grader-driven-rake-gearbox","8":"first","9":"instock","10":"shipping-taxable","11":"product-type-simple"},"_links":{"self":[{"href":"https:\/\/fmp-components.com\/tr\/wp-json\/wp\/v2\/product\/2696","targetHints":{"allow":["GET"]}}],"collection":[{"href":"https:\/\/fmp-components.com\/tr\/wp-json\/wp\/v2\/product"}],"about":[{"href":"https:\/\/fmp-components.com\/tr\/wp-json\/wp\/v2\/types\/product"}],"replies":[{"embeddable":true,"href":"https:\/\/fmp-components.com\/tr\/wp-json\/wp\/v2\/comments?post=2696"}],"wp:featuredmedia":[{"embeddable":true,"href":"https:\/\/fmp-components.com\/tr\/wp-json\/wp\/v2\/media\/2699"}],"wp:attachment":[{"href":"https:\/\/fmp-components.com\/tr\/wp-json\/wp\/v2\/media?parent=2696"}],"wp:term":[{"taxonomy":"product_brand","embeddable":true,"href":"https:\/\/fmp-components.com\/tr\/wp-json\/wp\/v2\/product_brand?post=2696"},{"taxonomy":"product_cat","embeddable":true,"href":"https:\/\/fmp-components.com\/tr\/wp-json\/wp\/v2\/product_cat?post=2696"},{"taxonomy":"product_tag","embeddable":true,"href":"https:\/\/fmp-components.com\/tr\/wp-json\/wp\/v2\/product_tag?post=2696"}],"curies":[{"name":"wp","href":"https:\/\/api.w.org\/{rel}","templated":true}]}}