{"id":2667,"date":"2025-01-03T05:45:44","date_gmt":"2025-01-03T05:45:44","guid":{"rendered":"https:\/\/fmp-components.com\/product\/professional-telescopic-hydraulic-cylinder-for-dump-truck\/"},"modified":"2025-01-04T00:42:55","modified_gmt":"2025-01-04T00:42:55","slug":"professional-telescopic-hydraulic-cylinder-for-dump-truck","status":"publish","type":"product","link":"https:\/\/fmp-components.com\/tr\/product\/professional-telescopic-hydraulic-cylinder-for-dump-truck\/","title":{"rendered":"Damperli Kamyon i\u00e7in Profesyonel Teleskopik Hidrolik Silindir"},"content":{"rendered":"<h2>Damperli Kamyon i\u00e7in Profesyonel Teleskopik Hidrolik Silindir<\/h2>\n<p>Damperli Kamyonlar i\u00e7in Profesyonel Teleskopik Hidrolik Silindir, damperli kamyonlar i\u00e7in \u00f6zel olarak tasarlanm\u0131\u015f, y\u00fcksek kaliteli ve verimli bir hidrolik sistemdir. Bu silindir, kamyon kasas\u0131n\u0131n sorunsuz ve hassas bir \u015fekilde kald\u0131r\u0131l\u0131p indirilmesinde \u00f6nemli bir rol oynayarak malzemelerin kolayca y\u00fcklenip bo\u015falt\u0131lmas\u0131n\u0131 sa\u011flar.<\/p>\n<p>Temel \u00d6zellikler:<br \/>\n1. \u00dcst\u00fcn Dayan\u0131kl\u0131l\u0131k: Sa\u011flam malzemeler ve geli\u015fmi\u015f m\u00fchendislikle \u00fcretilen bu hidrolik silindir, a\u011f\u0131r y\u00fcklere ve zorlu \u00e7al\u0131\u015fma ko\u015fullar\u0131na dayanacak \u015fekilde tasarlanm\u0131\u015ft\u0131r. A\u015f\u0131nma ve y\u0131pranmaya kar\u015f\u0131 son derece dayan\u0131kl\u0131d\u0131r ve uzun \u00f6m\u00fcrl\u00fc performans sa\u011flar.<\/p>\n<p>2. Teleskopik Tasar\u0131m: Silindir, ihtiya\u00e7 duyuldu\u011funda uzay\u0131p k\u0131salabilen \u00e7oklu kademelere sahip teleskopik bir tasar\u0131ma sahiptir. Bu, \u00e7e\u015fitli bo\u015faltma ihtiya\u00e7lar\u0131n\u0131 kar\u015f\u0131layan esnek ve ayarlanabilir y\u00fckseklik pozisyonlar\u0131 sa\u011flar.<\/p>\n<p>3. Hassas Kontrol: G\u00fcvenilir bir hidrolik sistemle donat\u0131lm\u0131\u015f olan bu silindir, kald\u0131rma ve indirme i\u015flemleri \u00fczerinde hassas kontrol sa\u011flar. Operat\u00f6rler, h\u0131z\u0131 ve kuvveti kolayca ayarlayarak malzemelerin g\u00fcvenli ve verimli bir \u015fekilde bo\u015falt\u0131lmas\u0131n\u0131 sa\u011flar.<\/p>\n<p>4. Kolay Bak\u0131m: Profesyonel Teleskopik Hidrolik Silindir, kolay bak\u0131m i\u00e7in tasarlanm\u0131\u015ft\u0131r. Kolayca eri\u015filebilen bile\u015fenlerle donat\u0131lm\u0131\u015f olmas\u0131, kolay inceleme, ya\u011flama ve onar\u0131m olana\u011f\u0131 sunarak ar\u0131za s\u00fcresini en aza indirir ve verimlili\u011fi en \u00fcst d\u00fczeye \u00e7\u0131kar\u0131r.<\/p>\n<p>5. Geni\u015f Uygulama Yelpazesi: Bu hidrolik silindir, in\u015faat, madencilik ve tar\u0131m gibi sekt\u00f6rlerde kullan\u0131lan \u00e7ok \u00e7e\u015fitli damperli kamyonlar i\u00e7in uygundur. A\u011f\u0131r y\u00fckleri ta\u015f\u0131mak ve zorlu ortamlarda g\u00fcvenilir performans sa\u011flamak \u00fczere tasarlanm\u0131\u015ft\u0131r.<\/p>\n<h2>Temel \u00d6zellikler ve Teknik \u00d6zellikler<\/h2>\n<p>Hidrolik silindir, dijital yap\u0131ya sahip standart bir \u00fcr\u00fcnd\u00fcr. Ana bile\u015fenleri, 1 y\u0131l garantili rulmanlardan olu\u015fur. Ana g\u00f6vde malzemesi \u00e7eliktir ve bu da dayan\u0131kl\u0131l\u0131k ve uzun \u00f6m\u00fcr sa\u011flar. Maksimum 3000 itme ve 200 mm \u00e7ekme g\u00fcc\u00fcne sahiptir. Hidrolik silindirin rengi siyaht\u0131r ve bu da profesyonel ve \u015f\u0131k tasar\u0131m\u0131na katk\u0131da bulunur.<\/p>\n<p><img loading=\"lazy\" decoding=\"async\" class=\"size-full wp-image-2679 aligncenter\" src=\"https:\/\/fmp-components.com\/wp-content\/uploads\/2025\/01\/dump-truck-trailer-hydraulic-cylinder-2-2.webp\" alt=\"damperli kamyon r\u00f6mork hidrolik silindir 2\" width=\"600\" height=\"600\" title=\"\" srcset=\"https:\/\/fmp-components.com\/wp-content\/uploads\/2025\/01\/dump-truck-trailer-hydraulic-cylinder-2-2.webp 600w, https:\/\/fmp-components.com\/wp-content\/uploads\/2025\/01\/dump-truck-trailer-hydraulic-cylinder-2-2-480x480.webp 480w\" sizes=\"(min-width: 0px) and (max-width: 480px) 480px, (min-width: 481px) 600px, 100vw\" \/><\/p>\n<table style=\"width: 93.9385%; height: 229px;\" border=\"1\">\n<tbody>\n<tr>\n<td colspan=\"1\" rowspan=\"1\"><b>Delik Boyutu<\/b><\/td>\n<td colspan=\"1\" rowspan=\"1\">2-6 in\u00e7<\/td>\n<\/tr>\n<tr>\n<td colspan=\"1\" rowspan=\"1\"><b>\u00c7ubuk Boyutu<\/b><\/td>\n<td colspan=\"1\" rowspan=\"1\">1.125-4 in\u00e7<\/td>\n<\/tr>\n<tr>\n<td colspan=\"1\" rowspan=\"1\"><b>Vuru\u015f Boyutu<\/b><\/td>\n<td colspan=\"1\" rowspan=\"1\">6-48 in\u00e7<\/td>\n<\/tr>\n<tr>\n<td colspan=\"1\" rowspan=\"1\"><b>Pin Boyutu<\/b><\/td>\n<td colspan=\"1\" rowspan=\"1\">0,5-2 in\u00e7<\/td>\n<\/tr>\n<tr>\n<td colspan=\"1\" rowspan=\"1\"><b>Limanlar<\/b><\/td>\n<td colspan=\"1\" rowspan=\"1\">G\/SAE\/NPT\/M<\/td>\n<\/tr>\n<\/tbody>\n<\/table>\n<h2>Damperli Kamyon ve R\u00f6mork Hidrolik Silindirinin Avantajlar\u0131<\/h2>\n<ul>\n<li><strong>Artan Verimlilik:<\/strong> Hidrolik silindirlerle donat\u0131lm\u0131\u015f damperli kamyonlar ve r\u00f6morklar, hidrolik silindirleri olmayanlara g\u00f6re daha verimli \u00e7al\u0131\u015fabilir. Hidrolik sistem, malzemelerin daha h\u0131zl\u0131 ve daha hassas bir \u015fekilde bo\u015falt\u0131lmas\u0131n\u0131 sa\u011flayan sorunsuz ve g\u00fcvenilir bir g\u00fc\u00e7 aktar\u0131m\u0131 sa\u011flar. Bu, genel verimlili\u011fi art\u0131r\u0131rken zamandan ve i\u015f\u00e7ilik maliyetlerinden tasarruf sa\u011flar. Ayr\u0131ca, hidrolik sistemler enerji t\u00fcketimi a\u00e7\u0131s\u0131ndan olduk\u00e7a verimlidir. Mekanik sistemlere k\u0131yasla \u00e7al\u0131\u015fmak i\u00e7in daha az enerji gerektirirler, bu da daha d\u00fc\u015f\u00fck yak\u0131t maliyetleri ve daha az \u00e7evresel etki anlam\u0131na gelir. Ayr\u0131ca, hidrolik silindirler uzun \u00f6m\u00fcrl\u00fc performans i\u00e7in tasarlanm\u0131\u015ft\u0131r ve s\u0131k bak\u0131m ve onar\u0131m ihtiyac\u0131n\u0131 azalt\u0131r.<\/li>\n<li><strong>Geli\u015ftirilmi\u015f G\u00fcvenlik:<\/strong> Damperli kamyonlar ve r\u00f6morklar, do\u011fru \u015fekilde \u00e7al\u0131\u015ft\u0131r\u0131lmad\u0131klar\u0131nda tehlikeli olabilir. Ancak hidrolik silindirler, bo\u015faltma i\u015flemi s\u0131ras\u0131nda devrilme veya d\u00f6k\u00fclme riskini azaltarak g\u00fcvenli\u011fi art\u0131rabilir. Hidrolik sistem, arac\u0131n dengesini bozabilecek ani hareketleri veya sars\u0131nt\u0131lar\u0131 \u00f6nleyerek istikrarl\u0131 ve sorunsuz bir g\u00fc\u00e7 aktar\u0131m\u0131 sa\u011flar. Ayr\u0131ca, hidrolik sistemler, bas\u0131n\u00e7 tahliye valfleri ve a\u015f\u0131r\u0131 y\u00fck korumas\u0131 gibi g\u00fcvenlik \u00f6zellikleriyle tasarlanarak sistemin maksimum kapasitesini a\u015fmamas\u0131 sa\u011flanabilir. Hidrolik silindirler, g\u00fcvenli\u011fi art\u0131rarak kaza ve yaralanma riskini azaltmaya ve hem \u00e7al\u0131\u015fanlar\u0131 hem de ekipman\u0131 korumaya yard\u0131mc\u0131 olabilir.<\/li>\n<li><strong>Artt\u0131r\u0131lm\u0131\u015f \u00c7ok Y\u00f6nl\u00fcl\u00fck:<\/strong> Hidrolik silindirlerle donat\u0131lm\u0131\u015f damperli kamyonlar ve r\u00f6morklar \u00e7e\u015fitli uygulamalarda kullan\u0131labilir. Hidrolik sistemler son derece uyarlanabilirdir ve farkl\u0131 end\u00fcstri ve uygulamalar\u0131n \u00f6zel ihtiya\u00e7lar\u0131na uyacak \u015fekilde \u00f6zelle\u015ftirilebilir. \u00d6rne\u011fin, hidrolik silindirler farkl\u0131 bas\u0131n\u00e7 ve h\u0131zlarda \u00e7al\u0131\u015facak \u015fekilde tasarlanarak bo\u015faltma i\u015flemi \u00fczerinde hassas kontrol sa\u011flanabilir. Ayr\u0131ca a\u011f\u0131r y\u00fckleri kald\u0131rmak veya malzemeleri itmek i\u00e7in de kullan\u0131labilirler, bu da onlar\u0131 in\u015faat, madencilik ve tar\u0131m gibi alanlarda kullan\u0131\u015fl\u0131 hale getirir.<\/li>\n<li><strong>Geli\u015fmi\u015f Konfor:<\/strong> Damperli kamyon ve r\u00f6mork operat\u00f6rleri, hidrolik sistemlerin sa\u011flad\u0131\u011f\u0131 geli\u015fmi\u015f konfordan faydalanabilirler. Hidrolik silindirlerin sorunsuz \u00e7al\u0131\u015fmas\u0131, titre\u015fimleri ve sars\u0131nt\u0131lar\u0131 azaltarak operat\u00f6r yorgunlu\u011funu azalt\u0131r ve genel konforu art\u0131r\u0131r. Ayr\u0131ca, hidrolik sistemler sessiz \u00e7al\u0131\u015facak \u015fekilde tasarlanarak g\u00fcr\u00fclt\u00fc kirlili\u011fini azalt\u0131r ve daha konforlu bir \u00e7al\u0131\u015fma ortam\u0131 yarat\u0131r. Bu, \u00f6zellikle \u00e7al\u0131\u015fanlar\u0131n ekipmana uzun s\u00fcre yak\u0131n mesafede bulundu\u011fu uygulamalar i\u00e7in \u00f6nemli olabilir.<\/li>\n<li><strong>Artt\u0131r\u0131lm\u0131\u015f Kontrol:<\/strong> Hidrolik silindirler, bo\u015faltma i\u015flemi \u00fczerinde hassas kontrol sa\u011flayarak operat\u00f6rlerin bo\u015faltma h\u0131z\u0131n\u0131 ve a\u00e7\u0131s\u0131n\u0131 ayarlamas\u0131na olanak tan\u0131r. Bu kontrol seviyesi, \u00f6zellikle bo\u015falt\u0131lan malzemelerin hassas oldu\u011fu veya hassas konumland\u0131rma gerektirdi\u011fi uygulamalar i\u00e7in faydal\u0131 olabilir. Ayr\u0131ca, hidrolik silindirler uzaktan \u00e7al\u0131\u015ft\u0131r\u0131labilir ve bu da daha fazla kontrol ve esneklik sa\u011flar. Bu, operat\u00f6r\u00fcn ekipmandan farkl\u0131 bir konumda olmas\u0131 gereken veya g\u00f6r\u00fc\u015f\u00fcn s\u0131n\u0131rl\u0131 oldu\u011fu uygulamalar i\u00e7in faydal\u0131 olabilir.<\/li>\n<\/ul>\n<p><img loading=\"lazy\" decoding=\"async\" class=\"alignnone size-full wp-image-2676\" src=\"https:\/\/fmp-components.com\/wp-content\/uploads\/2025\/01\/hydraulic-cylinder-workshop.webp\" alt=\"hidrolik silindir at\u00f6lyesi\" width=\"914\" height=\"733\" title=\"\" srcset=\"https:\/\/fmp-components.com\/wp-content\/uploads\/2025\/01\/hydraulic-cylinder-workshop.webp 914w, https:\/\/fmp-components.com\/wp-content\/uploads\/2025\/01\/hydraulic-cylinder-workshop-480x385.webp 480w\" sizes=\"(min-width: 0px) and (max-width: 480px) 480px, (min-width: 481px) 914px, 100vw\" \/><\/p>\n<h2>FMP Hakk\u0131nda<\/h2>\n<p>FMP, in\u015faat makinesi aksesuarlar\u0131 ve komple makinelerin sat\u0131\u015f ve servisinde uzmanla\u015fm\u0131\u015f, \u0130talya merkezli lider bir \u015firkettir. \u015eirketimiz, sekt\u00f6rde kapsaml\u0131 deneyime ve m\u00fc\u015fterilerine y\u00fcksek kaliteli ve g\u00fcvenilir in\u015faat makinesi \u00e7\u00f6z\u00fcmleri sunmaya kendini adam\u0131\u015f profesyonel bir ekibe sahiptir.<\/p>\n<p>FMP'yi se\u00e7meniz i\u00e7in be\u015f neden:<\/p>\n<p>1. Y\u00fcksek Kaliteli Hassas M\u00fchendislik Hidrolik Silindirleri<br \/>\nFMP olarak, i\u015fimizin her a\u015famas\u0131nda kaliteye ba\u011fl\u0131y\u0131z. Hidrolik silindirlerimiz, en y\u00fcksek end\u00fcstri standartlar\u0131n\u0131 kar\u015f\u0131layacak \u015fekilde hassas bir \u015fekilde tasarlanm\u0131\u015ft\u0131r. M\u00fc\u015fterilerimizin m\u00fcmk\u00fcn olan en iyi \u00fcr\u00fcnleri almas\u0131n\u0131 sa\u011flamak i\u00e7in yaln\u0131zca y\u00fcksek kaliteli hammaddeler kullan\u0131yor ve bitmi\u015f \u00fcr\u00fcnlerde s\u0131k\u0131 kalite kontrolleri ger\u00e7ekle\u015ftiriyoruz.<\/p>\n<p>2. Geni\u015f \u00dcr\u00fcn Yelpazesi<br \/>\n\u00c7e\u015fitli hidrolik silindirler, di\u015fli kutular\u0131, zincirler ve zincir di\u015flileri de dahil olmak \u00fczere geni\u015f bir in\u015faat makinesi aksesuarlar\u0131 ve komple makine yelpazesi sunuyoruz. \u00dcr\u00fcn yelpazemiz, motor aksesuarlar\u0131, hidrolik sistem bile\u015fenleri, \u015fasi aksesuarlar\u0131 ve elektrik sistemi aksesuarlar\u0131 dahil olmak \u00fczere her t\u00fcrl\u00fc in\u015faat makinesi ve aksesuar\u0131n\u0131 kapsamaktad\u0131r.<\/p>\n<p>3. Tedarik\u00e7ilerle Uzun Vadeli ve \u0130stikrarl\u0131 \u0130\u015fbirli\u011fi \u0130li\u015fkileri<br \/>\nFMP, bir\u00e7ok y\u00fcksek kaliteli yerli ve yabanc\u0131 tedarik\u00e7iyle uzun vadeli ve istikrarl\u0131 i\u015f birli\u011fi ili\u015fkileri kurmu\u015ftur. Bu sayede, tedarik edilen t\u00fcm aksesuarlar\u0131n s\u0131k\u0131 kalite standartlar\u0131n\u0131 kar\u015f\u0131lamas\u0131 ve m\u00fc\u015fterilerimizin m\u00fcmk\u00fcn olan en iyi \u00fcr\u00fcnleri almas\u0131 sa\u011flanmaktad\u0131r.<\/p>\n<p>4. Deneyimli ve Yetenekli Sat\u0131\u015f Ekibi<br \/>\nSat\u0131\u015f ekibimiz, in\u015faat makineleri sekt\u00f6r\u00fcnde deneyimli ve yeteneklidir. En son geli\u015fme trendlerini ve m\u00fc\u015fteri ihtiya\u00e7lar\u0131n\u0131 yak\u0131ndan takip eder ve m\u00fc\u015fterilerimizin ihtiya\u00e7lar\u0131na uygun \u00fcr\u00fcnleri alabilmelerini sa\u011flamak i\u00e7in profesyonel \u00fcr\u00fcn dan\u0131\u015fmanl\u0131\u011f\u0131 ve ak\u0131ll\u0131 sat\u0131n alma tavsiyeleri sunarlar.<\/p>\n<p>5. Verimli Lojistik Da\u011f\u0131t\u0131m Sistemi<br \/>\nM\u00fc\u015fterilerimizin ihtiya\u00e7 duyduklar\u0131 par\u00e7alar\u0131 zaman\u0131nda ve do\u011fru bir \u015fekilde almas\u0131n\u0131 sa\u011flayan verimli bir lojistik da\u011f\u0131t\u0131m sistemimiz bulunmaktad\u0131r. Lojistik ekibimiz, m\u00fc\u015fterilerimizin memnuniyetini sa\u011flamak i\u00e7in m\u00fcmk\u00fcn olan en iyi hizmeti sunmaya kendini adam\u0131\u015ft\u0131r.<\/p>\n<p>Y\u00fcksek kaliteli in\u015faat makinesi aksesuarlar\u0131 ve komple makineler ar\u0131yorsan\u0131z, FMP en iyi tercihinizdir. \u00dcr\u00fcnlerimiz ve in\u015faat makinesi ihtiya\u00e7lar\u0131n\u0131z\u0131 kar\u015f\u0131laman\u0131za nas\u0131l yard\u0131mc\u0131 olabilece\u011fimiz hakk\u0131nda daha fazla bilgi edinmek i\u00e7in bug\u00fcn bizimle ileti\u015fime ge\u00e7in.<\/p>\n<p><img loading=\"lazy\" decoding=\"async\" class=\"alignnone wp-image-2672\" src=\"https:\/\/fmp-components.com\/wp-content\/uploads\/2025\/01\/Dump-Truck-Trailer-Hydraulic-Cylinder-product-3-2.webp\" alt=\"Damperli Kamyon ve R\u00f6mork Hidrolik Silindiri-\u00fcr\u00fcn-3\" width=\"921\" height=\"675\" title=\"\" srcset=\"https:\/\/fmp-components.com\/wp-content\/uploads\/2025\/01\/Dump-Truck-Trailer-Hydraulic-Cylinder-product-3-2.webp 921w, https:\/\/fmp-components.com\/wp-content\/uploads\/2025\/01\/Dump-Truck-Trailer-Hydraulic-Cylinder-product-3-2-480x352.webp 480w\" sizes=\"(min-width: 0px) and (max-width: 480px) 480px, (min-width: 481px) 921px, 100vw\" \/><br \/>\nYazar: CX<\/p>","protected":false},"excerpt":{"rendered":"<p>Professional Telescopic Hydraulic Cylinder for Dump Truck The Professional Telescopic Hydraulic Cylinder for Dump Truck is a high-quality and efficient hydraulic system designed specifically for dump trucks. This cylinder plays a crucial role in enabling the smooth and precise lifting and lowering of the truck&#8217;s bed, allowing for easy loading and unloading of materials. Key [&hellip;]<\/p>","protected":false},"featured_media":2668,"comment_status":"closed","ping_status":"closed","template":"","meta":{"_et_pb_use_builder":"","_et_pb_old_content":"","_et_gb_content_width":""},"product_brand":[],"product_cat":[63],"product_tag":[65,34],"class_list":{"0":"post-2667","1":"product","2":"type-product","3":"status-publish","4":"has-post-thumbnail","6":"product_cat-dump-truck-trailer-hydraulic-cylinder","7":"product_tag-dump-truck-trailer-hydraulic-cylinder","8":"product_tag-hydraulic-cylinder","10":"first","11":"instock","12":"product-type-simple"},"_links":{"self":[{"href":"https:\/\/fmp-components.com\/tr\/wp-json\/wp\/v2\/product\/2667","targetHints":{"allow":["GET"]}}],"collection":[{"href":"https:\/\/fmp-components.com\/tr\/wp-json\/wp\/v2\/product"}],"about":[{"href":"https:\/\/fmp-components.com\/tr\/wp-json\/wp\/v2\/types\/product"}],"replies":[{"embeddable":true,"href":"https:\/\/fmp-components.com\/tr\/wp-json\/wp\/v2\/comments?post=2667"}],"wp:featuredmedia":[{"embeddable":true,"href":"https:\/\/fmp-components.com\/tr\/wp-json\/wp\/v2\/media\/2668"}],"wp:attachment":[{"href":"https:\/\/fmp-components.com\/tr\/wp-json\/wp\/v2\/media?parent=2667"}],"wp:term":[{"taxonomy":"product_brand","embeddable":true,"href":"https:\/\/fmp-components.com\/tr\/wp-json\/wp\/v2\/product_brand?post=2667"},{"taxonomy":"product_cat","embeddable":true,"href":"https:\/\/fmp-components.com\/tr\/wp-json\/wp\/v2\/product_cat?post=2667"},{"taxonomy":"product_tag","embeddable":true,"href":"https:\/\/fmp-components.com\/tr\/wp-json\/wp\/v2\/product_tag?post=2667"}],"curies":[{"name":"wp","href":"https:\/\/api.w.org\/{rel}","templated":true}]}}