{"id":2655,"date":"2025-01-03T05:45:44","date_gmt":"2025-01-03T05:45:44","guid":{"rendered":"https:\/\/fmp-components.com\/product\/high-quality-hydraulic-cylinder-of-platform-lifting\/"},"modified":"2025-01-04T00:42:34","modified_gmt":"2025-01-04T00:42:34","slug":"high-quality-hydraulic-cylinder-of-platform-lifting","status":"publish","type":"product","link":"https:\/\/fmp-components.com\/tr\/product\/high-quality-hydraulic-cylinder-of-platform-lifting\/","title":{"rendered":"Platform Kald\u0131rma i\u00e7in Y\u00fcksek Kaliteli Hidrolik Silindir"},"content":{"rendered":"<h3>Platform Kald\u0131rma i\u00e7in Y\u00fcksek Kaliteli Hidrolik Silindir<\/h3>\n<p><strong>\u00dcr\u00fcn A\u00e7\u0131klamas\u0131:<\/strong><\/p>\n<p>Platform Kald\u0131rma i\u00e7in Y\u00fcksek Kaliteli Hidrolik Silindirimiz, \u00e7e\u015fitli kald\u0131rma uygulamalar\u0131nda ola\u011fan\u00fcst\u00fc performans ve g\u00fcvenilirlik sunmak \u00fczere tasarlanm\u0131\u015ft\u0131r. Hassasiyetle tasarlanan bu hidrolik silindir, end\u00fcstriyel, in\u015faat ve otomotiv ortamlar\u0131nda kullan\u0131m i\u00e7in idealdir.<\/p>\n<p><strong>Temel \u00d6zellikler:<\/strong><\/p>\n<ul>\n<li><strong>Sa\u011flam Yap\u0131:<\/strong> Y\u00fcksek mukavemetli \u00e7elikten \u00fcretilen hidrolik silindirimiz, a\u011f\u0131r y\u00fcklere ve zorlu ortamlara dayanacak \u015fekilde \u00fcretilmi\u015ftir ve uzun \u00f6m\u00fcrl\u00fc dayan\u0131kl\u0131l\u0131k sa\u011flar.<\/li>\n<li><strong>Geli\u015fmi\u015f S\u0131zd\u0131rmazl\u0131k Teknolojisi:<\/strong> S\u0131z\u0131nt\u0131y\u0131 \u00f6nlemek ve optimum hidrolik bas\u0131nc\u0131 korumak i\u00e7in son teknoloji contalarla donat\u0131lm\u0131\u015ft\u0131r, bu da verimlili\u011fi ve g\u00fcvenli\u011fi art\u0131r\u0131r.<\/li>\n<li><strong>Sorunsuz \u00c7al\u0131\u015fma:<\/strong> Silindirin tasar\u0131m\u0131, makinelerin a\u015f\u0131nmas\u0131n\u0131 ve y\u0131pranmas\u0131n\u0131 en aza indirerek, d\u00fczg\u00fcn ve kontroll\u00fc kald\u0131rma sa\u011flar.<\/li>\n<li><strong>\u00c7ok Y\u00f6nl\u00fc Uygulamalar:<\/strong> Makasl\u0131 platformlar, hava \u00e7al\u0131\u015fma platformlar\u0131 ve di\u011fer a\u011f\u0131r ekipmanlar dahil olmak \u00fczere \u00e7ok \u00e7e\u015fitli kald\u0131rma platformlar\u0131 i\u00e7in uygundur.<\/li>\n<li><strong>\u00d6zelle\u015ftirilebilir Se\u00e7enekler:<\/strong> Belirli operasyonel gereksinimleri kar\u015f\u0131lamak i\u00e7in \u00e7e\u015fitli ebatlarda ve strok uzunluklar\u0131nda mevcuttur.<\/li>\n<li><strong>Kolay Kurulum:<\/strong> Kolay kurulum i\u00e7in tasarlanm\u0131\u015ft\u0131r, mevcut sistemlere entegrasyonu kolayd\u0131r.<\/li>\n<\/ul>\n<p>Platform Kald\u0131rma i\u00e7in Y\u00fcksek Kaliteli Hidrolik Silindirimize yat\u0131r\u0131m yap\u0131n ve kald\u0131rma operasyonlar\u0131n\u0131zda g\u00fcvenilirlik, verimlilik ve emniyetin m\u00fckemmel birle\u015fimini deneyimleyin.<\/p>\n<h3>Hidrolik Sistemlerin \u00c7al\u0131\u015fma Prensibi ve Uygulamalar\u0131<\/h3>\n<p>Hidrolik Silindir, ak\u0131\u015fkan g\u00fcc\u00fc prensibiyle \u00e7al\u0131\u015f\u0131r; bir noktaya uygulanan bas\u0131n\u00e7, s\u0131k\u0131\u015ft\u0131r\u0131lamaz bir ak\u0131\u015fkan (bu durumda ya\u011f) kullan\u0131larak ba\u015fka bir noktaya iletilir. Silindir, a\u011f\u0131r y\u00fcklerin kald\u0131r\u0131lmas\u0131n\u0131 gerektiren end\u00fcstrilerde yayg\u0131n olarak kullan\u0131l\u0131r. Hidrolik silindirimizle operasyonlar daha g\u00fcvenli, daha verimli ve daha g\u00fcvenilir hale gelir.<\/p>\n<h2>Damperli Kamyon ve R\u00f6mork Hidrolik Silindirinin Avantajlar\u0131<\/h2>\n<ul>\n<li><strong>Artan Verimlilik:<\/strong> Hidrolik silindirlerle donat\u0131lm\u0131\u015f damperli kamyonlar ve r\u00f6morklar, hidrolik silindirleri olmayanlara g\u00f6re daha verimli \u00e7al\u0131\u015fabilir. Hidrolik sistem, malzemelerin daha h\u0131zl\u0131 ve daha hassas bir \u015fekilde bo\u015falt\u0131lmas\u0131n\u0131 sa\u011flayan sorunsuz ve g\u00fcvenilir bir g\u00fc\u00e7 aktar\u0131m\u0131 sa\u011flar. Bu, genel verimlili\u011fi art\u0131r\u0131rken zamandan ve i\u015f\u00e7ilik maliyetlerinden tasarruf sa\u011flar. Ayr\u0131ca, hidrolik sistemler enerji t\u00fcketimi a\u00e7\u0131s\u0131ndan olduk\u00e7a verimlidir. Mekanik sistemlere k\u0131yasla \u00e7al\u0131\u015fmak i\u00e7in daha az enerji gerektirirler, bu da daha d\u00fc\u015f\u00fck yak\u0131t maliyetleri ve daha az \u00e7evresel etki anlam\u0131na gelir. Ayr\u0131ca, hidrolik silindirler uzun \u00f6m\u00fcrl\u00fc performans i\u00e7in tasarlanm\u0131\u015ft\u0131r ve s\u0131k bak\u0131m ve onar\u0131m ihtiyac\u0131n\u0131 azalt\u0131r.<\/li>\n<li><strong>Geli\u015ftirilmi\u015f G\u00fcvenlik:<\/strong> Damperli kamyonlar ve r\u00f6morklar, do\u011fru \u015fekilde \u00e7al\u0131\u015ft\u0131r\u0131lmad\u0131klar\u0131nda tehlikeli olabilir. Ancak hidrolik silindirler, bo\u015faltma i\u015flemi s\u0131ras\u0131nda devrilme veya d\u00f6k\u00fclme riskini azaltarak g\u00fcvenli\u011fi art\u0131rabilir. Hidrolik sistem, arac\u0131n dengesini bozabilecek ani hareketleri veya sars\u0131nt\u0131lar\u0131 \u00f6nleyerek istikrarl\u0131 ve sorunsuz bir g\u00fc\u00e7 aktar\u0131m\u0131 sa\u011flar. Ayr\u0131ca, hidrolik sistemler, bas\u0131n\u00e7 tahliye valfleri ve a\u015f\u0131r\u0131 y\u00fck korumas\u0131 gibi g\u00fcvenlik \u00f6zellikleriyle tasarlanarak sistemin maksimum kapasitesini a\u015fmamas\u0131 sa\u011flanabilir. Hidrolik silindirler, g\u00fcvenli\u011fi art\u0131rarak kaza ve yaralanma riskini azaltmaya ve hem \u00e7al\u0131\u015fanlar\u0131 hem de ekipman\u0131 korumaya yard\u0131mc\u0131 olabilir.<\/li>\n<li><strong>Artt\u0131r\u0131lm\u0131\u015f \u00c7ok Y\u00f6nl\u00fcl\u00fck:<\/strong> Hidrolik silindirlerle donat\u0131lm\u0131\u015f damperli kamyonlar ve r\u00f6morklar \u00e7e\u015fitli uygulamalarda kullan\u0131labilir. Hidrolik sistemler son derece uyarlanabilirdir ve farkl\u0131 end\u00fcstri ve uygulamalar\u0131n \u00f6zel ihtiya\u00e7lar\u0131na uyacak \u015fekilde \u00f6zelle\u015ftirilebilir. \u00d6rne\u011fin, hidrolik silindirler farkl\u0131 bas\u0131n\u00e7 ve h\u0131zlarda \u00e7al\u0131\u015facak \u015fekilde tasarlanarak bo\u015faltma i\u015flemi \u00fczerinde hassas kontrol sa\u011flanabilir. Ayr\u0131ca a\u011f\u0131r y\u00fckleri kald\u0131rmak veya malzemeleri itmek i\u00e7in de kullan\u0131labilirler, bu da onlar\u0131 in\u015faat, madencilik ve tar\u0131m gibi alanlarda kullan\u0131\u015fl\u0131 hale getirir.<\/li>\n<li><strong>Geli\u015fmi\u015f Konfor:<\/strong> Damperli kamyon ve r\u00f6mork operat\u00f6rleri, hidrolik sistemlerin sa\u011flad\u0131\u011f\u0131 geli\u015fmi\u015f konfordan faydalanabilirler. Hidrolik silindirlerin sorunsuz \u00e7al\u0131\u015fmas\u0131, titre\u015fimleri ve sars\u0131nt\u0131lar\u0131 azaltarak operat\u00f6r yorgunlu\u011funu azalt\u0131r ve genel konforu art\u0131r\u0131r. Ayr\u0131ca, hidrolik sistemler sessiz \u00e7al\u0131\u015facak \u015fekilde tasarlanarak g\u00fcr\u00fclt\u00fc kirlili\u011fini azalt\u0131r ve daha konforlu bir \u00e7al\u0131\u015fma ortam\u0131 yarat\u0131r. Bu, \u00f6zellikle \u00e7al\u0131\u015fanlar\u0131n ekipmana uzun s\u00fcre yak\u0131n mesafede bulundu\u011fu uygulamalar i\u00e7in \u00f6nemli olabilir.<\/li>\n<li><strong>Artt\u0131r\u0131lm\u0131\u015f Kontrol:<\/strong> Hidrolik silindirler, bo\u015faltma i\u015flemi \u00fczerinde hassas kontrol sa\u011flayarak operat\u00f6rlerin bo\u015faltma h\u0131z\u0131n\u0131 ve a\u00e7\u0131s\u0131n\u0131 ayarlamas\u0131na olanak tan\u0131r. Bu kontrol seviyesi, \u00f6zellikle bo\u015falt\u0131lan malzemelerin hassas oldu\u011fu veya hassas konumland\u0131rma gerektirdi\u011fi uygulamalar i\u00e7in faydal\u0131 olabilir. Ayr\u0131ca, hidrolik silindirler uzaktan \u00e7al\u0131\u015ft\u0131r\u0131labilir ve bu da daha fazla kontrol ve esneklik sa\u011flar. Bu, operat\u00f6r\u00fcn ekipmandan farkl\u0131 bir konumda olmas\u0131 gereken veya g\u00f6r\u00fc\u015f\u00fcn s\u0131n\u0131rl\u0131 oldu\u011fu uygulamalar i\u00e7in faydal\u0131 olabilir.<\/li>\n<\/ul>\n<p><img loading=\"lazy\" decoding=\"async\" class=\"alignnone size-full wp-image-2676\" src=\"https:\/\/fmp-components.com\/wp-content\/uploads\/2025\/01\/hydraulic-cylinder-workshop.webp\" alt=\"hidrolik silindir at\u00f6lyesi\" width=\"914\" height=\"733\" title=\"\" srcset=\"https:\/\/fmp-components.com\/wp-content\/uploads\/2025\/01\/hydraulic-cylinder-workshop.webp 914w, https:\/\/fmp-components.com\/wp-content\/uploads\/2025\/01\/hydraulic-cylinder-workshop-480x385.webp 480w\" sizes=\"(min-width: 0px) and (max-width: 480px) 480px, (min-width: 481px) 914px, 100vw\" \/><\/p>\n<h2>FMP Hakk\u0131nda<\/h2>\n<p>FMP, in\u015faat makinesi aksesuarlar\u0131 ve komple makinelerin sat\u0131\u015f ve servisinde uzmanla\u015fm\u0131\u015f, \u0130talya merkezli lider bir \u015firkettir. \u015eirketimiz, sekt\u00f6rde kapsaml\u0131 deneyime ve m\u00fc\u015fterilerine y\u00fcksek kaliteli ve g\u00fcvenilir in\u015faat makinesi \u00e7\u00f6z\u00fcmleri sunmaya kendini adam\u0131\u015f profesyonel bir ekibe sahiptir.<\/p>\n<p>FMP'yi se\u00e7meniz i\u00e7in be\u015f neden:<\/p>\n<p>1. Y\u00fcksek Kaliteli Hassas M\u00fchendislik Hidrolik Silindirleri<br \/>\nFMP olarak, i\u015fimizin her a\u015famas\u0131nda kaliteye ba\u011fl\u0131y\u0131z. Hidrolik silindirlerimiz, en y\u00fcksek end\u00fcstri standartlar\u0131n\u0131 kar\u015f\u0131layacak \u015fekilde hassas bir \u015fekilde tasarlanm\u0131\u015ft\u0131r. M\u00fc\u015fterilerimizin m\u00fcmk\u00fcn olan en iyi \u00fcr\u00fcnleri almas\u0131n\u0131 sa\u011flamak i\u00e7in yaln\u0131zca y\u00fcksek kaliteli hammaddeler kullan\u0131yor ve bitmi\u015f \u00fcr\u00fcnlerde s\u0131k\u0131 kalite kontrolleri ger\u00e7ekle\u015ftiriyoruz.<\/p>\n<p>2. Geni\u015f \u00dcr\u00fcn Yelpazesi<br \/>\n\u00c7e\u015fitli hidrolik silindirler, di\u015fli kutular\u0131, zincirler ve zincir di\u015flileri de dahil olmak \u00fczere geni\u015f bir in\u015faat makinesi aksesuarlar\u0131 ve komple makine yelpazesi sunuyoruz. \u00dcr\u00fcn yelpazemiz, motor aksesuarlar\u0131, hidrolik sistem bile\u015fenleri, \u015fasi aksesuarlar\u0131 ve elektrik sistemi aksesuarlar\u0131 dahil olmak \u00fczere her t\u00fcrl\u00fc in\u015faat makinesi ve aksesuar\u0131n\u0131 kapsamaktad\u0131r.<\/p>\n<p>3. Tedarik\u00e7ilerle Uzun Vadeli ve \u0130stikrarl\u0131 \u0130\u015fbirli\u011fi \u0130li\u015fkileri<br \/>\nFMP, bir\u00e7ok y\u00fcksek kaliteli yerli ve yabanc\u0131 tedarik\u00e7iyle uzun vadeli ve istikrarl\u0131 i\u015f birli\u011fi ili\u015fkileri kurmu\u015ftur. Bu sayede, tedarik edilen t\u00fcm aksesuarlar\u0131n s\u0131k\u0131 kalite standartlar\u0131n\u0131 kar\u015f\u0131lamas\u0131 ve m\u00fc\u015fterilerimizin m\u00fcmk\u00fcn olan en iyi \u00fcr\u00fcnleri almas\u0131 sa\u011flanmaktad\u0131r.<\/p>\n<p>4. Deneyimli ve Yetenekli Sat\u0131\u015f Ekibi<br \/>\nSat\u0131\u015f ekibimiz, in\u015faat makineleri sekt\u00f6r\u00fcnde deneyimli ve yeteneklidir. En son geli\u015fme trendlerini ve m\u00fc\u015fteri ihtiya\u00e7lar\u0131n\u0131 yak\u0131ndan takip eder ve m\u00fc\u015fterilerimizin ihtiya\u00e7lar\u0131na uygun \u00fcr\u00fcnleri alabilmelerini sa\u011flamak i\u00e7in profesyonel \u00fcr\u00fcn dan\u0131\u015fmanl\u0131\u011f\u0131 ve ak\u0131ll\u0131 sat\u0131n alma tavsiyeleri sunarlar.<\/p>\n<p>5. Verimli Lojistik Da\u011f\u0131t\u0131m Sistemi<br \/>\nM\u00fc\u015fterilerimizin ihtiya\u00e7 duyduklar\u0131 par\u00e7alar\u0131 zaman\u0131nda ve do\u011fru bir \u015fekilde almas\u0131n\u0131 sa\u011flayan verimli bir lojistik da\u011f\u0131t\u0131m sistemimiz bulunmaktad\u0131r. Lojistik ekibimiz, m\u00fc\u015fterilerimizin memnuniyetini sa\u011flamak i\u00e7in m\u00fcmk\u00fcn olan en iyi hizmeti sunmaya kendini adam\u0131\u015ft\u0131r.<\/p>\n<p>Y\u00fcksek kaliteli in\u015faat makinesi aksesuarlar\u0131 ve komple makineler ar\u0131yorsan\u0131z, FMP en iyi tercihinizdir. \u00dcr\u00fcnlerimiz ve in\u015faat makinesi ihtiya\u00e7lar\u0131n\u0131z\u0131 kar\u015f\u0131laman\u0131za nas\u0131l yard\u0131mc\u0131 olabilece\u011fimiz hakk\u0131nda daha fazla bilgi edinmek i\u00e7in bug\u00fcn bizimle ileti\u015fime ge\u00e7in.<\/p>\n<p><img loading=\"lazy\" decoding=\"async\" class=\"alignnone wp-image-2672\" src=\"https:\/\/fmp-components.com\/wp-content\/uploads\/2025\/01\/Dump-Truck-Trailer-Hydraulic-Cylinder-product-3-2.webp\" alt=\"Damperli Kamyon ve R\u00f6mork Hidrolik Silindiri-\u00fcr\u00fcn-3\" width=\"921\" height=\"675\" title=\"\" srcset=\"https:\/\/fmp-components.com\/wp-content\/uploads\/2025\/01\/Dump-Truck-Trailer-Hydraulic-Cylinder-product-3-2.webp 921w, https:\/\/fmp-components.com\/wp-content\/uploads\/2025\/01\/Dump-Truck-Trailer-Hydraulic-Cylinder-product-3-2-480x352.webp 480w\" sizes=\"(min-width: 0px) and (max-width: 480px) 480px, (min-width: 481px) 921px, 100vw\" \/><br \/>\nYazar: CX<\/p>","protected":false},"excerpt":{"rendered":"<p>High Quality Hydraulic Cylinder for Platform Lifting Product Description: Our High-Quality Hydraulic Cylinder for Platform Lifting is designed to deliver exceptional performance and reliability in various lifting applications. Engineered with precision, this hydraulic cylinder is ideal for use in industrial, construction, and automotive settings. Key Features: Robust Construction: Made from high-strength steel, our hydraulic cylinder [&hellip;]<\/p>","protected":false},"featured_media":2656,"comment_status":"closed","ping_status":"closed","template":"","meta":{"_et_pb_use_builder":"","_et_pb_old_content":"","_et_gb_content_width":""},"product_brand":[],"product_cat":[63],"product_tag":[65,34],"class_list":{"0":"post-2655","1":"product","2":"type-product","3":"status-publish","4":"has-post-thumbnail","6":"product_cat-dump-truck-trailer-hydraulic-cylinder","7":"product_tag-dump-truck-trailer-hydraulic-cylinder","8":"product_tag-hydraulic-cylinder","10":"first","11":"instock","12":"product-type-simple"},"_links":{"self":[{"href":"https:\/\/fmp-components.com\/tr\/wp-json\/wp\/v2\/product\/2655","targetHints":{"allow":["GET"]}}],"collection":[{"href":"https:\/\/fmp-components.com\/tr\/wp-json\/wp\/v2\/product"}],"about":[{"href":"https:\/\/fmp-components.com\/tr\/wp-json\/wp\/v2\/types\/product"}],"replies":[{"embeddable":true,"href":"https:\/\/fmp-components.com\/tr\/wp-json\/wp\/v2\/comments?post=2655"}],"wp:featuredmedia":[{"embeddable":true,"href":"https:\/\/fmp-components.com\/tr\/wp-json\/wp\/v2\/media\/2656"}],"wp:attachment":[{"href":"https:\/\/fmp-components.com\/tr\/wp-json\/wp\/v2\/media?parent=2655"}],"wp:term":[{"taxonomy":"product_brand","embeddable":true,"href":"https:\/\/fmp-components.com\/tr\/wp-json\/wp\/v2\/product_brand?post=2655"},{"taxonomy":"product_cat","embeddable":true,"href":"https:\/\/fmp-components.com\/tr\/wp-json\/wp\/v2\/product_cat?post=2655"},{"taxonomy":"product_tag","embeddable":true,"href":"https:\/\/fmp-components.com\/tr\/wp-json\/wp\/v2\/product_tag?post=2655"}],"curies":[{"name":"wp","href":"https:\/\/api.w.org\/{rel}","templated":true}]}}