{"id":2633,"date":"2025-01-03T03:36:28","date_gmt":"2025-01-03T03:36:28","guid":{"rendered":"https:\/\/fmp-components.com\/?page_id=8"},"modified":"2025-01-03T03:37:26","modified_gmt":"2025-01-03T03:37:26","slug":"square-baler-gearbox-fmp-dfk45-for-big-square-baler","status":"publish","type":"product","link":"https:\/\/fmp-components.com\/tr\/product\/square-baler-gearbox-fmp-dfk45-for-big-square-baler\/","title":{"rendered":"B\u00fcy\u00fck Kare Balya Makinesi i\u00e7in Kare Balya Makinesi \u015eanz\u0131man FMP-DFK45"},"content":{"rendered":"<h2>Kare Balya Makinesi \u015eanz\u0131man FMP-DFK45 Boyutlar\u0131<\/h2>\n<p><img loading=\"lazy\" decoding=\"async\" class=\"alignnone size-full wp-image-2638\" src=\"https:\/\/fmp-components.com\/wp-content\/uploads\/2025\/01\/Square-Baler-Gearbox-EP-DFK45-Dimensions-1.webp\" alt=\"Kare Balya Makinesi \u015eanz\u0131man Kutusu FMP DFK45 Boyutlar\u0131 1\" width=\"1256\" height=\"781\" title=\"\" srcset=\"https:\/\/fmp-components.com\/wp-content\/uploads\/2025\/01\/Square-Baler-Gearbox-EP-DFK45-Dimensions-1.webp 1256w, https:\/\/fmp-components.com\/wp-content\/uploads\/2025\/01\/Square-Baler-Gearbox-EP-DFK45-Dimensions-1-980x609.webp 980w, https:\/\/fmp-components.com\/wp-content\/uploads\/2025\/01\/Square-Baler-Gearbox-EP-DFK45-Dimensions-1-480x298.webp 480w\" sizes=\"(min-width: 0px) and (max-width: 480px) 480px, (min-width: 481px) and (max-width: 980px) 980px, (min-width: 981px) 1256px, 100vw\" \/> <img loading=\"lazy\" decoding=\"async\" class=\"alignnone size-full wp-image-2639\" src=\"https:\/\/fmp-components.com\/wp-content\/uploads\/2025\/01\/Square-Baler-Gearbox-EP-DFK45-Dimensions-2.webp\" alt=\"Kare Balya Makinesi \u015eanz\u0131man Kutusu FMP DFK45 Boyutlar\u0131 2\" width=\"1196\" height=\"439\" title=\"\" srcset=\"https:\/\/fmp-components.com\/wp-content\/uploads\/2025\/01\/Square-Baler-Gearbox-EP-DFK45-Dimensions-2.webp 1196w, https:\/\/fmp-components.com\/wp-content\/uploads\/2025\/01\/Square-Baler-Gearbox-EP-DFK45-Dimensions-2-980x360.webp 980w, https:\/\/fmp-components.com\/wp-content\/uploads\/2025\/01\/Square-Baler-Gearbox-EP-DFK45-Dimensions-2-480x176.webp 480w\" sizes=\"(min-width: 0px) and (max-width: 480px) 480px, (min-width: 481px) and (max-width: 980px) 980px, (min-width: 981px) 1196px, 100vw\" \/><\/p>\n<h2>Kare Balya Makinesi \u015eanz\u0131man FMP-DFK45 Teknik Verileri<\/h2>\n<table style=\"width: 92.8%; height: 145px;\" border=\"1\" cellspacing=\"0\" cellpadding=\"0\">\n<tbody>\n<tr>\n<td colspan=\"3\" rowspan=\"2\">Ben<\/td>\n<td rowspan=\"2\">Uygun<\/td>\n<td>Rpm giri\u015fi<\/td>\n<td>Rpm \u00e7\u0131k\u0131\u015f\u0131<br \/>\ndev\/dak<\/td>\n<td colspan=\"2\">G\u00fc\u00e7<\/td>\n<td rowspan=\"2\">Di\u015f \u00e7\u0131karma<\/td>\n<\/tr>\n<tr>\n<td>dev\/dak<\/td>\n<td>dev\/dak<\/td>\n<td>kilovat<\/td>\n<td>hp<\/td>\n<\/tr>\n<tr>\n<td colspan=\"3\">2.1: 1<\/td>\n<td>B\u00fcy\u00fck Kare Balya Makinesi<\/td>\n<td>266<\/td>\n<td>126<\/td>\n<td>45<\/td>\n<td>60<\/td>\n<td>Gleason Helikal Di\u015fleri<\/td>\n<\/tr>\n<tr>\n<td colspan=\"9\">Not: Herhangi bir \u00f6zel iste\u011finiz varsa l\u00fctfen bana bildirin, \u00f6zel sipari\u015fleri de kabul ediyoruz.<\/td>\n<\/tr>\n<\/tbody>\n<\/table>\n<h2>Kare Balya Makinesi \u015eanz\u0131man\u0131n\u0131n Bile\u015fenleri FMP-DFK45<\/h2>\n<p>Kare Balya Makinesi \u015eanz\u0131man Kutusu FMP-DFK45, \u00f6zellikle kare balya makineleri olmak \u00fczere b\u00fcy\u00fck \u00f6l\u00e7ekli tar\u0131m makinelerinde \u00f6nemli bir bile\u015fendir. Trakt\u00f6r\u00fcn PTO (G\u00fc\u00e7 Aktarma Organ\u0131) sisteminden gelen g\u00fcc\u00fc balya makinesi i\u00e7indeki \u00e7e\u015fitli mekanizmalara verimli bir \u015fekilde aktararak optimum \u00e7al\u0131\u015fma sa\u011flar. FMP-DFK45 \u015fanz\u0131man\u0131n\u0131n tipik bile\u015fenleri \u015funlard\u0131r:<\/p>\n<p><strong>Giri\u015f Mili<\/strong><\/p>\n<ul>\n<li>G\u00f6revi: Giri\u015f mili, trakt\u00f6r\u00fcn PTO sistemine ba\u011flanarak, d\u00f6n\u00fc\u015f g\u00fcc\u00fcn\u00fc \u015fanz\u0131mana aktar\u0131r.<\/li>\n<li>Tasar\u0131m: Genellikle \u00e7al\u0131\u015fma s\u0131ras\u0131nda y\u00fcksek tork ve strese dayanacak \u015fekilde y\u00fcksek mukavemetli \u00e7elikten yap\u0131l\u0131r.<\/li>\n<\/ul>\n<p><strong>Ana Di\u015fliler (Konik veya D\u00fcz Di\u015fliler)<\/strong><\/p>\n<ul>\n<li>G\u00f6revi: Bu di\u015fliler, giri\u015f milinden \u00e7\u0131k\u0131\u015f miline d\u00f6nme enerjisini iletmekten, gerekti\u011finde h\u0131z\u0131 ve torku de\u011fi\u015ftirmekten sorumludur.<\/li>\n<li>Tasar\u0131m: Sorunsuz \u00e7al\u0131\u015fma, a\u015f\u0131nmay\u0131 azaltma ve y\u00fcksek verimlilik sa\u011flama amac\u0131yla hassas m\u00fchendislikle tasarlanm\u0131\u015ft\u0131r.<\/li>\n<\/ul>\n<p><strong>\u00c7\u0131k\u0131\u015f Mili<\/strong><\/p>\n<ul>\n<li>Fonksiyon: \u00c7\u0131k\u0131\u015f mili, balya haznesi, s\u0131k\u0131\u015ft\u0131rma ve ba\u011flama mekanizmalar\u0131 gibi balya makinesinin operasyonel sistemlerine g\u00fc\u00e7 aktar\u0131r.<\/li>\n<li>Tasar\u0131m: Balyalama i\u015fleminin y\u00fcksek tork taleplerini kar\u015f\u0131layacak \u015fekilde tasarlanm\u0131\u015ft\u0131r ve genellikle balya makinesinin \u00e7e\u015fitli par\u00e7alar\u0131na g\u00fcvenli bir \u015fekilde ba\u011flanabilmesi i\u00e7in yivlerle donat\u0131lm\u0131\u015ft\u0131r.<\/li>\n<\/ul>\n<p><strong>Rulmanlar<\/strong><\/p>\n<ul>\n<li>Fonksiyonu: Rulmanlar hareketli milleri ve di\u015flileri destekleyerek d\u00fczg\u00fcn d\u00f6nmeyi sa\u011flar ve s\u00fcrt\u00fcnmeyi azalt\u0131r.<\/li>\n<li>Tasar\u0131m: Genellikle kir, nem ve di\u011fer kirleticilerin girmesini ve a\u015f\u0131nmaya neden olmas\u0131n\u0131 \u00f6nlemek i\u00e7in yataklar kapat\u0131lm\u0131\u015ft\u0131r.<\/li>\n<\/ul>\n<p>FMP-DFK45 Kare Balya Makinesi \u015eanz\u0131man\u0131n\u0131 se\u00e7erken veya bak\u0131m\u0131n\u0131 yaparken, \u015fanz\u0131man\u0131n verimlili\u011fini korumak ve \u00e7al\u0131\u015fma \u00f6mr\u00fcn\u00fc uzatmak i\u00e7in t\u00fcm bile\u015fenlerin uygun \u015fekilde ya\u011fland\u0131\u011f\u0131ndan, kapat\u0131ld\u0131\u011f\u0131ndan ve a\u015f\u0131nmad\u0131\u011f\u0131ndan emin olmak \u00e7ok \u00f6nemlidir.<\/p>\n<p><img loading=\"lazy\" decoding=\"async\" class=\"alignnone size-full wp-image-2640\" src=\"https:\/\/fmp-components.com\/wp-content\/uploads\/2025\/01\/Square-Baler-Gearbox-EP-DFK45-Applications.webp\" alt=\"Kare Balya Makinesi Di\u015fli Kutusu FMP DFK45 Uygulamalar\u0131\" width=\"1000\" height=\"620\" title=\"\" srcset=\"https:\/\/fmp-components.com\/wp-content\/uploads\/2025\/01\/Square-Baler-Gearbox-EP-DFK45-Applications.webp 1000w, https:\/\/fmp-components.com\/wp-content\/uploads\/2025\/01\/Square-Baler-Gearbox-EP-DFK45-Applications-980x608.webp 980w, https:\/\/fmp-components.com\/wp-content\/uploads\/2025\/01\/Square-Baler-Gearbox-EP-DFK45-Applications-480x298.webp 480w\" sizes=\"(min-width: 0px) and (max-width: 480px) 480px, (min-width: 481px) and (max-width: 980px) 980px, (min-width: 981px) 1000px, 100vw\" \/><\/p>\n<h2>Kare Balya Makinesi \u015eanz\u0131man FMP-DFK45'in Uygulamalar\u0131<\/h2>\n<div class=\"group\/conversation-turn relative flex w-full min-w-0 flex-col agent-turn\">\n<div class=\"flex-col gap-1 md:gap-3\">\n<div class=\"flex max-w-full flex-col flex-grow\">\n<div class=\"min-h-8 text-message flex w-full flex-col items-end gap-2 whitespace-normal break-words text-start [.text-message+&amp;]:mt-5\" dir=\"auto\" data-message-author-role=\"assistant\" data-message-id=\"9455a869-4f3f-4093-8494-3ba86af706bc\" data-message-model-slug=\"gpt-4o\">\n<div class=\"flex w-full flex-col gap-1 empty:hidden first:pt-[3px]\">\n<div class=\"markdown prose w-full break-words dark:prose-invert light\">\n<p>Kare Balya Makinesi \u015eanz\u0131man Kutusu FMP-DFK45, \u00f6zellikle b\u00fcy\u00fck kare balya makinelerinin \u00e7al\u0131\u015ft\u0131r\u0131lmas\u0131nda, tar\u0131m makinelerinin zorlu gereksinimlerini kar\u015f\u0131lamak \u00fczere \u00f6zel olarak tasarlanm\u0131\u015ft\u0131r. Bu \u015fanz\u0131man\u0131n ba\u015fl\u0131ca uygulamalar\u0131 \u015funlard\u0131r:<\/p>\n<p><strong>B\u00fcy\u00fck Kare Balya Makineleri<\/strong><\/p>\n<ul>\n<li>Birincil Uygulama: FMP-DFK45 di\u015fli kutusu, \u00f6ncelikle saman, ot veya di\u011fer mahsul art\u0131klar\u0131n\u0131 depolama ve ta\u015f\u0131ma i\u00e7in d\u00fczg\u00fcn kare balyalar halinde toplamak ve s\u0131k\u0131\u015ft\u0131rmak i\u00e7in kullan\u0131lan b\u00fcy\u00fck kare balya makinelerinde kullan\u0131l\u0131r.<\/li>\n<li>Fonksiyonu: Trakt\u00f6r\u00fcn PTO sisteminden balya makinesinin dahili bile\u015fenlerine (toplay\u0131c\u0131, besleme mekanizmas\u0131, s\u0131k\u0131\u015ft\u0131rma odas\u0131 ve ba\u011flama sistemi dahil) g\u00fc\u00e7 iletimini kolayla\u015ft\u0131r\u0131r.<\/li>\n<\/ul>\n<p><strong>Saman ve Saman Hasad\u0131<\/strong><\/p>\n<ul>\n<li>Saman Yap\u0131m\u0131nda Uygulama: \u015eanz\u0131man, saman i\u015fleyen kare balya makinelerinde kullan\u0131l\u0131r ve hasat edilen \u00fcr\u00fcn\u00fcn d\u00fczg\u00fcn bir \u015fekilde s\u0131k\u0131\u015ft\u0131r\u0131larak yo\u011fun ve d\u00fczg\u00fcn balyalara d\u00f6n\u00fc\u015ft\u00fcr\u00fclmesini sa\u011flar.<\/li>\n<li>Saman Toplama: Saman gibi, \u015fanz\u0131man da saman\u0131 y\u00f6netilebilir kare balyalara s\u0131k\u0131\u015ft\u0131rmada, depolama ve ta\u015f\u0131ma verimlili\u011fini optimize etmede etkilidir.<\/li>\n<\/ul>\n<p><strong>Silaj \u00dcretimi (Balya Olu\u015fumu)<\/strong><\/p>\n<ul>\n<li>Silaj Uygulamalar\u0131: Hayvan yemi i\u00e7in \u00fcr\u00fcnlerin hasat edildi\u011fi silaj \u00fcretiminde, FMP-DFK45 \u015fanz\u0131man\u0131, ot, m\u0131s\u0131r veya di\u011fer ye\u015fil yem bitkileri gibi \u00e7e\u015fitli silaj malzemelerinin kare balyalara balyalanmas\u0131n\u0131 destekler.<\/li>\n<li>Balya Yo\u011funlu\u011fu ve Homojenli\u011fi: Balyalama i\u015fleminin verimli olmas\u0131n\u0131, etkili silaj fermantasyonu ve uzun s\u00fcreli koruma i\u00e7in homojen yo\u011funlukta balyalar \u00fcretilmesini sa\u011flar.<\/li>\n<\/ul>\n<p><strong>Yem Hasad\u0131<\/strong><\/p>\n<ul>\n<li>Yem Ekipman\u0131: B\u00fcy\u00fck yem hasat sistemlerinde kullan\u0131lan di\u015fli kutusu, yonca, yonca ve di\u011fer yem bitkileri gibi mahsullerin daha sonra beslenme, depolama veya nakliye i\u00e7in kare balyalara i\u015flenmesine yard\u0131mc\u0131 olur.<\/li>\n<li>Balyalama Mekanizmalar\u0131: Daha a\u011f\u0131r veya hacimli yem bitkilerini i\u015flemek \u00fczere tasarlanan balya makinelerinde, FMP-DFK45 di\u015fli kutusu, etkili ve tutarl\u0131 balya olu\u015fumunu sa\u011flamak i\u00e7in d\u00fczg\u00fcn g\u00fc\u00e7 aktar\u0131m\u0131 sa\u011flar.<\/li>\n<\/ul>\n<p>FMP-DFK45 di\u015fli kutusu, b\u00fcy\u00fck kare balya makinelerinin performans\u0131n\u0131 ve verimlili\u011fini optimize etmek i\u00e7in hayati bir bile\u015fendir ve etkili hasat, kal\u0131nt\u0131 y\u00f6netimi ve verimli \u00e7ift\u00e7ilik uygulamalar\u0131na katk\u0131da bulunan \u00e7e\u015fitli tar\u0131msal uygulamalar\u0131 destekler.<\/p>\n<p><img loading=\"lazy\" decoding=\"async\" class=\"alignnone size-full wp-image-2641\" src=\"https:\/\/fmp-components.com\/wp-content\/uploads\/2025\/01\/Square-Baler-Gearbox-EP-DFK45-for-Big-Square-Baler.webp\" alt=\"B\u00fcy\u00fck Kare Balya Makinesi i\u00e7in Kare Balya Makinesi Di\u015fli Kutusu FMP DFK45\" width=\"1000\" height=\"510\" title=\"\" srcset=\"https:\/\/fmp-components.com\/wp-content\/uploads\/2025\/01\/Square-Baler-Gearbox-EP-DFK45-for-Big-Square-Baler.webp 1000w, https:\/\/fmp-components.com\/wp-content\/uploads\/2025\/01\/Square-Baler-Gearbox-EP-DFK45-for-Big-Square-Baler-980x500.webp 980w, https:\/\/fmp-components.com\/wp-content\/uploads\/2025\/01\/Square-Baler-Gearbox-EP-DFK45-for-Big-Square-Baler-480x245.webp 480w\" sizes=\"(min-width: 0px) and (max-width: 480px) 480px, (min-width: 481px) and (max-width: 980px) 980px, (min-width: 981px) 1000px, 100vw\" \/><\/p>\n<div class=\"group\/conversation-turn relative flex w-full min-w-0 flex-col agent-turn\">\n<div class=\"flex-col gap-1 md:gap-3\">\n<div class=\"flex max-w-full flex-col flex-grow\">\n<div class=\"min-h-8 text-message flex w-full flex-col items-end gap-2 whitespace-normal break-words text-start [.text-message+&amp;]:mt-5\" dir=\"auto\" data-message-author-role=\"assistant\" data-message-id=\"315fae6f-a490-45b4-9a83-c79e6de69105\" data-message-model-slug=\"gpt-4o\">\n<div class=\"flex w-full flex-col gap-1 empty:hidden first:pt-[3px]\">\n<div class=\"markdown prose w-full break-words dark:prose-invert light\">\n<h3>FMP Hakk\u0131nda<\/h3>\n<p>Merkezi \u0130talya'da bulunan FMP, y\u00fcksek performansl\u0131 di\u015fli kutular\u0131n\u0131n tasar\u0131m\u0131, geli\u015ftirilmesi ve \u00fcretimindeki uzmanl\u0131\u011f\u0131yla tan\u0131nan lider bir \u00fcreticidir. Tar\u0131m makineleri sekt\u00f6r\u00fcnde uzmanla\u015fan FMP, hem tar\u0131msal hem de end\u00fcstriyel pazarlar\u0131n dinamik ihtiya\u00e7lar\u0131n\u0131 kar\u015f\u0131layan hassas m\u00fchendislik \u00e7\u00f6z\u00fcmleri sunmaya kendini adam\u0131\u015ft\u0131r. \u00dcr\u00fcn portf\u00f6y\u00fcm\u00fcz, \u00e7im bi\u00e7me makineleri i\u00e7in \u00f6zel di\u015fli kutular\u0131, PTO \u015faftlar\u0131 ve di\u011fer kritik bile\u015fenler de dahil olmak \u00fczere geni\u015f bir yelpazeyi kapsar ve hepsi \u00e7e\u015fitli uygulamalar i\u00e7in \u00f6zel \u00e7\u00f6z\u00fcmler sunmak \u00fczere titizlikle tasarlanm\u0131\u015ft\u0131r.<\/p>\n<p>FMP olarak, her m\u00fc\u015fterinin kendine \u00f6zg\u00fc zorluklar ve ihtiya\u00e7larla kar\u015f\u0131 kar\u015f\u0131ya oldu\u011funun bilincindeyiz. Bu anlay\u0131\u015f, ister bireysel bile\u015fenler ister tamamen entegre sistemler i\u00e7in olsun, ki\u015fiye \u00f6zel \u00e7\u00f6z\u00fcmler sunma taahh\u00fcd\u00fcm\u00fcz\u00fc g\u00fc\u00e7lendiriyor. M\u00fc\u015fterilerimizle yak\u0131n i\u015f birli\u011fi i\u00e7inde, her \u00e7\u00f6z\u00fcm\u00fcn hem performans hem de maliyet etkinli\u011fi a\u00e7\u0131s\u0131ndan optimize edilmesini sa\u011flayarak her a\u015famada de\u011fer kat\u0131yoruz. H\u0131zl\u0131 ve profesyonel yan\u0131tlar\u0131m\u0131z, uzman rehberli\u011fimizle birle\u015ferek her talebin hassasiyetle ele al\u0131nmas\u0131n\u0131 ve m\u00fcmk\u00fcn olan en iyi sonu\u00e7lara ula\u015f\u0131lmas\u0131n\u0131 sa\u011fl\u0131yor.<\/p>\n<p>\u00dcr\u00fcn geli\u015ftirme s\u00fcrecinin tamam\u0131nda a\u00e7\u0131k ve \u015feffaf ileti\u015fime \u00f6nem veriyoruz. Ekibimiz, m\u00fc\u015fterilerimizle do\u011frudan \u00e7al\u0131\u015farak ihtiya\u00e7lar\u0131n\u0131 en iyi \u015fekilde anl\u0131yor ve en etkili \u00e7\u00f6z\u00fcmleri garantileyen de\u011ferli i\u00e7g\u00f6r\u00fcler ve \u00f6neriler sunuyor. \u0130ster yenilik\u00e7i \u00fcr\u00fcnler geli\u015ftiriyor ister devam eden sipari\u015fleri kar\u015f\u0131l\u0131yor olun, FMP her seferinde y\u00fcksek kaliteli, hassas m\u00fchendislikle tasarlanm\u0131\u015f \u00fcr\u00fcnleri zaman\u0131nda teslim etmeye kendini adam\u0131\u015ft\u0131r. Amac\u0131m\u0131z, her projede en y\u00fcksek hizmet ve sonu\u00e7 standartlar\u0131n\u0131 sa\u011flayarak m\u00fc\u015fteri beklentilerini a\u015fmakt\u0131r.<\/p>\n<p>Kalite, yapt\u0131\u011f\u0131m\u0131z her \u015feyin merkezinde yer al\u0131r. En kat\u0131 \u00fcretim standartlar\u0131na ba\u011fl\u0131 kalarak, her \u00fcr\u00fcn\u00fcn sekt\u00f6r normlar\u0131n\u0131 a\u015ft\u0131\u011f\u0131ndan emin olmak i\u00e7in titiz kalite kontrol s\u00fcre\u00e7leri uyguluyoruz. Kaliteye olan sars\u0131lmaz odaklanmam\u0131z ve d\u00fcr\u00fcstl\u00fck, ekip \u00e7al\u0131\u015fmas\u0131 ve azim gibi temel de\u011ferlerimiz, d\u00fcnya \u00e7ap\u0131nda yakla\u015f\u0131k 30 \u00fclkedeki m\u00fc\u015fterilerimizle uzun s\u00fcreli, g\u00fcvene dayal\u0131 ili\u015fkiler kurmam\u0131z\u0131 sa\u011flam\u0131\u015ft\u0131r.<\/p>\n<p>FMP, k\u00fcresel ortakl\u0131klar kurmaya ve m\u00fc\u015fterilerimizin \u00e7e\u015fitli ihtiya\u00e7lar\u0131n\u0131 kar\u015f\u0131layan uzman tavsiyeleri ve \u00f6zelle\u015ftirilmi\u015f \u00e7\u00f6z\u00fcmler sunmaya kendini adam\u0131\u015ft\u0131r. Sadece \u00fcr\u00fcn tedarik etmenin \u00f6tesine ge\u00e7erek, her projenin ba\u015far\u0131s\u0131na katk\u0131da bulunan kal\u0131c\u0131 ili\u015fkiler kurmaya \u00e7al\u0131\u015f\u0131yoruz. \u0130ster yeni bir giri\u015fim i\u00e7in yenilik\u00e7i \u00e7\u00f6z\u00fcmlere, ister mevcut bir sistem i\u00e7in s\u00fcrekli deste\u011fe ihtiyac\u0131n\u0131z olsun, FMP teknik zorluklar\u0131n\u0131z\u0131 kar\u015f\u0131lamak ve ba\u015far\u0131n\u0131z\u0131n devam\u0131n\u0131 sa\u011flamak i\u00e7in buradad\u0131r.<\/p>\n<\/div>\n<\/div>\n<\/div>\n<\/div>\n<\/div>\n<\/div>\n<p><img loading=\"lazy\" decoding=\"async\" class=\"alignnone size-full wp-image-1861\" src=\"https:\/\/fmp-components.com\/wp-content\/uploads\/2024\/12\/Other-Agricultural-Gearboxes.webp\" sizes=\"(min-width: 0px) and (max-width: 480px) 480px, (min-width: 481px) and (max-width: 980px) 980px, (min-width: 981px) 1200px, 100vw\" srcset=\"https:\/\/fmp-components.com\/wp-content\/uploads\/2024\/12\/Other-Agricultural-Gearboxes.webp 1200w, https:\/\/fmp-components.com\/wp-content\/uploads\/2024\/12\/Other-Agricultural-Gearboxes-980x1143.webp 980w, https:\/\/fmp-components.com\/wp-content\/uploads\/2024\/12\/Other-Agricultural-Gearboxes-480x560.webp 480w\" alt=\"Altri-cambi-agricoli\" width=\"1200\" height=\"1400\" title=\"\"><\/p>\n<p>Yazar: CX<\/p>\n<\/div>\n<\/div>\n<\/div>\n<\/div>\n<\/div>\n<\/div>","protected":false},"excerpt":{"rendered":"<p>Square Baler Gearbox FMP-DFK45 Dimensions Square Baler Gearbox FMP-DFK45 Technical Data i Suitable Rpm input Rpm output r\/min Power Toothing r\/min r\/min kw hp 2.1: 1 Big Square Baler 266 126 45 60 Gleason Helical Teeth Remark: If you have any special require feel free let me know, we also accept custom. Components of Square [&hellip;]<\/p>","protected":false},"featured_media":2637,"comment_status":"open","ping_status":"closed","template":"","meta":{"_et_pb_use_builder":"","_et_pb_old_content":"","_et_gb_content_width":""},"product_brand":[],"product_cat":[62],"product_tag":[],"class_list":{"0":"post-2633","1":"product","2":"type-product","3":"status-publish","4":"has-post-thumbnail","6":"product_cat-square-baler-gearbox","8":"first","9":"instock","10":"shipping-taxable","11":"product-type-simple"},"_links":{"self":[{"href":"https:\/\/fmp-components.com\/tr\/wp-json\/wp\/v2\/product\/2633","targetHints":{"allow":["GET"]}}],"collection":[{"href":"https:\/\/fmp-components.com\/tr\/wp-json\/wp\/v2\/product"}],"about":[{"href":"https:\/\/fmp-components.com\/tr\/wp-json\/wp\/v2\/types\/product"}],"replies":[{"embeddable":true,"href":"https:\/\/fmp-components.com\/tr\/wp-json\/wp\/v2\/comments?post=2633"}],"wp:featuredmedia":[{"embeddable":true,"href":"https:\/\/fmp-components.com\/tr\/wp-json\/wp\/v2\/media\/2637"}],"wp:attachment":[{"href":"https:\/\/fmp-components.com\/tr\/wp-json\/wp\/v2\/media?parent=2633"}],"wp:term":[{"taxonomy":"product_brand","embeddable":true,"href":"https:\/\/fmp-components.com\/tr\/wp-json\/wp\/v2\/product_brand?post=2633"},{"taxonomy":"product_cat","embeddable":true,"href":"https:\/\/fmp-components.com\/tr\/wp-json\/wp\/v2\/product_cat?post=2633"},{"taxonomy":"product_tag","embeddable":true,"href":"https:\/\/fmp-components.com\/tr\/wp-json\/wp\/v2\/product_tag?post=2633"}],"curies":[{"name":"wp","href":"https:\/\/api.w.org\/{rel}","templated":true}]}}