{"id":2627,"date":"2025-01-03T03:21:09","date_gmt":"2025-01-03T03:21:09","guid":{"rendered":"https:\/\/fmp-components.com\/?page_id=8"},"modified":"2025-01-03T03:25:57","modified_gmt":"2025-01-03T03:25:57","slug":"square-baler-gearbox-fmp-dfk192-for-big-square-baler","status":"publish","type":"product","link":"https:\/\/fmp-components.com\/tr\/product\/square-baler-gearbox-fmp-dfk192-for-big-square-baler\/","title":{"rendered":"B\u00fcy\u00fck Kare Balya Makinesi i\u00e7in Kare Balya Makinesi \u015eanz\u0131man FMP-DFK192"},"content":{"rendered":"<h2>Kare Balya Makinesi \u015eanz\u0131man FMP-DFK192 Boyutlar\u0131<\/h2>\n<p><img loading=\"lazy\" decoding=\"async\" class=\"alignnone size-full wp-image-2635\" src=\"https:\/\/fmp-components.com\/wp-content\/uploads\/2025\/01\/Square-Baler-Gearbox-EP-DFK192-Dimensions.webp\" alt=\"Kare Balya Makinesi \u015eanz\u0131man Kutusu FMP DFK192 Boyutlar\u0131\" width=\"979\" height=\"1024\" title=\"\" srcset=\"https:\/\/fmp-components.com\/wp-content\/uploads\/2025\/01\/Square-Baler-Gearbox-EP-DFK192-Dimensions.webp 979w, https:\/\/fmp-components.com\/wp-content\/uploads\/2025\/01\/Square-Baler-Gearbox-EP-DFK192-Dimensions-480x502.webp 480w\" sizes=\"(min-width: 0px) and (max-width: 480px) 480px, (min-width: 481px) 979px, 100vw\" \/><\/p>\n<h2>Kare Balya Makinesi \u015eanz\u0131man FMP-DFK192 Teknik Verileri<\/h2>\n<table style=\"width: 99.0645%; height: 101px;\" border=\"1\" cellspacing=\"0\" cellpadding=\"0\">\n<tbody>\n<tr style=\"height: 23px;\">\n<td style=\"height: 46px;\" colspan=\"3\" rowspan=\"2\">Ben<\/td>\n<td style=\"height: 46px;\" rowspan=\"2\">Uygun<\/td>\n<td style=\"height: 23px;\">Rpm giri\u015fi<\/td>\n<td style=\"height: 23px;\">KW(Nom)<\/td>\n<td style=\"height: 23px;\">Anma torku<\/td>\n<td style=\"height: 23px;\">Maksimum Y\u00fck<\/td>\n<td style=\"height: 46px;\" rowspan=\"2\">X ekseni tipi<\/td>\n<\/tr>\n<tr style=\"height: 23px;\">\n<td style=\"height: 23px;\">dev\/dak<\/td>\n<td style=\"height: 23px;\">kilovat<\/td>\n<td style=\"height: 23px;\">Nm<\/td>\n<td style=\"height: 23px;\">Nm<\/td>\n<\/tr>\n<tr style=\"height: 23px;\">\n<td style=\"height: 23px;\">XY<\/td>\n<td style=\"height: 23px;\">XZ<\/td>\n<td style=\"height: 23px;\">XE<\/td>\n<td style=\"height: 23px;\">B\u00fcy\u00fck Kare Balya Makinesi<\/td>\n<td style=\"height: 23px;\">1000<\/td>\n<td style=\"height: 23px;\">192<\/td>\n<td style=\"height: 23px;\">1825<\/td>\n<td style=\"height: 23px;\">4000<\/td>\n<td style=\"height: 23px;\">2 tip<\/td>\n<\/tr>\n<tr style=\"height: 23px;\">\n<td style=\"height: 23px;\" colspan=\"9\">Not: Herhangi bir \u00f6zel iste\u011finiz varsa l\u00fctfen bana bildirin, \u00f6zel sipari\u015fleri de kabul ediyoruz.<\/td>\n<\/tr>\n<\/tbody>\n<\/table>\n<h2>B\u00fcy\u00fck Kare Balya Makinesi i\u00e7in FMP-DFK192 Kare Balya Makinesi \u015eanz\u0131man\u0131n\u0131n Avantajlar\u0131<\/h2>\n<p>Kare Balya Makinesi \u015eanz\u0131man Kutusu FMP-DFK192, b\u00fcy\u00fck \u00f6l\u00e7ekli kare balya makineleriyle kullan\u0131m i\u00e7in \u00f6zel olarak tasarlanm\u0131\u015ft\u0131r ve b\u00fcy\u00fck \u00f6l\u00e7ekli tar\u0131msal faaliyetlerde performans\u0131, dayan\u0131kl\u0131l\u0131\u011f\u0131 ve verimlili\u011fi art\u0131ran bir dizi avantaj sunar. FMP-DFK192 Kare Balya Makinesi \u015eanz\u0131man Kutusu'nu kullanman\u0131n temel avantajlar\u0131 a\u015fa\u011f\u0131dad\u0131r:<\/p>\n<p><strong>Y\u00fcksek Tork \u00c7\u0131k\u0131\u015f\u0131<\/strong><\/p>\n<ul>\n<li>Avantaj: FMP-DFK192 \u015fanz\u0131man, b\u00fcy\u00fck bir kare balya makinesinin zorlu g\u00fc\u00e7 gereksinimlerini kar\u015f\u0131lamak i\u00e7in gerekli olan y\u00fcksek tork \u00e7\u0131k\u0131\u015f\u0131 sa\u011flayacak \u015fekilde tasarlanm\u0131\u015ft\u0131r. Bu, b\u00fcy\u00fck miktarlarda saman, ot veya di\u011fer malzemelerin sisteme a\u015f\u0131r\u0131 y\u00fcklenmeden etkili bir \u015fekilde s\u0131k\u0131\u015ft\u0131r\u0131l\u0131p balyalanmas\u0131n\u0131 sa\u011flamak i\u00e7in kritik \u00f6neme sahiptir.<\/li>\n<li>\u00d6nemli olan: B\u00fcy\u00fck kare balya makinelerinin s\u0131k\u0131\u015ft\u0131rma ve ba\u011flama mekanizmalar\u0131n\u0131 \u00e7al\u0131\u015ft\u0131rmak i\u00e7in \u00f6nemli bir torka ihtiyac\u0131 vard\u0131r ve bu \u015fanz\u0131man\u0131n sa\u011flad\u0131\u011f\u0131 y\u00fcksek tork, optimum performans\u0131 garanti eder ve d\u00fc\u015f\u00fck performans\u0131 veya durmay\u0131 \u00f6nler.<\/li>\n<\/ul>\n<p><strong>Geli\u015fmi\u015f Dayan\u0131kl\u0131l\u0131k ve Uzun \u00d6m\u00fcr<\/strong><\/p>\n<ul>\n<li>Avantaj: Y\u00fcksek kaliteli malzemeler ve sa\u011flam bile\u015fenler kullan\u0131larak \u00fcretilen FMP-DFK192 \u015fanz\u0131man, a\u011f\u0131r tar\u0131m operasyonlar\u0131n\u0131n getirdi\u011fi zorluklara dayanacak \u015fekilde tasarlanm\u0131\u015ft\u0131r ve uzun bir kullan\u0131m \u00f6mr\u00fc sa\u011flar.<\/li>\n<li>Neden \u00f6nemli: B\u00fcy\u00fck \u00f6l\u00e7ekli balyalama operasyonlar\u0131nda, duru\u015f s\u00fcresi maliyetlidir. FMP-DFK192 \u015fanz\u0131man\u0131n\u0131n dayan\u0131kl\u0131l\u0131\u011f\u0131, ar\u0131za olas\u0131l\u0131\u011f\u0131n\u0131 azaltarak daha az onar\u0131m, daha d\u00fc\u015f\u00fck bak\u0131m maliyetleri ve yo\u011fun hasat d\u00f6nemlerinde daha y\u00fcksek g\u00fcvenilirlik sa\u011flar.<\/li>\n<\/ul>\n<p><strong>Verimli G\u00fc\u00e7 Aktar\u0131m\u0131<\/strong><\/p>\n<ul>\n<li>Avantaj: \u015eanz\u0131man, trakt\u00f6r\u00fcn PTO'sundan balya makinesinin mekanizmalar\u0131na g\u00fcc\u00fc verimli bir \u015fekilde aktarmak, enerji d\u00f6n\u00fc\u015f\u00fcm s\u00fcrecini optimize etmek ve kay\u0131plar\u0131 en aza indirmek i\u00e7in tasarlanm\u0131\u015ft\u0131r.<\/li>\n<li>Neden \u00f6nemli: Verimli g\u00fc\u00e7 aktar\u0131m\u0131, yak\u0131t maliyetlerinin h\u0131zla artabilece\u011fi b\u00fcy\u00fck \u00f6l\u00e7ekli operasyonlarda \u00f6nemli olan yak\u0131t t\u00fcketimini azalt\u0131r. Bu \u00f6zellik, y\u00fcksek operasyonel verimlili\u011fin korunmas\u0131na yard\u0131mc\u0131 olur ve operasyonel maliyetleri azalt\u0131r.<\/li>\n<\/ul>\n<p><strong>Hassas H\u0131z Kontrol\u00fc<\/strong><\/p>\n<ul>\n<li>Avantaj: FMP-DFK192 \u015fanz\u0131man, balya makinesinin performans\u0131n\u0131 d\u00fczenlemek i\u00e7in olmazsa olmaz olan hassas h\u0131z kontrol\u00fc sunar. S\u0131k\u0131\u015ft\u0131rma ve ba\u011flama mekanizmalar\u0131n\u0131n h\u0131z\u0131n\u0131 y\u00f6neterek, balyalar\u0131n do\u011fru ve d\u00fczg\u00fcn bir \u015fekilde olu\u015fturulmas\u0131n\u0131 sa\u011flar.<\/li>\n<li>Neden \u00f6nemlidir: Hassas h\u0131z kontrol\u00fc, tutarl\u0131 balya kalitesi sa\u011flar, \u00fcr\u00fcn kayb\u0131n\u0131 en aza indirir ve balyalama i\u015fleminin genel verimlili\u011fini art\u0131r\u0131r. Bu, tutarl\u0131 balya boyutu ve kalitesinin kritik \u00f6nem ta\u015f\u0131d\u0131\u011f\u0131 b\u00fcy\u00fck \u00f6l\u00e7ekli operasyonlarda \u00f6zellikle \u00f6nemlidir.<\/li>\n<\/ul>\n<p><img loading=\"lazy\" decoding=\"async\" class=\"alignnone size-full wp-image-2629\" src=\"https:\/\/fmp-components.com\/wp-content\/uploads\/2025\/01\/Square-Baler-Gearbox-321.webp\" alt=\"Kare Balya Makinesi Di\u015fli Kutusu-32(1)\" width=\"1920\" height=\"1115\" title=\"\" srcset=\"https:\/\/fmp-components.com\/wp-content\/uploads\/2025\/01\/Square-Baler-Gearbox-321.webp 1920w, https:\/\/fmp-components.com\/wp-content\/uploads\/2025\/01\/Square-Baler-Gearbox-321-1280x743.webp 1280w, https:\/\/fmp-components.com\/wp-content\/uploads\/2025\/01\/Square-Baler-Gearbox-321-980x569.webp 980w, https:\/\/fmp-components.com\/wp-content\/uploads\/2025\/01\/Square-Baler-Gearbox-321-480x279.webp 480w\" sizes=\"(min-width: 0px) and (max-width: 480px) 480px, (min-width: 481px) and (max-width: 980px) 980px, (min-width: 981px) and (max-width: 1280px) 1280px, (min-width: 1281px) 1920px, 100vw\" \/><\/p>\n<p><strong>A\u015f\u0131r\u0131 Y\u00fcklenmeye Kar\u015f\u0131 Koruma<\/strong><\/p>\n<ul>\n<li>Avantaj: FMP-DFK192 \u015fanz\u0131man, \u015fanz\u0131man\u0131n a\u015f\u0131r\u0131 kuvvetlerden zarar g\u00f6rmesini \u00f6nleyen tork s\u0131n\u0131rlay\u0131c\u0131 veya kaymal\u0131 kavrama gibi a\u015f\u0131r\u0131 y\u00fck koruma \u00f6zellikleriyle donat\u0131lm\u0131\u015ft\u0131r.<\/li>\n<li>Neden \u00f6nemlidir: A\u015f\u0131r\u0131 y\u00fck korumas\u0131, di\u015fli kutusunu ve di\u011fer ba\u011fl\u0131 bile\u015fenleri, b\u00fcy\u00fck bir malzeme k\u00fctlesinin t\u0131kanmaya neden olmas\u0131 gibi ani direncin potansiyel olarak zararl\u0131 etkilerinden korumaya yard\u0131mc\u0131 olur. Bu, ar\u0131za s\u00fcresini ve bak\u0131m maliyetlerini en aza indirir.<\/li>\n<\/ul>\n<p>B\u00fcy\u00fck kare balya makineleri i\u00e7in FMP-DFK192 Kare Balya Makinesi \u015eanz\u0131man\u0131, operasyonel verimlili\u011fi art\u0131ran, bak\u0131m ihtiya\u00e7lar\u0131n\u0131 azaltan ve b\u00fcy\u00fck \u00f6l\u00e7ekli tar\u0131msal balyalama i\u015flemlerinin genel performans\u0131n\u0131 iyile\u015ftiren \u00e7e\u015fitli avantajlar sunar. Y\u00fcksek tork, dayan\u0131kl\u0131l\u0131k, hassas h\u0131z kontrol\u00fc ve a\u015f\u0131r\u0131 y\u00fck korumas\u0131 sa\u011flayarak, balya makinelerinin a\u011f\u0131r i\u015flerin zorluklar\u0131yla ba\u015fa \u00e7\u0131kmas\u0131n\u0131 sa\u011flarken ayn\u0131 zamanda tutarl\u0131 ve y\u00fcksek kaliteli balyalar \u00fcretmesini sa\u011flar. \u0130ster b\u00fcy\u00fck ticari \u00e7iftliklerde \u00e7al\u0131\u015f\u0131yor olun ister balyalama hizmeti veriyor olun, FMP-DFK192 \u015fanz\u0131man\u0131 balyalama ihtiya\u00e7lar\u0131n\u0131z i\u00e7in g\u00fcvenilir ve verimli bir \u00e7\u00f6z\u00fcmd\u00fcr.<img loading=\"lazy\" decoding=\"async\" class=\"alignnone size-full wp-image-2631\" src=\"https:\/\/fmp-components.com\/wp-content\/uploads\/2025\/01\/Square-Baler-Gearbox-EP-DFK192-Benefits1.webp\" alt=\"Kare Balya Makinesi Di\u015fli Kutusu EP DFK192 Avantajlar\u0131 (1)\" width=\"980\" height=\"340\" title=\"\" srcset=\"https:\/\/fmp-components.com\/wp-content\/uploads\/2025\/01\/Square-Baler-Gearbox-EP-DFK192-Benefits1.webp 980w, https:\/\/fmp-components.com\/wp-content\/uploads\/2025\/01\/Square-Baler-Gearbox-EP-DFK192-Benefits1-480x167.webp 480w\" sizes=\"(min-width: 0px) and (max-width: 480px) 480px, (min-width: 481px) 980px, 100vw\" \/><\/p>\n<article class=\"w-full scroll-mb-[var(--thread-trailing-height,150px)] text-token-text-primary focus-visible:outline-2 focus-visible:outline-offset-[-4px]\" dir=\"auto\" data-testid=\"conversation-turn-42\" data-scroll-anchor=\"false\">\n<div class=\"m-auto text-base py-[18px] px-3 md:px-4 w-full md:px-5 lg:px-4 xl:px-5\">\n<div class=\"mx-auto flex flex-1 gap-4 text-base md:gap-5 lg:gap-6 md:max-w-3xl lg:max-w-[40rem] xl:max-w-[48rem]\">\n<div class=\"group\/conversation-turn relative flex w-full min-w-0 flex-col\">\n<div class=\"flex-col gap-1 md:gap-3\">\n<div class=\"flex max-w-full flex-col flex-grow\">\n<div class=\"min-h-8 text-message flex w-full flex-col items-end gap-2 whitespace-normal break-words text-start [.text-message+&amp;]:mt-5\" dir=\"auto\" data-message-author-role=\"user\" data-message-id=\"aaa2e9e4-5469-438b-aa2c-1351bf6585ed\">\n<div class=\"flex w-full flex-col gap-1 empty:hidden items-end rtl:items-start\">\n<div class=\"relative max-w-[var(--user-chat-width,70%)] rounded-3xl bg-token-message-surface px-5 py-2.5\">\n<h2 class=\"whitespace-pre-wrap\">B\u00fcy\u00fck Kare Balya Makinesi i\u00e7in Do\u011fru Kare Balya Makinesi \u015eanz\u0131man\u0131n\u0131 Se\u00e7in<\/h2>\n<\/div>\n<\/div>\n<\/div>\n<\/div>\n<\/div>\n<\/div>\n<\/div>\n<\/div>\n<\/article>\n<p>B\u00fcy\u00fck \u00f6l\u00e7ekli bir Kare Balya Makinesi i\u00e7in do\u011fru Kare Balya Makinesi \u015eanz\u0131man\u0131n\u0131 se\u00e7mek, b\u00fcy\u00fck \u00f6l\u00e7ekli tar\u0131msal faaliyetlerde optimum performans, dayan\u0131kl\u0131l\u0131k ve verimlilik sa\u011flamak i\u00e7in kritik \u00f6neme sahiptir. \u015eanz\u0131man, trakt\u00f6r\u00fcn PTO'sundan gelen g\u00fcc\u00fc s\u0131k\u0131\u015ft\u0131rma ve ba\u011flama sistemleri gibi balya makinesinin mekanizmalar\u0131na aktaran \u00f6nemli bir bile\u015fendir. Do\u011fru \u015fanz\u0131man\u0131 se\u00e7erken g\u00f6z \u00f6n\u00fcnde bulundurman\u0131z gereken baz\u0131 fakt\u00f6rler \u015funlard\u0131r:<\/p>\n<p><strong>G\u00fc\u00e7 ve Tork Gereksinimleri<\/strong><\/p>\n<ul>\n<li>Neden \u00f6nemlidir: B\u00fcy\u00fck kare balya makineleri, b\u00fcy\u00fck miktarlarda saman, ot veya di\u011fer malzemeleri tek tip balyalara s\u0131k\u0131\u015ft\u0131rmak i\u00e7in y\u00fcksek tork gerektirir. \u015eanz\u0131man, balya makinesinin g\u00fc\u00e7 ve tork taleplerini kar\u015f\u0131layabilmeli, sorunsuz \u00e7al\u0131\u015fma sa\u011flamal\u0131 ve a\u015f\u0131r\u0131 y\u00fcklenmeyi \u00f6nlemelidir.<\/li>\n<li>Dikkat: Balya makinesinin gerekli PTO beygir g\u00fcc\u00fc ve torku i\u00e7in \u00f6zelliklerini kontrol edin. Balya makinenizin modelinin tork ve g\u00fc\u00e7 gereksinimlerine uygun veya biraz daha fazla bir di\u015fli kutusu se\u00e7in.<\/li>\n<\/ul>\n<p><strong>\u015eanz\u0131man Oran\u0131 (H\u0131z ve Tork D\u00f6n\u00fc\u015f\u00fcm\u00fc)<\/strong><\/p>\n<ul>\n<li>Neden \u00f6nemlidir: \u015eanz\u0131man oran\u0131, trakt\u00f6r\u00fcn PTO'sundan balya makinesinin sistemlerine h\u0131z ve tork d\u00f6n\u00fc\u015f\u00fcm\u00fcn\u00fc belirler. Do\u011fru oran, balya makinesinin verimli balyalama ve malzemenin d\u00fczg\u00fcn s\u0131k\u0131\u015ft\u0131r\u0131lmas\u0131 i\u00e7in do\u011fru h\u0131zda \u00e7al\u0131\u015fmas\u0131n\u0131 sa\u011flar.<\/li>\n<li>Dikkat: Balya makineniz i\u00e7in uygun di\u015fli oran\u0131na sahip bir di\u015fli kutusu se\u00e7in. Bu, balya makinesinin boyutu, balyalanacak malzemenin t\u00fcr\u00fc ve istenen balya boyutu ve yo\u011funlu\u011fu gibi fakt\u00f6rlere ba\u011fl\u0131d\u0131r.<\/li>\n<\/ul>\n<p><strong>Dayan\u0131kl\u0131l\u0131k ve \u0130n\u015faat Malzemeleri<\/strong><\/p>\n<ul>\n<li>Neden \u00f6nemlidir: \u015eanz\u0131man, a\u011f\u0131r hizmet tipi kullan\u0131m ve toz, nem ve di\u011fer \u00e7evresel fakt\u00f6rlere maruz kalma gibi b\u00fcy\u00fck \u00f6l\u00e7ekli balyalama operasyonlar\u0131n\u0131n zorlu \u00e7al\u0131\u015fma ko\u015fullar\u0131na dayan\u0131kl\u0131 olmal\u0131d\u0131r. Y\u00fcksek kaliteli yap\u0131 malzemeleri, \u015fanz\u0131man\u0131n daha uzun \u00f6m\u00fcrl\u00fc olmas\u0131n\u0131 ve daha az bak\u0131m gerektirmesini sa\u011flar.<\/li>\n<li>Dikkat: A\u015f\u0131nmaya ve y\u0131pranmaya dayan\u0131kl\u0131, y\u00fcksek mukavemetli \u00e7elik gibi dayan\u0131kl\u0131 malzemelerden yap\u0131lm\u0131\u015f bir \u015fanz\u0131man tercih edin. Dayan\u0131kl\u0131l\u0131\u011f\u0131 art\u0131rmak i\u00e7in s\u0131zd\u0131rmaz yataklar ve koruyucu kaplamalarla tasarlanm\u0131\u015f \u015fanz\u0131manlar\u0131 tercih edin.<\/li>\n<\/ul>\n<p><img loading=\"lazy\" decoding=\"async\" class=\"alignnone size-full wp-image-2630\" src=\"https:\/\/fmp-components.com\/wp-content\/uploads\/2025\/01\/Square-Baler-Gearbox-EP-DFK192-Applications1.webp\" alt=\"Kare Balya Makinesi Di\u015fli Kutusu EP DFK192 Uygulamalar\u0131 (1)\" width=\"1000\" height=\"620\" title=\"\" srcset=\"https:\/\/fmp-components.com\/wp-content\/uploads\/2025\/01\/Square-Baler-Gearbox-EP-DFK192-Applications1.webp 1000w, https:\/\/fmp-components.com\/wp-content\/uploads\/2025\/01\/Square-Baler-Gearbox-EP-DFK192-Applications1-980x608.webp 980w, https:\/\/fmp-components.com\/wp-content\/uploads\/2025\/01\/Square-Baler-Gearbox-EP-DFK192-Applications1-480x298.webp 480w\" sizes=\"(min-width: 0px) and (max-width: 480px) 480px, (min-width: 481px) and (max-width: 980px) 980px, (min-width: 981px) 1000px, 100vw\" \/><\/p>\n<p><strong>A\u015f\u0131r\u0131 Y\u00fck Korumas\u0131<\/strong><\/p>\n<ul>\n<li>\u00d6nemli olan: Balyalama i\u015flemi s\u0131ras\u0131nda t\u0131kan\u0131kl\u0131k veya a\u015f\u0131r\u0131 diren\u00e7 olu\u015fmas\u0131 durumunda di\u015fli kutusunun ve di\u011fer ba\u011fl\u0131 bile\u015fenlerin hasar g\u00f6rmesini \u00f6nlemek i\u00e7in a\u015f\u0131r\u0131 y\u00fck korumas\u0131 \u015fartt\u0131r.<\/li>\n<li>Dikkat: A\u015f\u0131r\u0131 kuvvet alg\u0131land\u0131\u011f\u0131nda \u015fanz\u0131man\u0131 devreden \u00e7\u0131karan ve olas\u0131 hasar\u0131 \u00f6nleyen tork s\u0131n\u0131rlay\u0131c\u0131lar, kaymal\u0131 kavramalar veya kesme pimleri gibi a\u015f\u0131r\u0131 y\u00fck koruma mekanizmalar\u0131na sahip \u015fanz\u0131manlar\u0131 aray\u0131n.<\/li>\n<\/ul>\n<p><strong>Verimlilik ve G\u00fc\u00e7 \u0130letimi<\/strong><\/p>\n<ul>\n<li>\u00d6nemli olan: Verimli g\u00fc\u00e7 iletimi enerji kay\u0131plar\u0131n\u0131 azalt\u0131r ve yak\u0131t t\u00fcketiminin optimize edilmesine yard\u0131mc\u0131 olur; bu da \u00f6zellikle b\u00fcy\u00fck \u00f6l\u00e7ekli operasyonlarda i\u015fletme maliyetlerinin en aza indirilmesi a\u00e7\u0131s\u0131ndan \u00f6nemlidir.<\/li>\n<li>Dikkat: G\u00fc\u00e7 kayb\u0131n\u0131 en aza indiren ve trakt\u00f6r\u00fcn PTO'sundan balya makinesinin bile\u015fenlerine maksimum tork iletimini sa\u011flayan y\u00fcksek verimli di\u015flilere sahip bir \u015fanz\u0131man se\u00e7in.<\/li>\n<\/ul>\n<p>B\u00fcy\u00fck kare balya makineniz i\u00e7in Kare Balya Makinesi Di\u015fli Kutusu se\u00e7erken, yukar\u0131da belirtilen temel fakt\u00f6rleri g\u00f6z \u00f6n\u00fcnde bulundurman\u0131z \u00f6nemlidir. G\u00fc\u00e7 ve tork gereksinimlerine, di\u015fli oran\u0131na, dayan\u0131kl\u0131l\u0131\u011fa, a\u015f\u0131r\u0131 y\u00fck korumas\u0131na ve bak\u0131m kolayl\u0131\u011f\u0131na odaklanarak, ihtiya\u00e7lar\u0131n\u0131za en uygun di\u015fli kutusunu se\u00e7ebilirsiniz.<\/p>\n<p>Optimum performans i\u00e7in, \u015fanz\u0131man\u0131n balya makinenizin modeline \u00f6zel gereksinimlere g\u00f6re ayarland\u0131\u011f\u0131ndan ve y\u00fcksek torkla verimli g\u00fc\u00e7 aktar\u0131m\u0131 sa\u011flad\u0131\u011f\u0131ndan emin olun. Uzun vadeli g\u00fcvenilirlik ve operasyonlar\u0131n\u0131zda minimum kesinti sa\u011flamak i\u00e7in uyumlulu\u011fu, bak\u0131m gereksinimlerini ve \u00fcreticinin itibar\u0131n\u0131 kontrol etmeyi unutmay\u0131n.<\/p>\n<p><img loading=\"lazy\" decoding=\"async\" class=\"alignnone size-full wp-image-2628\" src=\"https:\/\/fmp-components.com\/wp-content\/uploads\/2025\/01\/Square-Baler-Gearbox-29-11.webp\" alt=\"Kare Balya Makinesi Di\u015fli Kutusu-29-1(1)\" width=\"1203\" height=\"586\" title=\"\" srcset=\"https:\/\/fmp-components.com\/wp-content\/uploads\/2025\/01\/Square-Baler-Gearbox-29-11.webp 1203w, https:\/\/fmp-components.com\/wp-content\/uploads\/2025\/01\/Square-Baler-Gearbox-29-11-980x477.webp 980w, https:\/\/fmp-components.com\/wp-content\/uploads\/2025\/01\/Square-Baler-Gearbox-29-11-480x234.webp 480w\" sizes=\"(min-width: 0px) and (max-width: 480px) 480px, (min-width: 481px) and (max-width: 980px) 980px, (min-width: 981px) 1203px, 100vw\" \/><\/p>\n<h3>FMP Hakk\u0131nda<\/h3>\n<p>Merkezi \u0130talya'da bulunan FMP, tar\u0131m makineleri sekt\u00f6r\u00fcne odaklanan, ileri m\u00fchendislik, tasar\u0131m ve y\u00fcksek performansl\u0131 di\u015fli kutular\u0131 \u00fcretimiyle tan\u0131nan \u00f6nde gelen bir \u00fcreticidir. Hassasiyet, yenilik\u00e7ilik ve ola\u011fan\u00fcst\u00fc g\u00fcvenilirli\u011fiyle tan\u0131nan FMP, hem tar\u0131m hem de sanayi sekt\u00f6rlerinin de\u011fi\u015fen ihtiya\u00e7lar\u0131n\u0131 kar\u015f\u0131lamada g\u00fcvenilir bir ortak haline gelmi\u015ftir. Geni\u015f \u00fcr\u00fcn portf\u00f6y\u00fcm\u00fcz, \u00e7im bi\u00e7me makineleri, kuyruk mili \u015faftlar\u0131 ve di\u011fer temel mekanik bile\u015fenler i\u00e7in \u00f6zel di\u015fli kutular\u0131 i\u00e7erir ve her biri \u00e7ok \u00e7e\u015fitli uygulamalar i\u00e7in \u00f6zel \u00e7\u00f6z\u00fcmler sunmak \u00fczere \u00f6zenle tasarlanm\u0131\u015ft\u0131r.<\/p>\n<p>FMP olarak, her m\u00fc\u015fterinin kendine \u00f6zg\u00fc zorluklar ve ihtiya\u00e7larla kar\u015f\u0131 kar\u015f\u0131ya oldu\u011funun bilincindeyiz. Bu nedenle, ister bireysel bile\u015fenler ister tamamen entegre sistemler i\u00e7in olsun, \u00f6zelle\u015ftirilmi\u015f \u00e7\u00f6z\u00fcmler sunma konusunda uzmanla\u015f\u0131yoruz. M\u00fc\u015fterilerimizle yak\u0131n i\u015f birli\u011fi i\u00e7inde \u00e7al\u0131\u015farak, her \u00e7\u00f6z\u00fcm\u00fcn yaln\u0131zca ihtiya\u00e7lar\u0131n\u0131 kar\u015f\u0131lamas\u0131n\u0131 de\u011fil, ayn\u0131 zamanda performans\u0131 optimize etmesini ve de\u011feri en \u00fcst d\u00fczeye \u00e7\u0131karmas\u0131n\u0131 sa\u011fl\u0131yoruz. H\u0131zl\u0131, profesyonel yan\u0131tlar ve uzman rehberli\u011fi sunma taahh\u00fcd\u00fcm\u00fcz, her talebin en \u00fcst d\u00fczeyde \u00f6zen ve hassasiyetle ele al\u0131nmas\u0131n\u0131 ve en iyi sonu\u00e7lar\u0131n elde edilmesini sa\u011flar.<\/p>\n<p>\u00dcr\u00fcn geli\u015ftirme s\u00fcrecinin her a\u015famas\u0131nda a\u00e7\u0131k ve s\u00fcrekli ileti\u015fime b\u00fcy\u00fck \u00f6nem veriyoruz. Uzman ekibimiz, m\u00fc\u015fterilerimizle do\u011frudan i\u015f birli\u011fi yaparak \u00f6zel ihtiya\u00e7lar\u0131n\u0131 tam olarak anl\u0131yor, en etkili \u00e7\u00f6z\u00fcmleri sa\u011flamak i\u00e7in de\u011ferli i\u00e7g\u00f6r\u00fcler ve ki\u015fiye \u00f6zel \u00f6neriler sunuyor. \u0130ster yenilik\u00e7i \u00fcr\u00fcnler tasarlamak ister mevcut sipari\u015fleri kar\u015f\u0131lamak olsun, FMP her seferinde zaman\u0131nda, hassas m\u00fchendislikle tasarlanm\u0131\u015f, y\u00fcksek kaliteli \u00e7\u00f6z\u00fcmler sunmaya kendini adam\u0131\u015ft\u0131r. Misyonumuz, m\u00fc\u015fterilerimize ola\u011fan\u00fcst\u00fc hizmet ve sonu\u00e7lar sunarak her projede beklentileri s\u00fcrekli a\u015fmakt\u0131r.<\/p>\n<p>FMP'nin faaliyetlerinin temelinde, kaliteye olan sars\u0131lmaz ba\u011fl\u0131l\u0131\u011f\u0131m\u0131z yatmaktad\u0131r. Her \u00fcr\u00fcn\u00fcn sekt\u00f6r standartlar\u0131n\u0131 kar\u015f\u0131lamas\u0131n\u0131 ve hatta a\u015fmas\u0131n\u0131 sa\u011flamak i\u00e7in s\u0131k\u0131 kalite kontrol \u00f6nlemleri uygulayarak en y\u00fcksek \u00fcretim standartlar\u0131na ba\u011fl\u0131 kal\u0131yoruz. Kaliteye olan bu ba\u011fl\u0131l\u0131\u011f\u0131m\u0131z, d\u00fcr\u00fcstl\u00fck, ekip \u00e7al\u0131\u015fmas\u0131 ve azim gibi temel de\u011ferlerimizle birle\u015ferek, d\u00fcnya \u00e7ap\u0131nda yakla\u015f\u0131k 30 \u00fclkedeki m\u00fc\u015fterilerimizle kal\u0131c\u0131 ve g\u00fcvene dayal\u0131 ili\u015fkiler kurmam\u0131z\u0131 sa\u011flam\u0131\u015ft\u0131r.<\/p>\n<p>FMP, k\u00fcresel ortakl\u0131klara her zaman a\u00e7\u0131k olup, m\u00fc\u015fterilerimizin \u00e7e\u015fitli ihtiya\u00e7lar\u0131na \u00f6zel uzman tavsiyeleri ve \u00f6zel \u00e7\u00f6z\u00fcmler sunmaya kendini adam\u0131\u015ft\u0131r. Amac\u0131m\u0131z, yaln\u0131zca \u00fcr\u00fcn tedarik etmenin \u00f6tesine ge\u00e7erek, her projenin ba\u015far\u0131s\u0131na katk\u0131da bulunan kal\u0131c\u0131 ili\u015fkiler kurmakt\u0131r. \u0130ster yeni bir giri\u015fim i\u00e7in yenilik\u00e7i \u00e7\u00f6z\u00fcmlere, ister mevcut bir sistem i\u00e7in s\u00fcrekli deste\u011fe ihtiyac\u0131n\u0131z olsun, FMP teknik zorluklar\u0131n\u0131z\u0131 ele almak ve ba\u015far\u0131n\u0131z\u0131n devam\u0131n\u0131 sa\u011flamak i\u00e7in buradad\u0131r.<\/p>\n<p><img loading=\"lazy\" decoding=\"async\" class=\"alignnone size-full wp-image-1861\" src=\"https:\/\/fmp-components.com\/wp-content\/uploads\/2024\/12\/Other-Agricultural-Gearboxes.webp\" sizes=\"(min-width: 0px) and (max-width: 480px) 480px, (min-width: 481px) and (max-width: 980px) 980px, (min-width: 981px) 1200px, 100vw\" srcset=\"https:\/\/fmp-components.com\/wp-content\/uploads\/2024\/12\/Other-Agricultural-Gearboxes.webp 1200w, https:\/\/fmp-components.com\/wp-content\/uploads\/2024\/12\/Other-Agricultural-Gearboxes-980x1143.webp 980w, https:\/\/fmp-components.com\/wp-content\/uploads\/2024\/12\/Other-Agricultural-Gearboxes-480x560.webp 480w\" alt=\"Altri-cambi-agricoli\" width=\"1200\" height=\"1400\" title=\"\"><\/p>\n<p>Yazar: CX<\/p>","protected":false},"excerpt":{"rendered":"<p>Square Baler Gearbox FMP-DFK192 Dimensions Square Baler Gearbox FMP-DFK192 Technical Data i Suitable Rpm input KW(Nom) Rated torque Maximum Load X-axis type r\/min kw N.m N.m X-Y X-Z X-E Big Square Baler 1000 192 1825 4000 2 types Remark: If you have any special require feel free let me know, we also accept custom. Benefits [&hellip;]<\/p>","protected":false},"featured_media":2632,"comment_status":"open","ping_status":"closed","template":"","meta":{"_et_pb_use_builder":"","_et_pb_old_content":"","_et_gb_content_width":""},"product_brand":[],"product_cat":[62],"product_tag":[],"class_list":{"0":"post-2627","1":"product","2":"type-product","3":"status-publish","4":"has-post-thumbnail","6":"product_cat-square-baler-gearbox","8":"first","9":"instock","10":"shipping-taxable","11":"product-type-simple"},"_links":{"self":[{"href":"https:\/\/fmp-components.com\/tr\/wp-json\/wp\/v2\/product\/2627","targetHints":{"allow":["GET"]}}],"collection":[{"href":"https:\/\/fmp-components.com\/tr\/wp-json\/wp\/v2\/product"}],"about":[{"href":"https:\/\/fmp-components.com\/tr\/wp-json\/wp\/v2\/types\/product"}],"replies":[{"embeddable":true,"href":"https:\/\/fmp-components.com\/tr\/wp-json\/wp\/v2\/comments?post=2627"}],"wp:featuredmedia":[{"embeddable":true,"href":"https:\/\/fmp-components.com\/tr\/wp-json\/wp\/v2\/media\/2632"}],"wp:attachment":[{"href":"https:\/\/fmp-components.com\/tr\/wp-json\/wp\/v2\/media?parent=2627"}],"wp:term":[{"taxonomy":"product_brand","embeddable":true,"href":"https:\/\/fmp-components.com\/tr\/wp-json\/wp\/v2\/product_brand?post=2627"},{"taxonomy":"product_cat","embeddable":true,"href":"https:\/\/fmp-components.com\/tr\/wp-json\/wp\/v2\/product_cat?post=2627"},{"taxonomy":"product_tag","embeddable":true,"href":"https:\/\/fmp-components.com\/tr\/wp-json\/wp\/v2\/product_tag?post=2627"}],"curies":[{"name":"wp","href":"https:\/\/api.w.org\/{rel}","templated":true}]}}