{"id":2622,"date":"2025-01-03T03:07:12","date_gmt":"2025-01-03T03:07:12","guid":{"rendered":"https:\/\/fmp-components.com\/?page_id=8"},"modified":"2025-01-03T03:24:45","modified_gmt":"2025-01-03T03:24:45","slug":"square-baler-gearbox-fmp-fk157-for-straw-chopper","status":"publish","type":"product","link":"https:\/\/fmp-components.com\/tr\/product\/square-baler-gearbox-fmp-fk157-for-straw-chopper\/","title":{"rendered":"Saman Do\u011fray\u0131c\u0131 i\u00e7in Kare Balya Makinesi \u015eanz\u0131man FMP-FK157"},"content":{"rendered":"<h2>Kare Balya Makinesi \u015eanz\u0131man FMP-FK157 Boyutlar\u0131<\/h2>\n<p><img loading=\"lazy\" decoding=\"async\" class=\"alignnone size-full wp-image-2623\" src=\"https:\/\/fmp-components.com\/wp-content\/uploads\/2025\/01\/Square-Baler-Gearbox-FMP-FK157-Dimensions.webp\" alt=\"Kare Balya Makinesi \u015eanz\u0131man Kutusu FMP FK157 Boyutlar\u0131\" width=\"1186\" height=\"816\" title=\"\" srcset=\"https:\/\/fmp-components.com\/wp-content\/uploads\/2025\/01\/Square-Baler-Gearbox-FMP-FK157-Dimensions.webp 1186w, https:\/\/fmp-components.com\/wp-content\/uploads\/2025\/01\/Square-Baler-Gearbox-FMP-FK157-Dimensions-980x674.webp 980w, https:\/\/fmp-components.com\/wp-content\/uploads\/2025\/01\/Square-Baler-Gearbox-FMP-FK157-Dimensions-480x330.webp 480w\" sizes=\"(min-width: 0px) and (max-width: 480px) 480px, (min-width: 481px) and (max-width: 980px) 980px, (min-width: 981px) 1186px, 100vw\" \/><\/p>\n<h2>Kare Balya Makinesi \u015eanz\u0131man FMP-FK157 \u015eaft Boyutlar\u0131<\/h2>\n<p><img loading=\"lazy\" decoding=\"async\" class=\"alignnone size-full wp-image-2624\" src=\"https:\/\/fmp-components.com\/wp-content\/uploads\/2025\/01\/Square-Baler-Gearbox-FMP-FK157-Shaft-Dimensions.webp\" alt=\"Kare Balya Makinesi \u015eanz\u0131man Kutusu FMP FK157 \u015eaft Boyutlar\u0131\" width=\"1371\" height=\"414\" title=\"\" srcset=\"https:\/\/fmp-components.com\/wp-content\/uploads\/2025\/01\/Square-Baler-Gearbox-FMP-FK157-Shaft-Dimensions.webp 1371w, https:\/\/fmp-components.com\/wp-content\/uploads\/2025\/01\/Square-Baler-Gearbox-FMP-FK157-Shaft-Dimensions-1280x387.webp 1280w, https:\/\/fmp-components.com\/wp-content\/uploads\/2025\/01\/Square-Baler-Gearbox-FMP-FK157-Shaft-Dimensions-980x296.webp 980w, https:\/\/fmp-components.com\/wp-content\/uploads\/2025\/01\/Square-Baler-Gearbox-FMP-FK157-Shaft-Dimensions-480x145.webp 480w\" sizes=\"(min-width: 0px) and (max-width: 480px) 480px, (min-width: 481px) and (max-width: 980px) 980px, (min-width: 981px) and (max-width: 1280px) 1280px, (min-width: 1281px) 1371px, 100vw\" \/><\/p>\n<h2>Kare Balya Makinesi \u015eanz\u0131man FMP-FK157 Teknik Verileri<\/h2>\n<table style=\"width: 100.77%; height: 141px;\" border=\"1\" cellspacing=\"0\" cellpadding=\"0\">\n<tbody>\n<tr>\n<td colspan=\"2\" rowspan=\"2\">Ben<\/td>\n<td rowspan=\"2\">Uygun<\/td>\n<td>Rpm giri\u015fi<\/td>\n<td>Rpm \u00e7\u0131k\u0131\u015f\u0131<\/td>\n<td>KW(Nom)<\/td>\n<td>KW(Maks.)<\/td>\n<td rowspan=\"2\">Di\u015f \u00e7\u0131karma<\/td>\n<\/tr>\n<tr>\n<td>dev\/dak<\/td>\n<td>dev\/dak<\/td>\n<td>hp<\/td>\n<td>hp<\/td>\n<\/tr>\n<tr>\n<td>H\u0131z art\u0131\u015f\u0131<\/td>\n<td>1:2.46<\/td>\n<td rowspan=\"2\">Saman do\u011fray\u0131c\u0131 vb.<\/td>\n<td>540<\/td>\n<td>1328.4<\/td>\n<td>180<\/td>\n<td>700<\/td>\n<td rowspan=\"2\">Gleason Helisel<br \/>\nDi\u015fler<\/td>\n<\/tr>\n<tr>\n<td>H\u0131z art\u0131\u015f\u0131<\/td>\n<td>1:2.07<\/td>\n<td>720<\/td>\n<td>1190.4<\/td>\n<td>180<\/td>\n<td>700<\/td>\n<\/tr>\n<tr>\n<td colspan=\"8\">Not: Herhangi bir \u00f6zel iste\u011finiz varsa l\u00fctfen bana bildirin, \u00f6zel sipari\u015fleri de kabul ediyoruz.<\/td>\n<\/tr>\n<\/tbody>\n<\/table>\n<h3>Saman Do\u011fray\u0131c\u0131 i\u00e7in Kare Balya Makinesi \u015eanz\u0131man FMP-FK157'nin Bile\u015fenleri<\/h3>\n<p>Kare Balya Makinesi \u015eanz\u0131man Kutusu FMP-FK157, dayan\u0131kl\u0131l\u0131k, verimlilik ve hassasiyetin kritik \u00f6nem ta\u015f\u0131d\u0131\u011f\u0131 saman kesme ve balyalama gibi uygulamalar i\u00e7in tasarlanm\u0131\u015ft\u0131r. \u00d6zellikle saman kesme makinesiyle \u00e7al\u0131\u015fmak \u00fczere tasarlanm\u0131\u015f FMP-FK157 Kare Balya Makinesi \u015eanz\u0131man Kutusunda bulunan temel bile\u015fenler a\u015fa\u011f\u0131dad\u0131r:<\/p>\n<ol>\n<li>Giri\u015f Mili\n<ul>\n<li>\u0130\u015flevi: Giri\u015f mili, \u015fanz\u0131man\u0131 trakt\u00f6re veya g\u00fc\u00e7 aktarma sistemine (PTO) ba\u011flar. Trakt\u00f6r\u00fcn motorundan gelen d\u00f6nme g\u00fcc\u00fcn\u00fc \u015fanz\u0131mana ileterek saman \u00f6\u011f\u00fct\u00fcc\u00fcn\u00fcn \u00e7al\u0131\u015fmas\u0131n\u0131 sa\u011flar.<\/li>\n<li>Malzeme: Dayan\u0131kl\u0131l\u0131k ve tar\u0131msal uygulamalarda s\u00fcrekli kullan\u0131mdan kaynaklanan strese dayan\u0131m i\u00e7in genellikle y\u00fcksek mukavemetli \u00e7elikten yap\u0131l\u0131r.<\/li>\n<\/ul>\n<\/li>\n<li>\u00c7\u0131k\u0131\u015f Mili\n<ul>\n<li>Fonksiyonu: \u00c7\u0131k\u0131\u015f mili, di\u015fli kutusundan gelen mekanik g\u00fcc\u00fc, kesme b\u0131\u00e7aklar\u0131 veya d\u00f6v\u00fcc\u00fcler gibi ba\u011fl\u0131 saman k\u0131y\u0131c\u0131 bile\u015fenlerine aktar\u0131r.<\/li>\n<li>Malzeme: Saman kesme i\u015fleminin a\u011f\u0131r i\u015flerde kullan\u0131lmas\u0131 sonucu olu\u015fan a\u015f\u0131nma ve strese kar\u015f\u0131 dayan\u0131kl\u0131l\u0131k i\u00e7in \u00e7elik veya ala\u015f\u0131ml\u0131 malzemeler kullan\u0131l\u0131r.<\/li>\n<\/ul>\n<\/li>\n<li>Di\u015fli Tak\u0131m\u0131 (Helis veya D\u00fcz Di\u015fliler)\n<ul>\n<li>Fonksiyon: Di\u015fli tak\u0131m\u0131, giri\u015f ve \u00e7\u0131k\u0131\u015f milleri aras\u0131ndaki d\u00f6nme h\u0131z\u0131n\u0131 ve torku ayarlayan kritik bir bile\u015fendir. G\u00fcc\u00fcn k\u0131y\u0131c\u0131 mekanizmas\u0131na verimli bir \u015fekilde aktar\u0131lmas\u0131n\u0131 sa\u011flar.<\/li>\n<li>Tip: Tasar\u0131ma ba\u011fl\u0131 olarak, di\u015fli kutusunda torku optimize etmek ve \u00e7al\u0131\u015fma s\u0131ras\u0131nda g\u00fcr\u00fclt\u00fcy\u00fc ve titre\u015fimi azaltmak i\u00e7in helisel veya mahmuzlu di\u015fliler kullan\u0131labilir.<\/li>\n<li>Malzeme: Dayan\u0131kl\u0131l\u0131k ve sa\u011flaml\u0131k i\u00e7in sertle\u015ftirilmi\u015f \u00e7elik.<\/li>\n<\/ul>\n<\/li>\n<li>Rulmanlar\n<ul>\n<li>Fonksiyon: Rulmanlar, milleri destekler, s\u00fcrt\u00fcnmeyi azalt\u0131r ve d\u00fczg\u00fcn bir d\u00f6n\u00fc\u015f sa\u011flar. \u015eanz\u0131man\u0131n uzun vadeli verimlili\u011fini ve stabilitesini korumak i\u00e7in olmazsa olmazd\u0131r.<\/li>\n<li>Tip: Tasar\u0131m ve uygulamaya ba\u011fl\u0131 olarak bilyal\u0131 veya makaral\u0131 rulmanlar.<\/li>\n<\/ul>\n<\/li>\n<li>Foklar\n<ul>\n<li>G\u00f6revi: Contalar ya\u011f veya ya\u011flay\u0131c\u0131n\u0131n s\u0131zmas\u0131n\u0131 \u00f6nler ve di\u015fli kutusunun i\u00e7 bile\u015fenlerini kir, nem ve di\u011fer kirleticilerden korur.<\/li>\n<li>Malzeme: \u00c7evresel etkenlere kar\u015f\u0131 uzun s\u00fcreli koruma sa\u011flamak i\u00e7in kau\u00e7uk, nitril veya di\u011fer sentetik malzemeler kullan\u0131lmaktad\u0131r.<\/li>\n<\/ul>\n<\/li>\n<\/ol>\n<p>FMP-FK157 Kare Balya Makinesi \u015eanz\u0131man\u0131, saman do\u011frama da dahil olmak \u00fczere a\u011f\u0131r hizmet tipi tar\u0131m uygulamalar\u0131 i\u00e7in tasarlanm\u0131\u015ft\u0131r. Dayan\u0131kl\u0131 malzemeler, hassas di\u015fli setleri, verimli ya\u011flama ve koruyucu bile\u015fenlerin birle\u015fimi, tar\u0131msal faaliyetlerin zorlu ko\u015fullar\u0131nda optimum performans ve uzun \u00f6m\u00fcr sa\u011flar. Bile\u015fenlerin her biri, \u015fanz\u0131man\u0131n g\u00fcvenilir ve verimli bir \u015fekilde \u00e7al\u0131\u015fmas\u0131n\u0131 sa\u011flayarak sorunsuz ve verimli saman do\u011frama ve balyalama i\u015flemlerini kolayla\u015ft\u0131rmada hayati bir rol oynar.<\/p>\n<p><img loading=\"lazy\" decoding=\"async\" class=\"alignnone size-full wp-image-2625\" src=\"https:\/\/fmp-components.com\/wp-content\/uploads\/2025\/01\/Square-Baler-Gearbox-391.jpg\" alt=\"Kare Balya Makinesi Di\u015fli Kutusu-39(1)\" width=\"2152\" height=\"1061\" title=\"\" srcset=\"https:\/\/fmp-components.com\/wp-content\/uploads\/2025\/01\/Square-Baler-Gearbox-391.jpg 2152w, https:\/\/fmp-components.com\/wp-content\/uploads\/2025\/01\/Square-Baler-Gearbox-391-1280x631.jpg 1280w, https:\/\/fmp-components.com\/wp-content\/uploads\/2025\/01\/Square-Baler-Gearbox-391-980x483.jpg 980w, https:\/\/fmp-components.com\/wp-content\/uploads\/2025\/01\/Square-Baler-Gearbox-391-480x237.jpg 480w\" sizes=\"(min-width: 0px) and (max-width: 480px) 480px, (min-width: 481px) and (max-width: 980px) 980px, (min-width: 981px) and (max-width: 1280px) 1280px, (min-width: 1281px) 2152px, 100vw\" \/><\/p>\n<h3>Saman Do\u011fray\u0131c\u0131 i\u00e7in Kare Balya Makinesi \u015eanz\u0131man\u0131n\u0131n Ad\u0131m Ad\u0131m \u00c7al\u0131\u015ft\u0131r\u0131lmas\u0131<\/h3>\n<p>Saman \u00d6\u011f\u00fct\u00fcc\u00fc Kare Balya Makinesi \u015eanz\u0131man\u0131, trakt\u00f6r\u00fcn g\u00fc\u00e7 aktarma (PTO) sisteminden gelen g\u00fcc\u00fc saman \u00f6\u011f\u00fct\u00fcc\u00fcye verimli bir \u015fekilde aktaran ve b\u00f6ylece g\u00f6revlerini etkili bir \u015fekilde yerine getirmesini sa\u011flayan hayati bir mekanik bile\u015fendir. \u015eanz\u0131man\u0131n saman \u00f6\u011f\u00fct\u00fcc\u00fcdeki \u00e7al\u0131\u015fma prensibi \u015f\u00f6yledir:<\/p>\n<ol>\n<li>PTO'dan Giri\u015f Miline G\u00fc\u00e7 Aktar\u0131m\u0131\n<ul>\n<li>\u015eanz\u0131man, trakt\u00f6r\u00fcn motorundan d\u00f6nme g\u00fcc\u00fcn\u00fc alan trakt\u00f6r\u00fcn PTO miline ba\u011fl\u0131d\u0131r.<\/li>\n<li>Trakt\u00f6r \u00e7al\u0131\u015ft\u0131r\u0131ld\u0131\u011f\u0131nda PTO d\u00f6ner ve bu d\u00f6nme kuvveti \u015fanz\u0131man\u0131n giri\u015f mili \u00fczerinden iletilir.<\/li>\n<\/ul>\n<\/li>\n<li>Vites Seti ile Azaltma veya H\u0131z Ayarlama\n<ul>\n<li>\u015eanz\u0131man\u0131n i\u00e7indeki bir di\u015fli tak\u0131m\u0131 (helisel veya d\u00fcz di\u015fliler), d\u00f6n\u00fc\u015f h\u0131z\u0131n\u0131 ve torku ayarlar. Di\u015fliler, PTO'dan gelen y\u00fcksek h\u0131zl\u0131 d\u00f6n\u00fc\u015f\u00fc azaltarak, saman \u00f6\u011f\u00fct\u00fcc\u00fcn\u00fcn \u00e7al\u0131\u015fmas\u0131 i\u00e7in uygun, daha d\u00fc\u015f\u00fck h\u0131zl\u0131 ve daha y\u00fcksek torklu bir \u00e7\u0131k\u0131\u015fa d\u00f6n\u00fc\u015ft\u00fcr\u00fcr.<\/li>\n<li>Bu red\u00fcksiyon di\u015flisi, saman par\u00e7alay\u0131c\u0131n\u0131n saman\u0131 etkili bir \u015fekilde par\u00e7alay\u0131p balyalama odas\u0131na beslemek i\u00e7in do\u011fru h\u0131zda \u00e7al\u0131\u015fmas\u0131n\u0131 sa\u011flar.<\/li>\n<\/ul>\n<\/li>\n<li>\u00c7\u0131k\u0131\u015f Miline G\u00fc\u00e7 Aktar\u0131m\u0131\n<ul>\n<li>Di\u015fliler h\u0131z ve torku ayarlad\u0131ktan sonra \u00e7\u0131k\u0131\u015f mili, de\u011fi\u015ftirilen g\u00fcc\u00fc saman par\u00e7alay\u0131c\u0131ya aktar\u0131r.<\/li>\n<li>\u00c7\u0131k\u0131\u015f mili, saman\u0131 daha k\u00fc\u00e7\u00fck par\u00e7alara kesen veya par\u00e7alayan d\u00f6ner b\u0131\u00e7aklar veya d\u00f6v\u00fcc\u00fcler i\u00e7eren saman do\u011fray\u0131c\u0131n\u0131n kesme mekanizmas\u0131na do\u011frudan ba\u011flan\u0131r.<\/li>\n<\/ul>\n<\/li>\n<li>Chopper Mekanizmas\u0131n\u0131n Hareketi\n<ul>\n<li>\u00c7\u0131k\u0131\u015f mili d\u00f6nd\u00fck\u00e7e, saman\u0131 k\u00fc\u00e7\u00fck ve d\u00fczg\u00fcn par\u00e7alara ay\u0131rmaktan sorumlu olan saman k\u0131y\u0131c\u0131n\u0131n b\u0131\u00e7aklar\u0131n\u0131 veya d\u00f6venlerini \u00e7al\u0131\u015ft\u0131r\u0131r.<\/li>\n<li>Daha sonra k\u0131y\u0131lm\u0131\u015f saman balyalama odas\u0131na beslenir veya kullan\u0131m amac\u0131na (\u00f6rne\u011fin mal\u00e7lama veya kompostlama) g\u00f6re yay\u0131l\u0131r.<\/li>\n<\/ul>\n<\/li>\n<li>Ya\u011flama ve So\u011futma\n<ul>\n<li>\u015eanz\u0131man, s\u00fcrt\u00fcnmeyi en aza indirmek, a\u015f\u0131nmay\u0131 azaltmak ve sistemin d\u00fczg\u00fcn \u00e7al\u0131\u015fmas\u0131n\u0131 sa\u011flamak i\u00e7in i\u00e7 bile\u015fenler (di\u015fliler ve yataklar) aras\u0131nda dola\u015fan bir ya\u011flama sistemine (ya\u011f veya gres) g\u00fcvenir.<\/li>\n<li>Baz\u0131 tasar\u0131mlarda, di\u015fli kutusunun ve do\u011fray\u0131c\u0131 mekanizmas\u0131n\u0131n s\u00fcrekli hareketi sonucu olu\u015fan \u0131s\u0131y\u0131 da\u011f\u0131tmak i\u00e7in so\u011futma kanat\u00e7\u0131klar\u0131 veya di\u011fer so\u011futma mekanizmalar\u0131 kullan\u0131labilir.<\/li>\n<\/ul>\n<\/li>\n<\/ol>\n<p>Saman Par\u00e7alay\u0131c\u0131 Kare Balya Makinesi \u015eanz\u0131man Kutusu, trakt\u00f6r\u00fcn PTO g\u00fcc\u00fcn\u00fc, saman\u0131n verimli bir \u015fekilde par\u00e7alanmas\u0131 ve balyalanmas\u0131 i\u00e7in gereken uygun h\u0131z ve torka d\u00f6n\u00fc\u015ft\u00fcrmede \u00f6nemli bir rol oynar. Bunu, giri\u015f ve \u00e7\u0131k\u0131\u015f milleri, di\u015fli tak\u0131mlar\u0131 ve koruyucu bile\u015fenlerden olu\u015fan bir kombinasyon kullanarak, ya\u011flama ve a\u015f\u0131r\u0131 y\u00fcklere kar\u015f\u0131 koruma sa\u011flayarak ger\u00e7ekle\u015ftirir. Bu mekanik i\u015flem, saman par\u00e7alay\u0131c\u0131n\u0131n g\u00fcvenilir bir \u015fekilde \u00e7al\u0131\u015fmas\u0131n\u0131 sa\u011flayarak, ar\u0131za s\u00fcrelerini azalt\u0131r ve tar\u0131msal faaliyetlerde genel verimlili\u011fi art\u0131r\u0131r.<\/p>\n<p><img loading=\"lazy\" decoding=\"async\" class=\"alignnone size-full wp-image-2615\" src=\"https:\/\/fmp-components.com\/wp-content\/uploads\/2025\/01\/Square-Baler-Gearbox-EP-FK150-Application-Area-1-1024x6861-1.webp\" alt=\"Kare Balya Makinesi Di\u015fli Kutusu EP FK150 Uygulama Alan\u0131 1 1024x686 (1)\" width=\"1024\" height=\"686\" title=\"\" srcset=\"https:\/\/fmp-components.com\/wp-content\/uploads\/2025\/01\/Square-Baler-Gearbox-EP-FK150-Application-Area-1-1024x6861-1.webp 1024w, https:\/\/fmp-components.com\/wp-content\/uploads\/2025\/01\/Square-Baler-Gearbox-EP-FK150-Application-Area-1-1024x6861-1-980x657.webp 980w, https:\/\/fmp-components.com\/wp-content\/uploads\/2025\/01\/Square-Baler-Gearbox-EP-FK150-Application-Area-1-1024x6861-1-480x322.webp 480w\" sizes=\"(min-width: 0px) and (max-width: 480px) 480px, (min-width: 481px) and (max-width: 980px) 980px, (min-width: 981px) 1024px, 100vw\" \/><\/p>\n<h3>FMP Hakk\u0131nda<\/h3>\n<p>Merkezi \u0130talya'da bulunan FMP, \u00f6zellikle tar\u0131m makineleri sekt\u00f6r\u00fcne odaklanan y\u00fcksek performansl\u0131 di\u015fli kutular\u0131n\u0131n tasar\u0131m\u0131, geli\u015ftirilmesi ve \u00fcretimindeki uzmanl\u0131\u011f\u0131yla tan\u0131nan lider bir \u00fcreticidir. Hassas m\u00fchendislik, yenilik\u00e7i \u00e7\u00f6z\u00fcmler ve sars\u0131lmaz g\u00fcvenilirlik konusundaki itibar\u0131yla FMP, hem tar\u0131m hem de sanayi sekt\u00f6rlerinin de\u011fi\u015fen ihtiya\u00e7lar\u0131n\u0131 kar\u015f\u0131lamada g\u00fcvenilir bir ortak haline gelmi\u015ftir. Geni\u015f \u00fcr\u00fcn yelpazemiz, \u00e7im bi\u00e7me makineleri i\u00e7in \u00f6zel di\u015fli kutular\u0131, kuyruk mili milleri ve di\u011fer temel bile\u015fenleri i\u00e7erir ve hepsi geni\u015f bir uygulama yelpazesinde \u00f6zelle\u015ftirilmi\u015f \u00e7\u00f6z\u00fcmler sunmak \u00fczere titizlikle tasarlanm\u0131\u015ft\u0131r.<\/p>\n<p>FMP olarak, her m\u00fc\u015fterinin kendine \u00f6zg\u00fc gereksinimleri ve zorluklar\u0131 oldu\u011funun bilincindeyiz. Bu nedenle, ister bireysel bile\u015fenler ister tamamen entegre sistemler i\u00e7in olsun, \u00f6zel \u00e7\u00f6z\u00fcmler sunma konusunda uzmanla\u015f\u0131yoruz. M\u00fc\u015fterilerimizle yak\u0131n i\u015f birli\u011fi i\u00e7inde \u00e7al\u0131\u015farak her \u00e7\u00f6z\u00fcm\u00fcn yaln\u0131zca etkili de\u011fil, ayn\u0131 zamanda verimli olmas\u0131n\u0131, hem performans\u0131 hem de de\u011feri optimize etmesini sa\u011fl\u0131yoruz. H\u0131zl\u0131 ve profesyonel yan\u0131tlar sunma taahh\u00fcd\u00fcm\u00fcz ve uzman rehberli\u011fimiz, her sorunun en \u00fcst d\u00fczeyde \u00f6zen ve hassasiyetle ele al\u0131nmas\u0131n\u0131 ve m\u00fcmk\u00fcn olan en iyi sonu\u00e7lara ula\u015f\u0131lmas\u0131n\u0131 sa\u011flar.<\/p>\n<p>\u00dcr\u00fcn geli\u015ftirme s\u00fcrecinin tamam\u0131nda a\u00e7\u0131k ve s\u00fcrekli ileti\u015fime \u00f6ncelik veriyoruz. \u00d6zverili ekibimiz, m\u00fc\u015fterilerimizle do\u011frudan \u00e7al\u0131\u015farak \u00f6zel ihtiya\u00e7lar\u0131n\u0131 tam olarak anl\u0131yor ve en uygun \u00e7\u00f6z\u00fcmleri sa\u011flamak i\u00e7in de\u011ferli i\u00e7g\u00f6r\u00fcler ve \u00f6neriler sunuyor. \u0130ster yenilik\u00e7i \u00fcr\u00fcnler tasarl\u0131yor ister devam eden sipari\u015fleri kar\u015f\u0131l\u0131yor olun, FMP her seferinde zaman\u0131nda, y\u00fcksek kaliteli ve hassas m\u00fchendislik \u00e7\u00f6z\u00fcmleri sunmaya kendini adam\u0131\u015ft\u0131r. Amac\u0131m\u0131z, m\u00fc\u015fterilerimize en iyi hizmeti ve sonu\u00e7lar\u0131 sunarak her projede beklentileri a\u015fmakt\u0131r.<\/p>\n<p>Kalite, FMP'nin faaliyetlerinin temel ta\u015f\u0131d\u0131r. En y\u00fcksek \u00fcretim standartlar\u0131na ba\u011fl\u0131 kalarak, her \u00fcr\u00fcn\u00fcn sekt\u00f6r standartlar\u0131n\u0131 kar\u015f\u0131lamas\u0131n\u0131 ve hatta a\u015fmas\u0131n\u0131 sa\u011flamak i\u00e7in s\u0131k\u0131 kalite kontrol \u00f6nlemleri uyguluyoruz. Kaliteye olan bu sars\u0131lmaz ba\u011fl\u0131l\u0131\u011f\u0131m\u0131z, d\u00fcr\u00fcstl\u00fck, ekip \u00e7al\u0131\u015fmas\u0131 ve azim gibi temel de\u011ferlerimizle birle\u015ferek, d\u00fcnya \u00e7ap\u0131nda yakla\u015f\u0131k 30 \u00fclkedeki m\u00fc\u015fterilerimizle uzun s\u00fcreli, g\u00fcvene dayal\u0131 ili\u015fkiler kurmam\u0131z\u0131 sa\u011flam\u0131\u015ft\u0131r.<\/p>\n<p>FMP, k\u00fcresel ortakl\u0131klara her zaman a\u00e7\u0131k olup, m\u00fc\u015fterilerimizin \u00e7e\u015fitli ihtiya\u00e7lar\u0131n\u0131 kar\u015f\u0131layan uzman tavsiyeleri ve \u00f6zelle\u015ftirilmi\u015f \u00e7\u00f6z\u00fcmler sunmaya kendini adam\u0131\u015ft\u0131r. Sadece \u00fcr\u00fcn tedarik etmenin \u00f6tesine ge\u00e7erek, her projenin ba\u015far\u0131s\u0131na katk\u0131da bulunan kal\u0131c\u0131 ili\u015fkiler kurmay\u0131 hedefliyoruz. \u0130ster yeni bir giri\u015fim i\u00e7in yenilik\u00e7i \u00e7\u00f6z\u00fcmlere, ister mevcut bir sistem i\u00e7in s\u00fcrekli deste\u011fe ihtiyac\u0131n\u0131z olsun, FMP teknik zorluklar\u0131n\u0131z\u0131n \u00fcstesinden gelmek ve ba\u015far\u0131n\u0131z\u0131n devam\u0131n\u0131 sa\u011flamak i\u00e7in burada.<\/p>\n<p><img loading=\"lazy\" decoding=\"async\" class=\"alignnone size-full wp-image-1861\" src=\"https:\/\/fmp-components.com\/wp-content\/uploads\/2024\/12\/Other-Agricultural-Gearboxes.webp\" sizes=\"(min-width: 0px) and (max-width: 480px) 480px, (min-width: 481px) and (max-width: 980px) 980px, (min-width: 981px) 1200px, 100vw\" srcset=\"https:\/\/fmp-components.com\/wp-content\/uploads\/2024\/12\/Other-Agricultural-Gearboxes.webp 1200w, https:\/\/fmp-components.com\/wp-content\/uploads\/2024\/12\/Other-Agricultural-Gearboxes-980x1143.webp 980w, https:\/\/fmp-components.com\/wp-content\/uploads\/2024\/12\/Other-Agricultural-Gearboxes-480x560.webp 480w\" alt=\"Altri-cambi-agricoli\" width=\"1200\" height=\"1400\" title=\"\"><\/p>\n<p>Yazar: CX<\/p>","protected":false},"excerpt":{"rendered":"<p>Kare Balya Makinesi \u015eanz\u0131man\u0131 FMP-FK157 Boyutlar\u0131 Kare Balya Makinesi \u015eanz\u0131man\u0131 FMP-FK157 \u015eaft Boyutlar\u0131 Kare Balya Makinesi \u015eanz\u0131man\u0131 FMP-FK157 Teknik Verileri i Uygun Devir Giri\u015fi Devir \u00c7\u0131k\u0131\u015f\u0131 KW (Nominal) KW (Maks.) Di\u015fli Say\u0131s\u0131 dev\/dak dev\/dak hp hp H\u0131z Art\u0131\u015f\u0131 1:2,46 Saman do\u011fray\u0131c\u0131, vb. 540 1328,4 180 700 Gleason Helisel Di\u015fler H\u0131z Art\u0131\u015f\u0131 1:2,07 720 1190,4 180 700 Not: Herhangi bir sorunuz varsa [\u2026]<\/p>","protected":false},"featured_media":2626,"comment_status":"open","ping_status":"closed","template":"","meta":{"_et_pb_use_builder":"","_et_pb_old_content":"","_et_gb_content_width":""},"product_brand":[],"product_cat":[62],"product_tag":[],"class_list":{"0":"post-2622","1":"product","2":"type-product","3":"status-publish","4":"has-post-thumbnail","6":"product_cat-square-baler-gearbox","8":"first","9":"instock","10":"shipping-taxable","11":"product-type-simple"},"_links":{"self":[{"href":"https:\/\/fmp-components.com\/tr\/wp-json\/wp\/v2\/product\/2622","targetHints":{"allow":["GET"]}}],"collection":[{"href":"https:\/\/fmp-components.com\/tr\/wp-json\/wp\/v2\/product"}],"about":[{"href":"https:\/\/fmp-components.com\/tr\/wp-json\/wp\/v2\/types\/product"}],"replies":[{"embeddable":true,"href":"https:\/\/fmp-components.com\/tr\/wp-json\/wp\/v2\/comments?post=2622"}],"wp:featuredmedia":[{"embeddable":true,"href":"https:\/\/fmp-components.com\/tr\/wp-json\/wp\/v2\/media\/2626"}],"wp:attachment":[{"href":"https:\/\/fmp-components.com\/tr\/wp-json\/wp\/v2\/media?parent=2622"}],"wp:term":[{"taxonomy":"product_brand","embeddable":true,"href":"https:\/\/fmp-components.com\/tr\/wp-json\/wp\/v2\/product_brand?post=2622"},{"taxonomy":"product_cat","embeddable":true,"href":"https:\/\/fmp-components.com\/tr\/wp-json\/wp\/v2\/product_cat?post=2622"},{"taxonomy":"product_tag","embeddable":true,"href":"https:\/\/fmp-components.com\/tr\/wp-json\/wp\/v2\/product_tag?post=2622"}],"curies":[{"name":"wp","href":"https:\/\/api.w.org\/{rel}","templated":true}]}}