{"id":2610,"date":"2025-01-03T02:45:39","date_gmt":"2025-01-03T02:45:39","guid":{"rendered":"https:\/\/fmp-components.com\/?page_id=8"},"modified":"2025-01-03T02:51:12","modified_gmt":"2025-01-03T02:51:12","slug":"square-baler-gearbox-fmp-fk150","status":"publish","type":"product","link":"https:\/\/fmp-components.com\/tr\/product\/square-baler-gearbox-fmp-fk150\/","title":{"rendered":"Kare Balya Makinesi \u015eanz\u0131man FMP-FK150"},"content":{"rendered":"<p><img loading=\"lazy\" decoding=\"async\" class=\"size-full wp-image-2613 aligncenter\" src=\"https:\/\/fmp-components.com\/wp-content\/uploads\/2025\/01\/Square-Baler-Gearbox-FMP-FK1501.webp\" alt=\"Kare Balya Makinesi-Di\u015fli Kutusu-FMP-FK150(1)\" width=\"600\" height=\"600\" title=\"\" srcset=\"https:\/\/fmp-components.com\/wp-content\/uploads\/2025\/01\/Square-Baler-Gearbox-FMP-FK1501.webp 600w, https:\/\/fmp-components.com\/wp-content\/uploads\/2025\/01\/Square-Baler-Gearbox-FMP-FK1501-480x480.webp 480w\" sizes=\"(min-width: 0px) and (max-width: 480px) 480px, (min-width: 481px) 600px, 100vw\" \/><\/p>\n<h2>Kare Balya Makinesi \u015eanz\u0131man FMP-FK150 Boyutlar\u0131<\/h2>\n<p><img loading=\"lazy\" decoding=\"async\" class=\"alignnone size-full wp-image-2611\" src=\"https:\/\/fmp-components.com\/wp-content\/uploads\/2025\/01\/Square-Baler-Gearbox-FMP-FK150-Dimensions.webp\" alt=\"Kare Balya Makinesi \u015eanz\u0131man Kutusu FMP FK150 Boyutlar\u0131\" width=\"1335\" height=\"818\" title=\"\" srcset=\"https:\/\/fmp-components.com\/wp-content\/uploads\/2025\/01\/Square-Baler-Gearbox-FMP-FK150-Dimensions.webp 1335w, https:\/\/fmp-components.com\/wp-content\/uploads\/2025\/01\/Square-Baler-Gearbox-FMP-FK150-Dimensions-1280x784.webp 1280w, https:\/\/fmp-components.com\/wp-content\/uploads\/2025\/01\/Square-Baler-Gearbox-FMP-FK150-Dimensions-980x600.webp 980w, https:\/\/fmp-components.com\/wp-content\/uploads\/2025\/01\/Square-Baler-Gearbox-FMP-FK150-Dimensions-480x294.webp 480w\" sizes=\"(min-width: 0px) and (max-width: 480px) 480px, (min-width: 481px) and (max-width: 980px) 980px, (min-width: 981px) and (max-width: 1280px) 1280px, (min-width: 1281px) 1335px, 100vw\" \/><\/p>\n<h2>Kare Balya Makinesi \u015eanz\u0131man FMP-FK150 \u015eaft Boyutlar\u0131<\/h2>\n<p><img loading=\"lazy\" decoding=\"async\" class=\"alignnone size-full wp-image-2612\" src=\"https:\/\/fmp-components.com\/wp-content\/uploads\/2025\/01\/Square-Baler-Gearbox-FMP-FK150-Shaft-Dimensions.webp\" alt=\"Kare Balya Makinesi \u015eanz\u0131man Kutusu FMP FK150 \u015eaft Boyutlar\u0131\" width=\"1376\" height=\"417\" title=\"\" srcset=\"https:\/\/fmp-components.com\/wp-content\/uploads\/2025\/01\/Square-Baler-Gearbox-FMP-FK150-Shaft-Dimensions.webp 1376w, https:\/\/fmp-components.com\/wp-content\/uploads\/2025\/01\/Square-Baler-Gearbox-FMP-FK150-Shaft-Dimensions-1280x388.webp 1280w, https:\/\/fmp-components.com\/wp-content\/uploads\/2025\/01\/Square-Baler-Gearbox-FMP-FK150-Shaft-Dimensions-980x297.webp 980w, https:\/\/fmp-components.com\/wp-content\/uploads\/2025\/01\/Square-Baler-Gearbox-FMP-FK150-Shaft-Dimensions-480x145.webp 480w\" sizes=\"(min-width: 0px) and (max-width: 480px) 480px, (min-width: 481px) and (max-width: 980px) 980px, (min-width: 981px) and (max-width: 1280px) 1280px, (min-width: 1281px) 1376px, 100vw\" \/><\/p>\n<h2>Kare Balya Makinesi \u015eanz\u0131man FMP-FK150 Teknik Verileri<\/h2>\n<table style=\"width: 100.825%; height: 130px;\" border=\"1\" cellspacing=\"0\" cellpadding=\"0\">\n<tbody>\n<tr>\n<td colspan=\"2\" rowspan=\"2\">Ben<\/td>\n<td rowspan=\"2\">Uygun<\/td>\n<td>Rpm giri\u015fi<\/td>\n<td>Rpm \u00e7\u0131k\u0131\u015f\u0131<\/td>\n<td>KW(Nom)<\/td>\n<td>KW(Maks.)<\/td>\n<td rowspan=\"2\">Di\u015f \u00e7\u0131karma<\/td>\n<\/tr>\n<tr>\n<td>dev\/dak<\/td>\n<td>dev\/dak<\/td>\n<td>hp<\/td>\n<td>hp<\/td>\n<\/tr>\n<tr>\n<td>H\u0131z art\u0131\u015f\u0131<\/td>\n<td>1:2.07<\/td>\n<td>Kare Balya Makinesi vb.<\/td>\n<td>540<\/td>\n<td>1117.8<\/td>\n<td>120<\/td>\n<td>550<\/td>\n<td>Gleason D\u00fczl\u00fc\u011f\u00fc<br \/>\nDi\u015fler<\/td>\n<\/tr>\n<tr>\n<td colspan=\"8\">Not: Herhangi bir \u00f6zel iste\u011finiz varsa l\u00fctfen bana bildirin, \u00f6zel sipari\u015fleri de kabul ediyoruz.<\/td>\n<\/tr>\n<\/tbody>\n<\/table>\n<article class=\"w-full scroll-mb-[var(--thread-trailing-height,150px)] text-token-text-primary focus-visible:outline-2 focus-visible:outline-offset-[-4px]\" dir=\"auto\" data-testid=\"conversation-turn-26\" data-scroll-anchor=\"false\">\n<div class=\"m-auto text-base py-[18px] px-3 md:px-4 w-full md:px-5 lg:px-4 xl:px-5\">\n<div class=\"mx-auto flex flex-1 gap-4 text-base md:gap-5 lg:gap-6 md:max-w-3xl lg:max-w-[40rem] xl:max-w-[48rem]\">\n<div class=\"group\/conversation-turn relative flex w-full min-w-0 flex-col\">\n<div class=\"flex-col gap-1 md:gap-3\">\n<div class=\"flex max-w-full flex-col flex-grow\">\n<div class=\"min-h-8 text-message flex w-full flex-col items-end gap-2 whitespace-normal break-words text-start [.text-message+&amp;]:mt-5\" dir=\"auto\" data-message-author-role=\"user\" data-message-id=\"aaa2abf4-977c-48e0-ae16-b607cec7c331\">\n<div class=\"flex w-full flex-col gap-1 empty:hidden items-end rtl:items-start\">\n<div class=\"relative max-w-[var(--user-chat-width,70%)] rounded-3xl bg-token-message-surface px-5 py-2.5\">\n<h2 class=\"whitespace-pre-wrap\">Kare Balya Makinesi \u015eanz\u0131man FMP-FK150 Tasar\u0131m \u00d6zellikleri<\/h2>\n<\/div>\n<\/div>\n<\/div>\n<\/div>\n<\/div>\n<\/div>\n<\/div>\n<\/div>\n<\/article>\n<p>Kare Balya Makinesi \u015eanz\u0131man Kutusu FMP-FK150, \u00f6zellikle saman, ot, silaj ve di\u011fer mahsullerden kare balyalar olu\u015fturmak i\u00e7in tar\u0131m balyalama makinelerinin zorlu gereksinimlerini kar\u015f\u0131lamak \u00fczere \u00f6zel olarak tasarlanm\u0131\u015ft\u0131r. Tasar\u0131m\u0131, g\u00fcvenilir performans, dayan\u0131kl\u0131l\u0131k ve kullan\u0131m kolayl\u0131\u011f\u0131 sa\u011flamak i\u00e7in geli\u015fmi\u015f m\u00fchendislik \u00f6zelliklerini bir araya getirir. FMP-FK150 Kare Balya Makinesi \u015eanz\u0131man Kutusu'nun temel tasar\u0131m \u00f6zellikleri a\u015fa\u011f\u0131dad\u0131r:<\/p>\n<h4><strong>Y\u00fcksek Tork Kapasitesi<\/strong><\/h4>\n<ul>\n<li><strong>\u00d6zellik<\/strong>: FMP-FK150 \u015fanz\u0131man, y\u00fcksek tork seviyelerini kar\u015f\u0131layacak \u015fekilde tasarlanm\u0131\u015ft\u0131r ve bu sayede balyalama gibi zorlu tar\u0131m i\u015fleri i\u00e7in uygundur. Sa\u011flam i\u00e7 bile\u015fenleri, balyalama i\u015flemi s\u0131ras\u0131nda uygulanan a\u011f\u0131r kuvvetlere dayanacak \u015fekilde tasarlanm\u0131\u015ft\u0131r.<\/li>\n<li><strong>Fayda<\/strong>: Y\u00fck alt\u0131nda bile d\u00fczg\u00fcn ve verimli bir \u00e7al\u0131\u015fma sa\u011flayarak balya makinesinin performans sorunlar\u0131 veya bile\u015fen ar\u0131zas\u0131 riski olmadan yo\u011fun ve d\u00fczg\u00fcn balyalar olu\u015fturmas\u0131n\u0131 sa\u011flar.<\/li>\n<\/ul>\n<h4><strong>Hassas Di\u015fli Tasar\u0131m\u0131<\/strong><\/h4>\n<ul>\n<li><strong>\u00d6zellik<\/strong>FMP-FK150 \u015fanz\u0131man\u0131n di\u015flileri, p\u00fcr\u00fczs\u00fcz bir kavrama ve minimum a\u015f\u0131nma sa\u011flamak i\u00e7in hassas bir \u015fekilde tasarlanm\u0131\u015ft\u0131r. Y\u00fcksek kaliteli di\u015fliler, g\u00fc\u00e7 aktar\u0131m verimlili\u011fini optimize eder.<\/li>\n<li><strong>Fayda<\/strong>: Bu, enerji kayb\u0131n\u0131 azaltarak balyalama i\u015flemini daha verimli hale getirir ve i\u00e7 bile\u015fenlerdeki a\u015f\u0131nma ve y\u0131pranmay\u0131 azaltarak \u015fanz\u0131man\u0131n \u00f6mr\u00fcn\u00fc uzat\u0131r.<\/li>\n<\/ul>\n<h4><strong>A\u011f\u0131r Hizmet Tipi Muhafaza<\/strong><\/h4>\n<ul>\n<li><strong>\u00d6zellik<\/strong>: \u015eanz\u0131man, d\u00f6kme demir veya g\u00fc\u00e7lendirilmi\u015f ala\u015f\u0131mlar gibi y\u00fcksek kaliteli malzemelerden yap\u0131lm\u0131\u015f g\u00fc\u00e7l\u00fc ve dayan\u0131kl\u0131 bir kasaya yerle\u015ftirilmi\u015ftir.<\/li>\n<li><strong>Fayda<\/strong>: Sa\u011flam g\u00f6vde, i\u00e7 di\u015flileri d\u0131\u015f darbelerden ve zorlu tar\u0131m ortamlar\u0131ndan koruyarak uzun s\u00fcreli dayan\u0131kl\u0131l\u0131k ve g\u00fcvenilirlik sa\u011flar.<\/li>\n<\/ul>\n<h4><strong>Verimli Ya\u011flama Sistemi<\/strong><\/h4>\n<ul>\n<li><strong>\u00d6zellik<\/strong>: FMP-FK150, t\u00fcm hareketli par\u00e7alara e\u015fit ya\u011f da\u011f\u0131l\u0131m\u0131 sa\u011flayan verimli bir ya\u011flama sistemiyle tasarlanm\u0131\u015ft\u0131r. Bu sistem, optimum \u00e7al\u0131\u015fma s\u0131cakl\u0131klar\u0131n\u0131n korunmas\u0131na yard\u0131mc\u0131 olur ve s\u00fcrt\u00fcnmeyi en aza indirir.<\/li>\n<li><strong>Fayda<\/strong>:Geli\u015ftirilmi\u015f ya\u011flama sistemi, di\u015flilerdeki a\u015f\u0131nmay\u0131 azalt\u0131r, a\u015f\u0131r\u0131 \u0131s\u0131nma riskini d\u00fc\u015f\u00fcr\u00fcr ve \u015fanz\u0131man\u0131n \u00f6mr\u00fcn\u00fc, uzun s\u00fcreli \u00e7al\u0131\u015fmalarda bile uzat\u0131r.<\/li>\n<\/ul>\n<p>Kare Balya Makinesi \u015eanz\u0131man Kutusu FMP-FK150, zorlu tar\u0131m ko\u015fullar\u0131nda y\u00fcksek verimlilik, dayan\u0131kl\u0131l\u0131k ve kullan\u0131m kolayl\u0131\u011f\u0131 sa\u011flayan geli\u015fmi\u015f \u00f6zelliklerle tasarlanm\u0131\u015ft\u0131r. Y\u00fcksek tork kapasitesi, hassas m\u00fchendisli\u011fi ve dayan\u0131kl\u0131 g\u00f6vdesi, tutarl\u0131 ve y\u00fcksek kaliteli kare balyalar olu\u015fturmak i\u00e7in g\u00fcvenilir bir se\u00e7imdir. \u00c7ok y\u00f6nl\u00fc ve kompakt tasar\u0131m\u0131, \u00e7ok \u00e7e\u015fitli balya makineleri ve tar\u0131m ekipmanlar\u0131yla uyumlulu\u011fu garanti ederken, g\u00fcvenilirlik ve d\u00fc\u015f\u00fck bak\u0131m odakl\u0131 yap\u0131s\u0131 i\u015fletme maliyetlerini d\u00fc\u015f\u00fcrmeye ve verimlili\u011fi art\u0131rmaya yard\u0131mc\u0131 olur. \u0130ster saman, ister kuru ot, ister silaj veya di\u011fer uygulamalarda kullan\u0131ls\u0131n, FMP-FK150 \u015fanz\u0131man\u0131 modern tar\u0131m operasyonlar\u0131 i\u00e7in kritik bir bile\u015fendir.<\/p>\n<p><img loading=\"lazy\" decoding=\"async\" class=\"alignnone size-full wp-image-2588\" src=\"https:\/\/fmp-components.com\/wp-content\/uploads\/2025\/01\/FMP-FK215-Square-Baler-Gearbox-Applications-980x4831-1.webp\" alt=\"FMP-FK215-Kare Balya Makinesi-Di\u015fli Kutusu-Uygulamalar\u0131-980x483(1)\" width=\"980\" height=\"483\" title=\"\" srcset=\"https:\/\/fmp-components.com\/wp-content\/uploads\/2025\/01\/FMP-FK215-Square-Baler-Gearbox-Applications-980x4831-1.webp 980w, https:\/\/fmp-components.com\/wp-content\/uploads\/2025\/01\/FMP-FK215-Square-Baler-Gearbox-Applications-980x4831-1-480x237.webp 480w\" sizes=\"(min-width: 0px) and (max-width: 480px) 480px, (min-width: 481px) 980px, 100vw\" \/><\/p>\n<h3>Kare Balya Makinesi \u015eanz\u0131man FMP-FK150 Uygulama Alanlar\u0131<\/h3>\n<p>Kare Balya Makinesi \u015eanz\u0131man Kutusu FMP-FK150, \u00f6zellikle balyalama sistemleri olmak \u00fczere \u00e7e\u015fitli tar\u0131msal uygulamalarda kullan\u0131lmak \u00fczere \u00f6zel olarak tasarlanm\u0131\u015ft\u0131r. Sa\u011flam ve y\u00fcksek performansl\u0131 tasar\u0131m\u0131, onu \u00e7ok \u00e7e\u015fitli tar\u0131m makineleri ve operasyonlar\u0131 i\u00e7in uygun hale getirir. FMP-FK150 \u015fanz\u0131man\u0131n\u0131n \u00f6ne \u00e7\u0131kt\u0131\u011f\u0131 temel uygulama alanlar\u0131 a\u015fa\u011f\u0131dad\u0131r:<\/p>\n<h4><strong>Saman Balyalama<\/strong><\/h4>\n<ul>\n<li><strong>Ba\u015fvuru<\/strong>:FMP-FK150 \u015fanz\u0131man\u0131, hayvan yemi \u00fcretiminde kritik bir bile\u015fen olan kurutulmu\u015f ot veya saman\u0131n kare balyalar\u0131n\u0131 olu\u015fturmak i\u00e7in saman balyalama makinelerinde yayg\u0131n olarak kullan\u0131l\u0131r.<\/li>\n<li><strong>Fayda<\/strong>: \u015eanz\u0131man, balyalama mekanizmalar\u0131na etkili g\u00fc\u00e7 aktar\u0131m\u0131n\u0131 sa\u011flayarak, depolanmas\u0131 ve ta\u015f\u0131nmas\u0131 kolay, iyi bi\u00e7imlendirilmi\u015f, s\u0131k\u0131ca paketlenmi\u015f kare saman balyalar\u0131 elde edilmesini sa\u011flar.<\/li>\n<\/ul>\n<h4><strong>Saman Balyalama<\/strong><\/h4>\n<ul>\n<li><strong>Ba\u015fvuru<\/strong>Bu\u011fday, arpa ve yulaf gibi \u00fcr\u00fcnlerin yan \u00fcr\u00fcn\u00fc olan saman, genellikle hayvanlar i\u00e7in yatak malzemesi olarak veya kompostlama ve biyoenerji \u00fcretimi i\u00e7in balyalan\u0131r. FMP-FK150 di\u015fli kutusu bu uygulama i\u00e7in idealdir.<\/li>\n<li><strong>Fayda<\/strong>: Y\u00fcksek tork kapasitesi ve g\u00fcvenilir performans\u0131, balya makinesinin yo\u011fun veya sert samanla bile etkili bir \u015fekilde \u00e7al\u0131\u015fmas\u0131n\u0131 sa\u011flayarak g\u00fc\u00e7l\u00fc ve d\u00fczg\u00fcn balyalar \u00fcretmesini sa\u011flar.<\/li>\n<\/ul>\n<h4><strong>Silaj Balyalama<\/strong><\/h4>\n<ul>\n<li><strong>Ba\u015fvuru<\/strong>Silaj \u00fcretiminde, ot, m\u0131s\u0131r veya baklagiller gibi \u00fcr\u00fcnler besin de\u011ferlerini korumak i\u00e7in anaerobik ortamda balyalanarak depolan\u0131r. FMP-FK150 \u015fanz\u0131man, silaj balya makinelerinde kompakt, kapal\u0131 kare balyalar olu\u015fturmak i\u00e7in kullan\u0131labilir.<\/li>\n<li><strong>Fayda<\/strong>: \u015eanz\u0131man, nemli ve a\u011f\u0131r silaj\u0131n s\u0131k\u0131\u015ft\u0131r\u0131lmas\u0131 i\u00e7in gerekli torku sa\u011flayarak, depolanmas\u0131 ve muhafazas\u0131 kolay, y\u00fcksek yo\u011funluklu balyalar elde edilmesini sa\u011flar.<\/li>\n<\/ul>\n<h4><strong>Mahsul Art\u0131klar\u0131 Balyalama<\/strong><\/h4>\n<ul>\n<li><strong>Ba\u015fvuru<\/strong>: Hasattan sonra m\u0131s\u0131r sap\u0131, pamuk sap\u0131 ve di\u011fer bitkisel materyaller gibi \u00fcr\u00fcn art\u0131klar\u0131 genellikle biyoenerji \u00fcretiminde kullan\u0131lmak veya \u00e7e\u015fitli tar\u0131msal s\u00fcre\u00e7lerde hammadde olarak kullan\u0131lmak \u00fczere balyalan\u0131r.<\/li>\n<li><strong>Fayda<\/strong>: \u015eanz\u0131man, sert ve lifli \u00fcr\u00fcn art\u0131klar\u0131n\u0131n balyalanmas\u0131nda kar\u015f\u0131la\u015f\u0131lan y\u00fcksek talepleri kar\u015f\u0131layarak balyalar\u0131n s\u0131k\u0131ca paketlenmesini ve daha ileri i\u015fleme veya kullan\u0131ma uygun olmas\u0131n\u0131 sa\u011flar.<\/li>\n<\/ul>\n<p>Kare Balya Makinesi \u015eanz\u0131man Kutusu FMP-FK150, y\u00fcksek yo\u011funluklu kare balyalar\u0131n gerekli oldu\u011fu \u00e7ok \u00e7e\u015fitli tar\u0131msal uygulamalar i\u00e7in idealdir. \u0130ster saman, ister kuru ot, ister silaj veya \u00fcr\u00fcn art\u0131klar\u0131 olsun, \u015fanz\u0131man g\u00fcvenilir ve verimli bir performans sa\u011flayarak balyalama makinelerinin \u00e7al\u0131\u015fma verimlili\u011fini en \u00fcst d\u00fczeye \u00e7\u0131kar\u0131r. \u00c7ok y\u00f6nl\u00fcl\u00fc\u011f\u00fc, y\u00fcksek tork kapasitesi ve dayan\u0131kl\u0131l\u0131\u011f\u0131, ister k\u00fc\u00e7\u00fck aile \u00e7iftlikleri ister b\u00fcy\u00fck ticari i\u015fletmeler olsun, onu tar\u0131msal faaliyetler i\u00e7in de\u011ferli bir bile\u015fen haline getirir.<\/p>\n<table style=\"border-collapse: collapse; width: 99.3125%; height: 24px;\" border=\"0\" width=\"128\" cellspacing=\"0\" cellpadding=\"0\">\n<tbody>\n<tr style=\"height: 13.8pt;\">\n<td style=\"height: 13.8pt; width: 48pt;\" align=\"right\" width=\"64\" height=\"18\"><img loading=\"lazy\" decoding=\"async\" class=\"alignnone size-full wp-image-2615\" src=\"https:\/\/fmp-components.com\/wp-content\/uploads\/2025\/01\/Square-Baler-Gearbox-EP-FK150-Application-Area-1-1024x6861-1.webp\" alt=\"Kare Balya Makinesi Di\u015fli Kutusu EP FK150 Uygulama Alan\u0131 1 1024x686 (1)\" width=\"1024\" height=\"686\" title=\"\" srcset=\"https:\/\/fmp-components.com\/wp-content\/uploads\/2025\/01\/Square-Baler-Gearbox-EP-FK150-Application-Area-1-1024x6861-1.webp 1024w, https:\/\/fmp-components.com\/wp-content\/uploads\/2025\/01\/Square-Baler-Gearbox-EP-FK150-Application-Area-1-1024x6861-1-980x657.webp 980w, https:\/\/fmp-components.com\/wp-content\/uploads\/2025\/01\/Square-Baler-Gearbox-EP-FK150-Application-Area-1-1024x6861-1-480x322.webp 480w\" sizes=\"(min-width: 0px) and (max-width: 480px) 480px, (min-width: 481px) and (max-width: 980px) 980px, (min-width: 981px) 1024px, 100vw\" \/><\/td>\n<td style=\"width: 48pt;\" align=\"right\" width=\"64\"><img loading=\"lazy\" decoding=\"async\" class=\"alignnone size-full wp-image-2614\" src=\"https:\/\/fmp-components.com\/wp-content\/uploads\/2025\/01\/Square-Baler-Gearbox-EP-FK150-Application-Area-2-1024x6861-1.webp\" alt=\"Kare Balya Makinesi Di\u015fli Kutusu EP FK150 Uygulama Alan\u0131 2 1024x686 (1)\" width=\"1024\" height=\"686\" title=\"\" srcset=\"https:\/\/fmp-components.com\/wp-content\/uploads\/2025\/01\/Square-Baler-Gearbox-EP-FK150-Application-Area-2-1024x6861-1.webp 1024w, https:\/\/fmp-components.com\/wp-content\/uploads\/2025\/01\/Square-Baler-Gearbox-EP-FK150-Application-Area-2-1024x6861-1-980x657.webp 980w, https:\/\/fmp-components.com\/wp-content\/uploads\/2025\/01\/Square-Baler-Gearbox-EP-FK150-Application-Area-2-1024x6861-1-480x322.webp 480w\" sizes=\"(min-width: 0px) and (max-width: 480px) 480px, (min-width: 481px) and (max-width: 980px) 980px, (min-width: 981px) 1024px, 100vw\" \/><\/td>\n<\/tr>\n<\/tbody>\n<\/table>\n<h3>FMP Hakk\u0131nda<\/h3>\n<p>Merkezi \u0130talya'da bulunan FMP, \u00f6zellikle tar\u0131m makineleri sekt\u00f6r\u00fcne odaklanan y\u00fcksek performansl\u0131 di\u015fli kutular\u0131n\u0131n tasar\u0131m\u0131, geli\u015ftirilmesi ve \u00fcretimindeki uzmanl\u0131\u011f\u0131yla tan\u0131nan lider bir \u00fcreticidir. Hassas m\u00fchendislik, yenilik\u00e7i \u00e7\u00f6z\u00fcmler ve sars\u0131lmaz g\u00fcvenilirlik konusundaki itibar\u0131yla FMP, hem tar\u0131m hem de sanayi sekt\u00f6rlerinin de\u011fi\u015fen ihtiya\u00e7lar\u0131n\u0131 kar\u015f\u0131lamada g\u00fcvenilir bir ortak haline gelmi\u015ftir. Geni\u015f \u00fcr\u00fcn yelpazemiz, \u00e7im bi\u00e7me makineleri i\u00e7in \u00f6zel di\u015fli kutular\u0131, kuyruk mili milleri ve di\u011fer temel bile\u015fenleri i\u00e7erir ve hepsi geni\u015f bir uygulama yelpazesinde \u00f6zelle\u015ftirilmi\u015f \u00e7\u00f6z\u00fcmler sunmak \u00fczere titizlikle tasarlanm\u0131\u015ft\u0131r.<\/p>\n<p>FMP olarak, her m\u00fc\u015fterinin kendine \u00f6zg\u00fc gereksinimleri ve zorluklar\u0131 oldu\u011funun bilincindeyiz. Bu nedenle, ister bireysel bile\u015fenler ister tamamen entegre sistemler i\u00e7in olsun, \u00f6zel \u00e7\u00f6z\u00fcmler sunma konusunda uzmanla\u015f\u0131yoruz. M\u00fc\u015fterilerimizle yak\u0131n i\u015f birli\u011fi i\u00e7inde \u00e7al\u0131\u015farak her \u00e7\u00f6z\u00fcm\u00fcn yaln\u0131zca etkili de\u011fil, ayn\u0131 zamanda verimli olmas\u0131n\u0131, hem performans\u0131 hem de de\u011feri optimize etmesini sa\u011fl\u0131yoruz. H\u0131zl\u0131 ve profesyonel yan\u0131tlar sunma taahh\u00fcd\u00fcm\u00fcz ve uzman rehberli\u011fimiz, her sorunun en \u00fcst d\u00fczeyde \u00f6zen ve hassasiyetle ele al\u0131nmas\u0131n\u0131 ve m\u00fcmk\u00fcn olan en iyi sonu\u00e7lara ula\u015f\u0131lmas\u0131n\u0131 sa\u011flar.<\/p>\n<p>\u00dcr\u00fcn geli\u015ftirme s\u00fcrecinin tamam\u0131nda a\u00e7\u0131k ve s\u00fcrekli ileti\u015fime \u00f6ncelik veriyoruz. \u00d6zverili ekibimiz, m\u00fc\u015fterilerimizle do\u011frudan \u00e7al\u0131\u015farak \u00f6zel ihtiya\u00e7lar\u0131n\u0131 tam olarak anl\u0131yor ve en uygun \u00e7\u00f6z\u00fcmleri sa\u011flamak i\u00e7in de\u011ferli i\u00e7g\u00f6r\u00fcler ve \u00f6neriler sunuyor. \u0130ster yenilik\u00e7i \u00fcr\u00fcnler tasarl\u0131yor ister devam eden sipari\u015fleri kar\u015f\u0131l\u0131yor olun, FMP her seferinde zaman\u0131nda, y\u00fcksek kaliteli ve hassas m\u00fchendislik \u00e7\u00f6z\u00fcmleri sunmaya kendini adam\u0131\u015ft\u0131r. Amac\u0131m\u0131z, m\u00fc\u015fterilerimize en iyi hizmeti ve sonu\u00e7lar\u0131 sunarak her projede beklentileri a\u015fmakt\u0131r.<\/p>\n<p>Kalite, FMP'nin faaliyetlerinin temel ta\u015f\u0131d\u0131r. En y\u00fcksek \u00fcretim standartlar\u0131na ba\u011fl\u0131 kalarak, her \u00fcr\u00fcn\u00fcn sekt\u00f6r standartlar\u0131n\u0131 kar\u015f\u0131lamas\u0131n\u0131 ve hatta a\u015fmas\u0131n\u0131 sa\u011flamak i\u00e7in s\u0131k\u0131 kalite kontrol \u00f6nlemleri uyguluyoruz. Kaliteye olan bu sars\u0131lmaz ba\u011fl\u0131l\u0131\u011f\u0131m\u0131z, d\u00fcr\u00fcstl\u00fck, ekip \u00e7al\u0131\u015fmas\u0131 ve azim gibi temel de\u011ferlerimizle birle\u015ferek, d\u00fcnya \u00e7ap\u0131nda yakla\u015f\u0131k 30 \u00fclkedeki m\u00fc\u015fterilerimizle uzun s\u00fcreli, g\u00fcvene dayal\u0131 ili\u015fkiler kurmam\u0131z\u0131 sa\u011flam\u0131\u015ft\u0131r.<\/p>\n<p>FMP, k\u00fcresel ortakl\u0131klara her zaman a\u00e7\u0131k olup, m\u00fc\u015fterilerimizin \u00e7e\u015fitli ihtiya\u00e7lar\u0131n\u0131 kar\u015f\u0131layan uzman tavsiyeleri ve \u00f6zelle\u015ftirilmi\u015f \u00e7\u00f6z\u00fcmler sunmaya kendini adam\u0131\u015ft\u0131r. Sadece \u00fcr\u00fcn tedarik etmenin \u00f6tesine ge\u00e7erek, her projenin ba\u015far\u0131s\u0131na katk\u0131da bulunan kal\u0131c\u0131 ili\u015fkiler kurmay\u0131 hedefliyoruz. \u0130ster yeni bir giri\u015fim i\u00e7in yenilik\u00e7i \u00e7\u00f6z\u00fcmlere, ister mevcut bir sistem i\u00e7in s\u00fcrekli deste\u011fe ihtiyac\u0131n\u0131z olsun, FMP teknik zorluklar\u0131n\u0131z\u0131n \u00fcstesinden gelmek ve ba\u015far\u0131n\u0131z\u0131n devam\u0131n\u0131 sa\u011flamak i\u00e7in burada.<\/p>\n<p><img loading=\"lazy\" decoding=\"async\" class=\"alignnone size-full wp-image-1861\" src=\"https:\/\/fmp-components.com\/wp-content\/uploads\/2024\/12\/Other-Agricultural-Gearboxes.webp\" sizes=\"(min-width: 0px) and (max-width: 480px) 480px, (min-width: 481px) and (max-width: 980px) 980px, (min-width: 981px) 1200px, 100vw\" srcset=\"https:\/\/fmp-components.com\/wp-content\/uploads\/2024\/12\/Other-Agricultural-Gearboxes.webp 1200w, https:\/\/fmp-components.com\/wp-content\/uploads\/2024\/12\/Other-Agricultural-Gearboxes-980x1143.webp 980w, https:\/\/fmp-components.com\/wp-content\/uploads\/2024\/12\/Other-Agricultural-Gearboxes-480x560.webp 480w\" alt=\"Altri-cambi-agricoli\" width=\"1200\" height=\"1400\" title=\"\"><\/p>\n<p>Yazar: CX<\/p>","protected":false},"excerpt":{"rendered":"<p>Square Baler Gearbox FMP-FK150 Dimensions Square Baler Gearbox FMP-FK150 Shaft Dimensions Square Baler Gearbox FMP-FK150 Technical Data i Suitable Rpm input Rpm output KW(Nom) KW(Max) Toothing r\/min r\/min hp hp Speed increase 1:2.07 Square Baler, etc 540 1117.8 120 550 Gleason Straight Teeth Remark: If you have any special require feel free let me know, [&hellip;]<\/p>","protected":false},"featured_media":2613,"comment_status":"open","ping_status":"closed","template":"","meta":{"_et_pb_use_builder":"","_et_pb_old_content":"","_et_gb_content_width":""},"product_brand":[],"product_cat":[62],"product_tag":[],"class_list":{"0":"post-2610","1":"product","2":"type-product","3":"status-publish","4":"has-post-thumbnail","6":"product_cat-square-baler-gearbox","8":"first","9":"instock","10":"shipping-taxable","11":"product-type-simple"},"_links":{"self":[{"href":"https:\/\/fmp-components.com\/tr\/wp-json\/wp\/v2\/product\/2610","targetHints":{"allow":["GET"]}}],"collection":[{"href":"https:\/\/fmp-components.com\/tr\/wp-json\/wp\/v2\/product"}],"about":[{"href":"https:\/\/fmp-components.com\/tr\/wp-json\/wp\/v2\/types\/product"}],"replies":[{"embeddable":true,"href":"https:\/\/fmp-components.com\/tr\/wp-json\/wp\/v2\/comments?post=2610"}],"wp:featuredmedia":[{"embeddable":true,"href":"https:\/\/fmp-components.com\/tr\/wp-json\/wp\/v2\/media\/2613"}],"wp:attachment":[{"href":"https:\/\/fmp-components.com\/tr\/wp-json\/wp\/v2\/media?parent=2610"}],"wp:term":[{"taxonomy":"product_brand","embeddable":true,"href":"https:\/\/fmp-components.com\/tr\/wp-json\/wp\/v2\/product_brand?post=2610"},{"taxonomy":"product_cat","embeddable":true,"href":"https:\/\/fmp-components.com\/tr\/wp-json\/wp\/v2\/product_cat?post=2610"},{"taxonomy":"product_tag","embeddable":true,"href":"https:\/\/fmp-components.com\/tr\/wp-json\/wp\/v2\/product_tag?post=2610"}],"curies":[{"name":"wp","href":"https:\/\/api.w.org\/{rel}","templated":true}]}}