{"id":2597,"date":"2025-01-03T02:08:14","date_gmt":"2025-01-03T02:08:14","guid":{"rendered":"https:\/\/fmp-components.com\/?page_id=8"},"modified":"2025-01-03T02:08:14","modified_gmt":"2025-01-03T02:08:14","slug":"square-baler-gearbox-fmp-fk270","status":"publish","type":"product","link":"https:\/\/fmp-components.com\/tr\/product\/square-baler-gearbox-fmp-fk270\/","title":{"rendered":"Kare Balya Makinesi \u015eanz\u0131man FMP-FK270"},"content":{"rendered":"<p><img loading=\"lazy\" decoding=\"async\" class=\"size-full wp-image-2600 aligncenter\" src=\"https:\/\/fmp-components.com\/wp-content\/uploads\/2025\/01\/Square-Baler-Gearbox-FMP-FK2701.webp\" alt=\"Kare Balya Makinesi-Di\u015fli Kutusu-FMP-FK270(1)\" width=\"600\" height=\"600\" title=\"\" srcset=\"https:\/\/fmp-components.com\/wp-content\/uploads\/2025\/01\/Square-Baler-Gearbox-FMP-FK2701.webp 600w, https:\/\/fmp-components.com\/wp-content\/uploads\/2025\/01\/Square-Baler-Gearbox-FMP-FK2701-480x480.webp 480w\" sizes=\"(min-width: 0px) and (max-width: 480px) 480px, (min-width: 481px) 600px, 100vw\" \/><\/p>\n<h2>Kare Balya Makinesi \u015eanz\u0131man\u0131 FMP-FK270 Boyutlar\u0131<\/h2>\n<p><img loading=\"lazy\" decoding=\"async\" class=\"alignnone size-full wp-image-2598\" src=\"https:\/\/fmp-components.com\/wp-content\/uploads\/2025\/01\/Square-Baler-Gearbox-FMP-FK270-Dimensions.webp\" alt=\"Kare Balya Makinesi \u015eanz\u0131man\u0131-FMP-FK270-Boyutlar\u0131\" width=\"1391\" height=\"899\" title=\"\" srcset=\"https:\/\/fmp-components.com\/wp-content\/uploads\/2025\/01\/Square-Baler-Gearbox-FMP-FK270-Dimensions.webp 1391w, https:\/\/fmp-components.com\/wp-content\/uploads\/2025\/01\/Square-Baler-Gearbox-FMP-FK270-Dimensions-1280x827.webp 1280w, https:\/\/fmp-components.com\/wp-content\/uploads\/2025\/01\/Square-Baler-Gearbox-FMP-FK270-Dimensions-980x633.webp 980w, https:\/\/fmp-components.com\/wp-content\/uploads\/2025\/01\/Square-Baler-Gearbox-FMP-FK270-Dimensions-480x310.webp 480w\" sizes=\"(min-width: 0px) and (max-width: 480px) 480px, (min-width: 481px) and (max-width: 980px) 980px, (min-width: 981px) and (max-width: 1280px) 1280px, (min-width: 1281px) 1391px, 100vw\" \/><\/p>\n<h2>Kare Balya Makinesi \u015eanz\u0131man\u0131 FMP-FK270 \u015eaft \u00d6l\u00e7\u00fcleri<\/h2>\n<p><img loading=\"lazy\" decoding=\"async\" class=\"alignnone size-full wp-image-2599\" src=\"https:\/\/fmp-components.com\/wp-content\/uploads\/2025\/01\/Square-Baler-Gearbox-EP-FK270-Shaft-Dimensions.webp\" alt=\"Kare Balya Makinesi \u015eanz\u0131man-FMP-FK270-\u015eaft-Boyutlar\u0131\" width=\"1363\" height=\"413\" title=\"\" srcset=\"https:\/\/fmp-components.com\/wp-content\/uploads\/2025\/01\/Square-Baler-Gearbox-EP-FK270-Shaft-Dimensions.webp 1363w, https:\/\/fmp-components.com\/wp-content\/uploads\/2025\/01\/Square-Baler-Gearbox-EP-FK270-Shaft-Dimensions-1280x388.webp 1280w, https:\/\/fmp-components.com\/wp-content\/uploads\/2025\/01\/Square-Baler-Gearbox-EP-FK270-Shaft-Dimensions-980x297.webp 980w, https:\/\/fmp-components.com\/wp-content\/uploads\/2025\/01\/Square-Baler-Gearbox-EP-FK270-Shaft-Dimensions-480x145.webp 480w\" sizes=\"(min-width: 0px) and (max-width: 480px) 480px, (min-width: 481px) and (max-width: 980px) 980px, (min-width: 981px) and (max-width: 1280px) 1280px, (min-width: 1281px) 1363px, 100vw\" \/><\/p>\n<h2>Kare Balya Makinesi \u015eanz\u0131man FMP-FK270 Teknik Verileri<\/h2>\n<table style=\"width: 97.1951%; height: 150px;\" border=\"1\" cellspacing=\"0\" cellpadding=\"0\">\n<tbody>\n<tr>\n<td colspan=\"2\" rowspan=\"2\">Ben<\/td>\n<td rowspan=\"2\">Uygun<\/td>\n<td>Rpm giri\u015fi<\/td>\n<td>Rpm \u00e7\u0131k\u0131\u015f\u0131<\/td>\n<td>KW(Nom)<\/td>\n<td>KW(Maks.)<\/td>\n<td rowspan=\"2\">Di\u015f \u00e7\u0131karma<\/td>\n<\/tr>\n<tr>\n<td>dev\/dak<\/td>\n<td>dev\/dak<\/td>\n<td>hp<\/td>\n<td>hp<\/td>\n<\/tr>\n<tr>\n<td>Yava\u015flamak<\/td>\n<td>1:1<\/td>\n<td>Kare Balya Makinesi vb.<\/td>\n<td>540<\/td>\n<td>540<\/td>\n<td>120<\/td>\n<td>140<\/td>\n<td>Gleason D\u00fczl\u00fc\u011f\u00fc<br \/>\nDi\u015fler<\/td>\n<\/tr>\n<tr>\n<td colspan=\"8\">Not: Herhangi bir \u00f6zel iste\u011finiz varsa l\u00fctfen bana bildirin, \u00f6zel sipari\u015fleri de kabul ediyoruz.<\/td>\n<\/tr>\n<\/tbody>\n<\/table>\n<h2>Kare Balya Makinesi \u015eanz\u0131man\u0131 FMP-FK270'in \u00d6zellikleri<\/h2>\n<p>FMP-FK270 Kare Balya Makinesi \u015eanz\u0131man\u0131, tar\u0131msal balya makinelerinde kullan\u0131lmak \u00fczere tasarlanm\u0131\u015f y\u00fcksek performansl\u0131 bir \u015fanz\u0131mand\u0131r. Modern tar\u0131m i\u015flemlerinin zorlu gereksinimlerini kar\u015f\u0131lamak \u00fczere tasarlanm\u0131\u015ft\u0131r ve trakt\u00f6r\u00fcn PTO'sundan (G\u00fc\u00e7 \u00c7\u0131k\u0131\u015f\u0131) kare balya makinesinin \u00e7e\u015fitli bile\u015fenlerine sorunsuz ve verimli g\u00fc\u00e7 aktar\u0131m\u0131 sa\u011flar. A\u015fa\u011f\u0131da FMP-FK270 Kare Balya Makinesi \u015eanz\u0131man\u0131n\u0131n temel \u00f6zellikleri yer almaktad\u0131r:<\/p>\n<ol>\n<li><strong>Y\u00fcksek Tork Ta\u015f\u0131ma Kapasitesi<\/strong>\n<ul>\n<li>The <strong>FMP-FK270<\/strong> Kare balya makinelerinin verimli \u00e7al\u0131\u015fmas\u0131 i\u00e7in gerekli olan y\u00fcksek tork y\u00fcklerini kald\u0131racak \u015fekilde tasarlanm\u0131\u015ft\u0131r. Bu sayede balya makinesi, saman, sap ve mahsul art\u0131klar\u0131 gibi malzemeleri s\u0131k\u0131\u015ft\u0131rma ve ba\u011flama gibi g\u00f6revleri minimum g\u00fc\u00e7 kayb\u0131yla ger\u00e7ekle\u015ftirebilir.<\/li>\n<\/ul>\n<\/li>\n<li><strong>Verimli G\u00fc\u00e7 Aktar\u0131m\u0131<\/strong>\n<ul>\n<li>Bu \u015fanz\u0131man, trakt\u00f6r\u00fcn PTO \u015faft\u0131ndan balya makinesinin toplama mekanizmas\u0131, besleme sistemi, s\u0131k\u0131\u015ft\u0131rma haznesi ve d\u00fc\u011f\u00fcmleme sistemi gibi \u00e7al\u0131\u015fma bile\u015fenlerine g\u00fcc\u00fc etkili bir \u015fekilde aktar\u0131r. Verimli g\u00fc\u00e7 aktar\u0131m\u0131, t\u00fcm bile\u015fenlerin maksimum performans i\u00e7in senkronize bir \u015fekilde \u00e7al\u0131\u015fmas\u0131n\u0131 sa\u011flar.<\/li>\n<\/ul>\n<\/li>\n<li><strong>Sorunsuz \u00c7al\u0131\u015fma \u0130\u00e7in Hassas M\u00fchendislik<\/strong>\n<ul>\n<li>Hassas m\u00fchendislikle \u00fcretilmi\u015f di\u015flilerle in\u015fa edilen <strong>FMP-FK270<\/strong> Sorunsuz ve sessiz \u00e7al\u0131\u015fma sa\u011flar. \u00d6zenle tasarlanm\u0131\u015f di\u015fli oranlar\u0131, balya makinesinin performans\u0131n\u0131 optimize etmeye yard\u0131mc\u0131 olarak her ko\u015fulda g\u00fcvenilir ve tutarl\u0131 \u00e7al\u0131\u015fma sa\u011flar.<\/li>\n<\/ul>\n<\/li>\n<li><strong>Dayan\u0131kl\u0131 Yap\u0131<\/strong>\n<ul>\n<li>Di\u015fli kutusu, a\u015f\u0131nmaya, darbelere ve \u00e7evresel etkenlere dayan\u0131kl\u0131 y\u00fcksek kaliteli malzemelerden \u00fcretilmi\u015ftir. Sa\u011flam yap\u0131s\u0131, di\u015fli kutusunun tar\u0131m ortam\u0131n\u0131n zorlu ko\u015fullar\u0131na dayanabilmesini ve uzun \u00f6m\u00fcrl\u00fc bir hizmet sunmas\u0131n\u0131 sa\u011flar.<\/li>\n<\/ul>\n<\/li>\n<li><strong>\u00c7e\u015fitli Uygulamalar \u0130\u00e7in \u00d6zelle\u015ftirilebilir<\/strong>\n<ul>\n<li>The <strong>FMP-FK270<\/strong> \u015eanz\u0131man \u00e7ok y\u00f6nl\u00fcd\u00fcr ve farkl\u0131 balya makinesi modellerinin ve tar\u0131msal uygulamalar\u0131n \u00f6zel gereksinimlerini kar\u015f\u0131layacak \u015fekilde \u00f6zelle\u015ftirilebilir. Farkl\u0131 \u00fcr\u00fcn t\u00fcrlerine, balya makinesi kapasitelerine ve \u00e7al\u0131\u015fma ko\u015fullar\u0131na uyacak \u015fekilde ayarlanabilir ve her g\u00f6rev i\u00e7in optimum performans sa\u011flar.<\/li>\n<\/ul>\n<\/li>\n<\/ol>\n<p>FMP-FK270 Kare Balya Makinesi \u015eanz\u0131man\u0131, tar\u0131msal balya makineleri i\u00e7in \u00f6zel olarak tasarlanm\u0131\u015f, sa\u011flam ve y\u00fcksek performansl\u0131 bir \u015fanz\u0131mand\u0131r. Y\u00fcksek tork kapasitesi, dayan\u0131kl\u0131 yap\u0131s\u0131, enerji verimlili\u011fi ve kolay bak\u0131m\u0131yla, kare balya makinelerinin verimlili\u011fini ve g\u00fcvenilirli\u011fini art\u0131rmak isteyen \u00e7ift\u00e7iler i\u00e7in ideal bir se\u00e7imdir. \u0130ster saman, ister ot veya di\u011fer yem malzemeleri olsun, FMP-FK270 balyalama i\u015fleminin sorunsuz ve verimli bir \u015fekilde ger\u00e7ekle\u015fmesini sa\u011flayarak tar\u0131msal faaliyetlerin ba\u015far\u0131s\u0131na katk\u0131da bulunur.<\/p>\n<p><img loading=\"lazy\" decoding=\"async\" class=\"alignnone size-full wp-image-2601\" src=\"https:\/\/fmp-components.com\/wp-content\/uploads\/2025\/01\/Square-Baler-Gearbox-EP-FK270-Installation-and-Maintenance1.webp\" alt=\"Kare Balya Makinesi \u015eanz\u0131man\u0131-FMP-FK270-Kurulum-ve-Bak\u0131m(1)\" width=\"1000\" height=\"500\" title=\"\" srcset=\"https:\/\/fmp-components.com\/wp-content\/uploads\/2025\/01\/Square-Baler-Gearbox-EP-FK270-Installation-and-Maintenance1.webp 1000w, https:\/\/fmp-components.com\/wp-content\/uploads\/2025\/01\/Square-Baler-Gearbox-EP-FK270-Installation-and-Maintenance1-980x490.webp 980w, https:\/\/fmp-components.com\/wp-content\/uploads\/2025\/01\/Square-Baler-Gearbox-EP-FK270-Installation-and-Maintenance1-480x240.webp 480w\" sizes=\"(min-width: 0px) and (max-width: 480px) 480px, (min-width: 481px) and (max-width: 980px) 980px, (min-width: 981px) 1000px, 100vw\" \/><\/p>\n<h2>Kare Balya Makinesi \u015eanz\u0131man\u0131 FMP-FK270'in Uygulamalar\u0131<\/h2>\n<p>FMP-FK270 Kare Balya Makinesi \u015eanz\u0131man\u0131, \u00e7e\u015fitli \u00fcr\u00fcn balyalama i\u015flemlerinde kullan\u0131lan kare balya makinelerine g\u00fc\u00e7 sa\u011flamak \u00fczere tasarlanm\u0131\u015f, tar\u0131m makinelerinde kritik bir bile\u015fendir. Y\u00fcksek tork kapasitesi, dayan\u0131kl\u0131l\u0131k ve verimli g\u00fc\u00e7 aktar\u0131m\u0131 gibi \u00f6zellikleri, onu \u00e7e\u015fitli tar\u0131m uygulamalar\u0131 i\u00e7in son derece uygun hale getirir. A\u015fa\u011f\u0131da FMP-FK270 Kare Balya Makinesi \u015eanz\u0131man\u0131n\u0131n ba\u015fl\u0131ca uygulama alanlar\u0131 yer almaktad\u0131r:<\/p>\n<p>1. <strong>Saman Balyalama<\/strong><\/p>\n<ul>\n<li><strong>Birincil Uygulama<\/strong>FMP-FK270, gev\u015fek saman\u0131 verimli bir \u015fekilde s\u0131k\u0131\u015ft\u0131r\u0131p s\u0131k\u0131ca ba\u011flanm\u0131\u015f balyalar haline getirmeye yard\u0131mc\u0131 oldu\u011fu saman balyalama i\u015flemlerinde yayg\u0131n olarak kullan\u0131lmaktad\u0131r. Y\u00fcksek tork iletebilme \u00f6zelli\u011fi, yo\u011fun ve kuru saman\u0131n bile etkili bir \u015fekilde i\u015flenmesini sa\u011flayarak, d\u00fczg\u00fcn ve kullan\u0131m\u0131 kolay balyalar \u00fcretilmesine olanak tan\u0131r.<\/li>\n<li><strong>Faydalar<\/strong>Y\u00fcksek kaliteli, depolanmas\u0131 ve ta\u015f\u0131nmas\u0131 kolay balyalar elde edilmesini sa\u011flar ve samanlar\u0131n besin de\u011ferini koruyarak hayvan yeminde kullan\u0131lmas\u0131n\u0131 m\u00fcmk\u00fcn k\u0131lar.<\/li>\n<\/ul>\n<p>2. <strong>Saman Balyalama<\/strong><\/p>\n<ul>\n<li>The <strong>FMP-FK270<\/strong> Di\u015fli kutusu, \u00f6zellikle bu\u011fday, arpa veya di\u011fer tah\u0131l \u00fcr\u00fcnleri hasat edildikten sonra kullan\u0131lan saman balyalama i\u015flemi i\u00e7in vazge\u00e7ilmezdir. Saman\u0131n s\u0131k\u0131\u015ft\u0131r\u0131lm\u0131\u015f balyalar haline getirilmesine yard\u0131mc\u0131 olur ve bu balyalar daha sonra yatakl\u0131k, hayvan yemi veya hatta biyoyak\u0131t \u00fcretimi i\u00e7in hammadde olarak kullan\u0131labilir.<\/li>\n<li><strong>Faydalar<\/strong>\u015eanz\u0131man, performanstan \u00f6d\u00fcn vermeden saman liflerinin ve sert yap\u0131s\u0131n\u0131n \u00fcstesinden gelerek g\u00fcvenilir g\u00fc\u00e7 aktar\u0131m\u0131 ve dayan\u0131kl\u0131l\u0131k sa\u011flar.<\/li>\n<\/ul>\n<p>3. <strong>Silaj Balyalama<\/strong><\/p>\n<ul>\n<li><strong>Silaj<\/strong> Silaj, yem bitkilerinin (m\u0131s\u0131r veya yonca gibi) balyalar halinde s\u0131k\u0131\u015ft\u0131r\u0131lmas\u0131 ve hayvan yemi olarak fermente edilmesiyle yap\u0131l\u0131r. FMP-FK270 \u015fanz\u0131man\u0131, \u0131slak ve yo\u011fun malzemeleri i\u015fleyebilme \u00f6zelli\u011fi sayesinde silaj balyalama i\u00e7in olduk\u00e7a uygundur ve zorlu ko\u015fullar alt\u0131nda bile tutarl\u0131 balya olu\u015fumu sa\u011flar.<\/li>\n<li><strong>Faydalar<\/strong>\u015eanz\u0131man\u0131n so\u011futma ve ya\u011flama sistemleri, silaj balyalama i\u015fleminin y\u00fcksek nemli ortam\u0131nda bile sorunsuz \u00e7al\u0131\u015fmay\u0131 sa\u011flayarak a\u015f\u0131r\u0131 \u0131s\u0131nma riskini azalt\u0131r ve verimlili\u011fi korur.<\/li>\n<\/ul>\n<p>4. <strong>Mahsul Art\u0131klar\u0131 Balyalama<\/strong><\/p>\n<ul>\n<li>The <strong>FMP-FK270<\/strong> Di\u015fli kutusu, ana \u00fcr\u00fcn hasat edildikten sonra kalan bitki materyalinin toplanmas\u0131 ve s\u0131k\u0131\u015ft\u0131r\u0131lmas\u0131n\u0131 i\u00e7eren mahsul art\u0131\u011f\u0131 balyalama i\u015flemi i\u00e7in idealdir. Bu i\u015flem, m\u0131s\u0131r sap\u0131, bu\u011fday saman\u0131, pirin\u00e7 kabu\u011fu ve di\u011fer yan \u00fcr\u00fcnler gibi art\u0131klar i\u00e7in yayg\u0131nd\u0131r.<\/li>\n<li><strong>Faydalar<\/strong>Sa\u011flam tasar\u0131m\u0131 sayesinde di\u015fli kutusu, \u00e7e\u015fitli ve \u00e7o\u011fu zaman zorlu olan tar\u0131m art\u0131klar\u0131n\u0131 i\u015fleyerek, depolama veya biyoenerji \u00fcretiminde daha fazla kullan\u0131m i\u00e7in de\u011ferli yan \u00fcr\u00fcnlere d\u00f6n\u00fc\u015ft\u00fcr\u00fcr.<\/li>\n<\/ul>\n<p>5. <strong>Yonca Balyalama<\/strong><\/p>\n<ul>\n<li>Y\u00fcksek proteinli bir yem bitkisi olan yonca, genellikle hayvan yemi olarak kullan\u0131lmak \u00fczere balyalan\u0131r. FMP-FK270 di\u015fli kutusu, yoncan\u0131n hassas ancak yo\u011fun yap\u0131s\u0131n\u0131 verimli bir \u015fekilde i\u015fleyerek, bitkinin besin de\u011ferini koruyan tutarl\u0131 ve s\u0131k\u0131 balyalar elde edilmesini sa\u011flar.<\/li>\n<li><strong>Faydalar<\/strong>Di\u015fli kutusu, hayvan yemi olarak depolanan yoncan\u0131n kalitesinin korunmas\u0131 i\u00e7in kritik \u00f6neme sahip olan homojen balya yo\u011funlu\u011funu sa\u011flar.<\/li>\n<\/ul>\n<p>FMP-FK270 Kare Balya Makinesi \u015eanz\u0131man\u0131, saman ve ot balyalamas\u0131ndan biyoenerji \u00fcretimine kadar \u00e7e\u015fitli tar\u0131msal uygulamalar i\u00e7in vazge\u00e7ilmez bir bile\u015fendir. Y\u00fcksek tork kapasitesi, verimli g\u00fc\u00e7 aktar\u0131m\u0131 ve dayan\u0131kl\u0131l\u0131\u011f\u0131n\u0131n birle\u015fimi, \u00e7e\u015fitli tar\u0131m ortamlar\u0131nda geni\u015f bir yelpazedeki balyalama g\u00f6revlerini yerine getirebilmesini sa\u011flar. \u0130ster k\u00fc\u00e7\u00fck \u00e7iftlikler ister b\u00fcy\u00fck \u00f6l\u00e7ekli tar\u0131m i\u015fletmeleri i\u00e7in olsun, FMP-FK270 \u015fanz\u0131man\u0131 verimlili\u011fi art\u0131rmak, ar\u0131za s\u00fcrelerini azaltmak ve g\u00fcvenilir performans sa\u011flamak \u00fczere tasarlanm\u0131\u015ft\u0131r.<\/p>\n<table style=\"border-collapse: collapse; width: 97.125%; height: 33px;\" border=\"0\" width=\"128\" cellspacing=\"0\" cellpadding=\"0\">\n<tbody>\n<tr style=\"height: 13.8pt;\">\n<td style=\"height: 13.8pt; width: 48pt;\" align=\"right\" width=\"64\" height=\"18\"><img loading=\"lazy\" decoding=\"async\" class=\"alignnone size-full wp-image-2602\" src=\"https:\/\/fmp-components.com\/wp-content\/uploads\/2025\/01\/Square-Baler-Gearbox-EP-FK270-Applications-21.webp\" alt=\"Square-Baler-Gearbox-FMP-FK270-Applications-2\" width=\"1024\" height=\"669\" title=\"\" srcset=\"https:\/\/fmp-components.com\/wp-content\/uploads\/2025\/01\/Square-Baler-Gearbox-EP-FK270-Applications-21.webp 1024w, https:\/\/fmp-components.com\/wp-content\/uploads\/2025\/01\/Square-Baler-Gearbox-EP-FK270-Applications-21-980x640.webp 980w, https:\/\/fmp-components.com\/wp-content\/uploads\/2025\/01\/Square-Baler-Gearbox-EP-FK270-Applications-21-480x314.webp 480w\" sizes=\"(min-width: 0px) and (max-width: 480px) 480px, (min-width: 481px) and (max-width: 980px) 980px, (min-width: 981px) 1024px, 100vw\" \/><\/td>\n<td style=\"width: 48pt;\" align=\"right\" width=\"64\"><img loading=\"lazy\" decoding=\"async\" class=\"alignnone size-full wp-image-2603\" src=\"https:\/\/fmp-components.com\/wp-content\/uploads\/2025\/01\/Square-Baler-Gearbox-EP-FK270-Applications-11.webp\" alt=\"Kare Balya Makinesi \u015eanz\u0131man\u0131-FMP-FK270-Uygulamalar\u0131-\" width=\"1024\" height=\"669\" title=\"\" srcset=\"https:\/\/fmp-components.com\/wp-content\/uploads\/2025\/01\/Square-Baler-Gearbox-EP-FK270-Applications-11.webp 1024w, https:\/\/fmp-components.com\/wp-content\/uploads\/2025\/01\/Square-Baler-Gearbox-EP-FK270-Applications-11-980x640.webp 980w, https:\/\/fmp-components.com\/wp-content\/uploads\/2025\/01\/Square-Baler-Gearbox-EP-FK270-Applications-11-480x314.webp 480w\" sizes=\"(min-width: 0px) and (max-width: 480px) 480px, (min-width: 481px) and (max-width: 980px) 980px, (min-width: 981px) 1024px, 100vw\" \/><\/td>\n<\/tr>\n<\/tbody>\n<\/table>\n<h3>FMP Hakk\u0131nda<\/h3>\n<p>Merkezi \u0130talya'da bulunan FMP, \u00f6zellikle tar\u0131m makineleri sekt\u00f6r\u00fcne odaklanan y\u00fcksek performansl\u0131 di\u015fli kutular\u0131n\u0131n tasar\u0131m\u0131, geli\u015ftirilmesi ve \u00fcretimindeki uzmanl\u0131\u011f\u0131yla tan\u0131nan lider bir \u00fcreticidir. Hassas m\u00fchendislik, yenilik\u00e7i \u00e7\u00f6z\u00fcmler ve sars\u0131lmaz g\u00fcvenilirlik konusundaki itibar\u0131yla FMP, hem tar\u0131m hem de sanayi sekt\u00f6rlerinin de\u011fi\u015fen ihtiya\u00e7lar\u0131n\u0131 kar\u015f\u0131lamada g\u00fcvenilir bir ortak haline gelmi\u015ftir. Geni\u015f \u00fcr\u00fcn yelpazemiz, \u00e7im bi\u00e7me makineleri i\u00e7in \u00f6zel di\u015fli kutular\u0131, kuyruk mili milleri ve di\u011fer temel bile\u015fenleri i\u00e7erir ve hepsi geni\u015f bir uygulama yelpazesinde \u00f6zelle\u015ftirilmi\u015f \u00e7\u00f6z\u00fcmler sunmak \u00fczere titizlikle tasarlanm\u0131\u015ft\u0131r.<\/p>\n<p>FMP olarak, her m\u00fc\u015fterinin kendine \u00f6zg\u00fc gereksinimleri ve zorluklar\u0131 oldu\u011funun bilincindeyiz. Bu nedenle, ister bireysel bile\u015fenler ister tamamen entegre sistemler i\u00e7in olsun, \u00f6zel \u00e7\u00f6z\u00fcmler sunma konusunda uzmanla\u015f\u0131yoruz. M\u00fc\u015fterilerimizle yak\u0131n i\u015f birli\u011fi i\u00e7inde \u00e7al\u0131\u015farak her \u00e7\u00f6z\u00fcm\u00fcn yaln\u0131zca etkili de\u011fil, ayn\u0131 zamanda verimli olmas\u0131n\u0131, hem performans\u0131 hem de de\u011feri optimize etmesini sa\u011fl\u0131yoruz. H\u0131zl\u0131 ve profesyonel yan\u0131tlar sunma taahh\u00fcd\u00fcm\u00fcz ve uzman rehberli\u011fimiz, her sorunun en \u00fcst d\u00fczeyde \u00f6zen ve hassasiyetle ele al\u0131nmas\u0131n\u0131 ve m\u00fcmk\u00fcn olan en iyi sonu\u00e7lara ula\u015f\u0131lmas\u0131n\u0131 sa\u011flar.<\/p>\n<p>\u00dcr\u00fcn geli\u015ftirme s\u00fcrecinin tamam\u0131nda a\u00e7\u0131k ve s\u00fcrekli ileti\u015fime \u00f6ncelik veriyoruz. \u00d6zverili ekibimiz, m\u00fc\u015fterilerimizle do\u011frudan \u00e7al\u0131\u015farak \u00f6zel ihtiya\u00e7lar\u0131n\u0131 tam olarak anl\u0131yor ve en uygun \u00e7\u00f6z\u00fcmleri sa\u011flamak i\u00e7in de\u011ferli i\u00e7g\u00f6r\u00fcler ve \u00f6neriler sunuyor. \u0130ster yenilik\u00e7i \u00fcr\u00fcnler tasarl\u0131yor ister devam eden sipari\u015fleri kar\u015f\u0131l\u0131yor olun, FMP her seferinde zaman\u0131nda, y\u00fcksek kaliteli ve hassas m\u00fchendislik \u00e7\u00f6z\u00fcmleri sunmaya kendini adam\u0131\u015ft\u0131r. Amac\u0131m\u0131z, m\u00fc\u015fterilerimize en iyi hizmeti ve sonu\u00e7lar\u0131 sunarak her projede beklentileri a\u015fmakt\u0131r.<\/p>\n<p>Kalite, FMP'nin faaliyetlerinin temel ta\u015f\u0131d\u0131r. En y\u00fcksek \u00fcretim standartlar\u0131na ba\u011fl\u0131 kalarak, her \u00fcr\u00fcn\u00fcn sekt\u00f6r standartlar\u0131n\u0131 kar\u015f\u0131lamas\u0131n\u0131 ve hatta a\u015fmas\u0131n\u0131 sa\u011flamak i\u00e7in s\u0131k\u0131 kalite kontrol \u00f6nlemleri uyguluyoruz. Kaliteye olan bu sars\u0131lmaz ba\u011fl\u0131l\u0131\u011f\u0131m\u0131z, d\u00fcr\u00fcstl\u00fck, ekip \u00e7al\u0131\u015fmas\u0131 ve azim gibi temel de\u011ferlerimizle birle\u015ferek, d\u00fcnya \u00e7ap\u0131nda yakla\u015f\u0131k 30 \u00fclkedeki m\u00fc\u015fterilerimizle uzun s\u00fcreli, g\u00fcvene dayal\u0131 ili\u015fkiler kurmam\u0131z\u0131 sa\u011flam\u0131\u015ft\u0131r.<\/p>\n<p>FMP, k\u00fcresel ortakl\u0131klara her zaman a\u00e7\u0131k olup, m\u00fc\u015fterilerimizin \u00e7e\u015fitli ihtiya\u00e7lar\u0131n\u0131 kar\u015f\u0131layan uzman tavsiyeleri ve \u00f6zelle\u015ftirilmi\u015f \u00e7\u00f6z\u00fcmler sunmaya kendini adam\u0131\u015ft\u0131r. Sadece \u00fcr\u00fcn tedarik etmenin \u00f6tesine ge\u00e7erek, her projenin ba\u015far\u0131s\u0131na katk\u0131da bulunan kal\u0131c\u0131 ili\u015fkiler kurmay\u0131 hedefliyoruz. \u0130ster yeni bir giri\u015fim i\u00e7in yenilik\u00e7i \u00e7\u00f6z\u00fcmlere, ister mevcut bir sistem i\u00e7in s\u00fcrekli deste\u011fe ihtiyac\u0131n\u0131z olsun, FMP teknik zorluklar\u0131n\u0131z\u0131n \u00fcstesinden gelmek ve ba\u015far\u0131n\u0131z\u0131n devam\u0131n\u0131 sa\u011flamak i\u00e7in burada.<\/p>\n<p><img loading=\"lazy\" decoding=\"async\" class=\"alignnone size-full wp-image-1861\" src=\"https:\/\/fmp-components.com\/wp-content\/uploads\/2024\/12\/Other-Agricultural-Gearboxes.webp\" sizes=\"(min-width: 0px) and (max-width: 480px) 480px, (min-width: 481px) and (max-width: 980px) 980px, (min-width: 981px) 1200px, 100vw\" srcset=\"https:\/\/fmp-components.com\/wp-content\/uploads\/2024\/12\/Other-Agricultural-Gearboxes.webp 1200w, https:\/\/fmp-components.com\/wp-content\/uploads\/2024\/12\/Other-Agricultural-Gearboxes-980x1143.webp 980w, https:\/\/fmp-components.com\/wp-content\/uploads\/2024\/12\/Other-Agricultural-Gearboxes-480x560.webp 480w\" alt=\"Altri-cambi-agricoli\" width=\"1200\" height=\"1400\" title=\"\"><\/p>\n<p>Yazar: CX<\/p>","protected":false},"excerpt":{"rendered":"<p>Square Baler Gearbox FMP-FK270 Dimensions Square Baler Gearbox FMP-FK270 Shaft Dimensions Square Baler Gearbox FMP-FK270 Technical Data i Suitable Rpm input Rpm output KW(Nom) KW(Max) Toothing r\/min r\/min hp hp Decelerate 1:1 Square Baler, etc 540 540 120 140 Gleason Straight Teeth Remark: If you have any special require feel free let me know, we [&hellip;]<\/p>","protected":false},"featured_media":2600,"comment_status":"open","ping_status":"closed","template":"","meta":{"_et_pb_use_builder":"","_et_pb_old_content":"","_et_gb_content_width":""},"product_brand":[],"product_cat":[62],"product_tag":[],"class_list":{"0":"post-2597","1":"product","2":"type-product","3":"status-publish","4":"has-post-thumbnail","6":"product_cat-square-baler-gearbox","8":"first","9":"instock","10":"shipping-taxable","11":"product-type-simple"},"_links":{"self":[{"href":"https:\/\/fmp-components.com\/tr\/wp-json\/wp\/v2\/product\/2597","targetHints":{"allow":["GET"]}}],"collection":[{"href":"https:\/\/fmp-components.com\/tr\/wp-json\/wp\/v2\/product"}],"about":[{"href":"https:\/\/fmp-components.com\/tr\/wp-json\/wp\/v2\/types\/product"}],"replies":[{"embeddable":true,"href":"https:\/\/fmp-components.com\/tr\/wp-json\/wp\/v2\/comments?post=2597"}],"wp:featuredmedia":[{"embeddable":true,"href":"https:\/\/fmp-components.com\/tr\/wp-json\/wp\/v2\/media\/2600"}],"wp:attachment":[{"href":"https:\/\/fmp-components.com\/tr\/wp-json\/wp\/v2\/media?parent=2597"}],"wp:term":[{"taxonomy":"product_brand","embeddable":true,"href":"https:\/\/fmp-components.com\/tr\/wp-json\/wp\/v2\/product_brand?post=2597"},{"taxonomy":"product_cat","embeddable":true,"href":"https:\/\/fmp-components.com\/tr\/wp-json\/wp\/v2\/product_cat?post=2597"},{"taxonomy":"product_tag","embeddable":true,"href":"https:\/\/fmp-components.com\/tr\/wp-json\/wp\/v2\/product_tag?post=2597"}],"curies":[{"name":"wp","href":"https:\/\/api.w.org\/{rel}","templated":true}]}}