{"id":2573,"date":"2025-01-03T01:07:52","date_gmt":"2025-01-03T01:07:52","guid":{"rendered":"https:\/\/fmp-components.com\/?page_id=8"},"modified":"2025-01-03T01:14:05","modified_gmt":"2025-01-03T01:14:05","slug":"square-baler-gearbox-fmp-fk215","status":"publish","type":"product","link":"https:\/\/fmp-components.com\/tr\/product\/square-baler-gearbox-fmp-fk215\/","title":{"rendered":"Kare Balya Makinesi \u015eanz\u0131man FMP-FK215"},"content":{"rendered":"<p><img loading=\"lazy\" decoding=\"async\" class=\"size-full wp-image-2587 aligncenter\" src=\"https:\/\/fmp-components.com\/wp-content\/uploads\/2025\/01\/FMP-FK215-Square-Baler-Gearbox-Components1.webp\" alt=\"FMP-FK215-Kare-Balya-Di\u015fli-\u015eanz\u0131man\u0131-Bile\u015fenleri(1)\" width=\"684\" height=\"425\" title=\"\" srcset=\"https:\/\/fmp-components.com\/wp-content\/uploads\/2025\/01\/FMP-FK215-Square-Baler-Gearbox-Components1.webp 684w, https:\/\/fmp-components.com\/wp-content\/uploads\/2025\/01\/FMP-FK215-Square-Baler-Gearbox-Components1-480x298.webp 480w\" sizes=\"(min-width: 0px) and (max-width: 480px) 480px, (min-width: 481px) 684px, 100vw\" \/><\/p>\n<h2>Kare Balya Makinesi \u015eanz\u0131man\u0131 FMP-FK215'in Boyutlar\u0131<\/h2>\n<p><img loading=\"lazy\" decoding=\"async\" class=\"alignnone size-full wp-image-2583\" src=\"https:\/\/fmp-components.com\/wp-content\/uploads\/2025\/01\/FMP-FK215-Square-Baler-Gearbox-Dimensions.webp\" alt=\"FMP-FK215-Kare-Balya-\u015eanz\u0131man\u0131-Boyutlar\u0131\" width=\"1207\" height=\"743\" title=\"\" srcset=\"https:\/\/fmp-components.com\/wp-content\/uploads\/2025\/01\/FMP-FK215-Square-Baler-Gearbox-Dimensions.webp 1207w, https:\/\/fmp-components.com\/wp-content\/uploads\/2025\/01\/FMP-FK215-Square-Baler-Gearbox-Dimensions-980x603.webp 980w, https:\/\/fmp-components.com\/wp-content\/uploads\/2025\/01\/FMP-FK215-Square-Baler-Gearbox-Dimensions-480x295.webp 480w\" sizes=\"(min-width: 0px) and (max-width: 480px) 480px, (min-width: 481px) and (max-width: 980px) 980px, (min-width: 981px) 1207px, 100vw\" \/><\/p>\n<h2>FMP-FK215 Kare Balya Makinesi \u015eanz\u0131man Mili \u00d6l\u00e7\u00fcleri<\/h2>\n<p><img loading=\"lazy\" decoding=\"async\" class=\"alignnone size-full wp-image-2584\" src=\"https:\/\/fmp-components.com\/wp-content\/uploads\/2025\/01\/FMP-FK215-Square-Baler-Gearbox-Shaft-Dimensions.webp\" alt=\"FMP-FK215-Kare-Balya-\u015eanz\u0131man-\u015eaft-Boyutlar\u0131\" width=\"1537\" height=\"456\" title=\"\" srcset=\"https:\/\/fmp-components.com\/wp-content\/uploads\/2025\/01\/FMP-FK215-Square-Baler-Gearbox-Shaft-Dimensions.webp 1537w, https:\/\/fmp-components.com\/wp-content\/uploads\/2025\/01\/FMP-FK215-Square-Baler-Gearbox-Shaft-Dimensions-1280x380.webp 1280w, https:\/\/fmp-components.com\/wp-content\/uploads\/2025\/01\/FMP-FK215-Square-Baler-Gearbox-Shaft-Dimensions-980x291.webp 980w, https:\/\/fmp-components.com\/wp-content\/uploads\/2025\/01\/FMP-FK215-Square-Baler-Gearbox-Shaft-Dimensions-480x142.webp 480w\" sizes=\"(min-width: 0px) and (max-width: 480px) 480px, (min-width: 481px) and (max-width: 980px) 980px, (min-width: 981px) and (max-width: 1280px) 1280px, (min-width: 1281px) 1537px, 100vw\" \/><\/p>\n<h2>FMP-FK215 Kare Balya Makinesi \u015eanz\u0131man Teknik Verileri<\/h2>\n<table style=\"width: 99.5102%; height: 122px;\" border=\"1\" cellspacing=\"0\" cellpadding=\"0\">\n<tbody>\n<tr style=\"height: 23px;\">\n<td style=\"height: 46px;\" colspan=\"2\" rowspan=\"2\">Ben<\/td>\n<td style=\"height: 46px;\" rowspan=\"2\">Uygun<\/td>\n<td style=\"height: 23px;\">Rpm giri\u015fi<\/td>\n<td style=\"height: 23px;\">Rpm \u00e7\u0131k\u0131\u015f\u0131<\/td>\n<td style=\"height: 23px;\">KW(Nom)<\/td>\n<td style=\"height: 23px;\">KW(Maks.)<\/td>\n<td style=\"height: 46px;\" rowspan=\"2\">Di\u015f \u00e7\u0131karma<\/td>\n<\/tr>\n<tr style=\"height: 23px;\">\n<td style=\"height: 23px;\">dev\/dak<\/td>\n<td style=\"height: 23px;\">dev\/dak<\/td>\n<td style=\"height: 23px;\">hp<\/td>\n<td style=\"height: 23px;\">hp<\/td>\n<\/tr>\n<tr style=\"height: 47px;\">\n<td style=\"height: 47px;\">H\u0131z art\u0131\u015f\u0131<\/td>\n<td style=\"height: 47px;\">1:1.33<\/td>\n<td style=\"height: 47px;\">Kare Balya Makinesi vb.<\/td>\n<td style=\"height: 47px;\">540<\/td>\n<td style=\"height: 47px;\">718.2<\/td>\n<td style=\"height: 47px;\">80<\/td>\n<td style=\"height: 47px;\">120<\/td>\n<td style=\"height: 47px;\">Gleason D\u00fczl\u00fc\u011f\u00fc<br \/>\nDi\u015fler<\/td>\n<\/tr>\n<tr style=\"height: 23px;\">\n<td style=\"height: 23px;\" colspan=\"8\">Not: Herhangi bir \u00f6zel iste\u011finiz varsa l\u00fctfen bana bildirin, \u00f6zel sipari\u015fleri de kabul ediyoruz.<\/td>\n<\/tr>\n<\/tbody>\n<\/table>\n<h2>Kare Balya Makinesi \u015eanz\u0131man\u0131n\u0131n Bile\u015fenleri FMP-FK215<\/h2>\n<p>FMP-FK215 Kare Balya Makinesi \u015eanz\u0131man\u0131, kare balya makinelerinin \u00f6zel gereksinimlerini kar\u015f\u0131lamak \u00fczere tasarlanm\u0131\u015ft\u0131r ve verimli g\u00fc\u00e7 aktar\u0131m\u0131, g\u00fcvenilir performans ve uzun s\u00fcreli dayan\u0131kl\u0131l\u0131k sa\u011flar. \u015eanz\u0131man, balya makinesinin i\u015flevselli\u011fini ve \u00f6mr\u00fcn\u00fc optimize etmek i\u00e7in birlikte \u00e7al\u0131\u015fan \u00e7e\u015fitli temel bile\u015fenlerden olu\u015fur. \u0130\u015fte FMP-FK215 Kare Balya Makinesi \u015eanz\u0131man\u0131n\u0131n ana bile\u015fenleri:<\/p>\n<p><strong>Konut<\/strong><\/p>\n<ul>\n<li><strong>Malzeme<\/strong>Genellikle y\u00fcksek mukavemetli d\u00f6kme demir veya \u00e7elikten yap\u0131lan g\u00f6vde, i\u00e7 bile\u015fenleri korur ve yap\u0131sal b\u00fct\u00fcnl\u00fck sa\u011flar.<\/li>\n<li><strong>Tasar\u0131m<\/strong>Hassas m\u00fchendislikle tasarlanm\u0131\u015f olup, balyalama i\u015flemlerinin yaratt\u0131\u011f\u0131 gerilimlere dayan\u0131rken verimli \u0131s\u0131 da\u011f\u0131l\u0131m\u0131 sa\u011flar.<\/li>\n<\/ul>\n<p><strong>Giri\u015f Mili<\/strong><\/p>\n<ul>\n<li><strong>\u0130\u015flev<\/strong>: G\u00fc\u00e7 kayna\u011f\u0131na (genellikle trakt\u00f6r\u00fcn PTO miline) ba\u011flan\u0131r ve torku \u015fanz\u0131mana iletir.<\/li>\n<li><strong>Tasar\u0131m<\/strong>Y\u00fcksek tork y\u00fcklerine dayanacak \u015fekilde tasarlanm\u0131\u015f, dayan\u0131kl\u0131 \u00e7elikten \u00fcretilmi\u015ftir.<\/li>\n<\/ul>\n<p><strong>Konik Di\u015fliler<\/strong><\/p>\n<ul>\n<li><strong>\u0130\u015flev<\/strong>FMP-FK215'teki konik di\u015fliler, genellikle g\u00fcc\u00fc dik a\u00e7\u0131yla aktarmak i\u00e7in kullan\u0131l\u0131r ve g\u00fc\u00e7 iletiminde y\u00f6n de\u011fi\u015ftirmeyi kolayla\u015ft\u0131rarak \u015fanz\u0131man\u0131n balya makinesinin birden fazla par\u00e7as\u0131n\u0131 tahrik etmesine olanak tan\u0131r.<\/li>\n<li><strong>Malzeme<\/strong>Y\u00fcksek kaliteli, \u0131s\u0131l i\u015flem g\u00f6rm\u00fc\u015f \u00e7elik, dayan\u0131kl\u0131l\u0131\u011f\u0131 art\u0131r\u0131r.<\/li>\n<\/ul>\n<p><strong>D\u00fcz Di\u015fliler<\/strong><\/p>\n<ul>\n<li><strong>\u0130\u015flev<\/strong>Di\u015fli \u00e7arklar, tork ve h\u0131z\u0131 koruyarak, d\u00f6nme g\u00fcc\u00fcn\u00fc bir milden di\u011ferine iletmek i\u00e7in \u015fanz\u0131man i\u00e7inde kullan\u0131l\u0131r.<\/li>\n<li><strong>Tasar\u0131m<\/strong>Hassas kesim sayesinde sorunsuz \u00e7al\u0131\u015fma ve y\u00fcksek verimlilik sa\u011flanm\u0131\u015ft\u0131r.<\/li>\n<\/ul>\n<p><strong>\u00c7\u0131k\u0131\u015f Mili<\/strong><\/p>\n<ul>\n<li><strong>\u0130\u015flev<\/strong>G\u00fcc\u00fc \u015fanz\u0131mandan balya makinesinin toplama mekanizmas\u0131 veya d\u00fc\u011f\u00fcmleme sistemi gibi \u00e7al\u0131\u015fma bile\u015fenlerine aktar\u0131r.<\/li>\n<li><strong>Malzeme<\/strong>\u00c7elik ala\u015f\u0131m\u0131, mukavemeti ve a\u015f\u0131nma direncini art\u0131rmak i\u00e7in sertle\u015ftirilmi\u015ftir.<\/li>\n<\/ul>\n<p>Bu bile\u015fenler, verimli ve g\u00fcvenilir performans sa\u011flamak i\u00e7in sorunsuz bir \u015fekilde birlikte \u00e7al\u0131\u015farak FMP-FK215 Kare Balya Makinesi \u015eanz\u0131man\u0131n\u0131 kare balyalama s\u00fcrecinin vazge\u00e7ilmez bir par\u00e7as\u0131 haline getirir. \u015eanz\u0131man, dayan\u0131kl\u0131l\u0131k, hassasiyet ve sa\u011flaml\u0131k i\u00e7in tasarlanm\u0131\u015ft\u0131r ve \u00e7e\u015fitli ko\u015fullarda tar\u0131m makinelerinin zorlu taleplerini kar\u015f\u0131layabilmesini sa\u011flar.<\/p>\n<p><img loading=\"lazy\" decoding=\"async\" class=\"alignnone size-full wp-image-2588\" src=\"https:\/\/fmp-components.com\/wp-content\/uploads\/2025\/01\/FMP-FK215-Square-Baler-Gearbox-Applications-980x4831-1.webp\" alt=\"FMP-FK215-Kare Balya Makinesi-Di\u015fli Kutusu-Uygulamalar\u0131-980x483(1)\" width=\"980\" height=\"483\" title=\"\" srcset=\"https:\/\/fmp-components.com\/wp-content\/uploads\/2025\/01\/FMP-FK215-Square-Baler-Gearbox-Applications-980x4831-1.webp 980w, https:\/\/fmp-components.com\/wp-content\/uploads\/2025\/01\/FMP-FK215-Square-Baler-Gearbox-Applications-980x4831-1-480x237.webp 480w\" sizes=\"(min-width: 0px) and (max-width: 480px) 480px, (min-width: 481px) 980px, 100vw\" \/><\/p>\n<h2>Kare Balya Makinesi \u015eanz\u0131man\u0131 FMP-FK215'in Uygulamalar\u0131<\/h2>\n<div class=\"flex max-w-full flex-col flex-grow\">\n<div class=\"min-h-8 text-message flex w-full flex-col items-end gap-2 whitespace-normal break-words text-start [.text-message+&amp;]:mt-5\" dir=\"auto\" data-message-author-role=\"assistant\" data-message-id=\"3c7df252-c509-4480-9f6e-9203a002b444\" data-message-model-slug=\"gpt-4o\">\n<div class=\"flex w-full flex-col gap-1 empty:hidden first:pt-[3px]\">\n<div class=\"markdown prose w-full break-words dark:prose-invert light\">\n<p>FMP-FK215 Kare Balya Makinesi \u015eanz\u0131man\u0131, tar\u0131msal uygulamalarda kare balya makineleri i\u00e7in g\u00fcvenilir g\u00fc\u00e7 aktar\u0131m\u0131 ve verimli \u00e7al\u0131\u015fma sa\u011flamak \u00fczere \u00f6zel olarak tasarlanm\u0131\u015ft\u0131r. Sa\u011flam yap\u0131s\u0131 ve hassas m\u00fchendisli\u011fi, tar\u0131m sekt\u00f6r\u00fcndeki \u00e7ok \u00e7e\u015fitli g\u00f6revler i\u00e7in uygun hale getirir. \u0130\u015fte FMP-FK215 Kare Balya Makinesi \u015eanz\u0131man\u0131n\u0131n ba\u015fl\u0131ca uygulama alanlar\u0131:<\/p>\n<p><strong>Saman ve Saman Balyalama<\/strong><\/p>\n<ul>\n<li><strong>Ba\u015fvuru<\/strong>FMP-FK215 Kare Balya \u015eanz\u0131man\u0131, genellikle saman ve ot balyalama makinelerinde kullan\u0131l\u0131r. Balyalama mekanizmas\u0131na g\u00fc\u00e7 sa\u011flayarak, saman, ot veya di\u011fer yem bitkilerinin verimli bir \u015fekilde toplanmas\u0131n\u0131 ve s\u0131k\u0131\u015ft\u0131r\u0131larak s\u0131k\u0131ca ba\u011flanm\u0131\u015f dikd\u00f6rtgen balyalar haline getirilmesini sa\u011flar.<\/li>\n<li><strong>Faydalar<\/strong>: Saman ve ot hasad\u0131 s\u0131ras\u0131nda sorunsuz ve tutarl\u0131 bir \u00e7al\u0131\u015fma sa\u011flayarak verimlili\u011fi art\u0131r\u0131r ve ar\u0131za s\u00fcrelerini azalt\u0131r.<\/li>\n<\/ul>\n<p><strong>Silaj Balyalama<\/strong><\/p>\n<ul>\n<li><strong>Ba\u015fvuru<\/strong>Bu di\u015fli kutusu, hayvan yemi olarak kullan\u0131lan silaj\u0131n toplanmas\u0131 ve s\u0131k\u0131\u015ft\u0131r\u0131lmas\u0131 i\u00e7in silaj balyalama makinelerinde de kullan\u0131lmaktad\u0131r. FMP-FK215, \u0131slak ve yo\u011fun malzemelerin i\u015flenmesine yard\u0131mc\u0131 olarak, daha a\u011f\u0131r ve daha nemli malzemelerle bile balyalama makinesinin verimli bir \u015fekilde \u00e7al\u0131\u015fmas\u0131n\u0131 sa\u011flar.<\/li>\n<li><strong>Faydalar<\/strong>A\u011f\u0131r y\u00fck ko\u015fullar\u0131nda bile tutarl\u0131 tork sa\u011flayarak, balya boyutlar\u0131n\u0131n homojen olmas\u0131n\u0131 ve balya makinesinin di\u011fer bile\u015fenleri \u00fczerindeki stresi azaltmay\u0131 garanti eder.<\/li>\n<\/ul>\n<p><strong>Yonca Balyalama<\/strong><\/p>\n<ul>\n<li><strong>Ba\u015fvuru<\/strong>Y\u00fcksek proteinli bir yem bitkisi olan yonca, genellikle hayvan yemi olarak kullan\u0131lmak \u00fczere hasat edilir ve balyalan\u0131r. FMP-FK215 \u015fanz\u0131man\u0131, balyalama i\u015fleminde \u00f6nemli bir rol oynayarak makinenin y\u00fcksek hacimli ve yo\u011fun yonca yap\u0131s\u0131n\u0131 i\u015fleyebilmesini sa\u011flar.<\/li>\n<li><strong>Faydalar<\/strong>\u015eanz\u0131man, yonca bitkilerinin h\u0131zl\u0131 hareket eden ve y\u00fcksek yo\u011funluklu yap\u0131s\u0131nda bile sorunsuz g\u00fc\u00e7 aktar\u0131m\u0131 ve verimli \u00e7al\u0131\u015fma sa\u011flar.<\/li>\n<\/ul>\n<p><strong>Mahsul Art\u0131klar\u0131 Balyalama<\/strong><\/p>\n<ul>\n<li><strong>Ba\u015fvuru<\/strong>Ana \u00fcr\u00fcn hasat edildikten sonra, \u00fcr\u00fcn art\u0131klar\u0131 (bu\u011fday, arpa veya m\u0131s\u0131r saplar\u0131 gibi) toplan\u0131r ve hayvan yata\u011f\u0131, mal\u00e7 veya biyoenerji ama\u00e7l\u0131 kullan\u0131lmak \u00fczere balyalan\u0131r. FMP-FK215 di\u015fli kutusu, bu t\u00fcr malzemelerin balyalanmas\u0131n\u0131n a\u011f\u0131r i\u015f gereksinimlerini destekledi\u011fi i\u00e7in bu uygulamalar i\u00e7in uygundur.<\/li>\n<li><strong>Faydalar<\/strong>Bu \u00f6zellik, balya makinesinin bazen sert ve lifli yap\u0131da olan mahsul art\u0131klar\u0131n\u0131 i\u015fleyebilmesini sa\u011flayarak tar\u0131msal faaliyetlerde art\u0131k y\u00f6netiminin verimlili\u011fini art\u0131r\u0131r.<\/li>\n<\/ul>\n<h3>Bu uygulamalarda FMP-FK215 Kare Balya Makinesi \u015eanz\u0131man\u0131n\u0131n Kullan\u0131m\u0131n\u0131n Ba\u015fl\u0131ca Faydalar\u0131:<\/h3>\n<ul>\n<li><strong>G\u00fcvenilirlik<\/strong>A\u011f\u0131r hizmet uygulamalar\u0131na minimum bak\u0131m gereksinimiyle dayanacak \u015fekilde tasarlanm\u0131\u015ft\u0131r.<\/li>\n<li><strong>Yeterlik<\/strong>Tutarl\u0131 performans sa\u011flayarak balyalama i\u015fleminin h\u0131z\u0131n\u0131 ve hassasiyetini optimize eder.<\/li>\n<li><strong>Dayan\u0131kl\u0131l\u0131k<\/strong>Y\u00fcksek kaliteli malzemeler ve hassas m\u00fchendislik \u00fcr\u00fcn\u00fc bile\u015fenlerle, zorlu tar\u0131msal g\u00f6revlerin \u00fcstesinden gelmek \u00fczere \u00fcretilmi\u015ftir.<\/li>\n<li><strong>\u00d6zelle\u015ftirme<\/strong>\u00c7e\u015fitli \u00fcr\u00fcn t\u00fcrleri ve balyalama ko\u015fullar\u0131 i\u00e7in uygundur ve farkl\u0131 tar\u0131m faaliyetleri i\u00e7in esneklik sunar.<\/li>\n<\/ul>\n<p>FMP-FK215 Kare Balya Makinesi \u015eanz\u0131man\u0131, \u00e7e\u015fitli tar\u0131msal uygulamalarda kare balya makinelerinin etkin \u00e7al\u0131\u015fmas\u0131nda kritik bir rol oynayan \u00e7ok y\u00f6nl\u00fc ve g\u00fcvenilir bir bile\u015fendir. Sa\u011flam performans\u0131, \u00e7ift\u00e7ilerin ve tar\u0131m i\u015fletmelerinin \u00e7e\u015fitli balyalama i\u015flerinde y\u00fcksek verimlilik ve operasyonel etkinlik sa\u011flayabilmelerini garanti eder.<\/p>\n<p><img loading=\"lazy\" decoding=\"async\" class=\"alignnone size-full wp-image-2585\" src=\"https:\/\/fmp-components.com\/wp-content\/uploads\/2025\/01\/Square-Baler-Gearbox-FMP-FK215-Maintenance1.webp\" alt=\"Kare Balya Makinesi \u015eanz\u0131man\u0131-FMP-FK215-Bak\u0131m(1)\" width=\"1090\" height=\"864\" title=\"\" srcset=\"https:\/\/fmp-components.com\/wp-content\/uploads\/2025\/01\/Square-Baler-Gearbox-FMP-FK215-Maintenance1.webp 1090w, https:\/\/fmp-components.com\/wp-content\/uploads\/2025\/01\/Square-Baler-Gearbox-FMP-FK215-Maintenance1-980x777.webp 980w, https:\/\/fmp-components.com\/wp-content\/uploads\/2025\/01\/Square-Baler-Gearbox-FMP-FK215-Maintenance1-480x380.webp 480w\" sizes=\"(min-width: 0px) and (max-width: 480px) 480px, (min-width: 481px) and (max-width: 980px) 980px, (min-width: 981px) 1090px, 100vw\" \/><\/p>\n<h2>FMP Hakk\u0131nda<\/h2>\n<p>Merkezi \u0130talya'da bulunan FMP, \u00f6zellikle tar\u0131m makineleri sekt\u00f6r\u00fcne odaklanarak y\u00fcksek performansl\u0131 \u015fanz\u0131manlar\u0131n tasar\u0131m\u0131, geli\u015ftirilmesi ve \u00fcretimi konusunda uzmanla\u015fm\u0131\u015f \u00f6nde gelen bir \u00fcreticidir. Hassas m\u00fchendisli\u011fi, yenilik\u00e7i \u00e7\u00f6z\u00fcmleri ve sars\u0131lmaz g\u00fcvenilirli\u011fiyle tan\u0131nan FMP, hem tar\u0131m hem de end\u00fcstriyel pazarlardaki m\u00fc\u015fterilerinin g\u00fcvenini kazanm\u0131\u015ft\u0131r. Geni\u015f \u00fcr\u00fcn portf\u00f6y\u00fcm\u00fcz, \u00e7im bi\u00e7me makineleri, PTO \u015faftlar\u0131 ve di\u011fer kritik bile\u015fenler i\u00e7in \u00f6zel \u015fanz\u0131manlar i\u00e7ermektedir; bunlar\u0131n t\u00fcm\u00fc, \u00e7e\u015fitli uygulamalarda \u00f6zel \u00e7\u00f6z\u00fcmler sunmak \u00fczere titizlikle \u00fcretilmi\u015ftir.<\/p>\n<p>FMP olarak, her m\u00fc\u015fterinin ihtiya\u00e7lar\u0131n\u0131n ve zorluklar\u0131n\u0131n benzersiz oldu\u011funun fark\u0131nday\u0131z. Bu nedenle, ister tek tek bile\u015fenler isterse tamamen entegre sistemler olsun, \u00f6zelle\u015ftirilmi\u015f \u00e7\u00f6z\u00fcmler sunma konusunda uzmanla\u015ft\u0131k. Her \u00e7\u00f6z\u00fcm\u00fcn yaln\u0131zca gereksinimlerini kar\u015f\u0131lamakla kalmay\u0131p, hem performans\u0131 hem de de\u011feri optimize etmesini sa\u011flamak i\u00e7in m\u00fc\u015fterilerimizle yak\u0131n i\u015fbirli\u011fi i\u00e7inde \u00e7al\u0131\u015f\u0131yoruz. H\u0131zl\u0131 ve profesyonel yan\u0131tlar verme taahh\u00fcd\u00fcm\u00fcz, uzman rehberli\u011fiyle birle\u015ferek, her sorunun azami \u00f6zenle ele al\u0131nmas\u0131n\u0131 ve en iyi sonu\u00e7lara ula\u015f\u0131lmas\u0131n\u0131 sa\u011flar.<\/p>\n<p>\u00dcr\u00fcn geli\u015ftirme ya\u015fam d\u00f6ng\u00fcs\u00fcn\u00fcn tamam\u0131 boyunca a\u00e7\u0131k ve s\u00fcrekli ileti\u015fime b\u00fcy\u00fck \u00f6nem veriyoruz. \u00d6zel ekibimiz, m\u00fc\u015fterilerimizin \u00f6zel ihtiya\u00e7lar\u0131n\u0131 tam olarak anlamak i\u00e7in do\u011frudan onlarla ileti\u015fim kurarak, en etkili \u00e7\u00f6z\u00fcmleri garanti alt\u0131na almak i\u00e7in de\u011ferli bilgiler ve \u00f6neriler sunmaktad\u0131r. Yenilik\u00e7i \u00fcr\u00fcnler tasarlamaktan devam eden sipari\u015fleri yerine getirmeye kadar, FMP her zaman zaman\u0131nda, y\u00fcksek kaliteli ve hassas m\u00fchendislik \u00fcr\u00fcn\u00fc \u00e7\u00f6z\u00fcmler sunmaya kendini adam\u0131\u015ft\u0131r. Amac\u0131m\u0131z, m\u00fc\u015fteri beklentilerini a\u015fmak ve her proje i\u00e7in ola\u011fan\u00fcst\u00fc hizmet ve sonu\u00e7lar sa\u011flamakt\u0131r.<\/p>\n<p>Kalite, FMP'nin faaliyetlerinin temelidir. En y\u00fcksek \u00fcretim standartlar\u0131na ba\u011fl\u0131 kalarak, her \u00fcr\u00fcn\u00fcn yaln\u0131zca sekt\u00f6r standartlar\u0131n\u0131 kar\u015f\u0131lamakla kalmay\u0131p a\u015fmas\u0131n\u0131 sa\u011flamak i\u00e7in titiz kalite kontrol s\u00fcre\u00e7leri uyguluyoruz. M\u00fckemmelli\u011fe olan bu sars\u0131lmaz ba\u011fl\u0131l\u0131\u011f\u0131m\u0131z, d\u00fcr\u00fcstl\u00fck, ekip \u00e7al\u0131\u015fmas\u0131 ve azim gibi temel de\u011ferlerimizle birle\u015ferek, d\u00fcnya \u00e7ap\u0131nda yakla\u015f\u0131k 30 \u00fclkede m\u00fc\u015fterilerimizle uzun s\u00fcreli, g\u00fcvene dayal\u0131 ili\u015fkiler kurmam\u0131z\u0131 sa\u011flam\u0131\u015ft\u0131r.<\/p>\n<p>FMP, k\u00fcresel ortakl\u0131klar kurmaya her zaman a\u00e7\u0131kt\u0131r ve m\u00fc\u015fterilerimizin \u00e7e\u015fitli ihtiya\u00e7lar\u0131na hitap eden uzman tavsiyeleri ve \u00f6zel \u00e7\u00f6z\u00fcmler sunmaya kendini adam\u0131\u015ft\u0131r. Biz sadece \u00fcr\u00fcn sa\u011flam\u0131yoruz; her projenin ba\u015far\u0131s\u0131na katk\u0131da bulunan kal\u0131c\u0131 ili\u015fkiler kuruyoruz. \u0130ster yeni bir giri\u015fim i\u00e7in yenilik\u00e7i \u00e7\u00f6z\u00fcmler ar\u0131yor olun, ister mevcut bir sistem i\u00e7in s\u00fcrekli deste\u011fe ihtiyac\u0131n\u0131z olsun, FMP teknik zorluklar\u0131n\u0131z\u0131n \u00fcstesinden gelmeye ve s\u00fcrd\u00fcr\u00fclebilir ba\u015far\u0131n\u0131z\u0131 sa\u011flamaya kendini adam\u0131\u015ft\u0131r.<\/p>\n<p><img loading=\"lazy\" decoding=\"async\" class=\"alignnone size-full wp-image-1861\" src=\"https:\/\/fmp-components.com\/wp-content\/uploads\/2024\/12\/Other-Agricultural-Gearboxes.webp\" sizes=\"(min-width: 0px) and (max-width: 480px) 480px, (min-width: 481px) and (max-width: 980px) 980px, (min-width: 981px) 1200px, 100vw\" srcset=\"https:\/\/fmp-components.com\/wp-content\/uploads\/2024\/12\/Other-Agricultural-Gearboxes.webp 1200w, https:\/\/fmp-components.com\/wp-content\/uploads\/2024\/12\/Other-Agricultural-Gearboxes-980x1143.webp 980w, https:\/\/fmp-components.com\/wp-content\/uploads\/2024\/12\/Other-Agricultural-Gearboxes-480x560.webp 480w\" alt=\"Altri-cambi-agricoli\" width=\"1200\" height=\"1400\" title=\"\"><\/p>\n<p>Yazar: CX<\/p>\n<\/div>\n<\/div>\n<\/div>\n<\/div>","protected":false},"excerpt":{"rendered":"<p>Dimensions of Square Baler Gearbox FMP-FK215 FMP-FK215 Square Baler Gearbox Shaft\u00a0Dimensions FMP-FK215 Square Baler Gearbox Technical Data i Suitable Rpm input Rpm output KW(Nom) KW(Max) Toothing r\/min r\/min hp hp Speed increase 1:1.33 Square Baler, etc 540 718.2 80 120 Gleason Straight Teeth Remark: If you have any special require feel free let me know, [&hellip;]<\/p>","protected":false},"featured_media":2586,"comment_status":"open","ping_status":"closed","template":"","meta":{"_et_pb_use_builder":"","_et_pb_old_content":"","_et_gb_content_width":""},"product_brand":[],"product_cat":[62],"product_tag":[],"class_list":{"0":"post-2573","1":"product","2":"type-product","3":"status-publish","4":"has-post-thumbnail","6":"product_cat-square-baler-gearbox","8":"first","9":"instock","10":"shipping-taxable","11":"product-type-simple"},"_links":{"self":[{"href":"https:\/\/fmp-components.com\/tr\/wp-json\/wp\/v2\/product\/2573","targetHints":{"allow":["GET"]}}],"collection":[{"href":"https:\/\/fmp-components.com\/tr\/wp-json\/wp\/v2\/product"}],"about":[{"href":"https:\/\/fmp-components.com\/tr\/wp-json\/wp\/v2\/types\/product"}],"replies":[{"embeddable":true,"href":"https:\/\/fmp-components.com\/tr\/wp-json\/wp\/v2\/comments?post=2573"}],"wp:featuredmedia":[{"embeddable":true,"href":"https:\/\/fmp-components.com\/tr\/wp-json\/wp\/v2\/media\/2586"}],"wp:attachment":[{"href":"https:\/\/fmp-components.com\/tr\/wp-json\/wp\/v2\/media?parent=2573"}],"wp:term":[{"taxonomy":"product_brand","embeddable":true,"href":"https:\/\/fmp-components.com\/tr\/wp-json\/wp\/v2\/product_brand?post=2573"},{"taxonomy":"product_cat","embeddable":true,"href":"https:\/\/fmp-components.com\/tr\/wp-json\/wp\/v2\/product_cat?post=2573"},{"taxonomy":"product_tag","embeddable":true,"href":"https:\/\/fmp-components.com\/tr\/wp-json\/wp\/v2\/product_tag?post=2573"}],"curies":[{"name":"wp","href":"https:\/\/api.w.org\/{rel}","templated":true}]}}