{"id":2552,"date":"2025-01-02T06:41:12","date_gmt":"2025-01-02T06:41:12","guid":{"rendered":"https:\/\/fmp-components.com\/?page_id=8"},"modified":"2025-01-02T06:41:13","modified_gmt":"2025-01-02T06:41:13","slug":"feed-mixer-machines-gearboxes-replacement-of-comer-code-d-732a-11-1-411","status":"publish","type":"product","link":"https:\/\/fmp-components.com\/tr\/product\/feed-mixer-machines-gearboxes-replacement-of-comer-code-d-732a-11-1-411\/","title":{"rendered":"Yem Karma Makineleri Red\u00fckt\u00f6rleri \u2013 D-732A 1:1\/1.41:1 Kodlu K\u00f6\u015fe \u015eanz\u0131manlar\u0131n\u0131n De\u011fi\u015ftirilmesi"},"content":{"rendered":"<p><img loading=\"lazy\" decoding=\"async\" class=\"size-full wp-image-2554 aligncenter\" src=\"https:\/\/fmp-components.com\/wp-content\/uploads\/2025\/01\/Horizontal-Feed-Mixer-Gearbox-131.webp\" alt=\"Yatay Besleme Kar\u0131\u015ft\u0131r\u0131c\u0131 Red\u00fckt\u00f6r\" width=\"800\" height=\"800\" title=\"\" srcset=\"https:\/\/fmp-components.com\/wp-content\/uploads\/2025\/01\/Horizontal-Feed-Mixer-Gearbox-131.webp 800w, https:\/\/fmp-components.com\/wp-content\/uploads\/2025\/01\/Horizontal-Feed-Mixer-Gearbox-131-480x480.webp 480w\" sizes=\"(min-width: 0px) and (max-width: 480px) 480px, (min-width: 481px) 800px, 100vw\" \/><\/p>\n<h2>Yatay Yem Kar\u0131\u015ft\u0131r\u0131c\u0131 \u015eanz\u0131man D732A Boyutlar\u0131<\/h2>\n<p><img loading=\"lazy\" decoding=\"async\" class=\"alignnone size-full wp-image-2555\" src=\"https:\/\/fmp-components.com\/wp-content\/uploads\/2025\/01\/Horizontal-Feed-Mixer-Gearbox-D732A-Dimensions.webp\" alt=\"Yatay Besleme Kar\u0131\u015ft\u0131r\u0131c\u0131s\u0131 \u015eanz\u0131man D732A Boyutlar\u0131\" width=\"712\" height=\"390\" title=\"\" srcset=\"https:\/\/fmp-components.com\/wp-content\/uploads\/2025\/01\/Horizontal-Feed-Mixer-Gearbox-D732A-Dimensions.webp 712w, https:\/\/fmp-components.com\/wp-content\/uploads\/2025\/01\/Horizontal-Feed-Mixer-Gearbox-D732A-Dimensions-480x263.webp 480w\" sizes=\"(min-width: 0px) and (max-width: 480px) 480px, (min-width: 481px) 712px, 100vw\" \/><\/p>\n<h2>\u00dcr\u00fcn \u00d6zellikleri:<\/h2>\n<table class=\"kh-1xzm1su\" border=\"1\" cellspacing=\"0\" cellpadding=\"0\" data-intent=\"lists-product-attributes\" data-test-id=\"attributes-list\">\n<tbody class=\"kh-1ago99h\">\n<tr id=\"alexis#custom#item-id\" class=\"kh-bwvum6\" data-test-id=\"attribute-row\">\n<th class=\"kh-10oizfy\">\u00dcr\u00fcn A\u00e7\u0131klamas\u0131<\/th>\n<td class=\"kh-1f5nhat\">\n<div class=\"kh-pkx4zo\">Yatay Yem Kar\u0131\u015ft\u0131r\u0131c\u0131 \u015eanz\u0131man - Comer D732A \u015eanz\u0131man\u0131n\u0131n De\u011fi\u015ftirilmesi<\/div>\n<\/td>\n<\/tr>\n<tr id=\"attProductDetails\" class=\"kh-bwvum6\" data-test-id=\"attribute-row\">\n<th class=\"kh-10oizfy\">\u00dcr\u00fcn detaylar\u0131<\/th>\n<td class=\"kh-1f5nhat\">\n<ul>\n<li class=\"kh-16zd49f\">Farkl\u0131 bir RPM'de g\u00fc\u00e7 i\u00e7in bizimle ileti\u015fime ge\u00e7in<\/li>\n<li class=\"kh-16zd49f\">\u015eanz\u0131man ya\u011fs\u0131z olarak teslim edilir ve ilk kullan\u0131mdan \u00f6nce ya\u011f\u0131n doldurulmas\u0131 gerekir.<\/li>\n<li class=\"kh-16zd49f\">\u0130lk ya\u011f de\u011fi\u015fimi 50-70 \u00e7al\u0131\u015fma saatinin ard\u0131ndan, daha sonra 500-700 \u00e7al\u0131\u015fma saatinin ard\u0131ndan veya en az y\u0131lda bir kez yap\u0131lmal\u0131d\u0131r.<\/li>\n<\/ul>\n<\/td>\n<\/tr>\n<tr id=\"attApplicationRange\" class=\"kh-bwvum6\" data-test-id=\"attribute-row\">\n<th class=\"kh-10oizfy\">Uygulama aral\u0131\u011f\u0131<\/th>\n<td class=\"kh-1f5nhat\">\n<div class=\"kh-pkx4zo\">Kar\u0131\u015ft\u0131rma vagonu<\/div>\n<\/td>\n<\/tr>\n<tr id=\"attConsistsOf\" class=\"kh-bwvum6\" data-test-id=\"attribute-row\">\n<th class=\"kh-10oizfy\">\u015eunlardan olu\u015fur:<\/th>\n<td class=\"kh-1f5nhat\">\n<ul>\n<li class=\"kh-16zd49f\">Vites kutusu<\/li>\n<li class=\"kh-16zd49f\">Ya\u011fs\u0131z<\/li>\n<\/ul>\n<\/td>\n<\/tr>\n<tr id=\"taMaxInputPowerKw\" class=\"kh-bwvum6\" data-test-id=\"attribute-row\">\n<th class=\"kh-10oizfy\">Maksimum giri\u015f g\u00fcc\u00fc<\/th>\n<td class=\"kh-1f5nhat\">\n<div class=\"kh-pkx4zo\">59 kW<\/div>\n<\/td>\n<\/tr>\n<tr id=\"taMaxOutputPowerHp\" class=\"kh-bwvum6\" data-test-id=\"attribute-row\">\n<th class=\"kh-10oizfy\">Maksimum \u00e7\u0131k\u0131\u015f g\u00fcc\u00fc<\/th>\n<td class=\"kh-1f5nhat\">\n<div class=\"kh-pkx4zo\">80 beygir<\/div>\n<\/td>\n<\/tr>\n<tr id=\"taConnect1OutsideDiameterInch\" class=\"kh-bwvum6\" data-test-id=\"attribute-row\">\n<th class=\"kh-10oizfy\">Ba\u011flant\u0131 1 d\u0131\u015f \u00e7ap\u0131<\/th>\n<td class=\"kh-1f5nhat\">\n<div class=\"kh-pkx4zo\">1-3\/8 in\u00e7<\/div>\n<\/td>\n<\/tr>\n<tr id=\"taConnect1SplinesNumber\" class=\"kh-bwvum6\" data-test-id=\"attribute-row\">\n<th class=\"kh-10oizfy\">Ba\u011flant\u0131 1 spline say\u0131s\u0131<\/th>\n<td class=\"kh-1f5nhat\">\n<div class=\"kh-pkx4zo\">6<\/div>\n<\/td>\n<\/tr>\n<tr id=\"taConnect2OutsideDiameterInch\" class=\"kh-bwvum6\" data-test-id=\"attribute-row\">\n<th class=\"kh-10oizfy\">Ba\u011flant\u0131 2 d\u0131\u015f \u00e7ap\u0131<\/th>\n<td class=\"kh-1f5nhat\">\n<div class=\"kh-pkx4zo\">1-3\/4 \u0130n\u00e7<\/div>\n<\/td>\n<\/tr>\n<tr id=\"taConnect2SplinesNumber\" class=\"kh-bwvum6\" data-test-id=\"attribute-row\">\n<th class=\"kh-10oizfy\">Ba\u011flant\u0131 2 spline say\u0131s\u0131<\/th>\n<td class=\"kh-1f5nhat\">\n<div class=\"kh-pkx4zo\">6<\/div>\n<\/td>\n<\/tr>\n<tr id=\"taContainsOil\" class=\"kh-bwvum6\" data-test-id=\"attribute-row\">\n<th class=\"kh-10oizfy\">Ya\u011f i\u00e7erir<\/th>\n<td class=\"kh-1f5nhat\">\n<div class=\"kh-pkx4zo\">HAYIR<\/div>\n<\/td>\n<\/tr>\n<tr id=\"taMaxOilCapacityL\" class=\"kh-bwvum6\" data-test-id=\"attribute-row\">\n<th class=\"kh-10oizfy\">Maksimum ya\u011f kapasitesi<\/th>\n<td class=\"kh-1f5nhat\">\n<div class=\"kh-pkx4zo\">5,6 litre<\/div>\n<\/td>\n<\/tr>\n<tr id=\"taMaxOilChangeIntervalH\" class=\"kh-bwvum6\" data-test-id=\"attribute-row\">\n<th class=\"kh-10oizfy\">Maksimum ya\u011f de\u011fi\u015fim aral\u0131\u011f\u0131<\/th>\n<td class=\"kh-1f5nhat\">\n<div class=\"kh-pkx4zo\">500 saat<\/div>\n<\/td>\n<\/tr>\n<tr id=\"taOilSAEViscosityGrade\" class=\"kh-bwvum6\" data-test-id=\"attribute-row\">\n<th class=\"kh-10oizfy\">Ya\u011f SAE viskozite derecesi<\/th>\n<td class=\"kh-1f5nhat\">\n<div class=\"kh-pkx4zo\">80W-90<\/div>\n<\/td>\n<\/tr>\n<tr id=\"taHousingMaterial_16\" class=\"kh-bwvum6\" data-test-id=\"attribute-row\">\n<th class=\"kh-10oizfy\">Konut malzemesi<\/th>\n<td class=\"kh-1f5nhat\">\n<div class=\"kh-pkx4zo\">D\u00f6kme demir GG25<\/div>\n<\/td>\n<\/tr>\n<tr id=\"taWeightKg_75\" class=\"kh-bwvum6\" data-test-id=\"attribute-row\">\n<th class=\"kh-10oizfy\">A\u011f\u0131rl\u0131k<\/th>\n<td class=\"kh-1f5nhat\">\n<div class=\"kh-pkx4zo\">63 kilo<\/div>\n<\/td>\n<\/tr>\n<\/tbody>\n<\/table>\n<h3>Yatay Yem Kar\u0131\u015ft\u0131rma \u015eanz\u0131man\u0131 D732A'n\u0131n Kullan\u0131m\u0131n\u0131n Avantajlar\u0131<\/h3>\n<ol>\n<li><strong>Geli\u015fmi\u015f Kar\u0131\u015ft\u0131rma Verimlili\u011fi<\/strong><br \/>\nYatay Yem Kar\u0131\u015ft\u0131rma \u015eanz\u0131man\u0131 D732A, m\u00fckemmel kar\u0131\u015ft\u0131rma performans\u0131 sa\u011flamak \u00fczere \u00f6zel olarak tasarlanm\u0131\u015ft\u0131r. Y\u00fcksek torku ve verimli g\u00fc\u00e7 iletimi sayesinde, yem bile\u015fenlerinin tutarl\u0131 ve homojen bir \u015fekilde kar\u0131\u015fmas\u0131n\u0131 sa\u011flar. Bu da daha etkili bir kar\u0131\u015ft\u0131rma sa\u011flayarak yemin genel kalitesini ve besin de\u011ferini art\u0131r\u0131r.<\/li>\n<li><strong>Dayan\u0131kl\u0131 ve G\u00fcvenilir Yap\u0131<\/strong><br \/>\n\u015eanz\u0131man, yem kar\u0131\u015ft\u0131rman\u0131n zorlu \u00e7al\u0131\u015fma ko\u015fullar\u0131na dayanabilecek y\u00fcksek mukavemetli malzemelerden \u00fcretilmi\u015ftir. Sa\u011flam tasar\u0131m\u0131, a\u011f\u0131r hizmet tipi operasyonlarda bile uzun s\u00fcreli dayan\u0131kl\u0131l\u0131k sa\u011flayarak s\u0131k bak\u0131m veya par\u00e7a de\u011fi\u015fimi ihtiyac\u0131n\u0131 azalt\u0131r ve ekipman\u0131n genel \u00f6mr\u00fcn\u00fc uzat\u0131r.<\/li>\n<li><strong>Enerji Verimlili\u011fi<\/strong><br \/>\nD732A \u015fanz\u0131man, y\u00fcksek verimi korurken enerjinin verimli kullan\u0131m\u0131n\u0131 sa\u011flayarak g\u00fc\u00e7 t\u00fcketimini optimize edecek \u015fekilde tasarlanm\u0131\u015ft\u0131r. Bu enerji tasarruflu tasar\u0131m, i\u015fletme maliyetlerini d\u00fc\u015f\u00fcrmeye yard\u0131mc\u0131 olarak, s\u00fcrekli yem kar\u0131\u015ft\u0131rma operasyonlar\u0131na dayanan i\u015fletmeler i\u00e7in uygun maliyetli bir se\u00e7enek haline getirir.<\/li>\n<li><strong>P\u00fcr\u00fczs\u00fcz \u00c7al\u0131\u015fma ve D\u00fc\u015f\u00fck Titre\u015fim<\/strong><br \/>\nD732A \u015fanz\u0131man, geli\u015fmi\u015f m\u00fchendisli\u011fi sayesinde minimum titre\u015fimle sorunsuz bir \u00e7al\u0131\u015fma sa\u011flayarak istikrarl\u0131 bir performans sunar. Bu, mikserin g\u00fcvenilirli\u011fini art\u0131rman\u0131n yan\u0131 s\u0131ra operat\u00f6rlerin konfor ve g\u00fcvenli\u011fine de katk\u0131da bulunarak mekanik ar\u0131za riskini azalt\u0131r ve operasyonel verimlili\u011fi art\u0131r\u0131r.<\/li>\n<li><strong>Uygulamalarda \u00c7ok Y\u00f6nl\u00fcl\u00fck<\/strong><br \/>\nD732A red\u00fckt\u00f6r\u00fc, \u00e7ok \u00e7e\u015fitli yem kar\u0131\u015ft\u0131rma uygulamalar\u0131 i\u00e7in uygundur. Tar\u0131m, hayvanc\u0131l\u0131k veya end\u00fcstriyel yem \u00fcretimi olsun, bu red\u00fckt\u00f6r \u00e7e\u015fitli operasyonel ihtiya\u00e7lar\u0131 kar\u015f\u0131lama esnekli\u011fi sunar. Farkl\u0131 kar\u0131\u015ft\u0131rma sistemlerine uyum sa\u011flayabilmesi, onu \u00e7e\u015fitli yem \u00fcretim s\u00fcre\u00e7leri i\u00e7in ideal bir se\u00e7im haline getirir.<\/li>\n<\/ol>\n<p>Bu avantajlar, Yatay Yem Kar\u0131\u015ft\u0131rma \u015eanz\u0131man\u0131 D732A'y\u0131 tar\u0131m sekt\u00f6r\u00fcndeki i\u015fletmeler i\u00e7in de\u011ferli bir varl\u0131k haline getirerek yem \u00fcretiminde optimum performans, dayan\u0131kl\u0131l\u0131k ve verimlilik sa\u011flar.<\/p>\n<p><img loading=\"lazy\" decoding=\"async\" class=\"alignnone  wp-image-2553\" src=\"https:\/\/fmp-components.com\/wp-content\/uploads\/2025\/01\/Horizontal-Feed-Mixer-Gearbox-141.webp\" alt=\"Yatay Besleme Kar\u0131\u015ft\u0131r\u0131c\u0131 Red\u00fckt\u00f6r\" width=\"941\" height=\"941\" title=\"\" srcset=\"https:\/\/fmp-components.com\/wp-content\/uploads\/2025\/01\/Horizontal-Feed-Mixer-Gearbox-141.webp 941w, https:\/\/fmp-components.com\/wp-content\/uploads\/2025\/01\/Horizontal-Feed-Mixer-Gearbox-141-480x480.webp 480w\" sizes=\"(min-width: 0px) and (max-width: 480px) 480px, (min-width: 481px) 941px, 100vw\" \/><\/p>\n<h3>Trakt\u00f6r PTO Tahrikli Yatay Yem Kar\u0131\u015ft\u0131r\u0131c\u0131 \u015eanz\u0131man\u0131n\u0131n Temel Bile\u015fenleri<\/h3>\n<ol>\n<li><strong>PTO \u015eaft Giri\u015fi<\/strong><br \/>\nPTO (G\u00fc\u00e7 Aktarma Organ\u0131) \u015faft giri\u015fi, trakt\u00f6r ile yem karma makinesi \u015fanz\u0131man\u0131 aras\u0131ndaki temel ba\u011flant\u0131 noktas\u0131d\u0131r. Trakt\u00f6r\u00fcn motorundan gelen mekanik g\u00fcc\u00fc \u015fanz\u0131mana aktararak kar\u0131\u015ft\u0131rma i\u015flemini m\u00fcmk\u00fcn k\u0131lar. PTO \u015faft\u0131, enerjinin d\u00fczg\u00fcn bir \u015fekilde iletilmesini sa\u011flayarak \u015fanz\u0131man\u0131n verimli \u00e7al\u0131\u015fmas\u0131n\u0131 sa\u011flar.<\/li>\n<li><strong>Helisel Di\u015fliler<\/strong><br \/>\nYatay yem kar\u0131\u015ft\u0131rma red\u00fckt\u00f6rleri genellikle, di\u011fer di\u015fli tiplerine k\u0131yasla daha yumu\u015fak ve sessiz bir \u00e7al\u0131\u015fma sa\u011flayan helisel di\u015fliler i\u00e7erir. Bu di\u015fliler, y\u00fcksek torklu y\u00fckleri kald\u0131racak ve verimli g\u00fc\u00e7 aktar\u0131m\u0131 sa\u011flayarak s\u00fcrekli \u00e7al\u0131\u015fma s\u0131ras\u0131nda a\u015f\u0131nma ve y\u0131pranmay\u0131 azaltacak \u015fekilde tasarlanm\u0131\u015ft\u0131r.<\/li>\n<li><strong>Konut<\/strong><br \/>\nThe <strong>\u015fanz\u0131man muhafazas\u0131<\/strong> Di\u015fliler, miller ve yataklar gibi t\u00fcm i\u00e7 bile\u015fenleri i\u00e7eren d\u0131\u015f kasad\u0131r. Genellikle d\u00f6kme demir veya y\u00fcksek mukavemetli \u00e7elik gibi dayan\u0131kl\u0131 malzemelerden \u00fcretilir ve bu sayede di\u015fli kutusunun sa\u011flam olmas\u0131n\u0131 ve tar\u0131msal ortamlardaki zorlu ko\u015fullara dayanabilmesini sa\u011flar.<\/li>\n<li><strong>Rulmanlar<\/strong><br \/>\n<strong>Rulmanlar<\/strong> D\u00f6nen \u015faftlar\u0131 destekleyen ve \u015fanz\u0131man i\u00e7indeki s\u00fcrt\u00fcnmeyi azaltan kritik bile\u015fenlerdir. Sorunsuz \u00e7al\u0131\u015fma sa\u011flar ve a\u015f\u0131nmay\u0131 en aza indirerek, \u015fanz\u0131man\u0131n uzun s\u00fcreler boyunca a\u015f\u0131r\u0131 bak\u0131m gerektirmeden g\u00fcvenilir bir \u015fekilde \u00e7al\u0131\u015fmas\u0131n\u0131 sa\u011flar.<\/li>\n<li><strong>\u00c7\u0131k\u0131\u015f Mili<\/strong><br \/>\nThe <strong>\u00e7\u0131k\u0131\u015f mili<\/strong> Kar\u0131\u015ft\u0131rma helezonuna veya yem mikserinin di\u011fer bile\u015fenlerine ba\u011flan\u0131r. \u015eanz\u0131mandan gelen g\u00fcc\u00fc kar\u0131\u015ft\u0131rma mekanizmas\u0131na ileterek yem bile\u015fenlerinin verimli bir \u015fekilde kar\u0131\u015ft\u0131r\u0131lmas\u0131n\u0131 sa\u011flar. \u00c7\u0131k\u0131\u015f mili, optimum kar\u0131\u015ft\u0131rma performans\u0131 i\u00e7in gereken tork ve d\u00f6n\u00fc\u015f h\u0131z\u0131n\u0131 kar\u015f\u0131layacak \u015fekilde tasarlanmal\u0131d\u0131r.<\/li>\n<\/ol>\n<p>Bu temel bile\u015fenler, trakt\u00f6r PTO tahrikli yatay yem kar\u0131\u015ft\u0131rma di\u015fli kutusunun sorunsuz, verimli ve g\u00fcvenilir bir \u015fekilde \u00e7al\u0131\u015fmas\u0131n\u0131 sa\u011flamak i\u00e7in birlikte \u00e7al\u0131\u015farak tar\u0131msal kar\u0131\u015ft\u0131rma uygulamalar\u0131nda optimum performans sa\u011flar.<\/p>\n<p><img loading=\"lazy\" decoding=\"async\" class=\"alignnone size-full wp-image-2556\" src=\"https:\/\/fmp-components.com\/wp-content\/uploads\/2025\/01\/PTO-Shaft-for-Horizontal-Feed-Mixer-Gearbox1.webp\" alt=\"Yatay Besleme Kar\u0131\u015ft\u0131r\u0131c\u0131s\u0131 \u015eanz\u0131man\u0131n\u0131n PTO \u015eaft\u0131\" width=\"1178\" height=\"600\" title=\"\" srcset=\"https:\/\/fmp-components.com\/wp-content\/uploads\/2025\/01\/PTO-Shaft-for-Horizontal-Feed-Mixer-Gearbox1.webp 1178w, https:\/\/fmp-components.com\/wp-content\/uploads\/2025\/01\/PTO-Shaft-for-Horizontal-Feed-Mixer-Gearbox1-980x499.webp 980w, https:\/\/fmp-components.com\/wp-content\/uploads\/2025\/01\/PTO-Shaft-for-Horizontal-Feed-Mixer-Gearbox1-480x244.webp 480w\" sizes=\"(min-width: 0px) and (max-width: 480px) 480px, (min-width: 481px) and (max-width: 980px) 980px, (min-width: 981px) 1178px, 100vw\" \/><\/p>\n<h3>Yem Karma Makinalar\u0131 \u015eanz\u0131manlar\u0131n\u0131n \u00c7al\u0131\u015fma Prensibi<\/h3>\n<p>Yem kar\u0131\u015ft\u0131rma makineleri, farkl\u0131 hayvan yemlerini kar\u0131\u015ft\u0131rarak homojen k\u0131vam ve besin de\u011feri sa\u011flamak i\u00e7in kritik \u00f6neme sahiptir. Di\u015fli kutusu, yem kar\u0131\u015ft\u0131rma mekanizmas\u0131na g\u00fc\u00e7 sa\u011flamada \u00f6nemli bir rol oynar. Yem kar\u0131\u015ft\u0131rma makinesi di\u015fli kutular\u0131n\u0131n \u00e7al\u0131\u015fma prensibi a\u015fa\u011f\u0131dad\u0131r:<br \/>\n1. <strong>Trakt\u00f6r veya Motordan \u015eanz\u0131mana G\u00fc\u00e7 Aktar\u0131m\u0131<\/strong><\/p>\n<ul>\n<li>Yem karma makinas\u0131n\u0131n tasar\u0131m\u0131na ba\u011fl\u0131 olarak \u015fanz\u0131man, trakt\u00f6r\u00fcn PTO milinden veya elektrik motorundan g\u00fc\u00e7 al\u0131r.<\/li>\n<li>PTO tahrikli mikserlerde, trakt\u00f6re ba\u011fl\u0131 PTO mili, trakt\u00f6r\u00fcn motorundan ald\u0131\u011f\u0131 d\u00f6nme g\u00fcc\u00fcn\u00fc \u015fanz\u0131mana aktar\u0131r.<\/li>\n<li>Elektrik motorlu sistemlerde motor, di\u015fli kutusunu do\u011frudan bir kaplin arac\u0131l\u0131\u011f\u0131yla \u00e7al\u0131\u015ft\u0131r\u0131r.<\/li>\n<\/ul>\n<p>2. <strong>H\u0131z Azaltma ve Tork Artt\u0131rma<\/strong><\/p>\n<ul>\n<li>\u015eanz\u0131man, gelen d\u00f6nme g\u00fcc\u00fcn\u00fcn h\u0131z\u0131n\u0131 azalt\u0131rken ayn\u0131 zamanda torku art\u0131rmaya yarar. Bu, yem mikserinin i\u00e7indeki a\u011f\u0131r kar\u0131\u015ft\u0131rma b\u0131\u00e7aklar\u0131n\u0131 veya helezonlar\u0131 \u00e7al\u0131\u015ft\u0131rmak i\u00e7in gereklidir.<\/li>\n<li>Genellikle helezon di\u015fliler, konik di\u015fliler veya planet di\u015flilerden olu\u015fan di\u015fli mekanizmas\u0131, g\u00fc\u00e7 kayna\u011f\u0131ndan gelen d\u00f6nme h\u0131z\u0131n\u0131 azalt\u0131r ve kar\u0131\u015ft\u0131rma i\u00e7in gereken optimum \u00e7\u0131k\u0131\u015f h\u0131z\u0131n\u0131 sa\u011flar.<\/li>\n<\/ul>\n<p>3. <strong>Burgu veya Kar\u0131\u015ft\u0131rma B\u0131\u00e7aklar\u0131n\u0131n D\u00f6nmesi<\/strong><\/p>\n<ul>\n<li>\u015eanz\u0131man\u0131n \u00e7\u0131k\u0131\u015f mili, yem bile\u015fenlerinin hareket ettirilmesinden ve kar\u0131\u015ft\u0131r\u0131lmas\u0131ndan sorumlu olan temel bile\u015fenler olan kar\u0131\u015ft\u0131rma helezonuna veya b\u0131\u00e7aklar\u0131na ba\u011flan\u0131r.<\/li>\n<li>\u015eanz\u0131man helezon veya b\u0131\u00e7aklara g\u00fc\u00e7 verdik\u00e7e, kar\u0131\u015ft\u0131rma mekanizmas\u0131 d\u00f6nmeye ba\u015flar, beslenen malzemeleri kald\u0131r\u0131r ve yuvarlar, b\u00f6ylece e\u015fit da\u011f\u0131l\u0131m ve tam kar\u0131\u015ft\u0131rma sa\u011flan\u0131r.<\/li>\n<li>Helezonlar\u0131n veya b\u0131\u00e7aklar\u0131n d\u00f6nme hareketi, yem malzemelerinin topaklar\u0131n\u0131 par\u00e7alayan ve homojen bir kar\u0131\u015f\u0131m sa\u011flayan bir kesme etkisi yarat\u0131r.<\/li>\n<\/ul>\n<p>4. <strong>Verimli Malzeme Ta\u015f\u0131ma<\/strong><\/p>\n<ul>\n<li>\u015eanz\u0131man, helezonlar\u0131n veya b\u0131\u00e7aklar\u0131n d\u00f6nme h\u0131z\u0131n\u0131n tutarl\u0131 ve y\u00f6netilebilir olmas\u0131n\u0131 sa\u011flayarak verimli malzeme elle\u00e7leme imk\u00e2n\u0131 sa\u011flar.<\/li>\n<li>\u015eanz\u0131man\u0131n tasar\u0131m\u0131, beslenen malzemelerin motor veya PTO \u015faft\u0131nda a\u015f\u0131r\u0131 zorlanma veya a\u015f\u0131r\u0131 y\u00fcklenme olmadan iyice kar\u0131\u015ft\u0131r\u0131lmas\u0131n\u0131 sa\u011flar.<\/li>\n<\/ul>\n<p>5. <strong>S\u00fcrekli G\u00fc\u00e7 Ak\u0131\u015f\u0131<\/strong><\/p>\n<ul>\n<li>Yem karma red\u00fckt\u00f6r\u00fc, \u00e7al\u0131\u015fma esnas\u0131nda giri\u015ften (PTO \u015faft\u0131 veya motor) \u00e7\u0131k\u0131\u015fa (kar\u0131\u015ft\u0131rma mekanizmas\u0131) s\u00fcrekli g\u00fc\u00e7 ak\u0131\u015f\u0131 sa\u011flar.<\/li>\n<li>Tasar\u0131ma ba\u011fl\u0131 olarak \u015fanz\u0131manda a\u015f\u0131r\u0131 y\u00fck korumas\u0131 gibi \u00f6zellikler bulunabiliyor ve bu sayede sistemdeki a\u015f\u0131r\u0131 zorlanma veya t\u0131kan\u0131kl\u0131\u011f\u0131n \u015fanz\u0131mana zarar vermesi \u00f6nleniyor.<\/li>\n<\/ul>\n<p>\u00d6zetle, yem karma makinesi red\u00fckt\u00f6rlerinin \u00e7al\u0131\u015fma prensibi, trakt\u00f6r veya motordan red\u00fckt\u00f6re g\u00fc\u00e7 aktar\u0131m\u0131n\u0131 i\u00e7erir; bu da h\u0131z\u0131 azalt\u0131r ve kar\u0131\u015ft\u0131rma helezonlar\u0131n\u0131 veya b\u0131\u00e7aklar\u0131n\u0131 \u00e7al\u0131\u015ft\u0131rmak i\u00e7in torku art\u0131r\u0131r. Red\u00fckt\u00f6r, b\u0131\u00e7aklara veya helezonlara g\u00fc\u00e7 vererek verimli ve tutarl\u0131 bir kar\u0131\u015ft\u0131rma sa\u011flar ve yem bile\u015fenlerinin istenen k\u0131vamda homojen bir \u015fekilde kar\u0131\u015ft\u0131r\u0131lmas\u0131n\u0131 sa\u011flar. Uygun ya\u011flama ve so\u011futma mekanizmalar\u0131 da red\u00fckt\u00f6r\u00fcn i\u015flem boyunca sorunsuz \u00e7al\u0131\u015fmas\u0131na katk\u0131da bulunur.<\/p>\n<p><img loading=\"lazy\" decoding=\"async\" class=\"alignnone  wp-image-2557\" src=\"https:\/\/fmp-components.com\/wp-content\/uploads\/2025\/01\/Horizontal-Feed-Mixer-Gearbox-321.webp\" alt=\"Yatay Besleme Kar\u0131\u015ft\u0131r\u0131c\u0131 Red\u00fckt\u00f6r\" width=\"928\" height=\"928\" title=\"\" srcset=\"https:\/\/fmp-components.com\/wp-content\/uploads\/2025\/01\/Horizontal-Feed-Mixer-Gearbox-321.webp 928w, https:\/\/fmp-components.com\/wp-content\/uploads\/2025\/01\/Horizontal-Feed-Mixer-Gearbox-321-480x480.webp 480w\" sizes=\"(min-width: 0px) and (max-width: 480px) 480px, (min-width: 481px) 928px, 100vw\" \/><\/p>\n<h3>FMP Hakk\u0131nda<\/h3>\n<p>Merkezi \u0130talya'da bulunan FMP, \u00f6zellikle tar\u0131m makineleri sekt\u00f6r\u00fcne odaklanan y\u00fcksek performansl\u0131 di\u015fli kutular\u0131n\u0131n tasar\u0131m\u0131, geli\u015ftirilmesi ve \u00fcretimindeki uzmanl\u0131\u011f\u0131yla tan\u0131nan lider bir \u00fcreticidir. Hassas m\u00fchendislik, yenilik\u00e7i \u00e7\u00f6z\u00fcmler ve sars\u0131lmaz g\u00fcvenilirlik konusundaki itibar\u0131yla FMP, hem tar\u0131m hem de sanayi sekt\u00f6rlerinin de\u011fi\u015fen ihtiya\u00e7lar\u0131n\u0131 kar\u015f\u0131lamada g\u00fcvenilir bir ortak haline gelmi\u015ftir. Geni\u015f \u00fcr\u00fcn yelpazemiz, \u00e7im bi\u00e7me makineleri i\u00e7in \u00f6zel di\u015fli kutular\u0131, kuyruk mili milleri ve di\u011fer temel bile\u015fenleri i\u00e7erir ve hepsi geni\u015f bir uygulama yelpazesinde \u00f6zelle\u015ftirilmi\u015f \u00e7\u00f6z\u00fcmler sunmak \u00fczere titizlikle tasarlanm\u0131\u015ft\u0131r.<\/p>\n<p>FMP olarak, her m\u00fc\u015fterinin kendine \u00f6zg\u00fc gereksinimleri ve zorluklar\u0131 oldu\u011funun bilincindeyiz. Bu nedenle, ister bireysel bile\u015fenler ister tamamen entegre sistemler i\u00e7in olsun, \u00f6zel \u00e7\u00f6z\u00fcmler sunma konusunda uzmanla\u015f\u0131yoruz. M\u00fc\u015fterilerimizle yak\u0131n i\u015f birli\u011fi i\u00e7inde \u00e7al\u0131\u015farak her \u00e7\u00f6z\u00fcm\u00fcn yaln\u0131zca etkili de\u011fil, ayn\u0131 zamanda verimli olmas\u0131n\u0131, hem performans\u0131 hem de de\u011feri optimize etmesini sa\u011fl\u0131yoruz. H\u0131zl\u0131 ve profesyonel yan\u0131tlar sunma taahh\u00fcd\u00fcm\u00fcz ve uzman rehberli\u011fimiz, her sorunun en \u00fcst d\u00fczeyde \u00f6zen ve hassasiyetle ele al\u0131nmas\u0131n\u0131 ve m\u00fcmk\u00fcn olan en iyi sonu\u00e7lara ula\u015f\u0131lmas\u0131n\u0131 sa\u011flar.<\/p>\n<p>\u00dcr\u00fcn geli\u015ftirme s\u00fcrecinin tamam\u0131nda a\u00e7\u0131k ve s\u00fcrekli ileti\u015fime \u00f6ncelik veriyoruz. \u00d6zverili ekibimiz, m\u00fc\u015fterilerimizle do\u011frudan \u00e7al\u0131\u015farak \u00f6zel ihtiya\u00e7lar\u0131n\u0131 tam olarak anl\u0131yor ve en uygun \u00e7\u00f6z\u00fcmleri sa\u011flamak i\u00e7in de\u011ferli i\u00e7g\u00f6r\u00fcler ve \u00f6neriler sunuyor. \u0130ster yenilik\u00e7i \u00fcr\u00fcnler tasarl\u0131yor ister devam eden sipari\u015fleri kar\u015f\u0131l\u0131yor olun, FMP her seferinde zaman\u0131nda, y\u00fcksek kaliteli ve hassas m\u00fchendislik \u00e7\u00f6z\u00fcmleri sunmaya kendini adam\u0131\u015ft\u0131r. Amac\u0131m\u0131z, m\u00fc\u015fterilerimize en iyi hizmeti ve sonu\u00e7lar\u0131 sunarak her projede beklentileri a\u015fmakt\u0131r.<\/p>\n<p>Kalite, FMP'nin faaliyetlerinin temel ta\u015f\u0131d\u0131r. En y\u00fcksek \u00fcretim standartlar\u0131na ba\u011fl\u0131 kalarak, her \u00fcr\u00fcn\u00fcn sekt\u00f6r standartlar\u0131n\u0131 kar\u015f\u0131lamas\u0131n\u0131 ve hatta a\u015fmas\u0131n\u0131 sa\u011flamak i\u00e7in s\u0131k\u0131 kalite kontrol \u00f6nlemleri uyguluyoruz. Kaliteye olan bu sars\u0131lmaz ba\u011fl\u0131l\u0131\u011f\u0131m\u0131z, d\u00fcr\u00fcstl\u00fck, ekip \u00e7al\u0131\u015fmas\u0131 ve azim gibi temel de\u011ferlerimizle birle\u015ferek, d\u00fcnya \u00e7ap\u0131nda yakla\u015f\u0131k 30 \u00fclkedeki m\u00fc\u015fterilerimizle uzun s\u00fcreli, g\u00fcvene dayal\u0131 ili\u015fkiler kurmam\u0131z\u0131 sa\u011flam\u0131\u015ft\u0131r.<\/p>\n<p>FMP, k\u00fcresel ortakl\u0131klara her zaman a\u00e7\u0131k olup, m\u00fc\u015fterilerimizin \u00e7e\u015fitli ihtiya\u00e7lar\u0131n\u0131 kar\u015f\u0131layan uzman tavsiyeleri ve \u00f6zelle\u015ftirilmi\u015f \u00e7\u00f6z\u00fcmler sunmaya kendini adam\u0131\u015ft\u0131r. Sadece \u00fcr\u00fcn tedarik etmenin \u00f6tesine ge\u00e7erek, her projenin ba\u015far\u0131s\u0131na katk\u0131da bulunan kal\u0131c\u0131 ili\u015fkiler kurmay\u0131 hedefliyoruz. \u0130ster yeni bir giri\u015fim i\u00e7in yenilik\u00e7i \u00e7\u00f6z\u00fcmlere, ister mevcut bir sistem i\u00e7in s\u00fcrekli deste\u011fe ihtiyac\u0131n\u0131z olsun, FMP teknik zorluklar\u0131n\u0131z\u0131n \u00fcstesinden gelmek ve ba\u015far\u0131n\u0131z\u0131n devam\u0131n\u0131 sa\u011flamak i\u00e7in burada.<\/p>\n<p><img loading=\"lazy\" decoding=\"async\" class=\"alignnone size-full wp-image-1861\" src=\"https:\/\/fmp-components.com\/wp-content\/uploads\/2024\/12\/Other-Agricultural-Gearboxes.webp\" sizes=\"(min-width: 0px) and (max-width: 480px) 480px, (min-width: 481px) and (max-width: 980px) 980px, (min-width: 981px) 1200px, 100vw\" srcset=\"https:\/\/fmp-components.com\/wp-content\/uploads\/2024\/12\/Other-Agricultural-Gearboxes.webp 1200w, https:\/\/fmp-components.com\/wp-content\/uploads\/2024\/12\/Other-Agricultural-Gearboxes-980x1143.webp 980w, https:\/\/fmp-components.com\/wp-content\/uploads\/2024\/12\/Other-Agricultural-Gearboxes-480x560.webp 480w\" alt=\"Altri-cambi-agricoli\" width=\"1200\" height=\"1400\" title=\"\"><\/p>\n<p>Yazar: CX<\/p>\n<p>&nbsp;<\/p>","protected":false},"excerpt":{"rendered":"<p>Horizontal Feed Mixer Gearbox D732A Dimensions Product Specifications: Product Description Horizontal Feed Mixer Gearbox-Replacement of Comer D732A Gearbox Product details Contact us for power at a different RPM The gearbox is delivered without oil and must be filled before first use. First oil change after 50-70 operating hours, then after 500-700 operating hours or at [&hellip;]<\/p>","protected":false},"featured_media":2553,"comment_status":"open","ping_status":"closed","template":"","meta":{"_et_pb_use_builder":"","_et_pb_old_content":"","_et_gb_content_width":""},"product_brand":[],"product_cat":[60],"product_tag":[],"class_list":{"0":"post-2552","1":"product","2":"type-product","3":"status-publish","4":"has-post-thumbnail","6":"product_cat-feed-mixer-gearbox","8":"first","9":"instock","10":"shipping-taxable","11":"product-type-simple"},"_links":{"self":[{"href":"https:\/\/fmp-components.com\/tr\/wp-json\/wp\/v2\/product\/2552","targetHints":{"allow":["GET"]}}],"collection":[{"href":"https:\/\/fmp-components.com\/tr\/wp-json\/wp\/v2\/product"}],"about":[{"href":"https:\/\/fmp-components.com\/tr\/wp-json\/wp\/v2\/types\/product"}],"replies":[{"embeddable":true,"href":"https:\/\/fmp-components.com\/tr\/wp-json\/wp\/v2\/comments?post=2552"}],"wp:featuredmedia":[{"embeddable":true,"href":"https:\/\/fmp-components.com\/tr\/wp-json\/wp\/v2\/media\/2553"}],"wp:attachment":[{"href":"https:\/\/fmp-components.com\/tr\/wp-json\/wp\/v2\/media?parent=2552"}],"wp:term":[{"taxonomy":"product_brand","embeddable":true,"href":"https:\/\/fmp-components.com\/tr\/wp-json\/wp\/v2\/product_brand?post=2552"},{"taxonomy":"product_cat","embeddable":true,"href":"https:\/\/fmp-components.com\/tr\/wp-json\/wp\/v2\/product_cat?post=2552"},{"taxonomy":"product_tag","embeddable":true,"href":"https:\/\/fmp-components.com\/tr\/wp-json\/wp\/v2\/product_tag?post=2552"}],"curies":[{"name":"wp","href":"https:\/\/api.w.org\/{rel}","templated":true}]}}