{"id":2536,"date":"2025-01-02T06:00:51","date_gmt":"2025-01-02T06:00:51","guid":{"rendered":"https:\/\/fmp-components.com\/?page_id=8"},"modified":"2025-01-02T06:00:51","modified_gmt":"2025-01-02T06:00:51","slug":"pga1202vm-mixing-wagon-gearboxes-replacement-of-comer-code-pga-1202","status":"publish","type":"product","link":"https:\/\/fmp-components.com\/tr\/product\/pga1202vm-mixing-wagon-gearboxes-replacement-of-comer-code-pga-1202\/","title":{"rendered":"PGA1202VM Miksaj Vagonu \u015eanz\u0131manlar\u0131 \u2013 PGA-1202 Kodlu K\u00f6\u015fe \u015eanz\u0131man\u0131n\u0131n De\u011fi\u015ftirilmesi"},"content":{"rendered":"<h2>PGA1202VM Kar\u0131\u015ft\u0131rma Vagonu \u015eanz\u0131man \u00d6zellikleri<\/h2>\n<table style=\"width: 100%;\" border=\"1\" width=\"100%\" cellspacing=\"0\" cellpadding=\"0\">\n<tbody>\n<tr>\n<th>Tan\u0131m<\/th>\n<td>PGA1202VM Miksaj Vagonu \u015eanz\u0131manlar\u0131 \u2013 PGA-1202 Kodlu K\u00f6\u015fe \u015eanz\u0131man\u0131n\u0131n De\u011fi\u015ftirilmesi<\/td>\n<\/tr>\n<tr>\n<th>\u00d6zellikler<\/th>\n<td>Vida milinin do\u011frudan ba\u011flanabilece\u011fi \u00f6zel rulmanl\u0131 komplesi vard\u0131r.<\/td>\n<\/tr>\n<tr>\n<th>Faydalar<\/th>\n<td>Vin\u00e7 i\u00e7in ayr\u0131 bir rulman tak\u0131m\u0131na gerek yoktur.<\/td>\n<\/tr>\n<tr>\n<th>Ba\u015fvuru<\/th>\n<td>Kar\u0131\u015ft\u0131rma vagonu<\/td>\n<\/tr>\n<tr>\n<th>Uygun Olanlar<\/th>\n<td>Tek mikser 10\u201314 metrek\u00fcp, \u00c7ift mikser 16\u201324 metrek\u00fcp<\/td>\n<\/tr>\n<tr>\n<th>\u015eunlardan olu\u015fur:<\/th>\n<td>Vites kutusu<\/td>\n<\/tr>\n<tr>\n<th>Sipari\u015f Ya\u011f\u0131<\/th>\n<td>Ya\u011f\u0131 ayr\u0131 olarak sipari\u015f edin<\/td>\n<\/tr>\n<tr>\n<th>Ya\u011f \u0130\u00e7erir<\/th>\n<td>HAYIR<\/td>\n<\/tr>\n<\/tbody>\n<\/table>\n<h2>Yem Karma Makinalar\u0131 \u015eanz\u0131manlar\u0131n\u0131n \u00d6zellikleri<\/h2>\n<p>Yem kar\u0131\u015ft\u0131rma makinesi red\u00fckt\u00f6rleri, tar\u0131msal faaliyetlerde yem bile\u015fenlerinin do\u011fru \u015fekilde kar\u0131\u015ft\u0131r\u0131lmas\u0131n\u0131 sa\u011flayan temel bile\u015fenlerdir. Bu red\u00fckt\u00f6rler, zorlu ko\u015fullara dayanacak ve verimli g\u00fc\u00e7 aktar\u0131m\u0131 sa\u011flayacak \u015fekilde tasarlanm\u0131\u015ft\u0131r ve bu da onlar\u0131 yem haz\u0131rlamay\u0131 optimize etmek i\u00e7in kritik hale getirir. Yem kar\u0131\u015ft\u0131rma makinesi red\u00fckt\u00f6rlerinin temel \u00f6zellikleri \u015funlard\u0131r:<\/p>\n<p><strong>Y\u00fcksek G\u00fc\u00e7 \u0130letim Verimlili\u011fi<\/strong><\/p>\n<ul>\n<li><strong>G\u00fc\u00e7l\u00fc ve Verimli G\u00fc\u00e7 Transferi:<\/strong> Yem karma makinesi \u015fanz\u0131manlar\u0131, trakt\u00f6r\u00fcn PTO'sundan veya motorundan gelen g\u00fcc\u00fc, kar\u0131\u015ft\u0131rma bile\u015fenlerine (burgu veya kanat\u00e7\u0131klar gibi) minimum enerji kayb\u0131yla iletmek \u00fczere tasarlanm\u0131\u015ft\u0131r. Bu sayede, kar\u0131\u015ft\u0131r\u0131c\u0131n\u0131n optimum performans g\u00f6stermesi ve gerekli d\u00f6n\u00fc\u015f h\u0131z\u0131 ve torku sa\u011flamas\u0131 sa\u011flan\u0131r.<\/li>\n<li><strong>\u00d6nemi:<\/strong> G\u00fc\u00e7 verimlili\u011finin en \u00fcst d\u00fczeye \u00e7\u0131kar\u0131lmas\u0131, sorunsuz ve tutarl\u0131 bir \u00e7al\u0131\u015fma sa\u011flayarak yak\u0131t t\u00fcketimini ve i\u015fletme maliyetlerini azalt\u0131r.<\/li>\n<\/ul>\n<p><strong>Ayarlanabilir H\u0131z ve Tork Kontrol\u00fc<\/strong><\/p>\n<ul>\n<li><strong>De\u011fi\u015fken H\u0131z ve Tork Ayarlar\u0131:<\/strong> Bir\u00e7ok yem kar\u0131\u015ft\u0131rma makinesi di\u015fli kutusu, ayarlanabilir h\u0131z ve tork kontrol\u00fc sunar. Bu esneklik, operat\u00f6r\u00fcn kar\u0131\u015ft\u0131rma h\u0131z\u0131n\u0131, kaba kuru maddeden \u0131slak, lifli bile\u015fenlere kadar farkl\u0131 yem t\u00fcrlerine uyacak \u015fekilde ayarlamas\u0131na olanak tan\u0131r.<\/li>\n<li><strong>\u00d6nemi:<\/strong> H\u0131z ve tork \u00fczerindeki hassas kontrol, daha tutarl\u0131 bir yem kar\u0131\u015f\u0131m\u0131na yol a\u00e7an, dengeli hayvan beslenmesi i\u00e7in olmazsa olmaz olan, tam kar\u0131\u015ft\u0131rmay\u0131 sa\u011flar.<\/li>\n<\/ul>\n<p><strong>Dayan\u0131kl\u0131l\u0131k ve Sa\u011flam Tasar\u0131m<\/strong><\/p>\n<ul>\n<li><strong>A\u011f\u0131r Hizmet Tipi \u0130n\u015faat:<\/strong> Yem karma makinelerinin di\u015fli kutular\u0131, a\u011f\u0131r y\u00fcklere ve tar\u0131mda s\u0131kl\u0131kla kar\u015f\u0131la\u015f\u0131lan zorlu \u00e7al\u0131\u015fma ko\u015fullar\u0131na dayanacak \u015fekilde \u00fcretilmi\u015ftir. Uzun \u00f6m\u00fcrl\u00fc performans sa\u011flamak i\u00e7in y\u00fcksek kaliteli \u00e7elik ve g\u00fc\u00e7lendirilmi\u015f di\u015fliler gibi dayan\u0131kl\u0131 malzemelerden \u00fcretilmi\u015ftir.<\/li>\n<li><strong>\u00d6nemi:<\/strong> Dayan\u0131kl\u0131l\u0131k, \u015fanz\u0131man\u0131n s\u00fcrekli \u00e7al\u0131\u015fmaya dayanabilmesini ve tar\u0131msal ortamlar\u0131n a\u015f\u0131nma ve y\u0131pranmas\u0131na dayanabilmesini sa\u011flayarak bak\u0131m ve onar\u0131m s\u0131kl\u0131\u011f\u0131n\u0131 azalt\u0131r.<\/li>\n<\/ul>\n<p><strong>Kompakt ve Yerden Tasarruf Sa\u011flayan Tasar\u0131m<\/strong><\/p>\n<ul>\n<li><strong>Kompakt Yap\u0131:<\/strong> Yem kar\u0131\u015ft\u0131rma makinesi di\u015fli kutular\u0131, kar\u0131\u015ft\u0131rma vagonunun s\u0131n\u0131rl\u0131 alan\u0131na sorunsuz bir \u015fekilde s\u0131\u011facak \u015fekilde tasarlanm\u0131\u015ft\u0131r ve yerden tasarruf sa\u011flar. Kompakt boyutlar\u0131na ra\u011fmen, bu di\u015fli kutular\u0131 verimli kar\u0131\u015ft\u0131rma i\u00e7in \u00f6nemli g\u00fc\u00e7 ve tork sa\u011flar.<\/li>\n<li><strong>\u00d6nemi:<\/strong> Kompakt tasar\u0131m\u0131 sayesinde \u00f6zellikle s\u0131n\u0131rl\u0131 alana sahip makinelerde kolay kurulum ve bak\u0131m imk\u00e2n\u0131 sa\u011flar.<\/li>\n<\/ul>\n<p><strong>P\u00fcr\u00fczs\u00fcz ve Sessiz \u00c7al\u0131\u015fma<\/strong><\/p>\n<ul>\n<li><strong>D\u00fc\u015f\u00fck G\u00fcr\u00fclt\u00fcl\u00fc \u00c7al\u0131\u015fma:<\/strong> Modern yem karma makinelerinin di\u015fli kutular\u0131, sorunsuz ve sessiz \u00e7al\u0131\u015facak \u015fekilde tasarlanm\u0131\u015ft\u0131r. G\u00fcr\u00fclt\u00fc azaltma, hassas m\u00fchendislik, daha iyi ya\u011flama ve optimize edilmi\u015f di\u015fli tasar\u0131mlar\u0131 sayesinde sa\u011flan\u0131r.<\/li>\n<li><strong>\u00d6nemi:<\/strong> Azalt\u0131lm\u0131\u015f g\u00fcr\u00fclt\u00fc, operat\u00f6r konforunu art\u0131rman\u0131n yan\u0131 s\u0131ra \u015fanz\u0131man\u0131n a\u015f\u0131nmas\u0131n\u0131 da azaltarak \u015fanz\u0131man\u0131n \u00f6mr\u00fcn\u00fc uzat\u0131r ve bak\u0131m ihtiyac\u0131n\u0131 azalt\u0131r.<\/li>\n<\/ul>\n<p>Yem kar\u0131\u015ft\u0131rma makinesi red\u00fckt\u00f6rleri, zorlu tar\u0131msal \u00e7al\u0131\u015fma ko\u015fullar\u0131nda verimli ve g\u00fcvenilir bir performans sergilemelerini sa\u011flamak i\u00e7in \u00e7ok say\u0131da geli\u015fmi\u015f \u00f6zellikle tasarlanm\u0131\u015ft\u0131r. Y\u00fcksek g\u00fc\u00e7 aktar\u0131m verimlili\u011fi ve ayarlanabilir h\u0131z kontrol\u00fcnden dayan\u0131kl\u0131l\u0131k, emniyet mekanizmalar\u0131 ve bak\u0131m kolayl\u0131\u011f\u0131na kadar bu \u00f6zellikler, yem kar\u0131\u015ft\u0131rma red\u00fckt\u00f6rlerini verimli yem \u00fcretimi i\u00e7in vazge\u00e7ilmez k\u0131lar. Sorunsuz ve tutarl\u0131 bir kar\u0131\u015ft\u0131rma sa\u011flarken ayn\u0131 zamanda emniyet ve g\u00fcvenilirlik sa\u011flama kabiliyetleri, optimum hayvan beslenmesini korumak ve \u00e7iftlik verimlili\u011fini art\u0131rmak i\u00e7in \u00e7ok \u00f6nemlidir.<\/p>\n<p><img loading=\"lazy\" decoding=\"async\" class=\"alignnone size-full wp-image-2539\" src=\"https:\/\/fmp-components.com\/wp-content\/uploads\/2025\/01\/Feed-Mixer-Gearboxes-in-Mixing-Wagon-21.webp\" alt=\"Kar\u0131\u015ft\u0131rma Vagonunda Yem Kar\u0131\u015ft\u0131r\u0131c\u0131 Red\u00fckt\u00f6rleri\" width=\"1024\" height=\"683\" title=\"\" srcset=\"https:\/\/fmp-components.com\/wp-content\/uploads\/2025\/01\/Feed-Mixer-Gearboxes-in-Mixing-Wagon-21.webp 1024w, https:\/\/fmp-components.com\/wp-content\/uploads\/2025\/01\/Feed-Mixer-Gearboxes-in-Mixing-Wagon-21-980x654.webp 980w, https:\/\/fmp-components.com\/wp-content\/uploads\/2025\/01\/Feed-Mixer-Gearboxes-in-Mixing-Wagon-21-480x320.webp 480w\" sizes=\"(min-width: 0px) and (max-width: 480px) 480px, (min-width: 481px) and (max-width: 980px) 980px, (min-width: 981px) 1024px, 100vw\" \/><\/p>\n<h2>Yem Karma Makineleri \u015eanz\u0131manlar\u0131 i\u00e7in Tar\u0131msal PTO \u015eaft\u0131<\/h2>\n<p>PTO (G\u00fc\u00e7 Aktarma Organ\u0131) \u015faft\u0131, trakt\u00f6r\u00fc veya di\u011fer g\u00fc\u00e7 kaynaklar\u0131n\u0131 yem karma makineleri de dahil olmak \u00fczere tar\u0131m makinelerine ba\u011flayan hayati bir bile\u015fendir. PTO \u015faft\u0131, mekanik g\u00fcc\u00fc yem karma di\u015fli kutusuna ileterek optimum yem haz\u0131rlama i\u00e7in kar\u0131\u015ft\u0131rma i\u015flemini m\u00fcmk\u00fcn k\u0131lar. Tar\u0131msal PTO \u015faft\u0131na ve yem karma makinelerindeki rol\u00fcne ayr\u0131nt\u0131l\u0131 bir bak\u0131\u015f:<\/p>\n<p><strong>Verimli G\u00fc\u00e7 Aktar\u0131m\u0131<\/strong><\/p>\n<ul>\n<li><strong>\u0130\u015flevsellik:<\/strong> PTO milinin temel g\u00f6revi, trakt\u00f6rden veya ba\u015fka bir tahrik \u00fcnitesinden gelen g\u00fcc\u00fc yem karma di\u015fli kutusuna aktarmakt\u0131r. Bu, di\u015fli kutusunun, kar\u0131\u015ft\u0131r\u0131c\u0131 i\u00e7indeki helezonlar\u0131 veya paletleri \u00e7al\u0131\u015ft\u0131rmak i\u00e7in gerekli d\u00f6nme enerjisini almas\u0131n\u0131 sa\u011flar.<\/li>\n<li><strong>\u00d6nemi:<\/strong> Verimli g\u00fc\u00e7 aktar\u0131m\u0131, mikserin optimum kar\u0131\u015ft\u0131rma performans\u0131 i\u00e7in do\u011fru h\u0131z ve torkta \u00e7al\u0131\u015fmas\u0131n\u0131 sa\u011flar. Enerji kayb\u0131n\u0131 \u00f6nlemeye yard\u0131mc\u0131 olarak, daha iyi yak\u0131t verimlili\u011fi ve kar\u0131\u015ft\u0131rma sisteminin genel performans\u0131na katk\u0131da bulunur.<\/li>\n<\/ul>\n<p><strong>A\u011f\u0131r Hizmet Tipi \u0130n\u015faat<\/strong><\/p>\n<ul>\n<li><strong>Dayan\u0131kl\u0131l\u0131k:<\/strong> Tar\u0131msal PTO \u015faftlar\u0131, tar\u0131m faaliyetlerinde s\u0131kl\u0131kla kar\u015f\u0131la\u015f\u0131lan a\u011f\u0131r y\u00fcklere, titre\u015fimlere ve zorlu \u00e7evre ko\u015fullar\u0131na dayanacak \u015fekilde \u00fcretilmi\u015ftir. Y\u00fcksek mukavemetli \u00e7elikten \u00fcretilmi\u015f olup, zorlu tar\u0131m ortamlar\u0131nda s\u00fcrekli kullan\u0131ma dayanacak \u015fekilde tasarlanm\u0131\u015ft\u0131r.<\/li>\n<li><strong>\u00d6nemi:<\/strong> A\u011f\u0131r hizmet tipi yap\u0131, PTO milinin kar\u0131\u015ft\u0131r\u0131c\u0131ya malzeme beslemenin getirdi\u011fi stresi kar\u015f\u0131layabilmesini sa\u011flarken g\u00fcvenilir g\u00fc\u00e7 iletimini de koruyarak ar\u0131za riskini azalt\u0131r ve kullan\u0131m \u00f6mr\u00fcn\u00fc uzat\u0131r.<\/li>\n<\/ul>\n<p><strong>Kolay Ba\u011flant\u0131 ve Ba\u011flant\u0131 Kesme<\/strong><\/p>\n<ul>\n<li><strong>Kolayl\u0131k:<\/strong> PTO \u015faft\u0131, hem trakt\u00f6re hem de yem karma makinesi di\u015fli kutusuna h\u0131zl\u0131 ve kolay ba\u011flant\u0131 i\u00e7in tasarlanm\u0131\u015ft\u0131r. Bir\u00e7ok model, g\u00fcvenli bir ba\u011flant\u0131 sa\u011flayan ve \u015faft\u0131n tak\u0131l\u0131p \u00e7\u0131kar\u0131lmas\u0131n\u0131 kolayla\u015ft\u0131ran h\u0131zl\u0131 kilitleme mekanizmas\u0131yla birlikte gelir.<\/li>\n<li><strong>\u00d6nemi:<\/strong> Bu kullan\u0131m kolayl\u0131\u011f\u0131, duru\u015f s\u00fcrelerini azaltarak operat\u00f6rlerin gerekti\u011finde PTO \u015faft\u0131n\u0131 h\u0131zl\u0131 bir \u015fekilde kurmas\u0131n\u0131 ve devreden \u00e7\u0131karmas\u0131n\u0131 kolayla\u015ft\u0131r\u0131r ve genel operasyonel verimlili\u011fi art\u0131r\u0131r.<\/li>\n<\/ul>\n<p><strong>\u00c7ok Y\u00f6nl\u00fcl\u00fck \u0130\u00e7in Ayarlanabilir Uzunluk<\/strong><\/p>\n<ul>\n<li><strong>\u00d6zelle\u015ftirme:<\/strong> PTO \u015faftlar\u0131, farkl\u0131 tar\u0131m makinelerine uyum sa\u011flayacak \u015fekilde \u00e7e\u015fitli uzunluklarda mevcuttur. Ayarlanabilir uzunluklar, \u015faft\u0131n \u00e7e\u015fitli yem karma makineleri ve farkl\u0131 trakt\u00f6r boyutlar\u0131yla uyumlu olmas\u0131n\u0131 sa\u011flar.<\/li>\n<li><strong>\u00d6nemi:<\/strong> Bu esneklik, PTO milinin \u00e7ok \u00e7e\u015fitli yem kar\u0131\u015ft\u0131rma makineleri ve trakt\u00f6rlerle kullan\u0131lmas\u0131na olanak tan\u0131r ve onu farkl\u0131 tar\u0131m operasyonlar\u0131nda \u00e7ok y\u00f6nl\u00fc ve uyarlanabilir bir bile\u015fen haline getirir.<\/li>\n<\/ul>\n<p><strong>Sorunsuz \u00c7al\u0131\u015fma<\/strong><\/p>\n<ul>\n<li><strong>Denge ve Titre\u015fim Azaltma:<\/strong> PTO \u015faftlar\u0131, titre\u015fimleri en aza indirerek ve \u00e7al\u0131\u015fma s\u0131ras\u0131nda dengeyi koruyarak sorunsuz \u00e7al\u0131\u015fma sa\u011flamak i\u00e7in hassas bir \u015fekilde tasarlanm\u0131\u015ft\u0131r. Baz\u0131 \u015faftlar, \u015fok y\u00fcklerini emen ve yem mikseri di\u015fli kutusuna tutarl\u0131 tork sa\u011flayan \u00fcniversal mafsallarla birlikte gelir.<\/li>\n<li><strong>\u00d6nemi:<\/strong> D\u00fczg\u00fcn \u00e7al\u0131\u015fma, makinenin a\u015f\u0131nmas\u0131n\u0131 ve y\u0131pranmas\u0131n\u0131 azalt\u0131r, operat\u00f6r konforunu art\u0131r\u0131r ve hem PTO \u015faft\u0131n\u0131n hem de yem mikseri \u015fanz\u0131man\u0131n\u0131n \u00f6mr\u00fcn\u00fc uzat\u0131r.<\/li>\n<\/ul>\n<p>Yem Karma Makineleri \u015eanz\u0131manlar\u0131 i\u00e7in Tar\u0131msal PTO \u015eaft\u0131, trakt\u00f6rden kar\u0131\u015ft\u0131rma \u00fcnitesine g\u00fc\u00e7 aktar\u0131m\u0131 i\u00e7in olmazsa olmaz bir bile\u015fendir. Yem karma makinesinin verimli ve etkili bir \u015fekilde \u00e7al\u0131\u015fmas\u0131n\u0131 sa\u011flayarak yem bile\u015fenlerinin tutarl\u0131 ve eksiksiz bir \u015fekilde kar\u0131\u015ft\u0131r\u0131lmas\u0131n\u0131 sa\u011flar. Dayan\u0131kl\u0131 yap\u0131s\u0131, kullan\u0131m kolayl\u0131\u011f\u0131, \u00e7ok y\u00f6nl\u00fcl\u00fc\u011f\u00fc ve g\u00fcvenlik \u00f6zellikleriyle PTO \u015faft\u0131, yem kar\u0131\u015ft\u0131rma sisteminin dayan\u0131kl\u0131l\u0131\u011f\u0131n\u0131, performans\u0131n\u0131 ve g\u00fcvenilirli\u011fini sa\u011flamada \u00f6nemli bir rol oynar. \u00c7ift\u00e7iler, do\u011fru PTO \u015faft\u0131n\u0131 se\u00e7erek verimlili\u011fi art\u0131rabilir, bak\u0131m maliyetlerini azaltabilir ve yem haz\u0131rlamada sorunsuz \u00e7al\u0131\u015fma sa\u011flayabilirler.<\/p>\n<p><img loading=\"lazy\" decoding=\"async\" class=\"alignnone size-full wp-image-2540\" src=\"https:\/\/fmp-components.com\/wp-content\/uploads\/2025\/01\/Feed-Mixer-Gearbox-for-Mixing-Wagon-Working-Principle.webp\" alt=\"Kar\u0131\u015ft\u0131rma Vagonu i\u00e7in Yem Kar\u0131\u015ft\u0131r\u0131c\u0131 \u015eanz\u0131man \u00c7al\u0131\u015fma Prensibi\" width=\"1024\" height=\"592\" title=\"\" srcset=\"https:\/\/fmp-components.com\/wp-content\/uploads\/2025\/01\/Feed-Mixer-Gearbox-for-Mixing-Wagon-Working-Principle.webp 1024w, https:\/\/fmp-components.com\/wp-content\/uploads\/2025\/01\/Feed-Mixer-Gearbox-for-Mixing-Wagon-Working-Principle-980x567.webp 980w, https:\/\/fmp-components.com\/wp-content\/uploads\/2025\/01\/Feed-Mixer-Gearbox-for-Mixing-Wagon-Working-Principle-480x278.webp 480w\" sizes=\"(min-width: 0px) and (max-width: 480px) 480px, (min-width: 481px) and (max-width: 980px) 980px, (min-width: 981px) 1024px, 100vw\" \/><\/p>\n<h3>FMP Hakk\u0131nda<\/h3>\n<p>Merkezi \u0130talya'da bulunan FMP, \u00f6zellikle tar\u0131m makineleri sekt\u00f6r\u00fcne odaklanan y\u00fcksek performansl\u0131 di\u015fli kutular\u0131n\u0131n tasar\u0131m\u0131, geli\u015ftirilmesi ve \u00fcretimindeki uzmanl\u0131\u011f\u0131yla tan\u0131nan lider bir \u00fcreticidir. Hassas m\u00fchendislik, yenilik\u00e7i \u00e7\u00f6z\u00fcmler ve sars\u0131lmaz g\u00fcvenilirlik konusundaki itibar\u0131yla FMP, hem tar\u0131m hem de sanayi sekt\u00f6rlerinin de\u011fi\u015fen ihtiya\u00e7lar\u0131n\u0131 kar\u015f\u0131lamada g\u00fcvenilir bir ortak haline gelmi\u015ftir. Geni\u015f \u00fcr\u00fcn yelpazemiz, \u00e7im bi\u00e7me makineleri i\u00e7in \u00f6zel di\u015fli kutular\u0131, kuyruk mili milleri ve di\u011fer temel bile\u015fenleri i\u00e7erir ve hepsi geni\u015f bir uygulama yelpazesinde \u00f6zelle\u015ftirilmi\u015f \u00e7\u00f6z\u00fcmler sunmak \u00fczere titizlikle tasarlanm\u0131\u015ft\u0131r.<\/p>\n<p>FMP olarak, her m\u00fc\u015fterinin kendine \u00f6zg\u00fc gereksinimleri ve zorluklar\u0131 oldu\u011funun bilincindeyiz. Bu nedenle, ister bireysel bile\u015fenler ister tamamen entegre sistemler i\u00e7in olsun, \u00f6zel \u00e7\u00f6z\u00fcmler sunma konusunda uzmanla\u015f\u0131yoruz. M\u00fc\u015fterilerimizle yak\u0131n i\u015f birli\u011fi i\u00e7inde \u00e7al\u0131\u015farak her \u00e7\u00f6z\u00fcm\u00fcn yaln\u0131zca etkili de\u011fil, ayn\u0131 zamanda verimli olmas\u0131n\u0131, hem performans\u0131 hem de de\u011feri optimize etmesini sa\u011fl\u0131yoruz. H\u0131zl\u0131 ve profesyonel yan\u0131tlar sunma taahh\u00fcd\u00fcm\u00fcz ve uzman rehberli\u011fimiz, her sorunun en \u00fcst d\u00fczeyde \u00f6zen ve hassasiyetle ele al\u0131nmas\u0131n\u0131 ve m\u00fcmk\u00fcn olan en iyi sonu\u00e7lara ula\u015f\u0131lmas\u0131n\u0131 sa\u011flar.<\/p>\n<p>\u00dcr\u00fcn geli\u015ftirme s\u00fcrecinin tamam\u0131nda a\u00e7\u0131k ve s\u00fcrekli ileti\u015fime \u00f6ncelik veriyoruz. \u00d6zverili ekibimiz, m\u00fc\u015fterilerimizle do\u011frudan \u00e7al\u0131\u015farak \u00f6zel ihtiya\u00e7lar\u0131n\u0131 tam olarak anl\u0131yor ve en uygun \u00e7\u00f6z\u00fcmleri sa\u011flamak i\u00e7in de\u011ferli i\u00e7g\u00f6r\u00fcler ve \u00f6neriler sunuyor. \u0130ster yenilik\u00e7i \u00fcr\u00fcnler tasarl\u0131yor ister devam eden sipari\u015fleri kar\u015f\u0131l\u0131yor olun, FMP her seferinde zaman\u0131nda, y\u00fcksek kaliteli ve hassas m\u00fchendislik \u00e7\u00f6z\u00fcmleri sunmaya kendini adam\u0131\u015ft\u0131r. Amac\u0131m\u0131z, m\u00fc\u015fterilerimize en iyi hizmeti ve sonu\u00e7lar\u0131 sunarak her projede beklentileri a\u015fmakt\u0131r.<\/p>\n<p>Kalite, FMP'nin faaliyetlerinin temel ta\u015f\u0131d\u0131r. En y\u00fcksek \u00fcretim standartlar\u0131na ba\u011fl\u0131 kalarak, her \u00fcr\u00fcn\u00fcn sekt\u00f6r standartlar\u0131n\u0131 kar\u015f\u0131lamas\u0131n\u0131 ve hatta a\u015fmas\u0131n\u0131 sa\u011flamak i\u00e7in s\u0131k\u0131 kalite kontrol \u00f6nlemleri uyguluyoruz. Kaliteye olan bu sars\u0131lmaz ba\u011fl\u0131l\u0131\u011f\u0131m\u0131z, d\u00fcr\u00fcstl\u00fck, ekip \u00e7al\u0131\u015fmas\u0131 ve azim gibi temel de\u011ferlerimizle birle\u015ferek, d\u00fcnya \u00e7ap\u0131nda yakla\u015f\u0131k 30 \u00fclkedeki m\u00fc\u015fterilerimizle uzun s\u00fcreli, g\u00fcvene dayal\u0131 ili\u015fkiler kurmam\u0131z\u0131 sa\u011flam\u0131\u015ft\u0131r.<\/p>\n<p>FMP, k\u00fcresel ortakl\u0131klara her zaman a\u00e7\u0131k olup, m\u00fc\u015fterilerimizin \u00e7e\u015fitli ihtiya\u00e7lar\u0131n\u0131 kar\u015f\u0131layan uzman tavsiyeleri ve \u00f6zelle\u015ftirilmi\u015f \u00e7\u00f6z\u00fcmler sunmaya kendini adam\u0131\u015ft\u0131r. Sadece \u00fcr\u00fcn tedarik etmenin \u00f6tesine ge\u00e7erek, her projenin ba\u015far\u0131s\u0131na katk\u0131da bulunan kal\u0131c\u0131 ili\u015fkiler kurmay\u0131 hedefliyoruz. \u0130ster yeni bir giri\u015fim i\u00e7in yenilik\u00e7i \u00e7\u00f6z\u00fcmlere, ister mevcut bir sistem i\u00e7in s\u00fcrekli deste\u011fe ihtiyac\u0131n\u0131z olsun, FMP teknik zorluklar\u0131n\u0131z\u0131n \u00fcstesinden gelmek ve ba\u015far\u0131n\u0131z\u0131n devam\u0131n\u0131 sa\u011flamak i\u00e7in burada.<\/p>\n<p><img loading=\"lazy\" decoding=\"async\" class=\"alignnone size-full wp-image-1861\" src=\"https:\/\/fmp-components.com\/wp-content\/uploads\/2024\/12\/Other-Agricultural-Gearboxes.webp\" sizes=\"(min-width: 0px) and (max-width: 480px) 480px, (min-width: 481px) and (max-width: 980px) 980px, (min-width: 981px) 1200px, 100vw\" srcset=\"https:\/\/fmp-components.com\/wp-content\/uploads\/2024\/12\/Other-Agricultural-Gearboxes.webp 1200w, https:\/\/fmp-components.com\/wp-content\/uploads\/2024\/12\/Other-Agricultural-Gearboxes-980x1143.webp 980w, https:\/\/fmp-components.com\/wp-content\/uploads\/2024\/12\/Other-Agricultural-Gearboxes-480x560.webp 480w\" alt=\"Altri-cambi-agricoli\" width=\"1200\" height=\"1400\" title=\"\"><\/p>\n<p>Yazar: CX<\/p>","protected":false},"excerpt":{"rendered":"<p>PGA1202VM Mixing wagon Gearboxes Specification Description PGA1202VM Mixing Wagon Gearboxes &#8211; Replacement of Comer Code PGA-1202 Specifications Has a special bearing complete where the screw spindle can be directly connected. Benefits No separate bearing complete required for the winch. Application Mixing wagon Suitable For Single mixer 10\u201314 cubic metres, Double mixer 16\u201324 cubic metres Consists [&hellip;]<\/p>","protected":false},"featured_media":2544,"comment_status":"open","ping_status":"closed","template":"","meta":{"_et_pb_use_builder":"","_et_pb_old_content":"","_et_gb_content_width":""},"product_brand":[],"product_cat":[60],"product_tag":[],"class_list":{"0":"post-2536","1":"product","2":"type-product","3":"status-publish","4":"has-post-thumbnail","6":"product_cat-feed-mixer-gearbox","8":"first","9":"instock","10":"shipping-taxable","11":"product-type-simple"},"_links":{"self":[{"href":"https:\/\/fmp-components.com\/tr\/wp-json\/wp\/v2\/product\/2536","targetHints":{"allow":["GET"]}}],"collection":[{"href":"https:\/\/fmp-components.com\/tr\/wp-json\/wp\/v2\/product"}],"about":[{"href":"https:\/\/fmp-components.com\/tr\/wp-json\/wp\/v2\/types\/product"}],"replies":[{"embeddable":true,"href":"https:\/\/fmp-components.com\/tr\/wp-json\/wp\/v2\/comments?post=2536"}],"wp:featuredmedia":[{"embeddable":true,"href":"https:\/\/fmp-components.com\/tr\/wp-json\/wp\/v2\/media\/2544"}],"wp:attachment":[{"href":"https:\/\/fmp-components.com\/tr\/wp-json\/wp\/v2\/media?parent=2536"}],"wp:term":[{"taxonomy":"product_brand","embeddable":true,"href":"https:\/\/fmp-components.com\/tr\/wp-json\/wp\/v2\/product_brand?post=2536"},{"taxonomy":"product_cat","embeddable":true,"href":"https:\/\/fmp-components.com\/tr\/wp-json\/wp\/v2\/product_cat?post=2536"},{"taxonomy":"product_tag","embeddable":true,"href":"https:\/\/fmp-components.com\/tr\/wp-json\/wp\/v2\/product_tag?post=2536"}],"curies":[{"name":"wp","href":"https:\/\/api.w.org\/{rel}","templated":true}]}}