{"id":2523,"date":"2025-01-02T03:45:19","date_gmt":"2025-01-02T03:45:19","guid":{"rendered":"https:\/\/fmp-components.com\/?page_id=8"},"modified":"2025-01-02T03:59:23","modified_gmt":"2025-01-02T03:59:23","slug":"round-baler-gearbox-fmp2100-t3-for-round-baler-and-harvester","status":"publish","type":"product","link":"https:\/\/fmp-components.com\/tr\/product\/round-baler-gearbox-fmp2100-t3-for-round-baler-and-harvester\/","title":{"rendered":"Yuvarlak Balya Makinesi ve Hasat Makinesi i\u00e7in FMP2100-T3 Yuvarlak Balya Makinesi \u015eanz\u0131man\u0131"},"content":{"rendered":"<p><img loading=\"lazy\" decoding=\"async\" class=\"size-full wp-image-2524 aligncenter\" src=\"https:\/\/fmp-components.com\/wp-content\/uploads\/2025\/01\/Round-Baler-Gearbox-EP2100-T31.webp\" alt=\"Yuvarlak Balya Makinesi \u015eanz\u0131man Kutusu-FMP2100-T3(1)\" width=\"600\" height=\"600\" title=\"\" srcset=\"https:\/\/fmp-components.com\/wp-content\/uploads\/2025\/01\/Round-Baler-Gearbox-EP2100-T31.webp 600w, https:\/\/fmp-components.com\/wp-content\/uploads\/2025\/01\/Round-Baler-Gearbox-EP2100-T31-480x480.webp 480w\" sizes=\"(min-width: 0px) and (max-width: 480px) 480px, (min-width: 481px) 600px, 100vw\" \/><\/p>\n<h2>Yuvarlak Balya Makinas\u0131 \u015eanz\u0131man FMP2100-T3 Teknik Verileri<\/h2>\n<table style=\"width: 93.8969%; height: 116px;\" border=\"1\" cellspacing=\"0\" cellpadding=\"0\">\n<tbody>\n<tr style=\"height: 23px;\">\n<td style=\"height: 46px; width: 15.8921%;\" colspan=\"2\" rowspan=\"2\">Ben<\/td>\n<td style=\"height: 46px; width: 25.3373%;\" rowspan=\"2\">Uygun<\/td>\n<td style=\"height: 23px; width: 9.89505%;\">Rpm giri\u015fi<\/td>\n<td style=\"height: 23px; width: 11.0945%;\">Rpm \u00e7\u0131k\u0131\u015f\u0131<\/td>\n<td style=\"height: 23px; width: 9.44528%;\">KW(Nom)<\/td>\n<td style=\"height: 23px; width: 13.0435%;\">\u00c7\u0131k\u0131\u015f torku<\/td>\n<td style=\"height: 46px; width: 45.2774%;\" rowspan=\"2\">Di\u015f \u00e7\u0131karma<\/td>\n<\/tr>\n<tr style=\"height: 23px;\">\n<td style=\"height: 23px; width: 9.89505%;\">dev\/dak<\/td>\n<td style=\"height: 23px; width: 11.0945%;\">dev\/dak<\/td>\n<td style=\"height: 23px; width: 9.44528%;\">hp<\/td>\n<td style=\"height: 23px; width: 13.0435%;\">Nm<\/td>\n<\/tr>\n<tr style=\"height: 47px;\">\n<td style=\"height: 47px; width: 10.3448%;\">Yava\u015flamak<\/td>\n<td style=\"height: 47px; width: 5.54723%;\">2.1 :1<\/td>\n<td style=\"height: 47px; width: 25.3373%;\">Yuvarlak balya makinesi, hasat makinesi vb.<\/td>\n<td style=\"height: 47px; width: 9.89505%;\">540<\/td>\n<td style=\"height: 47px; width: 11.0945%;\">257<\/td>\n<td style=\"height: 47px; width: 9.44528%;\">80<\/td>\n<td style=\"height: 47px; width: 13.0435%;\">100<\/td>\n<td style=\"height: 47px; width: 45.2774%;\">Gleason Helisel<br \/>\nDi\u015fler<\/td>\n<\/tr>\n<tr style=\"height: 23px;\">\n<td style=\"height: 23px; width: 129.985%;\" colspan=\"8\">Not: Herhangi bir \u00f6zel iste\u011finiz varsa l\u00fctfen bana bildirin, \u00f6zel sipari\u015fleri de kabul ediyoruz.<\/td>\n<\/tr>\n<\/tbody>\n<\/table>\n<h2>Yuvarlak Balya Makinesi \u015eanz\u0131man FMP2100-T3 Bile\u015fen Yap\u0131s\u0131<\/h2>\n<p>FMP2100-T3 Yuvarlak Balya Makinesi \u015eanz\u0131man\u0131, zorlu tar\u0131m uygulamalar\u0131nda y\u00fcksek performans ve g\u00fcvenilirlik sunmak \u00fczere tasarlanm\u0131\u015ft\u0131r. \u015eanz\u0131man, optimum i\u015flevsellik ve dayan\u0131kl\u0131l\u0131k sa\u011flayan iyi tasarlanm\u0131\u015f bir bile\u015fen yap\u0131s\u0131na sahiptir. A\u015fa\u011f\u0131da temel bile\u015fenlerinin bir \u00f6zeti verilmi\u015ftir:<\/p>\n<p><strong>\u015eanz\u0131man Muhafazas\u0131<\/strong><\/p>\n<ul>\n<li>Malzeme: Y\u00fcksek mukavemetli, d\u00f6kme demir veya \u00e7elikten \u00fcretilmi\u015ftir, a\u015f\u0131nma ve strese kar\u015f\u0131 sa\u011flaml\u0131k ve diren\u00e7 sa\u011flar.<\/li>\n<li>Fonksiyonu: Dahili bile\u015fenleri bar\u0131nd\u0131r\u0131r, d\u0131\u015f etkenlere kar\u015f\u0131 koruma sa\u011flar ve sorunsuz \u00e7al\u0131\u015fmas\u0131n\u0131 sa\u011flar.<\/li>\n<\/ul>\n<p><strong>Giri\u015f Mili<\/strong><\/p>\n<ul>\n<li>Malzeme: Y\u00fcksek mukavemetli \u00e7elik.<\/li>\n<li>G\u00f6revi: Trakt\u00f6r\u00fcn PTO'sundan gelen d\u00f6nme g\u00fcc\u00fcn\u00fc \u015fanz\u0131man\u0131n i\u00e7 di\u015flilerine aktar\u0131r.<\/li>\n<\/ul>\n<p><strong>\u00c7\u0131k\u0131\u015f Mili<\/strong><\/p>\n<ul>\n<li>Malzeme: Sertle\u015ftirilmi\u015f \u00e7elik.<\/li>\n<li>Fonksiyonu: \u015eanz\u0131mandan gelen g\u00fcc\u00fc balya makinesinin \u00e7al\u0131\u015fma mekanizmalar\u0131na ileterek balya olu\u015fturma gibi i\u015flemler i\u00e7in enerjinin verimli bir \u015fekilde iletilmesini sa\u011flar.<\/li>\n<\/ul>\n<p><strong>Di\u015fliler<\/strong><\/p>\n<ul>\n<li>Malzeme: Ala\u015f\u0131ml\u0131 \u00e7elik, geli\u015fmi\u015f dayan\u0131kl\u0131l\u0131k ve a\u015f\u0131nma direnci i\u00e7in i\u015flenmi\u015ftir.<\/li>\n<li>Fonksiyon: \u0130\u00e7 di\u015fliler (\u00f6rne\u011fin konik veya mahmuzlu di\u015fliler) g\u00fc\u00e7 ve torkun aktar\u0131lmas\u0131n\u0131 kolayla\u015ft\u0131rarak balya makinesi bile\u015fenleri i\u00e7in uygun d\u00f6n\u00fc\u015f h\u0131zlar\u0131n\u0131 sa\u011flar.<\/li>\n<\/ul>\n<p><strong>Rulmanlar<\/strong><\/p>\n<ul>\n<li>Malzeme: Tar\u0131m makineleri i\u00e7in tasarlanm\u0131\u015f y\u00fcksek kaliteli rulmanlar.<\/li>\n<li>Fonksiyon: \u015eaftlar\u0131 ve di\u015flileri destekleyerek d\u00fczg\u00fcn \u00e7al\u0131\u015fmas\u0131n\u0131 sa\u011flar ve s\u00fcrt\u00fcnmeyi azaltarak uzun \u00f6m\u00fcrl\u00fc olmas\u0131n\u0131 sa\u011flar.<\/li>\n<\/ul>\n<p>FMP2100-T3 Yuvarlak Balya Makinas\u0131 \u015eanz\u0131man\u0131n\u0131n bile\u015fen yap\u0131s\u0131, optimum balya makinas\u0131 performans\u0131 i\u00e7in verimli g\u00fc\u00e7 aktar\u0131m\u0131 sa\u011flarken, tar\u0131msal faaliyetlerin zorlu ko\u015fullar\u0131yla ba\u015fa \u00e7\u0131kmak \u00fczere titizlikle tasarlanm\u0131\u015ft\u0131r.<\/p>\n<table style=\"width: 101.691%; height: 5px;\" width=\"136\">\n<tbody>\n<tr style=\"height: 23px;\">\n<td style=\"height: 23px; width: 49.5218%;\" width=\"72\"><img loading=\"lazy\" decoding=\"async\" class=\"alignnone size-full wp-image-2526\" src=\"https:\/\/fmp-components.com\/wp-content\/uploads\/2025\/01\/Round-Baler-Gearbox-EP2100-T3-Agricultural-Applications-2-980x6321-1.webp\" alt=\"Yuvarlak Balya Makinesi \u015eanz\u0131man\" width=\"980\" height=\"632\" title=\"\" srcset=\"https:\/\/fmp-components.com\/wp-content\/uploads\/2025\/01\/Round-Baler-Gearbox-EP2100-T3-Agricultural-Applications-2-980x6321-1.webp 980w, https:\/\/fmp-components.com\/wp-content\/uploads\/2025\/01\/Round-Baler-Gearbox-EP2100-T3-Agricultural-Applications-2-980x6321-1-480x310.webp 480w\" sizes=\"(min-width: 0px) and (max-width: 480px) 480px, (min-width: 481px) 980px, 100vw\" \/><\/td>\n<td style=\"height: 23px; width: 49.8406%;\" width=\"64\"><img loading=\"lazy\" decoding=\"async\" class=\"alignnone size-full wp-image-2525\" src=\"https:\/\/fmp-components.com\/wp-content\/uploads\/2025\/01\/Round-Baler-Gearbox-EP2100-T3-Agricultural-Applications-1-980x6321-1.webp\" alt=\"Yuvarlak Balya Makinesi Di\u015fli Kutusu EP2100 T3 Tar\u0131msal Uygulamalar 1\" width=\"980\" height=\"632\" title=\"\" srcset=\"https:\/\/fmp-components.com\/wp-content\/uploads\/2025\/01\/Round-Baler-Gearbox-EP2100-T3-Agricultural-Applications-1-980x6321-1.webp 980w, https:\/\/fmp-components.com\/wp-content\/uploads\/2025\/01\/Round-Baler-Gearbox-EP2100-T3-Agricultural-Applications-1-980x6321-1-480x310.webp 480w\" sizes=\"(min-width: 0px) and (max-width: 480px) 480px, (min-width: 481px) 980px, 100vw\" \/><\/td>\n<\/tr>\n<\/tbody>\n<\/table>\n<h2>FMP2100-T3 Yuvarlak Balya Makinesi \u015eanz\u0131man\u0131n\u0131 Kullanman\u0131n Avantajlar\u0131<\/h2>\n<p>FMP2100-T3 Yuvarlak Balya Makinesi \u015eanz\u0131man\u0131, \u00f6zellikle yuvarlak balya makinelerinin verimli \u00e7al\u0131\u015fmas\u0131 a\u00e7\u0131s\u0131ndan, onu tar\u0131msal uygulamalar i\u00e7in ideal bir se\u00e7im haline getiren bir\u00e7ok avantaj sunar. Ba\u015fl\u0131ca avantajlar\u0131 \u015funlard\u0131r:<\/p>\n<p><strong>Y\u00fcksek Dayan\u0131kl\u0131l\u0131k ve G\u00fcvenilirlik<\/strong><\/p>\n<ul>\n<li>Avantaj: Ala\u015f\u0131ml\u0131 \u00e7elik ve d\u00f6kme demir gibi sa\u011flam tasar\u0131m\u0131 ve y\u00fcksek kaliteli malzemeleri, di\u015fli kutusunun zorlu tar\u0131m ko\u015fullar\u0131na dayanabilmesini sa\u011flayarak a\u015f\u0131nma ve ar\u0131za olas\u0131l\u0131\u011f\u0131n\u0131 azalt\u0131r.<\/li>\n<li>Avantaj\u0131: \u015eanz\u0131man\u0131n \u00f6mr\u00fcn\u00fc uzat\u0131r, s\u0131k s\u0131k de\u011fi\u015ftirme veya onar\u0131ma gerek kalmadan s\u00fcrekli \u00e7al\u0131\u015fmas\u0131n\u0131 sa\u011flar.<\/li>\n<\/ul>\n<p><strong>Verimli G\u00fc\u00e7 Aktar\u0131m\u0131<\/strong><\/p>\n<ul>\n<li>Avantaj\u0131: \u0130yi tasarlanm\u0131\u015f di\u015fliler ve y\u00fcksek mukavemetli \u015faftlar, trakt\u00f6r\u00fcn PTO'sundan balya makinesine g\u00fcc\u00fcn verimli bir \u015fekilde aktar\u0131lmas\u0131n\u0131 sa\u011flar.<\/li>\n<li>Avantaj: Bu, d\u00fczg\u00fcn ve tutarl\u0131 balya olu\u015fumuyla sonu\u00e7lan\u0131r, ekipman \u00fczerindeki operasyonel zorlanmay\u0131 azalt\u0131r ve genel verimlili\u011fi art\u0131r\u0131r.<\/li>\n<\/ul>\n<p><strong>Kompakt ve Yerden Tasarruf Sa\u011flayan Tasar\u0131m<\/strong><\/p>\n<ul>\n<li>Avantaj: FMP2100-T3 \u015fanz\u0131man\u0131n\u0131n kompakt tasar\u0131m\u0131, a\u015f\u0131r\u0131 yer kaplamadan yuvarlak balya makinesine kolayca entegre edilmesini sa\u011flar.<\/li>\n<li>Avantaj\u0131: Tar\u0131m makinelerinin genel boyutunu k\u00fc\u00e7\u00fcltmek ve manevra kabiliyetini art\u0131rmak i\u00e7in hayati \u00f6nem ta\u015f\u0131yan, ak\u0131c\u0131 ve verimli bir kurulum sa\u011flar.<\/li>\n<\/ul>\n<p><strong>Kolay Bak\u0131m<\/strong><\/p>\n<ul>\n<li>Avantaj: \u015eanz\u0131man, kolay bak\u0131m i\u00e7in kullan\u0131c\u0131 dostu bir ya\u011flama sistemi, contalar ve eri\u015filebilir bile\u015fenlerle tasarlanm\u0131\u015ft\u0131r.<\/li>\n<li>Avantaj\u0131: Rutin bak\u0131m g\u00f6revlerini basitle\u015ftirir, duru\u015f s\u00fcresini azalt\u0131r ve sahip olma maliyetini d\u00fc\u015f\u00fcr\u00fcr.<\/li>\n<\/ul>\n<p><strong>A\u011f\u0131r Y\u00fckler Alt\u0131nda Optimum Performans<\/strong><\/p>\n<ul>\n<li>Avantaj: FMP2100-T3, a\u011f\u0131r i\u015f y\u00fckleri alt\u0131nda verimli bir \u015fekilde \u00e7al\u0131\u015facak \u015fekilde tasarlanm\u0131\u015ft\u0131r, y\u00fcksek tork kapasitesi ve minimum g\u00fc\u00e7 kayb\u0131 sunar.<\/li>\n<li>Avantaj\u0131: Bu sayede zorlu ko\u015fullarda bile y\u00fcksek performans g\u00f6stererek saman ve ot gibi b\u00fcy\u00fck hacimli malzemelerin ta\u015f\u0131nmas\u0131 i\u00e7in ideal bir \u00e7\u00f6z\u00fcmd\u00fcr.<\/li>\n<\/ul>\n<p>FMP2100-T3 Yuvarlak Balya Makinesi \u015eanz\u0131man\u0131, g\u00fcvenilirlik, verimlilik ve kullan\u0131m kolayl\u0131\u011f\u0131n\u0131 bir arada sunarak, tar\u0131msal yuvarlak balya makinelerinin performans\u0131n\u0131 art\u0131rmak i\u00e7in m\u00fckemmel bir se\u00e7imdir.<\/p>\n<table style=\"width: 98.0248%; height: 103px;\" width=\"136\">\n<tbody>\n<tr style=\"height: 45px;\">\n<td style=\"height: 45px; width: 49.7243%;\" width=\"72\"><img loading=\"lazy\" decoding=\"async\" class=\"alignnone size-full wp-image-2531\" src=\"https:\/\/fmp-components.com\/wp-content\/uploads\/2025\/01\/Round-Baler-Gearbox-EP2100-T3-Agricultural-Applications-3.webp\" alt=\"Yuvarlak Balya Makinesi Di\u015fli Kutusu FMP2100 T3 Tar\u0131msal Uygulamalar 3\" width=\"980\" height=\"632\" title=\"\" srcset=\"https:\/\/fmp-components.com\/wp-content\/uploads\/2025\/01\/Round-Baler-Gearbox-EP2100-T3-Agricultural-Applications-3.webp 980w, https:\/\/fmp-components.com\/wp-content\/uploads\/2025\/01\/Round-Baler-Gearbox-EP2100-T3-Agricultural-Applications-3-480x310.webp 480w\" sizes=\"(min-width: 0px) and (max-width: 480px) 480px, (min-width: 481px) 980px, 100vw\" \/><\/td>\n<td style=\"height: 45px; width: 49.6141%;\" width=\"64\"><img loading=\"lazy\" decoding=\"async\" class=\"alignnone size-full wp-image-2527\" src=\"https:\/\/fmp-components.com\/wp-content\/uploads\/2025\/01\/Round-Baler-Gearbox-EP2100-T3-Agricultural-Applications-4-980x6321-1.webp\" alt=\"Yuvarlak Balya Makinesi \u015eanz\u0131man\" width=\"980\" height=\"632\" title=\"\" srcset=\"https:\/\/fmp-components.com\/wp-content\/uploads\/2025\/01\/Round-Baler-Gearbox-EP2100-T3-Agricultural-Applications-4-980x6321-1.webp 980w, https:\/\/fmp-components.com\/wp-content\/uploads\/2025\/01\/Round-Baler-Gearbox-EP2100-T3-Agricultural-Applications-4-980x6321-1-480x310.webp 480w\" sizes=\"(min-width: 0px) and (max-width: 480px) 480px, (min-width: 481px) 980px, 100vw\" \/><\/td>\n<\/tr>\n<\/tbody>\n<\/table>\n<h2>Yuvarlak Balya Makinesi \u015eanz\u0131man FMP2100-T3 Tar\u0131m Uygulamalar\u0131<\/h2>\n<p>FMP2100-T3 Yuvarlak Balya Makinesi \u015eanz\u0131man\u0131, yuvarlak balya makinelerinin \u00e7al\u0131\u015fmas\u0131n\u0131 optimize etmeye odaklanarak, tar\u0131m makinelerinde kullan\u0131lmak \u00fczere \u00f6zel olarak tasarlanm\u0131\u015ft\u0131r. Bu \u015fanz\u0131man\u0131n tar\u0131mdaki temel uygulamalar\u0131 a\u015fa\u011f\u0131dad\u0131r:<\/p>\n<p><strong>Yuvarlak Balyalama \u0130\u015flemleri<\/strong><\/p>\n<ul>\n<li>Uygulama: FMP2100-T3 di\u015fli kutusu, saman, ot ve silaj gibi mahsullerin hasat edildi\u011fi tar\u0131m operasyonlar\u0131 i\u00e7in \u00f6nemli bir ekipman olan yuvarlak balya makinelerinde \u00f6ncelikli olarak kullan\u0131l\u0131r.<\/li>\n<li>Faydas\u0131: D\u00fczg\u00fcn yuvarlak balyalar\u0131n etkili bir \u015fekilde olu\u015fmas\u0131n\u0131 sa\u011flayarak verimlili\u011fi art\u0131r\u0131r ve \u00e7ift\u00e7ilerin daha sonra kullanmak veya satmak \u00fczere \u00fcr\u00fcn materyalini h\u0131zl\u0131 ve etkili bir \u015fekilde toplay\u0131p depolamas\u0131na olanak tan\u0131r.<\/li>\n<\/ul>\n<p><strong>Saman ve Yem Hasad\u0131<\/strong><\/p>\n<ul>\n<li>Uygulama: \u015eanz\u0131man, PTO tahrikli yuvarlak balya makinesinin bi\u00e7ilmi\u015f \u00e7imi depolama veya ta\u015f\u0131ma i\u00e7in balyalara s\u0131k\u0131\u015ft\u0131rd\u0131\u011f\u0131 saman ve yem hasat makinelerinde kullan\u0131m i\u00e7in idealdir.<\/li>\n<li>Avantaj: \u015eanz\u0131man, de\u011fi\u015fen mahsul ko\u015fullar\u0131yla ba\u015fa \u00e7\u0131kmak i\u00e7in g\u00fcc\u00fc verimli bir \u015fekilde iletir ve kuru ot, silaj ve di\u011fer yem malzemelerinin etkili bir \u015fekilde i\u015flenmesini sa\u011flar.<\/li>\n<\/ul>\n<p><strong>Silaj \u00dcretimi<\/strong><\/p>\n<ul>\n<li>Uygulama: Silaj \u00fcretiminde, silaj\u0131 s\u0131k\u0131\u015ft\u0131rmak ve depolamak i\u00e7in kullan\u0131lan yuvarlak balya makinelerinin tahrikinde \u015fanz\u0131man \u00f6nemli bir rol oynar.<\/li>\n<li>Avantaj: Silaj balyalar\u0131, \u00f6zellikle otlatma sezonlar\u0131n\u0131n k\u0131s\u0131tl\u0131 oldu\u011fu b\u00f6lgelerde hayvan yemi i\u00e7in olmazsa olmazd\u0131r ve \u015fanz\u0131man, \u0131slak ve yo\u011fun malzemelerde bile balyalama i\u015fleminin g\u00fcvenilir ve verimli bir \u015fekilde ger\u00e7ekle\u015ftirilmesini sa\u011flar.<\/li>\n<\/ul>\n<p><strong>Saman Koleksiyonu<\/strong><\/p>\n<ul>\n<li>Uygulama: Hasat sonras\u0131 i\u015flemlerde tah\u0131l ve hububat tarlalar\u0131nda saman toplama amac\u0131yla FMP2100-T3 red\u00fckt\u00f6r\u00fc kullan\u0131lmaktad\u0131r.<\/li>\n<li>Fayda: \u015eanz\u0131man, saman balyalar\u0131na verimli bir \u015fekilde s\u0131k\u0131\u015ft\u0131r\u0131lmas\u0131n\u0131 sa\u011flayarak, yatakl\u0131k, hayvan yemi veya biyoyak\u0131t olarak kullan\u0131lmas\u0131n\u0131 sa\u011flayarak hasat edilen \u00fcr\u00fcnlerden elde edilen de\u011feri art\u0131r\u0131r.<\/li>\n<\/ul>\n<p><strong>Kar\u0131\u015f\u0131k Mahsul Hasad\u0131<\/strong><\/p>\n<ul>\n<li>Uygulama: \u015eanz\u0131man \u00e7ok y\u00f6nl\u00fcd\u00fcr ve farkl\u0131 tipteki malzemelerin (ot, saman, ot vb.) ayn\u0131 yuvarlak balya makinesi kullan\u0131larak balyaland\u0131\u011f\u0131 karma \u00fcr\u00fcn hasat uygulamalar\u0131nda kullan\u0131labilir.<\/li>\n<li>Avantaj: FMP2100-T3, \u00e7e\u015fitli mahsullerle uyumlulu\u011fu garanti ederek, \u00e7e\u015fitli tar\u0131msal faaliyetlerde bulunan ve uyarlanabilir ekipmana ihtiya\u00e7 duyan \u00e7ift\u00e7iler i\u00e7in ideal bir se\u00e7im haline gelir.<\/li>\n<\/ul>\n<p>FMP2100-T3 Yuvarlak Balya Makinesi \u015eanz\u0131man\u0131, \u00f6zellikle yem, silaj, saman ve biyok\u00fctle \u00fcretimi alanlar\u0131nda olmak \u00fczere \u00e7ok \u00e7e\u015fitli tar\u0131msal uygulamalar i\u00e7in son derece \u00e7ok y\u00f6nl\u00fc ve g\u00fcvenilir bir bile\u015fendir. Verimlili\u011fi ve dayan\u0131kl\u0131l\u0131\u011f\u0131, yuvarlak balyalama ekipman\u0131n\u0131n sorunsuz \u00e7al\u0131\u015fmas\u0131n\u0131 sa\u011flayarak verimlili\u011fi art\u0131r\u0131r ve \u00e7e\u015fitli tar\u0131msal ihtiya\u00e7lar i\u00e7in \u00fcr\u00fcn depolamas\u0131n\u0131 optimize eder.<\/p>\n<p><img loading=\"lazy\" decoding=\"async\" class=\"alignnone size-full wp-image-2528\" src=\"https:\/\/fmp-components.com\/wp-content\/uploads\/2025\/01\/Using-the-Round-Baler-Gearbox-EP2100-T3-Advantages1-scaled.webp\" alt=\"Yuvarlak Balya Makinesi \u015eanz\u0131man-FMP2100-T3\" width=\"2560\" height=\"1421\" title=\"\" srcset=\"https:\/\/fmp-components.com\/wp-content\/uploads\/2025\/01\/Using-the-Round-Baler-Gearbox-EP2100-T3-Advantages1-scaled.webp 2560w, https:\/\/fmp-components.com\/wp-content\/uploads\/2025\/01\/Using-the-Round-Baler-Gearbox-EP2100-T3-Advantages1-1280x711.webp 1280w, https:\/\/fmp-components.com\/wp-content\/uploads\/2025\/01\/Using-the-Round-Baler-Gearbox-EP2100-T3-Advantages1-980x544.webp 980w, https:\/\/fmp-components.com\/wp-content\/uploads\/2025\/01\/Using-the-Round-Baler-Gearbox-EP2100-T3-Advantages1-480x266.webp 480w\" sizes=\"(min-width: 0px) and (max-width: 480px) 480px, (min-width: 481px) and (max-width: 980px) 980px, (min-width: 981px) and (max-width: 1280px) 1280px, (min-width: 1281px) 2560px, 100vw\" \/><\/p>\n<h3>FMP Hakk\u0131nda<\/h3>\n<p>Merkezi \u0130talya'da bulunan FMP, \u00f6zellikle tar\u0131m makineleri sekt\u00f6r\u00fcne odaklanan y\u00fcksek performansl\u0131 di\u015fli kutular\u0131n\u0131n tasar\u0131m\u0131, geli\u015ftirilmesi ve \u00fcretimindeki uzmanl\u0131\u011f\u0131yla tan\u0131nan lider bir \u00fcreticidir. Hassas m\u00fchendislik, yenilik\u00e7i \u00e7\u00f6z\u00fcmler ve sars\u0131lmaz g\u00fcvenilirlik konusundaki itibar\u0131yla FMP, hem tar\u0131m hem de sanayi sekt\u00f6rlerinin de\u011fi\u015fen ihtiya\u00e7lar\u0131n\u0131 kar\u015f\u0131lamada g\u00fcvenilir bir ortak haline gelmi\u015ftir. Geni\u015f \u00fcr\u00fcn yelpazemiz, \u00e7im bi\u00e7me makineleri i\u00e7in \u00f6zel di\u015fli kutular\u0131, kuyruk mili milleri ve di\u011fer temel bile\u015fenleri i\u00e7erir ve hepsi geni\u015f bir uygulama yelpazesinde \u00f6zelle\u015ftirilmi\u015f \u00e7\u00f6z\u00fcmler sunmak \u00fczere titizlikle tasarlanm\u0131\u015ft\u0131r.<\/p>\n<p>FMP olarak, her m\u00fc\u015fterinin kendine \u00f6zg\u00fc gereksinimleri ve zorluklar\u0131 oldu\u011funun bilincindeyiz. Bu nedenle, ister bireysel bile\u015fenler ister tamamen entegre sistemler i\u00e7in olsun, \u00f6zel \u00e7\u00f6z\u00fcmler sunma konusunda uzmanla\u015f\u0131yoruz. M\u00fc\u015fterilerimizle yak\u0131n i\u015f birli\u011fi i\u00e7inde \u00e7al\u0131\u015farak her \u00e7\u00f6z\u00fcm\u00fcn yaln\u0131zca etkili de\u011fil, ayn\u0131 zamanda verimli olmas\u0131n\u0131, hem performans\u0131 hem de de\u011feri optimize etmesini sa\u011fl\u0131yoruz. H\u0131zl\u0131 ve profesyonel yan\u0131tlar sunma taahh\u00fcd\u00fcm\u00fcz ve uzman rehberli\u011fimiz, her sorunun en \u00fcst d\u00fczeyde \u00f6zen ve hassasiyetle ele al\u0131nmas\u0131n\u0131 ve m\u00fcmk\u00fcn olan en iyi sonu\u00e7lara ula\u015f\u0131lmas\u0131n\u0131 sa\u011flar.<\/p>\n<p>\u00dcr\u00fcn geli\u015ftirme s\u00fcrecinin tamam\u0131nda a\u00e7\u0131k ve s\u00fcrekli ileti\u015fime \u00f6ncelik veriyoruz. \u00d6zverili ekibimiz, m\u00fc\u015fterilerimizle do\u011frudan \u00e7al\u0131\u015farak \u00f6zel ihtiya\u00e7lar\u0131n\u0131 tam olarak anl\u0131yor ve en uygun \u00e7\u00f6z\u00fcmleri sa\u011flamak i\u00e7in de\u011ferli i\u00e7g\u00f6r\u00fcler ve \u00f6neriler sunuyor. \u0130ster yenilik\u00e7i \u00fcr\u00fcnler tasarl\u0131yor ister devam eden sipari\u015fleri kar\u015f\u0131l\u0131yor olun, FMP her seferinde zaman\u0131nda, y\u00fcksek kaliteli ve hassas m\u00fchendislik \u00e7\u00f6z\u00fcmleri sunmaya kendini adam\u0131\u015ft\u0131r. Amac\u0131m\u0131z, m\u00fc\u015fterilerimize en iyi hizmeti ve sonu\u00e7lar\u0131 sunarak her projede beklentileri a\u015fmakt\u0131r.<\/p>\n<p>Kalite, FMP'nin faaliyetlerinin temel ta\u015f\u0131d\u0131r. En y\u00fcksek \u00fcretim standartlar\u0131na ba\u011fl\u0131 kalarak, her \u00fcr\u00fcn\u00fcn sekt\u00f6r standartlar\u0131n\u0131 kar\u015f\u0131lamas\u0131n\u0131 ve hatta a\u015fmas\u0131n\u0131 sa\u011flamak i\u00e7in s\u0131k\u0131 kalite kontrol \u00f6nlemleri uyguluyoruz. Kaliteye olan bu sars\u0131lmaz ba\u011fl\u0131l\u0131\u011f\u0131m\u0131z, d\u00fcr\u00fcstl\u00fck, ekip \u00e7al\u0131\u015fmas\u0131 ve azim gibi temel de\u011ferlerimizle birle\u015ferek, d\u00fcnya \u00e7ap\u0131nda yakla\u015f\u0131k 30 \u00fclkedeki m\u00fc\u015fterilerimizle uzun s\u00fcreli, g\u00fcvene dayal\u0131 ili\u015fkiler kurmam\u0131z\u0131 sa\u011flam\u0131\u015ft\u0131r.<\/p>\n<p>FMP, k\u00fcresel ortakl\u0131klara her zaman a\u00e7\u0131k olup, m\u00fc\u015fterilerimizin \u00e7e\u015fitli ihtiya\u00e7lar\u0131n\u0131 kar\u015f\u0131layan uzman tavsiyeleri ve \u00f6zelle\u015ftirilmi\u015f \u00e7\u00f6z\u00fcmler sunmaya kendini adam\u0131\u015ft\u0131r. Sadece \u00fcr\u00fcn tedarik etmenin \u00f6tesine ge\u00e7erek, her projenin ba\u015far\u0131s\u0131na katk\u0131da bulunan kal\u0131c\u0131 ili\u015fkiler kurmay\u0131 hedefliyoruz. \u0130ster yeni bir giri\u015fim i\u00e7in yenilik\u00e7i \u00e7\u00f6z\u00fcmlere, ister mevcut bir sistem i\u00e7in s\u00fcrekli deste\u011fe ihtiyac\u0131n\u0131z olsun, FMP teknik zorluklar\u0131n\u0131z\u0131n \u00fcstesinden gelmek ve ba\u015far\u0131n\u0131z\u0131n devam\u0131n\u0131 sa\u011flamak i\u00e7in burada.<\/p>\n<p><img loading=\"lazy\" decoding=\"async\" class=\"alignnone size-full wp-image-1861\" src=\"https:\/\/fmp-components.com\/wp-content\/uploads\/2024\/12\/Other-Agricultural-Gearboxes.webp\" sizes=\"(min-width: 0px) and (max-width: 480px) 480px, (min-width: 481px) and (max-width: 980px) 980px, (min-width: 981px) 1200px, 100vw\" srcset=\"https:\/\/fmp-components.com\/wp-content\/uploads\/2024\/12\/Other-Agricultural-Gearboxes.webp 1200w, https:\/\/fmp-components.com\/wp-content\/uploads\/2024\/12\/Other-Agricultural-Gearboxes-980x1143.webp 980w, https:\/\/fmp-components.com\/wp-content\/uploads\/2024\/12\/Other-Agricultural-Gearboxes-480x560.webp 480w\" alt=\"Altri-cambi-agricoli\" width=\"1200\" height=\"1400\" title=\"\"><\/p>\n<p>Yazar: CX<\/p>","protected":false},"excerpt":{"rendered":"<p>Round Baler Gearbox FMP2100-T3 Technical Data i Suitable Rpm input Rpm output KW(Nom) Output torque Toothing r\/min r\/min hp N.m Decelerate 2.1 :1 Round baler, harvester, etc 540 257 80 100 Gleason Helical Teeth Remark: If you have any special require feel free let me know, we also accept custom. Round Baler Gearbox FMP2100-T3 Component [&hellip;]<\/p>","protected":false},"featured_media":2524,"comment_status":"open","ping_status":"closed","template":"","meta":{"_et_pb_use_builder":"","_et_pb_old_content":"","_et_gb_content_width":""},"product_brand":[],"product_cat":[59],"product_tag":[],"class_list":{"0":"post-2523","1":"product","2":"type-product","3":"status-publish","4":"has-post-thumbnail","6":"product_cat-round-baler-gearbox","8":"first","9":"instock","10":"shipping-taxable","11":"product-type-simple"},"_links":{"self":[{"href":"https:\/\/fmp-components.com\/tr\/wp-json\/wp\/v2\/product\/2523","targetHints":{"allow":["GET"]}}],"collection":[{"href":"https:\/\/fmp-components.com\/tr\/wp-json\/wp\/v2\/product"}],"about":[{"href":"https:\/\/fmp-components.com\/tr\/wp-json\/wp\/v2\/types\/product"}],"replies":[{"embeddable":true,"href":"https:\/\/fmp-components.com\/tr\/wp-json\/wp\/v2\/comments?post=2523"}],"wp:featuredmedia":[{"embeddable":true,"href":"https:\/\/fmp-components.com\/tr\/wp-json\/wp\/v2\/media\/2524"}],"wp:attachment":[{"href":"https:\/\/fmp-components.com\/tr\/wp-json\/wp\/v2\/media?parent=2523"}],"wp:term":[{"taxonomy":"product_brand","embeddable":true,"href":"https:\/\/fmp-components.com\/tr\/wp-json\/wp\/v2\/product_brand?post=2523"},{"taxonomy":"product_cat","embeddable":true,"href":"https:\/\/fmp-components.com\/tr\/wp-json\/wp\/v2\/product_cat?post=2523"},{"taxonomy":"product_tag","embeddable":true,"href":"https:\/\/fmp-components.com\/tr\/wp-json\/wp\/v2\/product_tag?post=2523"}],"curies":[{"name":"wp","href":"https:\/\/api.w.org\/{rel}","templated":true}]}}