{"id":2510,"date":"2025-01-02T02:57:49","date_gmt":"2025-01-02T02:57:49","guid":{"rendered":"https:\/\/fmp-components.com\/?page_id=8"},"modified":"2025-01-02T03:35:08","modified_gmt":"2025-01-02T03:35:08","slug":"round-baler-gearbox-fmp9-35-for-round-baler-and-harvester","status":"publish","type":"product","link":"https:\/\/fmp-components.com\/tr\/product\/round-baler-gearbox-fmp9-35-for-round-baler-and-harvester\/","title":{"rendered":"Yuvarlak Balya Makinesi ve Hasat Makinesi i\u00e7in FMP9.35 Yuvarlak Balya Makinesi \u015eanz\u0131man\u0131"},"content":{"rendered":"<p><img loading=\"lazy\" decoding=\"async\" class=\"alignnone size-full wp-image-2514\" src=\"https:\/\/fmp-components.com\/wp-content\/uploads\/2025\/01\/Round-Baler-Gearbox-EP9.35-Advantages.webp\" alt=\"Yuvarlak Balya Makinesi \u015eanz\u0131man FMP9.35 Avantajlar\u0131\" width=\"1440\" height=\"789\" title=\"\" srcset=\"https:\/\/fmp-components.com\/wp-content\/uploads\/2025\/01\/Round-Baler-Gearbox-EP9.35-Advantages.webp 1440w, https:\/\/fmp-components.com\/wp-content\/uploads\/2025\/01\/Round-Baler-Gearbox-EP9.35-Advantages-1280x701.webp 1280w, https:\/\/fmp-components.com\/wp-content\/uploads\/2025\/01\/Round-Baler-Gearbox-EP9.35-Advantages-980x537.webp 980w, https:\/\/fmp-components.com\/wp-content\/uploads\/2025\/01\/Round-Baler-Gearbox-EP9.35-Advantages-480x263.webp 480w\" sizes=\"(min-width: 0px) and (max-width: 480px) 480px, (min-width: 481px) and (max-width: 980px) 980px, (min-width: 981px) and (max-width: 1280px) 1280px, (min-width: 1281px) 1440px, 100vw\" \/><\/p>\n<h2>Yuvarlak Balya Makinesi \u015eanz\u0131man FMP9.35 Boyutlar\u0131<\/h2>\n<p><img loading=\"lazy\" decoding=\"async\" class=\"alignnone size-full wp-image-2513\" src=\"https:\/\/fmp-components.com\/wp-content\/uploads\/2025\/01\/Round-Baler-Gearbox-EP9.35-Dimensions-2.webp\" alt=\"Yuvarlak Balya Makinesi \u015eanz\u0131man-FMP9.35-Boyutlar-2\" width=\"1530\" height=\"489\" title=\"\" srcset=\"https:\/\/fmp-components.com\/wp-content\/uploads\/2025\/01\/Round-Baler-Gearbox-EP9.35-Dimensions-2.webp 1530w, https:\/\/fmp-components.com\/wp-content\/uploads\/2025\/01\/Round-Baler-Gearbox-EP9.35-Dimensions-2-1280x409.webp 1280w, https:\/\/fmp-components.com\/wp-content\/uploads\/2025\/01\/Round-Baler-Gearbox-EP9.35-Dimensions-2-980x313.webp 980w, https:\/\/fmp-components.com\/wp-content\/uploads\/2025\/01\/Round-Baler-Gearbox-EP9.35-Dimensions-2-480x153.webp 480w\" sizes=\"(min-width: 0px) and (max-width: 480px) 480px, (min-width: 481px) and (max-width: 980px) 980px, (min-width: 981px) and (max-width: 1280px) 1280px, (min-width: 1281px) 1530px, 100vw\" \/><\/p>\n<p><img loading=\"lazy\" decoding=\"async\" class=\"alignnone size-full wp-image-2512\" src=\"https:\/\/fmp-components.com\/wp-content\/uploads\/2025\/01\/Round-Baler-Gearbox-EP9.35-Dimensions-1.webp\" alt=\"Yuvarlak Balya Makinesi \u015eanz\u0131man-FMP9.35-Boyutlar-1\" width=\"1548\" height=\"889\" title=\"\" srcset=\"https:\/\/fmp-components.com\/wp-content\/uploads\/2025\/01\/Round-Baler-Gearbox-EP9.35-Dimensions-1.webp 1548w, https:\/\/fmp-components.com\/wp-content\/uploads\/2025\/01\/Round-Baler-Gearbox-EP9.35-Dimensions-1-1280x735.webp 1280w, https:\/\/fmp-components.com\/wp-content\/uploads\/2025\/01\/Round-Baler-Gearbox-EP9.35-Dimensions-1-980x563.webp 980w, https:\/\/fmp-components.com\/wp-content\/uploads\/2025\/01\/Round-Baler-Gearbox-EP9.35-Dimensions-1-480x276.webp 480w\" sizes=\"(min-width: 0px) and (max-width: 480px) 480px, (min-width: 481px) and (max-width: 980px) 980px, (min-width: 981px) and (max-width: 1280px) 1280px, (min-width: 1281px) 1548px, 100vw\" \/><\/p>\n<h2>Yuvarlak Balya Makinesi \u015eanz\u0131man FMP9.35 Teknik Verileri<\/h2>\n<table style=\"width: 99.9284%; height: 128px;\" border=\"1\" cellspacing=\"0\" cellpadding=\"0\">\n<tbody>\n<tr>\n<td colspan=\"2\" rowspan=\"2\">Ben<\/td>\n<td rowspan=\"2\">Uygun<\/td>\n<td>Rpm giri\u015fi<\/td>\n<td>Rpm \u00e7\u0131k\u0131\u015f\u0131<\/td>\n<td>KW(Nom)<\/td>\n<td>KW(Maks.)<\/td>\n<td rowspan=\"2\">Di\u015f \u00e7\u0131karma<\/td>\n<\/tr>\n<tr>\n<td>dev\/dak<\/td>\n<td>dev\/dak<\/td>\n<td>hp<\/td>\n<td>hp<\/td>\n<\/tr>\n<tr>\n<td>Yava\u015flamak<\/td>\n<td>1.92:1<\/td>\n<td>Yuvarlak balya makinesi,<br \/>\nbi\u00e7erd\u00f6ver vb.<\/td>\n<td>540<\/td>\n<td>282<\/td>\n<td>120<\/td>\n<td>3000<\/td>\n<td>Gleason Helisel<br \/>\nDi\u015fler<\/td>\n<\/tr>\n<tr>\n<td colspan=\"8\">Not: Herhangi bir \u00f6zel iste\u011finiz varsa l\u00fctfen bana bildirin, \u00f6zel sipari\u015fleri de kabul ediyoruz.<\/td>\n<\/tr>\n<\/tbody>\n<\/table>\n<h3>FMP9.35 Yuvarlak Balya Makinesi \u015eanz\u0131man\u0131n\u0131n Avantajlar\u0131<\/h3>\n<p>FMP9.35 Yuvarlak Balya Makinesi \u015eanz\u0131man\u0131, \u00f6zellikle tar\u0131msal yuvarlak balya makineleri i\u00e7in tasarlanm\u0131\u015f, operasyonel verimlili\u011fi ve dayan\u0131kl\u0131l\u0131\u011f\u0131 art\u0131ran \u00e7ok say\u0131da avantaj sunan y\u00fcksek performansl\u0131 bir \u015fanz\u0131mand\u0131r. FMP9.35 \u015fanz\u0131man\u0131n\u0131n temel avantajlar\u0131 a\u015fa\u011f\u0131dad\u0131r:<\/p>\n<p><strong>Y\u00fcksek G\u00fc\u00e7 Ta\u015f\u0131ma Yetene\u011fi<\/strong><\/p>\n<ul>\n<li>Avantaj: FMP9.35, y\u00fcksek torklu y\u00fckleri kald\u0131racak \u015fekilde tasarlanm\u0131\u015ft\u0131r ve bu da onu a\u011f\u0131r hizmet tipi balyalama uygulamalar\u0131 i\u00e7in ideal hale getirir.<\/li>\n<li>Avantaj: Bu, \u015fanz\u0131man\u0131n saman, ot, silaj ve tar\u0131msal at\u0131k gibi sert malzemeleri etkili bir \u015fekilde y\u00f6netmesini sa\u011flayarak, zorlu ko\u015fullar alt\u0131nda bile g\u00fcvenilir g\u00fc\u00e7 aktar\u0131m\u0131 ve optimum balyalama performans\u0131 sa\u011flar.<\/li>\n<\/ul>\n<p><strong>Geli\u015fmi\u015f Dayan\u0131kl\u0131l\u0131k ve Uzun \u00d6m\u00fcr<\/strong><\/p>\n<ul>\n<li>Avantaj: Birinci s\u0131n\u0131f malzemeler ve sa\u011flam yap\u0131 ile \u00fcretilen FMP9.35 \u015fanz\u0131man, uzun \u00f6m\u00fcrl\u00fc performans i\u00e7in tasarlanm\u0131\u015ft\u0131r.<\/li>\n<li>Avantaj\u0131: Dayan\u0131kl\u0131 tasar\u0131m\u0131 a\u015f\u0131nma ve y\u0131pranmay\u0131 \u00f6nemli \u00f6l\u00e7\u00fcde azalt\u0131r, s\u0131k s\u0131k onar\u0131m veya de\u011fi\u015ftirme gerektirmeden y\u0131llarca yo\u011fun kullan\u0131ma dayanmas\u0131n\u0131 sa\u011flar, bu da \u00e7ift\u00e7iler i\u00e7in genel i\u015fletme maliyetlerini d\u00fc\u015f\u00fcr\u00fcr.<\/li>\n<\/ul>\n<p><strong>Sorunsuz ve Verimli \u00c7al\u0131\u015fma<\/strong><\/p>\n<ul>\n<li>Avantaj: FMP9.35 \u015fanz\u0131man, \u00e7al\u0131\u015fma s\u0131ras\u0131nda enerji kay\u0131plar\u0131n\u0131 en aza indirerek, g\u00fc\u00e7 iletiminin sorunsuz olmas\u0131n\u0131 sa\u011flayacak \u015fekilde optimize edilmi\u015ftir.<\/li>\n<li>Avantaj: Verimli g\u00fc\u00e7 aktar\u0131m\u0131 yak\u0131t t\u00fcketimini azalt\u0131r ve balya makinesinin genel performans\u0131n\u0131 art\u0131rarak i\u015flemlerin yaln\u0131zca etkili de\u011fil ayn\u0131 zamanda maliyet a\u00e7\u0131s\u0131ndan da verimli olmas\u0131n\u0131 sa\u011flar.<\/li>\n<\/ul>\n<p><strong>D\u00fc\u015f\u00fck Bak\u0131m Gereksinimleri<\/strong><\/p>\n<ul>\n<li>Avantaj: \u015eanz\u0131man, h\u0131zl\u0131 kontrol ve basit servis imk\u00e2n\u0131 sa\u011flayan \u00f6zellikleriyle kolay bak\u0131m i\u00e7in tasarlanm\u0131\u015ft\u0131r.<\/li>\n<li>Avantaj: Bu, duru\u015f s\u00fcresini azalt\u0131r ve \u015fanz\u0131man\u0131n minimum \u00e7abayla en iyi durumda kalmas\u0131n\u0131 sa\u011flayarak, balyalama sezonu boyunca daha s\u00fcrekli \u00e7al\u0131\u015fmaya ve daha az kesintiye olanak tan\u0131r.<\/li>\n<\/ul>\n<p><strong>Kompakt ve Yerden Tasarruf Sa\u011flayan Tasar\u0131m<\/strong><\/p>\n<ul>\n<li>Avantaj: FMP9.35, optimum performans sunarken yerden tasarruf sa\u011flayan kompakt bir yap\u0131 ile tasarlanm\u0131\u015ft\u0131r.<\/li>\n<li>Avantaj\u0131: Kompakt boyutu, daha hafif ve manevra kabiliyeti y\u00fcksek bir balya makinesi olmas\u0131na katk\u0131da bulunur ve dar alanlarda veya ula\u015f\u0131lmas\u0131 zor alanlarda \u00e7al\u0131\u015f\u0131rken daha fazla esneklik sa\u011flar.<\/li>\n<\/ul>\n<p><strong>\u00c7e\u015fitli Uygulamalar i\u00e7in \u00c7ok Y\u00f6nl\u00fcl\u00fck<\/strong><\/p>\n<ul>\n<li>Avantaj: FMP9.35 \u015fanz\u0131man\u0131 \u00e7ok y\u00f6nl\u00fcd\u00fcr ve saman, ot ve silaj dahil olmak \u00fczere farkl\u0131 balyalama t\u00fcrleri i\u00e7in uygundur.<\/li>\n<li>Avantaj\u0131: Uyum sa\u011flama yetene\u011fi, balya makinesinin farkl\u0131 tar\u0131msal ko\u015fullarda iyi performans g\u00f6stermesini sa\u011flayarak, \u00e7e\u015fitli mahsul ve malzemeleri i\u015fleyebilen bir di\u015fli kutusuna ihtiya\u00e7 duyan \u00e7ift\u00e7iler i\u00e7in harika bir se\u00e7im olmas\u0131n\u0131 sa\u011flar.<\/li>\n<\/ul>\n<p>FMP9.35 Yuvarlak Balya Makinesi \u015eanz\u0131man\u0131, modern tar\u0131msal balyalama i\u015flemlerinin zorlu ihtiya\u00e7lar\u0131n\u0131 kar\u015f\u0131lamak \u00fczere tasarlanm\u0131\u015f g\u00fc\u00e7l\u00fc, dayan\u0131kl\u0131 ve verimli bir \u015fanz\u0131mand\u0131r. Sa\u011flam yap\u0131s\u0131, sorunsuz \u00e7al\u0131\u015fmas\u0131 ve d\u00fc\u015f\u00fck bak\u0131m gereksinimleri, g\u00fcvenilir ve y\u00fcksek performansl\u0131 bir \u015fanz\u0131man arayan \u00e7ift\u00e7iler i\u00e7in ideal bir se\u00e7imdir. FMP9.35, verimlili\u011fi en \u00fcst d\u00fczeye \u00e7\u0131karmaya, i\u015fletme maliyetlerini d\u00fc\u015f\u00fcrmeye ve uzun vadeli g\u00fcvenilirlik sa\u011flamaya yard\u0131mc\u0131 olarak, \u00e7e\u015fitli tar\u0131msal ortamlarda yuvarlak balyalama g\u00f6revlerinin genel ba\u015far\u0131s\u0131na katk\u0131da bulunur.<\/p>\n<p><img loading=\"lazy\" decoding=\"async\" class=\"alignnone size-full wp-image-2507\" src=\"https:\/\/fmp-components.com\/wp-content\/uploads\/2025\/01\/Round-Baler-Gearbox-EP9.0-HL01-for-Agricultural-21.webp\" alt=\"Tar\u0131msal Yuvarlak Balya Makinesi Di\u015fli Kutusu FMP9.0-HL01-2(1)\" width=\"980\" height=\"653\" title=\"\" srcset=\"https:\/\/fmp-components.com\/wp-content\/uploads\/2025\/01\/Round-Baler-Gearbox-EP9.0-HL01-for-Agricultural-21.webp 980w, https:\/\/fmp-components.com\/wp-content\/uploads\/2025\/01\/Round-Baler-Gearbox-EP9.0-HL01-for-Agricultural-21-480x320.webp 480w\" sizes=\"(min-width: 0px) and (max-width: 480px) 480px, (min-width: 481px) 980px, 100vw\" \/><\/p>\n<h3>Tar\u0131mda FMP9.35 Yuvarlak Balya Makinesi \u015eanz\u0131man\u0131n\u0131n \u0130\u015flevi<\/h3>\n<p>Yuvarlak Balya Makinesi \u015eanz\u0131man Kutusu FMP9.35, saman, ot ve silaj gibi malzemelerin s\u0131k\u0131\u015ft\u0131r\u0131lmas\u0131 ve balyalanmas\u0131 i\u00e7in tar\u0131mda olmazsa olmaz makineler olan yuvarlak balya makinelerinin \u00e7al\u0131\u015fmas\u0131nda kritik bir rol oynar. Bu \u015fanz\u0131man, g\u00fcc\u00fcn trakt\u00f6rden balya makinesine verimli bir \u015fekilde iletilmesini sa\u011flayarak balyalama g\u00f6revleri s\u0131ras\u0131nda optimum performans sa\u011flar. FMP9.35 Yuvarlak Balya Makinesi \u015eanz\u0131man Kutusunun temel i\u015flevleri a\u015fa\u011f\u0131dad\u0131r:<\/p>\n<p><strong>G\u00fc\u00e7 Aktar\u0131m\u0131<\/strong><\/p>\n<ul>\n<li>Fonksiyon: FMP9.35 \u015fanz\u0131man\u0131n temel fonksiyonu trakt\u00f6r\u00fcn PTO'sundan (G\u00fc\u00e7 Aktarma Organ\u0131) gelen g\u00fcc\u00fc yuvarlak balya makinesinin i\u00e7 mekanizmalar\u0131na iletmektir.<\/li>\n<li>Faydas\u0131: Balya makinesinin, malzemeleri besleme, s\u0131k\u0131\u015ft\u0131rma ve s\u0131k\u0131 balyalar olu\u015fturmak i\u00e7in ba\u011flama gibi \u00e7e\u015fitli i\u015flevleri yerine getirmesini sa\u011flayarak, d\u00fczg\u00fcn ve etkili bir g\u00fc\u00e7 aktar\u0131m\u0131 sa\u011flar.<\/li>\n<\/ul>\n<p><strong>Tork \u00c7arp\u0131m\u0131<\/strong><\/p>\n<ul>\n<li>Fonksiyon: \u015eanz\u0131man, balya makinesinin par\u00e7alar\u0131na uygulanan d\u00f6nme kuvvetini art\u0131rarak tork \u00e7o\u011falt\u0131m\u0131 sa\u011flar.<\/li>\n<li>Avantaj: Bu, \u00f6zellikle \u0131slak saman veya ot gibi sert ve yo\u011fun malzemelerle u\u011fra\u015f\u0131rken \u00f6nemlidir ve balya makinesinin sistemi a\u015f\u0131r\u0131 y\u00fcklemeden gerekli verimlilik ve g\u00fc\u00e7 seviyesinde \u00e7al\u0131\u015fmas\u0131n\u0131 sa\u011flar.<\/li>\n<\/ul>\n<p><strong>H\u0131z Azaltma<\/strong><\/p>\n<ul>\n<li>Fonksiyon: FMP9.35 \u015fanz\u0131man, trakt\u00f6r\u00fcn PTO'sundan gelen y\u00fcksek d\u00f6n\u00fc\u015f h\u0131z\u0131n\u0131, silindirler ve s\u0131k\u0131\u015ft\u0131rma mekanizmas\u0131 gibi balya makinesinin operasyonel bile\u015fenleri i\u00e7in optimum h\u0131za d\u00fc\u015f\u00fcr\u00fcr.<\/li>\n<li>Avantaj: H\u0131zdaki bu kontroll\u00fc azalma, balyalama sisteminin hasar g\u00f6rmesini \u00f6nler ve balya makinesinin verimli s\u0131k\u0131\u015ft\u0131rma ve balya olu\u015fumu i\u00e7in ideal bir h\u0131zda \u00e7al\u0131\u015fmas\u0131n\u0131 sa\u011flar.<\/li>\n<\/ul>\n<p><strong>Balya Mekanizmalar\u0131n\u0131n Senkronizasyonu<\/strong><\/p>\n<ul>\n<li>Fonksiyonu: \u015eanz\u0131man, balya makinesindeki emme, s\u0131k\u0131\u015ft\u0131rma ve ba\u011flama sistemleri dahil olmak \u00fczere \u00e7e\u015fitli mekanik bile\u015fenlerin senkronize edilmesinden sorumludur.<\/li>\n<li>Avantaj: \u015eanz\u0131man, bu bile\u015fenlerin hareketini koordine ederek t\u00fcm i\u015flemlerin uyum i\u00e7inde ger\u00e7ekle\u015fmesini sa\u011flar ve tutarl\u0131 ve y\u00fcksek kaliteli balya olu\u015fumuna yol a\u00e7ar.<\/li>\n<\/ul>\n<p><strong>Y\u00fck Da\u011f\u0131l\u0131m\u0131<\/strong><\/p>\n<ul>\n<li>Fonksiyon: FMP9.35 di\u015fli kutusu, mekanik y\u00fck\u00fcn sistem genelinde e\u015fit \u015fekilde da\u011f\u0131lmas\u0131na yard\u0131mc\u0131 olarak hi\u00e7bir bile\u015fenin a\u015f\u0131r\u0131 zorlanmamas\u0131n\u0131 sa\u011flar.<\/li>\n<li>Fayda: Bu y\u00fck da\u011f\u0131l\u0131m\u0131, kritik bile\u015fenlerdeki a\u015f\u0131nma ve y\u0131pranmay\u0131 en aza indirerek balya makinesinin \u00f6mr\u00fcn\u00fc uzat\u0131r ve bak\u0131m gereksinimlerini azalt\u0131r.<\/li>\n<\/ul>\n<p>Yuvarlak Balya Makinesi \u015eanz\u0131man Kutusu FMP9.35, tar\u0131msal uygulamalarda yuvarlak balya makinelerinin verimli ve g\u00fcvenilir \u00e7al\u0131\u015fmas\u0131n\u0131 sa\u011flamak i\u00e7in vazge\u00e7ilmezdir. Sorunsuz g\u00fc\u00e7 aktar\u0131m\u0131, tork art\u0131\u015f\u0131, h\u0131z d\u00fc\u015f\u00fcrme ve y\u00fck da\u011f\u0131l\u0131m\u0131 sa\u011flayarak, balya makinesinin performans\u0131n\u0131 en \u00fcst d\u00fczeye \u00e7\u0131kar\u0131rken i\u015fletme maliyetlerini ve bak\u0131m gereksinimlerini en aza indirir. Bu \u015fanz\u0131man, \u00e7ift\u00e7ilerin tutarl\u0131 ve y\u00fcksek kaliteli balyalar elde etmelerine yard\u0131mc\u0131 olur ve balyalama i\u015flemlerinin genel verimlili\u011fini art\u0131r\u0131r.<\/p>\n<p><img loading=\"lazy\" decoding=\"async\" class=\"alignnone size-full wp-image-2505\" src=\"https:\/\/fmp-components.com\/wp-content\/uploads\/2025\/01\/Round-Baler-Gearbox-191-scaled.webp\" alt=\"Yuvarlak Balya Makinesi \u015eanz\u0131man-19(1)\" width=\"2560\" height=\"1920\" title=\"\" srcset=\"https:\/\/fmp-components.com\/wp-content\/uploads\/2025\/01\/Round-Baler-Gearbox-191-scaled.webp 2560w, https:\/\/fmp-components.com\/wp-content\/uploads\/2025\/01\/Round-Baler-Gearbox-191-1280x960.webp 1280w, https:\/\/fmp-components.com\/wp-content\/uploads\/2025\/01\/Round-Baler-Gearbox-191-980x735.webp 980w, https:\/\/fmp-components.com\/wp-content\/uploads\/2025\/01\/Round-Baler-Gearbox-191-480x360.webp 480w\" sizes=\"(min-width: 0px) and (max-width: 480px) 480px, (min-width: 481px) and (max-width: 980px) 980px, (min-width: 981px) and (max-width: 1280px) 1280px, (min-width: 1281px) 2560px, 100vw\" \/><\/p>\n<h3>FMP Hakk\u0131nda<\/h3>\n<p>Merkezi \u0130talya'da bulunan FMP, \u00f6zellikle tar\u0131m makineleri sekt\u00f6r\u00fc i\u00e7in y\u00fcksek performansl\u0131 di\u015fli kutular\u0131n\u0131n tasar\u0131m\u0131, geli\u015ftirilmesi ve \u00fcretimindeki uzmanl\u0131\u011f\u0131yla tan\u0131nan \u00f6nde gelen bir \u00fcreticidir. Hassas m\u00fchendislik, yenilik\u00e7i \u00e7\u00f6z\u00fcmler ve sars\u0131lmaz g\u00fcvenilirli\u011fiyle tan\u0131nan FMP, hem tar\u0131m hem de end\u00fcstriyel pazarlar\u0131n de\u011fi\u015fen taleplerini kar\u015f\u0131lamada g\u00fcvenilir bir ortak olarak kendini kan\u0131tlam\u0131\u015ft\u0131r. Geni\u015f \u00fcr\u00fcn portf\u00f6y\u00fcm\u00fcz, \u00e7im bi\u00e7me makineleri, PTO \u015faftlar\u0131 ve di\u011fer \u00e7e\u015fitli kritik bile\u015fenler i\u00e7in \u00f6zel di\u015fli kutular\u0131 i\u00e7erir ve hepsi \u00e7ok \u00e7e\u015fitli uygulamalarda \u00f6zel \u00e7\u00f6z\u00fcmler sunmak \u00fczere tasarlanm\u0131\u015ft\u0131r.<\/p>\n<p>FMP olarak, her m\u00fc\u015fterinin ihtiya\u00e7lar\u0131n\u0131n benzersiz oldu\u011funun bilincindeyiz. Bu nedenle, ister bireysel bile\u015fenler ister tamamen entegre sistemler i\u00e7in olsun, \u00f6zelle\u015ftirilmi\u015f \u00e7\u00f6z\u00fcmler sunma konusunda uzmanla\u015f\u0131yoruz. M\u00fc\u015fterilerimizle yak\u0131n i\u015f birli\u011fi i\u00e7inde \u00e7al\u0131\u015farak, her \u00e7\u00f6z\u00fcm\u00fcn yaln\u0131zca etkili de\u011fil, ayn\u0131 zamanda verimlilik, performans ve de\u011fer a\u00e7\u0131s\u0131ndan optimize edilmi\u015f olmas\u0131n\u0131 sa\u011fl\u0131yoruz. Uzman rehberli\u011fiyle desteklenen h\u0131zl\u0131 ve profesyonel yan\u0131tlar sunma taahh\u00fcd\u00fcm\u00fcz, her talebin hassasiyetle ele al\u0131nmas\u0131n\u0131 ve m\u00fcmk\u00fcn olan en iyi sonu\u00e7lar\u0131n elde edilmesini sa\u011flar.<\/p>\n<p>\u00dcr\u00fcn geli\u015ftirme s\u00fcrecinin tamam\u0131nda \u015feffaf ve s\u00fcrekli ileti\u015fime \u00f6ncelik veriyoruz. \u00d6zverili ekibimiz, m\u00fc\u015fterilerimizle do\u011frudan \u00e7al\u0131\u015farak \u00f6zel ihtiya\u00e7lar\u0131n\u0131 derinlemesine anl\u0131yor, pratik i\u00e7g\u00f6r\u00fcler ve en uygun \u00e7\u00f6z\u00fcmlere yol a\u00e7an \u00f6neriler sunuyor. \u0130ster yenilik\u00e7i \u00fcr\u00fcnler tasarl\u0131yor ister devam eden sipari\u015fleri kar\u015f\u0131l\u0131yor olal\u0131m, FMP her seferinde zaman\u0131nda, y\u00fcksek kaliteli ve hassas m\u00fchendislik \u00e7\u00f6z\u00fcmleri sunmaya kendini adam\u0131\u015ft\u0131r. Misyonumuz, m\u00fc\u015fterilerimize \u00fcst\u00fcn hizmet ve sonu\u00e7lar sunarak her projede beklentileri s\u00fcrekli a\u015fmakt\u0131r.<\/p>\n<p>Kalite, FMP'nin faaliyetlerinin temelidir. En y\u00fcksek \u00fcretim standartlar\u0131na ba\u011fl\u0131 kalarak, her \u00fcr\u00fcn\u00fcn sekt\u00f6r standartlar\u0131n\u0131 kar\u015f\u0131lamas\u0131n\u0131 ve hatta a\u015fmas\u0131n\u0131 sa\u011flamak i\u00e7in titiz kalite kontrol s\u00fcre\u00e7leri uyguluyoruz. Kaliteye olan bu sars\u0131lmaz ba\u011fl\u0131l\u0131\u011f\u0131m\u0131z, d\u00fcr\u00fcstl\u00fck, ekip \u00e7al\u0131\u015fmas\u0131 ve azim gibi temel de\u011ferlerimizle birlikte, d\u00fcnya \u00e7ap\u0131nda yakla\u015f\u0131k 30 \u00fclkedeki m\u00fc\u015fterilerimizle uzun s\u00fcreli, g\u00fcvene dayal\u0131 ili\u015fkiler kurmam\u0131z\u0131 sa\u011flam\u0131\u015ft\u0131r.<\/p>\n<p>FMP olarak, k\u00fcresel ortakl\u0131klar kurmaya her zaman a\u00e7\u0131\u011f\u0131z ve m\u00fc\u015fterilerimizin \u00e7e\u015fitli ihtiya\u00e7lar\u0131n\u0131 kar\u015f\u0131layan uzman tavsiyeleri ve \u00f6zelle\u015ftirilmi\u015f \u00e7\u00f6z\u00fcmler sunmaya kendimizi adad\u0131k. Sadece \u00fcr\u00fcn sa\u011flaman\u0131n \u00f6tesine ge\u00e7erek, her projenin ba\u015far\u0131s\u0131na katk\u0131da bulunan kal\u0131c\u0131 ili\u015fkiler kurmaya \u00e7al\u0131\u015f\u0131yoruz. \u0130ster yeni bir giri\u015fim i\u00e7in yenilik\u00e7i \u00e7\u00f6z\u00fcmlere, ister mevcut bir sistem i\u00e7in s\u00fcrekli deste\u011fe ihtiyac\u0131n\u0131z olsun, FMP teknik zorluklar\u0131n\u0131z\u0131n \u00fcstesinden gelmek ve ba\u015far\u0131n\u0131z\u0131n devam\u0131n\u0131 sa\u011flamak i\u00e7in burada.<\/p>\n<p><img loading=\"lazy\" decoding=\"async\" class=\"alignnone size-full wp-image-1861\" src=\"https:\/\/fmp-components.com\/wp-content\/uploads\/2024\/12\/Other-Agricultural-Gearboxes.webp\" sizes=\"(min-width: 0px) and (max-width: 480px) 480px, (min-width: 481px) and (max-width: 980px) 980px, (min-width: 981px) 1200px, 100vw\" srcset=\"https:\/\/fmp-components.com\/wp-content\/uploads\/2024\/12\/Other-Agricultural-Gearboxes.webp 1200w, https:\/\/fmp-components.com\/wp-content\/uploads\/2024\/12\/Other-Agricultural-Gearboxes-980x1143.webp 980w, https:\/\/fmp-components.com\/wp-content\/uploads\/2024\/12\/Other-Agricultural-Gearboxes-480x560.webp 480w\" alt=\"Altri-cambi-agricoli\" width=\"1200\" height=\"1400\" title=\"\"><\/p>\n<p>Yazar: CX<\/p>","protected":false},"excerpt":{"rendered":"<p>Round Baler Gearbox FMP9.35 Dimensions Round Baler Gearbox FMP9.35 Technical Data i Suitable Rpm input Rpm output KW(Nom) KW(Max) Toothing r\/min r\/min hp hp Decelerate 1.92:1 Round baler, harvester, etc 540 282 120 3000 Gleason Helical Teeth Remark: If you have any special require feel free let me know, we also accept custom. Advantages of [&hellip;]<\/p>","protected":false},"featured_media":2514,"comment_status":"open","ping_status":"closed","template":"","meta":{"_et_pb_use_builder":"","_et_pb_old_content":"","_et_gb_content_width":""},"product_brand":[],"product_cat":[59],"product_tag":[],"class_list":{"0":"post-2510","1":"product","2":"type-product","3":"status-publish","4":"has-post-thumbnail","6":"product_cat-round-baler-gearbox","8":"first","9":"instock","10":"shipping-taxable","11":"product-type-simple"},"_links":{"self":[{"href":"https:\/\/fmp-components.com\/tr\/wp-json\/wp\/v2\/product\/2510","targetHints":{"allow":["GET"]}}],"collection":[{"href":"https:\/\/fmp-components.com\/tr\/wp-json\/wp\/v2\/product"}],"about":[{"href":"https:\/\/fmp-components.com\/tr\/wp-json\/wp\/v2\/types\/product"}],"replies":[{"embeddable":true,"href":"https:\/\/fmp-components.com\/tr\/wp-json\/wp\/v2\/comments?post=2510"}],"wp:featuredmedia":[{"embeddable":true,"href":"https:\/\/fmp-components.com\/tr\/wp-json\/wp\/v2\/media\/2514"}],"wp:attachment":[{"href":"https:\/\/fmp-components.com\/tr\/wp-json\/wp\/v2\/media?parent=2510"}],"wp:term":[{"taxonomy":"product_brand","embeddable":true,"href":"https:\/\/fmp-components.com\/tr\/wp-json\/wp\/v2\/product_brand?post=2510"},{"taxonomy":"product_cat","embeddable":true,"href":"https:\/\/fmp-components.com\/tr\/wp-json\/wp\/v2\/product_cat?post=2510"},{"taxonomy":"product_tag","embeddable":true,"href":"https:\/\/fmp-components.com\/tr\/wp-json\/wp\/v2\/product_tag?post=2510"}],"curies":[{"name":"wp","href":"https:\/\/api.w.org\/{rel}","templated":true}]}}