{"id":2501,"date":"2025-01-02T02:44:16","date_gmt":"2025-01-02T02:44:16","guid":{"rendered":"https:\/\/fmp-components.com\/?page_id=8"},"modified":"2025-01-02T02:46:27","modified_gmt":"2025-01-02T02:46:27","slug":"round-baler-gearbox-fmp9-0-hl01-for-round-baler-and-harvester","status":"publish","type":"product","link":"https:\/\/fmp-components.com\/tr\/product\/round-baler-gearbox-fmp9-0-hl01-for-round-baler-and-harvester\/","title":{"rendered":"Yuvarlak Balya Makinesi ve Hasat Makinesi i\u00e7in FMP9.0-HL01 Yuvarlak Balya Makinesi \u015eanz\u0131man\u0131"},"content":{"rendered":"<p><img loading=\"lazy\" decoding=\"async\" class=\"alignnone size-full wp-image-2506\" src=\"https:\/\/fmp-components.com\/wp-content\/uploads\/2025\/01\/Round-Baler-Gearbox-FMP9.0-HL01-Features1.webp\" alt=\"Yuvarlak Balya Makinesi \u015eanz\u0131man-FMP9.0-HL01-\u00d6zellikler(1)\" width=\"1340\" height=\"773\" title=\"\" srcset=\"https:\/\/fmp-components.com\/wp-content\/uploads\/2025\/01\/Round-Baler-Gearbox-FMP9.0-HL01-Features1.webp 1340w, https:\/\/fmp-components.com\/wp-content\/uploads\/2025\/01\/Round-Baler-Gearbox-FMP9.0-HL01-Features1-1280x738.webp 1280w, https:\/\/fmp-components.com\/wp-content\/uploads\/2025\/01\/Round-Baler-Gearbox-FMP9.0-HL01-Features1-980x565.webp 980w, https:\/\/fmp-components.com\/wp-content\/uploads\/2025\/01\/Round-Baler-Gearbox-FMP9.0-HL01-Features1-480x277.webp 480w\" sizes=\"(min-width: 0px) and (max-width: 480px) 480px, (min-width: 481px) and (max-width: 980px) 980px, (min-width: 981px) and (max-width: 1280px) 1280px, (min-width: 1281px) 1340px, 100vw\" \/><\/p>\n<h2>Yuvarlak Balya Makinesi \u015eanz\u0131man FMP9.0-HL01 Boyutlar\u0131<\/h2>\n<p><img loading=\"lazy\" decoding=\"async\" class=\"alignnone size-full wp-image-2508\" src=\"https:\/\/fmp-components.com\/wp-content\/uploads\/2025\/01\/Round-Baler-Gearbox-EP9.0-HL01-Dimensions-2.webp\" alt=\"Yuvarlak Balya Makinesi \u015eanz\u0131man-FMP9.0-HL01-Boyutlar-2\" width=\"1380\" height=\"893\" title=\"\" srcset=\"https:\/\/fmp-components.com\/wp-content\/uploads\/2025\/01\/Round-Baler-Gearbox-EP9.0-HL01-Dimensions-2.webp 1380w, https:\/\/fmp-components.com\/wp-content\/uploads\/2025\/01\/Round-Baler-Gearbox-EP9.0-HL01-Dimensions-2-1280x828.webp 1280w, https:\/\/fmp-components.com\/wp-content\/uploads\/2025\/01\/Round-Baler-Gearbox-EP9.0-HL01-Dimensions-2-980x634.webp 980w, https:\/\/fmp-components.com\/wp-content\/uploads\/2025\/01\/Round-Baler-Gearbox-EP9.0-HL01-Dimensions-2-480x311.webp 480w\" sizes=\"(min-width: 0px) and (max-width: 480px) 480px, (min-width: 481px) and (max-width: 980px) 980px, (min-width: 981px) and (max-width: 1280px) 1280px, (min-width: 1281px) 1380px, 100vw\" \/> <img loading=\"lazy\" decoding=\"async\" class=\"alignnone size-full wp-image-2509\" src=\"https:\/\/fmp-components.com\/wp-content\/uploads\/2025\/01\/Round-Baler-Gearbox-EP9.0-HL01-Dimensions-1.webp\" alt=\"Yuvarlak Balya Makinesi \u015eanz\u0131man-FMP9.0-HL01-Boyutlar-1\" width=\"1386\" height=\"437\" title=\"\" srcset=\"https:\/\/fmp-components.com\/wp-content\/uploads\/2025\/01\/Round-Baler-Gearbox-EP9.0-HL01-Dimensions-1.webp 1386w, https:\/\/fmp-components.com\/wp-content\/uploads\/2025\/01\/Round-Baler-Gearbox-EP9.0-HL01-Dimensions-1-1280x404.webp 1280w, https:\/\/fmp-components.com\/wp-content\/uploads\/2025\/01\/Round-Baler-Gearbox-EP9.0-HL01-Dimensions-1-980x309.webp 980w, https:\/\/fmp-components.com\/wp-content\/uploads\/2025\/01\/Round-Baler-Gearbox-EP9.0-HL01-Dimensions-1-480x151.webp 480w\" sizes=\"(min-width: 0px) and (max-width: 480px) 480px, (min-width: 481px) and (max-width: 980px) 980px, (min-width: 981px) and (max-width: 1280px) 1280px, (min-width: 1281px) 1386px, 100vw\" \/><\/p>\n<h2>Yuvarlak Balya Makinesi \u015eanz\u0131man FMP9.0-HL01 Teknik Verileri<\/h2>\n<table style=\"width: 99.6064%; height: 141px;\" border=\"1\" cellspacing=\"0\" cellpadding=\"0\">\n<tbody>\n<tr>\n<td colspan=\"2\" rowspan=\"2\">Ben<\/td>\n<td rowspan=\"2\">Uygun<\/td>\n<td>Rpm giri\u015fi<\/td>\n<td>Rpm \u00e7\u0131k\u0131\u015f\u0131<\/td>\n<td>KW(Nom)<\/td>\n<td>KW(Maks.)<\/td>\n<td rowspan=\"2\">Di\u015f \u00e7\u0131karma<\/td>\n<\/tr>\n<tr>\n<td>dev\/dak<\/td>\n<td>dev\/dak<\/td>\n<td>hp<\/td>\n<td>hp<\/td>\n<\/tr>\n<tr>\n<td>Yava\u015flamak<\/td>\n<td>1.92:1<\/td>\n<td>Yuvarlak balya makinesi,<br \/>\nbi\u00e7erd\u00f6ver vb.<\/td>\n<td>540<\/td>\n<td>282<\/td>\n<td>120<\/td>\n<td>3000<\/td>\n<td>Gleason Helisel<br \/>\nDi\u015fler<\/td>\n<\/tr>\n<tr>\n<td colspan=\"8\">Not: Herhangi bir \u00f6zel iste\u011finiz varsa l\u00fctfen bana bildirin, \u00f6zel sipari\u015fleri de kabul ediyoruz.<\/td>\n<\/tr>\n<\/tbody>\n<\/table>\n<h2>Yuvarlak Balya Makinesi \u015eanz\u0131man FMP9.0-HL01 \u00d6zellikleri<\/h2>\n<p>FMP9.0-HL01 Yuvarlak Balya Makinesi \u015eanz\u0131man\u0131, \u00f6zellikle tar\u0131msal yuvarlak balya makineleri i\u00e7in tasarlanm\u0131\u015f y\u00fcksek performansl\u0131 bir \u015fanz\u0131mand\u0131r. Dayan\u0131kl\u0131l\u0131k, verimlilik ve \u00e7ok y\u00f6nl\u00fcl\u00fck g\u00f6z \u00f6n\u00fcnde bulundurularak tasarlanan bu \u015fanz\u0131man, saman ve samandan silaj ve tar\u0131msal at\u0131klara kadar \u00e7ok \u00e7e\u015fitli balyalama uygulamalar\u0131 i\u00e7in uygundur. FMP9.0-HL01 \u015fanz\u0131man\u0131n\u0131n temel \u00f6zellikleri a\u015fa\u011f\u0131dad\u0131r:<\/p>\n<p><strong>Y\u00fcksek Torklu \u015eanz\u0131man<\/strong><\/p>\n<ul>\n<li>\u00d6zellik: FMP9.0-HL01 \u015fanz\u0131man, trakt\u00f6rden balyalama mekanizmas\u0131na verimli g\u00fc\u00e7 aktar\u0131m\u0131n\u0131 garanti alt\u0131na alarak y\u00fcksek torku kald\u0131racak \u015fekilde tasarlanm\u0131\u015ft\u0131r.<\/li>\n<li>Avantaj: Bu kabiliyet, \u015fanz\u0131man\u0131n zorlu balyalama i\u015flemlerini y\u00f6netmesini sa\u011flayarak, saman, ot ve silaj gibi malzemelerin zorlu ko\u015fullarda bile d\u00fczg\u00fcn ve g\u00fcvenilir bir \u015fekilde s\u0131k\u0131\u015ft\u0131r\u0131lmas\u0131n\u0131 sa\u011flar.<\/li>\n<\/ul>\n<p><strong>Uzun \u00d6m\u00fcrl\u00fcl\u00fck \u0130\u00e7in Hassas M\u00fchendislik<\/strong><\/p>\n<ul>\n<li>\u00d6zellik: Y\u00fcksek kaliteli malzemeler ve hassas m\u00fchendislikle \u00fcretilen FMP9.0-HL01, a\u011f\u0131r hizmet tipi kullan\u0131mda uzun s\u00fcreli performans i\u00e7in \u00fcretilmi\u015ftir.<\/li>\n<li>Avantaj: Sa\u011flam yap\u0131s\u0131 a\u015f\u0131nma ve y\u0131pranmay\u0131 azaltarak \u015fanz\u0131man\u0131n kullan\u0131m \u00f6mr\u00fcn\u00fc uzat\u0131r ve zaman i\u00e7inde g\u00fcvenilir \u00e7al\u0131\u015fmas\u0131n\u0131 sa\u011flayarak s\u0131k s\u0131k onar\u0131m veya de\u011fi\u015ftirme ihtiyac\u0131n\u0131 en aza indirir.<\/li>\n<\/ul>\n<p><strong>Kompakt ve Yerden Tasarruf Sa\u011flayan Tasar\u0131m<\/strong><\/p>\n<ul>\n<li>\u00d6zellik: FMP9.0-HL01 \u015fanz\u0131man, gereksiz yer kaplamadan \u00e7e\u015fitli yuvarlak balya makinesi modellerine kolayca entegre edilebilen kompakt ve yerden tasarruf sa\u011flayan bir tasar\u0131ma sahiptir.<\/li>\n<li>Avantaj\u0131: K\u00fc\u00e7\u00fck boyutu, balya makinesinin genel tasar\u0131m\u0131n\u0131 optimize etmeye yard\u0131mc\u0131 olur, a\u011f\u0131rl\u0131\u011f\u0131 azalt\u0131r ve y\u00fcksek performans\u0131 korurken sahada daha iyi manevra kabiliyeti sa\u011flar.<\/li>\n<\/ul>\n<p><img loading=\"lazy\" decoding=\"async\" class=\"alignnone size-full wp-image-2507\" src=\"https:\/\/fmp-components.com\/wp-content\/uploads\/2025\/01\/Round-Baler-Gearbox-EP9.0-HL01-for-Agricultural-21.webp\" alt=\"Tar\u0131msal Yuvarlak Balya Makinesi Di\u015fli Kutusu FMP9.0-HL01-2(1)\" width=\"980\" height=\"653\" title=\"\" srcset=\"https:\/\/fmp-components.com\/wp-content\/uploads\/2025\/01\/Round-Baler-Gearbox-EP9.0-HL01-for-Agricultural-21.webp 980w, https:\/\/fmp-components.com\/wp-content\/uploads\/2025\/01\/Round-Baler-Gearbox-EP9.0-HL01-for-Agricultural-21-480x320.webp 480w\" sizes=\"(min-width: 0px) and (max-width: 480px) 480px, (min-width: 481px) 980px, 100vw\" \/><\/p>\n<p><strong>D\u00fc\u015f\u00fck G\u00fcr\u00fclt\u00fc ile Sorunsuz \u00c7al\u0131\u015fma<\/strong><\/p>\n<ul>\n<li>\u00d6zellik: \u015eanz\u0131man, \u00e7al\u0131\u015fma s\u0131ras\u0131nda s\u00fcrt\u00fcnmeyi ve g\u00fcr\u00fclt\u00fcy\u00fc en aza indiren geli\u015fmi\u015f dahili bile\u015fenlerle, sorunsuz \u00e7al\u0131\u015fma i\u00e7in tasarlanm\u0131\u015ft\u0131r.<\/li>\n<li>Faydas\u0131: Bu, daha sessiz bir \u00e7al\u0131\u015fma sa\u011flayarak operat\u00f6r konforunu art\u0131r\u0131r ve \u00e7iftliklerde ve tar\u0131msal ortamlarda g\u00fcr\u00fclt\u00fc kirlili\u011fini azalt\u0131r.<\/li>\n<\/ul>\n<p><strong>G\u00fc\u00e7 Transferinde Y\u00fcksek Verimlilik<\/strong><\/p>\n<ul>\n<li>\u00d6zellik: FMP9.0-HL01 \u015fanz\u0131man, trakt\u00f6rden gelen g\u00fcc\u00fc balyalama sistemine etkili bir \u015fekilde aktararak enerji kayb\u0131n\u0131 azalt\u0131r ve daha etkili balyalama sa\u011flar.<\/li>\n<li>Avantaj: Daha y\u00fcksek verimlilik, balyalama i\u015flemi s\u0131ras\u0131nda daha az enerji israf\u0131 anlam\u0131na gelir; bu da daha verimli yak\u0131t kullan\u0131m\u0131, daha iyi \u00fcretkenlik ve daha d\u00fc\u015f\u00fck i\u015fletme maliyetleriyle sonu\u00e7lan\u0131r.<\/li>\n<\/ul>\n<p>FMP9.0-HL01 Yuvarlak Balya Makinesi \u015eanz\u0131man\u0131, zorlu tar\u0131m uygulamalar\u0131nda optimum performans sa\u011flamak i\u00e7in dayan\u0131kl\u0131l\u0131k, verimlilik ve \u00e7ok y\u00f6nl\u00fcl\u00fc\u011f\u00fc bir araya getirir. Y\u00fcksek torklu \u015fanz\u0131man, kompakt tasar\u0131m, kolay bak\u0131m ve d\u00fc\u015f\u00fck g\u00fcr\u00fclt\u00fcl\u00fc \u00e7al\u0131\u015fma gibi \u00f6zellikleriyle, balyalama i\u015flemlerinin verimlili\u011fini ve g\u00fcvenilirli\u011fini art\u0131rmak isteyen \u00e7ift\u00e7iler i\u00e7in ideal bir se\u00e7imdir. \u0130ster saman, ister kuru ot, ister silaj veya tar\u0131msal at\u0131k i\u00e7in kullan\u0131ls\u0131n, FMP9.0-HL01, modern \u00e7ift\u00e7ili\u011fin ihtiya\u00e7lar\u0131n\u0131 kar\u015f\u0131lamak \u00fczere tasarlanm\u0131\u015f olup, uzun \u00f6m\u00fcrl\u00fc de\u011fer ve performans sunar.<\/p>\n<p><img loading=\"lazy\" decoding=\"async\" class=\"alignnone size-full wp-image-2505\" src=\"https:\/\/fmp-components.com\/wp-content\/uploads\/2025\/01\/Round-Baler-Gearbox-191-scaled.webp\" alt=\"\" width=\"2560\" height=\"1920\" title=\"\" srcset=\"https:\/\/fmp-components.com\/wp-content\/uploads\/2025\/01\/Round-Baler-Gearbox-191-scaled.webp 2560w, https:\/\/fmp-components.com\/wp-content\/uploads\/2025\/01\/Round-Baler-Gearbox-191-1280x960.webp 1280w, https:\/\/fmp-components.com\/wp-content\/uploads\/2025\/01\/Round-Baler-Gearbox-191-980x735.webp 980w, https:\/\/fmp-components.com\/wp-content\/uploads\/2025\/01\/Round-Baler-Gearbox-191-480x360.webp 480w\" sizes=\"(min-width: 0px) and (max-width: 480px) 480px, (min-width: 481px) and (max-width: 980px) 980px, (min-width: 981px) and (max-width: 1280px) 1280px, (min-width: 1281px) 2560px, 100vw\" \/><\/p>\n<h2>Tar\u0131msal Uygulamalar i\u00e7in Yuvarlak Balya Makinesi \u015eanz\u0131man FMP9.0-HL01<\/h2>\n<p>FMP9.0-HL01 Yuvarlak Balya Makinesi \u015eanz\u0131man\u0131, \u00f6zellikle tar\u0131msal yuvarlak balya makineleri i\u00e7in tasarlanm\u0131\u015f, sa\u011flam ve y\u00fcksek performansl\u0131 bir \u015fanz\u0131mand\u0131r. Maksimum verimlilik, dayan\u0131kl\u0131l\u0131k ve \u00e7ok y\u00f6nl\u00fcl\u00fck i\u00e7in tasarlanan bu \u015fanz\u0131man, saman, ot, silaj ve di\u011fer tar\u0131msal malzemeler dahil olmak \u00fczere \u00e7ok \u00e7e\u015fitli balyalama uygulamalar\u0131 i\u00e7in idealdir. FMP9.0-HL01 \u015fanz\u0131man\u0131n\u0131n temel \u00f6zellikleri ve avantajlar\u0131 a\u015fa\u011f\u0131dad\u0131r:<\/p>\n<h3>A\u011f\u0131r Hizmet Uygulamalar\u0131 i\u00e7in Y\u00fcksek Tork Kapasitesi<\/h3>\n<ul>\n<li>\u00d6zellik: FMP9.0-HL01, y\u00fcksek torklu y\u00fckleri kald\u0131racak \u015fekilde tasarlanm\u0131\u015ft\u0131r ve balyalama mekanizmas\u0131na verimli g\u00fc\u00e7 aktar\u0131m\u0131 sa\u011flar.<\/li>\n<li>Avantaj: Bu, \u015fanz\u0131man\u0131n a\u011f\u0131r hizmet ko\u015fullar\u0131nda \u00e7al\u0131\u015fmas\u0131n\u0131, silaj, saman ve ot gibi sert malzemeleri kolayca i\u015flemesini ve zorlu ortamlarda bile sorunsuz bir balyalama i\u015flemi sa\u011flamas\u0131n\u0131 sa\u011flar.<\/li>\n<\/ul>\n<p><strong>Kompakt ve Verimli Tasar\u0131m<\/strong><\/p>\n<ul>\n<li>\u00d6zellik: Kompakt tasar\u0131m\u0131 sayesinde dar alanlarda kullan\u0131m i\u00e7in ideal olan \u015fanz\u0131man, g\u00fc\u00e7l\u00fc performans sunar.<\/li>\n<li>Avantaj: Yerden tasarruf sa\u011flayan yap\u0131s\u0131, balya makinesinin toplam a\u011f\u0131rl\u0131\u011f\u0131n\u0131 azaltmaya yard\u0131mc\u0131 olur ve performanstan \u00f6d\u00fcn vermeden manevra kabiliyetini art\u0131r\u0131r. Ayr\u0131ca, balyalama sisteminin tasar\u0131m\u0131n\u0131n optimize edilmesine yard\u0131mc\u0131 olarak daha verimli hale getirir.<\/li>\n<\/ul>\n<p><strong>\u00dcst\u00fcn Dayan\u0131kl\u0131l\u0131k ve Uzun \u00d6m\u00fcr<\/strong><\/p>\n<ul>\n<li>\u00d6zellik: Y\u00fcksek kaliteli malzemeler ve hassas m\u00fchendislikle \u00fcretilen FMP9.0-HL01 \u015fanz\u0131man, uzun \u00f6m\u00fcrl\u00fc performans ve g\u00fcvenilirlik i\u00e7in tasarlanm\u0131\u015ft\u0131r.<\/li>\n<li>Avantaj: \u015eanz\u0131man\u0131n sa\u011flam yap\u0131s\u0131, uzun \u00e7al\u0131\u015fma \u00f6mr\u00fc sa\u011flar, s\u0131k bak\u0131m veya de\u011fi\u015ftirme ihtiyac\u0131n\u0131 en aza indirir ve yo\u011fun kullan\u0131mda ge\u00e7en birden fazla sezonda g\u00fcvenilir hizmet sunar.<\/li>\n<\/ul>\n<p><strong>Geli\u015fmi\u015f Konfor i\u00e7in D\u00fc\u015f\u00fck G\u00fcr\u00fclt\u00fc ve Titre\u015fim<\/strong><\/p>\n<ul>\n<li>\u00d6zellik: FMP9.0-HL01 \u015fanz\u0131man, \u00e7al\u0131\u015fma s\u0131ras\u0131nda rahats\u0131zl\u0131\u011f\u0131 azaltarak d\u00fc\u015f\u00fck g\u00fcr\u00fclt\u00fc ve minimum titre\u015fimle \u00e7al\u0131\u015facak \u015fekilde tasarlanm\u0131\u015ft\u0131r.<\/li>\n<li>Fayda: Bu, operat\u00f6r i\u00e7in daha sessiz bir \u00e7al\u0131\u015fma ortam\u0131 sa\u011flayarak, uzun saatler s\u00fcren balyalama s\u0131ras\u0131nda konforu art\u0131r\u0131r ve yorgunlu\u011fu azalt\u0131r ve ayr\u0131ca \u00e7iftlikteki g\u00fcr\u00fclt\u00fc kirlili\u011fini en aza indirir.<\/li>\n<\/ul>\n<p><strong>Y\u00fcksek Verimli G\u00fc\u00e7 Transferi<\/strong><\/p>\n<ul>\n<li>\u00d6zellik: \u015eanz\u0131man, trakt\u00f6rden balya makinesine g\u00fcc\u00fc verimli bir \u015fekilde aktaracak \u015fekilde tasarlanm\u0131\u015ft\u0131r ve enerji kayb\u0131n\u0131 en aza indirir.<\/li>\n<li>Avantaj: G\u00fc\u00e7 aktar\u0131m\u0131n\u0131n y\u00fcksek verimlili\u011fi, balya makinesinin optimum \u015fekilde \u00e7al\u0131\u015fmas\u0131n\u0131 sa\u011flayarak yak\u0131t t\u00fcketiminde tasarruf sa\u011flar ve daha uygun maliyetli bir \u00e7al\u0131\u015fma sa\u011flar.<\/li>\n<\/ul>\n<p>FMP9.0-HL01 Yuvarlak Balya Makinesi \u015eanz\u0131man\u0131, tar\u0131msal uygulamalar i\u00e7in tasarlanm\u0131\u015f y\u00fcksek performansl\u0131 ve g\u00fcvenilir bir \u015fanz\u0131mand\u0131r. Y\u00fcksek tork kapasitesi, verimlili\u011fi, dayan\u0131kl\u0131l\u0131\u011f\u0131 ve d\u00fc\u015f\u00fck bak\u0131m ihtiyac\u0131 ile yuvarlak balyalama i\u015flemlerini optimize etmek isteyen \u00e7ift\u00e7iler i\u00e7in m\u00fckemmel bir se\u00e7imdir. Kompakt tasar\u0131m\u0131, sorunsuz \u00e7al\u0131\u015fmas\u0131 ve geli\u015fmi\u015f \u00f6zellikleri, \u00fcst\u00fcn performans, uzun \u00f6m\u00fcr ve uygun maliyet sa\u011flayan ve tar\u0131msal balyalama i\u015flerinin genel ba\u015far\u0131s\u0131na katk\u0131da bulunan birinci s\u0131n\u0131f bir \u015fanz\u0131man olmas\u0131n\u0131 sa\u011flar.<\/p>\n<p><img loading=\"lazy\" decoding=\"async\" class=\"alignnone size-full wp-image-2503\" src=\"https:\/\/fmp-components.com\/wp-content\/uploads\/2025\/01\/Round-Baler-Gearbox-EP9.0-HL01-for-Agricultural-11.webp\" alt=\"Tar\u0131msal Yuvarlak Balya Makinesi Di\u015fli Kutusu FMP9.0 HL01 1(1)\" width=\"980\" height=\"653\" title=\"\" srcset=\"https:\/\/fmp-components.com\/wp-content\/uploads\/2025\/01\/Round-Baler-Gearbox-EP9.0-HL01-for-Agricultural-11.webp 980w, https:\/\/fmp-components.com\/wp-content\/uploads\/2025\/01\/Round-Baler-Gearbox-EP9.0-HL01-for-Agricultural-11-480x320.webp 480w\" sizes=\"(min-width: 0px) and (max-width: 480px) 480px, (min-width: 481px) 980px, 100vw\" \/><\/p>","protected":false},"excerpt":{"rendered":"<p>Round Baler Gearbox FMP9.0-HL01 Dimensions Round Baler Gearbox FMP9.0-HL01 Technical Data i Suitable Rpm input Rpm output KW(Nom) KW(Max) Toothing r\/min r\/min hp hp Decelerate 1.92:1 Round baler, harvester, etc 540 282 120 3000 Gleason Helical Teeth Remark: If you have any special require feel free let me know, we also accept custom. Round Baler [&hellip;]<\/p>","protected":false},"featured_media":2504,"comment_status":"open","ping_status":"closed","template":"","meta":{"_et_pb_use_builder":"","_et_pb_old_content":"","_et_gb_content_width":""},"product_brand":[],"product_cat":[59],"product_tag":[],"class_list":{"0":"post-2501","1":"product","2":"type-product","3":"status-publish","4":"has-post-thumbnail","6":"product_cat-round-baler-gearbox","8":"first","9":"instock","10":"shipping-taxable","11":"product-type-simple"},"_links":{"self":[{"href":"https:\/\/fmp-components.com\/tr\/wp-json\/wp\/v2\/product\/2501","targetHints":{"allow":["GET"]}}],"collection":[{"href":"https:\/\/fmp-components.com\/tr\/wp-json\/wp\/v2\/product"}],"about":[{"href":"https:\/\/fmp-components.com\/tr\/wp-json\/wp\/v2\/types\/product"}],"replies":[{"embeddable":true,"href":"https:\/\/fmp-components.com\/tr\/wp-json\/wp\/v2\/comments?post=2501"}],"wp:featuredmedia":[{"embeddable":true,"href":"https:\/\/fmp-components.com\/tr\/wp-json\/wp\/v2\/media\/2504"}],"wp:attachment":[{"href":"https:\/\/fmp-components.com\/tr\/wp-json\/wp\/v2\/media?parent=2501"}],"wp:term":[{"taxonomy":"product_brand","embeddable":true,"href":"https:\/\/fmp-components.com\/tr\/wp-json\/wp\/v2\/product_brand?post=2501"},{"taxonomy":"product_cat","embeddable":true,"href":"https:\/\/fmp-components.com\/tr\/wp-json\/wp\/v2\/product_cat?post=2501"},{"taxonomy":"product_tag","embeddable":true,"href":"https:\/\/fmp-components.com\/tr\/wp-json\/wp\/v2\/product_tag?post=2501"}],"curies":[{"name":"wp","href":"https:\/\/api.w.org\/{rel}","templated":true}]}}