{"id":2482,"date":"2025-01-02T01:34:55","date_gmt":"2025-01-02T01:34:55","guid":{"rendered":"https:\/\/fmp-components.com\/?page_id=8"},"modified":"2025-01-02T01:34:55","modified_gmt":"2025-01-02T01:34:55","slug":"round-baler-gearbox-replacement-of-comer-code-t-290hd","status":"publish","type":"product","link":"https:\/\/fmp-components.com\/tr\/product\/round-baler-gearbox-replacement-of-comer-code-t-290hd\/","title":{"rendered":"Yuvarlak Balya Makinesi \u015eanz\u0131man Kutusu \u2013 K\u00f6\u015fe Kodu T-290HD'nin De\u011fi\u015ftirilmesi"},"content":{"rendered":"<p><img loading=\"lazy\" decoding=\"async\" class=\"size-full wp-image-2484 aligncenter\" src=\"https:\/\/fmp-components.com\/wp-content\/uploads\/2025\/01\/round-baler-gearbox-t290hd1.webp\" alt=\"yuvarlak balya makinesi-di\u015fli kutusu-t290hd\" width=\"500\" height=\"500\" title=\"\" srcset=\"https:\/\/fmp-components.com\/wp-content\/uploads\/2025\/01\/round-baler-gearbox-t290hd1.webp 500w, https:\/\/fmp-components.com\/wp-content\/uploads\/2025\/01\/round-baler-gearbox-t290hd1-480x480.webp 480w\" sizes=\"(min-width: 0px) and (max-width: 480px) 480px, (min-width: 481px) 500px, 100vw\" \/><\/p>\n<h2>T-290HD Yuvarlak Balya Makinas\u0131 \u015eanz\u0131man\u0131n\u0131n \u00d6zellikleri<\/h2>\n<p><img loading=\"lazy\" decoding=\"async\" class=\"alignnone size-full wp-image-2483\" src=\"https:\/\/fmp-components.com\/wp-content\/uploads\/2025\/01\/round-baler-gearbox-details-t290hd.webp\" alt=\"yuvarlak balya makinesi di\u015fli kutusu detaylar\u0131-t290hd\" width=\"891\" height=\"512\" title=\"\" srcset=\"https:\/\/fmp-components.com\/wp-content\/uploads\/2025\/01\/round-baler-gearbox-details-t290hd.webp 891w, https:\/\/fmp-components.com\/wp-content\/uploads\/2025\/01\/round-baler-gearbox-details-t290hd-480x276.webp 480w\" sizes=\"(min-width: 0px) and (max-width: 480px) 480px, (min-width: 481px) 891px, 100vw\" \/><\/p>\n<table style=\"width: 95.2683%; height: 332px;\" border=\"1\">\n<tbody>\n<tr style=\"height: 27px;\">\n<td style=\"height: 27px;\"><strong>Ben<\/strong><\/td>\n<td style=\"height: 27px;\">1.63\/3.0<\/td>\n<\/tr>\n<tr style=\"height: 27px;\">\n<td style=\"height: 27px;\"><strong>N<sub>1<\/sub>[dev\/dak]<\/strong><\/td>\n<td style=\"height: 27px;\">540\/1000<\/td>\n<\/tr>\n<tr style=\"height: 27px;\">\n<td style=\"height: 27px;\"><strong>P<sub>1<\/sub>[kW]<\/strong><\/td>\n<td style=\"height: 27px;\">78\/58<\/td>\n<\/tr>\n<tr style=\"height: 27px;\">\n<td style=\"height: 27px;\"><strong>M<sub>2<\/sub>[Nm]<\/strong><\/td>\n<td style=\"height: 27px;\">2180\/1694<\/td>\n<\/tr>\n<tr style=\"height: 73px;\">\n<td style=\"height: 73px;\"><strong>\u015eaft X<img loading=\"lazy\" decoding=\"async\" class=\"size-full wp-image-2472 aligncenter\" src=\"https:\/\/fmp-components.com\/wp-content\/uploads\/2025\/01\/shaft.webp\" alt=\"\u015faft\" width=\"64\" height=\"57\" title=\"\" srcset=\"https:\/\/fmp-components.com\/wp-content\/uploads\/2025\/01\/shaft.webp 64w, https:\/\/fmp-components.com\/wp-content\/uploads\/2025\/01\/shaft-13x12.webp 13w\" sizes=\"(max-width: 64px) 100vw, 64px\" \/>\u00a0<\/strong><\/td>\n<td style=\"height: 73px;\">40*2*18<\/td>\n<\/tr>\n<tr style=\"height: 27px;\">\n<td style=\"height: 27px;\"><strong>Mil Y<img loading=\"lazy\" decoding=\"async\" class=\"size-full wp-image-2472 aligncenter\" src=\"https:\/\/fmp-components.com\/wp-content\/uploads\/2025\/01\/shaft.webp\" alt=\"\u015faft\" width=\"64\" height=\"57\" title=\"\" srcset=\"https:\/\/fmp-components.com\/wp-content\/uploads\/2025\/01\/shaft.webp 64w, https:\/\/fmp-components.com\/wp-content\/uploads\/2025\/01\/shaft-13x12.webp 13w\" sizes=\"(max-width: 64px) 100vw, 64px\" \/><\/strong><\/td>\n<td style=\"height: 27px;\">40*2*18<\/td>\n<\/tr>\n<tr style=\"height: 97px;\">\n<td style=\"height: 97px;\"><strong>\u015eaft Z<img loading=\"lazy\" decoding=\"async\" class=\"size-full wp-image-2473 aligncenter\" src=\"https:\/\/fmp-components.com\/wp-content\/uploads\/2025\/01\/shaft-x.webp\" alt=\"\u015faft-x\" width=\"81\" height=\"78\" title=\"\" srcset=\"https:\/\/fmp-components.com\/wp-content\/uploads\/2025\/01\/shaft-x.webp 81w, https:\/\/fmp-components.com\/wp-content\/uploads\/2025\/01\/shaft-x-12x12.webp 12w\" sizes=\"(max-width: 81px) 100vw, 81px\" \/><\/strong><\/td>\n<td style=\"height: 97px;\">1\u201d 3\/8 Z6<\/td>\n<\/tr>\n<tr style=\"height: 27px;\">\n<td style=\"height: 27px;\"><strong>Giri\u015f<\/strong><\/td>\n<td style=\"height: 27px;\">Z<\/td>\n<\/tr>\n<\/tbody>\n<\/table>\n<h3>Yuvarlak Balya Makinesi Di\u015fli Kutular\u0131n\u0131n \u00c7e\u015fitleri<\/h3>\n<p>Yuvarlak balya makinesi di\u015fli kutular\u0131, silindirlerin d\u00f6n\u00fc\u015f\u00fc, balyan\u0131n ba\u011flanmas\u0131 ve makinenin genel verimlili\u011fi gibi balya makinesinin \u00e7e\u015fitli i\u015flevlerini \u00e7al\u0131\u015ft\u0131ran \u00f6nemli bile\u015fenlerdir. Farkl\u0131 tipteki yuvarlak balya makinesi di\u015fli kutular\u0131, belirli operasyonel gereksinimleri kar\u015f\u0131lar ve her biri \u00e7e\u015fitli tar\u0131m ihtiya\u00e7lar\u0131n\u0131 kar\u015f\u0131lamak \u00fczere benzersiz \u00f6zelliklerle tasarlanm\u0131\u015ft\u0131r. A\u015fa\u011f\u0131da baz\u0131 yayg\u0131n yuvarlak balya makinesi di\u015fli kutusu t\u00fcrleri verilmi\u015ftir:<\/p>\n<p><strong>Standart \u015eanz\u0131manlar<\/strong><\/p>\n<p>Standart yuvarlak balya makinesi di\u015fli kutular\u0131, genel balyalama i\u015fleri i\u00e7in tasarlanm\u0131\u015ft\u0131r ve k\u00fc\u00e7\u00fck ve orta \u00f6l\u00e7ekli i\u015fletmeler i\u00e7in uygundur. Bu di\u015fli kutular\u0131, genellikle balya makinesi modeline ba\u011fl\u0131 olarak 1:3 ila 1:4 aras\u0131nda de\u011fi\u015fen di\u015fli oranlar\u0131na sahip tek h\u0131zl\u0131 bir tahrik sistemine sahiptir.<\/p>\n<ul>\n<li>\u00d6zellikleri: Basitlik, g\u00fcvenilirlik ve bak\u0131m kolayl\u0131\u011f\u0131.<\/li>\n<li>Uygulamalar: Tipik saman, ot ve \u00e7im balyalama i\u015flemlerinde kullan\u0131l\u0131r.<\/li>\n<li>Avantajlar\u0131: Hafif ve orta i\u015f y\u00fckleri i\u00e7in uygun maliyetli ve dayan\u0131kl\u0131d\u0131r.<\/li>\n<\/ul>\n<p><strong>Y\u00fcksek Torklu \u015eanz\u0131manlar<\/strong><\/p>\n<p>Y\u00fcksek torklu di\u015fli kutular\u0131, silaj gibi \u0131slak veya yo\u011fun malzemelerin a\u011f\u0131r hizmet tipi balyalanmas\u0131 gibi zorlu g\u00f6revler i\u00e7in geli\u015fmi\u015f g\u00fc\u00e7 \u00e7\u0131k\u0131\u015f\u0131 sa\u011flamak \u00fczere \u00f6zel olarak tasarlanm\u0131\u015ft\u0131r. Bu di\u015fli kutular\u0131, daha y\u00fcksek y\u00fck kapasiteleri ve daha y\u00fcksek diren\u00e7le ba\u015fa \u00e7\u0131kmak \u00fczere \u00fcretilmi\u015ftir.<\/p>\n<ul>\n<li>\u00d6zellikler: A\u011f\u0131r hizmet uygulamalar\u0131 i\u00e7in y\u00fcksek tork, sa\u011flam yap\u0131.<\/li>\n<li>Uygulamalar: Silaj veya sert, nem y\u00fckl\u00fc malzemelerin balyalanmas\u0131 i\u00e7in idealdir.<\/li>\n<li>Avantajlar\u0131: A\u011f\u0131r y\u00fckler alt\u0131nda tutarl\u0131 performans sa\u011flar, \u015fanz\u0131man ar\u0131zas\u0131 riskini azalt\u0131r.<\/li>\n<\/ul>\n<p><strong>\u00c7ok H\u0131zl\u0131 \u015eanz\u0131manlar<\/strong><\/p>\n<p>\u00c7ok h\u0131zl\u0131 yuvarlak balya makinesi \u015fanz\u0131manlar\u0131, de\u011fi\u015fken h\u0131z ayarlamalar\u0131na olanak tan\u0131yarak \u00e7al\u0131\u015fma s\u0131ras\u0131nda daha fazla esneklik sunar. Bu \u015fanz\u0131manlar, operat\u00f6rlerin balya olu\u015fturma i\u015fleminin h\u0131z\u0131n\u0131 \u00fcr\u00fcn t\u00fcr\u00fcne veya \u00e7evre ko\u015fullar\u0131na g\u00f6re ayarlamas\u0131na olanak tan\u0131r.<\/p>\n<ul>\n<li>\u00d6zellikler: Ayarlanabilir h\u0131z ayarlar\u0131, balyalama \u00fczerinde daha iyi kontrol.<\/li>\n<li>Uygulamalar: Hafif ve a\u011f\u0131r balyalama i\u015flemlerinde, \u00f6zellikle \u00e7e\u015fitli \u00fcr\u00fcn ko\u015fullar\u0131nda kullan\u0131l\u0131r.<\/li>\n<li>Avantajlar\u0131: Farkl\u0131 \u00fcr\u00fcn t\u00fcrleri i\u00e7in \u00e7ok y\u00f6nl\u00fcl\u00fck ve optimize edilmi\u015f performans sa\u011flar.<\/li>\n<\/ul>\n<p><strong>Planet Di\u015fli Kutular\u0131<\/strong><\/p>\n<p>Planet di\u015fli kutular\u0131, kompakt tasar\u0131mlar\u0131 ve y\u00fcksek verimlilikleri nedeniyle y\u00fcksek performansl\u0131 yuvarlak balya makinelerinde s\u0131kl\u0131kla kullan\u0131l\u0131r. Di\u015fliler, y\u00fck\u00fc e\u015fit olarak da\u011f\u0131tarak planet hareketi ile \u00e7al\u0131\u015f\u0131r, bu da di\u015fli kutusunun dayan\u0131kl\u0131l\u0131\u011f\u0131n\u0131 art\u0131r\u0131r ve s\u0131k bak\u0131m ihtiyac\u0131n\u0131 azalt\u0131r.<\/p>\n<ul>\n<li>\u00d6zellikleri: Kompakt, y\u00fcksek verimli ve minimum boyutta y\u00fcksek g\u00fc\u00e7 \u00e7\u0131k\u0131\u015f\u0131na sahip.<\/li>\n<li>Uygulamalar: A\u011f\u0131r ticari ve tar\u0131msal balyalama g\u00f6revleri i\u00e7in uygundur.<\/li>\n<li>Avantajlar\u0131: Daha y\u00fcksek tork kapasitesi, daha uzun \u00f6m\u00fcr ve daha az bak\u0131m.<\/li>\n<\/ul>\n<p><strong>\u00c7ift \u015eaftl\u0131 Red\u00fckt\u00f6rler<\/strong><\/p>\n<p>\u00c7ift \u015faftl\u0131 di\u015fli kutular\u0131, \u00e7ift tahrikli i\u015flevsellik i\u00e7in iki \u015fafta sahiptir. Bunlar genellikle, toplama sistemi ve s\u0131k\u0131\u015ft\u0131rma sistemi gibi iki farkl\u0131 sistemin ayn\u0131 anda \u00e7al\u0131\u015ft\u0131r\u0131lmas\u0131 gereken \u00e7ift etkili balya makinelerinde veya y\u00fcksek \u00e7\u0131k\u0131\u015fl\u0131 modellerde kullan\u0131l\u0131r.<\/p>\n<ul>\n<li>\u00d6zellikler: \u00c7ift s\u00fcr\u00fcc\u00fc yetene\u011fi, geli\u015fmi\u015f \u00e7ok y\u00f6nl\u00fcl\u00fck.<\/li>\n<li>Uygulamalar: Y\u00fcksek \u00e7\u0131k\u0131\u015fl\u0131 veya \u00e7ift etkili balyalama sistemleri.<\/li>\n<li>Avantajlar\u0131: Karma\u015f\u0131k balyalama sistemlerinde daha fazla operasyonel esneklik ve verimlilik sa\u011flar.<\/li>\n<\/ul>\n<p>Se\u00e7ece\u011finiz yuvarlak balya makinesi \u015fanz\u0131man tipi, b\u00fcy\u00fck \u00f6l\u00e7\u00fcde balyalanacak malzeme t\u00fcr\u00fc, istenen \u00e7\u0131kt\u0131 ve tar\u0131m i\u015fletmenizin \u00f6l\u00e7e\u011fi gibi i\u015fletmenizin \u00f6zel ihtiya\u00e7lar\u0131na ba\u011fl\u0131d\u0131r. \u0130ster hafif i\u015fler i\u00e7in basit ve g\u00fcvenilir bir \u015fanz\u0131mana, ister a\u011f\u0131r i\u015fler i\u00e7in y\u00fcksek torklu, \u00e7ok h\u0131zl\u0131 bir \u015fanz\u0131mana ihtiyac\u0131n\u0131z olsun, do\u011fru \u015fanz\u0131man, yuvarlak balya makinenizin verimlili\u011fi ve \u00f6mr\u00fcnde \u00f6nemli bir fark yaratabilir.<\/p>\n<p><img loading=\"lazy\" decoding=\"async\" class=\"alignnone  wp-image-2464\" src=\"https:\/\/fmp-components.com\/wp-content\/uploads\/2025\/01\/PTO-Shaft-for-Round-Baler-Gearbox-11.webp\" alt=\"Yuvarlak Balya Makinesi \u015eanz\u0131man Kutusu i\u00e7in PTO \u015eaft\u0131-1(1)\" width=\"912\" height=\"806\" title=\"\" srcset=\"https:\/\/fmp-components.com\/wp-content\/uploads\/2025\/01\/PTO-Shaft-for-Round-Baler-Gearbox-11.webp 912w, https:\/\/fmp-components.com\/wp-content\/uploads\/2025\/01\/PTO-Shaft-for-Round-Baler-Gearbox-11-480x424.webp 480w\" sizes=\"(min-width: 0px) and (max-width: 480px) 480px, (min-width: 481px) 912px, 100vw\" \/><\/p>\n<h2>Yuvarlak Balya Makinesi \u015eanz\u0131manlar\u0131 i\u00e7in PTO \u015eaftlar\u0131<\/h2>\n<p>PTO (G\u00fc\u00e7 Aktarma Organ\u0131) \u015faftlar\u0131, trakt\u00f6rden balya makinesinin di\u015fli kutusuna g\u00fc\u00e7 aktar\u0131m\u0131nda temel bile\u015fenlerdir ve balya makinesinin verimli \u00e7al\u0131\u015fmas\u0131n\u0131 sa\u011flar. PTO \u015faft\u0131, trakt\u00f6r\u00fcn PTO sistemini di\u015fli kutusuna ba\u011flayarak balyalama i\u015flemi i\u00e7in gereken mekanik enerjinin iletilmesini sa\u011flar. A\u015fa\u011f\u0131da, yuvarlak balya makinesi di\u015fli kutular\u0131 i\u00e7in tasarlanm\u0131\u015f PTO \u015faftlar\u0131n\u0131n temel hususlar\u0131, \u00f6zellikleri ve avantajlar\u0131 verilmi\u015ftir:<\/p>\n<p><strong>Y\u00fcksek Verimlilik ve G\u00fc\u00e7 Transferi<\/strong><\/p>\n<p>Yuvarlak balya makinesi \u015fanz\u0131manlar\u0131 i\u00e7in PTO milleri, trakt\u00f6r motorundan balya makinesinin \u015fanz\u0131man\u0131na g\u00fcc\u00fc verimli bir \u015fekilde aktarmak \u00fczere tasarlanm\u0131\u015ft\u0131r. Bu millerin y\u00fcksek tork kapasitesi, enerjinin kay\u0131ps\u0131z iletilmesini sa\u011flayarak balya makinesinin \u00e7al\u0131\u015fma performans\u0131n\u0131 korur.<\/p>\n<ul>\n<li>Temel \u00d6zellik: Minimum enerji kayb\u0131yla verimli g\u00fc\u00e7 iletimi.<\/li>\n<li>Faydas\u0131: Tutarl\u0131 balya makinesi \u00e7al\u0131\u015fmas\u0131n\u0131 sa\u011flayarak yak\u0131t t\u00fcketimini azalt\u0131r ve \u00fcretkenli\u011fi en \u00fcst d\u00fczeye \u00e7\u0131kar\u0131r.<\/li>\n<\/ul>\n<p><strong>Dayan\u0131kl\u0131l\u0131k ve G\u00fc\u00e7<\/strong><\/p>\n<p>Yuvarlak balya makinelerinin PTO \u015faftlar\u0131, tar\u0131msal faaliyetlerin zorlu ko\u015fullar\u0131na dayanabilecek y\u00fcksek kaliteli ve dayan\u0131kl\u0131 malzemelerden \u00fcretilmi\u015ftir. Bu \u015faftlar, y\u00fcksek tork kuvvetlerine ve nem, toz ve d\u00f6k\u00fcnt\u00fc gibi tarlada s\u0131kl\u0131kla kar\u015f\u0131la\u015f\u0131lan zorlu ortamlara dayanacak \u015fekilde tasarlanm\u0131\u015ft\u0131r.<\/p>\n<ul>\n<li>Temel \u00d6zellik: Y\u00fcksek mukavemetli yap\u0131, a\u015f\u0131nmaya ve y\u0131pranmaya kar\u015f\u0131 dayan\u0131kl\u0131d\u0131r.<\/li>\n<li>Faydas\u0131: Uzun \u00f6m\u00fcrl\u00fc dayan\u0131kl\u0131l\u0131k, bak\u0131m ve de\u011fi\u015ftirme s\u0131kl\u0131\u011f\u0131n\u0131 azalt\u0131r.<\/li>\n<\/ul>\n<p><strong>\u00d6zelle\u015ftirilebilir Uzunluklar ve Yap\u0131land\u0131rmalar<\/strong><\/p>\n<p>Yuvarlak balya makineleri i\u00e7in PTO \u015faftlar\u0131, farkl\u0131 balya makinesi modellerinin ve trakt\u00f6r kurulumlar\u0131n\u0131n \u00f6zel gereksinimlerini kar\u015f\u0131lamak i\u00e7in \u00e7e\u015fitli uzunluklarda ve konfig\u00fcrasyonlarda mevcuttur. PTO \u015faft\u0131n\u0131n uzunlu\u011fu, do\u011fru ba\u011flant\u0131y\u0131 sa\u011flamak ve \u00e7al\u0131\u015fma s\u0131ras\u0131nda hasar\u0131 \u00f6nlemek i\u00e7in kritik \u00f6neme sahiptir.<\/p>\n<ul>\n<li>Temel \u00d6zellik: Ayarlanabilir uzunluklarda ve konfig\u00fcrasyonlarda mevcuttur.<\/li>\n<li>Avantaj: Farkl\u0131 trakt\u00f6r ve balya makinesi kombinasyonlar\u0131na uyacak \u015fekilde \u00f6zelle\u015ftirilebilir, optimum verimlilik ve g\u00fcvenlik sa\u011flar.<\/li>\n<\/ul>\n<p><strong>G\u00fcvenlik \u00d6zellikleri<\/strong><\/p>\n<p>PTO \u015faftlar\u0131 y\u00fcksek h\u0131zlarda \u00e7al\u0131\u015ft\u0131\u011f\u0131 i\u00e7in g\u00fcvenlik \u00e7ok \u00f6nemlidir. Yuvarlak balya makinesi di\u015fli kutular\u0131 i\u00e7in modern PTO \u015faftlar\u0131, \u00e7al\u0131\u015fma s\u0131ras\u0131nda kaza ve yaralanmalar\u0131 \u00f6nlemek i\u00e7in kesme c\u0131vatalar\u0131, korumalar ve kalkanlar gibi g\u00fcvenlik \u00f6zellikleriyle donat\u0131lm\u0131\u015ft\u0131r.<\/p>\n<ul>\n<li>Temel \u00d6zellik: G\u00fcvenlik korumalar\u0131, kesme c\u0131vatalar\u0131 ve koruyucu kalkanlar.<\/li>\n<li>Faydas\u0131: Yaralanma riskini en aza indirir ve \u015faft\u0131 a\u015f\u0131r\u0131 y\u00fck veya d\u0131\u015f darbelerden kaynaklanan hasarlardan korur.<\/li>\n<\/ul>\n<p><strong>Bak\u0131m ve \u0130\u015fletme Kolayl\u0131\u011f\u0131<\/strong><\/p>\n<p>Yuvarlak balya makinelerinin PTO \u015faftlar\u0131, bak\u0131m ve kullan\u0131m kolayl\u0131\u011f\u0131 sa\u011flayacak \u015fekilde tasarlanm\u0131\u015ft\u0131r. H\u0131zl\u0131 ba\u011flant\u0131 kaplinleri ile donat\u0131lm\u0131\u015f olup, \u015faft\u0131n hem trakt\u00f6re hem de balya makinesine tak\u0131l\u0131p \u00e7\u0131kar\u0131lmas\u0131n\u0131 kolayla\u015ft\u0131r\u0131r. D\u00fczenli ya\u011flama ve periyodik kontroller, sorunsuz \u00e7al\u0131\u015fmay\u0131 sa\u011flar ve a\u015f\u0131nma kaynakl\u0131 sorunlar\u0131 \u00f6nler.<\/p>\n<ul>\n<li><strong>Temel \u00d6zellik<\/strong>: H\u0131zl\u0131 ba\u011flant\u0131 elemanlar\u0131 ve d\u00fc\u015f\u00fck bak\u0131m gerektiren tasar\u0131m.<\/li>\n<li><strong>Fayda<\/strong>:Kurulum ve bak\u0131m\u0131 basitle\u015ftirir, zaman\u0131n ve kaynaklar\u0131n daha verimli kullan\u0131lmas\u0131n\u0131 sa\u011flar.<\/li>\n<\/ul>\n<p>PTO \u015faftlar\u0131, trakt\u00f6r\u00fcn PTO sistemini yuvarlak balya makinesinin \u015fanz\u0131man\u0131na ba\u011flayan ve balyalama i\u015flemleri i\u00e7in gerekli g\u00fcc\u00fc sa\u011flayan kritik bile\u015fenlerdir. Yuvarlak balya makineniz i\u00e7in do\u011fru PTO \u015faft\u0131n\u0131 se\u00e7mek, verimli g\u00fc\u00e7 aktar\u0131m\u0131, g\u00fcvenlik ve uzun \u00f6m\u00fcrl\u00fc performans sa\u011flar. Bir PTO \u015faft\u0131 se\u00e7erken, balyalama ekipman\u0131n\u0131z\u0131n ve saha ko\u015fullar\u0131n\u0131z\u0131n \u00f6zel taleplerini kar\u015f\u0131layacak uyumluluk, dayan\u0131kl\u0131l\u0131k ve g\u00fcvenlik \u00f6zelliklerini g\u00f6z \u00f6n\u00fcnde bulundurmak \u00e7ok \u00f6nemlidir.<\/p>\n<p><img loading=\"lazy\" decoding=\"async\" class=\"alignnone  wp-image-2485\" src=\"https:\/\/fmp-components.com\/wp-content\/uploads\/2025\/01\/pto-shaft-for-sale.webp\" alt=\"\" width=\"909\" height=\"680\" title=\"\" srcset=\"https:\/\/fmp-components.com\/wp-content\/uploads\/2025\/01\/pto-shaft-for-sale.webp 909w, https:\/\/fmp-components.com\/wp-content\/uploads\/2025\/01\/pto-shaft-for-sale-480x359.webp 480w\" sizes=\"(min-width: 0px) and (max-width: 480px) 480px, (min-width: 481px) 909px, 100vw\" \/><\/p>\n<h3>FMP Hakk\u0131nda<\/h3>\n<p>Merkezi \u0130talya'da bulunan FMP, \u00f6zellikle tar\u0131m makineleri sekt\u00f6r\u00fcne odaklanan y\u00fcksek performansl\u0131 di\u015fli kutular\u0131n\u0131n tasar\u0131m\u0131, geli\u015ftirilmesi ve \u00fcretimindeki uzmanl\u0131\u011f\u0131yla tan\u0131nan lider bir \u00fcreticidir. Hassas m\u00fchendislik, yenilik\u00e7i \u00e7\u00f6z\u00fcmler ve sars\u0131lmaz g\u00fcvenilirlik konusundaki itibar\u0131yla FMP, hem tar\u0131m hem de sanayi sekt\u00f6rlerinin de\u011fi\u015fen ihtiya\u00e7lar\u0131n\u0131 kar\u015f\u0131lamada g\u00fcvenilir bir ortak haline gelmi\u015ftir. Geni\u015f \u00fcr\u00fcn yelpazemiz, \u00e7im bi\u00e7me makineleri i\u00e7in \u00f6zel di\u015fli kutular\u0131, kuyruk mili milleri ve di\u011fer temel bile\u015fenleri i\u00e7erir ve hepsi geni\u015f bir uygulama yelpazesinde \u00f6zelle\u015ftirilmi\u015f \u00e7\u00f6z\u00fcmler sunmak \u00fczere titizlikle tasarlanm\u0131\u015ft\u0131r.<\/p>\n<p>FMP olarak, her m\u00fc\u015fterinin kendine \u00f6zg\u00fc gereksinimleri ve zorluklar\u0131 oldu\u011funun bilincindeyiz. Bu nedenle, ister bireysel bile\u015fenler ister tamamen entegre sistemler i\u00e7in olsun, \u00f6zel \u00e7\u00f6z\u00fcmler sunma konusunda uzmanla\u015f\u0131yoruz. M\u00fc\u015fterilerimizle yak\u0131n i\u015f birli\u011fi i\u00e7inde \u00e7al\u0131\u015farak her \u00e7\u00f6z\u00fcm\u00fcn yaln\u0131zca etkili de\u011fil, ayn\u0131 zamanda verimli olmas\u0131n\u0131, hem performans\u0131 hem de de\u011feri optimize etmesini sa\u011fl\u0131yoruz. H\u0131zl\u0131 ve profesyonel yan\u0131tlar sunma taahh\u00fcd\u00fcm\u00fcz ve uzman rehberli\u011fimiz, her sorunun en \u00fcst d\u00fczeyde \u00f6zen ve hassasiyetle ele al\u0131nmas\u0131n\u0131 ve m\u00fcmk\u00fcn olan en iyi sonu\u00e7lara ula\u015f\u0131lmas\u0131n\u0131 sa\u011flar.<\/p>\n<p>\u00dcr\u00fcn geli\u015ftirme s\u00fcrecinin tamam\u0131nda a\u00e7\u0131k ve s\u00fcrekli ileti\u015fime \u00f6ncelik veriyoruz. \u00d6zverili ekibimiz, m\u00fc\u015fterilerimizle do\u011frudan \u00e7al\u0131\u015farak \u00f6zel ihtiya\u00e7lar\u0131n\u0131 tam olarak anl\u0131yor ve en uygun \u00e7\u00f6z\u00fcmleri sa\u011flamak i\u00e7in de\u011ferli i\u00e7g\u00f6r\u00fcler ve \u00f6neriler sunuyor. \u0130ster yenilik\u00e7i \u00fcr\u00fcnler tasarl\u0131yor ister devam eden sipari\u015fleri kar\u015f\u0131l\u0131yor olun, FMP her seferinde zaman\u0131nda, y\u00fcksek kaliteli ve hassas m\u00fchendislik \u00e7\u00f6z\u00fcmleri sunmaya kendini adam\u0131\u015ft\u0131r. Amac\u0131m\u0131z, m\u00fc\u015fterilerimize en iyi hizmeti ve sonu\u00e7lar\u0131 sunarak her projede beklentileri a\u015fmakt\u0131r.<\/p>\n<p>Kalite, FMP'nin faaliyetlerinin temel ta\u015f\u0131d\u0131r. En y\u00fcksek \u00fcretim standartlar\u0131na ba\u011fl\u0131 kalarak, her \u00fcr\u00fcn\u00fcn sekt\u00f6r standartlar\u0131n\u0131 kar\u015f\u0131lamas\u0131n\u0131 ve hatta a\u015fmas\u0131n\u0131 sa\u011flamak i\u00e7in s\u0131k\u0131 kalite kontrol \u00f6nlemleri uyguluyoruz. Kaliteye olan bu sars\u0131lmaz ba\u011fl\u0131l\u0131\u011f\u0131m\u0131z, d\u00fcr\u00fcstl\u00fck, ekip \u00e7al\u0131\u015fmas\u0131 ve azim gibi temel de\u011ferlerimizle birle\u015ferek, d\u00fcnya \u00e7ap\u0131nda yakla\u015f\u0131k 30 \u00fclkedeki m\u00fc\u015fterilerimizle uzun s\u00fcreli, g\u00fcvene dayal\u0131 ili\u015fkiler kurmam\u0131z\u0131 sa\u011flam\u0131\u015ft\u0131r.<\/p>\n<p>FMP, k\u00fcresel ortakl\u0131klara her zaman a\u00e7\u0131k olup, m\u00fc\u015fterilerimizin \u00e7e\u015fitli ihtiya\u00e7lar\u0131n\u0131 kar\u015f\u0131layan uzman tavsiyeleri ve \u00f6zelle\u015ftirilmi\u015f \u00e7\u00f6z\u00fcmler sunmaya kendini adam\u0131\u015ft\u0131r. Sadece \u00fcr\u00fcn tedarik etmenin \u00f6tesine ge\u00e7erek, her projenin ba\u015far\u0131s\u0131na katk\u0131da bulunan kal\u0131c\u0131 ili\u015fkiler kurmay\u0131 hedefliyoruz. \u0130ster yeni bir giri\u015fim i\u00e7in yenilik\u00e7i \u00e7\u00f6z\u00fcmlere, ister mevcut bir sistem i\u00e7in s\u00fcrekli deste\u011fe ihtiyac\u0131n\u0131z olsun, FMP teknik zorluklar\u0131n\u0131z\u0131n \u00fcstesinden gelmek ve ba\u015far\u0131n\u0131z\u0131n devam\u0131n\u0131 sa\u011flamak i\u00e7in burada.<\/p>\n<p><img loading=\"lazy\" decoding=\"async\" class=\"alignnone size-full wp-image-1861\" src=\"https:\/\/fmp-components.com\/wp-content\/uploads\/2024\/12\/Other-Agricultural-Gearboxes.webp\" sizes=\"(min-width: 0px) and (max-width: 480px) 480px, (min-width: 481px) and (max-width: 980px) 980px, (min-width: 981px) 1200px, 100vw\" srcset=\"https:\/\/fmp-components.com\/wp-content\/uploads\/2024\/12\/Other-Agricultural-Gearboxes.webp 1200w, https:\/\/fmp-components.com\/wp-content\/uploads\/2024\/12\/Other-Agricultural-Gearboxes-980x1143.webp 980w, https:\/\/fmp-components.com\/wp-content\/uploads\/2024\/12\/Other-Agricultural-Gearboxes-480x560.webp 480w\" alt=\"Altri-cambi-agricoli\" width=\"1200\" height=\"1400\" title=\"\"><\/p>\n<p>Yazar: CX<\/p>","protected":false},"excerpt":{"rendered":"<p>Specification of Round Baler Gearbox T-290HD i 1.63\/3.0 N1[rpm] 540\/1000 P1[kW] 78\/58 M2[Nm] 2180\/1694 Shaft X\u00a0 40*2*18 Shaft Y 40*2*18 Shaft Z 1&#8221; 3\/8 Z6 Input Z Types of Round Baler Gearboxes Round baler gearboxes are crucial components that drive the baler\u2019s various functions, including the rotation of the rollers, the binding of the bale, [&hellip;]<\/p>","protected":false},"featured_media":2484,"comment_status":"open","ping_status":"closed","template":"","meta":{"_et_pb_use_builder":"","_et_pb_old_content":"","_et_gb_content_width":""},"product_brand":[],"product_cat":[59],"product_tag":[],"class_list":{"0":"post-2482","1":"product","2":"type-product","3":"status-publish","4":"has-post-thumbnail","6":"product_cat-round-baler-gearbox","8":"first","9":"instock","10":"shipping-taxable","11":"product-type-simple"},"_links":{"self":[{"href":"https:\/\/fmp-components.com\/tr\/wp-json\/wp\/v2\/product\/2482","targetHints":{"allow":["GET"]}}],"collection":[{"href":"https:\/\/fmp-components.com\/tr\/wp-json\/wp\/v2\/product"}],"about":[{"href":"https:\/\/fmp-components.com\/tr\/wp-json\/wp\/v2\/types\/product"}],"replies":[{"embeddable":true,"href":"https:\/\/fmp-components.com\/tr\/wp-json\/wp\/v2\/comments?post=2482"}],"wp:featuredmedia":[{"embeddable":true,"href":"https:\/\/fmp-components.com\/tr\/wp-json\/wp\/v2\/media\/2484"}],"wp:attachment":[{"href":"https:\/\/fmp-components.com\/tr\/wp-json\/wp\/v2\/media?parent=2482"}],"wp:term":[{"taxonomy":"product_brand","embeddable":true,"href":"https:\/\/fmp-components.com\/tr\/wp-json\/wp\/v2\/product_brand?post=2482"},{"taxonomy":"product_cat","embeddable":true,"href":"https:\/\/fmp-components.com\/tr\/wp-json\/wp\/v2\/product_cat?post=2482"},{"taxonomy":"product_tag","embeddable":true,"href":"https:\/\/fmp-components.com\/tr\/wp-json\/wp\/v2\/product_tag?post=2482"}],"curies":[{"name":"wp","href":"https:\/\/api.w.org\/{rel}","templated":true}]}}