{"id":2476,"date":"2025-01-01T08:57:07","date_gmt":"2025-01-01T08:57:07","guid":{"rendered":"https:\/\/fmp-components.com\/?page_id=8"},"modified":"2025-01-02T01:23:56","modified_gmt":"2025-01-02T01:23:56","slug":"round-baler-gearbox-replacement-of-comer-code-t-292e","status":"publish","type":"product","link":"https:\/\/fmp-components.com\/tr\/product\/round-baler-gearbox-replacement-of-comer-code-t-292e\/","title":{"rendered":"Yuvarlak Balya Makinesi \u015eanz\u0131man Kutusu \u2013 T-292E Kodlu K\u00f6\u015fe \u015eanz\u0131man\u0131n\u0131n De\u011fi\u015ftirilmesi"},"content":{"rendered":"<p><img loading=\"lazy\" decoding=\"async\" class=\"size-full wp-image-2477 aligncenter\" src=\"https:\/\/fmp-components.com\/wp-content\/uploads\/2025\/01\/round-baler-gearbox-t292e-11.webp\" alt=\"yuvarlak balya makinesi di\u015fli kutusu-t292e-1(1)\" width=\"372\" height=\"300\" title=\"\" srcset=\"https:\/\/fmp-components.com\/wp-content\/uploads\/2025\/01\/round-baler-gearbox-t292e-11.webp 372w, https:\/\/fmp-components.com\/wp-content\/uploads\/2025\/01\/round-baler-gearbox-t292e-11-300x242.webp 300w, https:\/\/fmp-components.com\/wp-content\/uploads\/2025\/01\/round-baler-gearbox-t292e-11-15x12.webp 15w\" sizes=\"(max-width: 372px) 100vw, 372px\" \/><\/p>\n<h2>Yuvarlak Balya Makinesi \u015eanz\u0131man T292E \u00d6zellikleri<\/h2>\n<p><img loading=\"lazy\" decoding=\"async\" class=\"alignnone wp-image-2478\" src=\"https:\/\/fmp-components.com\/wp-content\/uploads\/2025\/01\/china-round-baler-gearbox-details-T292E.webp\" alt=\"\u00c7in yuvarlak balya makinesi di\u015fli kutusu detaylar\u0131-T292E\" width=\"911\" height=\"811\" title=\"\" srcset=\"https:\/\/fmp-components.com\/wp-content\/uploads\/2025\/01\/china-round-baler-gearbox-details-T292E.webp 911w, https:\/\/fmp-components.com\/wp-content\/uploads\/2025\/01\/china-round-baler-gearbox-details-T292E-480x427.webp 480w\" sizes=\"(min-width: 0px) and (max-width: 480px) 480px, (min-width: 481px) 911px, 100vw\" \/><\/p>\n<table style=\"width: 98.5091%; height: 503px;\" border=\"1\">\n<tbody>\n<tr>\n<td><strong>Ben<\/strong><\/td>\n<td>1.86<\/td>\n<\/tr>\n<tr>\n<td><strong>N<sub>1<\/sub>[dev\/dak]<\/strong><\/td>\n<td>540<\/td>\n<\/tr>\n<tr>\n<td><strong>P<sub>1<\/sub>[kW]<\/strong><\/td>\n<td>47.7<\/td>\n<\/tr>\n<tr>\n<td><strong>M<sub>2<\/sub>[Nm]<\/strong><\/td>\n<td>&#8211;<\/td>\n<\/tr>\n<tr>\n<td><strong>\u015eaft X<br \/>\n<img loading=\"lazy\" decoding=\"async\" class=\"size-full wp-image-2473 aligncenter\" src=\"https:\/\/fmp-components.com\/wp-content\/uploads\/2025\/01\/shaft-x.webp\" alt=\"\u015faft-x\" width=\"81\" height=\"78\" title=\"\" srcset=\"https:\/\/fmp-components.com\/wp-content\/uploads\/2025\/01\/shaft-x.webp 81w, https:\/\/fmp-components.com\/wp-content\/uploads\/2025\/01\/shaft-x-12x12.webp 12w\" sizes=\"(max-width: 81px) 100vw, 81px\" \/><br \/>\n<\/strong><\/td>\n<td>\u00a01\u201d 3\/8 Z6<\/td>\n<\/tr>\n<tr>\n<td><strong>Mil Y<img loading=\"lazy\" decoding=\"async\" class=\"size-full wp-image-2473 aligncenter\" src=\"https:\/\/fmp-components.com\/wp-content\/uploads\/2025\/01\/shaft-x.webp\" alt=\"\u015faft-x\" width=\"81\" height=\"78\" title=\"\" srcset=\"https:\/\/fmp-components.com\/wp-content\/uploads\/2025\/01\/shaft-x.webp 81w, https:\/\/fmp-components.com\/wp-content\/uploads\/2025\/01\/shaft-x-12x12.webp 12w\" sizes=\"(max-width: 81px) 100vw, 81px\" \/><\/strong><\/td>\n<td>1\u201d 3\/8 Z6<\/td>\n<\/tr>\n<tr>\n<td><strong>\u015eaft Z<img loading=\"lazy\" decoding=\"async\" class=\"size-full wp-image-2480 aligncenter\" src=\"https:\/\/fmp-components.com\/wp-content\/uploads\/2025\/01\/shaft1.webp\" alt=\"\u015faft\" width=\"83\" height=\"83\" title=\"\" srcset=\"https:\/\/fmp-components.com\/wp-content\/uploads\/2025\/01\/shaft1.webp 83w, https:\/\/fmp-components.com\/wp-content\/uploads\/2025\/01\/shaft1-12x12.webp 12w\" sizes=\"(max-width: 83px) 100vw, 83px\" \/><\/strong><\/td>\n<td>L200 \u03a655<\/td>\n<\/tr>\n<tr>\n<td><strong>Giri\u015f<\/strong><\/td>\n<td>X<\/td>\n<\/tr>\n<\/tbody>\n<\/table>\n<h2>Yuvarlak Balya Makinesi \u015eanz\u0131man \u00d6zellikleri<\/h2>\n<p>Yuvarlak Balya Makinesi Di\u015fli Kutusu, tar\u0131msal balyalama makinelerinde kritik bir bile\u015fen olup, yuvarlak balya makinelerinin verimli \u00e7al\u0131\u015fmas\u0131n\u0131 sa\u011flar. Performans\u0131, dayan\u0131kl\u0131l\u0131\u011f\u0131 ve g\u00fcvenilirli\u011fi art\u0131rmak i\u00e7in tasarlanm\u0131\u015f tipik bir yuvarlak balya makinesi di\u015fli kutusunun temel \u00f6zellikleri a\u015fa\u011f\u0131dad\u0131r:<\/p>\n<p><strong>Y\u00fcksek Tork Kapasitesi<\/strong><\/p>\n<p>Yuvarlak balya makinesi di\u015fli kutular\u0131, balya makinesinin saman, ot ve silaj gibi b\u00fcy\u00fck hacimli mahsulleri verimli bir \u015fekilde i\u015flemesini sa\u011flayan y\u00fcksek tork sa\u011flayacak \u015fekilde tasarlanm\u0131\u015ft\u0131r. Y\u00fcksek tork \u00e7\u0131k\u0131\u015f\u0131, balya makinesinin a\u011f\u0131r y\u00fck ko\u015fullar\u0131nda bile sorunsuz \u00e7al\u0131\u015fmas\u0131n\u0131 sa\u011flar.<\/p>\n<ul>\n<li>Faydas\u0131: Yo\u011fun ve y\u00fcksek nemli mahsuller i\u00e7in tutarl\u0131 ve g\u00fcvenilir g\u00fc\u00e7 sa\u011flar, a\u015f\u0131r\u0131 y\u00fcklenme riskini azalt\u0131r.<\/li>\n<\/ul>\n<p><strong>Sa\u011flam Yap\u0131<\/strong><\/p>\n<p>Yuvarlak balya makinesi di\u015fli kutular\u0131, tar\u0131msal faaliyetlerin zorlu ko\u015fullar\u0131na dayanabilecek y\u00fcksek mukavemetli malzemelerden \u00fcretilmi\u015ftir. Dayan\u0131kl\u0131 g\u00f6vde ve di\u015fliler, sert hava ko\u015fullar\u0131, nem ve y\u00fcksek bas\u0131n\u00e7 gibi zorlu ortamlarda bile uzun s\u00fcreli performans sa\u011flar.<\/p>\n<ul>\n<li>Faydas\u0131: Dayan\u0131kl\u0131l\u0131\u011f\u0131 en \u00fcst d\u00fczeye \u00e7\u0131kar\u0131r ve ar\u0131za riskini en aza indirir, b\u00f6ylece duru\u015f s\u00fcresini ve bak\u0131m maliyetlerini azalt\u0131r.<\/li>\n<\/ul>\n<p><strong>Hassas Di\u015fli Oran\u0131 (\u00f6rne\u011fin, 1:3 veya 1:4)<\/strong><\/p>\n<p>Yuvarlak balya makinesinin di\u015fli kutusunun di\u015fli oran\u0131, tork ve h\u0131z\u0131 dengeleyecek \u015fekilde optimize edilmi\u015ftir. 1:3 veya 1:4 gibi yayg\u0131n oranlar, sistemi zorlamadan kompakt ve d\u00fczg\u00fcn balyalar olu\u015fturmak i\u00e7in do\u011fru miktarda g\u00fc\u00e7 sa\u011flar. Uygun di\u015fli oran\u0131, balya makinesinin \u00e7e\u015fitli \u00fcr\u00fcn t\u00fcrlerinde verimli bir \u015fekilde \u00e7al\u0131\u015fmas\u0131na yard\u0131mc\u0131 olur.<\/p>\n<ul>\n<li>Faydas\u0131: Farkl\u0131 malzemeler ve saha ko\u015fullar\u0131nda d\u00fczg\u00fcn \u00e7al\u0131\u015fma ve tutarl\u0131 balya olu\u015fumu sa\u011flar.<\/li>\n<\/ul>\n<p><strong>D\u00fc\u015f\u00fck Titre\u015fimle Sorunsuz \u00c7al\u0131\u015fma<\/strong><\/p>\n<p>Yuvarlak balya makinesi di\u015fli kutular\u0131, titre\u015fimleri ve mekanik stresi en aza indiren geli\u015fmi\u015f tasar\u0131mlar\u0131yla sorunsuz \u00e7al\u0131\u015fma i\u00e7in tasarlanm\u0131\u015ft\u0131r. Bu sayede daha sessiz \u00e7al\u0131\u015fma sa\u011flan\u0131r ve hem di\u015fli kutusunda hem de di\u011fer ba\u011fl\u0131 par\u00e7alarda a\u015f\u0131nma azal\u0131r.<\/p>\n<ul>\n<li>Faydas\u0131: \u015eanz\u0131man ve ba\u011fl\u0131 bile\u015fenlerin \u00f6mr\u00fcn\u00fc uzat\u0131rken, daha sessiz ve daha verimli bir balyalama i\u015flemi sa\u011flar.<\/li>\n<\/ul>\n<p><strong>Kolay Bak\u0131m Tasar\u0131m\u0131<\/strong><\/p>\n<p>\u015eanz\u0131man, ya\u011flama, muayene ve servis i\u00e7in eri\u015fim noktalar\u0131yla kolay bak\u0131m i\u00e7in tasarlanm\u0131\u015ft\u0131r. D\u00fczenli bak\u0131m g\u00f6revleri basitle\u015ftirilerek, operat\u00f6rlerin \u015fanz\u0131man\u0131 a\u015f\u0131r\u0131 kesintiye u\u011framadan verimli bir \u015fekilde \u00e7al\u0131\u015ft\u0131rmalar\u0131 sa\u011flan\u0131r.<\/p>\n<ul>\n<li>Fayda: Bak\u0131m i\u00e7in gereken karma\u015f\u0131kl\u0131\u011f\u0131 ve s\u00fcreyi azalt\u0131r, operasyonel \u00e7al\u0131\u015fma s\u00fcresini art\u0131r\u0131r.<\/li>\n<\/ul>\n<p>Yuvarlak Balya Makinesi \u015eanz\u0131man Kutusu, balya makinelerinin verimli \u00e7al\u0131\u015fmas\u0131 i\u00e7in olmazsa olmaz bir bile\u015fendir. Y\u00fcksek tork kapasitesi, sa\u011flam yap\u0131s\u0131, hassas di\u015fli oranlar\u0131 ve kolay bak\u0131m tasar\u0131m\u0131, tar\u0131msal i\u015flemlerde optimum performans, g\u00fcvenilirlik ve uzun \u00f6m\u00fcr sa\u011flar. \u0130ster saman, ister kuru ot veya silaj balyalama olsun, yuvarlak balya makinesi \u015fanz\u0131man\u0131 sorunsuz, verimli ve uygun maliyetli i\u015flemleri destekleyerek \u00e7ift\u00e7iler ve m\u00fcteahhitler i\u00e7in de\u011ferli bir yat\u0131r\u0131m haline gelir.<\/p>\n<p><img loading=\"lazy\" decoding=\"async\" class=\"size-full wp-image-2479 aligncenter\" src=\"https:\/\/fmp-components.com\/wp-content\/uploads\/2025\/01\/round-baler-gearbox-T292E-e1.webp\" alt=\"yuvarlak balya makinesi di\u015fli kutusu-T292E-e(1)\" width=\"500\" height=\"500\" title=\"\" srcset=\"https:\/\/fmp-components.com\/wp-content\/uploads\/2025\/01\/round-baler-gearbox-T292E-e1.webp 500w, https:\/\/fmp-components.com\/wp-content\/uploads\/2025\/01\/round-baler-gearbox-T292E-e1-480x480.webp 480w\" sizes=\"(min-width: 0px) and (max-width: 480px) 480px, (min-width: 481px) 500px, 100vw\" \/><\/p>\n<h3>FMP Hakk\u0131nda<\/h3>\n<p>Merkezi \u0130talya'da bulunan FMP, tar\u0131m makinelerine \u00f6zel \u00f6nem veren, y\u00fcksek performansl\u0131 di\u015fli kutular\u0131n\u0131n tasar\u0131m\u0131, geli\u015ftirilmesi ve \u00fcretiminde tan\u0131nm\u0131\u015f bir liderdir. Hassas m\u00fchendisli\u011fi, yenilik\u00e7i \u00e7\u00f6z\u00fcmleri ve tavizsiz g\u00fcvenilirli\u011fiyle tan\u0131nan FMP, hem tar\u0131m hem de sanayi sekt\u00f6rlerinin g\u00fcvenini kazanm\u0131\u015ft\u0131r. Kapsaml\u0131 \u00fcr\u00fcn portf\u00f6y\u00fcm\u00fcz, \u00e7im bi\u00e7me makineleri i\u00e7in \u00f6zel di\u015fli kutular\u0131, kuyruk mili milleri ve di\u011fer temel bile\u015fenleri i\u00e7erir ve hepsi \u00e7ok \u00e7e\u015fitli uygulamalar i\u00e7in \u00f6zelle\u015ftirilmi\u015f \u00e7\u00f6z\u00fcmler sunmak \u00fczere tasarlanm\u0131\u015ft\u0131r.<\/p>\n<p>FMP olarak, her m\u00fc\u015fterinin kendine \u00f6zg\u00fc zorluklar\u0131 ve gereksinimleri oldu\u011funun bilincindeyiz. Bu nedenle, ister bireysel bile\u015fenler ister komple entegre sistemler olsun, \u00f6zel \u00e7\u00f6z\u00fcmler sunma konusunda uzmanla\u015f\u0131yoruz. M\u00fc\u015fterilerimizle yak\u0131n i\u015f birli\u011fi i\u00e7inde \u00e7al\u0131\u015farak her \u00e7\u00f6z\u00fcm\u00fcn yaln\u0131zca etkili de\u011fil, ayn\u0131 zamanda verimli olmas\u0131n\u0131, performans ve de\u011feri en \u00fcst d\u00fczeye \u00e7\u0131karmas\u0131n\u0131 sa\u011fl\u0131yoruz. H\u0131zl\u0131, profesyonel yan\u0131tlar ve uzman rehberli\u011fine olan ba\u011fl\u0131l\u0131\u011f\u0131m\u0131z, her talebin hassasiyetle y\u00f6netilmesini ve m\u00fcmk\u00fcn olan en iyi sonu\u00e7lar\u0131n elde edilmesini garanti eder.<\/p>\n<p>\u00dcr\u00fcn geli\u015ftirme s\u00fcrecinin tamam\u0131nda a\u00e7\u0131k ve s\u00fcrekli ileti\u015fime b\u00fcy\u00fck \u00f6nem veriyoruz. \u00d6zverili ekibimiz, m\u00fc\u015fterilerimizle do\u011frudan \u00e7al\u0131\u015farak \u00f6zel ihtiya\u00e7lar\u0131n\u0131 derinlemesine anl\u0131yor, derinlemesine \u00f6neriler ve pratik \u00e7\u00f6z\u00fcmler sunuyor. \u0130ster yeni ve yenilik\u00e7i \u00fcr\u00fcnler geli\u015ftiriyor ister devam eden sipari\u015fleri kar\u015f\u0131l\u0131yor olun, FMP y\u00fcksek kaliteli, hassas m\u00fchendislik \u00e7\u00f6z\u00fcmlerini s\u00fcrekli ve zaman\u0131nda sunma konusunda kararl\u0131l\u0131\u011f\u0131n\u0131 s\u00fcrd\u00fcr\u00fcyor. Amac\u0131m\u0131z, her projede benzersiz hizmet ve ola\u011fan\u00fcst\u00fc sonu\u00e7lar sunarak m\u00fc\u015fteri beklentilerini a\u015fmakt\u0131r.<\/p>\n<p>FMP'nin faaliyetlerinin temelinde, kaliteye olan sars\u0131lmaz ba\u011fl\u0131l\u0131k yatar. Her \u00fcr\u00fcn\u00fcn sekt\u00f6r beklentilerini kar\u015f\u0131lamakla kalmay\u0131p, a\u015fmas\u0131n\u0131 sa\u011flamak i\u00e7in en y\u00fcksek \u00fcretim standartlar\u0131n\u0131 koruyor ve s\u0131k\u0131 kalite kontrol protokolleri uyguluyoruz. Kaliteye olan bu ba\u011fl\u0131l\u0131\u011f\u0131m\u0131z, d\u00fcr\u00fcstl\u00fck, i\u015f birli\u011fi ve dayan\u0131kl\u0131l\u0131k gibi temel de\u011ferlerimizle birle\u015ferek, d\u00fcnya \u00e7ap\u0131nda 30'dan fazla \u00fclkedeki m\u00fc\u015fterilerimizle kal\u0131c\u0131 ili\u015fkiler kurmam\u0131z\u0131 sa\u011flam\u0131\u015ft\u0131r.<\/p>\n<p>FMP, k\u00fcresel ortakl\u0131klar kurmaya kendini adam\u0131\u015ft\u0131r ve m\u00fc\u015fterilerimizin \u00e7e\u015fitli ihtiya\u00e7lar\u0131n\u0131 kar\u015f\u0131layan uzman tavsiyeleri ve \u00f6zelle\u015ftirilmi\u015f \u00e7\u00f6z\u00fcmler sunmaya kendini adam\u0131\u015ft\u0131r. Sadece \u00fcr\u00fcn tedarik etmekle kalm\u0131yor, her projenin s\u00fcrekli ba\u015far\u0131s\u0131na katk\u0131da bulunan uzun vadeli ili\u015fkiler kuruyoruz. \u0130ster yeni bir giri\u015fim i\u00e7in yenilik\u00e7i \u00e7\u00f6z\u00fcmler, ister yerle\u015fik bir sistem i\u00e7in s\u00fcrekli destek ar\u0131yor olun, FMP teknik zorluklar\u0131n\u0131z\u0131 kar\u015f\u0131lamak ve s\u00fcrekli b\u00fcy\u00fcmenizi sa\u011flamak i\u00e7in buradad\u0131r.<\/p>\n<p><img loading=\"lazy\" decoding=\"async\" class=\"alignnone size-full wp-image-1861\" src=\"https:\/\/fmp-components.com\/wp-content\/uploads\/2024\/12\/Other-Agricultural-Gearboxes.webp\" sizes=\"(min-width: 0px) and (max-width: 480px) 480px, (min-width: 481px) and (max-width: 980px) 980px, (min-width: 981px) 1200px, 100vw\" srcset=\"https:\/\/fmp-components.com\/wp-content\/uploads\/2024\/12\/Other-Agricultural-Gearboxes.webp 1200w, https:\/\/fmp-components.com\/wp-content\/uploads\/2024\/12\/Other-Agricultural-Gearboxes-980x1143.webp 980w, https:\/\/fmp-components.com\/wp-content\/uploads\/2024\/12\/Other-Agricultural-Gearboxes-480x560.webp 480w\" alt=\"Altri-cambi-agricoli\" width=\"1200\" height=\"1400\" title=\"\"><\/p>\n<p>Yazar: CX<\/p>","protected":false},"excerpt":{"rendered":"<p>Round Baler Gearbox T292E\u00a0Specification i 1.86 N1[rpm] 540 P1[kW] 47.7 M2[Nm] &#8211; Shaft X \u00a01&#8221; 3\/8 Z6 Shaft Y 1&#8221; 3\/8 Z6 Shaft Z L200 \u03a655 Input X Round Baler Gearbox Features The Round Baler Gearbox is a critical component in agricultural baling machinery, ensuring the effective operation of round balers. Below are the key [&hellip;]<\/p>","protected":false},"featured_media":2479,"comment_status":"open","ping_status":"closed","template":"","meta":{"_et_pb_use_builder":"","_et_pb_old_content":"","_et_gb_content_width":""},"product_brand":[],"product_cat":[59],"product_tag":[],"class_list":{"0":"post-2476","1":"product","2":"type-product","3":"status-publish","4":"has-post-thumbnail","6":"product_cat-round-baler-gearbox","8":"first","9":"instock","10":"shipping-taxable","11":"product-type-simple"},"_links":{"self":[{"href":"https:\/\/fmp-components.com\/tr\/wp-json\/wp\/v2\/product\/2476","targetHints":{"allow":["GET"]}}],"collection":[{"href":"https:\/\/fmp-components.com\/tr\/wp-json\/wp\/v2\/product"}],"about":[{"href":"https:\/\/fmp-components.com\/tr\/wp-json\/wp\/v2\/types\/product"}],"replies":[{"embeddable":true,"href":"https:\/\/fmp-components.com\/tr\/wp-json\/wp\/v2\/comments?post=2476"}],"wp:featuredmedia":[{"embeddable":true,"href":"https:\/\/fmp-components.com\/tr\/wp-json\/wp\/v2\/media\/2479"}],"wp:attachment":[{"href":"https:\/\/fmp-components.com\/tr\/wp-json\/wp\/v2\/media?parent=2476"}],"wp:term":[{"taxonomy":"product_brand","embeddable":true,"href":"https:\/\/fmp-components.com\/tr\/wp-json\/wp\/v2\/product_brand?post=2476"},{"taxonomy":"product_cat","embeddable":true,"href":"https:\/\/fmp-components.com\/tr\/wp-json\/wp\/v2\/product_cat?post=2476"},{"taxonomy":"product_tag","embeddable":true,"href":"https:\/\/fmp-components.com\/tr\/wp-json\/wp\/v2\/product_tag?post=2476"}],"curies":[{"name":"wp","href":"https:\/\/api.w.org\/{rel}","templated":true}]}}