{"id":2471,"date":"2025-01-01T08:51:38","date_gmt":"2025-01-01T08:51:38","guid":{"rendered":"https:\/\/fmp-components.com\/?page_id=8"},"modified":"2025-01-02T01:11:49","modified_gmt":"2025-01-02T01:11:49","slug":"round-baler-gearbox-replacement-of-comer-code-tv-290h","status":"publish","type":"product","link":"https:\/\/fmp-components.com\/tr\/product\/round-baler-gearbox-replacement-of-comer-code-tv-290h\/","title":{"rendered":"Yuvarlak Balya Makinesi \u015eanz\u0131man Kutusu \u2013 TV-290H Kodlu K\u00f6\u015fe \u015eanz\u0131man\u0131n\u0131n De\u011fi\u015ftirilmesi"},"content":{"rendered":"<p><img loading=\"lazy\" decoding=\"async\" class=\"size-full wp-image-2474 aligncenter\" src=\"https:\/\/fmp-components.com\/wp-content\/uploads\/2025\/01\/round-baler-gearbox1.webp\" alt=\"yuvarlak balya makinesi di\u015fli kutusu(1)\" width=\"500\" height=\"500\" title=\"\" srcset=\"https:\/\/fmp-components.com\/wp-content\/uploads\/2025\/01\/round-baler-gearbox1.webp 500w, https:\/\/fmp-components.com\/wp-content\/uploads\/2025\/01\/round-baler-gearbox1-480x480.webp 480w\" sizes=\"(min-width: 0px) and (max-width: 480px) 480px, (min-width: 481px) 500px, 100vw\" \/><\/p>\n<h2>Yuvarlak Balya Makinesi \u015eanz\u0131man TV-290H \u00d6zellikleri<\/h2>\n<p><img loading=\"lazy\" decoding=\"async\" class=\"alignnone wp-image-2475\" src=\"https:\/\/fmp-components.com\/wp-content\/uploads\/2025\/01\/round-baler-gearbox-t290h-details.webp\" alt=\"yuvarlak balya makinesi di\u015fli kutusu(1)\" width=\"859\" height=\"492\" title=\"\" srcset=\"https:\/\/fmp-components.com\/wp-content\/uploads\/2025\/01\/round-baler-gearbox-t290h-details.webp 859w, https:\/\/fmp-components.com\/wp-content\/uploads\/2025\/01\/round-baler-gearbox-t290h-details-480x275.webp 480w\" sizes=\"(min-width: 0px) and (max-width: 480px) 480px, (min-width: 481px) 859px, 100vw\" \/><\/p>\n<table style=\"width: 91.9211%; height: 222px;\" border=\"1\">\n<tbody>\n<tr>\n<td style=\"width: 46.9262%;\"><strong>Ben<\/strong><\/td>\n<td style=\"width: 39.5492%;\">2.07<\/td>\n<\/tr>\n<tr>\n<td style=\"width: 46.9262%;\"><strong>N<sub>1<\/sub>[dev\/dak]<\/strong><\/td>\n<td style=\"width: 39.5492%;\">540<\/td>\n<\/tr>\n<tr>\n<td style=\"width: 46.9262%;\"><strong>P<sub>1<\/sub>[kW]<\/strong><\/td>\n<td style=\"width: 39.5492%;\">51.5<\/td>\n<\/tr>\n<tr>\n<td style=\"width: 46.9262%;\"><strong>M<sub>2<\/sub>[Nm]<\/strong><\/td>\n<td style=\"width: 39.5492%;\">1828<\/td>\n<\/tr>\n<tr>\n<td style=\"width: 46.9262%;\"><strong>\u015eaft X<img loading=\"lazy\" decoding=\"async\" class=\"size-full wp-image-2472 aligncenter\" src=\"https:\/\/fmp-components.com\/wp-content\/uploads\/2025\/01\/shaft.webp\" alt=\"\u015faft\" width=\"64\" height=\"57\" title=\"\" srcset=\"https:\/\/fmp-components.com\/wp-content\/uploads\/2025\/01\/shaft.webp 64w, https:\/\/fmp-components.com\/wp-content\/uploads\/2025\/01\/shaft-13x12.webp 13w\" sizes=\"(max-width: 64px) 100vw, 64px\" \/><br \/>\n<\/strong><\/td>\n<td style=\"width: 39.5492%;\">39*40<\/td>\n<\/tr>\n<tr>\n<td style=\"width: 46.9262%;\"><strong>\u015eaft Z<img loading=\"lazy\" decoding=\"async\" class=\"size-full wp-image-2473 aligncenter\" src=\"https:\/\/fmp-components.com\/wp-content\/uploads\/2025\/01\/shaft-x.webp\" alt=\"\u015faft-x\" width=\"81\" height=\"78\" title=\"\" srcset=\"https:\/\/fmp-components.com\/wp-content\/uploads\/2025\/01\/shaft-x.webp 81w, https:\/\/fmp-components.com\/wp-content\/uploads\/2025\/01\/shaft-x-12x12.webp 12w\" sizes=\"(max-width: 81px) 100vw, 81px\" \/><\/strong><\/td>\n<td style=\"width: 39.5492%;\">1\u201d 3\/8 Z6<\/td>\n<\/tr>\n<tr>\n<td style=\"width: 46.9262%;\"><strong>Giri\u015f<\/strong><\/td>\n<td style=\"width: 39.5492%;\">Z<\/td>\n<\/tr>\n<\/tbody>\n<\/table>\n<h3>Yuvarlak Balya Makinas\u0131 \u015eanz\u0131man TV-290H'nin Temel \u00d6zellikleri<\/h3>\n<p>Yuvarlak Balya Makinesi \u015eanz\u0131man Kutusu TV-290H, yuvarlak balyalama i\u015flemleri i\u00e7in ola\u011fan\u00fcst\u00fc performans, dayan\u0131kl\u0131l\u0131k ve g\u00fcvenilirlik sunmak \u00fczere tasarlanm\u0131\u015ft\u0131r. Bu \u015fanz\u0131man\u0131n temel \u00f6zellikleri a\u015fa\u011f\u0131dad\u0131r:<\/p>\n<p><strong>Y\u00fcksek Tork \u00c7\u0131k\u0131\u015f\u0131<\/strong><\/p>\n<p>TV-290H \u015fanz\u0131man, y\u00fcksek tork \u00e7\u0131k\u0131\u015f\u0131yla tasarlanm\u0131\u015ft\u0131r ve bu sayede a\u011f\u0131r balyalama i\u015fleri i\u00e7in idealdir. Sa\u011flam yap\u0131s\u0131, tutarl\u0131 ve g\u00fcvenilir g\u00fc\u00e7 aktar\u0131m\u0131 sa\u011flayarak yuvarlak balya makinesinin yo\u011fun mahsuller veya \u0131slak malzemeler gibi zorlu ko\u015fullarda bile verimli bir \u015fekilde \u00e7al\u0131\u015fmas\u0131n\u0131 sa\u011flar.<\/p>\n<ul>\n<li>Avantaj\u0131: Zorlu tar\u0131m ko\u015fullar\u0131nda verimli ve g\u00fc\u00e7l\u00fc \u00e7al\u0131\u015fma.<\/li>\n<\/ul>\n<p><strong>Geli\u015fmi\u015f Di\u015fli Oran\u0131 (1:3.4)<\/strong><\/p>\n<p>Bu \u015fanz\u0131man, tork ve h\u0131z aras\u0131nda optimum dengeyi sa\u011flayan 1:3,4 di\u015fli oran\u0131na sahiptir. Bu oran, yuvarlak balya makinesinin b\u00fcy\u00fck hacimli mahsullerle \u00e7al\u0131\u015f\u0131rken bile sorunsuz ve tutarl\u0131 bir \u015fekilde \u00e7al\u0131\u015fmas\u0131n\u0131 sa\u011flar. Balya makinesinin performanstan \u00f6d\u00fcn vermeden \u00e7ok \u00e7e\u015fitli malzemeleri i\u015fleyebilmesini sa\u011flar.<\/p>\n<ul>\n<li>Faydas\u0131: \u00c7e\u015fitli mahsullerin i\u015flenmesinde sorunsuz \u00e7al\u0131\u015fma ve esneklik sa\u011flar.<\/li>\n<\/ul>\n<p><strong>Dayan\u0131kl\u0131 ve A\u011f\u0131r Hizmet Tipi Yap\u0131<\/strong><\/p>\n<p>Y\u00fcksek kaliteli malzemelerden \u00fcretilen TV-290H \u015fanz\u0131man, zorlu tar\u0131m ko\u015fullar\u0131na dayanacak \u015fekilde tasarlanm\u0131\u015ft\u0131r. Sa\u011flam g\u00f6vdesi ve i\u00e7 bile\u015fenleri, \u015fanz\u0131man\u0131n zorlu ko\u015fullarda ar\u0131za yapmadan s\u00fcrekli \u00e7al\u0131\u015fmas\u0131n\u0131 sa\u011flayarak ar\u0131za s\u00fcresini ve bak\u0131m maliyetlerini azalt\u0131r.<\/p>\n<ul>\n<li>Avantaj\u0131: Zorlu saha ko\u015fullar\u0131nda bile kullan\u0131m \u00f6mr\u00fc uzar ve ar\u0131za riski azal\u0131r.<\/li>\n<\/ul>\n<p><strong>Sorunsuz \u00c7al\u0131\u015fma \u0130\u00e7in Hassas M\u00fchendislik<\/strong><\/p>\n<p>\u015eanz\u0131man, s\u00fcrt\u00fcnmeyi azaltmak ve verimlili\u011fi art\u0131rmak i\u00e7in hassas bir \u015fekilde tasarlanm\u0131\u015ft\u0131r; bu da daha ak\u0131c\u0131 ve sessiz bir \u00e7al\u0131\u015fma sa\u011flar. Tasar\u0131m\u0131, titre\u015fimleri ve mekanik stresi en aza indirerek \u015fanz\u0131man\u0131n zaman i\u00e7inde b\u00fct\u00fcnl\u00fc\u011f\u00fcn\u00fc korumas\u0131na yard\u0131mc\u0131 olur ve di\u011fer ba\u011fl\u0131 bile\u015fenlerdeki a\u015f\u0131nmay\u0131 azalt\u0131r.<\/p>\n<ul>\n<li>Faydas\u0131: Balya makinesinin genel verimlili\u011fini art\u0131r\u0131r ve di\u015fli kutusunun ve ba\u011fl\u0131 par\u00e7alar\u0131n \u00f6mr\u00fcn\u00fc uzat\u0131r.<\/li>\n<\/ul>\n<p><strong>D\u00fc\u015f\u00fck Bak\u0131m Gerektiren Tasar\u0131m<\/strong><\/p>\n<p>TV-290H \u015fanz\u0131man, bak\u0131m kolayl\u0131\u011f\u0131 d\u00fc\u015f\u00fcn\u00fclerek tasarlanm\u0131\u015ft\u0131r. Ya\u011flama ve kontrol i\u00e7in kolay eri\u015fim noktalar\u0131na sahip olmas\u0131, h\u0131zl\u0131 ve kolay bak\u0131m rutinleri sa\u011flar. S\u0131k onar\u0131m ihtiyac\u0131n\u0131n azalmas\u0131, daha d\u00fc\u015f\u00fck i\u015fletme maliyetleri ve daha y\u00fcksek verimlilik sa\u011flar.<\/p>\n<ul>\n<li>Faydas\u0131: Bak\u0131m\u0131 kolayla\u015ft\u0131r\u0131r ve kesinti s\u00fcresini en aza indirir, operasyonlar\u0131n sorunsuz bir \u015fekilde y\u00fcr\u00fct\u00fclmesine yard\u0131mc\u0131 olur.<\/li>\n<\/ul>\n<p><strong>\u00c7ok Y\u00f6nl\u00fcl\u00fck ve Uyumluluk<\/strong><\/p>\n<p>TV-290H \u015fanz\u0131man, \u00e7e\u015fitli yuvarlak balya makinesi modelleriyle uyumlu olup, onu \u00e7e\u015fitli tar\u0131msal faaliyetler i\u00e7in \u00e7ok y\u00f6nl\u00fc bir se\u00e7enek haline getirir. Uyarlanabilir tasar\u0131m\u0131, mevcut sistemlere kolayca entegre edilebilmesini sa\u011flayarak, balya makinesi \u015fanz\u0131manlar\u0131n\u0131 y\u00fckseltmek veya de\u011fi\u015ftirmek isteyen \u00e7ift\u00e7ilere ve m\u00fcteahhitlere esneklik sa\u011flar.<\/p>\n<ul>\n<li>Avantaj\u0131: Farkl\u0131 balya makinesi modelleriyle geni\u015f uyumluluk, \u00e7ok y\u00f6nl\u00fcl\u00fck ve entegrasyon kolayl\u0131\u011f\u0131 sa\u011flar.<\/li>\n<\/ul>\n<p>Yuvarlak Balya Makinesi \u015eanz\u0131man Kutusu TV-290H, y\u00fcksek tork, dayan\u0131kl\u0131l\u0131k ve hassas m\u00fchendisli\u011fin bir kar\u0131\u015f\u0131m\u0131n\u0131 sunarak onu zorlu yuvarlak balyalama i\u015flemleri i\u00e7in m\u00fckemmel bir se\u00e7im haline getirir. Geli\u015fmi\u015f di\u015fli oran\u0131, d\u00fc\u015f\u00fck bak\u0131m gerektiren tasar\u0131m\u0131 ve sa\u011flam yap\u0131s\u0131yla bu \u015fanz\u0131man, tutarl\u0131 performans, daha az ar\u0131za s\u00fcresi ve uzun s\u00fcreli g\u00fcvenilirlik sa\u011flar. \u0130ster saman, ister ot veya di\u011fer mahsulleri i\u015fliyor olun, TV-290H \u015fanz\u0131man\u0131 optimum balyalama performans\u0131 i\u00e7in gereken verimlili\u011fi ve g\u00fcvenilirli\u011fi sa\u011flar.<\/p>\n<p><img loading=\"lazy\" decoding=\"async\" class=\"alignnone size-full wp-image-2468\" src=\"https:\/\/fmp-components.com\/wp-content\/uploads\/2025\/01\/Round-Baler-Gearbox-T-304A-Applications-21.webp\" alt=\"Yuvarlak Balya Makinesi Di\u015fli Kutusu T-304A Uygulamalar\u0131 2(1)\" width=\"1000\" height=\"640\" title=\"\" srcset=\"https:\/\/fmp-components.com\/wp-content\/uploads\/2025\/01\/Round-Baler-Gearbox-T-304A-Applications-21.webp 1000w, https:\/\/fmp-components.com\/wp-content\/uploads\/2025\/01\/Round-Baler-Gearbox-T-304A-Applications-21-980x627.webp 980w, https:\/\/fmp-components.com\/wp-content\/uploads\/2025\/01\/Round-Baler-Gearbox-T-304A-Applications-21-480x307.webp 480w\" sizes=\"(min-width: 0px) and (max-width: 480px) 480px, (min-width: 481px) and (max-width: 980px) 980px, (min-width: 981px) 1000px, 100vw\" \/><\/p>\n<h2>Yuvarlak Balya Makinas\u0131 \u015eanz\u0131man TV-290H Uygulamas\u0131<\/h2>\n<p>Yuvarlak Balya Makinesi \u015eanz\u0131man Kutusu TV-290H, \u00f6zellikle tar\u0131msal yuvarlak balya makinelerinde kullan\u0131lmak \u00fczere tasarlanm\u0131\u015ft\u0131r ve bu da onu \u00e7e\u015fitli tar\u0131m i\u015flerinde verimli ve g\u00fcvenilir balyalama i\u015flemleri i\u00e7in vazge\u00e7ilmez k\u0131lar. Bu \u015fanz\u0131man\u0131n temel uygulamalar\u0131 a\u015fa\u011f\u0131dad\u0131r:<\/p>\n<p><strong>Saman Balyalama<\/strong><\/p>\n<p>TV-290H \u015fanz\u0131man, yuvarlak balya makinelerinin kuru otlar\u0131 verimli bir \u015fekilde toplay\u0131p s\u0131k\u0131\u015ft\u0131rarak balya haline getirmesine yard\u0131mc\u0131 oldu\u011fu saman balyalama i\u015flemlerinde yayg\u0131n olarak kullan\u0131l\u0131r. Y\u00fcksek torku ve hassas m\u00fchendisli\u011fi, b\u00fcy\u00fck miktarda samanla bile sorunsuz \u00e7al\u0131\u015fma sa\u011flayarak kritik hasat zamanlar\u0131nda ar\u0131za olas\u0131l\u0131\u011f\u0131n\u0131 azalt\u0131r.<\/p>\n<ul>\n<li>Uygulama: B\u00fcy\u00fck \u00f6l\u00e7ekli saman \u00fcretiminde saman balyalamak i\u00e7in idealdir, tutarl\u0131 balya olu\u015fumu ve kalitesini garanti eder.<\/li>\n<\/ul>\n<p><strong>Silaj Balyalama<\/strong><\/p>\n<p>Silaj balyalamada TV-290H \u015fanz\u0131man, yonca, yonca veya m\u0131s\u0131r sap\u0131 gibi y\u00fcksek nemli mahsullerin y\u00f6netiminde \u00f6nemli bir rol oynar. \u015eanz\u0131man\u0131n y\u00fcksek tork kapasitesi, balya makinesinin sistemi a\u015f\u0131r\u0131 y\u00fcklemeden yo\u011fun ve nemli malzemeleri i\u015fleyebilmesini sa\u011flayarak daha verimli silaj depolama ve yem muhafazas\u0131 sa\u011flar.<\/p>\n<ul>\n<li>Uygulama: Silaj balyalamada kullan\u0131l\u0131r, \u00fcr\u00fcn\u00fcn b\u00fct\u00fcnl\u00fc\u011f\u00fcn\u00fcn korunmas\u0131na yard\u0131mc\u0131 olurken ayn\u0131 zamanda hayvan yemi kalitesini de art\u0131r\u0131r.<\/li>\n<\/ul>\n<p><strong>Saman Balyalama<\/strong><\/p>\n<p>TV-290H \u015fanz\u0131man, hasattan sonra saman balyalamada da yayg\u0131n olarak kullan\u0131l\u0131r. Yuvarlak balya makinelerinin saman\u0131 toplay\u0131p d\u00fczg\u00fcn balyalar halinde s\u0131k\u0131\u015ft\u0131rmas\u0131na yard\u0131mc\u0131 olur. Y\u00fcksek tork \u00e7\u0131k\u0131\u015f\u0131, balya makinesinin saman\u0131n lifli yap\u0131s\u0131n\u0131 idare edebilmesini ve hayvan yata\u011f\u0131 veya biyoenerji \u00fcretimi gibi \u00e7e\u015fitli kullan\u0131mlara uygun dayan\u0131kl\u0131 balyalar \u00fcretmesini sa\u011flar.<\/p>\n<ul>\n<li>Uygulama: Tah\u0131l hasad\u0131ndan sonra saman y\u00f6netiminde etkilidir, tar\u0131m ve sanayide \u00e7e\u015fitli kullan\u0131mlar i\u00e7in kaliteli balyalar sa\u011flar.<\/li>\n<\/ul>\n<p><strong>Bitki Kal\u0131nt\u0131s\u0131 Y\u00f6netimi<\/strong><\/p>\n<p>\u00c7ift\u00e7iler, \u00fcr\u00fcn art\u0131klar\u0131n\u0131 y\u00f6netmek i\u00e7in TV-290H donan\u0131ml\u0131 yuvarlak balya makinelerini kullan\u0131yor. Hasattan sonra, \u015fanz\u0131man art\u0131k bitki art\u0131klar\u0131n\u0131n balyalanmas\u0131na yard\u0131mc\u0131 olarak tarla temizli\u011fini iyile\u015ftirmeye ve \u00fcr\u00fcn art\u0131klar\u0131n\u0131n daha kolay bertaraf edilmesini veya yeniden kullan\u0131lmas\u0131n\u0131 sa\u011fl\u0131yor.<\/p>\n<ul>\n<li>Uygulama: Etkili bitki kal\u0131nt\u0131s\u0131 y\u00f6netimini destekler, at\u0131klar\u0131 azalt\u0131r ve bir sonraki ekim sezonu i\u00e7in tarla haz\u0131rl\u0131\u011f\u0131n\u0131 iyile\u015ftirir.<\/li>\n<\/ul>\n<p><strong>Yem Hasad\u0131<\/strong><\/p>\n<p>\u015eanz\u0131man, yem hasad\u0131nda, \u00f6zellikle yonca, \u00e7avdar otu ve di\u011fer mera bitkileri gibi \u00e7e\u015fitli yem bitkilerinin toplanmas\u0131 ve balyalanmas\u0131nda kullan\u0131l\u0131r. Tasar\u0131m\u0131, yo\u011fun yemlerde optimum performans sa\u011flayarak, s\u0131k\u0131ca s\u0131k\u0131\u015ft\u0131r\u0131lm\u0131\u015f ve depolanmas\u0131 kolay balyalar \u00fcretilmesine yard\u0131mc\u0131 olur.<\/p>\n<ul>\n<li>Uygulama: Y\u00fcksek hacimli yem hasad\u0131 i\u00e7in idealdir, hayvan yemi i\u00e7in besin maddelerini koruyan y\u00fcksek kaliteli balyalar sa\u011flar.<\/li>\n<\/ul>\n<p><strong>\u00d6zel Tar\u0131m Hizmetleri<\/strong><\/p>\n<p>S\u00f6zle\u015fmeli balyalama gibi \u00f6zel tar\u0131m hizmetleri i\u00e7in TV-290H \u015fanz\u0131man\u0131 paha bi\u00e7ilmez bir avantaj sunar. G\u00fcvenilir performans ve dayan\u0131kl\u0131l\u0131k sa\u011flayarak, operat\u00f6rlerin birden fazla \u00e7iftlik i\u00e7in b\u00fcy\u00fck \u00f6l\u00e7ekli veya \u00f6zel balyalama g\u00f6revlerini tamamlamas\u0131n\u0131 sa\u011flar. \u00c7ok y\u00f6nl\u00fcl\u00fc\u011f\u00fc, onu farkl\u0131 \u00e7iftlik t\u00fcrleri ve boyutlar\u0131nda \u00e7ok \u00e7e\u015fitli uygulamalar i\u00e7in uygun hale getirir.<\/p>\n<ul>\n<li>Uygulama: \u00d6zel balyalama \u00e7\u00f6z\u00fcmleri arayan \u00e7ift\u00e7ilere g\u00fcvenilir performans sa\u011flayarak s\u00f6zle\u015fmeli balyalama hizmetlerini destekler.<\/li>\n<\/ul>\n<p>Yuvarlak Balya Makinesi \u015eanz\u0131man Kutusu TV-290H, \u00e7ok y\u00f6nl\u00fc ve sa\u011flam yap\u0131s\u0131yla saman ve silaj balyalamadan \u00fcr\u00fcn art\u0131\u011f\u0131 y\u00f6netimine kadar \u00e7e\u015fitli tar\u0131msal uygulamalar i\u00e7in idealdir. Y\u00fcksek tork \u00e7\u0131k\u0131\u015f\u0131, verimlili\u011fi ve dayan\u0131kl\u0131l\u0131\u011f\u0131, onu yuvarlak balya makineleri i\u00e7in de\u011ferli bir bile\u015fen haline getirerek g\u00fcvenilir ve y\u00fcksek kaliteli balya \u00fcretimi sa\u011flar. \u0130ster b\u00fcy\u00fck \u00f6l\u00e7ekli saman \u00fcretimi, ister yem hasad\u0131 veya \u00f6zel balyalama hizmetleri olsun, TV-290H \u015fanz\u0131man\u0131 \u00e7ift\u00e7ilerin ve m\u00fcteahhitlerin optimum operasyonel verimlili\u011fe ula\u015fmalar\u0131na yard\u0131mc\u0131 olur.<\/p>\n<p><img loading=\"lazy\" decoding=\"async\" class=\"alignnone size-full wp-image-2467\" src=\"https:\/\/fmp-components.com\/wp-content\/uploads\/2025\/01\/Round-Baler-Gearbox-T-304A-Applications-11.webp\" alt=\"Yuvarlak Balya Makinesi Di\u015fli Kutusu T-304A Uygulamalar\u0131 1(1)\" width=\"1000\" height=\"640\" title=\"\" srcset=\"https:\/\/fmp-components.com\/wp-content\/uploads\/2025\/01\/Round-Baler-Gearbox-T-304A-Applications-11.webp 1000w, https:\/\/fmp-components.com\/wp-content\/uploads\/2025\/01\/Round-Baler-Gearbox-T-304A-Applications-11-980x627.webp 980w, https:\/\/fmp-components.com\/wp-content\/uploads\/2025\/01\/Round-Baler-Gearbox-T-304A-Applications-11-480x307.webp 480w\" sizes=\"(min-width: 0px) and (max-width: 480px) 480px, (min-width: 481px) and (max-width: 980px) 980px, (min-width: 981px) 1000px, 100vw\" \/><\/p>\n<h2>FMP Hakk\u0131nda<\/h2>\n<p>Merkezi \u0130talya'da bulunan FMP, \u00f6zellikle tar\u0131m makineleri sekt\u00f6r\u00fc i\u00e7in y\u00fcksek performansl\u0131 di\u015fli kutular\u0131n\u0131n tasar\u0131m\u0131, geli\u015ftirilmesi ve \u00fcretimindeki uzmanl\u0131\u011f\u0131yla tan\u0131nan lider bir \u00fcreticidir. Hassas m\u00fchendislik, inovasyon ve g\u00fcvenilirli\u011fe olan ba\u011fl\u0131l\u0131\u011f\u0131yla FMP, hem tar\u0131m hem de end\u00fcstriyel pazarlar\u0131n de\u011fi\u015fen ihtiya\u00e7lar\u0131n\u0131 kar\u015f\u0131lamada g\u00fcvenilir bir ortak olarak \u00fcn kazanm\u0131\u015ft\u0131r. Geni\u015f \u00fcr\u00fcn yelpazemiz, \u00e7im bi\u00e7me makineleri, PTO \u015faftlar\u0131 ve di\u011fer hayati bile\u015fenler i\u00e7in \u00f6zel di\u015fli kutular\u0131 i\u00e7erir ve hepsi \u00e7ok \u00e7e\u015fitli uygulamalarda \u00f6zelle\u015ftirilmi\u015f \u00e7\u00f6z\u00fcmler sunmak \u00fczere tasarlanm\u0131\u015ft\u0131r.<\/p>\n<p>FMP olarak, her m\u00fc\u015fterinin farkl\u0131 zorluklarla kar\u015f\u0131la\u015ft\u0131\u011f\u0131n\u0131n bilincindeyiz. Bu nedenle, ister bireysel bile\u015fenler ister tamamen entegre sistemler olsun, \u00f6zel \u00e7\u00f6z\u00fcmler sunma konusunda uzmanla\u015f\u0131yoruz. Her \u00e7\u00f6z\u00fcm\u00fcn yaln\u0131zca etkili de\u011fil, ayn\u0131 zamanda performans ve de\u011fer a\u00e7\u0131s\u0131ndan da optimize edilmi\u015f olmas\u0131n\u0131 sa\u011flamak i\u00e7in m\u00fc\u015fterilerimizle yak\u0131n bir \u015fekilde \u00e7al\u0131\u015f\u0131yoruz. Zaman\u0131nda ve profesyonel yan\u0131tlar sunma konusundaki \u00f6zverimiz, uzman rehberli\u011fimizle birle\u015ferek, her sorunun hassasiyetle ele al\u0131nmas\u0131n\u0131 ve m\u00fc\u015fterilerimiz i\u00e7in m\u00fcmk\u00fcn olan en iyi sonu\u00e7lar\u0131n elde edilmesini sa\u011flar.<\/p>\n<p>\u00dcr\u00fcn geli\u015ftirme s\u00fcreci boyunca net ve s\u00fcrekli ileti\u015fime \u00f6ncelik veriyoruz. \u00d6zverili ekibimiz, m\u00fc\u015fterilerimizle do\u011frudan \u00e7al\u0131\u015farak ihtiya\u00e7lar\u0131n\u0131 derinlemesine anl\u0131yor, en uygun \u00e7\u00f6z\u00fcmleri garantilemek i\u00e7in de\u011ferli i\u00e7g\u00f6r\u00fcler ve \u00f6neriler sunuyor. \u0130ster yeni \u00fcr\u00fcnler tasarl\u0131yor ister mevcut sipari\u015fleri kar\u015f\u0131l\u0131yor olal\u0131m, FMP beklentileri a\u015fan ve her seferinde zaman\u0131nda teslim edilen, y\u00fcksek kaliteli, hassas m\u00fchendislik \u00e7\u00f6z\u00fcmleri sunmaya kararl\u0131d\u0131r.<\/p>\n<p>Kalite, FMP'deki operasyonlar\u0131m\u0131z\u0131n temel ta\u015f\u0131d\u0131r. Her \u00fcr\u00fcn\u00fcn sekt\u00f6r beklentilerini kar\u015f\u0131lamakla kalmay\u0131p, a\u015fmas\u0131n\u0131 sa\u011flamak i\u00e7in titiz kalite kontrol \u00f6nlemleri uygulayarak en y\u00fcksek \u00fcretim standartlar\u0131na ba\u011fl\u0131 kal\u0131yoruz. Kaliteye olan bu sars\u0131lmaz odaklanmam\u0131z, d\u00fcr\u00fcstl\u00fck, i\u015f birli\u011fi ve azim gibi temel de\u011ferlerimizle birle\u015ferek, d\u00fcnya \u00e7ap\u0131nda yakla\u015f\u0131k 30 \u00fclkedeki m\u00fc\u015fterilerimizle uzun vadeli, g\u00fcvene dayal\u0131 ili\u015fkiler kurmam\u0131z\u0131 sa\u011flam\u0131\u015ft\u0131r.<\/p>\n<p>FMP, m\u00fc\u015fterilerimizin \u00e7e\u015fitli ihtiya\u00e7lar\u0131n\u0131 kar\u015f\u0131lamak i\u00e7in uzman tavsiyeleri ve \u00f6zelle\u015ftirilmi\u015f \u00e7\u00f6z\u00fcmler sunarak k\u00fcresel ortakl\u0131klar kurmaya her zaman isteklidir. Sadece \u00fcr\u00fcn tedarik etmenin \u00f6tesine ge\u00e7meyi hedefliyoruz; amac\u0131m\u0131z, her projenin ba\u015far\u0131s\u0131na katk\u0131da bulunan kal\u0131c\u0131 ili\u015fkiler kurmakt\u0131r. \u0130ster yeni bir giri\u015fim i\u00e7in yenilik\u00e7i \u00e7\u00f6z\u00fcmlere, ister mevcut bir sistem i\u00e7in s\u00fcrekli deste\u011fe ihtiyac\u0131n\u0131z olsun, FMP teknik zorluklar\u0131n\u0131z\u0131 ele almak ve ba\u015far\u0131n\u0131z\u0131n devam\u0131n\u0131 sa\u011flamak i\u00e7in burada.<\/p>\n<p><img loading=\"lazy\" decoding=\"async\" class=\"alignnone size-full wp-image-1861\" src=\"https:\/\/fmp-components.com\/wp-content\/uploads\/2024\/12\/Other-Agricultural-Gearboxes.webp\" sizes=\"(min-width: 0px) and (max-width: 480px) 480px, (min-width: 481px) and (max-width: 980px) 980px, (min-width: 981px) 1200px, 100vw\" srcset=\"https:\/\/fmp-components.com\/wp-content\/uploads\/2024\/12\/Other-Agricultural-Gearboxes.webp 1200w, https:\/\/fmp-components.com\/wp-content\/uploads\/2024\/12\/Other-Agricultural-Gearboxes-980x1143.webp 980w, https:\/\/fmp-components.com\/wp-content\/uploads\/2024\/12\/Other-Agricultural-Gearboxes-480x560.webp 480w\" alt=\"Altri-cambi-agricoli\" width=\"1200\" height=\"1400\" title=\"\"><\/p>\n<p>Yazar: CX<\/p>","protected":false},"excerpt":{"rendered":"<p>Round Baler Gearbox TV-290H Specification i 2.07 N1[rpm] 540 P1[kW] 51.5 M2[Nm] 1828 Shaft X 39*40 Shaft Z 1&#8221; 3\/8 Z6 Input Z Key Features of Round Baler Gearbox TV-290H The Round Baler Gearbox TV-290H is designed to deliver exceptional performance, durability, and reliability for round baling operations. Below are the key features of this [&hellip;]<\/p>","protected":false},"featured_media":2474,"comment_status":"open","ping_status":"closed","template":"","meta":{"_et_pb_use_builder":"","_et_pb_old_content":"","_et_gb_content_width":""},"product_brand":[],"product_cat":[59],"product_tag":[],"class_list":{"0":"post-2471","1":"product","2":"type-product","3":"status-publish","4":"has-post-thumbnail","6":"product_cat-round-baler-gearbox","8":"first","9":"instock","10":"shipping-taxable","11":"product-type-simple"},"_links":{"self":[{"href":"https:\/\/fmp-components.com\/tr\/wp-json\/wp\/v2\/product\/2471","targetHints":{"allow":["GET"]}}],"collection":[{"href":"https:\/\/fmp-components.com\/tr\/wp-json\/wp\/v2\/product"}],"about":[{"href":"https:\/\/fmp-components.com\/tr\/wp-json\/wp\/v2\/types\/product"}],"replies":[{"embeddable":true,"href":"https:\/\/fmp-components.com\/tr\/wp-json\/wp\/v2\/comments?post=2471"}],"wp:featuredmedia":[{"embeddable":true,"href":"https:\/\/fmp-components.com\/tr\/wp-json\/wp\/v2\/media\/2474"}],"wp:attachment":[{"href":"https:\/\/fmp-components.com\/tr\/wp-json\/wp\/v2\/media?parent=2471"}],"wp:term":[{"taxonomy":"product_brand","embeddable":true,"href":"https:\/\/fmp-components.com\/tr\/wp-json\/wp\/v2\/product_brand?post=2471"},{"taxonomy":"product_cat","embeddable":true,"href":"https:\/\/fmp-components.com\/tr\/wp-json\/wp\/v2\/product_cat?post=2471"},{"taxonomy":"product_tag","embeddable":true,"href":"https:\/\/fmp-components.com\/tr\/wp-json\/wp\/v2\/product_tag?post=2471"}],"curies":[{"name":"wp","href":"https:\/\/api.w.org\/{rel}","templated":true}]}}