{"id":2358,"date":"2025-01-01T02:08:52","date_gmt":"2025-01-01T02:08:52","guid":{"rendered":"https:\/\/fmp-components.com\/?page_id=8"},"modified":"2025-01-01T02:08:52","modified_gmt":"2025-01-01T02:08:52","slug":"flail-mower-gearboxes-replacement-of-comer-code-tl281e","status":"publish","type":"product","link":"https:\/\/fmp-components.com\/tr\/product\/flail-mower-gearboxes-replacement-of-comer-code-tl281e\/","title":{"rendered":"\u00c7ay\u0131r Bi\u00e7me Makinesi \u015eanz\u0131manlar\u0131 \u2013 TL281E Kodlu K\u00f6\u015fe \u015eanz\u0131man\u0131n\u0131n De\u011fi\u015ftirilmesi"},"content":{"rendered":"<p><img loading=\"lazy\" decoding=\"async\" class=\"size-full wp-image-2366 aligncenter\" src=\"https:\/\/fmp-components.com\/wp-content\/uploads\/2025\/01\/Flail-Mower-Gearbox-2.webp\" alt=\"\u00c7ay\u0131r Bi\u00e7me Makinesi \u015eanz\u0131man Kutusu 2\" width=\"500\" height=\"500\" title=\"\" srcset=\"https:\/\/fmp-components.com\/wp-content\/uploads\/2025\/01\/Flail-Mower-Gearbox-2.webp 500w, https:\/\/fmp-components.com\/wp-content\/uploads\/2025\/01\/Flail-Mower-Gearbox-2-480x480.webp 480w\" sizes=\"(min-width: 0px) and (max-width: 480px) 480px, (min-width: 481px) 500px, 100vw\" \/><\/p>\n<h2>TL281E Bi\u00e7me Makinesi \u015eanz\u0131manlar\u0131n\u0131n \u00d6zellikleri<\/h2>\n<p><img loading=\"lazy\" decoding=\"async\" class=\"alignnone size-full wp-image-2364\" src=\"https:\/\/fmp-components.com\/wp-content\/uploads\/2025\/01\/Flail-Mower-Gearbox-L-5A-Specifications-1.webp\" alt=\"\u00c7ay\u0131r Bi\u00e7me Makinesi \u015eanz\u0131man Kutusu L-5A \u00d6zellikleri 1\" width=\"1362\" height=\"829\" title=\"\" srcset=\"https:\/\/fmp-components.com\/wp-content\/uploads\/2025\/01\/Flail-Mower-Gearbox-L-5A-Specifications-1.webp 1362w, https:\/\/fmp-components.com\/wp-content\/uploads\/2025\/01\/Flail-Mower-Gearbox-L-5A-Specifications-1-1280x779.webp 1280w, https:\/\/fmp-components.com\/wp-content\/uploads\/2025\/01\/Flail-Mower-Gearbox-L-5A-Specifications-1-980x596.webp 980w, https:\/\/fmp-components.com\/wp-content\/uploads\/2025\/01\/Flail-Mower-Gearbox-L-5A-Specifications-1-480x292.webp 480w\" sizes=\"(min-width: 0px) and (max-width: 480px) 480px, (min-width: 481px) and (max-width: 980px) 980px, (min-width: 981px) and (max-width: 1280px) 1280px, (min-width: 1281px) 1362px, 100vw\" \/><\/p>\n<table style=\"width: 97.8889%; height: 320px;\" border=\"1\">\n<tbody>\n<tr>\n<td><strong>Ben<\/strong><\/td>\n<td>2.91\/1.85<\/td>\n<\/tr>\n<tr>\n<td><strong>N<sub>1<\/sub>[dev\/dak]<\/strong><\/td>\n<td>540<\/td>\n<\/tr>\n<tr>\n<td><strong>P<sub>1<\/sub>[kW]<\/strong><\/td>\n<td>8.1-14.7<\/td>\n<\/tr>\n<tr>\n<td><strong>M<sub>2<\/sub>[Nm]<\/strong><\/td>\n<td>48-136<\/td>\n<\/tr>\n<tr>\n<td><strong>\u015eaft X<img loading=\"lazy\" decoding=\"async\" class=\"size-full wp-image-2180 aligncenter\" src=\"https:\/\/fmp-components.com\/wp-content\/uploads\/2024\/12\/shaft-x-3.webp\" alt=\"\u015faft-x\" width=\"81\" height=\"78\" title=\"\" srcset=\"https:\/\/fmp-components.com\/wp-content\/uploads\/2024\/12\/shaft-x-3.webp 81w, https:\/\/fmp-components.com\/wp-content\/uploads\/2024\/12\/shaft-x-3-12x12.webp 12w\" sizes=\"(max-width: 81px) 100vw, 81px\" \/>\u00a0<\/strong><\/td>\n<td>1\u201d 3\/8 Z6<\/td>\n<\/tr>\n<tr>\n<td><strong>\u015eaft Z<img loading=\"lazy\" decoding=\"async\" class=\"size-full wp-image-2181 aligncenter\" src=\"https:\/\/fmp-components.com\/wp-content\/uploads\/2024\/12\/shaft-z.webp\" alt=\"\u015faft-z\" width=\"81\" height=\"84\" title=\"\" srcset=\"https:\/\/fmp-components.com\/wp-content\/uploads\/2024\/12\/shaft-z.webp 81w, https:\/\/fmp-components.com\/wp-content\/uploads\/2024\/12\/shaft-z-12x12.webp 12w\" sizes=\"(max-width: 81px) 100vw, 81px\" \/><\/strong><\/td>\n<td>\u03a625\/\u03a630<\/td>\n<\/tr>\n<tr>\n<td><strong>Giri\u015f<\/strong><\/td>\n<td>X<\/td>\n<\/tr>\n<\/tbody>\n<\/table>\n<h2>Bi\u00e7me Makinesi \u015eanz\u0131man\u0131n\u0131n \u00d6zellikleri<\/h2>\n<p>Bi\u00e7me makinesi \u015fanz\u0131man\u0131, trakt\u00f6r\u00fcn PTO (G\u00fc\u00e7 Aktarma Organ\u0131) g\u00fcc\u00fcn\u00fc bi\u00e7me makinesi b\u0131\u00e7aklar\u0131 i\u00e7in kullan\u0131labilir enerjiye d\u00f6n\u00fc\u015ft\u00fcrmede hayati bir rol oynayan kritik bir bile\u015fendir. Tasar\u0131m\u0131, bi\u00e7me makinesinin \u00e7e\u015fitli tar\u0131m, ormanc\u0131l\u0131k ve peyzaj i\u015flerinde, farkl\u0131 bitki t\u00fcrlerini i\u015fleyerek verimli bir \u015fekilde \u00e7al\u0131\u015fmas\u0131n\u0131 sa\u011flar. Bir bi\u00e7me makinesi \u015fanz\u0131man\u0131n\u0131n temel \u00f6zellikleri \u015funlard\u0131r:<\/p>\n<p><strong>G\u00fc\u00e7 Aktar\u0131m\u0131 ve Tork D\u00f6n\u00fc\u015f\u00fcm\u00fc<\/strong><\/p>\n<p>\u00c7ay\u0131r bi\u00e7me makinesi \u015fanz\u0131man\u0131n\u0131n en \u00f6nemli \u00f6zelliklerinden biri, y\u00fcksek h\u0131zl\u0131 PTO g\u00fcc\u00fcn\u00fc bi\u00e7me makinesi b\u0131\u00e7aklar\u0131 i\u00e7in do\u011fru tork ve d\u00f6n\u00fc\u015f h\u0131z\u0131na d\u00f6n\u00fc\u015ft\u00fcrebilmesidir. \u015eanz\u0131man, trakt\u00f6r\u00fcn PTO'sundan gelen RPM'yi (genellikle 540 veya 1000 RPM) verimli kesim i\u00e7in daha d\u00fc\u015f\u00fck ve daha uygun bir h\u0131za d\u00fc\u015f\u00fcr\u00fcr. Bu d\u00f6n\u00fc\u015f\u00fcm, bi\u00e7me makinesi b\u0131\u00e7aklar\u0131n\u0131n yo\u011fun \u00e7im, \u00e7al\u0131 veya s\u0131k bitki \u00f6rt\u00fcs\u00fcn\u00fc sisteme a\u015f\u0131r\u0131 y\u00fcklemeden kesmek i\u00e7in do\u011fru h\u0131zda d\u00f6nmesini sa\u011flar.<\/p>\n<p><strong>Dayan\u0131kl\u0131l\u0131k ve G\u00fc\u00e7<\/strong><\/p>\n<p>\u00c7ay\u0131r bi\u00e7me makinesi di\u015fli kutular\u0131, a\u011f\u0131r y\u00fcklere ve zorlu ko\u015fullara dayanacak \u015fekilde \u00fcretilmi\u015ftir. Bu di\u015fli kutular\u0131, a\u011f\u0131r hizmet tipi tar\u0131m uygulamalar\u0131yla ili\u015fkili a\u015f\u0131r\u0131 kuvvetleri ve y\u00fcksek tork taleplerini kar\u015f\u0131layabilen sertle\u015ftirilmi\u015f \u00e7elik veya d\u00f6kme demir gibi y\u00fcksek kaliteli ve dayan\u0131kl\u0131 malzemelerden \u00fcretilmi\u015ftir. \u0130\u00e7 di\u015fliler ve yataklar, darbe y\u00fcklerine, a\u015f\u0131nmaya ve titre\u015fimlere dayanacak \u015fekilde tasarlanm\u0131\u015ft\u0131r ve zorlu ortamlarda bile uzun s\u00fcreli performans sa\u011flar.<\/p>\n<p><strong>Y\u00fcksek Verimlilik<\/strong><\/p>\n<p>\u00c7ay\u0131r bi\u00e7me makinesi di\u015fli kutular\u0131, y\u00fcksek verimli g\u00fc\u00e7 aktar\u0131m\u0131 i\u00e7in tasarlanm\u0131\u015ft\u0131r. Di\u015fliler genellikle helisel veya konik \u015fekillidir, bu da s\u00fcrt\u00fcnmeyi ve enerji kayb\u0131n\u0131 azaltarak daha ak\u0131c\u0131 bir \u00e7al\u0131\u015fma ve daha y\u00fcksek yak\u0131t verimlili\u011fi sa\u011flar. Verimli g\u00fc\u00e7 aktar\u0131m\u0131, d\u00f6n\u00fc\u015f\u00fcm s\u00fcrecinde daha az enerji israf\u0131 anlam\u0131na gelir ve trakt\u00f6r\u00fcn motor g\u00fcc\u00fcn\u00fcn daha b\u00fcy\u00fck bir k\u0131sm\u0131n\u0131n bi\u00e7me makinesi b\u0131\u00e7aklar\u0131n\u0131 \u00e7al\u0131\u015ft\u0131rmak i\u00e7in kullan\u0131lmas\u0131n\u0131 sa\u011flar. Bu da genel performans\u0131 art\u0131r\u0131r ve \u00e7al\u0131\u015fma s\u0131ras\u0131nda yak\u0131t t\u00fcketimini azalt\u0131r.<\/p>\n<p><strong>\u00c7oklu \u00c7\u0131k\u0131\u015f Milleri (Farkl\u0131 Kesme A\u00e7\u0131lar\u0131 i\u00e7in)<\/strong><\/p>\n<p>Bir\u00e7ok bi\u00e7me makinesi \u015fanz\u0131man\u0131, bi\u00e7me makinesi b\u0131\u00e7aklar\u0131n\u0131n farkl\u0131 kesme a\u00e7\u0131lar\u0131nda \u00e7al\u0131\u015ft\u0131r\u0131lmas\u0131n\u0131 sa\u011flayan \u00e7oklu \u00e7\u0131k\u0131\u015f milleriyle donat\u0131lm\u0131\u015ft\u0131r. Bu, \u00f6zellikle kesme y\u00fcksekliklerini ayarlamak veya farkl\u0131 bitki t\u00fcrlerini i\u015flemek i\u00e7in kullan\u0131\u015fl\u0131d\u0131r. Baz\u0131 \u015fanz\u0131manlarda, g\u00fc\u00e7 aktar\u0131m y\u00f6n\u00fcn\u00fc de\u011fi\u015ftirebilen bir konik di\u015fli sistemi bulunur ve bu da bi\u00e7me makinesinin \u00e7e\u015fitli konfig\u00fcrasyonlarda \u00e7al\u0131\u015fmas\u0131n\u0131 sa\u011flar. Bu \u00e7oklu \u00e7\u0131k\u0131\u015f milleri, bi\u00e7me makinesinin farkl\u0131 g\u00f6rev ve arazilere uyum sa\u011flamas\u0131n\u0131 sa\u011flar.<\/p>\n<p><strong>G\u00fcvenlik \u00d6zellikleri<\/strong><\/p>\n<p>G\u00fcvenlik, bi\u00e7me makinesi di\u015fli kutular\u0131n\u0131n tasar\u0131m\u0131nda kritik bir husustur. Kesme c\u0131vatalar\u0131, tork s\u0131n\u0131rlay\u0131c\u0131lar veya a\u015f\u0131r\u0131 y\u00fck kavramalar\u0131, b\u00fcy\u00fck bir kaya veya yo\u011fun d\u00f6k\u00fcnt\u00fc gibi ani bir engel durumunda di\u015fli kutusunun, PTO milinin veya bi\u00e7me makinesi b\u0131\u00e7aklar\u0131n\u0131n hasar g\u00f6rmesini \u00f6nlemek i\u00e7in yayg\u0131n olarak kullan\u0131l\u0131r. Bu g\u00fcvenlik \u00f6zellikleri, bi\u00e7me makinesi bir engelle kar\u015f\u0131la\u015ft\u0131\u011f\u0131nda di\u015fli kutusunun devreden \u00e7\u0131kmas\u0131n\u0131 veya \u015foku emmesini sa\u011flayarak ekipman\u0131 korur ve maliyetli hasarlar\u0131 \u00f6nler.<\/p>\n<p>Bi\u00e7me makinesi \u015fanz\u0131man\u0131, \u00e7e\u015fitli tar\u0131m ve peyzaj uygulamalar\u0131 i\u00e7in verimli g\u00fc\u00e7 aktar\u0131m\u0131, dayan\u0131kl\u0131l\u0131k ve uyarlanabilirlik sa\u011flamak \u00fczere tasarlanm\u0131\u015ft\u0131r. Tork d\u00f6n\u00fc\u015f\u00fcm\u00fc, y\u00fcksek verimlilik, g\u00fcvenlik \u00f6zellikleri ve kolay bak\u0131m gibi temel \u00f6zellikleriyle \u015fanz\u0131man, bi\u00e7me makinesinin uzun \u00f6m\u00fcrl\u00fcl\u00fc\u011f\u00fcn\u00fc korurken en y\u00fcksek performansta \u00e7al\u0131\u015fmas\u0131n\u0131 sa\u011flar. \u0130ster yo\u011fun bitki \u00f6rt\u00fcs\u00fc, ister engebeli arazi veya zorlu \u00e7al\u0131\u015fma ko\u015fullar\u0131yla u\u011fra\u015f\u0131n, bi\u00e7me ve temizleme g\u00f6revleri i\u00e7in g\u00fcvenilir bir \u00e7\u00f6z\u00fcm sunan bi\u00e7me makinesi \u015fanz\u0131man\u0131, zorluklar\u0131n \u00fcstesinden gelmek \u00fczere tasarlanm\u0131\u015ft\u0131r.<\/p>\n<p><img loading=\"lazy\" decoding=\"async\" class=\"alignnone size-full wp-image-2367\" src=\"https:\/\/fmp-components.com\/wp-content\/uploads\/2025\/01\/flail-mower-gearbox1.webp\" alt=\"bi\u00e7me makinesi \u015fanz\u0131man\u0131\" width=\"900\" height=\"600\" title=\"\" srcset=\"https:\/\/fmp-components.com\/wp-content\/uploads\/2025\/01\/flail-mower-gearbox1.webp 900w, https:\/\/fmp-components.com\/wp-content\/uploads\/2025\/01\/flail-mower-gearbox1-480x320.webp 480w\" sizes=\"(min-width: 0px) and (max-width: 480px) 480px, (min-width: 481px) 900px, 100vw\" \/><\/p>\n<h2>Bi\u00e7me Makinesi \u015eanz\u0131manlar\u0131 i\u00e7in PTO \u015eaftlar\u0131<\/h2>\n<p>PTO (G\u00fc\u00e7 Aktarma Organ\u0131) \u015faftlar\u0131, bir trakt\u00f6r\u00fcn g\u00fc\u00e7 sistemini bi\u00e7me makinesinin \u015fanz\u0131man\u0131na ba\u011flayan ve bi\u00e7me makinesi b\u0131\u00e7aklar\u0131n\u0131 \u00e7al\u0131\u015ft\u0131rmak i\u00e7in mekanik enerjiyi aktaran \u00f6nemli bile\u015fenlerdir. PTO \u015faft\u0131, trakt\u00f6r\u00fcn motoru ile \u015fanz\u0131man\u0131 aras\u0131ndaki ba\u011flant\u0131d\u0131r ve bi\u00e7me makinesinin verimli bir \u015fekilde \u00e7al\u0131\u015fmas\u0131 i\u00e7in tutarl\u0131 ve g\u00fcvenilir g\u00fc\u00e7 almas\u0131n\u0131 sa\u011flar. \u0130\u015fte bi\u00e7me makinesi \u015fanz\u0131manlar\u0131 i\u00e7in PTO \u015faftlar\u0131n\u0131n temel \u00f6zellikleri:<\/p>\n<p><strong>G\u00fc\u00e7 Aktar\u0131m\u0131<\/strong><\/p>\n<p>PTO \u015faftlar\u0131, trakt\u00f6r\u00fcn PTO'sundan gelen d\u00f6nme g\u00fcc\u00fcn\u00fc \u00e7ay\u0131r bi\u00e7me makinesinin \u015fanz\u0131man\u0131na iletmekten sorumludur. Genellikle her iki ucunda \u00fcniversal mafsallar bulunan bu \u015faftlar, PTO \u015faft\u0131 \u015fanz\u0131manla m\u00fckemmel bir \u015fekilde hizalanmam\u0131\u015f olsa bile sorunsuz bir g\u00fc\u00e7 aktar\u0131m\u0131 sa\u011flar. PTO \u015faft\u0131, \u00e7ay\u0131r bi\u00e7me makinesinin \u015fanz\u0131man giri\u015fine do\u011frudan ba\u011flanarak, \u015fanz\u0131man\u0131n b\u0131\u00e7aklar\u0131 etkili bir \u015fekilde d\u00f6nd\u00fcrmek i\u00e7in do\u011fru g\u00fcc\u00fc almas\u0131n\u0131 sa\u011flar.<\/p>\n<p><strong>Tork ve H\u0131z Ayar\u0131<\/strong><\/p>\n<p>Bir \u00e7ay\u0131r bi\u00e7me makinesi \u015fanz\u0131man\u0131n\u0131n PTO mili, \u015fanz\u0131man\u0131n gerektirdi\u011fi belirli torku ve d\u00f6n\u00fc\u015f h\u0131z\u0131n\u0131 kar\u015f\u0131layabilmelidir. \u015eanz\u0131man giri\u015f mili, PTO milinin d\u00f6n\u00fc\u015f g\u00fcc\u00fcn\u00fc alarak trakt\u00f6r\u00fcn y\u00fcksek devir say\u0131s\u0131n\u0131 (genellikle 540 veya 1000 RPM) bi\u00e7me makinesi b\u0131\u00e7aklar\u0131 i\u00e7in daha d\u00fc\u015f\u00fck ve daha uygun bir h\u0131za d\u00fc\u015f\u00fcr\u00fcr. Bu, bi\u00e7me makinesi b\u0131\u00e7aklar\u0131n\u0131n trakt\u00f6r\u00fcn motorunu a\u015f\u0131r\u0131 y\u00fcklemeden verimli bir kesme h\u0131z\u0131nda \u00e7al\u0131\u015fmas\u0131n\u0131 sa\u011flar.<\/p>\n<p><strong>Dayan\u0131kl\u0131l\u0131k ve G\u00fc\u00e7<\/strong><\/p>\n<p>\u00c7ay\u0131r bi\u00e7me makinesi \u015fanz\u0131manlar\u0131 i\u00e7in PTO milleri, a\u011f\u0131r hizmet ko\u015fullar\u0131na ve y\u00fcksek tork y\u00fcklerine dayanacak \u015fekilde \u00fcretilmi\u015ftir. Bu miller, zorlu tar\u0131m ve peyzaj ortamlar\u0131nda s\u00fcrekli kullan\u0131mdan kaynaklanan gerilimlere dayanabilecek g\u00fc\u00e7l\u00fc \u00e7elik veya y\u00fcksek kaliteli malzemelerden \u00fcretilmi\u015ftir. Miller genellikle ekstra dayan\u0131kl\u0131l\u0131k i\u00e7in \u0131s\u0131l i\u015fleme tabi tutulur ve yo\u011fun \u00e7im veya \u00e7al\u0131 kesme gibi zorlu \u00e7al\u0131\u015fma ko\u015fullar\u0131nda bile daha uzun s\u00fcre dayanmalar\u0131n\u0131 sa\u011flar.<\/p>\n<p><strong>G\u00fcvenlik \u00d6zellikleri<\/strong><\/p>\n<p>G\u00fcvenli \u00e7al\u0131\u015fma i\u00e7in bir\u00e7ok PTO \u015faft\u0131, d\u00f6nen par\u00e7alarla kazara temas\u0131 \u00f6nlemek amac\u0131yla g\u00fcvenlik kalkanlar\u0131 veya koruyucularla donat\u0131lm\u0131\u015ft\u0131r. Kesme c\u0131vatalar\u0131 veya tork s\u0131n\u0131rlay\u0131c\u0131lar gibi a\u015f\u0131r\u0131 y\u00fck koruma cihazlar\u0131 genellikle PTO \u015faft sistemine entegre edilmi\u015ftir. Bu mekanizmalar, \u00e7al\u0131\u015fma s\u0131ras\u0131nda bir t\u0131kan\u0131kl\u0131k veya a\u015f\u0131r\u0131 y\u00fck durumunda hem trakt\u00f6r\u00fc hem de \u00e7ay\u0131r bi\u00e7me makinesinin \u015fanz\u0131man\u0131n\u0131 hasardan korur.<\/p>\n<p><strong>Kolay Kurulum ve Bak\u0131m<\/strong><\/p>\n<p>PTO \u015faftlar\u0131, genellikle gerekli uzunlu\u011fa ayarlanabilen h\u0131zl\u0131 serbest b\u0131rakma mekanizmalar\u0131 veya teleskopik b\u00f6l\u00fcmlere sahip olup, kolay ba\u011flant\u0131 ve ba\u011flant\u0131 kesme i\u00e7in tasarlanm\u0131\u015ft\u0131r. Bu esneklik, farkl\u0131 trakt\u00f6r modelleri ve bi\u00e7me makinesi konfig\u00fcrasyonlar\u0131na uyum sa\u011flayacak \u015fekilde kolayca ayarlanmas\u0131n\u0131 sa\u011flar. \u00dcniversal mafsallar\u0131n ya\u011flanmas\u0131 ve a\u015f\u0131nma veya hasar kontrol\u00fc gibi d\u00fczenli bak\u0131m, PTO \u015faft\u0131n\u0131n \u00f6mr\u00fcn\u00fc uzatmaya ve sorunsuz \u00e7al\u0131\u015fmas\u0131n\u0131 sa\u011flamaya yard\u0131mc\u0131 olur.<\/p>\n<p>Bir bi\u00e7me makinesi \u015fanz\u0131man\u0131ndaki PTO \u015faft\u0131, g\u00fcc\u00fcn trakt\u00f6r\u00fcn PTO sisteminden \u015fanz\u0131mana aktar\u0131lmas\u0131nda \u00f6nemli bir rol oynar. Dayan\u0131kl\u0131l\u0131k, emniyet mekanizmalar\u0131 ve ayarlama esnekli\u011fi gibi \u00f6zellikleriyle bu \u015faftlar, bi\u00e7me makinesinin verimli ve g\u00fcvenli bir \u015fekilde \u00e7al\u0131\u015fmas\u0131n\u0131 sa\u011flar. Trakt\u00f6r ve bi\u00e7me makinesi \u015fanz\u0131man\u0131 i\u00e7in uygun \u015faft\u0131n dikkatli bir \u015fekilde se\u00e7ilmesiyle birlikte do\u011fru bak\u0131m, performans\u0131n optimize edilmesine ve ekipman\u0131n \u00f6mr\u00fcn\u00fcn uzat\u0131lmas\u0131na yard\u0131mc\u0131 olur. \u0130ster normal \u00e7im bi\u00e7me ister daha zorlu \u00e7al\u0131 kesme i\u015fleri i\u00e7in kullan\u0131ls\u0131n, PTO \u015faftlar\u0131, bi\u00e7me makinesinin \u00e7e\u015fitli uygulamalarda g\u00fcvenilir bir \u015fekilde \u00e7al\u0131\u015fmas\u0131n\u0131 sa\u011flamak i\u00e7in olmazsa olmazd\u0131r.<\/p>\n<p><img loading=\"lazy\" decoding=\"async\" class=\"alignnone  wp-image-2365\" src=\"https:\/\/fmp-components.com\/wp-content\/uploads\/2025\/01\/pto-shaft-for-flail-mower-gearbox1.webp\" alt=\"bi\u00e7me makinesi \u015fanz\u0131man\u0131 i\u00e7in pto-\u015faft\u0131(1)\" width=\"1016\" height=\"518\" title=\"\" srcset=\"https:\/\/fmp-components.com\/wp-content\/uploads\/2025\/01\/pto-shaft-for-flail-mower-gearbox1.webp 1016w, https:\/\/fmp-components.com\/wp-content\/uploads\/2025\/01\/pto-shaft-for-flail-mower-gearbox1-480x245.webp 480w\" sizes=\"(min-width: 0px) and (max-width: 480px) 480px, (min-width: 481px) 1016px, 100vw\" \/><\/p>\n<h3>FMP Hakk\u0131nda<\/h3>\n<p>Merkezi \u0130talya'da bulunan FMP, \u00f6zellikle tar\u0131m makineleri sekt\u00f6r\u00fcne odaklanan y\u00fcksek performansl\u0131 di\u015fli kutular\u0131n\u0131n tasar\u0131m\u0131, geli\u015ftirilmesi ve \u00fcretimindeki uzmanl\u0131\u011f\u0131yla tan\u0131nan lider bir \u00fcreticidir. Hassas m\u00fchendislik, yenilik\u00e7i \u00e7\u00f6z\u00fcmler ve sars\u0131lmaz g\u00fcvenilirlik konusundaki itibar\u0131yla FMP, hem tar\u0131m hem de sanayi sekt\u00f6rlerinin de\u011fi\u015fen ihtiya\u00e7lar\u0131n\u0131 kar\u015f\u0131lamada g\u00fcvenilir bir ortak haline gelmi\u015ftir. Geni\u015f \u00fcr\u00fcn yelpazemiz, \u00e7im bi\u00e7me makineleri i\u00e7in \u00f6zel di\u015fli kutular\u0131, kuyruk mili milleri ve di\u011fer temel bile\u015fenleri i\u00e7erir ve hepsi geni\u015f bir uygulama yelpazesinde \u00f6zelle\u015ftirilmi\u015f \u00e7\u00f6z\u00fcmler sunmak \u00fczere titizlikle tasarlanm\u0131\u015ft\u0131r.<\/p>\n<p>FMP olarak, her m\u00fc\u015fterinin kendine \u00f6zg\u00fc gereksinimleri ve zorluklar\u0131 oldu\u011funun bilincindeyiz. Bu nedenle, ister bireysel bile\u015fenler ister tamamen entegre sistemler i\u00e7in olsun, \u00f6zel \u00e7\u00f6z\u00fcmler sunma konusunda uzmanla\u015f\u0131yoruz. M\u00fc\u015fterilerimizle yak\u0131n i\u015f birli\u011fi i\u00e7inde \u00e7al\u0131\u015farak her \u00e7\u00f6z\u00fcm\u00fcn yaln\u0131zca etkili de\u011fil, ayn\u0131 zamanda verimli olmas\u0131n\u0131, hem performans\u0131 hem de de\u011feri optimize etmesini sa\u011fl\u0131yoruz. H\u0131zl\u0131 ve profesyonel yan\u0131tlar sunma taahh\u00fcd\u00fcm\u00fcz ve uzman rehberli\u011fimiz, her sorunun en \u00fcst d\u00fczeyde \u00f6zen ve hassasiyetle ele al\u0131nmas\u0131n\u0131 ve m\u00fcmk\u00fcn olan en iyi sonu\u00e7lara ula\u015f\u0131lmas\u0131n\u0131 sa\u011flar.<\/p>\n<p>\u00dcr\u00fcn geli\u015ftirme s\u00fcrecinin tamam\u0131nda a\u00e7\u0131k ve s\u00fcrekli ileti\u015fime \u00f6ncelik veriyoruz. \u00d6zverili ekibimiz, m\u00fc\u015fterilerimizle do\u011frudan \u00e7al\u0131\u015farak \u00f6zel ihtiya\u00e7lar\u0131n\u0131 tam olarak anl\u0131yor ve en uygun \u00e7\u00f6z\u00fcmleri sa\u011flamak i\u00e7in de\u011ferli i\u00e7g\u00f6r\u00fcler ve \u00f6neriler sunuyor. \u0130ster yenilik\u00e7i \u00fcr\u00fcnler tasarl\u0131yor ister devam eden sipari\u015fleri kar\u015f\u0131l\u0131yor olun, FMP her seferinde zaman\u0131nda, y\u00fcksek kaliteli ve hassas m\u00fchendislik \u00e7\u00f6z\u00fcmleri sunmaya kendini adam\u0131\u015ft\u0131r. Amac\u0131m\u0131z, m\u00fc\u015fterilerimize en iyi hizmeti ve sonu\u00e7lar\u0131 sunarak her projede beklentileri a\u015fmakt\u0131r.<\/p>\n<p>Kalite, FMP'nin faaliyetlerinin temel ta\u015f\u0131d\u0131r. En y\u00fcksek \u00fcretim standartlar\u0131na ba\u011fl\u0131 kalarak, her \u00fcr\u00fcn\u00fcn sekt\u00f6r standartlar\u0131n\u0131 kar\u015f\u0131lamas\u0131n\u0131 ve hatta a\u015fmas\u0131n\u0131 sa\u011flamak i\u00e7in s\u0131k\u0131 kalite kontrol \u00f6nlemleri uyguluyoruz. Kaliteye olan bu sars\u0131lmaz ba\u011fl\u0131l\u0131\u011f\u0131m\u0131z, d\u00fcr\u00fcstl\u00fck, ekip \u00e7al\u0131\u015fmas\u0131 ve azim gibi temel de\u011ferlerimizle birle\u015ferek, d\u00fcnya \u00e7ap\u0131nda yakla\u015f\u0131k 30 \u00fclkedeki m\u00fc\u015fterilerimizle uzun s\u00fcreli, g\u00fcvene dayal\u0131 ili\u015fkiler kurmam\u0131z\u0131 sa\u011flam\u0131\u015ft\u0131r.<\/p>\n<p>FMP, k\u00fcresel ortakl\u0131klara her zaman a\u00e7\u0131k olup, m\u00fc\u015fterilerimizin \u00e7e\u015fitli ihtiya\u00e7lar\u0131n\u0131 kar\u015f\u0131layan uzman tavsiyeleri ve \u00f6zelle\u015ftirilmi\u015f \u00e7\u00f6z\u00fcmler sunmaya kendini adam\u0131\u015ft\u0131r. Sadece \u00fcr\u00fcn tedarik etmenin \u00f6tesine ge\u00e7erek, her projenin ba\u015far\u0131s\u0131na katk\u0131da bulunan kal\u0131c\u0131 ili\u015fkiler kurmay\u0131 hedefliyoruz. \u0130ster yeni bir giri\u015fim i\u00e7in yenilik\u00e7i \u00e7\u00f6z\u00fcmlere, ister mevcut bir sistem i\u00e7in s\u00fcrekli deste\u011fe ihtiyac\u0131n\u0131z olsun, FMP teknik zorluklar\u0131n\u0131z\u0131n \u00fcstesinden gelmek ve ba\u015far\u0131n\u0131z\u0131n devam\u0131n\u0131 sa\u011flamak i\u00e7in burada.<\/p>\n<p><img loading=\"lazy\" decoding=\"async\" class=\"alignnone size-full wp-image-1861\" src=\"https:\/\/fmp-components.com\/wp-content\/uploads\/2024\/12\/Other-Agricultural-Gearboxes.webp\" sizes=\"(min-width: 0px) and (max-width: 480px) 480px, (min-width: 481px) and (max-width: 980px) 980px, (min-width: 981px) 1200px, 100vw\" srcset=\"https:\/\/fmp-components.com\/wp-content\/uploads\/2024\/12\/Other-Agricultural-Gearboxes.webp 1200w, https:\/\/fmp-components.com\/wp-content\/uploads\/2024\/12\/Other-Agricultural-Gearboxes-980x1143.webp 980w, https:\/\/fmp-components.com\/wp-content\/uploads\/2024\/12\/Other-Agricultural-Gearboxes-480x560.webp 480w\" alt=\"Altri-cambi-agricoli\" width=\"1200\" height=\"1400\" title=\"\"><\/p>\n<p>Yazar: CX<\/p>","protected":false},"excerpt":{"rendered":"<p>Specifications of Flail Mower Gearboxes TL281E i 2.91\/1.85 N1[rpm] 540 P1[kW] 8.1-14.7 M2[Nm] 48-136 Shaft X\u00a0 1&#8221; 3\/8 Z6 Shaft Z \u03a625\/\u03a630 Input X Characteristics of Flail Mower Gearbox The flail mower gearbox is a critical component that plays a vital role in converting the tractor&#8217;s PTO (Power Take-Off) power into usable energy for the [&hellip;]<\/p>","protected":false},"featured_media":2366,"comment_status":"open","ping_status":"closed","template":"","meta":{"_et_pb_use_builder":"","_et_pb_old_content":"","_et_gb_content_width":""},"product_brand":[],"product_cat":[58],"product_tag":[],"class_list":{"0":"post-2358","1":"product","2":"type-product","3":"status-publish","4":"has-post-thumbnail","6":"product_cat-flail-mower-gearbox","8":"first","9":"instock","10":"shipping-taxable","11":"product-type-simple"},"_links":{"self":[{"href":"https:\/\/fmp-components.com\/tr\/wp-json\/wp\/v2\/product\/2358","targetHints":{"allow":["GET"]}}],"collection":[{"href":"https:\/\/fmp-components.com\/tr\/wp-json\/wp\/v2\/product"}],"about":[{"href":"https:\/\/fmp-components.com\/tr\/wp-json\/wp\/v2\/types\/product"}],"replies":[{"embeddable":true,"href":"https:\/\/fmp-components.com\/tr\/wp-json\/wp\/v2\/comments?post=2358"}],"wp:featuredmedia":[{"embeddable":true,"href":"https:\/\/fmp-components.com\/tr\/wp-json\/wp\/v2\/media\/2366"}],"wp:attachment":[{"href":"https:\/\/fmp-components.com\/tr\/wp-json\/wp\/v2\/media?parent=2358"}],"wp:term":[{"taxonomy":"product_brand","embeddable":true,"href":"https:\/\/fmp-components.com\/tr\/wp-json\/wp\/v2\/product_brand?post=2358"},{"taxonomy":"product_cat","embeddable":true,"href":"https:\/\/fmp-components.com\/tr\/wp-json\/wp\/v2\/product_cat?post=2358"},{"taxonomy":"product_tag","embeddable":true,"href":"https:\/\/fmp-components.com\/tr\/wp-json\/wp\/v2\/product_tag?post=2358"}],"curies":[{"name":"wp","href":"https:\/\/api.w.org\/{rel}","templated":true}]}}