{"id":2334,"date":"2024-12-31T08:45:51","date_gmt":"2024-12-31T08:45:51","guid":{"rendered":"https:\/\/fmp-components.com\/?page_id=8"},"modified":"2025-01-01T01:41:07","modified_gmt":"2025-01-01T01:41:07","slug":"flail-mower-gearboxes-replacement-of-comer-code-ll-5l","status":"publish","type":"product","link":"https:\/\/fmp-components.com\/tr\/product\/flail-mower-gearboxes-replacement-of-comer-code-ll-5l\/","title":{"rendered":"\u00c7ay\u0131r Bi\u00e7me Makinesi \u015eanz\u0131manlar\u0131 \u2013 Comer Code LL-5L'nin De\u011fi\u015ftirilmesi"},"content":{"rendered":"<h2><img loading=\"lazy\" decoding=\"async\" class=\"size-full wp-image-2335 aligncenter\" src=\"https:\/\/fmp-components.com\/wp-content\/uploads\/2024\/12\/flail-mower-gearbox-LL-5L.webp\" alt=\"bi\u00e7me makinesi-\u015fanz\u0131man-LL-5L\" width=\"500\" height=\"500\" title=\"\" srcset=\"https:\/\/fmp-components.com\/wp-content\/uploads\/2024\/12\/flail-mower-gearbox-LL-5L.webp 500w, https:\/\/fmp-components.com\/wp-content\/uploads\/2024\/12\/flail-mower-gearbox-LL-5L-480x480.webp 480w\" sizes=\"(min-width: 0px) and (max-width: 480px) 480px, (min-width: 481px) 500px, 100vw\" \/><\/h2>\n<h2>LL-5L Bi\u00e7me Makinesi \u015eanz\u0131man \u00d6zellikleri<\/h2>\n<p><img loading=\"lazy\" decoding=\"async\" class=\"alignnone size-full wp-image-2336\" src=\"https:\/\/fmp-components.com\/wp-content\/uploads\/2024\/12\/flail-mower-gearbox-specification-LL-5L.webp\" alt=\"bi\u00e7me makinesi-di\u015fli kutusu-spesifikasyonu-LL-5L\" width=\"795\" height=\"428\" title=\"\" srcset=\"https:\/\/fmp-components.com\/wp-content\/uploads\/2024\/12\/flail-mower-gearbox-specification-LL-5L.webp 795w, https:\/\/fmp-components.com\/wp-content\/uploads\/2024\/12\/flail-mower-gearbox-specification-LL-5L-480x258.webp 480w\" sizes=\"(min-width: 0px) and (max-width: 480px) 480px, (min-width: 481px) 795px, 100vw\" \/><\/p>\n<table style=\"width: 95.9652%; height: 351px;\" border=\"1\">\n<tbody>\n<tr>\n<td style=\"width: 49.9526%;\"><strong>Ben<\/strong><\/td>\n<td style=\"width: 36.9094%;\">1.9<\/td>\n<\/tr>\n<tr>\n<td style=\"width: 49.9526%;\"><strong>N<sub>1<\/sub>[dev\/dak]<\/strong><\/td>\n<td style=\"width: 36.9094%;\">540<\/td>\n<\/tr>\n<tr>\n<td style=\"width: 49.9526%;\"><strong>P<sub>1<\/sub>[kW]<\/strong><\/td>\n<td style=\"width: 36.9094%;\">11<\/td>\n<\/tr>\n<tr>\n<td style=\"width: 49.9526%;\"><strong>M<sub>2<\/sub>[Nm]<\/strong><\/td>\n<td style=\"width: 36.9094%;\">99<\/td>\n<\/tr>\n<tr>\n<td style=\"width: 49.9526%;\"><strong>\u015eaft X<img loading=\"lazy\" decoding=\"async\" class=\"size-full wp-image-2180 aligncenter\" src=\"https:\/\/fmp-components.com\/wp-content\/uploads\/2024\/12\/shaft-x-3.webp\" alt=\"\u015faft-x\" width=\"81\" height=\"78\" title=\"\" srcset=\"https:\/\/fmp-components.com\/wp-content\/uploads\/2024\/12\/shaft-x-3.webp 81w, https:\/\/fmp-components.com\/wp-content\/uploads\/2024\/12\/shaft-x-3-12x12.webp 12w\" sizes=\"(max-width: 81px) 100vw, 81px\" \/><br \/>\n<\/strong><\/td>\n<td style=\"width: 36.9094%;\">1\u201d 3\/8 Z6<\/td>\n<\/tr>\n<tr>\n<td style=\"width: 49.9526%;\"><strong>\u015eaft Z<img loading=\"lazy\" decoding=\"async\" class=\"size-full wp-image-2181 aligncenter\" src=\"https:\/\/fmp-components.com\/wp-content\/uploads\/2024\/12\/shaft-z.webp\" alt=\"\u015faft-z\" width=\"81\" height=\"84\" title=\"\" srcset=\"https:\/\/fmp-components.com\/wp-content\/uploads\/2024\/12\/shaft-z.webp 81w, https:\/\/fmp-components.com\/wp-content\/uploads\/2024\/12\/shaft-z-12x12.webp 12w\" sizes=\"(max-width: 81px) 100vw, 81px\" \/><br \/>\n<\/strong><\/td>\n<td style=\"width: 36.9094%;\">L60 \u03a625<\/td>\n<\/tr>\n<tr>\n<td style=\"width: 49.9526%;\"><strong>Giri\u015f<\/strong><\/td>\n<td style=\"width: 36.9094%;\">X<\/td>\n<\/tr>\n<\/tbody>\n<\/table>\n<h2>\u00c7ay\u0131r Bi\u00e7me Makinesi \u015eanz\u0131man \u00d6zellikleri<\/h2>\n<p>\u00c7ay\u0131r Bi\u00e7me Makinesi \u015eanz\u0131man Kutusu, \u00e7ay\u0131r bi\u00e7me makinelerinin verimli \u00e7al\u0131\u015fmas\u0131n\u0131 sa\u011flayan ve bi\u00e7me makinesi b\u0131\u00e7aklar\u0131n\u0131 \u00e7al\u0131\u015ft\u0131rmak i\u00e7in gerekli g\u00fc\u00e7 iletimini sa\u011flayan temel bir bile\u015fendir. Dayan\u0131kl\u0131l\u0131k, g\u00fcvenilirlik ve y\u00fcksek performans i\u00e7in tasarlanan \u015fanz\u0131man, tar\u0131m ve arazi bak\u0131m uygulamalar\u0131n\u0131n zorlu ko\u015fullar\u0131na dayan\u0131rken optimum kesim verimlili\u011fi sa\u011flar. \u00c7ay\u0131r Bi\u00e7me Makinesi \u015eanz\u0131man Kutusunun temel \u00f6zellikleri a\u015fa\u011f\u0131dad\u0131r:<\/p>\n<p><strong>Y\u00fcksek G\u00fc\u00e7 \u0130letim Verimlili\u011fi<\/strong><\/p>\n<p>\u00c7ay\u0131r bi\u00e7me makinesi \u015fanz\u0131manlar\u0131, trakt\u00f6r\u00fcn PTO (G\u00fc\u00e7 Aktarma Organ\u0131) sisteminden \u00e7ay\u0131r bi\u00e7me makinesi b\u0131\u00e7aklar\u0131na verimli bir g\u00fc\u00e7 aktar\u0131m\u0131 sa\u011flamak \u00fczere tasarlanm\u0131\u015ft\u0131r. \u015eanz\u0131man, torku etkili bir \u015fekilde aktararak bi\u00e7me makinesinin yo\u011fun \u00e7im, \u00e7al\u0131 ve di\u011fer bitkileri kesmesini sa\u011flar. Tasar\u0131m, g\u00fcc\u00fcn verimli bir \u015fekilde iletilmesini, enerji kay\u0131plar\u0131n\u0131n en aza indirilmesini ve \u00e7al\u0131\u015fma performans\u0131n\u0131n en \u00fcst d\u00fczeye \u00e7\u0131kar\u0131lmas\u0131n\u0131 sa\u011flayacak \u015fekilde optimize edilmi\u015ftir.<\/p>\n<p><strong>Dayan\u0131kl\u0131 ve Sa\u011flam Yap\u0131<\/strong><\/p>\n<p>\u00c7ay\u0131r bi\u00e7me makinesi \u015fanz\u0131manlar\u0131, \u00e7al\u0131\u015fma s\u0131ras\u0131nda kar\u015f\u0131la\u015f\u0131lan a\u011f\u0131r y\u00fcklere ve y\u00fcksek torka dayanacak \u015fekilde y\u00fcksek mukavemetli malzemelerden \u00fcretilmi\u015ftir. Di\u015fliler, \u015faftlar ve g\u00f6vdeler gibi bile\u015fenler y\u00fcksek dayan\u0131kl\u0131l\u0131k i\u00e7in tasarlanm\u0131\u015ft\u0131r ve bu sayede \u015fanz\u0131man, yo\u011fun bitki \u00f6rt\u00fcs\u00fc, ta\u015fl\u0131 toprak ve engebeli arazi gibi zorlu bi\u00e7me ko\u015fullar\u0131n\u0131n \u00fcstesinden gelebilir. Sa\u011flam yap\u0131s\u0131, \u015fanz\u0131man\u0131n minimum bak\u0131mla uzun s\u00fcreler boyunca g\u00fcvenilir bir \u015fekilde \u00e7al\u0131\u015fmas\u0131n\u0131 sa\u011flar.<\/p>\n<p><strong>Hassas Di\u015fli Oran\u0131<\/strong><\/p>\n<p>Bi\u00e7me makinesi di\u015fli kutusunun di\u015fli oran\u0131, b\u0131\u00e7ak h\u0131z\u0131 ve kesme verimlili\u011fi aras\u0131nda do\u011fru dengeyi sa\u011flamak i\u00e7in \u00e7ok \u00f6nemlidir. Tipik bir di\u015fli kutusu, modele ve uygulamaya ba\u011fl\u0131 olarak 1:1,5 ila 1:2 aras\u0131nda bir di\u015fli oran\u0131na sahip olabilir. Hassas di\u015fli oran\u0131, b\u0131\u00e7aklar\u0131n kesim i\u00e7in optimum h\u0131zda d\u00f6nmesini sa\u011flayarak temiz ve d\u00fczg\u00fcn kesimler sa\u011flarken, bi\u00e7me makinesi b\u0131\u00e7aklar\u0131 ve di\u015fli kutusunda a\u015f\u0131r\u0131 a\u015f\u0131nmay\u0131 \u00f6nler.<\/p>\n<p><strong>Kompakt ve Hafif Tasar\u0131m<\/strong><\/p>\n<p>G\u00fc\u00e7l\u00fc \u00f6zelliklerine ra\u011fmen, \u00e7ay\u0131r bi\u00e7me makinesinin \u015fanz\u0131man\u0131 kompakt ve hafif olacak \u015fekilde tasarlanm\u0131\u015ft\u0131r ve bu sayede bi\u00e7me makinesine kolayca monte edilebilir ve entegre edilebilir. K\u00fc\u00e7\u00fck boyutu ve d\u00fc\u015f\u00fck a\u011f\u0131rl\u0131\u011f\u0131, bi\u00e7me makinesine gereksiz y\u00fck bindirmemesini sa\u011flayarak manevra kabiliyetini kolayla\u015ft\u0131r\u0131r ve trakt\u00f6r \u00fczerindeki y\u00fck\u00fc azalt\u0131r. Hafif tasar\u0131m\u0131, enerji t\u00fcketimini azaltarak bi\u00e7me makinesinin genel verimlili\u011fini de art\u0131r\u0131r.<\/p>\n<p><strong>A\u015f\u0131r\u0131 Y\u00fck Korumas\u0131<\/strong><\/p>\n<p>\u00c7ay\u0131r bi\u00e7me makinesi \u015fanz\u0131manlar\u0131 genellikle kesme pimleri, tork s\u0131n\u0131rlay\u0131c\u0131lar veya a\u015f\u0131r\u0131 y\u00fck kavramalar\u0131 gibi a\u015f\u0131r\u0131 y\u00fck koruma mekanizmalar\u0131yla donat\u0131lm\u0131\u015ft\u0131r. Bu g\u00fcvenlik \u00f6zellikleri, ta\u015f veya a\u011f\u0131r d\u00f6k\u00fcnt\u00fc gibi ani engellerde \u015fanz\u0131man\u0131n ve bi\u00e7me makinesi bile\u015fenlerinin hasar g\u00f6rmesini \u00f6nler. Bir engel olu\u015fmas\u0131 durumunda, a\u015f\u0131r\u0131 y\u00fck korumas\u0131 \u015fanz\u0131man\u0131 devre d\u0131\u015f\u0131 b\u0131rakarak daha fazla hasar\u0131 \u00f6nler ve h\u0131zl\u0131 onar\u0131m imkan\u0131 sunar. Bu \u00f6zellik g\u00fcvenli\u011fi art\u0131r\u0131r ve \u015fanz\u0131man\u0131n kullan\u0131m \u00f6mr\u00fcn\u00fc uzat\u0131r.<\/p>\n<p>Flail Bi\u00e7me Makinesi \u015eanz\u0131man Kutusu, flail bi\u00e7me makineleri i\u00e7in gerekli g\u00fc\u00e7 aktar\u0131m\u0131n\u0131 sa\u011flayarak sorunsuz, verimli ve g\u00fcvenilir bir \u00e7al\u0131\u015fma sa\u011flayan, y\u00fcksek m\u00fchendislikli bir bile\u015fendir. Dayan\u0131kl\u0131 yap\u0131s\u0131, hassas di\u015fli oranlar\u0131, a\u015f\u0131r\u0131 y\u00fck korumas\u0131 ve d\u00fc\u015f\u00fck bak\u0131m gerektiren tasar\u0131m\u0131 gibi temel \u00f6zellikleri, onu her flail bi\u00e7me makinesi sisteminin vazge\u00e7ilmez bir par\u00e7as\u0131 haline getirir. \u0130ster \u00e7im, ister \u00e7al\u0131 veya daha yo\u011fun bitki \u00f6rt\u00fcs\u00fcn\u00fc bi\u00e7mek i\u00e7in kullan\u0131ls\u0131n, flail bi\u00e7me makinesi \u015fanz\u0131man\u0131, performans\u0131 optimize etmede ve ekipman\u0131n \u00f6mr\u00fcn\u00fc uzatmada kritik bir rol oynar.<\/p>\n<p><img loading=\"lazy\" decoding=\"async\" class=\"alignnone size-full wp-image-2329\" src=\"https:\/\/fmp-components.com\/wp-content\/uploads\/2024\/12\/Installation-of-Flail-Mower-Gearboxes-Precautions-21.webp\" alt=\"Bi\u00e7me Makinesi Di\u015fli Kutular\u0131n\u0131n Montaj\u0131 - \u00d6nlemler - 2(1)\" width=\"900\" height=\"675\" title=\"\" srcset=\"https:\/\/fmp-components.com\/wp-content\/uploads\/2024\/12\/Installation-of-Flail-Mower-Gearboxes-Precautions-21.webp 900w, https:\/\/fmp-components.com\/wp-content\/uploads\/2024\/12\/Installation-of-Flail-Mower-Gearboxes-Precautions-21-480x360.webp 480w\" sizes=\"(min-width: 0px) and (max-width: 480px) 480px, (min-width: 481px) 900px, 100vw\" \/><\/p>\n<h2>Bi\u00e7me Makinesi \u015eanz\u0131man\u0131 i\u00e7in Tar\u0131msal PTO \u015eaft\u0131<\/h2>\n<p>Bi\u00e7me Makinesi \u015eanz\u0131man\u0131n\u0131n Tar\u0131msal PTO \u015eaft\u0131, trakt\u00f6r\u00fcn PTO (G\u00fc\u00e7 Aktarma Organ\u0131) sisteminden bi\u00e7me makinesi \u015fanz\u0131man\u0131na g\u00fcc\u00fcn verimli bir \u015fekilde aktar\u0131lmas\u0131n\u0131 sa\u011flayan kritik bir bile\u015fendir. Bu \u015faft, y\u00fcksek torku kald\u0131racak ve bi\u00e7me makinesi b\u0131\u00e7aklar\u0131na d\u00fczg\u00fcn ve tutarl\u0131 bir g\u00fc\u00e7 sa\u011flayacak \u015fekilde tasarlanm\u0131\u015ft\u0131r ve zorlu tar\u0131m uygulamalar\u0131nda optimum kesme performans\u0131 sa\u011flar. Bi\u00e7me Makinesi \u015eanz\u0131man\u0131n\u0131n Tar\u0131msal PTO \u015eaft\u0131n\u0131n temel \u00f6zellikleri ve avantajlar\u0131 a\u015fa\u011f\u0131dad\u0131r:<\/p>\n<p><strong>Verimli G\u00fc\u00e7 Aktar\u0131m\u0131<\/strong><\/p>\n<p>PTO \u015faft\u0131n\u0131n temel i\u015flevi, trakt\u00f6rden \u00e7ay\u0131r bi\u00e7me makinesinin \u015fanz\u0131man\u0131na g\u00fc\u00e7 iletmektir. Trakt\u00f6r\u00fcn PTO sistemini bi\u00e7me makinesinin \u015fanz\u0131man\u0131na ba\u011flayan PTO \u015faft\u0131, \u015fanz\u0131man\u0131n bi\u00e7me makinesi b\u0131\u00e7aklar\u0131n\u0131 verimli bir kesim i\u00e7in gereken h\u0131zda d\u00f6nd\u00fcrmesini sa\u011flar. Bu g\u00fc\u00e7 aktar\u0131m\u0131, \u00e7im bi\u00e7me makinesinin en y\u00fcksek performansta \u00e7al\u0131\u015fmas\u0131n\u0131 ve \u00e7im, \u00e7al\u0131 veya di\u011fer bitkileri bi\u00e7erken tutarl\u0131 sonu\u00e7lar vermesini sa\u011flamak i\u00e7in olmazsa olmazd\u0131r.<\/p>\n<p><strong>Dayan\u0131kl\u0131 Yap\u0131<\/strong><\/p>\n<p>\u00c7ay\u0131r bi\u00e7me makinesi \u015fanz\u0131manlar\u0131 i\u00e7in PTO \u015faft\u0131, y\u00fcksek mukavemet ve dayan\u0131kl\u0131l\u0131k i\u00e7in \u00fcretilmi\u015ftir. Y\u00fcksek kaliteli, a\u015f\u0131nmaya dayan\u0131kl\u0131 malzemelerden \u00fcretilen \u015faft, tar\u0131msal faaliyetlerin zorlu ko\u015fullar\u0131na dayanacak \u015fekilde tasarlanm\u0131\u015ft\u0131r. \u015eaft, performans\u0131ndan \u00f6d\u00fcn vermeden y\u00fcksek tork, \u015fok y\u00fckleri ve titre\u015fimleri kald\u0131rabilir. Bu sa\u011flam yap\u0131, uzun bir kullan\u0131m \u00f6mr\u00fc sa\u011flar ve s\u0131k s\u0131k de\u011fi\u015ftirme veya onar\u0131m ihtiyac\u0131n\u0131 azalt\u0131r.<\/p>\n<p><strong>G\u00fcvenlik \u00d6zellikleri<\/strong><\/p>\n<p>G\u00fcvenlik, \u00e7ay\u0131r bi\u00e7me makinesi \u015fanz\u0131manlar\u0131nda PTO \u015faft\u0131n\u0131n tasar\u0131m\u0131nda \u00f6nemli bir husustur. \u015eaft, d\u00f6nen par\u00e7alarla kazara temas\u0131 \u00f6nlemek i\u00e7in g\u00fcvenlik kalkanlar\u0131yla donat\u0131lm\u0131\u015ft\u0131r. Bu kalkanlar, operat\u00f6r\u00fc ve \u00e7evredeki di\u011fer ki\u015fileri olas\u0131 yaralanmalardan korur. Ayr\u0131ca, bir t\u0131kan\u0131kl\u0131k veya a\u015f\u0131r\u0131 y\u00fck durumunda \u015fanz\u0131man\u0131n veya trakt\u00f6r\u00fcn hasar g\u00f6rmesini \u00f6nlemek i\u00e7in kesme c\u0131vatalar\u0131 veya tork s\u0131n\u0131rlay\u0131c\u0131lar gibi a\u015f\u0131r\u0131 y\u00fck koruma mekanizmalar\u0131 s\u0131kl\u0131kla kullan\u0131l\u0131r. Bu, PTO \u015faft\u0131n\u0131n ve bile\u015fenlerinin zorlu ko\u015fullar alt\u0131nda g\u00fcvenli bir \u015fekilde kullan\u0131lmas\u0131n\u0131 sa\u011flar.<\/p>\n<p><strong>Kurulum ve Ayarlama Kolayl\u0131\u011f\u0131<\/strong><\/p>\n<p>Tar\u0131msal PTO \u015eaft\u0131, kolay kurulum ve ayarlama i\u00e7in tasarlanm\u0131\u015ft\u0131r. \u015eaft, genellikle farkl\u0131 trakt\u00f6r ve bi\u00e7me makinesi konfig\u00fcrasyonlar\u0131na uyacak \u015fekilde do\u011fru uzunlu\u011fa ayarlanmas\u0131n\u0131 sa\u011flayan teleskopik bir tasar\u0131ma sahiptir. Bu ayarlanabilirlik, PTO \u015faft\u0131n\u0131n \u00e7e\u015fitli makine modellerine uyum sa\u011flamas\u0131n\u0131 ve farkl\u0131 tar\u0131msal i\u015flemlerde \u00e7ok y\u00f6nl\u00fcl\u00fc\u011f\u00fcn\u00fc art\u0131rmas\u0131n\u0131 sa\u011flar. PTO \u015faft\u0131, h\u0131zl\u0131 ba\u011flant\u0131 kaplinleriyle donat\u0131lm\u0131\u015ft\u0131r ve bu sayede hem trakt\u00f6re hem de \u00e7ay\u0131r bi\u00e7me makinesi \u015fanz\u0131man\u0131na kolayca tak\u0131l\u0131p \u00e7\u0131kar\u0131labilir, b\u00f6ylece kurulum s\u0131ras\u0131nda zamandan ve emekten tasarruf edilir.<\/p>\n<p><strong>D\u00fc\u015f\u00fck Bak\u0131m Gereksinimleri<\/strong><\/p>\n<p>\u00c7ay\u0131r Bi\u00e7me Makinesi \u015eanz\u0131man\u0131n\u0131n PTO \u015eaft\u0131, minimum bak\u0131m gerektirecek \u015fekilde tasarlanm\u0131\u015ft\u0131r. S\u00fcrt\u00fcnmeyi ve a\u015f\u0131nmay\u0131 azaltmak i\u00e7in s\u0131zd\u0131rmaz yataklar ve ya\u011flanm\u0131\u015f bile\u015fenlerle donat\u0131lm\u0131\u015f olup, sorunsuz \u00e7al\u0131\u015fmas\u0131n\u0131 sa\u011flar ve \u015faft\u0131n \u00f6mr\u00fcn\u00fc uzat\u0131r. Rutin bak\u0131m genellikle \u015faft\u0131n hasar veya a\u015f\u0131nma a\u00e7\u0131s\u0131ndan incelenmesini, ya\u011flaman\u0131n kontrol edilmesini ve t\u00fcm g\u00fcvenlik kalkanlar\u0131n\u0131n ve bile\u015fenlerinin d\u00fczg\u00fcn bir \u015fekilde yerinde oldu\u011fundan emin olunmas\u0131n\u0131 i\u00e7erir. Bu d\u00fc\u015f\u00fck bak\u0131m gereksinimleri, PTO \u015faft\u0131n\u0131 d\u00fczenli kullan\u0131m i\u00e7in kullan\u0131\u015fl\u0131 ve g\u00fcvenilir bir se\u00e7enek haline getirir.<\/p>\n<p>Bi\u00e7me Makinesi \u015eanz\u0131man Kutusu i\u00e7in Tar\u0131msal PTO \u015eaft\u0131, tar\u0131msal faaliyetlerde bi\u00e7me makinelerine g\u00fc\u00e7 sa\u011flamak i\u00e7in olmazsa olmaz bir bile\u015fendir. Dayan\u0131kl\u0131 yap\u0131s\u0131, g\u00fcvenlik \u00f6zellikleri ve kolay montaj\u0131 sayesinde, bi\u00e7me makinesinin performans\u0131n\u0131 ve \u00f6mr\u00fcn\u00fc art\u0131r\u0131rken verimli g\u00fc\u00e7 aktar\u0131m\u0131 sa\u011flar. D\u00fc\u015f\u00fck bak\u0131m gereksinimi, korozyon direnci ve \u00e7ok y\u00f6nl\u00fcl\u00fc\u011f\u00fc, onu \u00e7ok \u00e7e\u015fitli tar\u0131msal uygulamalar i\u00e7in g\u00fcvenilir bir se\u00e7im haline getirir. Tutarl\u0131 g\u00fc\u00e7 ve sorunsuz \u00e7al\u0131\u015fma sa\u011flayarak, PTO \u015faft\u0131, ister rutin \u00e7im bak\u0131m\u0131, ister a\u011f\u0131r \u00e7al\u0131 temizleme veya arazi bak\u0131m\u0131 i\u00e7in kullan\u0131ls\u0131n, bi\u00e7me makinelerinin verimlili\u011fini art\u0131rmada hayati bir rol oynar.<\/p>\n<p><img loading=\"lazy\" decoding=\"async\" class=\"alignnone size-full wp-image-2328\" src=\"https:\/\/fmp-components.com\/wp-content\/uploads\/2024\/12\/Agricultural-PTO-Shaft-for-Flail-Mower-Gearbox1.webp\" alt=\"Tar\u0131msal-PTO-\u015eaft-\u00c7\u0131rp\u0131c\u0131-Bi\u00e7me-\u015eanz\u0131man\u0131-(1)\" width=\"1200\" height=\"680\" title=\"\" srcset=\"https:\/\/fmp-components.com\/wp-content\/uploads\/2024\/12\/Agricultural-PTO-Shaft-for-Flail-Mower-Gearbox1.webp 1200w, https:\/\/fmp-components.com\/wp-content\/uploads\/2024\/12\/Agricultural-PTO-Shaft-for-Flail-Mower-Gearbox1-980x555.webp 980w, https:\/\/fmp-components.com\/wp-content\/uploads\/2024\/12\/Agricultural-PTO-Shaft-for-Flail-Mower-Gearbox1-480x272.webp 480w\" sizes=\"(min-width: 0px) and (max-width: 480px) 480px, (min-width: 481px) and (max-width: 980px) 980px, (min-width: 981px) 1200px, 100vw\" \/><\/p>\n<h2>FMP Hakk\u0131nda<\/h2>\n<p>Merkezi \u0130talya'da bulunan FMP, \u00f6zellikle tar\u0131m makineleri sekt\u00f6r\u00fc i\u00e7in y\u00fcksek performansl\u0131 di\u015fli kutular\u0131 tasarlama, geli\u015ftirme ve \u00fcretme konusundaki uzmanl\u0131\u011f\u0131yla tan\u0131nan lider bir \u00fcreticidir. Hassas m\u00fchendisli\u011fi, yenilik\u00e7ili\u011fi ve sars\u0131lmaz g\u00fcvenilirli\u011fiyle tan\u0131nan FMP, hem tar\u0131m hem de end\u00fcstriyel pazarlar\u0131n de\u011fi\u015fen taleplerini kar\u015f\u0131lamada g\u00fcvenilir bir ortak olarak kendini kan\u0131tlam\u0131\u015ft\u0131r. Kapsaml\u0131 \u00fcr\u00fcn portf\u00f6y\u00fcm\u00fcz, \u00e7im bi\u00e7me makineleri, PTO \u015faftlar\u0131 ve di\u011fer kritik bile\u015fenler i\u00e7in \u00f6zel di\u015fli kutular\u0131 i\u00e7erir ve hepsi \u00e7ok \u00e7e\u015fitli uygulamalarda etkili ve \u00f6zelle\u015ftirilmi\u015f \u00e7\u00f6z\u00fcmler sunmak \u00fczere tasarlanm\u0131\u015ft\u0131r.<\/p>\n<p>FMP olarak, her m\u00fc\u015fterinin kendine \u00f6zg\u00fc ihtiya\u00e7 ve zorluklar\u0131 oldu\u011funun bilincindeyiz. Bu nedenle, ister bireysel bile\u015fenler ister tamamen entegre sistemler arac\u0131l\u0131\u011f\u0131yla, ki\u015fiye \u00f6zel \u00e7\u00f6z\u00fcmler sunma konusunda uzmanla\u015f\u0131yoruz. M\u00fc\u015fterilerimizle yak\u0131n bir \u015fekilde \u00e7al\u0131\u015farak, her \u00e7\u00f6z\u00fcm\u00fcn yaln\u0131zca etkili de\u011fil, ayn\u0131 zamanda verimli olmas\u0131n\u0131 sa\u011flamak i\u00e7in i\u015f birli\u011fine dayal\u0131 bir yakla\u015f\u0131m benimsiyoruz. H\u0131zl\u0131, profesyonel yan\u0131tlar ve uzman rehberli\u011fine olan ba\u011fl\u0131l\u0131\u011f\u0131m\u0131z, her talebin azami \u00f6zen ve hassasiyetle ele al\u0131nmas\u0131n\u0131 ve m\u00fc\u015fterilerimiz i\u00e7in en iyi sonu\u00e7lar\u0131n elde edilmesini garanti eder.<\/p>\n<p>\u00d6zellikle yeni \u00fcr\u00fcn geli\u015ftirme s\u00fcre\u00e7lerinde a\u00e7\u0131k ve s\u00fcrekli ileti\u015fime b\u00fcy\u00fck \u00f6nem veriyoruz. \u00d6zverili ekibimiz, m\u00fc\u015fterilerimizin ihtiya\u00e7lar\u0131n\u0131 tam olarak anlamak i\u00e7in do\u011frudan onlarla \u00e7al\u0131\u015f\u0131r ve en uygun \u00e7\u00f6z\u00fcmlere ula\u015fmalar\u0131n\u0131 sa\u011flayacak de\u011ferli i\u00e7g\u00f6r\u00fcler ve \u00f6neriler sunar. \u0130ster yenilik\u00e7i \u00fcr\u00fcnler tasarl\u0131yor ister mevcut sipari\u015fleri kar\u015f\u0131l\u0131yor olal\u0131m, FMP olarak her seferinde zaman\u0131nda, y\u00fcksek kaliteli ve hassas m\u00fchendislik \u00e7\u00f6z\u00fcmleri sunarak m\u00fc\u015fterilerimizin en iyi hizmeti ve sonu\u00e7lar\u0131 almas\u0131n\u0131 sa\u011flamay\u0131 taahh\u00fct ediyoruz.<\/p>\n<p>FMP'nin faaliyetlerinin merkezinde, kaliteye olan amans\u0131z odaklanmam\u0131z yer al\u0131r. Her \u00fcr\u00fcn\u00fcn sekt\u00f6r beklentilerini kar\u015f\u0131lamakla kalmay\u0131p, a\u015fmas\u0131n\u0131 sa\u011flamak i\u00e7in s\u0131k\u0131 kalite kontrol \u00f6nlemleri uygulayarak en y\u00fcksek \u00fcretim standartlar\u0131na ba\u011fl\u0131 kal\u0131yoruz. Kaliteye olan bu ba\u011fl\u0131l\u0131\u011f\u0131m\u0131z, d\u00fcr\u00fcstl\u00fck, ekip \u00e7al\u0131\u015fmas\u0131 ve azim gibi temel de\u011ferlerimizle birle\u015ferek, d\u00fcnya \u00e7ap\u0131nda yakla\u015f\u0131k 30 \u00fclkedeki m\u00fc\u015fterilerimizle kal\u0131c\u0131 ve g\u00fcvenilir ili\u015fkiler kurmam\u0131z\u0131 sa\u011flam\u0131\u015ft\u0131r.<\/p>\n<p>FMP, k\u00fcresel ortakl\u0131klar kurmaya her zaman isteklidir ve m\u00fc\u015fterilerimizin \u00e7e\u015fitli ihtiya\u00e7lar\u0131n\u0131 kar\u015f\u0131lamak i\u00e7in uzman rehberlik ve \u00f6zel \u00e7\u00f6z\u00fcmler sunmaya kendini adam\u0131\u015ft\u0131r. Yakla\u015f\u0131m\u0131m\u0131z yaln\u0131zca \u00fcr\u00fcn sunman\u0131n \u00f6tesine ge\u00e7er; her projenin ba\u015far\u0131s\u0131na katk\u0131da bulunan uzun vadeli ili\u015fkiler kurmay\u0131 hedefleriz. \u0130ster yeni bir giri\u015fim i\u00e7in yenilik\u00e7i \u00e7\u00f6z\u00fcmlere, ister mevcut bir sistem i\u00e7in s\u00fcrekli deste\u011fe ihtiyac\u0131n\u0131z olsun, FMP teknik zorluklar\u0131n\u0131z\u0131 ele almak ve s\u00fcrd\u00fcr\u00fclebilir ba\u015far\u0131n\u0131z\u0131 sa\u011flamak i\u00e7in buradad\u0131r.<\/p>\n<p><img loading=\"lazy\" decoding=\"async\" class=\"alignnone size-full wp-image-1861\" src=\"https:\/\/fmp-components.com\/wp-content\/uploads\/2024\/12\/Other-Agricultural-Gearboxes.webp\" sizes=\"(min-width: 0px) and (max-width: 480px) 480px, (min-width: 481px) and (max-width: 980px) 980px, (min-width: 981px) 1200px, 100vw\" srcset=\"https:\/\/fmp-components.com\/wp-content\/uploads\/2024\/12\/Other-Agricultural-Gearboxes.webp 1200w, https:\/\/fmp-components.com\/wp-content\/uploads\/2024\/12\/Other-Agricultural-Gearboxes-980x1143.webp 980w, https:\/\/fmp-components.com\/wp-content\/uploads\/2024\/12\/Other-Agricultural-Gearboxes-480x560.webp 480w\" alt=\"Altri-cambi-agricoli\" width=\"1200\" height=\"1400\" title=\"\"><\/p>\n<p>Yazar: CX<\/p>","protected":false},"excerpt":{"rendered":"<p>Flail Mower Gearbox LL-5L Specification i 1.9 N1[rpm] 540 P1[kW] 11 M2[Nm] 99 Shaft X 1&#8221; 3\/8 Z6 Shaft Z L60 \u03a625 Input X Flail Mower Gearbox Features The Flail Mower Gearbox is an essential component that enables the efficient operation of flail mowers, providing the necessary power transmission to drive the mower blades. Designed [&hellip;]<\/p>","protected":false},"featured_media":2335,"comment_status":"open","ping_status":"closed","template":"","meta":{"_et_pb_use_builder":"","_et_pb_old_content":"","_et_gb_content_width":""},"product_brand":[],"product_cat":[58],"product_tag":[],"class_list":{"0":"post-2334","1":"product","2":"type-product","3":"status-publish","4":"has-post-thumbnail","6":"product_cat-flail-mower-gearbox","8":"first","9":"instock","10":"shipping-taxable","11":"product-type-simple"},"_links":{"self":[{"href":"https:\/\/fmp-components.com\/tr\/wp-json\/wp\/v2\/product\/2334","targetHints":{"allow":["GET"]}}],"collection":[{"href":"https:\/\/fmp-components.com\/tr\/wp-json\/wp\/v2\/product"}],"about":[{"href":"https:\/\/fmp-components.com\/tr\/wp-json\/wp\/v2\/types\/product"}],"replies":[{"embeddable":true,"href":"https:\/\/fmp-components.com\/tr\/wp-json\/wp\/v2\/comments?post=2334"}],"wp:featuredmedia":[{"embeddable":true,"href":"https:\/\/fmp-components.com\/tr\/wp-json\/wp\/v2\/media\/2335"}],"wp:attachment":[{"href":"https:\/\/fmp-components.com\/tr\/wp-json\/wp\/v2\/media?parent=2334"}],"wp:term":[{"taxonomy":"product_brand","embeddable":true,"href":"https:\/\/fmp-components.com\/tr\/wp-json\/wp\/v2\/product_brand?post=2334"},{"taxonomy":"product_cat","embeddable":true,"href":"https:\/\/fmp-components.com\/tr\/wp-json\/wp\/v2\/product_cat?post=2334"},{"taxonomy":"product_tag","embeddable":true,"href":"https:\/\/fmp-components.com\/tr\/wp-json\/wp\/v2\/product_tag?post=2334"}],"curies":[{"name":"wp","href":"https:\/\/api.w.org\/{rel}","templated":true}]}}