{"id":2319,"date":"2024-12-31T08:13:54","date_gmt":"2024-12-31T08:13:54","guid":{"rendered":"https:\/\/fmp-components.com\/?page_id=8"},"modified":"2024-12-31T08:13:54","modified_gmt":"2024-12-31T08:13:54","slug":"irrigation-center-drive-gearbox-syf-2m-series","status":"publish","type":"product","link":"https:\/\/fmp-components.com\/tr\/product\/irrigation-center-drive-gearbox-syf-2m-series\/","title":{"rendered":"Sulama Merkezi Tahrik \u015eanz\u0131man\u0131 SYF-2M Serisi"},"content":{"rendered":"<h2>Sulama Merkezi Tahrik \u015eanz\u0131man\u0131 SYF-2M Serisi Model Numaralar\u0131<\/h2>\n<p>SYF-2M-20=87rpm(20:1 oran,1-1\/2 HP motor)<br \/>\nSYF-2M-30=58rpm(30:1 oran, 1-1\/2 HP motor)<br \/>\nSYF-2M-40=43rpm(40:1 oran, 1 HP motor)<br \/>\nSYF-2M-50=35rpm(50:1 oran, 1 HP motor)<br \/>\nSYF-2M-58=30rpm (58:1 oran, 1 HP motor)<br \/>\nSYF-2M-60=29rpm(60:1 oran, 1 HP motor)<br \/>\n(Giri\u015f h\u0131z\u0131 1740 rpm oldu\u011funda)<\/p>\n<h2>Sulama Merkezi Tahrikli \u015eanz\u0131man SYF-2M Serisi Performans<\/h2>\n<p>1. Oran: 20:1, 30:1, 40:1, 50:1, 58:1, 60:1 (di\u011ferleri mevcuttur).<br \/>\n2. Kendinden kilitlemeli konik \u015faft ba\u011flant\u0131s\u0131n\u0131n (motor ile sonsuz di\u015fli \u015faft\u0131 aras\u0131nda) kullan\u0131lmas\u0131, yerinde de\u011fi\u015ftirme imkan\u0131 sa\u011flar.<br \/>\nSonsuz di\u015fli milini \u00e7\u0131karmak veya y\u00fck\u00fc ay\u0131rmak. Bu, hassas hizalama sa\u011flar ve a\u015f\u0131nmay\u0131 ortadan kald\u0131r\u0131r.<br \/>\nMotorun s\u00f6k\u00fclmesini h\u0131zland\u0131rmak i\u00e7in.<br \/>\n3. Montaj c\u0131vata desenleri 5\u201d \u00d7 6\u201d olmal\u0131d\u0131r.<br \/>\n4. Y\u00fcksek mukavemetli al\u00fcminyum bronz sonsuz di\u015fli.<br \/>\n5. Ya\u011f ile birlikte sevk edildi.<br \/>\n6. \u00d6zel d\u0131\u015f \u00fcr\u00fcn koruma contalar\u0131 i\u00e7erir.<br \/>\n7. Hassas d\u00f6k\u00fcm y\u00f6ntemiyle \u00fcretilmi\u015f, temperlenmi\u015f al\u00fcminyum g\u00f6vde.<br \/>\n8. T\u00fcm kritik elektrik ba\u011flant\u0131lar\u0131, nemin n\u00fcfuz etmesini \u00f6nlemek i\u00e7in kaps\u00fcllenmi\u015ftir.<br \/>\n9. Zorlu sulama ko\u015fullar\u0131 i\u00e7in \u00f6zel olarak tasarlanm\u0131\u015ft\u0131r.<br \/>\n10. 460\/380 volt, 3 faz, 60\/50 Hz \u00e7ift voltaj.<br \/>\n11. Is\u0131 korumal\u0131; otomatik s\u0131f\u0131rlama.<br \/>\n12. \u0130\u00e7ten kanat\u00e7\u0131kla so\u011futulan.<br \/>\n13. Tamamen kapal\u0131, hafif, kolay eri\u015filebilir \u00fcst ba\u011flant\u0131 kutusu.<br \/>\n14. F s\u0131n\u0131f\u0131 yal\u0131t\u0131m.<br \/>\n15. Minimum ak\u0131m \u00e7ekimi: nominal gerilimde tam y\u00fck ak\u0131m\u0131, 2,3 amper.<br \/>\n16. A\u011f\u0131rl\u0131k: 43,2 lbs (19,6 kg).<br \/>\n17. Ya\u011f kapasitesi: 0,21 gal (0,8 L)<\/p>\n<h2>Sulama Merkezi Tahrikli \u015eanz\u0131man SYF-2M Serisi Montaj ve Kontur \u00d6l\u00e7\u00fcleri<\/h2>\n<p><img loading=\"lazy\" decoding=\"async\" class=\"alignnone size-full wp-image-2321\" src=\"https:\/\/fmp-components.com\/wp-content\/uploads\/2024\/12\/Irrigation-Center-Drive-Gearbox-SYF-2M-Series-Installation-and-Contour-Dimensions.webp\" alt=\"Sulama Merkezi Tahrik \u015eanz\u0131man\u0131 SYF 2M Serisi Kurulum ve Kontur Boyutlar\u0131\" width=\"1536\" height=\"880\" title=\"\" srcset=\"https:\/\/fmp-components.com\/wp-content\/uploads\/2024\/12\/Irrigation-Center-Drive-Gearbox-SYF-2M-Series-Installation-and-Contour-Dimensions.webp 1536w, https:\/\/fmp-components.com\/wp-content\/uploads\/2024\/12\/Irrigation-Center-Drive-Gearbox-SYF-2M-Series-Installation-and-Contour-Dimensions-1280x733.webp 1280w, https:\/\/fmp-components.com\/wp-content\/uploads\/2024\/12\/Irrigation-Center-Drive-Gearbox-SYF-2M-Series-Installation-and-Contour-Dimensions-980x561.webp 980w, https:\/\/fmp-components.com\/wp-content\/uploads\/2024\/12\/Irrigation-Center-Drive-Gearbox-SYF-2M-Series-Installation-and-Contour-Dimensions-480x275.webp 480w\" sizes=\"(min-width: 0px) and (max-width: 480px) 480px, (min-width: 481px) and (max-width: 980px) 980px, (min-width: 981px) and (max-width: 1280px) 1280px, (min-width: 1281px) 1536px, 100vw\" \/><\/p>\n<h2>SYF-2M Serisi Sulama Merkezi Tahrikli \u015eanz\u0131man\u0131n Faydalar\u0131<\/h2>\n<p>SYF-2M Serisi Sulama Merkezi Tahrikli \u015eanz\u0131man, \u00f6zellikle merkezi pivot ve do\u011frusal sulama uygulamalar\u0131nda olmak \u00fczere, modern sulama sistemlerinde kullan\u0131m i\u00e7in \u00e7ok say\u0131da avantaj sunmaktad\u0131r. Y\u00fcksek performans ve dayan\u0131kl\u0131l\u0131k i\u00e7in tasarlanan SYF-2M Serisi, sorunsuz g\u00fc\u00e7 aktar\u0131m\u0131, g\u00fcvenilirlik ve kolay bak\u0131m sa\u011flamak \u00fczere geli\u015ftirilmi\u015ftir ve bu da onu tar\u0131msal ve bah\u00e7ecilik sulama sistemleri i\u00e7in ideal bir se\u00e7im haline getirmektedir. A\u015fa\u011f\u0131da SYF-2M Serisi Sulama Merkezi Tahrikli \u015eanz\u0131man\u0131n kullan\u0131m\u0131n\u0131n ba\u015fl\u0131ca faydalar\u0131 yer almaktad\u0131r:<\/p>\n<p><strong>Geli\u015fmi\u015f G\u00fc\u00e7 Verimlili\u011fi<\/strong><\/p>\n<p>SYF-2M Serisi \u015fanz\u0131man, trakt\u00f6r\u00fcn PTO sisteminden merkezi pivot yap\u0131s\u0131na y\u00fcksek verimli g\u00fc\u00e7 aktar\u0131m\u0131 sa\u011flamak \u00fczere tasarlanm\u0131\u015ft\u0131r. Di\u015fli oranlar\u0131n\u0131 optimize ederek ve enerji kay\u0131plar\u0131n\u0131 azaltarak, \u015fanz\u0131man g\u00fcc\u00fcn etkili bir \u015fekilde aktar\u0131lmas\u0131n\u0131 sa\u011flar ve sulama sisteminin minimum enerji t\u00fcketimiyle \u00e7al\u0131\u015fmas\u0131na olanak tan\u0131r. Bu art\u0131r\u0131lm\u0131\u015f g\u00fc\u00e7 verimlili\u011fi, i\u015fletme maliyetlerini d\u00fc\u015f\u00fcrmeye yard\u0131mc\u0131 olur ve SYF-2M Serisini b\u00fcy\u00fck \u00f6l\u00e7ekli sulama i\u015flemleri i\u00e7in uygun maliyetli bir \u00e7\u00f6z\u00fcm haline getirir.<\/p>\n<p><strong>Y\u00fcksek Dayan\u0131kl\u0131l\u0131k ve G\u00fcvenilirlik<\/strong><\/p>\n<p>Sertle\u015ftirilmi\u015f \u00e7elik gibi y\u00fcksek mukavemetli malzemeler ve hassas m\u00fchendislik \u00fcr\u00fcn\u00fc bile\u015fenlerle \u00fcretilen SYF-2M Serisi di\u015fli kutusu, a\u011f\u0131r y\u00fcklere ve s\u00fcrekli \u00e7al\u0131\u015fmaya dayanacak \u015fekilde tasarlanm\u0131\u015ft\u0131r. Sa\u011flam yap\u0131s\u0131, di\u015fli kutusunun tar\u0131msal sulama sistemlerinin zorlu ortam\u0131na dayanabilmesini sa\u011flayarak, y\u00fcksek tork, de\u011fi\u015fen s\u0131cakl\u0131klar ve sert hava ko\u015fullar\u0131 gibi a\u015f\u0131r\u0131 ko\u015fullar alt\u0131nda g\u00fcvenilir performans sunar. Dayan\u0131kl\u0131l\u0131\u011f\u0131, s\u0131k onar\u0131m veya de\u011fi\u015ftirme ihtiyac\u0131n\u0131 en aza indirerek uzun vadeli g\u00fcvenilirlik sa\u011flar ve bak\u0131m maliyetlerini d\u00fc\u015f\u00fcr\u00fcr.<\/p>\n<p><strong>D\u00fc\u015f\u00fck Bak\u0131m Gereksinimleri<\/strong><\/p>\n<p>SYF-2M Serisi di\u015fli kutusu, i\u00e7 s\u00fcrt\u00fcnmeyi ve a\u015f\u0131nmay\u0131 azaltan s\u0131zd\u0131rmaz rulmanlar ve hassas di\u015fliler ile d\u00fc\u015f\u00fck bak\u0131m gerektirecek \u015fekilde tasarlanm\u0131\u015ft\u0131r. Tasar\u0131m\u0131, bile\u015fen hasar\u0131 riskini en aza indirerek minimum bak\u0131m ile daha sorunsuz \u00e7al\u0131\u015fma sa\u011flar. D\u00fczenli ya\u011flama ve ara s\u0131ra yap\u0131lan kontroller genellikle optimum performans\u0131 korumak i\u00e7in yeterlidir; bu da genel sahip olma maliyetini d\u00fc\u015f\u00fcrmeye ve ar\u0131za s\u00fcrelerini azaltmaya yard\u0131mc\u0131 olarak sulama sistemlerinin \u00e7al\u0131\u015f\u0131r durumda ve verimli kalmas\u0131n\u0131 sa\u011flar.<\/p>\n<p><strong>Hava ko\u015fullar\u0131na ve korozyona dayan\u0131kl\u0131 tasar\u0131m<\/strong><\/p>\n<p>SYF-2M Serisi \u015fanz\u0131man\u0131n \u00f6ne \u00e7\u0131kan \u00f6zelliklerinden biri, hava ko\u015fullar\u0131na ve korozyona dayan\u0131kl\u0131 tasar\u0131m\u0131d\u0131r. \u015eanz\u0131man, nem, toz ve di\u011fer \u00e7evresel fakt\u00f6rlerden koruyan koruyucu kaplamalar ve contalarla \u00fcretilmi\u015ftir. Bu hava ko\u015fullar\u0131na dayan\u0131kl\u0131 yap\u0131, \u015fanz\u0131man\u0131n \u015fiddetli ya\u011fmurdan a\u015f\u0131r\u0131 s\u0131ca\u011fa veya so\u011fu\u011fa kadar \u00e7e\u015fitli ko\u015fullarda etkili bir \u015fekilde \u00e7al\u0131\u015fmas\u0131n\u0131 sa\u011flayarak, a\u00e7\u0131k hava tar\u0131m ortamlar\u0131 i\u00e7in ideal hale getirir. Zorlu hava ko\u015fullar\u0131na dayanabilme \u00f6zelli\u011fi, sulama sezonu boyunca tutarl\u0131 performans sa\u011flar.<\/p>\n<p><strong>Uyumluluk ve Kolay Entegrasyon<\/strong><\/p>\n<p>SYF-2M Serisi di\u015fli kutusu, merkezden d\u00f6nen ve do\u011frusal sulama sistemleri de dahil olmak \u00fczere \u00e7e\u015fitli sulama sistemi konfig\u00fcrasyonlar\u0131yla son derece uyumlu ve \u00e7ok y\u00f6nl\u00fcd\u00fcr. Mevcut kurulumlara kolayca entegre edilebilir ve a\u015f\u0131nm\u0131\u015f veya hasar g\u00f6rm\u00fc\u015f di\u015fli kutular\u0131 i\u00e7in basit bir de\u011fi\u015ftirme se\u00e7ene\u011fi sunar. Standart sulama sistemleriyle uyumlulu\u011fu, minimum kurulum s\u00fcresi sa\u011flayarak, kapsaml\u0131 de\u011fi\u015fiklikler olmadan h\u0131zl\u0131 sistem y\u00fckseltmeleri veya onar\u0131mlar\u0131na olanak tan\u0131r ve sulama i\u015flemlerinde sorunsuz bir ge\u00e7i\u015f ve minimum aksama sa\u011flar.<\/p>\n<p>SYF-2M Serisi sulama merkezi tahrikli \u015fanz\u0131man, g\u00fc\u00e7 verimlili\u011fi, dayan\u0131kl\u0131l\u0131k ve d\u00fc\u015f\u00fck bak\u0131m gereksinimi a\u00e7\u0131s\u0131ndan \u00f6nemli avantajlar sunar. Y\u00fcksek performansl\u0131 tasar\u0131m\u0131, \u00e7e\u015fitli tar\u0131m ve bah\u00e7ecilik sulama sistemlerinde g\u00fcvenilir ve uygun maliyetli \u00e7al\u0131\u015fma sa\u011flar. \u015eanz\u0131man\u0131n hava ko\u015fullar\u0131na ve korozyona dayan\u0131kl\u0131 yap\u0131s\u0131, mevcut sistemlere kolay entegrasyonuyla birle\u015ferek, merkezi pivot ve do\u011frusal sulama sistemlerinin verimlili\u011fini ve \u00f6mr\u00fcn\u00fc art\u0131rmak i\u00e7in m\u00fckemmel bir se\u00e7im olmas\u0131n\u0131 sa\u011flar. SYF-2M Serisi \u015fanz\u0131man, i\u015fletme maliyetlerini ve ar\u0131za s\u00fcrelerini azaltarak tar\u0131msal operasyonlar i\u00e7in su y\u00f6netimini ve sulama verimlili\u011fini optimize etmeye yard\u0131mc\u0131 olur.<\/p>\n<p><img loading=\"lazy\" decoding=\"async\" class=\"alignnone size-full wp-image-2323\" src=\"https:\/\/fmp-components.com\/wp-content\/uploads\/2024\/12\/Irrigation-Center-Drive-Gearbox-SYF-2M-Series-Applications.webp\" alt=\"Sulama Merkezi Tahrik Di\u015fli Kutusu SYF 2M Serisi Uygulamalar\u0131\" width=\"1540\" height=\"800\" title=\"\" srcset=\"https:\/\/fmp-components.com\/wp-content\/uploads\/2024\/12\/Irrigation-Center-Drive-Gearbox-SYF-2M-Series-Applications.webp 1540w, https:\/\/fmp-components.com\/wp-content\/uploads\/2024\/12\/Irrigation-Center-Drive-Gearbox-SYF-2M-Series-Applications-1280x665.webp 1280w, https:\/\/fmp-components.com\/wp-content\/uploads\/2024\/12\/Irrigation-Center-Drive-Gearbox-SYF-2M-Series-Applications-980x509.webp 980w, https:\/\/fmp-components.com\/wp-content\/uploads\/2024\/12\/Irrigation-Center-Drive-Gearbox-SYF-2M-Series-Applications-480x249.webp 480w\" sizes=\"(min-width: 0px) and (max-width: 480px) 480px, (min-width: 481px) and (max-width: 980px) 980px, (min-width: 981px) and (max-width: 1280px) 1280px, (min-width: 1281px) 1540px, 100vw\" \/><\/p>\n<h2>SYF-2M Serisi Sulama Merkezi Tahrikli \u015eanz\u0131man\u0131n\u0131n Uygulamalar\u0131<\/h2>\n<p>SYF-2M Serisi Sulama Merkezi Tahrikli \u015eanz\u0131man, \u00e7e\u015fitli sulama sistemlerinde g\u00fcvenilir ve verimli g\u00fc\u00e7 aktar\u0131m\u0131 sa\u011flamak \u00fczere tasarlanm\u0131\u015ft\u0131r. Bu \u015fanz\u0131man, \u00f6zellikle tar\u0131msal ve bah\u00e7ecilik uygulamalar\u0131 i\u00e7in tasarlanm\u0131\u015f olup, e\u015fit su da\u011f\u0131t\u0131m\u0131n\u0131 sa\u011flar ve sistem performans\u0131n\u0131 optimize eder. SYF-2M Serisi Sulama Merkezi Tahrikli \u015eanz\u0131man\u0131n ba\u015fl\u0131ca uygulama alanlar\u0131 a\u015fa\u011f\u0131dad\u0131r:<\/p>\n<p><strong>Center Pivot Sulama Sistemleri<\/strong><\/p>\n<p>SYF-2M Serisi \u015fanz\u0131man, merkezi pivot sulama sistemlerinde \u00f6nemli bir bile\u015fendir ve merkezi pivot yap\u0131s\u0131n\u0131 tahrik eder. Bu sistemler geni\u015f alanlar\u0131n sulanmas\u0131nda yayg\u0131n olarak kullan\u0131l\u0131r ve \u015fanz\u0131man, pivot kolunun d\u00fczg\u00fcn ve verimli bir \u015fekilde d\u00f6nmesini sa\u011flar. \u015eanz\u0131man, PTO sisteminden mekanik tahrike g\u00fc\u00e7 aktararak, suyun e\u015fit da\u011f\u0131l\u0131m\u0131n\u0131 sa\u011flamaya, su israf\u0131n\u0131 azaltmaya ve mahsul verimini art\u0131rmaya yard\u0131mc\u0131 olur.<\/p>\n<p><strong>Do\u011frusal Sulama Sistemleri<\/strong><\/p>\n<p>Do\u011frusal sulama sistemlerinde, SYF-2M Serisi di\u015fli kutusu, sulama borular\u0131n\u0131n tarla boyunca do\u011frusal hareketini sa\u011flamak i\u00e7in kullan\u0131l\u0131r. Bu sistemler hedefli sulama sa\u011flar ve di\u015fli kutusu, sulama hatlar\u0131n\u0131n alan boyunca tutarl\u0131 bir \u015fekilde hareket etmesini ve suyun verimli bir \u015fekilde da\u011f\u0131t\u0131lmas\u0131n\u0131 sa\u011flar. Farkl\u0131 y\u00fck ko\u015fullar\u0131n\u0131 y\u00f6netebilme ve hassas hareketi koruyabilme \u00f6zelli\u011fi, onu hem k\u00fc\u00e7\u00fck \u00f6l\u00e7ekli hem de b\u00fcy\u00fck \u00f6l\u00e7ekli sulama projeleri i\u00e7in m\u00fckemmel k\u0131lar.<\/p>\n<p><strong>Sera Sulama Sistemleri<\/strong><\/p>\n<p>SYF-2M Serisi di\u015fli kutusu, bitki sa\u011fl\u0131\u011f\u0131 i\u00e7in istikrarl\u0131 ve d\u00fczg\u00fcn bir su ak\u0131\u015f\u0131n\u0131n sa\u011flanmas\u0131n\u0131n \u00e7ok \u00f6nemli oldu\u011fu sera sulama sistemleri i\u00e7in de olduk\u00e7a uygundur. Di\u015fli kutusu, sulama hatlar\u0131na g\u00fc\u00e7 sa\u011flayarak seran\u0131n her b\u00f6l\u00fcm\u00fcn\u00fcn gerekli miktarda su almas\u0131n\u0131 sa\u011flar. D\u00fc\u015f\u00fck bak\u0131m gereksinimi, y\u00fcksek dayan\u0131kl\u0131l\u0131\u011f\u0131 ve verimli g\u00fc\u00e7 aktar\u0131m\u0131, su kullan\u0131m\u0131n\u0131 optimize etmeye, i\u015fletme maliyetlerini d\u00fc\u015f\u00fcrmeye ve tutarl\u0131 bir yeti\u015ftirme ortam\u0131 sa\u011flamaya yard\u0131mc\u0131 olur.<\/p>\n<p><strong>\u00c7im ve Peyzaj Sulama<\/strong><\/p>\n<p>\u00c7im ve peyzaj sulamas\u0131nda, SYF-2M Serisi di\u015fli kutusu, golf sahalar\u0131, spor alanlar\u0131, parklar ve di\u011fer peyzajl\u0131 alanlar\u0131 sulayan sistemleri \u00e7al\u0131\u015ft\u0131rmak i\u00e7in kullan\u0131l\u0131r. Bu sistemler, geni\u015f \u00e7im alanlar\u0131n\u0131n e\u015fit \u015fekilde sulanmas\u0131n\u0131 sa\u011flamak i\u00e7in verimli g\u00fc\u00e7 aktar\u0131m\u0131na ihtiya\u00e7 duyar. Di\u015fli kutusunun hava ko\u015fullar\u0131na ve korozyona dayan\u0131kl\u0131 tasar\u0131m\u0131, de\u011fi\u015fen hava ko\u015fullar\u0131nda g\u00fcvenilir \u00e7al\u0131\u015fma sa\u011flayarak sulama sezonu boyunca tutarl\u0131 performans sunar.<\/p>\n<p><strong>Tar\u0131m Arazilerinde Sulama<\/strong><\/p>\n<p>SYF-2M Serisi di\u015fli kutusu, s\u0131ra halinde ekilen \u00fcr\u00fcnler, meyve bah\u00e7eleri veya \u00f6zel \u00fcr\u00fcnler yeti\u015ftirilen tarlalarda homojen sulaman\u0131n sa\u011flanmas\u0131na yard\u0131mc\u0131 olmak \u00fczere b\u00fcy\u00fck \u00f6l\u00e7ekli tar\u0131msal sulamada yayg\u0131n olarak kullan\u0131lmaktad\u0131r. Merkez\u00ee pivot ve do\u011frusal sulama sistemlerinin verimli \u00e7al\u0131\u015fmas\u0131n\u0131 sa\u011flayarak, di\u015fli kutusu su kullan\u0131m\u0131n\u0131 optimize etmeye, \u00fcr\u00fcn verimini art\u0131rmaya ve su israf\u0131n\u0131 azaltmaya yard\u0131mc\u0131 olur. Tar\u0131m\u0131n zorlu ortam\u0131na dayanabilme \u00f6zelli\u011fi, \u00fcretimi en \u00fcst d\u00fczeye \u00e7\u0131karmak ve toprak sa\u011fl\u0131\u011f\u0131n\u0131 korumak i\u00e7in gerekli olan g\u00fcvenilir sulamay\u0131 sa\u011flar.<\/p>\n<p>SYF-2M Serisi Sulama Merkezi Tahrikli \u015eanz\u0131man, merkezi pivot sistemleri, do\u011frusal sulama sistemleri, sera sulamas\u0131, \u00e7im ve peyzaj sulamas\u0131 ve tar\u0131m alanlar\u0131 i\u00e7in tar\u0131msal sulama dahil olmak \u00fczere \u00e7ok \u00e7e\u015fitli sulama uygulamalar\u0131 i\u00e7in tasarlanm\u0131\u015ft\u0131r. Dayan\u0131kl\u0131l\u0131\u011f\u0131, verimlili\u011fi ve entegrasyon kolayl\u0131\u011f\u0131, su da\u011f\u0131t\u0131m\u0131n\u0131 ve sulama sistemi performans\u0131n\u0131 optimize etmek i\u00e7in m\u00fckemmel bir se\u00e7im olmas\u0131n\u0131 sa\u011flar. Tutarl\u0131 ve g\u00fcvenilir g\u00fc\u00e7 aktar\u0131m\u0131 sa\u011flayarak, SYF-2M Serisi \u015fanz\u0131man, sulama sistemlerinin verimli \u00e7al\u0131\u015fmas\u0131n\u0131, maliyetleri d\u00fc\u015f\u00fcrmesini ve mahsul verimlili\u011fini art\u0131rmas\u0131n\u0131 sa\u011flar.<\/p>\n<p><img loading=\"lazy\" decoding=\"async\" class=\"alignnone size-full wp-image-2324\" src=\"https:\/\/fmp-components.com\/wp-content\/uploads\/2024\/12\/Irrigation-Center-Drive-Gearbox-SYF-2M-Series-Benefits.webp\" alt=\"Sulama Merkezi Tahrik \u015eanz\u0131man\u0131 SYF 2M Serisi Avantajlar\u0131\" width=\"980\" height=\"544\" title=\"\" srcset=\"https:\/\/fmp-components.com\/wp-content\/uploads\/2024\/12\/Irrigation-Center-Drive-Gearbox-SYF-2M-Series-Benefits.webp 980w, https:\/\/fmp-components.com\/wp-content\/uploads\/2024\/12\/Irrigation-Center-Drive-Gearbox-SYF-2M-Series-Benefits-480x266.webp 480w\" sizes=\"(min-width: 0px) and (max-width: 480px) 480px, (min-width: 481px) 980px, 100vw\" \/><\/p>\n<h3>FMP Hakk\u0131nda<\/h3>\n<p>Merkezi \u0130talya'da bulunan FMP, \u00f6zellikle tar\u0131m makineleri sekt\u00f6r\u00fcne odaklanan y\u00fcksek performansl\u0131 di\u015fli kutular\u0131n\u0131n tasar\u0131m\u0131, geli\u015ftirilmesi ve \u00fcretimindeki uzmanl\u0131\u011f\u0131yla tan\u0131nan lider bir \u00fcreticidir. Hassas m\u00fchendislik, yenilik\u00e7i \u00e7\u00f6z\u00fcmler ve sars\u0131lmaz g\u00fcvenilirlik konusundaki itibar\u0131yla FMP, hem tar\u0131m hem de sanayi sekt\u00f6rlerinin de\u011fi\u015fen ihtiya\u00e7lar\u0131n\u0131 kar\u015f\u0131lamada g\u00fcvenilir bir ortak haline gelmi\u015ftir. Geni\u015f \u00fcr\u00fcn yelpazemiz, \u00e7im bi\u00e7me makineleri i\u00e7in \u00f6zel di\u015fli kutular\u0131, kuyruk mili milleri ve di\u011fer temel bile\u015fenleri i\u00e7erir ve hepsi geni\u015f bir uygulama yelpazesinde \u00f6zelle\u015ftirilmi\u015f \u00e7\u00f6z\u00fcmler sunmak \u00fczere titizlikle tasarlanm\u0131\u015ft\u0131r.<\/p>\n<p>FMP olarak, her m\u00fc\u015fterinin kendine \u00f6zg\u00fc gereksinimleri ve zorluklar\u0131 oldu\u011funun bilincindeyiz. Bu nedenle, ister bireysel bile\u015fenler ister tamamen entegre sistemler i\u00e7in olsun, \u00f6zel \u00e7\u00f6z\u00fcmler sunma konusunda uzmanla\u015f\u0131yoruz. M\u00fc\u015fterilerimizle yak\u0131n i\u015f birli\u011fi i\u00e7inde \u00e7al\u0131\u015farak her \u00e7\u00f6z\u00fcm\u00fcn yaln\u0131zca etkili de\u011fil, ayn\u0131 zamanda verimli olmas\u0131n\u0131, hem performans\u0131 hem de de\u011feri optimize etmesini sa\u011fl\u0131yoruz. H\u0131zl\u0131 ve profesyonel yan\u0131tlar sunma taahh\u00fcd\u00fcm\u00fcz ve uzman rehberli\u011fimiz, her sorunun en \u00fcst d\u00fczeyde \u00f6zen ve hassasiyetle ele al\u0131nmas\u0131n\u0131 ve m\u00fcmk\u00fcn olan en iyi sonu\u00e7lara ula\u015f\u0131lmas\u0131n\u0131 sa\u011flar.<\/p>\n<p>\u00dcr\u00fcn geli\u015ftirme s\u00fcrecinin tamam\u0131nda a\u00e7\u0131k ve s\u00fcrekli ileti\u015fime \u00f6ncelik veriyoruz. \u00d6zverili ekibimiz, m\u00fc\u015fterilerimizle do\u011frudan \u00e7al\u0131\u015farak \u00f6zel ihtiya\u00e7lar\u0131n\u0131 tam olarak anl\u0131yor ve en uygun \u00e7\u00f6z\u00fcmleri sa\u011flamak i\u00e7in de\u011ferli i\u00e7g\u00f6r\u00fcler ve \u00f6neriler sunuyor. \u0130ster yenilik\u00e7i \u00fcr\u00fcnler tasarl\u0131yor ister devam eden sipari\u015fleri kar\u015f\u0131l\u0131yor olun, FMP her seferinde zaman\u0131nda, y\u00fcksek kaliteli ve hassas m\u00fchendislik \u00e7\u00f6z\u00fcmleri sunmaya kendini adam\u0131\u015ft\u0131r. Amac\u0131m\u0131z, m\u00fc\u015fterilerimize en iyi hizmeti ve sonu\u00e7lar\u0131 sunarak her projede beklentileri a\u015fmakt\u0131r.<\/p>\n<p>Kalite, FMP'nin faaliyetlerinin temel ta\u015f\u0131d\u0131r. En y\u00fcksek \u00fcretim standartlar\u0131na ba\u011fl\u0131 kalarak, her \u00fcr\u00fcn\u00fcn sekt\u00f6r standartlar\u0131n\u0131 kar\u015f\u0131lamas\u0131n\u0131 ve hatta a\u015fmas\u0131n\u0131 sa\u011flamak i\u00e7in s\u0131k\u0131 kalite kontrol \u00f6nlemleri uyguluyoruz. Kaliteye olan bu sars\u0131lmaz ba\u011fl\u0131l\u0131\u011f\u0131m\u0131z, d\u00fcr\u00fcstl\u00fck, ekip \u00e7al\u0131\u015fmas\u0131 ve azim gibi temel de\u011ferlerimizle birle\u015ferek, d\u00fcnya \u00e7ap\u0131nda yakla\u015f\u0131k 30 \u00fclkedeki m\u00fc\u015fterilerimizle uzun s\u00fcreli, g\u00fcvene dayal\u0131 ili\u015fkiler kurmam\u0131z\u0131 sa\u011flam\u0131\u015ft\u0131r.<\/p>\n<p>FMP, k\u00fcresel ortakl\u0131klara her zaman a\u00e7\u0131k olup, m\u00fc\u015fterilerimizin \u00e7e\u015fitli ihtiya\u00e7lar\u0131n\u0131 kar\u015f\u0131layan uzman tavsiyeleri ve \u00f6zelle\u015ftirilmi\u015f \u00e7\u00f6z\u00fcmler sunmaya kendini adam\u0131\u015ft\u0131r. Sadece \u00fcr\u00fcn tedarik etmenin \u00f6tesine ge\u00e7erek, her projenin ba\u015far\u0131s\u0131na katk\u0131da bulunan kal\u0131c\u0131 ili\u015fkiler kurmay\u0131 hedefliyoruz. \u0130ster yeni bir giri\u015fim i\u00e7in yenilik\u00e7i \u00e7\u00f6z\u00fcmlere, ister mevcut bir sistem i\u00e7in s\u00fcrekli deste\u011fe ihtiyac\u0131n\u0131z olsun, FMP teknik zorluklar\u0131n\u0131z\u0131n \u00fcstesinden gelmek ve ba\u015far\u0131n\u0131z\u0131n devam\u0131n\u0131 sa\u011flamak i\u00e7in burada.<\/p>\n<p><img loading=\"lazy\" decoding=\"async\" class=\"alignnone size-full wp-image-1861\" src=\"https:\/\/fmp-components.com\/wp-content\/uploads\/2024\/12\/Other-Agricultural-Gearboxes.webp\" sizes=\"(min-width: 0px) and (max-width: 480px) 480px, (min-width: 481px) and (max-width: 980px) 980px, (min-width: 981px) 1200px, 100vw\" srcset=\"https:\/\/fmp-components.com\/wp-content\/uploads\/2024\/12\/Other-Agricultural-Gearboxes.webp 1200w, https:\/\/fmp-components.com\/wp-content\/uploads\/2024\/12\/Other-Agricultural-Gearboxes-980x1143.webp 980w, https:\/\/fmp-components.com\/wp-content\/uploads\/2024\/12\/Other-Agricultural-Gearboxes-480x560.webp 480w\" alt=\"Altri-cambi-agricoli\" width=\"1200\" height=\"1400\" title=\"\"><\/p>\n<p>Yazar: CX<\/p>","protected":false},"excerpt":{"rendered":"<p>Irrigation Center-Drive Gearbox SYF-2M Series Model Numbers SYF-2M-20=87rpm(20:1 ratio,1-1\/2 HP motor) SYF-2M-30=58rpm(30:1 ratio, 1-1\/2 HP motor) SYF-2M-40=43rpm(40:1 ratio, 1 HP motor) SYF-2M-50=35rpm(50:1 ratio, 1 HP motor) SYF-2M-58=30rpm(58:1 ratio, 1 HP motor) SYF-2M-60=29rpm(60:1 ratio, 1 HP motor) (When input speed is 1740 rpm) Irrigation Center-Drive Gearbox SYF-2M Series Performance 1. Ratio: 20:1, 30:1, 40:1, 50:1, 58:1, [&hellip;]<\/p>","protected":false},"featured_media":2322,"comment_status":"open","ping_status":"closed","template":"","meta":{"_et_pb_use_builder":"","_et_pb_old_content":"","_et_gb_content_width":""},"product_brand":[],"product_cat":[57],"product_tag":[],"class_list":{"0":"post-2319","1":"product","2":"type-product","3":"status-publish","4":"has-post-thumbnail","6":"product_cat-irrigation-gearbox","8":"first","9":"instock","10":"shipping-taxable","11":"product-type-simple"},"_links":{"self":[{"href":"https:\/\/fmp-components.com\/tr\/wp-json\/wp\/v2\/product\/2319","targetHints":{"allow":["GET"]}}],"collection":[{"href":"https:\/\/fmp-components.com\/tr\/wp-json\/wp\/v2\/product"}],"about":[{"href":"https:\/\/fmp-components.com\/tr\/wp-json\/wp\/v2\/types\/product"}],"replies":[{"embeddable":true,"href":"https:\/\/fmp-components.com\/tr\/wp-json\/wp\/v2\/comments?post=2319"}],"wp:featuredmedia":[{"embeddable":true,"href":"https:\/\/fmp-components.com\/tr\/wp-json\/wp\/v2\/media\/2322"}],"wp:attachment":[{"href":"https:\/\/fmp-components.com\/tr\/wp-json\/wp\/v2\/media?parent=2319"}],"wp:term":[{"taxonomy":"product_brand","embeddable":true,"href":"https:\/\/fmp-components.com\/tr\/wp-json\/wp\/v2\/product_brand?post=2319"},{"taxonomy":"product_cat","embeddable":true,"href":"https:\/\/fmp-components.com\/tr\/wp-json\/wp\/v2\/product_cat?post=2319"},{"taxonomy":"product_tag","embeddable":true,"href":"https:\/\/fmp-components.com\/tr\/wp-json\/wp\/v2\/product_tag?post=2319"}],"curies":[{"name":"wp","href":"https:\/\/api.w.org\/{rel}","templated":true}]}}