{"id":2303,"date":"2024-12-31T08:01:39","date_gmt":"2024-12-31T08:01:39","guid":{"rendered":"https:\/\/fmp-components.com\/?page_id=8"},"modified":"2024-12-31T08:05:19","modified_gmt":"2024-12-31T08:05:19","slug":"irrigation-center-drive-gearbox-syf-1-series","status":"publish","type":"product","link":"https:\/\/fmp-components.com\/tr\/product\/irrigation-center-drive-gearbox-syf-1-series\/","title":{"rendered":"Sulama Merkezi Tahrik \u015eanz\u0131man\u0131 SYF-1 Serisi"},"content":{"rendered":"<h2>SYF-1 Serisi Sulama Merkezi Tahrikli \u015eanz\u0131man Model Numaralar\u0131<\/h2>\n<p><img loading=\"lazy\" decoding=\"async\" class=\"wp-image-2314 alignleft\" src=\"https:\/\/fmp-components.com\/wp-content\/uploads\/2024\/12\/Irrigation-Center-Drive-Gearbox-SYF-1-Series1.webp\" alt=\"Sulama Merkezi Tahrik Di\u015fli Kutusu SYF-1 Serisi (1)\" width=\"165\" height=\"165\" title=\"\">SYF-1-20=87rpm(20:1 oran\u0131)<br \/>\nSYF-1-30=58rpm(30:1 oran\u0131)<br \/>\nSYF-1-40=43rpm(40:1 oran\u0131)<br \/>\nSYF-1-50=35rpm(50:1 oran\u0131)<br \/>\nSYF-1-58=30rpm(58:1 oran\u0131)<br \/>\nSYF-1-60=29rpm(60:1 oran\u0131)<br \/>\n(Giri\u015f h\u0131z\u0131 1740 rpm oldu\u011funda)<\/p>\n<h2>SYF-1 Serisi Sulama Merkezi Tahrikli \u015eanz\u0131man Performans\u0131<\/h2>\n<p>1. Tork kapasitesi: 4.500 lb. in (510 Nm).<br \/>\n2. Oran: 20:1, 30:1, 40:1, 50:1, 58:1, 60:1 (di\u011ferleri mevcuttur).<br \/>\n3. 0,625\u201d \u015faftl\u0131, 2\u201d uzunlu\u011funda ve 0,19\u201d anahtar yuvas\u0131na sahip NEMA 56-C y\u00fczey motorlar\u0131n\u0131 kabul eder.<br \/>\n4. \u00c7oklu montaj c\u0131vata desenleri 5\u201d\u00d76\u201d, 3.38\u201d \u00d76.38\u201d t\u00fcm pivotlara uyar.<br \/>\n5. Y\u00fcksek mukavemetli al\u00fcminyum bronz sonsuz di\u015fli.<br \/>\n6. Solucan di\u015fli kutusuna kolayca tak\u0131labilen \u015fok emici motor ba\u011flant\u0131s\u0131 i\u00e7erir.<br \/>\n7. Her iki \u00e7\u0131k\u0131\u015f milinde de 1\/4\u201d \u00d71-1\/4\u201d kama yuvalar\u0131 bulunur.<br \/>\n8. Petrol ile sevk edilir.<br \/>\n9. \u00d6zel d\u0131\u015f mahsul koruma contalar\u0131 i\u00e7erir.<br \/>\n10. Hassas d\u00f6k\u00fcm temperli al\u00fcminyum g\u00f6vde.<br \/>\n11. A\u011f\u0131rl\u0131k: 15,9 lbs (7,2 kg).<br \/>\n12. Ya\u011f kapasitesi: 0,21 gal (0,8 L)<\/p>\n<h2>Sulama Merkezi Tahrik \u015eanz\u0131man\u0131 SYF-1 Serisi Kurulum ve Kontur Boyutlar\u0131<\/h2>\n<p><img loading=\"lazy\" decoding=\"async\" class=\"alignnone size-full wp-image-2312\" src=\"https:\/\/fmp-components.com\/wp-content\/uploads\/2024\/12\/Irrigation-Center-Drive-Gearbox-SYF-1-Series-Installation-and-Contour-Dimensions-1.webp\" alt=\"Sulama Merkezi Tahrik Di\u015fli Kutusu SYF 1 Serisi Kurulum ve Kontur Boyutlar\u0131\" width=\"1639\" height=\"774\" title=\"\" srcset=\"https:\/\/fmp-components.com\/wp-content\/uploads\/2024\/12\/Irrigation-Center-Drive-Gearbox-SYF-1-Series-Installation-and-Contour-Dimensions-1.webp 1639w, https:\/\/fmp-components.com\/wp-content\/uploads\/2024\/12\/Irrigation-Center-Drive-Gearbox-SYF-1-Series-Installation-and-Contour-Dimensions-1-1280x604.webp 1280w, https:\/\/fmp-components.com\/wp-content\/uploads\/2024\/12\/Irrigation-Center-Drive-Gearbox-SYF-1-Series-Installation-and-Contour-Dimensions-1-980x463.webp 980w, https:\/\/fmp-components.com\/wp-content\/uploads\/2024\/12\/Irrigation-Center-Drive-Gearbox-SYF-1-Series-Installation-and-Contour-Dimensions-1-480x227.webp 480w\" sizes=\"(min-width: 0px) and (max-width: 480px) 480px, (min-width: 481px) and (max-width: 980px) 980px, (min-width: 981px) and (max-width: 1280px) 1280px, (min-width: 1281px) 1639px, 100vw\" \/> <img loading=\"lazy\" decoding=\"async\" class=\"alignnone size-full wp-image-2313\" src=\"https:\/\/fmp-components.com\/wp-content\/uploads\/2024\/12\/Irrigation-Center-Drive-Gearbox-SYF-1-Series-Installation-and-Contour-Dimensions-2.webp\" alt=\"Sulama Merkezi Tahrik Di\u015fli Kutusu SYF 1 Serisi Kurulum ve Kontur Boyutlar\u0131\" width=\"1383\" height=\"565\" title=\"\" srcset=\"https:\/\/fmp-components.com\/wp-content\/uploads\/2024\/12\/Irrigation-Center-Drive-Gearbox-SYF-1-Series-Installation-and-Contour-Dimensions-2.webp 1383w, https:\/\/fmp-components.com\/wp-content\/uploads\/2024\/12\/Irrigation-Center-Drive-Gearbox-SYF-1-Series-Installation-and-Contour-Dimensions-2-1280x523.webp 1280w, https:\/\/fmp-components.com\/wp-content\/uploads\/2024\/12\/Irrigation-Center-Drive-Gearbox-SYF-1-Series-Installation-and-Contour-Dimensions-2-980x400.webp 980w, https:\/\/fmp-components.com\/wp-content\/uploads\/2024\/12\/Irrigation-Center-Drive-Gearbox-SYF-1-Series-Installation-and-Contour-Dimensions-2-480x196.webp 480w\" sizes=\"(min-width: 0px) and (max-width: 480px) 480px, (min-width: 481px) and (max-width: 980px) 980px, (min-width: 981px) and (max-width: 1280px) 1280px, (min-width: 1281px) 1383px, 100vw\" \/><\/p>\n<h2>SYF-1 Serisi Sulama Merkezi Tahrik \u015eanz\u0131man\u0131n\u0131n Avantajlar\u0131<\/h2>\n<p>SYF-1 Serisi Sulama Merkezi Tahrik \u015eanz\u0131man\u0131, sulama sistemlerinde y\u00fcksek performans, verimlilik ve dayan\u0131kl\u0131l\u0131k i\u00e7in \u00f6zel olarak tasarlanm\u0131\u015ft\u0131r. Sorunsuz ve g\u00fcvenilir g\u00fc\u00e7 iletimi sa\u011flamak \u00fczere tasarlanan bu di\u015fli kutusu serisi, sulama sistemlerinin merkez pivot kolunu tahrik etmek i\u00e7in olmazsa olmaz bir bile\u015fendir. SYF-1 Serisi Sulama Merkezi Tahrik \u015eanz\u0131man\u0131n\u0131n temel avantajlar\u0131 a\u015fa\u011f\u0131dad\u0131r:<\/p>\n<p><strong>Y\u00fcksek Verimli G\u00fc\u00e7 Aktar\u0131m\u0131<\/strong><\/p>\n<p>SYF-1 Serisi \u015fanz\u0131manlar, trakt\u00f6r\u00fcn PTO'sundan gelen enerjiyi merkez pivot yap\u0131s\u0131na d\u00f6n\u00fc\u015ft\u00fcrerek verimli g\u00fc\u00e7 aktar\u0131m\u0131 i\u00e7in optimize edilmi\u015ftir. Hassas m\u00fchendislikleri, g\u00fc\u00e7 aktar\u0131m\u0131 s\u0131ras\u0131nda minimum enerji kayb\u0131 sa\u011flayarak genel sistem verimlili\u011fini art\u0131r\u0131r. Sabit bir d\u00f6n\u00fc\u015f h\u0131z\u0131 ve tutarl\u0131 g\u00fc\u00e7 iletimi sa\u011flayan \u015fanz\u0131man, tar\u0131m alanlar\u0131nda e\u015fit ve g\u00fcvenilir su da\u011f\u0131l\u0131m\u0131 sa\u011flayarak sulama s\u00fcre\u00e7lerini optimize eder.<\/p>\n<p><strong>Dayan\u0131kl\u0131l\u0131k ve A\u011f\u0131r Hizmet Tipi Yap\u0131<\/strong><\/p>\n<p>Y\u00fcksek karbonlu \u00e7elik ve g\u00fc\u00e7lendirilmi\u015f ala\u015f\u0131mlar gibi y\u00fcksek mukavemetli malzemelerden \u00fcretilen SYF-1 Serisi \u015fanz\u0131man, s\u00fcrekli \u00e7al\u0131\u015fman\u0131n getirdi\u011fi y\u00fcksek tork taleplerine dayanacak \u015fekilde tasarlanm\u0131\u015ft\u0131r. Bu sa\u011flam yap\u0131, dayan\u0131kl\u0131l\u0131\u011f\u0131n \u00f6n planda oldu\u011fu zorlu tar\u0131m ortamlar\u0131 i\u00e7in idealdir. \u015eanz\u0131man, y\u00fcksek bas\u0131n\u00e7l\u0131 y\u00fcklere, s\u0131k kullan\u0131ma ve olumsuz hava ko\u015fullar\u0131na dayanabilir ve minimum a\u015f\u0131nma ve y\u0131pranma ile uzun \u00f6m\u00fcrl\u00fc performans sa\u011flar.<\/p>\n<p><strong>D\u00fc\u015f\u00fck Bak\u0131m Gerektirir ve Maliyet Etkindir<\/strong><\/p>\n<p>SYF-1 Serisi, s\u0131k bak\u0131m ihtiyac\u0131n\u0131 en aza indiren s\u0131zd\u0131rmaz ve bak\u0131m\u0131 kolay bir tasar\u0131ma sahiptir. Hassas di\u015flileri ve y\u00fcksek kaliteli rulmanlar\u0131, i\u00e7 s\u00fcrt\u00fcnmeyi ve a\u015f\u0131nmay\u0131 azaltarak di\u015fli kutusunun \u00f6mr\u00fcn\u00fc uzat\u0131r. Rutin ya\u011flama ve periyodik muayeneler genellikle optimum performans\u0131 korumak, genel bak\u0131m maliyetlerini d\u00fc\u015f\u00fcrmek ve sulama operasyonlar\u0131n\u0131n s\u00fcreklili\u011fi i\u00e7in hayati \u00f6nem ta\u015f\u0131yan sistem ar\u0131za s\u00fcrelerini azaltmak i\u00e7in yeterlidir.<\/p>\n<p><strong>Hava Ko\u015fullar\u0131na Dayan\u0131kl\u0131 ve Korozyona Dayan\u0131kl\u0131 Tasar\u0131m<\/strong><\/p>\n<p>SYF-1 Serisi di\u015fli kutusu, zorlu d\u0131\u015f mekan ko\u015fullar\u0131nda \u00e7al\u0131\u015fmak \u00fczere \u00f6zel olarak tasarlanm\u0131\u015ft\u0131r. Hava ko\u015fullar\u0131na dayan\u0131kl\u0131 tasar\u0131m\u0131, neme, toza ve di\u011fer \u00e7evresel etkenlere maruz kalmas\u0131n\u0131 \u00f6nleyen korozyon \u00f6nleyici kaplamalar ve s\u0131zd\u0131rmaz bile\u015fenler i\u00e7erir. \u015eiddetli ya\u011fmura, a\u015f\u0131r\u0131 s\u0131ca\u011fa veya donma ko\u015fullar\u0131na maruz kalsa bile, di\u015fli kutusu g\u00fcvenilir ve verimli kal\u0131r ve sulama sisteminin t\u00fcm mevsimlerde kesintisiz \u00e7al\u0131\u015fmas\u0131n\u0131 sa\u011flar.<\/p>\n<p><strong>Uyumluluk ve Kolay Kurulum<\/strong><\/p>\n<p>\u00c7e\u015fitli sulama sistemlerine kusursuz entegrasyon i\u00e7in tasarlanan SYF-1 Serisi di\u015fli kutusu, \u00e7ok \u00e7e\u015fitli merkez pivot sulama yap\u0131lar\u0131yla uyumludur. \u0130ster k\u00fc\u00e7\u00fck \u00f6l\u00e7ekli i\u015fletmelerde ister b\u00fcy\u00fck ticari \u00e7iftliklerde kullan\u0131ls\u0131n, di\u015fli kutusu farkl\u0131 sistem gereksinimlerine uyarlanabilir. Basit ve kullan\u0131c\u0131 dostu kurulum s\u00fcreci, minimum ar\u0131za s\u00fcresi sa\u011flar ve eski veya hasarl\u0131 di\u015fli kutular\u0131n\u0131n kapsaml\u0131 modifikasyonlara gerek kalmadan h\u0131zl\u0131 bir \u015fekilde de\u011fi\u015ftirilmesine olanak tan\u0131r.<\/p>\n<p>SYF-1 Serisi Sulama Merkezi Tahrikli \u015eanz\u0131man, verimlilik, dayan\u0131kl\u0131l\u0131k, d\u00fc\u015f\u00fck bak\u0131m ve hava ko\u015fullar\u0131na dayan\u0131kl\u0131l\u0131k a\u00e7\u0131s\u0131ndan \u00f6nemli avantajlar sunar. Sa\u011flam yap\u0131s\u0131 ve g\u00fcvenilir performans\u0131yla bu \u015fanz\u0131man, tar\u0131m alanlar\u0131nda tutarl\u0131 ve y\u00fcksek kaliteli sulama sa\u011flamak i\u00e7in idealdir. Kolay kurulumu ve \u00e7e\u015fitli sulama sistemleriyle uyumlulu\u011fu, \u00e7ift\u00e7iler ve sulama i\u015fletmecileri i\u00e7in uygun maliyetli ve g\u00fcvenilir bir \u00e7\u00f6z\u00fcm sunarak optimum sistem performans\u0131 ve daha iyi su y\u00f6netimi sa\u011flar.<\/p>\n<table style=\"width: 104.007%; height: 166px;\" width=\"136\">\n<tbody>\n<tr>\n<td style=\"width: 49.2212%;\" width=\"72\"><img loading=\"lazy\" decoding=\"async\" class=\"alignnone size-full wp-image-2316\" src=\"https:\/\/fmp-components.com\/wp-content\/uploads\/2024\/12\/Irrigation-Center-Drive-Gearbox-SYF-1-Series-Applications-1-980x657-1.webp\" alt=\"Sulama Merkezi Tahrik Di\u015fli Kutusu SYF 1 Serisi Uygulamalar\" width=\"980\" height=\"657\" title=\"\" srcset=\"https:\/\/fmp-components.com\/wp-content\/uploads\/2024\/12\/Irrigation-Center-Drive-Gearbox-SYF-1-Series-Applications-1-980x657-1.webp 980w, https:\/\/fmp-components.com\/wp-content\/uploads\/2024\/12\/Irrigation-Center-Drive-Gearbox-SYF-1-Series-Applications-1-980x657-1-480x322.webp 480w\" sizes=\"(min-width: 0px) and (max-width: 480px) 480px, (min-width: 481px) 980px, 100vw\" \/><\/td>\n<td style=\"width: 50.0519%;\" width=\"64\"><img loading=\"lazy\" decoding=\"async\" class=\"alignnone size-full wp-image-2315\" src=\"https:\/\/fmp-components.com\/wp-content\/uploads\/2024\/12\/Irrigation-Center-Drive-Gearbox-SYF-1-Series-Applications-2-980x657-1.webp\" alt=\"Sulama Merkezi Tahrik Di\u015fli Kutusu SYF 1 Serisi Uygulamalar\" width=\"980\" height=\"657\" title=\"\" srcset=\"https:\/\/fmp-components.com\/wp-content\/uploads\/2024\/12\/Irrigation-Center-Drive-Gearbox-SYF-1-Series-Applications-2-980x657-1.webp 980w, https:\/\/fmp-components.com\/wp-content\/uploads\/2024\/12\/Irrigation-Center-Drive-Gearbox-SYF-1-Series-Applications-2-980x657-1-480x322.webp 480w\" sizes=\"(min-width: 0px) and (max-width: 480px) 480px, (min-width: 481px) 980px, 100vw\" \/><\/td>\n<\/tr>\n<\/tbody>\n<\/table>\n<h2>SYF-1 Serisi Sulama Merkezi Tahrikli \u015eanz\u0131man Uygulamalar\u0131<\/h2>\n<p>Sulama Merkezi Tahrikli \u015eanz\u0131man SYF-1 Serisi, \u00e7e\u015fitli tar\u0131m ve sulama sistemlerinde kullan\u0131lmak \u00fczere tasarlanm\u0131\u015f olup, g\u00fcvenilir g\u00fc\u00e7 iletimi ve verimli \u00e7al\u0131\u015fma sa\u011flar. Sa\u011flam yap\u0131s\u0131, y\u00fcksek verimli tasar\u0131m\u0131 ve uyarlanabilirli\u011fi, sulama sekt\u00f6r\u00fcndeki bir\u00e7ok uygulama i\u00e7in uygun olmas\u0131n\u0131 sa\u011flar. SYF-1 Serisi sulama \u015fanz\u0131man\u0131n\u0131n temel uygulamalar\u0131 a\u015fa\u011f\u0131dad\u0131r:<\/p>\n<p><strong>Center Pivot Sulama Sistemleri<\/strong><\/p>\n<p>SYF-1 Serisi \u015fanz\u0131man\u0131n temel uygulamas\u0131, pivot kolunun d\u00f6n\u00fc\u015f\u00fcn\u00fc sa\u011flad\u0131\u011f\u0131 merkezi pivot sulama sistemleridir. Bu \u015fanz\u0131man, trakt\u00f6r\u00fcn PTO sisteminden gelen g\u00fcc\u00fc, sulama sisteminin merkezi pivotunu tahrik etmek i\u00e7in d\u00f6n\u00fc\u015ft\u00fcrerek geni\u015f tarlalarda e\u015fit su da\u011f\u0131l\u0131m\u0131 sa\u011flar. Y\u00fcksek tork kapasitesi ve dayan\u0131kl\u0131l\u0131\u011f\u0131, verimli sulama i\u00e7in gereken tutarl\u0131 d\u00f6n\u00fc\u015f\u00fc sa\u011flayarak su kullan\u0131m\u0131n\u0131 ve \u00fcr\u00fcn b\u00fcy\u00fcmesini optimize etmek i\u00e7in idealdir.<\/p>\n<p><strong>Do\u011frusal Sulama Sistemleri<\/strong><\/p>\n<p>SYF-1 Serisi red\u00fckt\u00f6r, merkez pivot sistemlerine ek olarak do\u011frusal sulama sistemlerinde de kullan\u0131labilir. Bu sistemler, suyu tarlalara da\u011f\u0131tmak i\u00e7in hareketli boru hatlar\u0131 kullan\u0131r ve SYF-1 Serisi red\u00fckt\u00f6r, bu sistemlerin hareketini sa\u011flayarak e\u015fit bir kapsama alan\u0131 sa\u011flar. \u00c7ok y\u00f6nl\u00fcl\u00fc\u011f\u00fc ve g\u00fc\u00e7 verimlili\u011fi, onu do\u011frusal hareket gerektiren sistemler i\u00e7in g\u00fcvenilir bir se\u00e7im haline getirerek \u00e7e\u015fitli \u00fcr\u00fcn t\u00fcrleri i\u00e7in etkili sulama sa\u011flar.<\/p>\n<p><strong>Tar\u0131msal Sulama ve Sulama Projeleri<\/strong><\/p>\n<p>SYF-1 Serisi di\u015fli kutusu, \u00f6zellikle g\u00fcvenilir ve s\u00fcrekli sulama gerektiren tarlalarda, b\u00fcy\u00fck \u00f6l\u00e7ekli tar\u0131msal sulama projeleri i\u00e7in kritik bir bile\u015fendir. Merkez pivot ve do\u011frusal sulama sistemlerinin sorunsuz ve verimli hareketini sa\u011flayarak, di\u015fli kutusu, \u00fcr\u00fcn verimini en \u00fcst d\u00fczeye \u00e7\u0131karmak i\u00e7in gerekli olan topraktaki optimum nem seviyelerinin korunmas\u0131na yard\u0131mc\u0131 olur. Dayan\u0131kl\u0131l\u0131\u011f\u0131, b\u00fcy\u00fck \u00e7iftliklerin ve tar\u0131msal i\u015fletmelerin s\u00fcrekli taleplerini kar\u015f\u0131layabilmesini sa\u011flar.<\/p>\n<p><strong>Sera Sulama Sistemleri<\/strong><\/p>\n<p>Sera uygulamalar\u0131nda, bitkilerin b\u00fcy\u00fcmesi i\u00e7in hassas su da\u011f\u0131l\u0131m\u0131n\u0131n sa\u011flanmas\u0131 \u00e7ok \u00f6nemlidir. SYF-1 Serisi di\u015fli kutusu, sera sulama sistemlerinde, bitkilere e\u015fit su iletimi sa\u011flayan sulama hatlar\u0131n\u0131n hareketini kontrol etmek i\u00e7in kullan\u0131l\u0131r. Hava ko\u015fullar\u0131na dayan\u0131kl\u0131 yap\u0131s\u0131 ve d\u00fc\u015f\u00fck bak\u0131m gereksinimi, sa\u011fl\u0131kl\u0131 bitki ve mahsullerin korunmas\u0131 i\u00e7in s\u00fcrekli sulaman\u0131n \u00f6nemli oldu\u011fu sera ortamlar\u0131 i\u00e7in m\u00fckemmel bir se\u00e7imdir.<\/p>\n<p><strong>Bah\u00e7ecilik ve Peyzaj Sulama<\/strong><\/p>\n<p>SYF-1 Serisi di\u015fli kutusu, enerji tasarruflu tasar\u0131m\u0131 sayesinde bah\u00e7e ve peyzaj sulama sistemlerinde de kullan\u0131labilir ve peyzaj ve \u00e7im y\u00f6netimi gibi daha k\u00fc\u00e7\u00fck \u00f6l\u00e7ekli uygulamalarda kullan\u0131labilir. Golf sahalar\u0131, spor sahalar\u0131, parklar ve di\u011fer peyzaj alanlar\u0131ndaki sulama sistemlerine g\u00fc\u00e7 sa\u011flayarak geni\u015f \u00e7im alanlar\u0131na e\u015fit su da\u011f\u0131l\u0131m\u0131 sa\u011flar. Dayan\u0131kl\u0131l\u0131\u011f\u0131 ve hava ko\u015fullar\u0131na dayan\u0131kl\u0131l\u0131\u011f\u0131, onu d\u0131\u015f mekan kullan\u0131m\u0131 i\u00e7in ideal hale getirerek \u00e7e\u015fitli bah\u00e7e ve peyzaj projelerinde verimli ve g\u00fcvenilir sulama sa\u011flar.<\/p>\n<p>SYF-1 Serisi Sulama Merkezi Tahrikli \u015eanz\u0131man, merkezi pivot sistemleri, do\u011frusal sulama sistemleri ve sera sulamalar\u0131 dahil olmak \u00fczere \u00e7e\u015fitli tar\u0131m ve sulama uygulamalar\u0131nda yayg\u0131n olarak kullan\u0131lmaktad\u0131r. Verimli g\u00fc\u00e7 iletimi, d\u00fc\u015f\u00fck bak\u0131m maliyeti ve sa\u011flam tasar\u0131m\u0131, onu b\u00fcy\u00fck \u00f6l\u00e7ekli sulama projelerinin yan\u0131 s\u0131ra daha \u00f6zel bah\u00e7ecilik ve peyzaj uygulamalar\u0131 i\u00e7in de uygun hale getirir. \u0130ster b\u00fcy\u00fck \u00f6l\u00e7ekli tar\u0131m i\u015fletmelerinde ister daha k\u00fc\u00e7\u00fck \u00f6l\u00e7ekli uygulamalarda kullan\u0131ls\u0131n, SYF-1 Serisi \u015fanz\u0131man tutarl\u0131 ve g\u00fcvenilir su da\u011f\u0131t\u0131m\u0131 sa\u011flayarak \u00fcr\u00fcn veriminin artmas\u0131na, optimum su y\u00f6netimine ve verimli sulama sistemi performans\u0131na katk\u0131da bulunur.<\/p>\n<table style=\"width: 104.338%; height: 79px;\" width=\"136\">\n<tbody>\n<tr>\n<td style=\"width: 50.1035%;\" width=\"72\"><img loading=\"lazy\" decoding=\"async\" class=\"alignnone size-full wp-image-2317\" src=\"https:\/\/fmp-components.com\/wp-content\/uploads\/2024\/12\/Irrigation-Center-Drive-Gearbox-SYF-1-Series-Advantages-2.webp\" alt=\"Sulama Merkezi Tahrik Di\u015fli Kutusu SYF 1 Serisi Uygulamalar\" width=\"1024\" height=\"600\" title=\"\" srcset=\"https:\/\/fmp-components.com\/wp-content\/uploads\/2024\/12\/Irrigation-Center-Drive-Gearbox-SYF-1-Series-Advantages-2.webp 1024w, https:\/\/fmp-components.com\/wp-content\/uploads\/2024\/12\/Irrigation-Center-Drive-Gearbox-SYF-1-Series-Advantages-2-980x574.webp 980w, https:\/\/fmp-components.com\/wp-content\/uploads\/2024\/12\/Irrigation-Center-Drive-Gearbox-SYF-1-Series-Advantages-2-480x281.webp 480w\" sizes=\"(min-width: 0px) and (max-width: 480px) 480px, (min-width: 481px) and (max-width: 980px) 980px, (min-width: 981px) 1024px, 100vw\" \/><\/td>\n<td style=\"width: 49.1718%;\" width=\"64\"><img loading=\"lazy\" decoding=\"async\" class=\"alignnone size-full wp-image-2318\" src=\"https:\/\/fmp-components.com\/wp-content\/uploads\/2024\/12\/Irrigation-Center-Drive-Gearbox-SYF-1-Series-Advantages.webp\" alt=\"Sulama Merkezi Tahrik Di\u015fli Kutusu SYF 1 Serisi Uygulamalar\" width=\"1024\" height=\"600\" title=\"\" srcset=\"https:\/\/fmp-components.com\/wp-content\/uploads\/2024\/12\/Irrigation-Center-Drive-Gearbox-SYF-1-Series-Advantages.webp 1024w, https:\/\/fmp-components.com\/wp-content\/uploads\/2024\/12\/Irrigation-Center-Drive-Gearbox-SYF-1-Series-Advantages-980x574.webp 980w, https:\/\/fmp-components.com\/wp-content\/uploads\/2024\/12\/Irrigation-Center-Drive-Gearbox-SYF-1-Series-Advantages-480x281.webp 480w\" sizes=\"(min-width: 0px) and (max-width: 480px) 480px, (min-width: 481px) and (max-width: 980px) 980px, (min-width: 981px) 1024px, 100vw\" \/><\/td>\n<\/tr>\n<\/tbody>\n<\/table>\n<h3>FMP Hakk\u0131nda<\/h3>\n<p>Merkezi \u0130talya'da bulunan FMP, \u00f6zellikle tar\u0131m makineleri sekt\u00f6r\u00fcne odaklanan y\u00fcksek performansl\u0131 di\u015fli kutular\u0131n\u0131n tasar\u0131m\u0131, geli\u015ftirilmesi ve \u00fcretimindeki uzmanl\u0131\u011f\u0131yla tan\u0131nan lider bir \u00fcreticidir. Hassas m\u00fchendislik, yenilik\u00e7i \u00e7\u00f6z\u00fcmler ve sars\u0131lmaz g\u00fcvenilirlik konusundaki itibar\u0131yla FMP, hem tar\u0131m hem de sanayi sekt\u00f6rlerinin de\u011fi\u015fen ihtiya\u00e7lar\u0131n\u0131 kar\u015f\u0131lamada g\u00fcvenilir bir ortak haline gelmi\u015ftir. Geni\u015f \u00fcr\u00fcn yelpazemiz, \u00e7im bi\u00e7me makineleri i\u00e7in \u00f6zel di\u015fli kutular\u0131, kuyruk mili milleri ve di\u011fer temel bile\u015fenleri i\u00e7erir ve hepsi geni\u015f bir uygulama yelpazesinde \u00f6zelle\u015ftirilmi\u015f \u00e7\u00f6z\u00fcmler sunmak \u00fczere titizlikle tasarlanm\u0131\u015ft\u0131r.<\/p>\n<p>FMP olarak, her m\u00fc\u015fterinin kendine \u00f6zg\u00fc gereksinimleri ve zorluklar\u0131 oldu\u011funun bilincindeyiz. Bu nedenle, ister bireysel bile\u015fenler ister tamamen entegre sistemler i\u00e7in olsun, \u00f6zel \u00e7\u00f6z\u00fcmler sunma konusunda uzmanla\u015f\u0131yoruz. M\u00fc\u015fterilerimizle yak\u0131n i\u015f birli\u011fi i\u00e7inde \u00e7al\u0131\u015farak her \u00e7\u00f6z\u00fcm\u00fcn yaln\u0131zca etkili de\u011fil, ayn\u0131 zamanda verimli olmas\u0131n\u0131, hem performans\u0131 hem de de\u011feri optimize etmesini sa\u011fl\u0131yoruz. H\u0131zl\u0131 ve profesyonel yan\u0131tlar sunma taahh\u00fcd\u00fcm\u00fcz ve uzman rehberli\u011fimiz, her sorunun en \u00fcst d\u00fczeyde \u00f6zen ve hassasiyetle ele al\u0131nmas\u0131n\u0131 ve m\u00fcmk\u00fcn olan en iyi sonu\u00e7lara ula\u015f\u0131lmas\u0131n\u0131 sa\u011flar.<\/p>\n<p>\u00dcr\u00fcn geli\u015ftirme s\u00fcrecinin tamam\u0131nda a\u00e7\u0131k ve s\u00fcrekli ileti\u015fime \u00f6ncelik veriyoruz. \u00d6zverili ekibimiz, m\u00fc\u015fterilerimizle do\u011frudan \u00e7al\u0131\u015farak \u00f6zel ihtiya\u00e7lar\u0131n\u0131 tam olarak anl\u0131yor ve en uygun \u00e7\u00f6z\u00fcmleri sa\u011flamak i\u00e7in de\u011ferli i\u00e7g\u00f6r\u00fcler ve \u00f6neriler sunuyor. \u0130ster yenilik\u00e7i \u00fcr\u00fcnler tasarl\u0131yor ister devam eden sipari\u015fleri kar\u015f\u0131l\u0131yor olun, FMP her seferinde zaman\u0131nda, y\u00fcksek kaliteli ve hassas m\u00fchendislik \u00e7\u00f6z\u00fcmleri sunmaya kendini adam\u0131\u015ft\u0131r. Amac\u0131m\u0131z, m\u00fc\u015fterilerimize en iyi hizmeti ve sonu\u00e7lar\u0131 sunarak her projede beklentileri a\u015fmakt\u0131r.<\/p>\n<p>Kalite, FMP'nin faaliyetlerinin temel ta\u015f\u0131d\u0131r. En y\u00fcksek \u00fcretim standartlar\u0131na ba\u011fl\u0131 kalarak, her \u00fcr\u00fcn\u00fcn sekt\u00f6r standartlar\u0131n\u0131 kar\u015f\u0131lamas\u0131n\u0131 ve hatta a\u015fmas\u0131n\u0131 sa\u011flamak i\u00e7in s\u0131k\u0131 kalite kontrol \u00f6nlemleri uyguluyoruz. Kaliteye olan bu sars\u0131lmaz ba\u011fl\u0131l\u0131\u011f\u0131m\u0131z, d\u00fcr\u00fcstl\u00fck, ekip \u00e7al\u0131\u015fmas\u0131 ve azim gibi temel de\u011ferlerimizle birle\u015ferek, d\u00fcnya \u00e7ap\u0131nda yakla\u015f\u0131k 30 \u00fclkedeki m\u00fc\u015fterilerimizle uzun s\u00fcreli, g\u00fcvene dayal\u0131 ili\u015fkiler kurmam\u0131z\u0131 sa\u011flam\u0131\u015ft\u0131r.<\/p>\n<p>FMP, k\u00fcresel ortakl\u0131klara her zaman a\u00e7\u0131k olup, m\u00fc\u015fterilerimizin \u00e7e\u015fitli ihtiya\u00e7lar\u0131n\u0131 kar\u015f\u0131layan uzman tavsiyeleri ve \u00f6zelle\u015ftirilmi\u015f \u00e7\u00f6z\u00fcmler sunmaya kendini adam\u0131\u015ft\u0131r. Sadece \u00fcr\u00fcn tedarik etmenin \u00f6tesine ge\u00e7erek, her projenin ba\u015far\u0131s\u0131na katk\u0131da bulunan kal\u0131c\u0131 ili\u015fkiler kurmay\u0131 hedefliyoruz. \u0130ster yeni bir giri\u015fim i\u00e7in yenilik\u00e7i \u00e7\u00f6z\u00fcmlere, ister mevcut bir sistem i\u00e7in s\u00fcrekli deste\u011fe ihtiyac\u0131n\u0131z olsun, FMP teknik zorluklar\u0131n\u0131z\u0131n \u00fcstesinden gelmek ve ba\u015far\u0131n\u0131z\u0131n devam\u0131n\u0131 sa\u011flamak i\u00e7in burada.<\/p>\n<p><img loading=\"lazy\" decoding=\"async\" class=\"alignnone size-full wp-image-1861\" src=\"https:\/\/fmp-components.com\/wp-content\/uploads\/2024\/12\/Other-Agricultural-Gearboxes.webp\" sizes=\"(min-width: 0px) and (max-width: 480px) 480px, (min-width: 481px) and (max-width: 980px) 980px, (min-width: 981px) 1200px, 100vw\" srcset=\"https:\/\/fmp-components.com\/wp-content\/uploads\/2024\/12\/Other-Agricultural-Gearboxes.webp 1200w, https:\/\/fmp-components.com\/wp-content\/uploads\/2024\/12\/Other-Agricultural-Gearboxes-980x1143.webp 980w, https:\/\/fmp-components.com\/wp-content\/uploads\/2024\/12\/Other-Agricultural-Gearboxes-480x560.webp 480w\" alt=\"Altri-cambi-agricoli\" width=\"1200\" height=\"1400\" title=\"\"><\/p>\n<p>Yazar: CX<\/p>","protected":false},"excerpt":{"rendered":"<p>SYF-1 Series\u00a0Irrigation Center-Drive Gearbox Model Numbers SYF-1-20=87rpm(20:1 ratio) SYF-1-30=58rpm(30:1 ratio) SYF-1-40=43rpm(40:1 ratio) SYF-1-50=35rpm(50:1 ratio) SYF-1-58=30rpm(58:1 ratio) SYF-1-60=29rpm(60:1 ratio) (When input speed is 1740 rpm) SYF-1 Series\u00a0Irrigation Center-Drive Gearbox Performance 1. Torque capacity: 4,500 lb. in (510 N.m). 2. Ratio: 20:1, 30:1, 40:1, 50:1, 58:1, 60:1 (others available). 3. Accepts NEMA 56-C face motors with 0.625\u201d [&hellip;]<\/p>","protected":false},"featured_media":2314,"comment_status":"open","ping_status":"closed","template":"","meta":{"_et_pb_use_builder":"","_et_pb_old_content":"","_et_gb_content_width":""},"product_brand":[],"product_cat":[57],"product_tag":[],"class_list":{"0":"post-2303","1":"product","2":"type-product","3":"status-publish","4":"has-post-thumbnail","6":"product_cat-irrigation-gearbox","8":"first","9":"instock","10":"shipping-taxable","11":"product-type-simple"},"_links":{"self":[{"href":"https:\/\/fmp-components.com\/tr\/wp-json\/wp\/v2\/product\/2303","targetHints":{"allow":["GET"]}}],"collection":[{"href":"https:\/\/fmp-components.com\/tr\/wp-json\/wp\/v2\/product"}],"about":[{"href":"https:\/\/fmp-components.com\/tr\/wp-json\/wp\/v2\/types\/product"}],"replies":[{"embeddable":true,"href":"https:\/\/fmp-components.com\/tr\/wp-json\/wp\/v2\/comments?post=2303"}],"wp:featuredmedia":[{"embeddable":true,"href":"https:\/\/fmp-components.com\/tr\/wp-json\/wp\/v2\/media\/2314"}],"wp:attachment":[{"href":"https:\/\/fmp-components.com\/tr\/wp-json\/wp\/v2\/media?parent=2303"}],"wp:term":[{"taxonomy":"product_brand","embeddable":true,"href":"https:\/\/fmp-components.com\/tr\/wp-json\/wp\/v2\/product_brand?post=2303"},{"taxonomy":"product_cat","embeddable":true,"href":"https:\/\/fmp-components.com\/tr\/wp-json\/wp\/v2\/product_cat?post=2303"},{"taxonomy":"product_tag","embeddable":true,"href":"https:\/\/fmp-components.com\/tr\/wp-json\/wp\/v2\/product_tag?post=2303"}],"curies":[{"name":"wp","href":"https:\/\/api.w.org\/{rel}","templated":true}]}}