{"id":2297,"date":"2024-12-31T06:50:02","date_gmt":"2024-12-31T06:50:02","guid":{"rendered":"https:\/\/fmp-components.com\/?page_id=8"},"modified":"2024-12-31T07:35:56","modified_gmt":"2024-12-31T07:35:56","slug":"irrigation-reels-gearboxes-replacement-of-comer-code-a-4a","status":"publish","type":"product","link":"https:\/\/fmp-components.com\/tr\/product\/irrigation-reels-gearboxes-replacement-of-comer-code-a-4a\/","title":{"rendered":"Sulama Makaralar\u0131 Di\u015fli Kutular\u0131 \u2013 K\u00f6\u015fe Kodu A-4A'n\u0131n De\u011fi\u015ftirilmesi"},"content":{"rendered":"<h2 style=\"text-align: center;\">Sulama Makaralar\u0131 Di\u015fli Kutular\u0131 \u2013 K\u00f6\u015fe Kodu A-4A'n\u0131n De\u011fi\u015ftirilmesi<\/h2>\n<p>Sulama Makaralar\u0131 Di\u015fli Kutusu \u2013 Comer A-4A Kodunun Yerine Ge\u00e7en Bu Y\u00fcksek Performansl\u0131 ve Dayan\u0131kl\u0131 Di\u015fli Kutusu, sulama makara sistemlerinde Comer A-4A Kodunun yerine ge\u00e7mek \u00fczere tasarlanm\u0131\u015ft\u0131r. Bu yedek di\u015fli kutusu, \u00e7e\u015fitli tar\u0131msal sulama uygulamalar\u0131 i\u00e7in g\u00fcvenilir g\u00fc\u00e7 aktar\u0131m\u0131 ve art\u0131r\u0131lm\u0131\u015f verimlilik sa\u011flayarak sulama makaralar\u0131n\u0131n s\u00fcrekli \u00e7al\u0131\u015fmas\u0131n\u0131 garanti eder. \u0130ster b\u00fcy\u00fck \u00f6l\u00e7ekli tar\u0131m alanlar\u0131nda ister peyzaj projelerinde kullan\u0131ls\u0131n, bu di\u015fli kutusu optimum su da\u011f\u0131t\u0131m\u0131n\u0131 ve minimum ar\u0131za s\u00fcresini sa\u011flayarak daha iyi sulama y\u00f6netimine katk\u0131da bulunur.<\/p>\n<p><img loading=\"lazy\" decoding=\"async\" class=\"size-full wp-image-2300 aligncenter\" src=\"https:\/\/fmp-components.com\/wp-content\/uploads\/2024\/12\/irrigation-gearbox-1.webp\" alt=\"sulama di\u015fli kutusu\" width=\"500\" height=\"500\" title=\"\" srcset=\"https:\/\/fmp-components.com\/wp-content\/uploads\/2024\/12\/irrigation-gearbox-1.webp 500w, https:\/\/fmp-components.com\/wp-content\/uploads\/2024\/12\/irrigation-gearbox-1-480x480.webp 480w\" sizes=\"(min-width: 0px) and (max-width: 480px) 480px, (min-width: 481px) 500px, 100vw\" \/><\/p>\n<h3>Temel \u00d6zellikler:<\/h3>\n<ol>\n<li>Y\u00fcksek G\u00fc\u00e7 Ta\u015f\u0131ma Kapasitesi<br \/>\nComer Code A-4A i\u00e7in yedek \u015fanz\u0131man, y\u00fcksek g\u00fc\u00e7 \u00e7\u0131k\u0131\u015f\u0131n\u0131 kald\u0131racak \u015fekilde tasarlanm\u0131\u015ft\u0131r ve sulama makaral\u0131 sisteminin verimli \u00e7al\u0131\u015fmas\u0131n\u0131 sa\u011flar. \u00d6nemli tork ve beygir g\u00fcc\u00fcn\u00fc destekleme yetene\u011fiyle bu \u015fanz\u0131man, sulama sistemlerinin zorlu ihtiya\u00e7lar\u0131na \u00e7ok uygundur ve sa\u011flam performans gerektiren tar\u0131msal i\u015flemler i\u00e7in idealdir.<\/li>\n<li>Dayan\u0131kl\u0131 Yap\u0131<br \/>\nY\u00fcksek kaliteli malzemelerle \u00fcretilen yedek di\u015fli kutusu, uzun \u00f6m\u00fcrl\u00fc dayan\u0131kl\u0131l\u0131k ve a\u015f\u0131nmaya kar\u015f\u0131 diren\u00e7 i\u00e7in tasarlanm\u0131\u015ft\u0131r. A\u011f\u0131r hizmet tipi yap\u0131s\u0131, zorlu hava ko\u015fullar\u0131nda ve talepkar ortamlarda bile g\u00fcvenilir performans sa\u011flayarak, di\u015fli kutusunun sulama sistemlerinde s\u00fcrekli \u00e7al\u0131\u015fman\u0131n stresine dayanabilmesini garanti eder.<\/li>\n<li>Verimli G\u00fc\u00e7 Aktar\u0131m\u0131<br \/>\n\u015eanz\u0131man, tahrik motorundan sulama makaras\u0131na sorunsuz ve verimli g\u00fc\u00e7 aktar\u0131m\u0131 sa\u011flamak \u00fczere tasarlanm\u0131\u015ft\u0131r. Optimum h\u0131z d\u00fc\u015f\u00fc\u015f\u00fc ve tork art\u0131\u015f\u0131 sa\u011flayarak sulama makaras\u0131n\u0131n tutarl\u0131 h\u0131z ve kontrolle hareket etmesini m\u00fcmk\u00fcn k\u0131lar. Bu hassas g\u00fc\u00e7 aktar\u0131m\u0131, enerji kayb\u0131n\u0131 en aza indirir ve genel verimlili\u011fi art\u0131rarak i\u015fletme maliyetlerini d\u00fc\u015f\u00fcr\u00fcr.<\/li>\n<\/ol>\n<p>Comer A-4A kodlu sulama makaras\u0131 di\u015fli kutusu, sulama makaras\u0131 sistemleri i\u00e7in sa\u011flam, verimli ve g\u00fcvenilir bir \u00e7\u00f6z\u00fcmd\u00fcr. Y\u00fcksek g\u00fc\u00e7 kapasitesi, dayan\u0131kl\u0131 yap\u0131s\u0131 ve d\u00fc\u015f\u00fck bak\u0131m gereksinimleriyle bu di\u015fli kutusu, tar\u0131m, peyzaj ve bah\u00e7ecilik uygulamalar\u0131 i\u00e7in optimum performans sa\u011flar. Kolay kurulumu ve mevcut sistemlerle uyumlulu\u011fu, ar\u0131za s\u00fcrelerini azaltarak ve sulama verimlili\u011fini art\u0131rarak ideal bir yedek se\u00e7enek haline getirir.<\/p>\n<h2 class=\"et_pb_module_header\">Sulama Makaralar\u0131 Di\u015fli Kutular\u0131 \u2013 K\u00f6\u015fe Kodu A-4A'n\u0131n De\u011fi\u015ftirilmesi<\/h2>\n<table style=\"width: 100%;\" border=\"1\" width=\"100%\" cellspacing=\"0\" cellpadding=\"0\">\n<tbody>\n<tr>\n<th>Tan\u0131m<\/th>\n<td>Sulama Makaralar\u0131 Di\u015fli Kutular\u0131 \u2013 Comer A-4A Kodunun De\u011fi\u015ftirilmesi<\/td>\n<\/tr>\n<tr>\n<th>Ba\u015fvuru<\/th>\n<td>\u00c7e\u015fitli (tar\u0131msal) uygulamalar<\/td>\n<\/tr>\n<tr>\n<th>\u015eunlardan olu\u015fur:<\/th>\n<td>Vites kutusu<\/td>\n<\/tr>\n<tr>\n<th>Ya\u011fs\u0131z<\/th>\n<td>Teknik Bilgiler<\/td>\n<\/tr>\n<tr>\n<th><\/th>\n<td>Farkl\u0131 h\u0131zlardaki performansla ilgili herhangi bir sorunuz varsa l\u00fctfen bizimle ileti\u015fime ge\u00e7mekten \u00e7ekinmeyin.<\/td>\n<\/tr>\n<tr>\n<th><\/th>\n<td>\u0130lk kullan\u0131mda ya\u011f\u0131 50 \u00e7al\u0131\u015fma saatinden sonra de\u011fi\u015ftiriniz.<\/td>\n<\/tr>\n<tr>\n<th>Ya\u011f \u0130\u00e7erir<\/th>\n<td>HAYIR<\/td>\n<\/tr>\n<tr>\n<th>Maksimum Ya\u011f Kapasitesi<\/th>\n<td>1 l<\/td>\n<\/tr>\n<tr>\n<th>Maksimum Ya\u011f De\u011fi\u015fim Aral\u0131\u011f\u0131<\/th>\n<td>500 saat<\/td>\n<\/tr>\n<tr>\n<th>Ya\u011f SAE Viskozite S\u0131n\u0131f\u0131<\/th>\n<td>80W-90<\/td>\n<\/tr>\n<tr>\n<th>Konut Malzemesi<\/th>\n<td>D\u00f6kme Demir GG25<\/td>\n<\/tr>\n<tr>\n<th>A\u011f\u0131rl\u0131k<\/th>\n<td>41 kg<\/td>\n<\/tr>\n<tr>\n<th>Vites D\u00fczenlemesi Art\u0131yor<\/th>\n<td>46 &#8211; 47<\/td>\n<\/tr>\n<tr>\n<th>Di\u015fli D\u00fczenlemesi Azaltma<\/th>\n<td>57 &#8211; 58<\/td>\n<\/tr>\n<tr>\n<th>Giri\u015f G\u00fcc\u00fc kW \/ HP Artan<\/th>\n<td>56,7 \/ 77 kW\/HP<\/td>\n<\/tr>\n<tr>\n<th>Giri\u015f Mili Artt\u0131r\u0131l\u0131yor<\/th>\n<td>X<\/td>\n<\/tr>\n<tr>\n<th>Giri\u015f Mili Azaltma<\/th>\n<td>Y<\/td>\n<\/tr>\n<tr>\n<th>Giri\u015f G\u00fcc\u00fc kW \/ HP Azaltma<\/th>\n<td>15,8 \/ 21,5 kW\/HP<\/td>\n<\/tr>\n<tr>\n<th>\u00c7\u0131k\u0131\u015f Torku DaNm Art\u0131yor<\/th>\n<td>24,2 daNm<\/td>\n<\/tr>\n<tr>\n<th>Oran Art\u0131yor<\/th>\n<td>1 : 4<\/td>\n<\/tr>\n<tr>\n<th>Oran Azaltma<\/th>\n<td>4 : 1<\/td>\n<\/tr>\n<tr>\n<th>X \u015eaft\u0131<\/th>\n<td>1 3\/8\u2033 (6) (A)<\/td>\n<\/tr>\n<tr>\n<th>Y Mili<\/th>\n<td>35 (C)<\/td>\n<\/tr>\n<\/tbody>\n<\/table>\n<h2 class=\"et_pb_module_header\">Sulama Makaral\u0131 Di\u015fli Kutular\u0131 \u2013 Comer Kod A-4A 1:1 De\u011fi\u015fimi<\/h2>\n<table style=\"width: 100%;\" border=\"1\" width=\"100%\" cellspacing=\"0\" cellpadding=\"0\">\n<tbody>\n<tr>\n<th>Tan\u0131m<\/th>\n<td>Sulama Makaral\u0131 Di\u015fli Kutular\u0131 \u2013 Comer Kod A-4A 1:1 De\u011fi\u015fimi<\/td>\n<\/tr>\n<tr>\n<th>Ba\u015fvuru<\/th>\n<td>\u00c7e\u015fitli (tar\u0131msal) uygulamalar<\/td>\n<\/tr>\n<tr>\n<th>\u015eunlardan olu\u015fur:<\/th>\n<td>Vites kutusu<\/td>\n<\/tr>\n<tr>\n<th>Ya\u011fs\u0131z<\/th>\n<td>Sulama Makaralar\u0131 Di\u015fli Kutular\u0131<\/td>\n<\/tr>\n<tr>\n<th>Teknik Bilgiler<\/th>\n<td>Farkl\u0131 h\u0131zlardaki performansla ilgili herhangi bir sorunuz varsa l\u00fctfen bizimle ileti\u015fime ge\u00e7mekten \u00e7ekinmeyin.<\/td>\n<\/tr>\n<tr>\n<th><\/th>\n<td>\u0130lk kullan\u0131mda ya\u011f\u0131 50 \u00e7al\u0131\u015fma saatinden sonra de\u011fi\u015ftiriniz.<\/td>\n<\/tr>\n<tr>\n<th>Maksimum Giri\u015f G\u00fcc\u00fc<\/th>\n<td>62,6 kW<\/td>\n<\/tr>\n<tr>\n<th>Maksimum \u00c7\u0131k\u0131\u015f Torku<\/th>\n<td>1071 Nm<\/td>\n<\/tr>\n<tr>\n<th>Ya\u011f \u0130\u00e7erir<\/th>\n<td>HAYIR<\/td>\n<\/tr>\n<tr>\n<th>Maksimum Ya\u011f Kapasitesi<\/th>\n<td>1 l<\/td>\n<\/tr>\n<tr>\n<th>Maksimum Ya\u011f De\u011fi\u015fim Aral\u0131\u011f\u0131<\/th>\n<td>500 saat<\/td>\n<\/tr>\n<tr>\n<th>Ya\u011f SAE Viskozite S\u0131n\u0131f\u0131<\/th>\n<td>80W-90<\/td>\n<\/tr>\n<tr>\n<th>Konut Malzemesi<\/th>\n<td>D\u00f6kme Demir GG25<\/td>\n<\/tr>\n<tr>\n<th>A\u011f\u0131rl\u0131k<\/th>\n<td>41 kg<\/td>\n<\/tr>\n<tr>\n<th>Vites D\u00fczenlemesi<\/th>\n<td>51 &#8211; 52<\/td>\n<\/tr>\n<tr>\n<th>Oran<\/th>\n<td>1 : 1<\/td>\n<\/tr>\n<tr>\n<th>Giri\u015f Mili<\/th>\n<td>Y<\/td>\n<\/tr>\n<tr>\n<th>X \u015eaft\u0131<\/th>\n<td>1 3\/8\u2033 (6) (A)<\/td>\n<\/tr>\n<tr>\n<th>Y Mili<\/th>\n<td>1 3\/8\u2033 (6) (B)<\/td>\n<\/tr>\n<\/tbody>\n<\/table>\n<h2>Sulama Makaral\u0131 Di\u015fli Kutular\u0131n\u0131n \u00d6zellikleri<\/h2>\n<p>Sulama makaras\u0131 di\u015fli kutular\u0131, modern sulama sistemlerinde temel bile\u015fenlerdir ve trakt\u00f6r\u00fcn PTO'sundan (G\u00fc\u00e7 \u00c7\u0131k\u0131\u015f\u0131) gelen g\u00fcc\u00fc, sulama hortumlar\u0131n\u0131 sarmak veya a\u00e7mak i\u00e7in gereken d\u00f6nme hareketine d\u00f6n\u00fc\u015ft\u00fcrmek \u00fczere tasarlanm\u0131\u015ft\u0131r. Bu di\u015fli kutular\u0131, verimli \u00e7al\u0131\u015fma, dayan\u0131kl\u0131l\u0131k ve sorunsuz g\u00fc\u00e7 aktar\u0131m\u0131 sa\u011flayarak tar\u0131m ve peyzaj uygulamalar\u0131nda g\u00fcvenilir sulamaya olanak tan\u0131r. A\u015fa\u011f\u0131da sulama makaras\u0131 di\u015fli kutular\u0131n\u0131n baz\u0131 \u00f6nemli \u00f6zellikleri yer almaktad\u0131r:<\/p>\n<p><strong>Y\u00fcksek Tork Kapasitesi<\/strong><\/p>\n<p>Sulama makaras\u0131 di\u015fli kutular\u0131, y\u00fcksek torku kald\u0131racak \u015fekilde tasarlanm\u0131\u015ft\u0131r ve a\u011f\u0131r y\u00fckler alt\u0131nda bile verimli \u00e7al\u0131\u015fma sa\u011flar. PTO sisteminden sulama makaras\u0131na gerekli d\u00f6nme g\u00fcc\u00fcn\u00fc iletmek \u00fczere tasarlanm\u0131\u015flard\u0131r, bu da sulama hortumlar\u0131n\u0131n zorlanmadan sorunsuz bir \u015fekilde sar\u0131l\u0131p a\u00e7\u0131lmas\u0131n\u0131 sa\u011flar. Y\u00fcksek tork kapasiteleri, onlar\u0131 b\u00fcy\u00fck \u00f6l\u00e7ekli sulama i\u015flemleri i\u00e7in uygun hale getirir ve \u00f6nemli i\u015f y\u00fcklerini ar\u0131za yapmadan kald\u0131rabilirler.<\/p>\n<p><strong>Dayan\u0131kl\u0131 Yap\u0131<\/strong><\/p>\n<p>D\u0131\u015f mekan ortamlar\u0131n\u0131n zorlu ko\u015fullar\u0131na dayanacak \u015fekilde tasarlanan sulama makaras\u0131 di\u015fli kutular\u0131, sertle\u015ftirilmi\u015f \u00e7elik ve i\u015flenmi\u015f ala\u015f\u0131mlar gibi y\u00fcksek kaliteli, korozyona dayan\u0131kl\u0131 malzemelerden \u00fcretilmi\u015ftir. Bu malzemeler, di\u015fli kutusunun zaman i\u00e7inde dayan\u0131kl\u0131 kalmas\u0131n\u0131, a\u015f\u0131nmaya, paslanmaya ve nem, kir ve tar\u0131m kimyasallar\u0131na maruz kalman\u0131n neden oldu\u011fu hasara kar\u015f\u0131 diren\u00e7 g\u00f6stermesini sa\u011flar. Bu dayan\u0131kl\u0131l\u0131k, di\u015fli kutusunun kullan\u0131m \u00f6mr\u00fcn\u00fc uzatarak bak\u0131m ve de\u011fi\u015ftirme maliyetlerini azalt\u0131r.<\/p>\n<p><strong>Verimli G\u00fc\u00e7 Aktar\u0131m\u0131<\/strong><\/p>\n<p>\u015eanz\u0131man, trakt\u00f6r\u00fcn PTO'sundan sulama makaras\u0131na g\u00fcc\u00fc verimli bir \u015fekilde aktarmak \u00fczere tasarlanm\u0131\u015ft\u0131r. Do\u011fru h\u0131z d\u00fc\u015f\u00fcrme ve tork art\u0131\u015f\u0131 sa\u011flayarak, makaran\u0131n optimum sulama performans\u0131 i\u00e7in do\u011fru h\u0131zda \u00e7al\u0131\u015fmas\u0131n\u0131 sa\u011flar. Bu hassas g\u00fc\u00e7 aktar\u0131m\u0131, enerji kayb\u0131n\u0131 en aza indirir, verimlili\u011fi art\u0131r\u0131r ve sistemin tutarl\u0131 bir h\u0131zda \u00e7al\u0131\u015fmas\u0131n\u0131 sa\u011flayarak e\u015fit ve etkili su da\u011f\u0131t\u0131m\u0131n\u0131 garanti eder.<\/p>\n<p><strong>D\u00fc\u015f\u00fck Bak\u0131m Gereksinimleri<\/strong><\/p>\n<p>Sulama makaralar\u0131n\u0131n di\u015fli kutular\u0131, minimum bak\u0131m gerektirecek \u015fekilde tasarlanm\u0131\u015ft\u0131r. Genellikle s\u00fcrt\u00fcnmeyi ve a\u015f\u0131nmay\u0131 azaltan, b\u00f6ylece zaman i\u00e7inde sorunsuz \u00e7al\u0131\u015fmay\u0131 sa\u011flayan y\u00fcksek kaliteli rulmanlar, contalar ve ya\u011flay\u0131c\u0131lar i\u00e7erirler. Di\u015fli kutusunun iyi \u00e7al\u0131\u015fma ko\u015fullar\u0131nda kalmas\u0131n\u0131 sa\u011flamak i\u00e7in genellikle d\u00fczenli kontroller ve periyodik ya\u011flama yeterlidir. Bu d\u00fc\u015f\u00fck bak\u0131m gerektiren tasar\u0131m, \u00e7al\u0131\u015fma kesintilerini azaltmaya ve toplam sahip olma maliyetini d\u00fc\u015f\u00fcrmeye yard\u0131mc\u0131 olur.<\/p>\n<p><strong>Kolay Kurulum ve Uyumluluk<\/strong><\/p>\n<p>Sulama makaralar\u0131 i\u00e7in tasarlanm\u0131\u015f di\u015fli kutular\u0131, kolay kurulum ve de\u011fi\u015ftirme imkan\u0131 sunar ve bir\u00e7ok modelde, geni\u015f bir sulama makaras\u0131 sistemi yelpazesiyle uyumluluk sa\u011flayan evrensel montaj noktalar\u0131 bulunur. \u0130ster standart ister \u00f6zel bir sulama makaras\u0131 sistemi olsun, di\u015fli kutusunun PTO \u015faft\u0131na ve sulama makaras\u0131na ba\u011flanmas\u0131 genellikle kolayd\u0131r. A\u00e7\u0131k kurulum talimatlar\u0131 ve basit tasar\u0131mlar, kurulumu h\u0131zl\u0131 ve kolay hale getirerek bak\u0131m veya sistem y\u00fckseltmeleri s\u0131ras\u0131nda ar\u0131za s\u00fcresini azalt\u0131r.<\/p>\n<p>Sulama makaral\u0131 di\u015fli kutular\u0131, maksimum verimlilik, dayan\u0131kl\u0131l\u0131k ve bak\u0131m kolayl\u0131\u011f\u0131 i\u00e7in tasarlanm\u0131\u015ft\u0131r. Y\u00fcksek tork kapasitesi, dayan\u0131kl\u0131 yap\u0131s\u0131 ve verimli g\u00fc\u00e7 aktar\u0131m\u0131 ile bu di\u015fli kutular\u0131, sulama sistemlerinin sorunsuz ve g\u00fcvenilir \u00e7al\u0131\u015fmas\u0131nda kritik bir rol oynar. Tar\u0131m alanlar\u0131, peyzaj veya bah\u00e7ecilik uygulamalar\u0131 i\u00e7in olsun, sulama makaral\u0131 di\u015fli kutular\u0131n\u0131n geli\u015fmi\u015f \u00f6zellikleri, sulama s\u00fcre\u00e7lerini optimize etmeye, ar\u0131za s\u00fcrelerini azaltmaya ve genel sistem performans\u0131n\u0131 iyile\u015ftirmeye yard\u0131mc\u0131 olur.<\/p>\n<h3>FMP Hakk\u0131nda<\/h3>\n<p>Merkezi \u0130talya'da bulunan FMP, \u00f6zellikle tar\u0131m makineleri sekt\u00f6r\u00fcne odaklanan y\u00fcksek performansl\u0131 di\u015fli kutular\u0131n\u0131n tasar\u0131m\u0131, geli\u015ftirilmesi ve \u00fcretimindeki uzmanl\u0131\u011f\u0131yla tan\u0131nan lider bir \u00fcreticidir. Hassas m\u00fchendislik, yenilik\u00e7i \u00e7\u00f6z\u00fcmler ve sars\u0131lmaz g\u00fcvenilirlik konusundaki itibar\u0131yla FMP, hem tar\u0131m hem de sanayi sekt\u00f6rlerinin de\u011fi\u015fen ihtiya\u00e7lar\u0131n\u0131 kar\u015f\u0131lamada g\u00fcvenilir bir ortak haline gelmi\u015ftir. Geni\u015f \u00fcr\u00fcn yelpazemiz, \u00e7im bi\u00e7me makineleri i\u00e7in \u00f6zel di\u015fli kutular\u0131, kuyruk mili milleri ve di\u011fer temel bile\u015fenleri i\u00e7erir ve hepsi geni\u015f bir uygulama yelpazesinde \u00f6zelle\u015ftirilmi\u015f \u00e7\u00f6z\u00fcmler sunmak \u00fczere titizlikle tasarlanm\u0131\u015ft\u0131r.<\/p>\n<p>FMP olarak, her m\u00fc\u015fterinin kendine \u00f6zg\u00fc gereksinimleri ve zorluklar\u0131 oldu\u011funun bilincindeyiz. Bu nedenle, ister bireysel bile\u015fenler ister tamamen entegre sistemler i\u00e7in olsun, \u00f6zel \u00e7\u00f6z\u00fcmler sunma konusunda uzmanla\u015f\u0131yoruz. M\u00fc\u015fterilerimizle yak\u0131n i\u015f birli\u011fi i\u00e7inde \u00e7al\u0131\u015farak her \u00e7\u00f6z\u00fcm\u00fcn yaln\u0131zca etkili de\u011fil, ayn\u0131 zamanda verimli olmas\u0131n\u0131, hem performans\u0131 hem de de\u011feri optimize etmesini sa\u011fl\u0131yoruz. H\u0131zl\u0131 ve profesyonel yan\u0131tlar sunma taahh\u00fcd\u00fcm\u00fcz ve uzman rehberli\u011fimiz, her sorunun en \u00fcst d\u00fczeyde \u00f6zen ve hassasiyetle ele al\u0131nmas\u0131n\u0131 ve m\u00fcmk\u00fcn olan en iyi sonu\u00e7lara ula\u015f\u0131lmas\u0131n\u0131 sa\u011flar.<\/p>\n<p>\u00dcr\u00fcn geli\u015ftirme s\u00fcrecinin tamam\u0131nda a\u00e7\u0131k ve s\u00fcrekli ileti\u015fime \u00f6ncelik veriyoruz. \u00d6zverili ekibimiz, m\u00fc\u015fterilerimizle do\u011frudan \u00e7al\u0131\u015farak \u00f6zel ihtiya\u00e7lar\u0131n\u0131 tam olarak anl\u0131yor ve en uygun \u00e7\u00f6z\u00fcmleri sa\u011flamak i\u00e7in de\u011ferli i\u00e7g\u00f6r\u00fcler ve \u00f6neriler sunuyor. \u0130ster yenilik\u00e7i \u00fcr\u00fcnler tasarl\u0131yor ister devam eden sipari\u015fleri kar\u015f\u0131l\u0131yor olun, FMP her seferinde zaman\u0131nda, y\u00fcksek kaliteli ve hassas m\u00fchendislik \u00e7\u00f6z\u00fcmleri sunmaya kendini adam\u0131\u015ft\u0131r. Amac\u0131m\u0131z, m\u00fc\u015fterilerimize en iyi hizmeti ve sonu\u00e7lar\u0131 sunarak her projede beklentileri a\u015fmakt\u0131r.<\/p>\n<p>Kalite, FMP'nin faaliyetlerinin temel ta\u015f\u0131d\u0131r. En y\u00fcksek \u00fcretim standartlar\u0131na ba\u011fl\u0131 kalarak, her \u00fcr\u00fcn\u00fcn sekt\u00f6r standartlar\u0131n\u0131 kar\u015f\u0131lamas\u0131n\u0131 ve hatta a\u015fmas\u0131n\u0131 sa\u011flamak i\u00e7in s\u0131k\u0131 kalite kontrol \u00f6nlemleri uyguluyoruz. Kaliteye olan bu sars\u0131lmaz ba\u011fl\u0131l\u0131\u011f\u0131m\u0131z, d\u00fcr\u00fcstl\u00fck, ekip \u00e7al\u0131\u015fmas\u0131 ve azim gibi temel de\u011ferlerimizle birle\u015ferek, d\u00fcnya \u00e7ap\u0131nda yakla\u015f\u0131k 30 \u00fclkedeki m\u00fc\u015fterilerimizle uzun s\u00fcreli, g\u00fcvene dayal\u0131 ili\u015fkiler kurmam\u0131z\u0131 sa\u011flam\u0131\u015ft\u0131r.<\/p>\n<p>FMP, k\u00fcresel ortakl\u0131klara her zaman a\u00e7\u0131k olup, m\u00fc\u015fterilerimizin \u00e7e\u015fitli ihtiya\u00e7lar\u0131n\u0131 kar\u015f\u0131layan uzman tavsiyeleri ve \u00f6zelle\u015ftirilmi\u015f \u00e7\u00f6z\u00fcmler sunmaya kendini adam\u0131\u015ft\u0131r. Sadece \u00fcr\u00fcn tedarik etmenin \u00f6tesine ge\u00e7erek, her projenin ba\u015far\u0131s\u0131na katk\u0131da bulunan kal\u0131c\u0131 ili\u015fkiler kurmay\u0131 hedefliyoruz. \u0130ster yeni bir giri\u015fim i\u00e7in yenilik\u00e7i \u00e7\u00f6z\u00fcmlere, ister mevcut bir sistem i\u00e7in s\u00fcrekli deste\u011fe ihtiyac\u0131n\u0131z olsun, FMP teknik zorluklar\u0131n\u0131z\u0131n \u00fcstesinden gelmek ve ba\u015far\u0131n\u0131z\u0131n devam\u0131n\u0131 sa\u011flamak i\u00e7in burada.<\/p>\n<p><img loading=\"lazy\" decoding=\"async\" class=\"alignnone size-full wp-image-1861\" src=\"https:\/\/fmp-components.com\/wp-content\/uploads\/2024\/12\/Other-Agricultural-Gearboxes.webp\" sizes=\"(min-width: 0px) and (max-width: 480px) 480px, (min-width: 481px) and (max-width: 980px) 980px, (min-width: 981px) 1200px, 100vw\" srcset=\"https:\/\/fmp-components.com\/wp-content\/uploads\/2024\/12\/Other-Agricultural-Gearboxes.webp 1200w, https:\/\/fmp-components.com\/wp-content\/uploads\/2024\/12\/Other-Agricultural-Gearboxes-980x1143.webp 980w, https:\/\/fmp-components.com\/wp-content\/uploads\/2024\/12\/Other-Agricultural-Gearboxes-480x560.webp 480w\" alt=\"Altri-cambi-agricoli\" width=\"1200\" height=\"1400\" title=\"\"><\/p>\n<p>Yazar: CX<\/p>","protected":false},"excerpt":{"rendered":"<p>Irrigation Reels Gearboxes \u2013 Replacement of Comer Code A-4A The Irrigation Reels Gearbox \u2013 Replacement of Comer Code A-4A is a high-performance, durable gearbox designed to replace the Comer Code A-4A gearbox in irrigation reel systems. This replacement gearbox provides reliable power transmission and enhanced efficiency for various agricultural irrigation applications, ensuring consistent operation of [&hellip;]<\/p>","protected":false},"featured_media":2300,"comment_status":"open","ping_status":"closed","template":"","meta":{"_et_pb_use_builder":"","_et_pb_old_content":"","_et_gb_content_width":""},"product_brand":[],"product_cat":[57],"product_tag":[],"class_list":{"0":"post-2297","1":"product","2":"type-product","3":"status-publish","4":"has-post-thumbnail","6":"product_cat-irrigation-gearbox","8":"first","9":"instock","10":"shipping-taxable","11":"product-type-simple"},"_links":{"self":[{"href":"https:\/\/fmp-components.com\/tr\/wp-json\/wp\/v2\/product\/2297","targetHints":{"allow":["GET"]}}],"collection":[{"href":"https:\/\/fmp-components.com\/tr\/wp-json\/wp\/v2\/product"}],"about":[{"href":"https:\/\/fmp-components.com\/tr\/wp-json\/wp\/v2\/types\/product"}],"replies":[{"embeddable":true,"href":"https:\/\/fmp-components.com\/tr\/wp-json\/wp\/v2\/comments?post=2297"}],"wp:featuredmedia":[{"embeddable":true,"href":"https:\/\/fmp-components.com\/tr\/wp-json\/wp\/v2\/media\/2300"}],"wp:attachment":[{"href":"https:\/\/fmp-components.com\/tr\/wp-json\/wp\/v2\/media?parent=2297"}],"wp:term":[{"taxonomy":"product_brand","embeddable":true,"href":"https:\/\/fmp-components.com\/tr\/wp-json\/wp\/v2\/product_brand?post=2297"},{"taxonomy":"product_cat","embeddable":true,"href":"https:\/\/fmp-components.com\/tr\/wp-json\/wp\/v2\/product_cat?post=2297"},{"taxonomy":"product_tag","embeddable":true,"href":"https:\/\/fmp-components.com\/tr\/wp-json\/wp\/v2\/product_tag?post=2297"}],"curies":[{"name":"wp","href":"https:\/\/api.w.org\/{rel}","templated":true}]}}