{"id":2158,"date":"2024-12-30T07:35:02","date_gmt":"2024-12-30T07:35:02","guid":{"rendered":"https:\/\/fmp-components.com\/?page_id=8"},"modified":"2024-12-30T08:06:30","modified_gmt":"2024-12-30T08:06:30","slug":"fertilizer-spreader-gearbox-replacement-of-comer-code-l-25j","status":"publish","type":"product","link":"https:\/\/fmp-components.com\/tr\/product\/fertilizer-spreader-gearbox-replacement-of-comer-code-l-25j\/","title":{"rendered":"G\u00fcbre Serpme Makinesi \u015eanz\u0131man Kutusu \u2013 K\u00f6\u015fe Kodu L-25J'nin De\u011fi\u015ftirilmesi"},"content":{"rendered":"<p><img loading=\"lazy\" decoding=\"async\" class=\"alignnone size-full wp-image-2159\" src=\"https:\/\/fmp-components.com\/wp-content\/uploads\/2024\/12\/Agricultural-Gearbox-and-PTO-Drive-Shaft-3.webp\" alt=\"Tar\u0131msal-\u015eanz\u0131man-ve-PTO-Tahrik-Mili-3\" width=\"1200\" height=\"540\" title=\"\" srcset=\"https:\/\/fmp-components.com\/wp-content\/uploads\/2024\/12\/Agricultural-Gearbox-and-PTO-Drive-Shaft-3.webp 1200w, https:\/\/fmp-components.com\/wp-content\/uploads\/2024\/12\/Agricultural-Gearbox-and-PTO-Drive-Shaft-3-980x441.webp 980w, https:\/\/fmp-components.com\/wp-content\/uploads\/2024\/12\/Agricultural-Gearbox-and-PTO-Drive-Shaft-3-480x216.webp 480w\" sizes=\"(min-width: 0px) and (max-width: 480px) 480px, (min-width: 481px) and (max-width: 980px) 980px, (min-width: 981px) 1200px, 100vw\" \/><\/p>\n<h2>L-25J G\u00fcbre Serpme Makinesi \u015eanz\u0131man\u0131n\u0131n \u00d6zellikleri<\/h2>\n<table style=\"width: 103.326%; height: 185px;\" width=\"270\">\n<tbody>\n<tr>\n<td width=\"132\"><img loading=\"lazy\" decoding=\"async\" class=\"alignnone size-full wp-image-2163\" src=\"https:\/\/fmp-components.com\/wp-content\/uploads\/2024\/12\/Fertilizer-Spreader-Gearbox-L-25J-Specifications-1.webp\" alt=\"G\u00fcbre Da\u011f\u0131t\u0131c\u0131 \u015eanz\u0131man L-25J \u00d6zellikleri-1\" width=\"600\" height=\"600\" title=\"\" srcset=\"https:\/\/fmp-components.com\/wp-content\/uploads\/2024\/12\/Fertilizer-Spreader-Gearbox-L-25J-Specifications-1.webp 600w, https:\/\/fmp-components.com\/wp-content\/uploads\/2024\/12\/Fertilizer-Spreader-Gearbox-L-25J-Specifications-1-480x480.webp 480w\" sizes=\"(min-width: 0px) and (max-width: 480px) 480px, (min-width: 481px) 600px, 100vw\" \/><\/td>\n<td width=\"138\"><img loading=\"lazy\" decoding=\"async\" class=\"alignnone size-full wp-image-2164\" src=\"https:\/\/fmp-components.com\/wp-content\/uploads\/2024\/12\/Fertilizer-Spreader-Gearbox-L-25J-Specifications-2.webp\" alt=\"G\u00fcbre Da\u011f\u0131t\u0131c\u0131 \u015eanz\u0131man L-25J \u00d6zellikleri-2\" width=\"600\" height=\"600\" title=\"\" srcset=\"https:\/\/fmp-components.com\/wp-content\/uploads\/2024\/12\/Fertilizer-Spreader-Gearbox-L-25J-Specifications-2.webp 600w, https:\/\/fmp-components.com\/wp-content\/uploads\/2024\/12\/Fertilizer-Spreader-Gearbox-L-25J-Specifications-2-480x480.webp 480w\" sizes=\"(min-width: 0px) and (max-width: 480px) 480px, (min-width: 481px) 600px, 100vw\" \/><\/td>\n<\/tr>\n<\/tbody>\n<\/table>\n<table class=\"kh-1xzm1su\" border=\"1\" cellspacing=\"0\" cellpadding=\"0\" data-intent=\"lists-product-attributes\" data-test-id=\"attributes-list\">\n<tbody class=\"kh-1ago99h\">\n<tr id=\"attLongDescription\" class=\"kh-bwvum6\">\n<th class=\"kh-10oizfy\">Tan\u0131m<\/th>\n<td class=\"kh-1f5nhat\">\n<div class=\"kh-pkx4zo\">G\u00fcbre Serpme Makinesi \u015eanz\u0131man Kutusu \u2013 K\u00f6\u015fe \u015eanz\u0131man Kutusu L-25J'nin De\u011fi\u015ftirilmesi<\/div>\n<\/td>\n<\/tr>\n<tr id=\"attApplicationRange\" class=\"kh-bwvum6\">\n<th class=\"kh-10oizfy\">Ba\u015fvuru<\/th>\n<td class=\"kh-1f5nhat\">\n<ul>\n<li class=\"kh-16zd49f\">\u00c7e\u015fitli (tar\u0131msal) uygulamalar<\/li>\n<li class=\"kh-16zd49f\">Bi\u00e7me makineleri<\/li>\n<li class=\"kh-16zd49f\">Kimyasal g\u00fcbre serpme makineleri<\/li>\n<li class=\"kh-16zd49f\">\u015eerit testereler<\/li>\n<\/ul>\n<\/td>\n<\/tr>\n<tr id=\"attConsistsOf\" class=\"kh-bwvum6\">\n<th class=\"kh-10oizfy\">\u015eunlardan olu\u015fur:<\/th>\n<td class=\"kh-1f5nhat\">\n<ul>\n<li class=\"kh-16zd49f\">Vites kutusu<\/li>\n<li class=\"kh-16zd49f\">Ya\u011fs\u0131z<\/li>\n<\/ul>\n<\/td>\n<\/tr>\n<tr id=\"attTechnicalInformation\" class=\"kh-bwvum6\">\n<th class=\"kh-10oizfy\">Teknik bilgiler<\/th>\n<td class=\"kh-1f5nhat\">\n<ul>\n<li class=\"kh-16zd49f\">Farkl\u0131 h\u0131zlardaki performansla ilgili herhangi bir sorunuz varsa l\u00fctfen bizimle ileti\u015fime ge\u00e7mekten \u00e7ekinmeyin.<\/li>\n<li class=\"kh-16zd49f\">\u0130lk kullan\u0131mda 50 \u00e7al\u0131\u015fma saati sonunda ya\u011f\u0131n\u0131 de\u011fi\u015ftiriniz.<\/li>\n<\/ul>\n<\/td>\n<\/tr>\n<tr id=\"taMaxOutputTorqueDaNm\" class=\"kh-bwvum6\">\n<th class=\"kh-10oizfy\">Maksimum \u00e7\u0131k\u0131\u015f torku<\/th>\n<td class=\"kh-1f5nhat\">\n<div class=\"kh-pkx4zo\">22,7 daNm<\/div>\n<\/td>\n<\/tr>\n<tr id=\"taContainsOil\" class=\"kh-bwvum6\">\n<th class=\"kh-10oizfy\">Ya\u011f i\u00e7erir<\/th>\n<td class=\"kh-1f5nhat\">\n<div class=\"kh-pkx4zo\">HAYIR<\/div>\n<\/td>\n<\/tr>\n<tr id=\"taMaxOilCapacityL\" class=\"kh-bwvum6\">\n<th class=\"kh-10oizfy\">Maksimum ya\u011f kapasitesi<\/th>\n<td class=\"kh-1f5nhat\">\n<div class=\"kh-pkx4zo\">0,35 litre<\/div>\n<\/td>\n<\/tr>\n<tr id=\"taMaxOilChangeIntervalH\" class=\"kh-bwvum6\">\n<th class=\"kh-10oizfy\">Maksimum ya\u011f de\u011fi\u015fim aral\u0131\u011f\u0131<\/th>\n<td class=\"kh-1f5nhat\">\n<div class=\"kh-pkx4zo\">500 saat<\/div>\n<\/td>\n<\/tr>\n<tr id=\"taOilSAEViscosityGrade\" class=\"kh-bwvum6\">\n<th class=\"kh-10oizfy\">Ya\u011f SAE viskozite derecesi<\/th>\n<td class=\"kh-1f5nhat\">\n<div class=\"kh-pkx4zo\">80W-90<\/div>\n<\/td>\n<\/tr>\n<tr id=\"taHousingMaterial_16\" class=\"kh-bwvum6\">\n<th class=\"kh-10oizfy\">Konut malzemesi<\/th>\n<td class=\"kh-1f5nhat\">\n<div class=\"kh-pkx4zo\">Al\u00fcminyum<\/div>\n<\/td>\n<\/tr>\n<tr id=\"taWeightKg_75\" class=\"kh-bwvum6\">\n<th class=\"kh-10oizfy\">A\u011f\u0131rl\u0131k<\/th>\n<td class=\"kh-1f5nhat\">\n<div class=\"kh-pkx4zo\">4,1 kg<\/div>\n<\/td>\n<\/tr>\n<tr id=\"taGearArrangementRed\" class=\"kh-bwvum6\">\n<th class=\"kh-10oizfy\">Di\u015fli d\u00fczenlemesi Azaltma<\/th>\n<td class=\"kh-1f5nhat\">\n<div class=\"kh-pkx4zo\">3 &#8211; 4<\/div>\n<\/td>\n<\/tr>\n<tr id=\"taInputPowerKwHpInc\" class=\"kh-bwvum6\">\n<th class=\"kh-10oizfy\">Giri\u015f g\u00fcc\u00fc kW \/ HP Artan<\/th>\n<td class=\"kh-1f5nhat\">\n<div class=\"kh-pkx4zo\">11 \/ 15 kW\/BG<\/div>\n<\/td>\n<\/tr>\n<tr id=\"taInputShaftIncreasi\" class=\"kh-bwvum6\">\n<th class=\"kh-10oizfy\">Giri\u015f mili Art\u0131yor<\/th>\n<td class=\"kh-1f5nhat\">\n<div class=\"kh-pkx4zo\">X<\/div>\n<\/td>\n<\/tr>\n<tr id=\"taInputShaftReducing\" class=\"kh-bwvum6\">\n<th class=\"kh-10oizfy\">Giri\u015f mili red\u00fcksiyonu<\/th>\n<td class=\"kh-1f5nhat\">\n<div class=\"kh-pkx4zo\">Z<\/div>\n<\/td>\n<\/tr>\n<tr id=\"taNSInputpowerKW-HPR\" class=\"kh-bwvum6\">\n<th class=\"kh-10oizfy\">Giri\u015f g\u00fcc\u00fc KW \/ HP Azaltma<\/th>\n<td class=\"kh-1f5nhat\">\n<div class=\"kh-pkx4zo\">7 \/ 9,5 kW\/BG<\/div>\n<\/td>\n<\/tr>\n<tr id=\"taNSOutputTorqueDaNm_1\" class=\"kh-bwvum6\">\n<th class=\"kh-10oizfy\">\u00c7\u0131k\u0131\u015f Torku DaNm Art\u0131yor<\/th>\n<td class=\"kh-1f5nhat\">\n<div class=\"kh-pkx4zo\">9,9 daNm<\/div>\n<\/td>\n<\/tr>\n<tr id=\"taRatioIncreasing\" class=\"kh-bwvum6\">\n<th class=\"kh-10oizfy\">Oran Art\u0131yor<\/th>\n<td class=\"kh-1f5nhat\">\n<div class=\"kh-pkx4zo\">1: 1,9<\/div>\n<\/td>\n<\/tr>\n<tr id=\"taRatioReducing\" class=\"kh-bwvum6\">\n<th class=\"kh-10oizfy\">Oran Azaltma<\/th>\n<td class=\"kh-1f5nhat\">\n<div class=\"kh-pkx4zo\">1.9: 1<\/div>\n<\/td>\n<\/tr>\n<tr id=\"taShaftX\" class=\"kh-bwvum6\">\n<th class=\"kh-10oizfy\">\u015eaft X<\/th>\n<td class=\"kh-1f5nhat\">\n<div class=\"kh-pkx4zo\">1 3\/8\u2033 (6) (A)<\/div>\n<\/td>\n<\/tr>\n<tr id=\"taShaftZ\" class=\"kh-bwvum6\">\n<th class=\"kh-10oizfy\">\u015eaft Z<\/th>\n<td class=\"kh-1f5nhat\">\n<div class=\"kh-pkx4zo\">22 (D)<\/div>\n<\/td>\n<\/tr>\n<\/tbody>\n<\/table>\n<h2>L-25J G\u00fcbre Serpme Makinesi \u015eanz\u0131man\u0131n\u0131n \u00d6zellikleri<\/h2>\n<ol>\n<li><strong>Y\u00fcksek Performans ve Verimlilik<\/strong>L-25J g\u00fcbre serpme makinesi \u015fanz\u0131man\u0131, \u00e7ok \u00e7e\u015fitli serpme uygulamalar\u0131nda optimum performans sunmak \u00fczere tasarlanm\u0131\u015ft\u0131r. Trakt\u00f6r\u00fcn PTO sisteminden gelen g\u00fcc\u00fc g\u00fcbre serpme makinesine verimli bir \u015fekilde aktararak sorunsuz ve tutarl\u0131 bir \u00e7al\u0131\u015fma sa\u011flar. Y\u00fcksek verimlili\u011fi, kaynaklar\u0131n etkili bir \u015fekilde kullan\u0131lmas\u0131n\u0131 sa\u011flayarak yak\u0131t t\u00fcketimini azalt\u0131rken verimlili\u011fi art\u0131r\u0131r.<\/li>\n<li><strong>Dayan\u0131kl\u0131 Yap\u0131<\/strong>Sa\u011flam malzemelerden \u00fcretilen L-25J \u015fanz\u0131man, tar\u0131m ortamlar\u0131nda s\u0131kl\u0131kla kar\u015f\u0131la\u015f\u0131lan zorlu ko\u015fullara dayanacak \u015fekilde tasarlanm\u0131\u015ft\u0131r. Y\u00fcksek mukavemetli g\u00f6vdesi ve i\u00e7 bile\u015fenleri a\u015f\u0131nma ve korozyona kar\u015f\u0131 dayan\u0131kl\u0131d\u0131r, uzun \u00f6m\u00fcrl\u00fc dayan\u0131kl\u0131l\u0131k sa\u011flar ve bak\u0131m veya de\u011fi\u015ftirme s\u0131kl\u0131\u011f\u0131n\u0131 azalt\u0131r.<\/li>\n<li><strong>Kompakt ve Yerden Tasarruf Sa\u011flayan Tasar\u0131m<\/strong>L-25J \u015fanz\u0131man, kompakt yap\u0131s\u0131yla g\u00fcbre serpme sistemlerine kolayca entegre edilebilir. Yerden tasarruf sa\u011flayan tasar\u0131m\u0131, gereksiz karma\u015f\u0131kl\u0131klara yol a\u00e7madan kurulumunu m\u00fcmk\u00fcn k\u0131lar ve \u00e7e\u015fitli tar\u0131m ekipmanlar\u0131na hem kullan\u0131m kolayl\u0131\u011f\u0131 hem de kurulum kolayl\u0131\u011f\u0131 sunar.<\/li>\n<li><strong>P\u00fcr\u00fczs\u00fcz G\u00fc\u00e7 Aktar\u0131m\u0131<\/strong>: Bu \u015fanz\u0131man, g\u00fcbrelerin e\u015fit \u015fekilde da\u011f\u0131lmas\u0131n\u0131 sa\u011flayan ve geni\u015f tar\u0131m alanlar\u0131nda e\u015fit da\u011f\u0131l\u0131m elde edilmesine yard\u0131mc\u0131 olan p\u00fcr\u00fczs\u00fcz bir g\u00fc\u00e7 aktar\u0131m mekanizmas\u0131na sahiptir. Titre\u015fimleri en aza indiren tasar\u0131m\u0131, dengesiz g\u00fcbrelemeyi \u00f6nleyerek dengeli ve kontroll\u00fc bir \u00e7al\u0131\u015fma sa\u011flar.<\/li>\n<li><strong>\u00c7ok Y\u00f6nl\u00fc Uygulama<\/strong>L-25J \u015fanz\u0131man son derece \u00e7ok y\u00f6nl\u00fcd\u00fcr ve gran\u00fcl veya pelet g\u00fcbreler de dahil olmak \u00fczere \u00e7e\u015fitli g\u00fcbre serpme makinelerinde kullan\u0131l\u0131r. Farkl\u0131 serpme geni\u015fliklerini ve ayarlanabilir ak\u0131\u015f h\u0131zlar\u0131n\u0131 kar\u015f\u0131layabildi\u011finden, k\u00fc\u00e7\u00fck \u00f6l\u00e7ekliden b\u00fcy\u00fck \u00f6l\u00e7ekli tar\u0131m i\u015fletmelerine kadar \u00e7ok \u00e7e\u015fitli tar\u0131m uygulamalar\u0131 i\u00e7in uygundur.<\/li>\n<\/ol>\n<p>L-25J g\u00fcbre serpme makinesi \u015fanz\u0131man\u0131, dayan\u0131kl\u0131l\u0131\u011f\u0131, sorunsuz performans\u0131 ve \u00e7ok y\u00f6nl\u00fcl\u00fc\u011f\u00fc ile g\u00fcbre serpme g\u00f6revleri i\u00e7in g\u00fcvenilir ve verimli bir \u00e7\u00f6z\u00fcm sunar ve bu da onu tar\u0131msal operasyonlar\u0131n optimizasyonu i\u00e7in vazge\u00e7ilmez bir bile\u015fen haline getirir.<\/p>\n<p><img loading=\"lazy\" decoding=\"async\" class=\"alignnone size-full wp-image-2172\" src=\"https:\/\/fmp-components.com\/wp-content\/uploads\/2024\/12\/Characteristic-of-Fertilizer-Spreader-Gearbox-L-25J.webp\" alt=\"G\u00fcbre Da\u011f\u0131t\u0131c\u0131 \u015eanz\u0131man\u0131n\u0131n \u00d6zellikleri-L-25J\" width=\"1200\" height=\"743\" title=\"\" srcset=\"https:\/\/fmp-components.com\/wp-content\/uploads\/2024\/12\/Characteristic-of-Fertilizer-Spreader-Gearbox-L-25J.webp 1200w, https:\/\/fmp-components.com\/wp-content\/uploads\/2024\/12\/Characteristic-of-Fertilizer-Spreader-Gearbox-L-25J-980x607.webp 980w, https:\/\/fmp-components.com\/wp-content\/uploads\/2024\/12\/Characteristic-of-Fertilizer-Spreader-Gearbox-L-25J-480x297.webp 480w\" sizes=\"(min-width: 0px) and (max-width: 480px) 480px, (min-width: 481px) and (max-width: 980px) 980px, (min-width: 981px) 1200px, 100vw\" \/><\/p>\n<h3>Tar\u0131msal G\u00fcbre Serpme Makinesi \u015eanz\u0131manlar\u0131 i\u00e7in PTO \u015eaftlar\u0131<\/h3>\n<ol>\n<li><strong>G\u00fcvenilir G\u00fc\u00e7 Aktar\u0131m\u0131<\/strong><br \/>\nTar\u0131msal g\u00fcbre serpme makinesi \u015fanz\u0131manlar\u0131ndaki PTO \u015faftlar\u0131, g\u00fcc\u00fcn trakt\u00f6rden \u015fanz\u0131mana verimli bir \u015fekilde aktar\u0131lmas\u0131 i\u00e7in olmazsa olmazd\u0131r. Bu \u015faftlar, tutarl\u0131 ve g\u00fcvenilir g\u00fc\u00e7 iletimi sa\u011flayarak g\u00fcbre serpme makinesinin sorunsuz \u00e7al\u0131\u015fmas\u0131n\u0131 sa\u011flayacak \u015fekilde tasarlanm\u0131\u015ft\u0131r. \u0130yi tasarlanm\u0131\u015f bir PTO \u015faft\u0131 ile \u015fanz\u0131man, g\u00fcbrenin do\u011fru uygulama oran\u0131n\u0131 koruyarak serpme mekanizmas\u0131n\u0131 etkili bir \u015fekilde \u00e7al\u0131\u015ft\u0131rabilir.<\/li>\n<li><strong>A\u011f\u0131r Hizmet Tipi \u0130n\u015faat<\/strong><br \/>\nTar\u0131msal PTO \u015faftlar\u0131, \u00e7ift\u00e7ilik faaliyetlerinin zorlu ko\u015fullar\u0131na dayanacak \u015fekilde \u00fcretilmi\u015ftir. Y\u00fcksek mukavemetli malzemelerden \u00fcretilen bu \u015faftlar, s\u00fcrekli kullan\u0131m s\u0131ras\u0131nda a\u011f\u0131r y\u00fcklere, darbelere ve strese dayanacak \u015fekilde tasarlanm\u0131\u015ft\u0131r. Kuru, \u0131slak veya \u00e7amurlu ortamlarda, bu PTO \u015faftlar\u0131 a\u015f\u0131nma ve korozyona kar\u015f\u0131 dayan\u0131kl\u0131 olacak \u015fekilde \u00fcretilmi\u015ftir ve zorlu tar\u0131m ko\u015fullar\u0131nda bile uzun s\u00fcreli dayan\u0131kl\u0131l\u0131k ve g\u00fcvenilir performans sa\u011flar.<\/li>\n<li><strong>Kolay Ba\u011flant\u0131 ve Ba\u011flant\u0131 Kesme<\/strong><br \/>\nG\u00fcbre serpme makineleri i\u00e7in PTO \u015faftlar\u0131n\u0131n \u00f6ne \u00e7\u0131kan \u00f6zelliklerinden biri, kolay ba\u011flan\u0131p s\u00f6k\u00fclebilmeleridir. Hem trakt\u00f6re hem de \u015fanz\u0131mana h\u0131zl\u0131 bir \u015fekilde tak\u0131labilecek \u015fekilde tasarlanan bu \u015faftlar, \u00e7ift\u00e7ilere operasyonlar s\u0131ras\u0131nda kolayl\u0131k sa\u011flar. Bu h\u0131zl\u0131 ba\u011flant\u0131 \u00f6zelli\u011fi, duru\u015f s\u00fcresini en aza indirir ve operat\u00f6rlerin ihtiya\u00e7 duyduklar\u0131nda farkl\u0131 ekipmanlar aras\u0131nda h\u0131zla ge\u00e7i\u015f yapmalar\u0131n\u0131 sa\u011flayarak operasyonel verimlili\u011fi art\u0131r\u0131r.<\/li>\n<li><strong>G\u00fcvenlik \u00d6zellikleri<\/strong><br \/>\nTar\u0131m makinelerinde g\u00fcvenlik kritik bir konudur ve g\u00fcbre serpme makinelerinin PTO \u015faftlar\u0131 yerle\u015fik g\u00fcvenlik \u00f6zellikleriyle donat\u0131lm\u0131\u015ft\u0131r. Bunlar aras\u0131nda genellikle kazara ba\u011flant\u0131 kopmas\u0131n\u0131 \u00f6nleyen ve yaralanma riskini azaltan koruyucu kalkanlar ve emniyet kaplinleri bulunur. Kalkanlar d\u00f6nen par\u00e7alar\u0131 korurken, emniyet kaplinleri ar\u0131za durumunda \u015faft\u0131n ayr\u0131lmas\u0131n\u0131 sa\u011flayarak kullan\u0131m s\u0131ras\u0131nda operat\u00f6re ek g\u00fcvenlik sa\u011flar.<\/li>\n<li><strong>\u00c7ok Y\u00f6nl\u00fcl\u00fck \u0130\u00e7in Ayarlanabilir Uzunluk<\/strong><br \/>\nPTO \u015faftlar\u0131, \u00e7e\u015fitli tar\u0131m makinesi kurulumlar\u0131na uyacak \u015fekilde ayarlanabilir uzunluklarda mevcuttur. Bu esneklik, \u015faft\u0131n boyut veya konfig\u00fcrasyondan ba\u011f\u0131ms\u0131z olarak \u00e7ok \u00e7e\u015fitli g\u00fcbre serpme makineleri ve trakt\u00f6rlerle kullan\u0131labilmesini sa\u011flar. \u015eaft uzunlu\u011funun ayarlanabilme \u00f6zelli\u011fi, optimum hizalama ve verimli g\u00fc\u00e7 aktar\u0131m\u0131 sa\u011flayarak bu PTO \u015faftlar\u0131n\u0131 farkl\u0131 tar\u0131msal operasyon t\u00fcrleri i\u00e7in \u00e7ok y\u00f6nl\u00fc bir \u00e7\u00f6z\u00fcm haline getirir.<\/li>\n<\/ol>\n<table style=\"width: 103.326%; height: 185px;\" width=\"270\">\n<tbody>\n<tr>\n<td style=\"width: 49.6862%;\" width=\"132\"><img loading=\"lazy\" decoding=\"async\" class=\"alignnone size-full wp-image-2170\" src=\"https:\/\/fmp-components.com\/wp-content\/uploads\/2024\/12\/PTO-Shafts-for-Agricultural-Fertilizer-Spreader-Gearbox-2.webp\" alt=\"Tar\u0131msal G\u00fcbre Da\u011f\u0131t\u0131c\u0131 \u015eanz\u0131man i\u00e7in PTO \u015eaftlar\u0131-2\" width=\"1200\" height=\"800\" title=\"\" srcset=\"https:\/\/fmp-components.com\/wp-content\/uploads\/2024\/12\/PTO-Shafts-for-Agricultural-Fertilizer-Spreader-Gearbox-2.webp 1200w, https:\/\/fmp-components.com\/wp-content\/uploads\/2024\/12\/PTO-Shafts-for-Agricultural-Fertilizer-Spreader-Gearbox-2-980x653.webp 980w, https:\/\/fmp-components.com\/wp-content\/uploads\/2024\/12\/PTO-Shafts-for-Agricultural-Fertilizer-Spreader-Gearbox-2-480x320.webp 480w\" sizes=\"(min-width: 0px) and (max-width: 480px) 480px, (min-width: 481px) and (max-width: 980px) 980px, (min-width: 981px) 1200px, 100vw\" \/><\/td>\n<td style=\"width: 49.6862%;\" width=\"138\"><img loading=\"lazy\" decoding=\"async\" class=\"alignnone size-full wp-image-2171\" src=\"https:\/\/fmp-components.com\/wp-content\/uploads\/2024\/12\/PTO-Shafts-for-Agricultural-Fertilizer-Spreader-Gearbox-1.webp\" alt=\"Tar\u0131msal G\u00fcbre Da\u011f\u0131t\u0131c\u0131 \u015eanz\u0131manlar\u0131 i\u00e7in PTO \u015eaftlar\u0131-1\" width=\"1200\" height=\"800\" title=\"\" srcset=\"https:\/\/fmp-components.com\/wp-content\/uploads\/2024\/12\/PTO-Shafts-for-Agricultural-Fertilizer-Spreader-Gearbox-1.webp 1200w, https:\/\/fmp-components.com\/wp-content\/uploads\/2024\/12\/PTO-Shafts-for-Agricultural-Fertilizer-Spreader-Gearbox-1-980x653.webp 980w, https:\/\/fmp-components.com\/wp-content\/uploads\/2024\/12\/PTO-Shafts-for-Agricultural-Fertilizer-Spreader-Gearbox-1-480x320.webp 480w\" sizes=\"(min-width: 0px) and (max-width: 480px) 480px, (min-width: 481px) and (max-width: 980px) 980px, (min-width: 981px) 1200px, 100vw\" \/><\/td>\n<\/tr>\n<\/tbody>\n<\/table>\n<h3>FMP Hakk\u0131nda<\/h3>\n<p>Merkezi \u0130talya'da bulunan FMP, y\u00fcksek performansl\u0131 di\u015fli kutular\u0131n\u0131n tasar\u0131m\u0131, geli\u015ftirilmesi ve \u00fcretimindeki uzmanl\u0131\u011f\u0131yla tan\u0131nan, di\u015fli kutusu \u00fcretim sekt\u00f6r\u00fcn\u00fcn \u00f6n saflar\u0131nda yer almaktad\u0131r. Tar\u0131m makineleri konusunda uzmanla\u015fm\u0131\u015f olan FMP, sekt\u00f6rde g\u00fcvenilir bir marka olarak kendini kan\u0131tlam\u0131\u015ft\u0131r. Hassas m\u00fchendislik, yenilik\u00e7ilik ve sars\u0131lmaz g\u00fcvenilirlik \u00fczerine kurulu itibar\u0131m\u0131zla, hem tar\u0131m hem de end\u00fcstriyel pazarlar\u0131n de\u011fi\u015fen taleplerini kar\u015f\u0131layan birinci s\u0131n\u0131f \u00fcr\u00fcnler sunuyoruz. Geni\u015f \u00fcr\u00fcn portf\u00f6y\u00fcm\u00fcz, \u00e7im bi\u00e7me makineleri, kuyruk mili \u015faftlar\u0131 ve di\u011fer kritik bile\u015fenler i\u00e7in \u00f6zel di\u015fli kutular\u0131n\u0131 i\u00e7erir ve hepsi \u00e7ok \u00e7e\u015fitli uygulamalarda \u00f6zel \u00e7\u00f6z\u00fcmler sunmak \u00fczere tasarlanm\u0131\u015ft\u0131r.<\/p>\n<p>FMP, sadece \u00fcr\u00fcn sunman\u0131n \u00f6tesine ge\u00e7erek, m\u00fc\u015fterilerimizin kar\u015f\u0131la\u015ft\u0131\u011f\u0131 benzersiz zorluklar\u0131 ele alan kapsaml\u0131 ve \u00f6zelle\u015ftirilmi\u015f \u00e7\u00f6z\u00fcmler sunar. \u0130ster bireysel bile\u015fenler ister eksiksiz, tamamen entegre sistemler olsun, performans\u0131 optimize eden ve de\u011fer katan \u00e7\u00f6z\u00fcmler \u00fcretme konusunda uzman\u0131z. M\u00fc\u015fterilerimizle yak\u0131n i\u015f birli\u011fi i\u00e7inde \u00e7al\u0131\u015farak, her \u00e7\u00f6z\u00fcm\u00fcn hem etkili hem de verimli olmas\u0131n\u0131, \u00f6zel ihtiya\u00e7lar\u0131 kar\u015f\u0131layacak ve \u00e7\u0131kt\u0131y\u0131 en \u00fcst d\u00fczeye \u00e7\u0131karacak \u015fekilde \u00f6zenle tasarlanmas\u0131n\u0131 sa\u011fl\u0131yoruz. H\u0131zl\u0131 ve profesyonel yan\u0131tlara olan ba\u011fl\u0131l\u0131\u011f\u0131m\u0131z ve uzman rehberli\u011fimiz, her talebin hassasiyet ve \u00f6zenle ele al\u0131nmas\u0131n\u0131 sa\u011flayarak g\u00fcvenilirlik konusundaki itibar\u0131m\u0131z\u0131 peki\u015ftiriyor.<\/p>\n<p>A\u00e7\u0131k ileti\u015fim, \u00f6zellikle yeni \u00fcr\u00fcn geli\u015ftirme s\u00f6z konusu oldu\u011funda ba\u015far\u0131m\u0131z\u0131n anahtar\u0131d\u0131r. \u00d6zverili ekibimiz, m\u00fc\u015fterilerimizin benzersiz ihtiya\u00e7lar\u0131n\u0131 tam olarak anlamak ve en etkili \u00e7\u00f6z\u00fcmlere ula\u015fmalar\u0131n\u0131 sa\u011flayacak de\u011ferli i\u00e7g\u00f6r\u00fcler sunmak i\u00e7in onlarla el ele \u00e7al\u0131\u015f\u0131r. \u0130ster son teknoloji \u00fcr\u00fcnler tasarl\u0131yor ister devam eden sipari\u015fleri kar\u015f\u0131l\u0131yor olal\u0131m, y\u00fcksek kaliteli, hassas m\u00fchendislikle geli\u015ftirilmi\u015f \u00e7\u00f6z\u00fcmleri verimlilik ve tutarl\u0131l\u0131kla sunmaya kendimizi adad\u0131k. FMP'de her projeye, uzun vadeli memnuniyet ve \u00fcst\u00fcn i\u015flevsellik sa\u011flama hedefiyle yakla\u015f\u0131l\u0131r.<\/p>\n<p>Kalite, yapt\u0131\u011f\u0131m\u0131z her \u015feyin merkezinde yer al\u0131r. En y\u00fcksek \u00fcretim standartlar\u0131na ba\u011fl\u0131 kalarak, her \u00fcr\u00fcn\u00fcn sekt\u00f6r beklentilerini yaln\u0131zca kar\u015f\u0131lamakla kalmay\u0131p, ayn\u0131 zamanda a\u015fmas\u0131n\u0131 sa\u011flamak i\u00e7in titiz kalite kontrol s\u00fcre\u00e7lerini entegre ediyoruz. S\u00fcrekli geli\u015fime olan ba\u011fl\u0131l\u0131\u011f\u0131m\u0131z, d\u00fcr\u00fcstl\u00fck, i\u015f birli\u011fi ve azim gibi temel de\u011ferlerimizle birle\u015ferek, d\u00fcnya \u00e7ap\u0131nda 30'dan fazla \u00fclkedeki m\u00fc\u015fterilerimizle kal\u0131c\u0131 ili\u015fkiler kurmam\u0131z\u0131 sa\u011flam\u0131\u015ft\u0131r. M\u00fckemmelli\u011fe olan bu ba\u011fl\u0131l\u0131\u011f\u0131m\u0131z, FMP'nin g\u00fcvenilir ve y\u00fcksek performansl\u0131 bile\u015fenler arayan i\u015fletmeler i\u00e7in tercih edilen bir ortak olmaya devam etmesini sa\u011flar.<\/p>\n<p>FMP, k\u00fcresel ortakl\u0131klar kurmaya ve geli\u015ftirmeye her zaman a\u00e7\u0131kt\u0131r. Her m\u00fc\u015fterinin farkl\u0131 ihtiya\u00e7lar\u0131 oldu\u011funun bilincindeyiz ve bu ihtiya\u00e7lar\u0131 kar\u015f\u0131lamak i\u00e7in uzman tavsiyeleri ve \u00f6zel \u00e7\u00f6z\u00fcmler sunmaya kendimizi adad\u0131k. Yakla\u015f\u0131m\u0131m\u0131z yaln\u0131zca \u00fcr\u00fcn tedarik etmenin \u00f6tesine ge\u00e7er; her projenin ba\u015far\u0131s\u0131n\u0131 destekleyen uzun vadeli ili\u015fkiler kurmaya \u00e7al\u0131\u015f\u0131r\u0131z. \u0130ster yeni bir giri\u015fim i\u00e7in yenilik\u00e7i \u00e7\u00f6z\u00fcmlere, ister mevcut bir sistem i\u00e7in s\u00fcrekli deste\u011fe ihtiyac\u0131n\u0131z olsun, FMP teknik zorluklar\u0131n\u0131z\u0131 ele almak ve ba\u015far\u0131n\u0131z\u0131n devam\u0131n\u0131 sa\u011flamak i\u00e7in buradad\u0131r. FMP ile bir tedarik\u00e7iden daha fazlas\u0131n\u0131 kazan\u0131rs\u0131n\u0131z; i\u015finizi ileriye ta\u015f\u0131maya kendini adam\u0131\u015f g\u00fcvenilir bir ortak kazan\u0131rs\u0131n\u0131z.<\/p>\n<p><img loading=\"lazy\" decoding=\"async\" class=\"alignnone size-full wp-image-1861\" src=\"https:\/\/fmp-components.com\/wp-content\/uploads\/2024\/12\/Other-Agricultural-Gearboxes.webp\" sizes=\"(min-width: 0px) and (max-width: 480px) 480px, (min-width: 481px) and (max-width: 980px) 980px, (min-width: 981px) 1200px, 100vw\" srcset=\"https:\/\/fmp-components.com\/wp-content\/uploads\/2024\/12\/Other-Agricultural-Gearboxes.webp 1200w, https:\/\/fmp-components.com\/wp-content\/uploads\/2024\/12\/Other-Agricultural-Gearboxes-980x1143.webp 980w, https:\/\/fmp-components.com\/wp-content\/uploads\/2024\/12\/Other-Agricultural-Gearboxes-480x560.webp 480w\" alt=\"Altri-cambi-agricoli\" width=\"1200\" height=\"1400\" title=\"\"><\/p>\n<p>Yazar: CX<\/p>","protected":false},"excerpt":{"rendered":"<p>Specifications of Fertilizer Spreader Gearbox L-25J Description Fertilizer Spreader Gearbox &#8211; Replacement of Comer Gearbox L-25J Application Various (agricultural) applications Mowers Chemical fertilizer spreaders Band saws Consists of Gearbox Without oil Technical information If you have any questions regarding performance at different speeds, please do not hesitate to contact us. When using it for the [&hellip;]<\/p>","protected":false},"featured_media":2160,"comment_status":"open","ping_status":"closed","template":"","meta":{"_et_pb_use_builder":"","_et_pb_old_content":"","_et_gb_content_width":""},"product_brand":[],"product_cat":[53],"product_tag":[],"class_list":{"0":"post-2158","1":"product","2":"type-product","3":"status-publish","4":"has-post-thumbnail","6":"product_cat-rotary-tiller-gearbox","8":"first","9":"instock","10":"shipping-taxable","11":"product-type-simple"},"_links":{"self":[{"href":"https:\/\/fmp-components.com\/tr\/wp-json\/wp\/v2\/product\/2158","targetHints":{"allow":["GET"]}}],"collection":[{"href":"https:\/\/fmp-components.com\/tr\/wp-json\/wp\/v2\/product"}],"about":[{"href":"https:\/\/fmp-components.com\/tr\/wp-json\/wp\/v2\/types\/product"}],"replies":[{"embeddable":true,"href":"https:\/\/fmp-components.com\/tr\/wp-json\/wp\/v2\/comments?post=2158"}],"wp:featuredmedia":[{"embeddable":true,"href":"https:\/\/fmp-components.com\/tr\/wp-json\/wp\/v2\/media\/2160"}],"wp:attachment":[{"href":"https:\/\/fmp-components.com\/tr\/wp-json\/wp\/v2\/media?parent=2158"}],"wp:term":[{"taxonomy":"product_brand","embeddable":true,"href":"https:\/\/fmp-components.com\/tr\/wp-json\/wp\/v2\/product_brand?post=2158"},{"taxonomy":"product_cat","embeddable":true,"href":"https:\/\/fmp-components.com\/tr\/wp-json\/wp\/v2\/product_cat?post=2158"},{"taxonomy":"product_tag","embeddable":true,"href":"https:\/\/fmp-components.com\/tr\/wp-json\/wp\/v2\/product_tag?post=2158"}],"curies":[{"name":"wp","href":"https:\/\/api.w.org\/{rel}","templated":true}]}}