{"id":2151,"date":"2024-12-30T06:59:10","date_gmt":"2024-12-30T06:59:10","guid":{"rendered":"https:\/\/fmp-components.com\/?page_id=8"},"modified":"2024-12-30T08:06:25","modified_gmt":"2024-12-30T08:06:25","slug":"fertilizer-spreader-gearbox-replacement-of-comer-code-l-25c","status":"publish","type":"product","link":"https:\/\/fmp-components.com\/tr\/product\/fertilizer-spreader-gearbox-replacement-of-comer-code-l-25c\/","title":{"rendered":"G\u00fcbre Serpme Makinesi \u015eanz\u0131man Kutusu \u2013 K\u00f6\u015fe Kodu L-25C'nin De\u011fi\u015ftirilmesi"},"content":{"rendered":"<p><img loading=\"lazy\" decoding=\"async\" class=\"wp-image-2156 aligncenter\" src=\"https:\/\/fmp-components.com\/wp-content\/uploads\/2024\/12\/fertilizer-spreader-gearbox-l25c.webp\" alt=\"g\u00fcbre-serpme-\u015fanz\u0131man-l25c\" width=\"790\" height=\"790\" title=\"\" srcset=\"https:\/\/fmp-components.com\/wp-content\/uploads\/2024\/12\/fertilizer-spreader-gearbox-l25c.webp 300w, https:\/\/fmp-components.com\/wp-content\/uploads\/2024\/12\/fertilizer-spreader-gearbox-l25c-150x150.webp 150w, https:\/\/fmp-components.com\/wp-content\/uploads\/2024\/12\/fertilizer-spreader-gearbox-l25c-12x12.webp 12w, https:\/\/fmp-components.com\/wp-content\/uploads\/2024\/12\/fertilizer-spreader-gearbox-l25c-100x100.webp 100w\" sizes=\"(max-width: 790px) 100vw, 790px\" \/><\/p>\n<h2>G\u00fcbre Serpme Makinesi \u015eanz\u0131man L-25C \u00d6zellikleri<\/h2>\n<p><img loading=\"lazy\" decoding=\"async\" class=\"alignnone size-full wp-image-2157\" src=\"https:\/\/fmp-components.com\/wp-content\/uploads\/2024\/12\/fertilizer-spreader-gearbox-specifications-l25c.webp\" alt=\"g\u00fcbre-serpme makinesi-di\u015fli kutusu-\u00f6zellikleri-l25c\" width=\"974\" height=\"544\" title=\"\" srcset=\"https:\/\/fmp-components.com\/wp-content\/uploads\/2024\/12\/fertilizer-spreader-gearbox-specifications-l25c.webp 974w, https:\/\/fmp-components.com\/wp-content\/uploads\/2024\/12\/fertilizer-spreader-gearbox-specifications-l25c-480x268.webp 480w\" sizes=\"(min-width: 0px) and (max-width: 480px) 480px, (min-width: 481px) 974px, 100vw\" \/><\/p>\n<table style=\"width: 100%;\" border=\"1\" width=\"100%\" cellspacing=\"0\" cellpadding=\"0\">\n<tbody>\n<tr>\n<th style=\"width: 53.1318%;\">Giri\u015f Oran\u0131 (i)<\/th>\n<td style=\"width: 46.6522%;\">1.35<\/td>\n<\/tr>\n<tr>\n<th style=\"width: 53.1318%;\">Giri\u015f H\u0131z\u0131 (N1 [rpm])<\/th>\n<td style=\"width: 46.6522%;\">540<\/td>\n<\/tr>\n<tr>\n<th style=\"width: 53.1318%;\">Giri\u015f G\u00fcc\u00fc (P1 [kW])<\/th>\n<td style=\"width: 46.6522%;\">9.9<\/td>\n<\/tr>\n<tr>\n<th style=\"width: 53.1318%;\">\u00c7\u0131k\u0131\u015f Torku (M2 [Nm])<\/th>\n<td style=\"width: 46.6522%;\">126<\/td>\n<\/tr>\n<tr>\n<th style=\"width: 53.1318%;\">Giri\u015f T\u00fcr\u00fc<\/th>\n<td style=\"width: 46.6522%;\">Z<\/td>\n<\/tr>\n<tr>\n<th style=\"width: 53.1318%;\">A\u011f\u0131rl\u0131k<\/th>\n<td style=\"width: 46.6522%;\">17 kilo<\/td>\n<\/tr>\n<\/tbody>\n<\/table>\n<p><span style=\"color: #333333; font-size: 26px;\">G\u00fcbre Serpme Makinesi \u015eanz\u0131man\u0131n\u0131n \u00d6zellikleri<\/span><\/p>\n<article class=\"w-full scroll-mb-[var(--thread-trailing-height,150px)] text-token-text-primary focus-visible:outline-2 focus-visible:outline-offset-[-4px]\" dir=\"auto\" data-testid=\"conversation-turn-92\" data-scroll-anchor=\"false\">\n<div class=\"m-auto text-base py-[18px] px-3 md:px-4 w-full md:px-5 lg:px-4 xl:px-5\">\n<div class=\"mx-auto flex flex-1 gap-4 text-base md:gap-5 lg:gap-6 md:max-w-3xl lg:max-w-[40rem] xl:max-w-[48rem]\">\n<div class=\"group\/conversation-turn relative flex w-full min-w-0 flex-col\">\n<div class=\"flex-col gap-1 md:gap-3\">\n<div class=\"flex max-w-full flex-col flex-grow\">\n<div class=\"min-h-8 text-message flex w-full flex-col items-end gap-2 whitespace-normal break-words text-start [.text-message+&amp;]:mt-5\" dir=\"auto\" data-message-author-role=\"user\" data-message-id=\"aaa27537-8ed0-4e1f-9cf5-d9a41e7e7f9f\">\n<div class=\"flex w-full flex-col gap-1 empty:hidden items-end rtl:items-start\">\n<div class=\"relative max-w-[var(--user-chat-width,70%)] rounded-3xl bg-token-message-surface px-5 py-2.5\">\n<ol>\n<li><strong>Hassas G\u00fc\u00e7 Da\u011f\u0131t\u0131m\u0131<\/strong><br \/>\nG\u00fcbre serpme makinesi di\u015fli kutusu, serpme makinesinin bile\u015fenlerinin d\u00f6n\u00fc\u015f h\u0131z\u0131 ve h\u0131z\u0131 \u00fczerinde hassas kontrol sa\u011flamak \u00fczere tasarlanm\u0131\u015ft\u0131r. Bu, tarlada e\u015fit ve do\u011fru g\u00fcbre da\u011f\u0131l\u0131m\u0131 sa\u011flayarak, mahsullere zarar verebilecek ve kaynak israf\u0131na yol a\u00e7abilecek a\u015f\u0131r\u0131 veya yetersiz g\u00fcbre uygulamas\u0131n\u0131 \u00f6nler. Di\u015fli kutusu, trakt\u00f6rden serpme makinesine giden g\u00fc\u00e7 ak\u0131\u015f\u0131n\u0131 optimize ederek her ge\u00e7i\u015fte e\u015fit da\u011f\u0131l\u0131m sa\u011flar.<\/li>\n<li><strong>A\u011f\u0131r Hizmet Tipi \u0130n\u015faat<\/strong><br \/>\nZorlu tar\u0131m ortamlar\u0131 i\u00e7in tasarlanan g\u00fcbre serpme makinesi \u015fanz\u0131man\u0131, yo\u011fun kullan\u0131mda dayan\u0131kl\u0131l\u0131k ve dayan\u0131kl\u0131l\u0131k sa\u011flayan y\u00fcksek kaliteli malzemelerden \u00fcretilmi\u015ftir. \u00c7al\u0131\u015fma s\u0131ras\u0131nda olu\u015fan gerilimleri ve y\u00fcksek torku kar\u015f\u0131layacak \u015fekilde tasarlanm\u0131\u015f olup, uzun s\u00fcreli g\u00fcvenilirlik ve daha uzun hizmet \u00f6mr\u00fc sa\u011flar. \u015eanz\u0131man, performanstan \u00f6d\u00fcn vermeden nem, toz ve toprak gibi zorlu ko\u015fullara dayanabilir.<\/li>\n<li><strong>Ayarlanabilir \u00c7\u0131k\u0131\u015f H\u0131zlar\u0131<\/strong><br \/>\nBir\u00e7ok g\u00fcbre serpme makinesi \u015fanz\u0131man\u0131nda ayarlanabilir \u00e7\u0131k\u0131\u015f h\u0131zlar\u0131 bulunur ve bu da operat\u00f6rlerin serpme makinesinin uygulama h\u0131z\u0131n\u0131 kontrol etmelerine ve \u00f6zel g\u00fcbreleme gereksinimlerini kar\u015f\u0131lad\u0131\u011f\u0131ndan emin olmalar\u0131na olanak tan\u0131r. Bu \u00f6zellik, \u015fanz\u0131man\u0131n \u00e7ok y\u00f6nl\u00fcl\u00fc\u011f\u00fcn\u00fc art\u0131rarak hafif serpme i\u015flemlerinden a\u011f\u0131r hizmet uygulamalar\u0131na kadar \u00e7e\u015fitli g\u00f6revler i\u00e7in uygun hale getirir. Kullan\u0131c\u0131lar, h\u0131z\u0131 ayarlayarak farkl\u0131 mahsuller ve tarla ko\u015fullar\u0131 i\u00e7in g\u00fcbre kullan\u0131m\u0131n\u0131 optimize edebilirler.<\/li>\n<li><strong>Kompakt ve Yerden Tasarruf Sa\u011flayan Tasar\u0131m<\/strong><br \/>\nG\u00fcbre serpme makinesi di\u015fli kutular\u0131, kompakt ve yerden tasarruf sa\u011flayacak \u015fekilde tasarlanm\u0131\u015ft\u0131r ve bu sayede \u00e7e\u015fitli serpme makinesi modellerine kolayca monte edilebilir. Kompakt tasar\u0131mlar\u0131, minimum de\u011fi\u015fiklikle verimli entegrasyon sa\u011flayarak fazla yer kaplamaz veya gereksiz a\u011f\u0131rl\u0131k olu\u015fturmaz. Bu, serpme makinesinin \u00e7al\u0131\u015fma s\u0131ras\u0131nda genel kullan\u0131m kolayl\u0131\u011f\u0131na ve manevra kabiliyetine katk\u0131da bulunur.<\/li>\n<li><strong>D\u00fc\u015f\u00fck Bak\u0131m ve Y\u00fcksek Verimlilik<\/strong><br \/>\nG\u00fcbre serpme makinesi \u015fanz\u0131man\u0131, s\u0131k bak\u0131m ihtiyac\u0131n\u0131 en aza indiren sa\u011flam contalar ve kendi kendini ya\u011flayan bile\u015fenlerle d\u00fc\u015f\u00fck bak\u0131m gerektiren \u00e7al\u0131\u015fma i\u00e7in tasarlanm\u0131\u015ft\u0131r. Bu, ar\u0131za s\u00fcrelerini azaltmaya yard\u0131mc\u0131 olur ve ekim ve g\u00fcbreleme sezonu boyunca kesintisiz \u00e7al\u0131\u015fmay\u0131 garanti eder. Y\u00fcksek verimli \u015fanz\u0131man, g\u00fc\u00e7 kayb\u0131n\u0131 azaltarak yak\u0131t ekonomisini iyile\u015ftirir ve b\u00fcy\u00fck \u00f6l\u00e7ekli tar\u0131m i\u015fletmeleri i\u00e7in uygun maliyetli bir \u00e7\u00f6z\u00fcm haline getirir. Ayr\u0131ca, \u015fanz\u0131man\u0131n bak\u0131m\u0131 kolayd\u0131r, eri\u015filebilir gres noktalar\u0131 ve dayan\u0131kl\u0131 yataklar\u0131 uzun kullan\u0131m \u00f6mr\u00fcne katk\u0131da bulunur.<\/li>\n<\/ol>\n<div class=\"absolute bottom-0 right-full top-0 -mr-3.5 hidden pr-5 pt-1 [.group\\\/conversation-turn:hover_&amp;]:block\"><\/div>\n<\/div>\n<\/div>\n<\/div>\n<\/div>\n<\/div>\n<\/div>\n<\/div>\n<\/div>\n<\/article>\n<article class=\"w-full scroll-mb-[var(--thread-trailing-height,150px)] text-token-text-primary focus-visible:outline-2 focus-visible:outline-offset-[-4px]\" dir=\"auto\" data-testid=\"conversation-turn-93\" data-scroll-anchor=\"true\">\n<h6 class=\"sr-only\"><\/h6>\n<\/article>\n<p>\u00a0<img loading=\"lazy\" decoding=\"async\" class=\"wp-image-2155 aligncenter\" src=\"https:\/\/fmp-components.com\/wp-content\/uploads\/2024\/12\/fertilizer-spreader-gearbox-2.webp\" alt=\"g\u00fcbre-serpme-\u015fanz\u0131man-2\" width=\"631\" height=\"631\" title=\"\" srcset=\"https:\/\/fmp-components.com\/wp-content\/uploads\/2024\/12\/fertilizer-spreader-gearbox-2.webp 400w, https:\/\/fmp-components.com\/wp-content\/uploads\/2024\/12\/fertilizer-spreader-gearbox-2-300x300.webp 300w, https:\/\/fmp-components.com\/wp-content\/uploads\/2024\/12\/fertilizer-spreader-gearbox-2-150x150.webp 150w, https:\/\/fmp-components.com\/wp-content\/uploads\/2024\/12\/fertilizer-spreader-gearbox-2-12x12.webp 12w, https:\/\/fmp-components.com\/wp-content\/uploads\/2024\/12\/fertilizer-spreader-gearbox-2-100x100.webp 100w\" sizes=\"(max-width: 631px) 100vw, 631px\" \/><\/p>\n<h2>Tar\u0131msal G\u00fcbre Serpme Makinesi \u015eanz\u0131manlar\u0131 i\u00e7in PTO \u015eaftlar\u0131<\/h2>\n<p>Tar\u0131msal g\u00fcbre serpme makinesi \u015fanz\u0131manlar\u0131 i\u00e7in PTO (G\u00fc\u00e7 Aktarma Organ\u0131) \u015faftlar\u0131, mekanik g\u00fcc\u00fc trakt\u00f6rden \u015fanz\u0131mana aktararak g\u00fcbre serpme makinesinin \u00e7al\u0131\u015fmas\u0131n\u0131 sa\u011flayan temel bile\u015fenlerdir. Bu \u015faftlar, tar\u0131msal uygulamalar\u0131n zorlu gereksinimlerini kar\u015f\u0131lamak \u00fczere \u00f6zel olarak tasarlanm\u0131\u015ft\u0131r ve \u00e7e\u015fitli arazi ko\u015fullar\u0131nda tutarl\u0131 performans i\u00e7in g\u00fcvenilir ve verimli bir g\u00fc\u00e7 aktar\u0131m\u0131 sa\u011flar. Trakt\u00f6r\u00fcn motorunu \u015fanz\u0131manla birle\u015ftirerek, PTO \u015faftlar\u0131 serpme makinesinin i\u015flevselli\u011fini ve verimlili\u011fini sa\u011flamada \u00f6nemli bir rol oynar.<\/p>\n<p><strong>1. G\u00fc\u00e7l\u00fc G\u00fc\u00e7 Aktar\u0131m\u0131:<\/strong> G\u00fcbre serpme makinesi \u015fanz\u0131manlar\u0131 i\u00e7in PTO \u015faftlar\u0131, y\u00fcksek tork ve a\u011f\u0131r hizmet kullan\u0131m\u0131na dayanacak \u015fekilde \u00fcretilmi\u015ftir. Y\u00fcksek mukavemetli \u00e7elik gibi dayan\u0131kl\u0131 malzemelerden \u00fcretilen bu \u015faftlar, performanstan \u00f6d\u00fcn vermeden optimum g\u00fc\u00e7 aktar\u0131m\u0131 sa\u011flar. Bu sa\u011flam yap\u0131, uzun s\u00fcreli kullan\u0131mda a\u015f\u0131nma ve y\u0131pranmay\u0131 \u00f6nlemeye yard\u0131mc\u0131 olarak, \u015faftlar\u0131 g\u00fcvenilirlik ve dayan\u0131kl\u0131l\u0131\u011f\u0131n \u00f6n planda oldu\u011fu zorlu tar\u0131m ortamlar\u0131 i\u00e7in ideal hale getirir.<\/p>\n<p><strong>2. Hassas M\u00fchendislik:<\/strong> Hassas m\u00fchendislikle tasarlanan PTO \u015faftlar\u0131, g\u00fcbre serpme makinesinin \u015fanz\u0131man\u0131yla kusursuz bir \u015fekilde \u00e7al\u0131\u015facak \u015fekilde optimize edilmi\u015ftir. \u015eaft\u0131n uzunlu\u011fu, \u00e7ap\u0131 ve ba\u011flant\u0131 noktalar\u0131, trakt\u00f6r motorundan gelen g\u00fcc\u00fcn \u015fanz\u0131mana verimli bir \u015fekilde aktar\u0131lmas\u0131n\u0131 ve serpme makinesinin \u00e7al\u0131\u015fmas\u0131 i\u00e7in gerekli d\u00f6nme kuvvetini sa\u011flayacak \u015fekilde \u00f6zenle tasarlanm\u0131\u015ft\u0131r. Bu sayede, serpme makinesi geni\u015f tar\u0131m arazilerinde e\u015fit ve tutarl\u0131 bir g\u00fcbre da\u011f\u0131l\u0131m\u0131 sa\u011flar.<\/p>\n<p><strong>3. \u00c7ok Y\u00f6nl\u00fcl\u00fck ve Uyumluluk:<\/strong> G\u00fcbre serpme makinesi \u015fanz\u0131manlar\u0131 i\u00e7in PTO milleri, \u00e7e\u015fitli boyut ve konfig\u00fcrasyonlarda mevcuttur ve \u00e7ok \u00e7e\u015fitli tar\u0131m makineleriyle uyumluluk sa\u011flar. Serpme makinesi ister k\u00fc\u00e7\u00fck ister b\u00fcy\u00fck olsun, PTO mili, ekipman\u0131n \u00f6zel gereksinimlerine ve trakt\u00f6r\u00fcn PTO \u00e7\u0131k\u0131\u015f\u0131na uyacak \u015fekilde se\u00e7ilebilir. Bu \u00e7ok y\u00f6nl\u00fcl\u00fck, \u00e7ift\u00e7ilerin farkl\u0131 makine t\u00fcrleri ve tarla ko\u015fullar\u0131nda optimum performans\u0131 korumas\u0131n\u0131 kolayla\u015ft\u0131r\u0131r.<\/p>\n<p><strong>4. Kolay Bak\u0131m ve Uzun \u00d6m\u00fcr:<\/strong> PTO \u015faftlar\u0131n\u0131n tasar\u0131m\u0131, kolay bak\u0131m sa\u011flayan ve kullan\u0131m \u00f6mr\u00fcn\u00fc uzatan \u00f6zellikler i\u00e7erir. Gres\u00f6rl\u00fckler, ayarlanabilir uzunluklar ve koruyucu kapaklar gibi bile\u015fenler, rutin bak\u0131m\u0131 basitle\u015ftirerek \u015faftlar\u0131n uzun y\u0131llar verimli bir \u015fekilde \u00e7al\u0131\u015fmaya devam etmesini sa\u011flar. D\u00fczenli bak\u0131m, hasar\u0131 \u00f6nlemeye yard\u0131mc\u0131 olur ve maliyetli onar\u0131m olas\u0131l\u0131\u011f\u0131n\u0131 azalt\u0131r; bu da bu PTO \u015faftlar\u0131n\u0131 \u00e7ift\u00e7iler i\u00e7in uygun maliyetli bir \u00e7\u00f6z\u00fcm haline getirir.<\/p>\n<p><strong>5. G\u00fcbre Uygulamas\u0131nda Artan Verimlilik:<\/strong> G\u00fcbre serpme makinesinin \u015fanz\u0131man\u0131na tutarl\u0131 ve g\u00fcvenilir g\u00fc\u00e7 iletimi sa\u011flayan PTO \u015faftlar\u0131, operasyonel verimlili\u011fin artmas\u0131na katk\u0131da bulunur. Bu sayede homojen g\u00fcbre da\u011f\u0131l\u0131m\u0131 sa\u011flan\u0131r, at\u0131k azalt\u0131l\u0131r ve \u00fcr\u00fcn verimi optimize edilir. PTO \u015faftlar\u0131n\u0131n hassasiyeti ve dayan\u0131kl\u0131l\u0131\u011f\u0131, g\u00fcbre uygulamas\u0131n\u0131n genel verimlili\u011fini art\u0131rarak s\u00fcrd\u00fcr\u00fclebilir tar\u0131m uygulamalar\u0131n\u0131 destekler ve daha iyi \u00fcr\u00fcn b\u00fcy\u00fcmesini destekler.<\/p>\n<p>Sonu\u00e7 olarak, tar\u0131msal g\u00fcbre serpme makinesi di\u015fli kutular\u0131 i\u00e7in PTO milleri, tar\u0131msal uygulamalarda g\u00fcvenilir g\u00fc\u00e7 aktar\u0131m\u0131, operasyonel verimlilik ve uzun s\u00fcreli performans sa\u011flayan \u00f6nemli bile\u015fenlerdir. Dayan\u0131kl\u0131l\u0131k, hassasiyet ve bak\u0131m kolayl\u0131\u011f\u0131 i\u00e7in tasarlanan bu miller, g\u00fcbre serpme makinelerinin performans\u0131n\u0131 optimize ederek tar\u0131msal verimlili\u011fin artmas\u0131na katk\u0131da bulunur.<\/p>\n<p><img loading=\"lazy\" decoding=\"async\" class=\"alignnone size-full wp-image-2171\" src=\"https:\/\/fmp-components.com\/wp-content\/uploads\/2024\/12\/PTO-Shafts-for-Agricultural-Fertilizer-Spreader-Gearbox-1.webp\" alt=\"Tar\u0131msal G\u00fcbre Da\u011f\u0131t\u0131c\u0131 \u015eanz\u0131manlar\u0131 i\u00e7in PTO \u015eaftlar\u0131-1\" width=\"1200\" height=\"800\" title=\"\" srcset=\"https:\/\/fmp-components.com\/wp-content\/uploads\/2024\/12\/PTO-Shafts-for-Agricultural-Fertilizer-Spreader-Gearbox-1.webp 1200w, https:\/\/fmp-components.com\/wp-content\/uploads\/2024\/12\/PTO-Shafts-for-Agricultural-Fertilizer-Spreader-Gearbox-1-980x653.webp 980w, https:\/\/fmp-components.com\/wp-content\/uploads\/2024\/12\/PTO-Shafts-for-Agricultural-Fertilizer-Spreader-Gearbox-1-480x320.webp 480w\" sizes=\"(min-width: 0px) and (max-width: 480px) 480px, (min-width: 481px) and (max-width: 980px) 980px, (min-width: 981px) 1200px, 100vw\" \/><\/p>\n<h3>FMP Hakk\u0131nda<\/h3>\n<p>Merkezi \u0130talya'da bulunan FMP, y\u00fcksek performansl\u0131 di\u015fli kutular\u0131n\u0131n tasar\u0131m\u0131, geli\u015ftirilmesi ve \u00fcretimindeki uzmanl\u0131\u011f\u0131yla d\u00fcnya \u00e7ap\u0131nda tan\u0131nan, \u00f6ncelikli olarak tar\u0131m makineleri sekt\u00f6r\u00fcne hizmet veren \u00f6nde gelen bir \u00fcreticidir. Hassas m\u00fchendislik, inovasyon ve e\u015fsiz g\u00fcvenilirlik konusundaki kararl\u0131l\u0131\u011f\u0131yla tan\u0131nan FMP, hem tar\u0131m hem de end\u00fcstriyel pazarlar\u0131n de\u011fi\u015fen taleplerini kar\u015f\u0131layan \u00fcst\u00fcn \u00fcr\u00fcnler sunmada g\u00fcvenilir bir ortak olarak kendini kan\u0131tlam\u0131\u015ft\u0131r. Geni\u015f \u00fcr\u00fcn portf\u00f6y\u00fcm\u00fcz, \u00e7im bi\u00e7me makineleri i\u00e7in \u00f6zel di\u015fli kutular\u0131, PTO \u015faftlar\u0131 ve di\u011fer \u00f6nemli bile\u015fenleri i\u00e7erir ve hepsi \u00e7ok \u00e7e\u015fitli uygulamalara \u00f6zel \u00e7\u00f6z\u00fcmler sunmak \u00fczere tasarlanm\u0131\u015ft\u0131r.<\/p>\n<p>FMP olarak, her m\u00fc\u015fterinin kendine \u00f6zg\u00fc zorluklar\u0131 ve gereksinimleri oldu\u011funun bilincindeyiz. Bu nedenle, ister bireysel bile\u015fenler ister eksiksiz, entegre sistemler olsun, ki\u015fiye \u00f6zel \u00e7\u00f6z\u00fcmler sunma konusunda uzmanla\u015f\u0131yoruz. \u0130\u015f birli\u011fine dayal\u0131 yakla\u015f\u0131m\u0131m\u0131z, her \u00e7\u00f6z\u00fcm\u00fcn hem etkili hem de verimli olmas\u0131n\u0131 sa\u011flayarak performans\u0131 art\u0131r\u0131r ve de\u011feri optimize eder. H\u0131zl\u0131, profesyonel yan\u0131tlar ve uzman rehberli\u011fine olan ba\u011fl\u0131l\u0131\u011f\u0131m\u0131zla, her talebi hassasiyetle ve ayr\u0131nt\u0131lara dikkat ederek ele al\u0131yor, m\u00fc\u015fterilerimizin en \u00fcst d\u00fczeyde hizmet ve destek almas\u0131n\u0131 sa\u011fl\u0131yoruz.<\/p>\n<p>\u00d6zellikle yeni \u00fcr\u00fcn geli\u015ftirme s\u00fcre\u00e7lerinde, net ve s\u00fcrekli ileti\u015fime b\u00fcy\u00fck \u00f6nem veriyoruz. \u00d6zverili ekibimiz, m\u00fc\u015fterilerimizin \u00f6zel ihtiya\u00e7lar\u0131n\u0131 anlamak ve en etkili \u00e7\u00f6z\u00fcmlere ula\u015fmalar\u0131n\u0131 sa\u011flayacak uygulanabilir i\u00e7g\u00f6r\u00fcler sunmak i\u00e7in m\u00fc\u015fterilerimizle yak\u0131n bir \u015fekilde \u00e7al\u0131\u015f\u0131r. \u0130ster yenilik\u00e7i \u00fcr\u00fcnler tasarl\u0131yor ister mevcut sipari\u015fleri kar\u015f\u0131l\u0131yor olal\u0131m, zaman\u0131nda tamamlanan ve beklentileri a\u015fan, y\u00fcksek kaliteli ve hassas m\u00fchendislikle tasarlanm\u0131\u015f \u00e7\u00f6z\u00fcmler sunmaya odaklan\u0131yoruz.<\/p>\n<p>FMP'nin faaliyetlerinin temelinde, kaliteye sars\u0131lmaz bir ba\u011fl\u0131l\u0131k yatar. En y\u00fcksek \u00fcretim standartlar\u0131na ba\u011fl\u0131 kal\u0131yor ve her \u00fcr\u00fcn\u00fcn sekt\u00f6r standartlar\u0131n\u0131 kar\u015f\u0131lad\u0131\u011f\u0131ndan veya a\u015ft\u0131\u011f\u0131ndan emin olmak i\u00e7in s\u0131k\u0131 kalite kontrol prosed\u00fcrleri uyguluyoruz. Kaliteye olan sars\u0131lmaz odaklanmam\u0131z, d\u00fcr\u00fcstl\u00fck, i\u015f birli\u011fi ve azim gibi temel de\u011ferlerimizle birle\u015ferek, d\u00fcnya \u00e7ap\u0131nda 30'dan fazla \u00fclkedeki m\u00fc\u015fterilerimizle g\u00fc\u00e7l\u00fc ve uzun vadeli ili\u015fkiler kurmam\u0131za yard\u0131mc\u0131 olmu\u015ftur.<\/p>\n<p>FMP, k\u00fcresel ortakl\u0131klar kurmaya her zaman a\u00e7\u0131k olup, m\u00fc\u015fterilerimizin \u00e7e\u015fitli ihtiya\u00e7lar\u0131n\u0131 kar\u015f\u0131lamak i\u00e7in uzman tavsiyeleri ve ki\u015fiselle\u015ftirilmi\u015f \u00e7\u00f6z\u00fcmler sunmaya kararl\u0131d\u0131r. Sadece \u00fcr\u00fcn tedarik etmenin \u00f6tesine ge\u00e7erek, her projenin ba\u015far\u0131s\u0131n\u0131 sa\u011flayan kal\u0131c\u0131 ve anlaml\u0131 ili\u015fkiler kurmaya odaklan\u0131yoruz. \u0130ster yeni bir giri\u015fim i\u00e7in yenilik\u00e7i \u00e7\u00f6z\u00fcmler ar\u0131yor olun, ister mevcut bir sistem i\u00e7in s\u00fcrekli deste\u011fe ihtiya\u00e7 duyuyor olun, FMP teknik zorluklar\u0131n\u0131z\u0131 \u00e7\u00f6zmenize ve ba\u015far\u0131n\u0131z\u0131n devam\u0131n\u0131 sa\u011flaman\u0131za yard\u0131mc\u0131 olmak i\u00e7in burada.<\/p>\n<p><img loading=\"lazy\" decoding=\"async\" class=\"alignnone size-full wp-image-1861\" src=\"https:\/\/fmp-components.com\/wp-content\/uploads\/2024\/12\/Other-Agricultural-Gearboxes.webp\" sizes=\"(min-width: 0px) and (max-width: 480px) 480px, (min-width: 481px) and (max-width: 980px) 980px, (min-width: 981px) 1200px, 100vw\" srcset=\"https:\/\/fmp-components.com\/wp-content\/uploads\/2024\/12\/Other-Agricultural-Gearboxes.webp 1200w, https:\/\/fmp-components.com\/wp-content\/uploads\/2024\/12\/Other-Agricultural-Gearboxes-980x1143.webp 980w, https:\/\/fmp-components.com\/wp-content\/uploads\/2024\/12\/Other-Agricultural-Gearboxes-480x560.webp 480w\" alt=\"Altri-cambi-agricoli\" width=\"1200\" height=\"1400\" title=\"\"><\/p>\n<p>Yazar: CX<\/p>","protected":false},"excerpt":{"rendered":"<p>Specifications of Fertilizer Spreader Gearbox L-25C Input Ratio (i) 1.35 Input Speed (N1 [rpm]) 540 Input Power (P1 [kW]) 9.9 Output Torque (M2 [Nm]) 126 Input Type Z Weight 17 kg Features of Fertilizer Spreader Gearbox Precision Power Distribution The fertilizer spreader gearbox is designed to deliver precise control over the rotation and speed of [&hellip;]<\/p>","protected":false},"featured_media":2156,"comment_status":"open","ping_status":"closed","template":"","meta":{"_et_pb_use_builder":"","_et_pb_old_content":"","_et_gb_content_width":""},"product_brand":[],"product_cat":[54],"product_tag":[],"class_list":{"0":"post-2151","1":"product","2":"type-product","3":"status-publish","4":"has-post-thumbnail","6":"product_cat-fertilizer-spreader-gearbox","8":"first","9":"instock","10":"shipping-taxable","11":"product-type-simple"},"_links":{"self":[{"href":"https:\/\/fmp-components.com\/tr\/wp-json\/wp\/v2\/product\/2151","targetHints":{"allow":["GET"]}}],"collection":[{"href":"https:\/\/fmp-components.com\/tr\/wp-json\/wp\/v2\/product"}],"about":[{"href":"https:\/\/fmp-components.com\/tr\/wp-json\/wp\/v2\/types\/product"}],"replies":[{"embeddable":true,"href":"https:\/\/fmp-components.com\/tr\/wp-json\/wp\/v2\/comments?post=2151"}],"wp:featuredmedia":[{"embeddable":true,"href":"https:\/\/fmp-components.com\/tr\/wp-json\/wp\/v2\/media\/2156"}],"wp:attachment":[{"href":"https:\/\/fmp-components.com\/tr\/wp-json\/wp\/v2\/media?parent=2151"}],"wp:term":[{"taxonomy":"product_brand","embeddable":true,"href":"https:\/\/fmp-components.com\/tr\/wp-json\/wp\/v2\/product_brand?post=2151"},{"taxonomy":"product_cat","embeddable":true,"href":"https:\/\/fmp-components.com\/tr\/wp-json\/wp\/v2\/product_cat?post=2151"},{"taxonomy":"product_tag","embeddable":true,"href":"https:\/\/fmp-components.com\/tr\/wp-json\/wp\/v2\/product_tag?post=2151"}],"curies":[{"name":"wp","href":"https:\/\/api.w.org\/{rel}","templated":true}]}}