{"id":2148,"date":"2024-12-30T06:48:50","date_gmt":"2024-12-30T06:48:50","guid":{"rendered":"https:\/\/fmp-components.com\/?page_id=8"},"modified":"2024-12-30T08:06:20","modified_gmt":"2024-12-30T08:06:20","slug":"fertilizer-spreader-gearbox-replacement-of-comer-code-l-150c","status":"publish","type":"product","link":"https:\/\/fmp-components.com\/tr\/product\/fertilizer-spreader-gearbox-replacement-of-comer-code-l-150c\/","title":{"rendered":"G\u00fcbre Serpme Makinesi \u015eanz\u0131man Kutusu \u2013 K\u00f6\u015fe Kodu L-150C'nin De\u011fi\u015ftirilmesi"},"content":{"rendered":"<p><img loading=\"lazy\" decoding=\"async\" class=\"wp-image-2150 aligncenter\" src=\"https:\/\/fmp-components.com\/wp-content\/uploads\/2024\/12\/fertilizer-spreader-gearbox-l150c1.webp\" alt=\"g\u00fcbre-serpme-\u015fanz\u0131man-l150c\" width=\"453\" height=\"453\" title=\"\" srcset=\"https:\/\/fmp-components.com\/wp-content\/uploads\/2024\/12\/fertilizer-spreader-gearbox-l150c1.webp 300w, https:\/\/fmp-components.com\/wp-content\/uploads\/2024\/12\/fertilizer-spreader-gearbox-l150c1-150x150.webp 150w, https:\/\/fmp-components.com\/wp-content\/uploads\/2024\/12\/fertilizer-spreader-gearbox-l150c1-12x12.webp 12w, https:\/\/fmp-components.com\/wp-content\/uploads\/2024\/12\/fertilizer-spreader-gearbox-l150c1-100x100.webp 100w\" sizes=\"(max-width: 453px) 100vw, 453px\" \/><\/p>\n<h2>G\u00fcbre Serpme Makinesi \u015eanz\u0131man L-150C \u00d6zellikleri<\/h2>\n<p><img loading=\"lazy\" decoding=\"async\" class=\"alignnone size-full wp-image-2149\" src=\"https:\/\/fmp-components.com\/wp-content\/uploads\/2024\/12\/fertilizer-spreader-gearbox-specifications-l150c.webp\" alt=\"g\u00fcbre-serpme-di\u015fli kutusu-\u00f6zellikleri-l150c\" width=\"1000\" height=\"744\" title=\"\" srcset=\"https:\/\/fmp-components.com\/wp-content\/uploads\/2024\/12\/fertilizer-spreader-gearbox-specifications-l150c.webp 1000w, https:\/\/fmp-components.com\/wp-content\/uploads\/2024\/12\/fertilizer-spreader-gearbox-specifications-l150c-980x729.webp 980w, https:\/\/fmp-components.com\/wp-content\/uploads\/2024\/12\/fertilizer-spreader-gearbox-specifications-l150c-480x357.webp 480w\" sizes=\"(min-width: 0px) and (max-width: 480px) 480px, (min-width: 481px) and (max-width: 980px) 980px, (min-width: 981px) 1000px, 100vw\" \/><\/p>\n<table style=\"width: 100%;\" border=\"1\" width=\"100%\" cellspacing=\"0\" cellpadding=\"0\">\n<tbody>\n<tr>\n<th style=\"width: 53.9957%;\">Giri\u015f Oran\u0131 (i)<\/th>\n<td style=\"width: 45.7883%;\">1.35<\/td>\n<\/tr>\n<tr>\n<th style=\"width: 53.9957%;\">Giri\u015f H\u0131z\u0131 (N1 [rpm])<\/th>\n<td style=\"width: 45.7883%;\">540<\/td>\n<\/tr>\n<tr>\n<th style=\"width: 53.9957%;\">Giri\u015f G\u00fcc\u00fc (P1 [kW])<\/th>\n<td style=\"width: 45.7883%;\">9.9<\/td>\n<\/tr>\n<tr>\n<th style=\"width: 53.9957%;\">\u00c7\u0131k\u0131\u015f Torku (M2 [Nm])<\/th>\n<td style=\"width: 45.7883%;\">126<\/td>\n<\/tr>\n<\/tbody>\n<\/table>\n<h3>G\u00fcbre Serpme Makinesi \u015eanz\u0131man\u0131n\u0131n \u00d6zellikleri<\/h3>\n<ol>\n<li><strong>Y\u00fcksek Hassasiyet ve Verimlilik<\/strong><br \/>\nG\u00fcbre serpme makinesi \u015fanz\u0131man\u0131, tar\u0131msal serpme makineleri i\u00e7in hassas ve verimli bir g\u00fc\u00e7 aktar\u0131m\u0131 sa\u011flamak \u00fczere tasarlanm\u0131\u015ft\u0131r. Di\u015fli oran\u0131n\u0131n, \u00fcr\u00fcn verimini en \u00fcst d\u00fczeye \u00e7\u0131karmak ve israf\u0131 azaltmak i\u00e7in hayati \u00f6nem ta\u015f\u0131yan g\u00fcbrenin tutarl\u0131 ve d\u00fczg\u00fcn bir \u015fekilde yay\u0131lmas\u0131 i\u00e7in optimize edilmesini sa\u011flar. G\u00fcvenilir performans\u0131yla \u015fanz\u0131man, hassas g\u00fcbre da\u011f\u0131t\u0131m\u0131 i\u00e7in gereken uygun h\u0131z ve torku korumaya yard\u0131mc\u0131 olur.<\/li>\n<li><strong>Dayan\u0131kl\u0131l\u0131k ve G\u00fc\u00e7<\/strong><br \/>\nTar\u0131msal \u00e7al\u0131\u015fmalar\u0131n zorlu ko\u015fullar\u0131na dayanacak \u015fekilde tasarlanan g\u00fcbre serpme makinesi \u015fanz\u0131man\u0131, uzun \u00f6m\u00fcrl\u00fc performans sa\u011flayan dayan\u0131kl\u0131 malzemelerden \u00fcretilmi\u015ftir. Dayan\u0131kl\u0131 yap\u0131s\u0131, engebeli araziler veya sert hava ko\u015fullar\u0131 gibi zorlu ortamlarda gereken y\u00fcksek y\u00fckleri ve s\u00fcrekli \u00e7al\u0131\u015fmay\u0131 kar\u015f\u0131layabilmesini sa\u011flar.<\/li>\n<li><strong>Kompakt ve Yerden Tasarruf Sa\u011flayan Tasar\u0131m<\/strong><br \/>\n\u015eanz\u0131man, kompakt ancak g\u00fc\u00e7l\u00fc olacak \u015fekilde tasarlanm\u0131\u015ft\u0131r ve gereksiz yer kaplamadan yay\u0131c\u0131ya sorunsuz bir \u015fekilde uyum sa\u011flar. Bu yerden tasarruf sa\u011flayan tasar\u0131m, optimum performans\u0131 korurken makinenin toplam a\u011f\u0131rl\u0131\u011f\u0131n\u0131 azaltmaya yard\u0131mc\u0131 olur. Kompakt yap\u0131s\u0131 ayr\u0131ca kurulum ve bak\u0131m\u0131 kolayla\u015ft\u0131rarak de\u011ferli zaman ve emekten tasarruf sa\u011flar.<\/li>\n<li><strong>D\u00fc\u015f\u00fck Bak\u0131m ve Kolay Kullan\u0131m<\/strong><br \/>\nG\u00fcbre serpme makinesi \u015fanz\u0131man\u0131, kullan\u0131m kolayl\u0131\u011f\u0131 ve minimum bak\u0131m sa\u011flayacak \u015fekilde tasarlanm\u0131\u015ft\u0131r. Y\u00fcksek kaliteli contalar ve ya\u011flama sistemleri sayesinde \u015fanz\u0131man sorunsuz \u00e7al\u0131\u015f\u0131r ve daha az s\u0131kl\u0131kta bak\u0131m gerektirir. D\u00fczenli kontroller ve temel bak\u0131m genellikle \u015fanz\u0131man\u0131n en y\u00fcksek verimlilikte \u00e7al\u0131\u015fmas\u0131n\u0131 sa\u011flamak i\u00e7in yeterlidir ve bu da onu yo\u011fun tar\u0131m faaliyetleri i\u00e7in ideal bir \u00e7\u00f6z\u00fcm haline getirir.<\/li>\n<li><strong>\u00c7ok Y\u00f6nl\u00fcl\u00fck ve \u00d6zelle\u015ftirme<\/strong><br \/>\nBu di\u015fli kutular\u0131 \u00e7ok y\u00f6nl\u00fcd\u00fcr ve ister k\u00fc\u00e7\u00fck ister b\u00fcy\u00fck \u00f6l\u00e7ekli tar\u0131m i\u015fletmeleri i\u00e7in olsun, \u00e7e\u015fitli g\u00fcbre serpme makinesi tiplerine uyacak \u015fekilde \u00f6zelle\u015ftirilebilir. Ayarlanabilir di\u015fli oranlar\u0131 ve konfig\u00fcrasyonlar\u0131 sayesinde, di\u015fli kutusu belirli operasyonel gereksinimleri kar\u015f\u0131layacak \u015fekilde uyarlanabilir ve farkl\u0131 g\u00fcbre t\u00fcrleri ve serpme makinesi modelleriyle uyumluluk sa\u011flar. Bu esneklik, kullan\u0131c\u0131lar\u0131n ekipmanlar\u0131n\u0131 maksimum verimlilik ve \u00fcretkenlik i\u00e7in optimize etmelerine olanak tan\u0131r.<\/li>\n<\/ol>\n<p><img loading=\"lazy\" decoding=\"async\" class=\"wp-image-2152 aligncenter\" src=\"https:\/\/fmp-components.com\/wp-content\/uploads\/2024\/12\/pto-shaft-for-fertilizer-spreader.webp\" alt=\"g\u00fcbre serpme makinesi i\u00e7in pto-\u015faft\u0131\" width=\"881\" height=\"663\" title=\"\" srcset=\"https:\/\/fmp-components.com\/wp-content\/uploads\/2024\/12\/pto-shaft-for-fertilizer-spreader.webp 881w, https:\/\/fmp-components.com\/wp-content\/uploads\/2024\/12\/pto-shaft-for-fertilizer-spreader-480x361.webp 480w\" sizes=\"(min-width: 0px) and (max-width: 480px) 480px, (min-width: 481px) 881px, 100vw\" \/><\/p>\n<h3>G\u00fcbre Serpme Makinesi i\u00e7in PTO \u015eaft\u0131<\/h3>\n<ol>\n<li><strong>Verimli G\u00fc\u00e7 Aktar\u0131m\u0131<\/strong><br \/>\nG\u00fcbre serpme makinelerinin kuyruk mili (PTO), trakt\u00f6r\u00fcn g\u00fc\u00e7 aktarma organ\u0131ndan (PTO) gelen mekanik g\u00fcc\u00fc serpme makinesinin di\u015fli kutusuna verimli bir \u015fekilde aktarmak \u00fczere tasarlanm\u0131\u015ft\u0131r. Bu do\u011frudan g\u00fc\u00e7 aktar\u0131m\u0131, g\u00fcbre serpme makinesinin sorunsuz ve tutarl\u0131 bir \u015fekilde \u00e7al\u0131\u015fmas\u0131n\u0131 sa\u011flayarak serpme g\u00f6revleri s\u0131ras\u0131nda ekipman\u0131n performans\u0131n\u0131 optimize eder. Kuyruk mili, serpme makinesinin bile\u015fenlerini \u00e7al\u0131\u015ft\u0131rmak i\u00e7in gerekli torku sa\u011flayarak e\u015fit ve do\u011fru bir g\u00fcbre da\u011f\u0131l\u0131m\u0131 sa\u011flar.<\/li>\n<li><strong>Dayan\u0131kl\u0131l\u0131k ve Sa\u011flaml\u0131k<\/strong><br \/>\nTar\u0131msal ortamlar\u0131n zorlu ko\u015fullar\u0131na dayanacak \u015fekilde tasarlanan g\u00fcbre serpme makineleri i\u00e7in PTO \u015faft\u0131, sa\u011flaml\u0131k ve dayan\u0131kl\u0131l\u0131k sunan y\u00fcksek kaliteli malzemelerden \u00fcretilmi\u015ftir. Zorlu hava ko\u015fullar\u0131nda ve engebeli arazilerde bile geni\u015f tarlalara g\u00fcbre serpmeyle ilgili yo\u011fun i\u015f y\u00fcklerinin \u00fcstesinden gelebilir. Sa\u011flam tasar\u0131m\u0131, uzun bir hizmet \u00f6mr\u00fc sa\u011flayarak s\u0131k s\u0131k de\u011fi\u015ftirme veya onar\u0131m ihtiyac\u0131n\u0131 en aza indirir.<\/li>\n<li><strong>G\u00fcvenlik \u00d6zellikleri<\/strong><br \/>\nG\u00fcbre serpme makineleri i\u00e7in PTO \u015faft\u0131n\u0131n tasar\u0131m\u0131nda g\u00fcvenlik \u00f6nemli bir husustur. G\u00fcvenlik kalkanlar\u0131 ve di\u011fer koruyucu \u00f6zelliklerle donat\u0131lan \u015faft, \u00e7al\u0131\u015fma s\u0131ras\u0131nda dola\u015fma veya yaralanma riskini en aza indirerek kazalar\u0131 \u00f6nlemeye yard\u0131mc\u0131 olur. Bu g\u00fcvenlik \u00f6zellikleri, g\u00fcvenli ve g\u00fcvenilir bir \u00e7al\u0131\u015fma sa\u011flamada kritik \u00f6neme sahiptir ve operat\u00f6rlere ve \u00e7evredeki hayvanlara gelebilecek zarar olas\u0131l\u0131\u011f\u0131n\u0131 azalt\u0131r.<\/li>\n<li><strong>Kolay Kurulum ve Bak\u0131m<\/strong><br \/>\nG\u00fcbre serpme makineleri i\u00e7in PTO \u015faft\u0131, trakt\u00f6re ve serpme makinesine kolayca tak\u0131l\u0131p \u00e7\u0131kar\u0131labilecek \u015fekilde tasarlanm\u0131\u015ft\u0131r. Bu kullan\u0131c\u0131 dostu \u00f6zellik, kurulum ve bak\u0131m i\u015flemlerinde zamandan ve emekten tasarruf sa\u011flar. Ayr\u0131ca, PTO \u015faft\u0131n\u0131n d\u00fczenli ya\u011flanmas\u0131 ve bak\u0131m\u0131 kolayd\u0131r ve bu sayede hem PTO \u015faft\u0131n\u0131n hem de g\u00fcbre serpme makinesinin sorunsuz \u00e7al\u0131\u015fmas\u0131 sa\u011flan\u0131r ve \u00f6mr\u00fc uzat\u0131l\u0131r.<\/li>\n<li><strong>\u00c7ok Y\u00f6nl\u00fc Uyumluluk<\/strong><br \/>\n\u00c7e\u015fitli boyut ve konfig\u00fcrasyonlarda sunulan g\u00fcbre serpme makineleri i\u00e7in PTO \u015faft\u0131 \u00e7ok y\u00f6nl\u00fcd\u00fcr ve \u00e7ok \u00e7e\u015fitli serpme makinesi modellerine ve trakt\u00f6r tiplerine uyarlanabilir. \u0130ster k\u00fc\u00e7\u00fck \u00f6l\u00e7ekli \u00e7iftlikler ister b\u00fcy\u00fck tar\u0131msal i\u015fletmeler i\u00e7in olsun, PTO \u015faft\u0131, serpme makinesinin \u00f6zel g\u00fc\u00e7 gereksinimlerini kar\u015f\u0131layacak \u015fekilde \u00f6zelle\u015ftirilebilir ve farkl\u0131 uygulamalarda uyumluluk ve optimum performans sa\u011flar. Bu esneklik, kullan\u0131c\u0131lar\u0131n operasyonlar\u0131n\u0131n \u00f6l\u00e7e\u011fi ne olursa olsun ekipmanlar\u0131n\u0131 verimli bir \u015fekilde kullanmalar\u0131n\u0131 sa\u011flar.<\/li>\n<\/ol>\n<p><img loading=\"lazy\" decoding=\"async\" class=\"alignnone size-full wp-image-2088\" src=\"https:\/\/fmp-components.com\/wp-content\/uploads\/2024\/12\/Agricultural-Gearbox-and-PTO-Drive-Shaft1.webp\" alt=\"Tar\u0131msal-\u015eanz\u0131man-ve-PTO-Tahrik-Mili\" width=\"1200\" height=\"540\" title=\"\" srcset=\"https:\/\/fmp-components.com\/wp-content\/uploads\/2024\/12\/Agricultural-Gearbox-and-PTO-Drive-Shaft1.webp 1200w, https:\/\/fmp-components.com\/wp-content\/uploads\/2024\/12\/Agricultural-Gearbox-and-PTO-Drive-Shaft1-980x441.webp 980w, https:\/\/fmp-components.com\/wp-content\/uploads\/2024\/12\/Agricultural-Gearbox-and-PTO-Drive-Shaft1-480x216.webp 480w\" sizes=\"(min-width: 0px) and (max-width: 480px) 480px, (min-width: 481px) and (max-width: 980px) 980px, (min-width: 981px) 1200px, 100vw\" \/><\/p>\n<h3>FMP Hakk\u0131nda<\/h3>\n<p>Merkezi \u0130talya'da bulunan FMP, \u00f6zellikle tar\u0131m makineleri sekt\u00f6r\u00fcne odaklanan y\u00fcksek performansl\u0131 di\u015fli kutular\u0131n\u0131n tasar\u0131m\u0131, geli\u015ftirilmesi ve \u00fcretimindeki uzmanl\u0131\u011f\u0131yla tan\u0131nan lider bir \u00fcreticidir. Hassas m\u00fchendislik, yenilik\u00e7i \u00e7\u00f6z\u00fcmler ve sars\u0131lmaz g\u00fcvenilirlik konusundaki itibar\u0131yla FMP, hem tar\u0131m hem de sanayi sekt\u00f6rlerinin de\u011fi\u015fen ihtiya\u00e7lar\u0131n\u0131 kar\u015f\u0131lamada g\u00fcvenilir bir ortak haline gelmi\u015ftir. Geni\u015f \u00fcr\u00fcn yelpazemiz, \u00e7im bi\u00e7me makineleri i\u00e7in \u00f6zel di\u015fli kutular\u0131, kuyruk mili milleri ve di\u011fer temel bile\u015fenleri i\u00e7erir ve hepsi geni\u015f bir uygulama yelpazesinde \u00f6zelle\u015ftirilmi\u015f \u00e7\u00f6z\u00fcmler sunmak \u00fczere titizlikle tasarlanm\u0131\u015ft\u0131r.<\/p>\n<p>FMP olarak, her m\u00fc\u015fterinin kendine \u00f6zg\u00fc gereksinimleri ve zorluklar\u0131 oldu\u011funun bilincindeyiz. Bu nedenle, ister bireysel bile\u015fenler ister tamamen entegre sistemler i\u00e7in olsun, \u00f6zel \u00e7\u00f6z\u00fcmler sunma konusunda uzmanla\u015f\u0131yoruz. M\u00fc\u015fterilerimizle yak\u0131n i\u015f birli\u011fi i\u00e7inde \u00e7al\u0131\u015farak her \u00e7\u00f6z\u00fcm\u00fcn yaln\u0131zca etkili de\u011fil, ayn\u0131 zamanda verimli olmas\u0131n\u0131, hem performans\u0131 hem de de\u011feri optimize etmesini sa\u011fl\u0131yoruz. H\u0131zl\u0131 ve profesyonel yan\u0131tlar sunma taahh\u00fcd\u00fcm\u00fcz ve uzman rehberli\u011fimiz, her sorunun en \u00fcst d\u00fczeyde \u00f6zen ve hassasiyetle ele al\u0131nmas\u0131n\u0131 ve m\u00fcmk\u00fcn olan en iyi sonu\u00e7lara ula\u015f\u0131lmas\u0131n\u0131 sa\u011flar.<\/p>\n<p>\u00dcr\u00fcn geli\u015ftirme s\u00fcrecinin tamam\u0131nda a\u00e7\u0131k ve s\u00fcrekli ileti\u015fime \u00f6ncelik veriyoruz. \u00d6zverili ekibimiz, m\u00fc\u015fterilerimizle do\u011frudan \u00e7al\u0131\u015farak \u00f6zel ihtiya\u00e7lar\u0131n\u0131 tam olarak anl\u0131yor ve en uygun \u00e7\u00f6z\u00fcmleri sa\u011flamak i\u00e7in de\u011ferli i\u00e7g\u00f6r\u00fcler ve \u00f6neriler sunuyor. \u0130ster yenilik\u00e7i \u00fcr\u00fcnler tasarl\u0131yor ister devam eden sipari\u015fleri kar\u015f\u0131l\u0131yor olun, FMP her seferinde zaman\u0131nda, y\u00fcksek kaliteli ve hassas m\u00fchendislik \u00e7\u00f6z\u00fcmleri sunmaya kendini adam\u0131\u015ft\u0131r. Amac\u0131m\u0131z, m\u00fc\u015fterilerimize en iyi hizmeti ve sonu\u00e7lar\u0131 sunarak her projede beklentileri a\u015fmakt\u0131r.<\/p>\n<p>Kalite, FMP'nin faaliyetlerinin temel ta\u015f\u0131d\u0131r. En y\u00fcksek \u00fcretim standartlar\u0131na ba\u011fl\u0131 kalarak, her \u00fcr\u00fcn\u00fcn sekt\u00f6r standartlar\u0131n\u0131 kar\u015f\u0131lamas\u0131n\u0131 ve hatta a\u015fmas\u0131n\u0131 sa\u011flamak i\u00e7in s\u0131k\u0131 kalite kontrol \u00f6nlemleri uyguluyoruz. Kaliteye olan bu sars\u0131lmaz ba\u011fl\u0131l\u0131\u011f\u0131m\u0131z, d\u00fcr\u00fcstl\u00fck, ekip \u00e7al\u0131\u015fmas\u0131 ve azim gibi temel de\u011ferlerimizle birle\u015ferek, d\u00fcnya \u00e7ap\u0131nda yakla\u015f\u0131k 30 \u00fclkedeki m\u00fc\u015fterilerimizle uzun s\u00fcreli, g\u00fcvene dayal\u0131 ili\u015fkiler kurmam\u0131z\u0131 sa\u011flam\u0131\u015ft\u0131r.<\/p>\n<p>FMP, k\u00fcresel ortakl\u0131klara her zaman a\u00e7\u0131k olup, m\u00fc\u015fterilerimizin \u00e7e\u015fitli ihtiya\u00e7lar\u0131n\u0131 kar\u015f\u0131layan uzman tavsiyeleri ve \u00f6zelle\u015ftirilmi\u015f \u00e7\u00f6z\u00fcmler sunmaya kendini adam\u0131\u015ft\u0131r. Sadece \u00fcr\u00fcn tedarik etmenin \u00f6tesine ge\u00e7erek, her projenin ba\u015far\u0131s\u0131na katk\u0131da bulunan kal\u0131c\u0131 ili\u015fkiler kurmay\u0131 hedefliyoruz. \u0130ster yeni bir giri\u015fim i\u00e7in yenilik\u00e7i \u00e7\u00f6z\u00fcmlere, ister mevcut bir sistem i\u00e7in s\u00fcrekli deste\u011fe ihtiyac\u0131n\u0131z olsun, FMP teknik zorluklar\u0131n\u0131z\u0131n \u00fcstesinden gelmek ve ba\u015far\u0131n\u0131z\u0131n devam\u0131n\u0131 sa\u011flamak i\u00e7in burada.<\/p>\n<p><img loading=\"lazy\" decoding=\"async\" class=\"alignnone size-full wp-image-1861\" src=\"https:\/\/fmp-components.com\/wp-content\/uploads\/2024\/12\/Other-Agricultural-Gearboxes.webp\" sizes=\"(min-width: 0px) and (max-width: 480px) 480px, (min-width: 481px) and (max-width: 980px) 980px, (min-width: 981px) 1200px, 100vw\" srcset=\"https:\/\/fmp-components.com\/wp-content\/uploads\/2024\/12\/Other-Agricultural-Gearboxes.webp 1200w, https:\/\/fmp-components.com\/wp-content\/uploads\/2024\/12\/Other-Agricultural-Gearboxes-980x1143.webp 980w, https:\/\/fmp-components.com\/wp-content\/uploads\/2024\/12\/Other-Agricultural-Gearboxes-480x560.webp 480w\" alt=\"Altri-cambi-agricoli\" width=\"1200\" height=\"1400\" title=\"\"><\/p>\n<p>Yazar: CX<\/p>\n<p>&nbsp;<\/p>","protected":false},"excerpt":{"rendered":"<p>Specifications of\u00a0Fertilizer Spreader Gearbox L-150C Input Ratio (i) 1.35 Input Speed (N1 [rpm]) 540 Input Power (P1 [kW]) 9.9 Output Torque (M2 [Nm]) 126 Features of Fertilizer Spreader Gearbox High Precision and Efficiency The fertilizer spreader gearbox is engineered to provide precise and efficient power transmission for agricultural spreaders. It ensures that the gear ratio [&hellip;]<\/p>","protected":false},"featured_media":2150,"comment_status":"open","ping_status":"closed","template":"","meta":{"_et_pb_use_builder":"","_et_pb_old_content":"","_et_gb_content_width":""},"product_brand":[],"product_cat":[54],"product_tag":[],"class_list":{"0":"post-2148","1":"product","2":"type-product","3":"status-publish","4":"has-post-thumbnail","6":"product_cat-fertilizer-spreader-gearbox","8":"first","9":"instock","10":"shipping-taxable","11":"product-type-simple"},"_links":{"self":[{"href":"https:\/\/fmp-components.com\/tr\/wp-json\/wp\/v2\/product\/2148","targetHints":{"allow":["GET"]}}],"collection":[{"href":"https:\/\/fmp-components.com\/tr\/wp-json\/wp\/v2\/product"}],"about":[{"href":"https:\/\/fmp-components.com\/tr\/wp-json\/wp\/v2\/types\/product"}],"replies":[{"embeddable":true,"href":"https:\/\/fmp-components.com\/tr\/wp-json\/wp\/v2\/comments?post=2148"}],"wp:featuredmedia":[{"embeddable":true,"href":"https:\/\/fmp-components.com\/tr\/wp-json\/wp\/v2\/media\/2150"}],"wp:attachment":[{"href":"https:\/\/fmp-components.com\/tr\/wp-json\/wp\/v2\/media?parent=2148"}],"wp:term":[{"taxonomy":"product_brand","embeddable":true,"href":"https:\/\/fmp-components.com\/tr\/wp-json\/wp\/v2\/product_brand?post=2148"},{"taxonomy":"product_cat","embeddable":true,"href":"https:\/\/fmp-components.com\/tr\/wp-json\/wp\/v2\/product_cat?post=2148"},{"taxonomy":"product_tag","embeddable":true,"href":"https:\/\/fmp-components.com\/tr\/wp-json\/wp\/v2\/product_tag?post=2148"}],"curies":[{"name":"wp","href":"https:\/\/api.w.org\/{rel}","templated":true}]}}