{"id":2142,"date":"2024-12-30T06:40:20","date_gmt":"2024-12-30T06:40:20","guid":{"rendered":"https:\/\/fmp-components.com\/?page_id=8"},"modified":"2024-12-30T08:07:38","modified_gmt":"2024-12-30T08:07:38","slug":"fertilizer-spreader-gearbox-replacement-of-comer-code-l-150j","status":"publish","type":"product","link":"https:\/\/fmp-components.com\/tr\/product\/fertilizer-spreader-gearbox-replacement-of-comer-code-l-150j\/","title":{"rendered":"G\u00fcbre Serpme Makinesi \u015eanz\u0131man Kutusu \u2013 K\u00f6\u015fe Kodu L-150J'nin De\u011fi\u015ftirilmesi"},"content":{"rendered":"<p><img loading=\"lazy\" decoding=\"async\" class=\"size-full wp-image-2146 aligncenter\" src=\"https:\/\/fmp-components.com\/wp-content\/uploads\/2024\/12\/fertilizer-spreader-gearbox-l150j.webp\" alt=\"g\u00fcbre-serpme-\u015fanz\u0131man-l150j\" width=\"300\" height=\"300\" title=\"\" srcset=\"https:\/\/fmp-components.com\/wp-content\/uploads\/2024\/12\/fertilizer-spreader-gearbox-l150j.webp 300w, https:\/\/fmp-components.com\/wp-content\/uploads\/2024\/12\/fertilizer-spreader-gearbox-l150j-150x150.webp 150w, https:\/\/fmp-components.com\/wp-content\/uploads\/2024\/12\/fertilizer-spreader-gearbox-l150j-12x12.webp 12w, https:\/\/fmp-components.com\/wp-content\/uploads\/2024\/12\/fertilizer-spreader-gearbox-l150j-100x100.webp 100w\" sizes=\"(max-width: 300px) 100vw, 300px\" \/><\/p>\n<table style=\"width: 100%;\" border=\"1\" width=\"100%\" cellspacing=\"0\" cellpadding=\"0\">\n<tbody>\n<tr>\n<th>Teknik \u00d6zellikler<\/th>\n<td>FMP-L150J \u015fanz\u0131man oran\u0131 1:1.93't\u00fcr.<\/td>\n<\/tr>\n<tr>\n<th>Giri\u015f Mili<\/th>\n<td>1-3\/8\u2033 yuvarlak delik<\/td>\n<\/tr>\n<tr>\n<th>\u00c7\u0131k\u0131\u015f Mili<\/th>\n<td>Konik spline'lar ve bur\u00e7lar ayr\u0131ca sipari\u015f edilmelidir.<\/td>\n<\/tr>\n<tr>\n<th>\u015eanz\u0131man Derecesi<\/th>\n<td>540 devirde 60 beygir<\/td>\n<\/tr>\n<tr>\n<th>Rotasyon<\/th>\n<td>CCW (Saat y\u00f6n\u00fcn\u00fcn tersine)<\/td>\n<\/tr>\n<tr>\n<th>Uyumluluk<\/th>\n<td>K\u00f6\u015fe D\u00f6ner Kesicilerin De\u011fi\u015ftirilmesine Uygun<\/td>\n<\/tr>\n<tr>\n<th>Montaj Deseni<\/th>\n<td>203,2 mm<\/td>\n<\/tr>\n<tr>\n<th>Ba\u015fvuru<\/th>\n<td>G\u00fcbreler<\/td>\n<\/tr>\n<tr>\n<th>G\u00f6vde Malzemesi<\/th>\n<td>Al\u00fcminyum<\/td>\n<\/tr>\n<tr>\n<th>Giri\u015f \u015eaft\u0131<\/th>\n<td>\u03a1\u03a4\u039f \u03a635\/\u03966 (1 3\/8\u2033 z6)<\/td>\n<\/tr>\n<tr>\n<th>\u00c7\u0131k\u0131\u015f \u015eaft\u0131<\/th>\n<td>\u0130ki dikey delikli \u03a625 mm. Kama yuvas\u0131 mevcut de\u011fildir.<\/td>\n<\/tr>\n<tr>\n<th>540 devirde Giri\u015f G\u00fcc\u00fc<\/th>\n<td>8 kW<\/td>\n<\/tr>\n<tr>\n<th>Ya\u011flama<\/th>\n<td>Gres. Dahil de\u011fildir.<\/td>\n<\/tr>\n<\/tbody>\n<\/table>\n<p><img loading=\"lazy\" decoding=\"async\" class=\"alignnone size-full wp-image-2145\" src=\"https:\/\/fmp-components.com\/wp-content\/uploads\/2024\/12\/fertilizer-spreader-gearbox-specifications-l150j.webp\" alt=\"g\u00fcbre-serpme makinesi-di\u015fli kutusu-\u00f6zellikleri-l150j\" width=\"971\" height=\"619\" title=\"\" srcset=\"https:\/\/fmp-components.com\/wp-content\/uploads\/2024\/12\/fertilizer-spreader-gearbox-specifications-l150j.webp 971w, https:\/\/fmp-components.com\/wp-content\/uploads\/2024\/12\/fertilizer-spreader-gearbox-specifications-l150j-480x306.webp 480w\" sizes=\"(min-width: 0px) and (max-width: 480px) 480px, (min-width: 481px) 971px, 100vw\" \/><\/p>\n<table style=\"width: 100.459%; height: 116px;\" border=\"1\">\n<tbody>\n<tr>\n<td rowspan=\"2\"><strong>N<sub>1<\/sub>[dev\/dak]<\/strong><\/td>\n<td rowspan=\"2\"><strong>P<sub>1<\/sub>[kW]<\/strong><\/td>\n<td rowspan=\"2\"><strong>M<sub>2<\/sub>[Nm]<\/strong><\/td>\n<td><strong>\u015eaft Tipi<\/strong><\/td>\n<td><strong>\u00a0<\/strong><\/td>\n<td rowspan=\"2\"><strong>Giri\u015f<\/strong><\/td>\n<\/tr>\n<tr>\n<td><strong>X<\/strong><\/td>\n<td><strong>Z<\/strong><\/td>\n<\/tr>\n<tr>\n<td>540<\/td>\n<td>8.0<\/td>\n<td>137<\/td>\n<td>\u03a625<\/td>\n<td>1\u201d 3\/8 Z6<\/td>\n<td>Z<\/td>\n<\/tr>\n<tr>\n<td>540<\/td>\n<td>8.0<\/td>\n<td>137<\/td>\n<td>\u03a625<\/td>\n<td>\u03a625<\/td>\n<td>Z<\/td>\n<\/tr>\n<tr>\n<td>540<\/td>\n<td>8.0<\/td>\n<td>137<\/td>\n<td>\u03a63\/4\u201d<\/td>\n<td>\u03a63\/4\u201d<\/td>\n<td>Z<\/td>\n<\/tr>\n<\/tbody>\n<\/table>\n<h3>G\u00fcbre Serpme Makinesi \u015eanz\u0131manlar\u0131 i\u00e7in PTO \u015eaftlar\u0131<\/h3>\n<p>G\u00fcbre serpme makinesi \u015fanz\u0131manlar\u0131ndaki PTO \u015faftlar\u0131, trakt\u00f6rden \u015fanz\u0131mana g\u00fc\u00e7 aktar\u0131m\u0131nda \u00f6nemli bir rol oynar ve serpme makinesinin verimli \u00e7al\u0131\u015fmas\u0131n\u0131 sa\u011flar. Y\u00fcksek performansl\u0131 uygulamalar i\u00e7in tasarlanan bu \u015faftlar, tar\u0131m alanlar\u0131na g\u00fcbre serpmenin zorlu ko\u015fullar\u0131na dayanacak \u015fekilde \u00fcretilmi\u015ftir. Sa\u011flam yap\u0131s\u0131 ve hassas m\u00fchendisli\u011fiyle PTO \u015faftlar\u0131, g\u00fcvenilir g\u00fc\u00e7 aktar\u0131m\u0131 sa\u011flayarak g\u00fcbre serpme makinesinin sorunsuz ve tutarl\u0131 \u00e7al\u0131\u015fmas\u0131na katk\u0131da bulunur.<\/p>\n<p>G\u00fcbre serpme makinesi \u015fanz\u0131manlar\u0131 i\u00e7in PTO \u015faftlar\u0131n\u0131n tasar\u0131m\u0131, dayan\u0131kl\u0131l\u0131\u011f\u0131 ve kullan\u0131m kolayl\u0131\u011f\u0131n\u0131 art\u0131ran \u00f6zellikler i\u00e7erir. Bu \u015faftlar, trakt\u00f6r ile serpme makinesi aras\u0131ndaki de\u011fi\u015fken a\u00e7\u0131lara ve hareketlere uyum sa\u011flayarak esneklik ve yumu\u015fak d\u00f6n\u00fc\u015f hareketi sa\u011flayan \u00fcniversal mafsallarla donat\u0131lm\u0131\u015ft\u0131r. \u015eaftlar ayr\u0131ca, a\u011f\u0131r hizmet tipi \u00e7al\u0131\u015fma s\u0131ras\u0131nda olu\u015fan tork ve gerilimi kar\u015f\u0131layacak \u015fekilde tasarlanm\u0131\u015f olup, zorlu ko\u015fullarda bile uzun s\u00fcreli g\u00fcvenilirlik sa\u011flar.<\/p>\n<p>FMP'nin g\u00fcbre serpme makinesi \u015fanz\u0131manlar\u0131 i\u00e7in PTO \u015faftlar\u0131, farkl\u0131 model ve makine gereksinimlerine uyacak \u015fekilde \u00e7e\u015fitli konfig\u00fcrasyonlarda mevcuttur. \u0130ster standart \u015faftlara ister \u00f6zel \u00e7\u00f6z\u00fcmlere ihtiyac\u0131n\u0131z olsun, FMP \u00e7ok \u00e7e\u015fitli tar\u0131m ekipmanlar\u0131yla uyumlu PTO \u015faftlar\u0131 sa\u011flar. Bu \u015faftlar, g\u00fcbre serpme makinesi \u015fanz\u0131manlar\u0131yla kusursuz entegrasyon sa\u011flayacak \u015fekilde tasarlanm\u0131\u015ft\u0131r ve optimum performans sa\u011flarken, tarla operasyonlar\u0131 s\u0131ras\u0131nda duru\u015f s\u00fcrelerini en aza indirir.<\/p>\n<p>Bu PTO \u015faftlar\u0131n\u0131n tasar\u0131m\u0131nda g\u00fcvenlik ve bak\u0131m kolayl\u0131\u011f\u0131 da \u00f6nemli hususlard\u0131r. Her \u015faft, bak\u0131m ve onar\u0131m i\u00e7in gereken s\u00fcreyi azaltarak kurulumunu, de\u011fi\u015ftirilmesini ve bak\u0131m\u0131n\u0131 kolayla\u015ft\u0131ran \u00f6zelliklerle \u00fcretilmi\u015ftir. Ayr\u0131ca, \u015faftlar, operat\u00f6rleri \u00e7al\u0131\u015fma s\u0131ras\u0131nda olas\u0131 tehlikelerden korumak i\u00e7in kalkanlar ve korumalar gibi g\u00fcvenlik \u00f6zellikleriyle donat\u0131lm\u0131\u015ft\u0131r.<\/p>\n<p>\u00d6zetle, g\u00fcbre serpme makinesi \u015fanz\u0131manlar\u0131ndaki PTO milleri, trakt\u00f6rden g\u00fcbre serpme makinesine g\u00fcc\u00fcn etkili bir \u015fekilde aktar\u0131lmas\u0131n\u0131 sa\u011flayan temel bile\u015fenlerdir. FMP'nin PTO milleri, ola\u011fan\u00fcst\u00fc performans, dayan\u0131kl\u0131l\u0131k ve kullan\u0131m kolayl\u0131\u011f\u0131 sunarak, tar\u0131m operat\u00f6rlerinin optimum \u00fcr\u00fcn b\u00fcy\u00fcmesi ve \u00e7iftlik verimlili\u011fi i\u00e7in kritik \u00f6neme sahip tutarl\u0131 ve verimli g\u00fcbre serpme i\u015flemi ger\u00e7ekle\u015ftirmelerine yard\u0131mc\u0131 olur.<\/p>\n<p><img loading=\"lazy\" decoding=\"async\" class=\"alignnone size-full wp-image-2170\" src=\"https:\/\/fmp-components.com\/wp-content\/uploads\/2024\/12\/PTO-Shafts-for-Agricultural-Fertilizer-Spreader-Gearbox-2.webp\" alt=\"Tar\u0131msal G\u00fcbre Da\u011f\u0131t\u0131c\u0131 \u015eanz\u0131man i\u00e7in PTO \u015eaftlar\u0131-2\" width=\"1200\" height=\"800\" title=\"\" srcset=\"https:\/\/fmp-components.com\/wp-content\/uploads\/2024\/12\/PTO-Shafts-for-Agricultural-Fertilizer-Spreader-Gearbox-2.webp 1200w, https:\/\/fmp-components.com\/wp-content\/uploads\/2024\/12\/PTO-Shafts-for-Agricultural-Fertilizer-Spreader-Gearbox-2-980x653.webp 980w, https:\/\/fmp-components.com\/wp-content\/uploads\/2024\/12\/PTO-Shafts-for-Agricultural-Fertilizer-Spreader-Gearbox-2-480x320.webp 480w\" sizes=\"(min-width: 0px) and (max-width: 480px) 480px, (min-width: 481px) and (max-width: 980px) 980px, (min-width: 981px) 1200px, 100vw\" \/><\/p>\n<h3>FMP Hakk\u0131nda<\/h3>\n<p>Merkezi \u0130talya'da bulunan FMP, \u00f6zellikle tar\u0131m makineleri sekt\u00f6r\u00fcne odaklanan y\u00fcksek performansl\u0131 di\u015fli kutular\u0131n\u0131n tasar\u0131m\u0131, geli\u015ftirilmesi ve \u00fcretimindeki uzmanl\u0131\u011f\u0131yla tan\u0131nan lider bir \u00fcreticidir. Hassas m\u00fchendislik, yenilik\u00e7i \u00e7\u00f6z\u00fcmler ve sars\u0131lmaz g\u00fcvenilirlik konusundaki itibar\u0131yla FMP, hem tar\u0131m hem de sanayi sekt\u00f6rlerinin de\u011fi\u015fen ihtiya\u00e7lar\u0131n\u0131 kar\u015f\u0131lamada g\u00fcvenilir bir ortak haline gelmi\u015ftir. Geni\u015f \u00fcr\u00fcn yelpazemiz, \u00e7im bi\u00e7me makineleri i\u00e7in \u00f6zel di\u015fli kutular\u0131, kuyruk mili milleri ve di\u011fer temel bile\u015fenleri i\u00e7erir ve hepsi geni\u015f bir uygulama yelpazesinde \u00f6zelle\u015ftirilmi\u015f \u00e7\u00f6z\u00fcmler sunmak \u00fczere titizlikle tasarlanm\u0131\u015ft\u0131r.<\/p>\n<p>FMP olarak, her m\u00fc\u015fterinin kendine \u00f6zg\u00fc gereksinimleri ve zorluklar\u0131 oldu\u011funun bilincindeyiz. Bu nedenle, ister bireysel bile\u015fenler ister tamamen entegre sistemler i\u00e7in olsun, \u00f6zel \u00e7\u00f6z\u00fcmler sunma konusunda uzmanla\u015f\u0131yoruz. M\u00fc\u015fterilerimizle yak\u0131n i\u015f birli\u011fi i\u00e7inde \u00e7al\u0131\u015farak her \u00e7\u00f6z\u00fcm\u00fcn yaln\u0131zca etkili de\u011fil, ayn\u0131 zamanda verimli olmas\u0131n\u0131, hem performans\u0131 hem de de\u011feri optimize etmesini sa\u011fl\u0131yoruz. H\u0131zl\u0131 ve profesyonel yan\u0131tlar sunma taahh\u00fcd\u00fcm\u00fcz ve uzman rehberli\u011fimiz, her sorunun en \u00fcst d\u00fczeyde \u00f6zen ve hassasiyetle ele al\u0131nmas\u0131n\u0131 ve m\u00fcmk\u00fcn olan en iyi sonu\u00e7lara ula\u015f\u0131lmas\u0131n\u0131 sa\u011flar.<\/p>\n<p>\u00dcr\u00fcn geli\u015ftirme s\u00fcrecinin tamam\u0131nda a\u00e7\u0131k ve s\u00fcrekli ileti\u015fime \u00f6ncelik veriyoruz. \u00d6zverili ekibimiz, m\u00fc\u015fterilerimizle do\u011frudan \u00e7al\u0131\u015farak \u00f6zel ihtiya\u00e7lar\u0131n\u0131 tam olarak anl\u0131yor ve en uygun \u00e7\u00f6z\u00fcmleri sa\u011flamak i\u00e7in de\u011ferli i\u00e7g\u00f6r\u00fcler ve \u00f6neriler sunuyor. \u0130ster yenilik\u00e7i \u00fcr\u00fcnler tasarl\u0131yor ister devam eden sipari\u015fleri kar\u015f\u0131l\u0131yor olun, FMP her seferinde zaman\u0131nda, y\u00fcksek kaliteli ve hassas m\u00fchendislik \u00e7\u00f6z\u00fcmleri sunmaya kendini adam\u0131\u015ft\u0131r. Amac\u0131m\u0131z, m\u00fc\u015fterilerimize en iyi hizmeti ve sonu\u00e7lar\u0131 sunarak her projede beklentileri a\u015fmakt\u0131r.<\/p>\n<p>Kalite, FMP'nin faaliyetlerinin temel ta\u015f\u0131d\u0131r. En y\u00fcksek \u00fcretim standartlar\u0131na ba\u011fl\u0131 kalarak, her \u00fcr\u00fcn\u00fcn sekt\u00f6r standartlar\u0131n\u0131 kar\u015f\u0131lamas\u0131n\u0131 ve hatta a\u015fmas\u0131n\u0131 sa\u011flamak i\u00e7in s\u0131k\u0131 kalite kontrol \u00f6nlemleri uyguluyoruz. Kaliteye olan bu sars\u0131lmaz ba\u011fl\u0131l\u0131\u011f\u0131m\u0131z, d\u00fcr\u00fcstl\u00fck, ekip \u00e7al\u0131\u015fmas\u0131 ve azim gibi temel de\u011ferlerimizle birle\u015ferek, d\u00fcnya \u00e7ap\u0131nda yakla\u015f\u0131k 30 \u00fclkedeki m\u00fc\u015fterilerimizle uzun s\u00fcreli, g\u00fcvene dayal\u0131 ili\u015fkiler kurmam\u0131z\u0131 sa\u011flam\u0131\u015ft\u0131r.<\/p>\n<p>FMP, k\u00fcresel ortakl\u0131klara her zaman a\u00e7\u0131k olup, m\u00fc\u015fterilerimizin \u00e7e\u015fitli ihtiya\u00e7lar\u0131n\u0131 kar\u015f\u0131layan uzman tavsiyeleri ve \u00f6zelle\u015ftirilmi\u015f \u00e7\u00f6z\u00fcmler sunmaya kendini adam\u0131\u015ft\u0131r. Sadece \u00fcr\u00fcn tedarik etmenin \u00f6tesine ge\u00e7erek, her projenin ba\u015far\u0131s\u0131na katk\u0131da bulunan kal\u0131c\u0131 ili\u015fkiler kurmay\u0131 hedefliyoruz. \u0130ster yeni bir giri\u015fim i\u00e7in yenilik\u00e7i \u00e7\u00f6z\u00fcmlere, ister mevcut bir sistem i\u00e7in s\u00fcrekli deste\u011fe ihtiyac\u0131n\u0131z olsun, FMP teknik zorluklar\u0131n\u0131z\u0131n \u00fcstesinden gelmek ve ba\u015far\u0131n\u0131z\u0131n devam\u0131n\u0131 sa\u011flamak i\u00e7in burada.<\/p>\n<p><img loading=\"lazy\" decoding=\"async\" class=\"alignnone size-full wp-image-1861\" src=\"https:\/\/fmp-components.com\/wp-content\/uploads\/2024\/12\/Other-Agricultural-Gearboxes.webp\" sizes=\"(min-width: 0px) and (max-width: 480px) 480px, (min-width: 481px) and (max-width: 980px) 980px, (min-width: 981px) 1200px, 100vw\" srcset=\"https:\/\/fmp-components.com\/wp-content\/uploads\/2024\/12\/Other-Agricultural-Gearboxes.webp 1200w, https:\/\/fmp-components.com\/wp-content\/uploads\/2024\/12\/Other-Agricultural-Gearboxes-980x1143.webp 980w, https:\/\/fmp-components.com\/wp-content\/uploads\/2024\/12\/Other-Agricultural-Gearboxes-480x560.webp 480w\" alt=\"Altri-cambi-agricoli\" width=\"1200\" height=\"1400\" title=\"\"><\/p>\n<p>Yazar: CX<\/p>","protected":false},"excerpt":{"rendered":"<p>Technical Features The FMP-L150J gearbox ratio is 1:1.93. Input Shaft 1-3\/8&#8243; round bore Output Shaft Tapered splines, bushing must be ordered separately. Gearbox Rating 60 hp at 540 rpm Rotation CCW (Counter-clockwise) Compatibility Fits Replacement of Comer Rotary Cutters Mounting Pattern 203.2 mm Application Fertilizers Body Material Aluminum Entry Shaft \u03a1\u03a4\u039f \u03a635\/\u03966 (1 3\/8&#8243; z6) [&hellip;]<\/p>","protected":false},"featured_media":2147,"comment_status":"open","ping_status":"closed","template":"","meta":{"_et_pb_use_builder":"","_et_pb_old_content":"","_et_gb_content_width":""},"product_brand":[],"product_cat":[54],"product_tag":[],"class_list":{"0":"post-2142","1":"product","2":"type-product","3":"status-publish","4":"has-post-thumbnail","6":"product_cat-fertilizer-spreader-gearbox","8":"first","9":"instock","10":"shipping-taxable","11":"product-type-simple"},"_links":{"self":[{"href":"https:\/\/fmp-components.com\/tr\/wp-json\/wp\/v2\/product\/2142","targetHints":{"allow":["GET"]}}],"collection":[{"href":"https:\/\/fmp-components.com\/tr\/wp-json\/wp\/v2\/product"}],"about":[{"href":"https:\/\/fmp-components.com\/tr\/wp-json\/wp\/v2\/types\/product"}],"replies":[{"embeddable":true,"href":"https:\/\/fmp-components.com\/tr\/wp-json\/wp\/v2\/comments?post=2142"}],"wp:featuredmedia":[{"embeddable":true,"href":"https:\/\/fmp-components.com\/tr\/wp-json\/wp\/v2\/media\/2147"}],"wp:attachment":[{"href":"https:\/\/fmp-components.com\/tr\/wp-json\/wp\/v2\/media?parent=2142"}],"wp:term":[{"taxonomy":"product_brand","embeddable":true,"href":"https:\/\/fmp-components.com\/tr\/wp-json\/wp\/v2\/product_brand?post=2142"},{"taxonomy":"product_cat","embeddable":true,"href":"https:\/\/fmp-components.com\/tr\/wp-json\/wp\/v2\/product_cat?post=2142"},{"taxonomy":"product_tag","embeddable":true,"href":"https:\/\/fmp-components.com\/tr\/wp-json\/wp\/v2\/product_tag?post=2142"}],"curies":[{"name":"wp","href":"https:\/\/api.w.org\/{rel}","templated":true}]}}