{"id":2111,"date":"2024-12-30T05:16:14","date_gmt":"2024-12-30T05:16:14","guid":{"rendered":"https:\/\/fmp-components.com\/?page_id=8"},"modified":"2024-12-30T05:23:39","modified_gmt":"2024-12-30T05:23:39","slug":"rotary-tillers-gearboxes-replacement-of-comer-code-tb-278c-11","status":"publish","type":"product","link":"https:\/\/fmp-components.com\/tr\/product\/rotary-tillers-gearboxes-replacement-of-comer-code-tb-278c-11\/","title":{"rendered":"D\u00f6ner T\u0131rm\u0131k Red\u00fckt\u00f6rleri \u2013 K\u00f6\u015fe Kodu TB-278C 1:1 De\u011fi\u015fimi"},"content":{"rendered":"<p style=\"text-align: center;\"><span style=\"font-size: 18pt;\">D\u00f6ner T\u0131rm\u0131k Red\u00fckt\u00f6rleri \u2013 K\u00f6\u015fe Kodu TB-278C 1:1 De\u011fi\u015fimi<\/span><\/p>\n<p>D\u00f6ner T\u0131rm\u0131k \u015eanz\u0131man\u0131 - Comer Kod TB-278C 1:1 Yedek \u015eanz\u0131man, \u00f6zellikle d\u00f6ner t\u0131rm\u0131klarda kullan\u0131lmak \u00fczere tasarlanm\u0131\u015f, y\u00fcksek performansl\u0131 ve dayan\u0131kl\u0131 bir \u015fanz\u0131mand\u0131r ve toprak haz\u0131rlama ve arazi i\u015fleme i\u00e7in verimli bir \u00e7\u00f6z\u00fcm sunar. Bu yedek \u015fanz\u0131man, trakt\u00f6r\u00fcn PTO'sundan t\u0131rm\u0131k b\u0131\u00e7aklar\u0131na g\u00fcvenilir g\u00fc\u00e7 aktar\u0131m\u0131 sa\u011flamak \u00fczere tasarlanm\u0131\u015ft\u0131r ve zorlu tar\u0131m ko\u015fullar\u0131nda bile sorunsuz \u00e7al\u0131\u015fma sa\u011flar.<\/p>\n<p>TB-278C \u015fanz\u0131man\u0131n temel \u00f6zellikleri aras\u0131nda, hafif tar\u0131m uygulamalar\u0131ndan a\u011f\u0131r tar\u0131m uygulamalar\u0131na kadar \u00e7e\u015fitli toprak tiplerinde son derece etkili olmas\u0131n\u0131 sa\u011flayan, toprak i\u015fleme operasyonlar\u0131 i\u00e7in optimum g\u00fc\u00e7 aktar\u0131m\u0131 sa\u011flayan 1:1 di\u015fli oran\u0131 yer al\u0131r. Sa\u011flam yap\u0131s\u0131, a\u015f\u0131nma ve y\u0131pranmaya kar\u015f\u0131 diren\u00e7 sa\u011flayarak \u015fanz\u0131man\u0131n \u00f6mr\u00fcn\u00fc uzat\u0131r ve bak\u0131m maliyetlerini d\u00fc\u015f\u00fcr\u00fcr. Ayr\u0131ca, kolay montaj i\u00e7in tasarlanan \u015fanz\u0131man, Comer TB-278C \u015fanz\u0131man\u0131n do\u011frudan yerine ge\u00e7erek ar\u0131za s\u00fcresini en aza indirir ve tarlada s\u00fcrekli \u00fcretkenli\u011fi garanti eder.<\/p>\n<p>TB-278C \u015fanz\u0131man, hassas m\u00fchendislik ve y\u00fcksek kaliteli malzemelerle \u00fcretilmi\u015ftir ve bu sayede hem k\u00fc\u00e7\u00fck \u00f6l\u00e7ekli \u00e7iftlikler hem de b\u00fcy\u00fck \u00f6l\u00e7ekli tar\u0131m i\u015fletmeleri i\u00e7in g\u00fcvenilir bir se\u00e7imdir. Tasar\u0131m\u0131, verimli enerji aktar\u0131m\u0131 sa\u011flayarak k\u00fcltivat\u00f6r\u00fcn performans\u0131n\u0131 en \u00fcst d\u00fczeye \u00e7\u0131kar\u0131r ve yak\u0131t verimlili\u011fini art\u0131r\u0131r.<\/p>\n<p>Bu yedek \u015fanz\u0131man, d\u00f6ner \u00e7apa makinelerinin performans\u0131n\u0131 korumak i\u00e7in y\u00fcksek kaliteli ve uygun maliyetli bir \u00e7\u00f6z\u00fcm arayan \u00e7ift\u00e7iler i\u00e7in idealdir. \u0130ster y\u0131pranm\u0131\u015f bir \u015fanz\u0131man\u0131 de\u011fi\u015ftirin, ister eski bir modeli y\u00fckseltin, TB-278C optimum toprak i\u015fleme performans\u0131 ve artan verimlilik sa\u011flar. \u015eanz\u0131man ayr\u0131ca, modern tar\u0131m\u0131n y\u00fcksek taleplerini kar\u015f\u0131lamak i\u00e7in s\u0131k\u0131 kalite kontrol standartlar\u0131ndan da yararlan\u0131r.<\/p>\n<p>D\u00f6ner T\u0131rm\u0131k \u015eanz\u0131man\u0131 - Comer Kod TB-278C 1:1 De\u011fi\u015fimi, d\u00f6ner t\u0131rm\u0131k makineleri i\u00e7in dayan\u0131kl\u0131, verimli ve uygun maliyetli bir \u00e7\u00f6z\u00fcm sunar. G\u00fcvenilirlik, hassasiyet ve performansa odaklanan bu \u015fanz\u0131man, operasyonel verimlili\u011fi art\u0131rmaya ve tar\u0131m ekipman\u0131n\u0131z\u0131n \u00f6mr\u00fcn\u00fc uzatmaya yard\u0131mc\u0131 olur.<\/p>\n<table style=\"width: 100%;\" border=\"1\" width=\"100%\" cellspacing=\"0\" cellpadding=\"0\">\n<tbody>\n<tr>\n<th>Tan\u0131m<\/th>\n<td>D\u00f6ner T\u0131rm\u0131k Red\u00fckt\u00f6rleri, D\u00f6ner T\u0131rm\u0131k Red\u00fckt\u00f6rleri \u2013 K\u00f6\u015fe Kodu TB-278C'nin 1:1 Oran\u0131nda De\u011fi\u015ftirilmesi<\/td>\n<\/tr>\n<tr>\n<th>Ba\u015fvuru<\/th>\n<td>\u00c7e\u015fitli (tar\u0131msal) uygulamalar,<br \/>\nBi\u00e7me makineleri,<br \/>\nSeri de\u011firmen<\/td>\n<\/tr>\n<tr>\n<th>\u015eunlardan olu\u015fur:<\/th>\n<td>Vites kutusu<\/td>\n<\/tr>\n<tr>\n<th>Ya\u011f\u0131 Ayr\u0131 Olarak Sipari\u015f Edin<\/th>\n<td>Teknik Bilgiler<\/td>\n<\/tr>\n<tr>\n<th><\/th>\n<td>T\u00fcm teknik veriler ISO 6335 ve ISO 281'e uygundur.<\/td>\n<\/tr>\n<tr>\n<th>Maksimum Giri\u015f G\u00fcc\u00fc<\/th>\n<td>40,5 kW<\/td>\n<\/tr>\n<tr>\n<th>Maksimum \u00c7\u0131k\u0131\u015f Torku<\/th>\n<td>695 Nm<\/td>\n<\/tr>\n<tr>\n<th>Ya\u011f \u0130\u00e7erir<\/th>\n<td>HAYIR<\/td>\n<\/tr>\n<tr>\n<th>Maksimum Ya\u011f Kapasitesi<\/th>\n<td>1,6 litre<\/td>\n<\/tr>\n<tr>\n<th>Ya\u011f SAE Viskozite S\u0131n\u0131f\u0131<\/th>\n<td>80W-90<\/td>\n<\/tr>\n<tr>\n<th>A\u011f\u0131rl\u0131k<\/th>\n<td>24 kilo<\/td>\n<\/tr>\n<tr>\n<th>Vites D\u00fczenlemesi<\/th>\n<td>5 &#8211; 6<\/td>\n<\/tr>\n<tr>\n<th>Oran<\/th>\n<td>1 : 1<\/td>\n<\/tr>\n<tr>\n<th>Giri\u015f Mili<\/th>\n<td>Z<\/td>\n<\/tr>\n<tr>\n<th>\u015eaft X<\/th>\n<td>C<\/td>\n<\/tr>\n<tr>\n<th>\u015eaft Z<\/th>\n<td>1 3\/8\u2033 (6) (A)<\/td>\n<\/tr>\n<\/tbody>\n<\/table>\n<h3>D\u00f6ner T\u0131rm\u0131k Red\u00fckt\u00f6rleri \u2013 K\u00f6\u015fe Kodu TB-278C 1:1 De\u011fi\u015fimi<\/h3>\n<p>D\u00f6ner T\u0131rm\u0131k \u015eanz\u0131man\u0131 - Comer Kod TB-278C 1:1 Yedek \u015eanz\u0131man, \u00f6zellikle d\u00f6ner t\u0131rm\u0131klarda kullan\u0131lmak \u00fczere tasarlanm\u0131\u015f, y\u00fcksek performansl\u0131 ve dayan\u0131kl\u0131 bir \u015fanz\u0131mand\u0131r ve toprak haz\u0131rlama ve arazi i\u015fleme i\u00e7in verimli bir \u00e7\u00f6z\u00fcm sunar. Bu yedek \u015fanz\u0131man, trakt\u00f6r\u00fcn PTO'sundan t\u0131rm\u0131k b\u0131\u00e7aklar\u0131na g\u00fcvenilir g\u00fc\u00e7 aktar\u0131m\u0131 sa\u011flamak \u00fczere tasarlanm\u0131\u015ft\u0131r ve zorlu tar\u0131m ko\u015fullar\u0131nda bile sorunsuz \u00e7al\u0131\u015fma sa\u011flar.<\/p>\n<p>TB-278C \u015fanz\u0131man\u0131n temel \u00f6zellikleri aras\u0131nda, hafif tar\u0131m uygulamalar\u0131ndan a\u011f\u0131r tar\u0131m uygulamalar\u0131na kadar \u00e7e\u015fitli toprak tiplerinde son derece etkili olmas\u0131n\u0131 sa\u011flayan, toprak i\u015fleme operasyonlar\u0131 i\u00e7in optimum g\u00fc\u00e7 aktar\u0131m\u0131 sa\u011flayan 1:1 di\u015fli oran\u0131 yer al\u0131r. Sa\u011flam yap\u0131s\u0131, a\u015f\u0131nma ve y\u0131pranmaya kar\u015f\u0131 diren\u00e7 sa\u011flayarak \u015fanz\u0131man\u0131n \u00f6mr\u00fcn\u00fc uzat\u0131r ve bak\u0131m maliyetlerini d\u00fc\u015f\u00fcr\u00fcr. Ayr\u0131ca, kolay montaj i\u00e7in tasarlanan \u015fanz\u0131man, Comer TB-278C \u015fanz\u0131man\u0131n do\u011frudan yerine ge\u00e7erek ar\u0131za s\u00fcresini en aza indirir ve tarlada s\u00fcrekli \u00fcretkenli\u011fi garanti eder.<\/p>\n<p>TB-278C \u015fanz\u0131man, hassas m\u00fchendislik ve y\u00fcksek kaliteli malzemelerle \u00fcretilmi\u015ftir ve bu sayede hem k\u00fc\u00e7\u00fck \u00f6l\u00e7ekli \u00e7iftlikler hem de b\u00fcy\u00fck \u00f6l\u00e7ekli tar\u0131m i\u015fletmeleri i\u00e7in g\u00fcvenilir bir se\u00e7imdir. Tasar\u0131m\u0131, verimli enerji aktar\u0131m\u0131 sa\u011flayarak k\u00fcltivat\u00f6r\u00fcn performans\u0131n\u0131 en \u00fcst d\u00fczeye \u00e7\u0131kar\u0131r ve yak\u0131t verimlili\u011fini art\u0131r\u0131r.<\/p>\n<p>Bu yedek \u015fanz\u0131man, d\u00f6ner \u00e7apa makinelerinin performans\u0131n\u0131 korumak i\u00e7in y\u00fcksek kaliteli ve uygun maliyetli bir \u00e7\u00f6z\u00fcm arayan \u00e7ift\u00e7iler i\u00e7in idealdir. \u0130ster y\u0131pranm\u0131\u015f bir \u015fanz\u0131man\u0131 de\u011fi\u015ftirin, ister eski bir modeli y\u00fckseltin, TB-278C optimum toprak i\u015fleme performans\u0131 ve artan verimlilik sa\u011flar. \u015eanz\u0131man ayr\u0131ca, modern tar\u0131m\u0131n y\u00fcksek taleplerini kar\u015f\u0131lamak i\u00e7in s\u0131k\u0131 kalite kontrol standartlar\u0131ndan da yararlan\u0131r.<\/p>\n<p>\u00d6zetle, D\u00f6ner T\u0131rm\u0131k \u015eanz\u0131man\u0131 - Comer Kod TB-278C 1:1 De\u011fi\u015fimi, d\u00f6ner t\u0131rm\u0131k makineleri i\u00e7in dayan\u0131kl\u0131, verimli ve uygun maliyetli bir \u00e7\u00f6z\u00fcm sunar. G\u00fcvenilirlik, hassasiyet ve performansa odaklanan bu \u015fanz\u0131man, operasyonel verimlili\u011fi art\u0131rmaya ve tar\u0131m ekipman\u0131n\u0131z\u0131n \u00f6mr\u00fcn\u00fc uzatmaya yard\u0131mc\u0131 olur.<\/p>\n<p><img loading=\"lazy\" decoding=\"async\" class=\"alignnone size-full wp-image-2102\" src=\"https:\/\/fmp-components.com\/wp-content\/uploads\/2024\/12\/PTO-Shaft-for-Rotary-Tiller-Gearbox.webp\" alt=\"D\u00f6ner T\u0131rm\u0131k \u015eanz\u0131man i\u00e7in PTO \u015eaft\u0131\" width=\"1000\" height=\"600\" title=\"\" srcset=\"https:\/\/fmp-components.com\/wp-content\/uploads\/2024\/12\/PTO-Shaft-for-Rotary-Tiller-Gearbox.webp 1000w, https:\/\/fmp-components.com\/wp-content\/uploads\/2024\/12\/PTO-Shaft-for-Rotary-Tiller-Gearbox-980x588.webp 980w, https:\/\/fmp-components.com\/wp-content\/uploads\/2024\/12\/PTO-Shaft-for-Rotary-Tiller-Gearbox-480x288.webp 480w\" sizes=\"(min-width: 0px) and (max-width: 480px) 480px, (min-width: 481px) and (max-width: 980px) 980px, (min-width: 981px) 1000px, 100vw\" \/><\/p>\n<h2>D\u00f6ner T\u0131rm\u0131k \u015eanz\u0131manlar\u0131 i\u00e7in PTO \u015eaftlar\u0131<\/h2>\n<p>D\u00f6ner k\u00fcltivat\u00f6r di\u015fli kutular\u0131 i\u00e7in PTO milleri, modern tar\u0131mda hayati \u00f6nem ta\u015f\u0131yan bile\u015fenlerdir ve trakt\u00f6r\u00fcn g\u00fc\u00e7 aktarma (PTO) sistemi ile d\u00f6ner k\u00fcltivat\u00f6r di\u015fli kutusu aras\u0131nda temel ba\u011flant\u0131y\u0131 sa\u011flar. Bu miller, trakt\u00f6r motorundan toprak i\u015fleme mekanizmas\u0131na mekanik g\u00fc\u00e7 iletmek \u00fczere tasarlanm\u0131\u015ft\u0131r ve b\u00f6ylece k\u00fcltivat\u00f6r b\u0131\u00e7aklar\u0131n\u0131n d\u00f6nmesini ve verimli bir \u015fekilde toprak i\u015fleme yapmas\u0131n\u0131 sa\u011flar. G\u00fc\u00e7 aktar\u0131m\u0131n\u0131 kolayla\u015ft\u0131ran PTO milleri, toprak haz\u0131rl\u0131\u011f\u0131ndan arazi bak\u0131m\u0131na kadar \u00e7e\u015fitli tar\u0131msal uygulamalarda optimum toprak i\u015fleme performans\u0131 sa\u011flar.<\/p>\n<p>Dayan\u0131kl\u0131l\u0131k ve g\u00fcvenilirlik, d\u00f6ner k\u00fcltivat\u00f6r di\u015fli kutular\u0131 i\u00e7in PTO \u015faftlar\u0131n\u0131n temel \u00f6zellikleridir. Y\u00fcksek mukavemetli \u00e7elik veya di\u011fer dayan\u0131kl\u0131 malzemelerden \u00fcretilen bu \u015faftlar, a\u011f\u0131r tar\u0131m i\u015flerinin getirdi\u011fi streslere dayanacak \u015fekilde \u00fcretilmi\u015ftir. Zorlu arazilerde veya zorlu \u00e7evre ko\u015fullar\u0131nda, PTO \u015faftlar\u0131 tutarl\u0131 ve uzun \u00f6m\u00fcrl\u00fc performans sunmak, s\u0131k bak\u0131m ihtiyac\u0131n\u0131 azaltmak ve kritik tar\u0131m sezonlar\u0131nda duru\u015f s\u00fcrelerini en aza indirmek \u00fczere tasarlanm\u0131\u015ft\u0131r.<\/p>\n<p>PTO \u015faftlar\u0131n\u0131n bir di\u011fer \u00f6nemli \u00f6zelli\u011fi de kolay tak\u0131l\u0131p \u00e7\u0131kar\u0131labilmeleridir. Bu \u015faftlar, hem trakt\u00f6re hem de k\u00fcltivat\u00f6r di\u015fli kutusuna h\u0131zl\u0131 ba\u011flant\u0131 i\u00e7in tasarlanm\u0131\u015ft\u0131r ve \u00e7e\u015fitli ekipman modelleriyle kusursuz entegrasyon sa\u011flar. H\u0131zl\u0131 ba\u011flant\u0131 mekanizmas\u0131, \u00e7ift\u00e7ilerin farkl\u0131 ekipmanlar aras\u0131nda kolayca ge\u00e7i\u015f yapmalar\u0131n\u0131 sa\u011flayarak operasyonel verimlili\u011fi art\u0131r\u0131r ve g\u00f6rev veya ekipman de\u011fi\u015ftirirken kurulum s\u00fcresini k\u0131salt\u0131r.<\/p>\n<p>D\u00f6ner k\u00fcltivat\u00f6r di\u015fli kutular\u0131 i\u00e7in PTO \u015faftlar\u0131nda g\u00fcvenlik de en \u00f6nemli \u00f6nceliktir. Bu \u015faftlar, \u00e7al\u0131\u015fma s\u0131ras\u0131nda kazalar\u0131 \u00f6nlemek ve hasar\u0131 en aza indirmek i\u00e7in tasarlanm\u0131\u015f koruyucu muhafazalar, kayar kavramalar ve di\u011fer g\u00fcvenlik \u00f6zellikleriyle donat\u0131lm\u0131\u015ft\u0131r. PTO \u015faftlar\u0131, trakt\u00f6r ile k\u00fcltivat\u00f6r aras\u0131nda g\u00fcvenli ve emniyetli bir ba\u011flant\u0131 sa\u011flayarak, \u00f6zellikle y\u00fcksek tork ko\u015fullar\u0131nda \u00e7al\u0131\u015fma s\u0131ras\u0131nda ekipman ar\u0131zas\u0131 veya yaralanma riskini azalt\u0131r.<\/p>\n<p>Son olarak, d\u00f6ner k\u00fcltivat\u00f6r di\u015fli kutular\u0131 i\u00e7in PTO \u015faftlar\u0131, \u00e7e\u015fitli k\u00fcltivat\u00f6r modellerine ve trakt\u00f6r tiplerine uyacak \u015fekilde \u00e7e\u015fitli uzunluklar, konfig\u00fcrasyonlar ve tasar\u0131mlar sunarak son derece \u00f6zelle\u015ftirilebilir. \u00d6zelle\u015ftirme, PTO \u015faft\u0131n\u0131n her \u00e7iftli\u011fin \u00f6zel ihtiya\u00e7lar\u0131na m\u00fckemmel \u015fekilde uymas\u0131n\u0131 sa\u011flayarak d\u00f6ner k\u00fcltivat\u00f6r\u00fcn verimlili\u011fini ve performans\u0131n\u0131 en \u00fcst d\u00fczeye \u00e7\u0131kar\u0131r. Do\u011fru PTO \u015faft\u0131 ile \u00e7ift\u00e7iler, optimum \u00fcr\u00fcn b\u00fcy\u00fcmesi i\u00e7in sorunsuz ve etkili toprak haz\u0131rl\u0131\u011f\u0131 sa\u011flayarak \u00fcretkenliklerini art\u0131rabilirler.<\/p>\n<p><img loading=\"lazy\" decoding=\"async\" class=\"alignnone size-full wp-image-2088\" src=\"https:\/\/fmp-components.com\/wp-content\/uploads\/2024\/12\/Agricultural-Gearbox-and-PTO-Drive-Shaft1.webp\" alt=\"Tar\u0131msal-\u015eanz\u0131man-ve-PTO-Tahrik-Mili\" width=\"1200\" height=\"540\" title=\"\" srcset=\"https:\/\/fmp-components.com\/wp-content\/uploads\/2024\/12\/Agricultural-Gearbox-and-PTO-Drive-Shaft1.webp 1200w, https:\/\/fmp-components.com\/wp-content\/uploads\/2024\/12\/Agricultural-Gearbox-and-PTO-Drive-Shaft1-980x441.webp 980w, https:\/\/fmp-components.com\/wp-content\/uploads\/2024\/12\/Agricultural-Gearbox-and-PTO-Drive-Shaft1-480x216.webp 480w\" sizes=\"(min-width: 0px) and (max-width: 480px) 480px, (min-width: 481px) and (max-width: 980px) 980px, (min-width: 981px) 1200px, 100vw\" \/><\/p>\n<h3>FMP Hakk\u0131nda<\/h3>\n<p>\u0130talya merkezli FMP, \u00f6zellikle tar\u0131m makineleri sekt\u00f6r\u00fc i\u00e7in y\u00fcksek performansl\u0131 di\u015fli kutular\u0131 tasarlama, geli\u015ftirme ve \u00fcretme konusundaki uzmanl\u0131\u011f\u0131yla tan\u0131nan lider bir \u00fcreticidir. Hassas m\u00fchendislik, yenilik\u00e7ilik ve e\u015fsiz g\u00fcvenilirlik \u00fczerine kurulu itibar\u0131yla FMP, tar\u0131m ve end\u00fcstriyel pazarlar\u0131n dinamik taleplerini kar\u015f\u0131layan \u00fcst\u00fcn \u00fcr\u00fcnler sunmaya devam etmektedir. Geni\u015f \u00fcr\u00fcn portf\u00f6y\u00fcm\u00fcz, \u00e7im bi\u00e7me makineleri, PTO \u015faftlar\u0131 ve di\u011fer \u00f6nemli bile\u015fenler i\u00e7in \u00f6zel di\u015fli kutular\u0131 i\u00e7erir ve hepsi \u00e7ok \u00e7e\u015fitli uygulamalarda \u00f6zelle\u015ftirilmi\u015f \u00e7\u00f6z\u00fcmler sunmak \u00fczere tasarlanm\u0131\u015ft\u0131r.<\/p>\n<p>FMP olarak, her m\u00fc\u015fterinin kendine \u00f6zg\u00fc gereksinimleri oldu\u011funun bilincindeyiz. Bu nedenle, ister bireysel bile\u015fenler ister tamamen entegre sistemler olsun, \u00f6zel \u00e7\u00f6z\u00fcmler sunma konusunda uzmanla\u015f\u0131yoruz. Her \u00e7\u00f6z\u00fcm\u00fcn yaln\u0131zca etkili de\u011fil, ayn\u0131 zamanda verimli olmas\u0131n\u0131 ve maksimum de\u011fer sa\u011flamas\u0131n\u0131 sa\u011flamak i\u00e7in m\u00fc\u015fterilerimizle yak\u0131n i\u015f birli\u011fi i\u00e7inde \u00e7al\u0131\u015f\u0131yoruz. H\u0131zl\u0131 ve profesyonel yan\u0131tlar ve uzman rehberli\u011fine olan ba\u011fl\u0131l\u0131\u011f\u0131m\u0131z, her talebin hassasiyet ve ayr\u0131nt\u0131lara dikkat edilerek ele al\u0131nmas\u0131n\u0131 garanti eder.<\/p>\n<p>\u00dcr\u00fcn geli\u015ftirme s\u00fcrecinin tamam\u0131nda a\u00e7\u0131k ileti\u015fim ve i\u015f birli\u011fine \u00f6ncelik veriyoruz. Ekibimiz, m\u00fc\u015fterilerimizin \u00f6zel ihtiya\u00e7lar\u0131n\u0131 tam olarak anlamak ve en uygun \u00e7\u00f6z\u00fcmlere ula\u015fmalar\u0131n\u0131 sa\u011flayacak i\u00e7g\u00f6r\u00fc dolu \u00f6neriler sunmak i\u00e7in onlarla yan yana \u00e7al\u0131\u015f\u0131r. \u0130ster yeni \u00fcr\u00fcnler geli\u015ftiriyor ister devam eden sipari\u015fleri kar\u015f\u0131l\u0131yor olal\u0131m, y\u00fcksek kaliteli, hassas m\u00fchendislikle tasarlanm\u0131\u015f \u00e7\u00f6z\u00fcmleri h\u0131zl\u0131 ve g\u00fcvenilir bir \u015fekilde sunmaya kararl\u0131y\u0131z.<\/p>\n<p>Kalite, yapt\u0131\u011f\u0131m\u0131z her \u015feyin merkezinde yer al\u0131r. En y\u00fcksek \u00fcretim standartlar\u0131na ba\u011fl\u0131 kal\u0131yor ve her \u00fcr\u00fcn\u00fcn sekt\u00f6r beklentilerini kar\u015f\u0131lamakla kalmay\u0131p a\u015fmas\u0131n\u0131 sa\u011flamak i\u00e7in titiz kalite kontrol s\u00fcre\u00e7leri uyguluyoruz. Kaliteye olan bu sars\u0131lmaz ba\u011fl\u0131l\u0131\u011f\u0131m\u0131z, d\u00fcr\u00fcstl\u00fck, ekip \u00e7al\u0131\u015fmas\u0131 ve azim de\u011ferlerimizle birle\u015ferek, d\u00fcnya \u00e7ap\u0131nda 30'dan fazla \u00fclkedeki m\u00fc\u015fterilerimizle g\u00fc\u00e7l\u00fc ve kal\u0131c\u0131 ili\u015fkiler kurmam\u0131z\u0131 sa\u011flam\u0131\u015ft\u0131r.<\/p>\n<p>FMP, m\u00fc\u015fterilerimizin \u00e7e\u015fitli ihtiya\u00e7lar\u0131n\u0131 kar\u015f\u0131lamak i\u00e7in k\u00fcresel ortakl\u0131klar kurmaya, uzman tavsiyeleri sunmaya ve \u00f6zel \u00e7\u00f6z\u00fcmler sunmaya her zaman a\u00e7\u0131kt\u0131r. Sadece \u00fcr\u00fcn tedarik etmenin \u00f6tesine ge\u00e7erek, her projenin ba\u015far\u0131s\u0131n\u0131 destekleyen uzun vadeli ili\u015fkiler kurmay\u0131 hedefliyoruz. \u0130ster yeni bir giri\u015fim i\u00e7in yenilik\u00e7i \u00e7\u00f6z\u00fcmler ar\u0131yor olun, ister mevcut sistemleriniz i\u00e7in s\u00fcrekli deste\u011fe ihtiya\u00e7 duyuyor olun, FMP teknik zorluklar\u0131n\u0131z\u0131 ele almaya ve ba\u015far\u0131n\u0131z\u0131n devam\u0131n\u0131 sa\u011flamaya kendini adam\u0131\u015ft\u0131r.<\/p>\n<p><img loading=\"lazy\" decoding=\"async\" class=\"alignnone size-full wp-image-1861\" src=\"https:\/\/fmp-components.com\/wp-content\/uploads\/2024\/12\/Other-Agricultural-Gearboxes.webp\" sizes=\"(min-width: 0px) and (max-width: 480px) 480px, (min-width: 481px) and (max-width: 980px) 980px, (min-width: 981px) 1200px, 100vw\" srcset=\"https:\/\/fmp-components.com\/wp-content\/uploads\/2024\/12\/Other-Agricultural-Gearboxes.webp 1200w, https:\/\/fmp-components.com\/wp-content\/uploads\/2024\/12\/Other-Agricultural-Gearboxes-980x1143.webp 980w, https:\/\/fmp-components.com\/wp-content\/uploads\/2024\/12\/Other-Agricultural-Gearboxes-480x560.webp 480w\" alt=\"Altri-cambi-agricoli\" width=\"1200\" height=\"1400\" title=\"\"><\/p>\n<p>Yazar: CX<\/p>","protected":false},"excerpt":{"rendered":"<p>Rotary Tillers Gearboxes \u2013 Replacement of Comer Code TB-278C 1:1 The Rotary Tillers Gearbox \u2013 Replacement of Comer Code TB-278C 1:1 is a high-performance, durable gearbox designed specifically for use in rotary tillers, offering an efficient solution for soil preparation and land cultivation. This replacement gearbox is engineered to deliver reliable power transmission from the [&hellip;]<\/p>","protected":false},"featured_media":2112,"comment_status":"open","ping_status":"closed","template":"","meta":{"_et_pb_use_builder":"","_et_pb_old_content":"","_et_gb_content_width":""},"product_brand":[],"product_cat":[53],"product_tag":[],"class_list":{"0":"post-2111","1":"product","2":"type-product","3":"status-publish","4":"has-post-thumbnail","6":"product_cat-rotary-tiller-gearbox","8":"first","9":"instock","10":"shipping-taxable","11":"product-type-simple"},"_links":{"self":[{"href":"https:\/\/fmp-components.com\/tr\/wp-json\/wp\/v2\/product\/2111","targetHints":{"allow":["GET"]}}],"collection":[{"href":"https:\/\/fmp-components.com\/tr\/wp-json\/wp\/v2\/product"}],"about":[{"href":"https:\/\/fmp-components.com\/tr\/wp-json\/wp\/v2\/types\/product"}],"replies":[{"embeddable":true,"href":"https:\/\/fmp-components.com\/tr\/wp-json\/wp\/v2\/comments?post=2111"}],"wp:featuredmedia":[{"embeddable":true,"href":"https:\/\/fmp-components.com\/tr\/wp-json\/wp\/v2\/media\/2112"}],"wp:attachment":[{"href":"https:\/\/fmp-components.com\/tr\/wp-json\/wp\/v2\/media?parent=2111"}],"wp:term":[{"taxonomy":"product_brand","embeddable":true,"href":"https:\/\/fmp-components.com\/tr\/wp-json\/wp\/v2\/product_brand?post=2111"},{"taxonomy":"product_cat","embeddable":true,"href":"https:\/\/fmp-components.com\/tr\/wp-json\/wp\/v2\/product_cat?post=2111"},{"taxonomy":"product_tag","embeddable":true,"href":"https:\/\/fmp-components.com\/tr\/wp-json\/wp\/v2\/product_tag?post=2111"}],"curies":[{"name":"wp","href":"https:\/\/api.w.org\/{rel}","templated":true}]}}