{"id":2084,"date":"2024-12-30T03:14:12","date_gmt":"2024-12-30T03:14:12","guid":{"rendered":"https:\/\/fmp-components.com\/?page_id=8"},"modified":"2024-12-30T03:19:44","modified_gmt":"2024-12-30T03:19:44","slug":"rotary-tiller-gearboxes-replacement-of-comer-code-tb-19j","status":"publish","type":"product","link":"https:\/\/fmp-components.com\/tr\/product\/rotary-tiller-gearboxes-replacement-of-comer-code-tb-19j\/","title":{"rendered":"D\u00f6ner T\u0131rm\u0131k Di\u015fli Kutular\u0131 \u2013 TB-19J Kodlu K\u00f6\u015febentlerin De\u011fi\u015ftirilmesi"},"content":{"rendered":"<p><img loading=\"lazy\" decoding=\"async\" class=\"alignnone size-full wp-image-2089\" src=\"https:\/\/fmp-components.com\/wp-content\/uploads\/2024\/12\/Rotary-Tiller-Gearbox-2.webp\" alt=\"D\u00f6ner T\u0131rm\u0131k \u015eanz\u0131man\u0131\" width=\"1280\" height=\"1280\" title=\"\" srcset=\"https:\/\/fmp-components.com\/wp-content\/uploads\/2024\/12\/Rotary-Tiller-Gearbox-2.webp 1280w, https:\/\/fmp-components.com\/wp-content\/uploads\/2024\/12\/Rotary-Tiller-Gearbox-2-980x980.webp 980w, https:\/\/fmp-components.com\/wp-content\/uploads\/2024\/12\/Rotary-Tiller-Gearbox-2-480x480.webp 480w\" sizes=\"(min-width: 0px) and (max-width: 480px) 480px, (min-width: 481px) and (max-width: 980px) 980px, (min-width: 981px) 1280px, 100vw\" \/><\/p>\n<h2>D\u00f6ner T\u0131rm\u0131k \u015eanz\u0131man TB-19J Detaylar\u0131<\/h2>\n<p><img loading=\"lazy\" decoding=\"async\" class=\"alignnone size-full wp-image-2085\" src=\"https:\/\/fmp-components.com\/wp-content\/uploads\/2024\/12\/rotary-tiller-gearbox-TB-19J.webp\" alt=\"d\u00f6ner-t\u0131r\u0131m-di\u015fli kutusu-TB-19J\" width=\"948\" height=\"678\" title=\"\" srcset=\"https:\/\/fmp-components.com\/wp-content\/uploads\/2024\/12\/rotary-tiller-gearbox-TB-19J.webp 948w, https:\/\/fmp-components.com\/wp-content\/uploads\/2024\/12\/rotary-tiller-gearbox-TB-19J-480x343.webp 480w\" sizes=\"(min-width: 0px) and (max-width: 480px) 480px, (min-width: 481px) 948px, 100vw\" \/><\/p>\n<table style=\"width: 91.0199%; height: 347px;\" border=\"1\">\n<tbody>\n<tr>\n<td style=\"width: 52.8504%;\"><strong>Ben<\/strong><\/td>\n<td style=\"width: 46.4371%;\">1.46<\/td>\n<\/tr>\n<tr>\n<td style=\"width: 52.8504%;\"><strong>N<sub>1<\/sub>[dev\/dak]<\/strong><\/td>\n<td style=\"width: 46.4371%;\">540<\/td>\n<\/tr>\n<tr>\n<td style=\"width: 52.8504%;\"><strong>P<sub>1<\/sub>[kW]<\/strong><\/td>\n<td style=\"width: 46.4371%;\">16.9<\/td>\n<\/tr>\n<tr>\n<td style=\"width: 52.8504%;\"><strong>M<sub>2<\/sub>[Nm]<\/strong><\/td>\n<td style=\"width: 46.4371%;\">423<\/td>\n<\/tr>\n<tr>\n<td style=\"width: 52.8504%;\"><strong>\u015eaft X\u00a0 \u00a0 \u00a0 \u00a0 \u00a0 \u00a0 \u00a0 \u00a0 \u00a0 \u00a0 \u00a0 \u00a0 \u00a0 \u00a0 \u00a0 \u00a0 \u00a0 \u00a0 <img loading=\"lazy\" decoding=\"async\" class=\"alignnone size-full wp-image-2086\" src=\"https:\/\/fmp-components.com\/wp-content\/uploads\/2024\/12\/shaft.webp\" alt=\"\u015faft\" width=\"67\" height=\"65\" title=\"\" srcset=\"https:\/\/fmp-components.com\/wp-content\/uploads\/2024\/12\/shaft.webp 67w, https:\/\/fmp-components.com\/wp-content\/uploads\/2024\/12\/shaft-12x12.webp 12w\" sizes=\"(max-width: 67px) 100vw, 67px\" \/><\/strong><\/td>\n<td style=\"width: 46.4371%;\">30<\/td>\n<\/tr>\n<tr>\n<td style=\"width: 52.8504%;\"><strong>\u015eaft Z\u00a0 \u00a0 \u00a0 \u00a0 \u00a0 \u00a0 \u00a0 \u00a0 \u00a0 \u00a0 \u00a0 \u00a0 \u00a0 \u00a0 \u00a0 \u00a0 \u00a0 \u00a0<img loading=\"lazy\" decoding=\"async\" class=\"alignnone size-full wp-image-2087\" src=\"https:\/\/fmp-components.com\/wp-content\/uploads\/2024\/12\/shaft-x.webp\" alt=\"\u015faft-x\" width=\"81\" height=\"78\" title=\"\" srcset=\"https:\/\/fmp-components.com\/wp-content\/uploads\/2024\/12\/shaft-x.webp 81w, https:\/\/fmp-components.com\/wp-content\/uploads\/2024\/12\/shaft-x-12x12.webp 12w\" sizes=\"(max-width: 81px) 100vw, 81px\" \/><\/strong><\/td>\n<td style=\"width: 46.4371%;\">1\u201d 3\/8 Z6<\/td>\n<\/tr>\n<tr>\n<td style=\"width: 52.8504%;\"><strong>Giri\u015f<\/strong><\/td>\n<td style=\"width: 46.4371%;\">Z<\/td>\n<\/tr>\n<\/tbody>\n<\/table>\n<h2>D\u00f6ner T\u0131rm\u0131k \u015eanz\u0131manlar\u0131 i\u00e7in PTO \u015eaftlar\u0131<\/h2>\n<p>G\u00fc\u00e7 Aktarma (PTO) \u015faft\u0131, trakt\u00f6r motorundan gelen mekanik g\u00fcc\u00fc d\u00f6ner \u00e7apa di\u015fli kutusuna aktararak \u00e7apan\u0131n verimli bir \u015fekilde \u00e7al\u0131\u015fmas\u0131n\u0131 sa\u011flayan kritik bir bile\u015fendir. PTO \u015faft\u0131, trakt\u00f6r\u00fcn PTO'sunu di\u015fli kutusuna ba\u011flayan bir kanal g\u00f6revi g\u00f6rerek, \u00e7apa di\u015flilerine g\u00fc\u00e7 sa\u011flamak i\u00e7in gereken d\u00f6nme enerjisinin aktar\u0131lmas\u0131n\u0131 kolayla\u015ft\u0131r\u0131r. Bu di\u015fler topra\u011f\u0131 par\u00e7alamaktan sorumlu oldu\u011fundan, PTO \u015faft\u0131 arazi haz\u0131rlama ve i\u015fleme i\u015flerinin ayr\u0131lmaz bir par\u00e7as\u0131d\u0131r.<\/p>\n<h3>PTO \u015eaft\u0131n\u0131n Bile\u015fenleri<\/h3>\n<p>Tipik bir PTO \u015faft\u0131 birka\u00e7 temel par\u00e7adan olu\u015fur:<\/p>\n<ul>\n<li>Giri\u015f Yoke: Trakt\u00f6r\u00fcn PTO \u00e7\u0131k\u0131\u015f miline ba\u011flan\u0131r ve trakt\u00f6r\u00fcn motorundan gelen g\u00fcc\u00fc PTO miline iletir.<\/li>\n<li>Tahrik Mili: PTO milinin merkezi bile\u015feni olan tahrik mili, giri\u015f boyunduru\u011fundan \u00e7\u0131k\u0131\u015f boyunduru\u011funa d\u00f6nme g\u00fcc\u00fcn\u00fc iletir.<\/li>\n<li>\u00c7\u0131k\u0131\u015f Boyunduru\u011fu: \u00c7\u0131k\u0131\u015f boyunduru\u011fu, PTO milini d\u00f6ner \u00e7apa di\u015fli kutusuna ba\u011flayarak mekanik g\u00fcc\u00fc di\u015fli kutusuna aktar\u0131r ve bu da \u00e7apalama i\u00e7in \u00e7atallar\u0131 \u00e7al\u0131\u015ft\u0131r\u0131r.<\/li>\n<\/ul>\n<h3>\u0130\u015flev ve \u00d6nem<\/h3>\n<p>PTO \u015faft\u0131, \u00f6zellikle \u00e7atallar\u0131n h\u0131z\u0131 ve y\u00f6n\u00fc olmak \u00fczere, d\u00f6ner \u00e7apa makinesinin performans\u0131 \u00fczerinde verimli ve hassas bir kontrol sa\u011flar. Bu sayede operat\u00f6r, \u00e7apa makinesinin \u00e7al\u0131\u015fmas\u0131n\u0131 toprak ko\u015fullar\u0131na ve gereken i\u015fleme derinli\u011fine g\u00f6re ayarlayabilir. PTO \u015faft\u0131 ayr\u0131ca, g\u00fcc\u00fcn trakt\u00f6r motorundan \u00e7apa makinesinin \u015fanz\u0131man\u0131na etkili bir \u015fekilde iletilmesini sa\u011flayarak yak\u0131t verimlili\u011fini en \u00fcst d\u00fczeye \u00e7\u0131karmaya yard\u0131mc\u0131 olur ve enerji kayb\u0131n\u0131 azalt\u0131r.<\/p>\n<h3>Kolay Ba\u011flant\u0131 ve Ba\u011flant\u0131 Kesme<\/h3>\n<p>PTO \u015faft\u0131n\u0131n temel avantajlar\u0131ndan biri, kolay tak\u0131l\u0131p s\u00f6k\u00fclebilmesidir. Trakt\u00f6r ile d\u00f6ner k\u00fcltivat\u00f6r di\u015fli kutusu aras\u0131nda h\u0131zl\u0131 bir \u015fekilde tak\u0131l\u0131p \u00e7\u0131kar\u0131labilecek \u015fekilde tasarlanm\u0131\u015ft\u0131r, bu da operat\u00f6rlerin farkl\u0131 ekipmanlar aras\u0131nda ge\u00e7i\u015f yapmas\u0131n\u0131 veya bak\u0131m g\u00f6revlerini ger\u00e7ekle\u015ftirmesini kolayla\u015ft\u0131r\u0131r.<\/p>\n<h3>Bak\u0131m ve G\u00fcvenlik<\/h3>\n<p>PTO milinin optimum performans ve g\u00fcvenli\u011fini sa\u011flamak i\u00e7in do\u011fru bak\u0131m ve ayarlamalar \u00e7ok \u00f6nemlidir. \u00d6zellikle boyunduruklarda ve tahrik milinde a\u015f\u0131nma ve y\u0131pranmay\u0131 kontrol etmek i\u00e7in d\u00fczenli kontroller yap\u0131lmal\u0131d\u0131r. Gereksiz s\u00fcrt\u00fcnmeyi, a\u015f\u0131r\u0131 \u0131s\u0131nmay\u0131 ve olas\u0131 ar\u0131zalar\u0131 \u00f6nlemek i\u00e7in do\u011fru ya\u011flama ve hizalama \u015fartt\u0131r. Yanl\u0131\u015f montaj hasara ve hatta yaralanmaya yol a\u00e7abilece\u011finden, kazalar\u0131 \u00f6nlemek i\u00e7in PTO milinin hem trakt\u00f6re hem de \u015fanz\u0131mana g\u00fcvenli bir \u015fekilde sabitlendi\u011finden emin olmak \u00f6nemlidir.<\/p>\n<p><img loading=\"lazy\" decoding=\"async\" class=\"alignnone size-full wp-image-2088\" src=\"https:\/\/fmp-components.com\/wp-content\/uploads\/2024\/12\/Agricultural-Gearbox-and-PTO-Drive-Shaft1.webp\" alt=\"Tar\u0131msal-\u015eanz\u0131man-ve-PTO-Tahrik-Mili\" width=\"1200\" height=\"540\" title=\"\" srcset=\"https:\/\/fmp-components.com\/wp-content\/uploads\/2024\/12\/Agricultural-Gearbox-and-PTO-Drive-Shaft1.webp 1200w, https:\/\/fmp-components.com\/wp-content\/uploads\/2024\/12\/Agricultural-Gearbox-and-PTO-Drive-Shaft1-980x441.webp 980w, https:\/\/fmp-components.com\/wp-content\/uploads\/2024\/12\/Agricultural-Gearbox-and-PTO-Drive-Shaft1-480x216.webp 480w\" sizes=\"(min-width: 0px) and (max-width: 480px) 480px, (min-width: 481px) and (max-width: 980px) 980px, (min-width: 981px) 1200px, 100vw\" \/><\/p>\n<h3>FMP PTO \u015eaftlar\u0131<\/h3>\n<p>FMP olarak, d\u00f6ner k\u00fcltivat\u00f6r di\u015fli kutular\u0131 i\u00e7in \u00f6zel olarak tasarlanm\u0131\u015f geni\u015f bir PTO \u015faft\u0131 yelpazesi sunuyoruz. PTO \u015faftlar\u0131m\u0131z dayan\u0131kl\u0131l\u0131k, kullan\u0131m kolayl\u0131\u011f\u0131 ve optimum g\u00fc\u00e7 aktar\u0131m\u0131 i\u00e7in tasarlanm\u0131\u015ft\u0131r. \u0130ster standart bir PTO \u015faft\u0131, ister ekipman\u0131n\u0131za \u00f6zel bir \u00e7\u00f6z\u00fcm ar\u0131yor olun, FMP tar\u0131m makinelerinin gereksinimlerini kar\u015f\u0131layan y\u00fcksek kaliteli PTO \u015faftlar\u0131 sunar. \u00dcr\u00fcnlerimiz, tar\u0131m operasyonlar\u0131n\u0131n zorlu ko\u015fullar\u0131na dayanacak \u015fekilde tasarlanm\u0131\u015f olup, g\u00fcvenilir ve uzun \u00f6m\u00fcrl\u00fc performans sunar.<\/p>\n<p>FMP'nin PTO \u015faftlar\u0131, \u00e7e\u015fitli d\u00f6ner k\u00fcltivat\u00f6r di\u015fli kutular\u0131 ve di\u011fer tar\u0131m ekipmanlar\u0131yla uyumlu olup, \u00e7ok \u00e7e\u015fitli uygulamalar i\u00e7in esneklik sa\u011flar. Sadece sekt\u00f6r standartlar\u0131n\u0131 kar\u015f\u0131lamakla kalmay\u0131p, ayn\u0131 zamanda a\u015fan \u00fcr\u00fcnler sunmaya ve ekipman\u0131n\u0131z\u0131n uzun y\u0131llar boyunca en iyi performans\u0131 g\u00f6stermesini sa\u011flamaya kararl\u0131y\u0131z.<\/p>\n<p>PTO \u015faft\u0131, trakt\u00f6r ile d\u00f6ner k\u00fcltivat\u00f6r di\u015fli kutusu aras\u0131nda g\u00fcc\u00fc verimli bir \u015fekilde aktarmak i\u00e7in olmazsa olmaz bir bile\u015fendir. PTO \u015faft\u0131n\u0131z\u0131n do\u011fru se\u00e7imini, bak\u0131m\u0131n\u0131 ve \u00e7al\u0131\u015fmas\u0131n\u0131 sa\u011flayarak, ekipman\u0131n\u0131z\u0131n performans\u0131n\u0131 ve \u00f6mr\u00fcn\u00fc en \u00fcst d\u00fczeye \u00e7\u0131karabilirsiniz. FMP, modern tar\u0131m\u0131n ihtiya\u00e7lar\u0131n\u0131 kar\u015f\u0131lamak i\u00e7in kapsaml\u0131 bir y\u00fcksek kaliteli PTO \u015faft\u0131 yelpazesi sunarak, her kullan\u0131mda g\u00fcvenilir ve hassas toprak i\u015fleme elde etmenize yard\u0131mc\u0131 olur.<\/p>\n<h3>FMP Hakk\u0131nda<\/h3>\n<p>Merkezi \u0130talya'da bulunan FMP, \u00f6zellikle tar\u0131m makineleri sekt\u00f6r\u00fc i\u00e7in y\u00fcksek performansl\u0131 di\u015fli kutular\u0131 tasarlama, geli\u015ftirme ve \u00fcretme konusundaki uzmanl\u0131\u011f\u0131yla tan\u0131nan lider bir \u00fcreticidir. Hassas m\u00fchendislik, yenilik\u00e7ilik ve s\u00fcrekli g\u00fcvenilirlik konusundaki g\u00fc\u00e7l\u00fc itibar\u0131yla FMP, hem tar\u0131m hem de end\u00fcstriyel pazarlar\u0131n de\u011fi\u015fen taleplerini kar\u015f\u0131lamada g\u00fcvenilir bir ortak haline gelmi\u015ftir. Kapsaml\u0131 \u00fcr\u00fcn portf\u00f6y\u00fcm\u00fcz, \u00e7im bi\u00e7me makineleri i\u00e7in \u00f6zel di\u015fli kutular\u0131, PTO \u015faftlar\u0131 ve di\u011fer temel bile\u015fenleri i\u00e7erir ve hepsi \u00e7ok \u00e7e\u015fitli uygulamalarda etkili \u00e7\u00f6z\u00fcmler sunmak \u00fczere tasarlanm\u0131\u015ft\u0131r.<\/p>\n<p>FMP olarak, her m\u00fc\u015fterinin farkl\u0131 ihtiya\u00e7 ve zorluklar\u0131 oldu\u011funun bilincindeyiz. Bu nedenle, ister bireysel bile\u015fenlere ister tamamen entegre sistemlere ihtiyac\u0131n\u0131z olsun, \u00f6zelle\u015ftirilmi\u015f \u00e7\u00f6z\u00fcmler sunma konusunda uzmanla\u015f\u0131yoruz. Her \u00e7\u00f6z\u00fcm\u00fcn hem etkili hem de verimli olmas\u0131n\u0131 sa\u011flamak i\u00e7in m\u00fc\u015fterilerimizle yak\u0131n bir \u015fekilde \u00e7al\u0131\u015farak i\u015f birli\u011fine dayal\u0131 bir yakla\u015f\u0131m benimsiyoruz. H\u0131zl\u0131, profesyonel yan\u0131tlar ve uzman tavsiyelerine olan ba\u011fl\u0131l\u0131\u011f\u0131m\u0131z, her talebin en \u00fcst d\u00fczeyde \u00f6zen ve hassasiyetle ele al\u0131nmas\u0131n\u0131 garanti eder.<\/p>\n<p>\u00d6zellikle yeni \u00fcr\u00fcn geli\u015ftirme s\u00fcre\u00e7lerinde a\u00e7\u0131k ve s\u00fcrekli ileti\u015fime \u00f6ncelik veriyoruz. \u00d6zverili ekibimiz, m\u00fc\u015fterilerimizin ihtiya\u00e7lar\u0131n\u0131 tam olarak anlamak ve en etkili \u00e7\u00f6z\u00fcmlere yol a\u00e7an uygulanabilir i\u00e7g\u00f6r\u00fcler sunmak i\u00e7in m\u00fc\u015fterilerimizle el ele \u00e7al\u0131\u015f\u0131r. \u0130ster yenilik\u00e7i \u00fcr\u00fcnler tasarl\u0131yor ister devam eden sipari\u015fleri kar\u015f\u0131l\u0131yor olal\u0131m, FMP her seferinde zaman\u0131nda, y\u00fcksek kaliteli ve hassas m\u00fchendislikle tasarlanm\u0131\u015f \u00e7\u00f6z\u00fcmler sunmaya kendini adam\u0131\u015ft\u0131r.<\/p>\n<p>Kalite, FMP'nin faaliyetlerinin merkezinde yer al\u0131r. En y\u00fcksek \u00fcretim standartlar\u0131na ba\u011fl\u0131 kal\u0131r ve her \u00fcr\u00fcn\u00fcn sekt\u00f6r beklentilerini kar\u015f\u0131lad\u0131\u011f\u0131ndan veya a\u015ft\u0131\u011f\u0131ndan emin olmak i\u00e7in s\u0131k\u0131 kalite kontrol \u00f6nlemleri uygular\u0131z. Kaliteye olan sars\u0131lmaz ba\u011fl\u0131l\u0131\u011f\u0131m\u0131z, d\u00fcr\u00fcstl\u00fck, ekip \u00e7al\u0131\u015fmas\u0131 ve azim gibi temel de\u011ferlerimizle birle\u015ferek, yakla\u015f\u0131k 30 \u00fclkedeki m\u00fc\u015fterilerimizle uzun vadeli ili\u015fkiler kurmam\u0131za yard\u0131mc\u0131 olmu\u015ftur.<\/p>\n<p>FMP, k\u00fcresel ortakl\u0131klar kurmaya her zaman isteklidir ve m\u00fc\u015fterilerimizin \u00e7e\u015fitli ihtiya\u00e7lar\u0131n\u0131 kar\u015f\u0131lamak i\u00e7in uzman rehberli\u011fi ve \u00f6zel \u00e7\u00f6z\u00fcmler sunmaya kendini adam\u0131\u015ft\u0131r. Yakla\u015f\u0131m\u0131m\u0131z yaln\u0131zca \u00fcr\u00fcn sunman\u0131n \u00f6tesine ge\u00e7er; her projenin ba\u015far\u0131s\u0131na katk\u0131da bulunan kal\u0131c\u0131 ili\u015fkiler kurmaya odaklan\u0131r\u0131z. \u0130ster yeni bir giri\u015fim i\u00e7in yenilik\u00e7i \u00e7\u00f6z\u00fcmlere, ister mevcut bir sistem i\u00e7in s\u00fcrekli deste\u011fe ihtiyac\u0131n\u0131z olsun, FMP teknik zorluklar\u0131n\u0131z\u0131 ele almak ve s\u00fcrd\u00fcr\u00fclebilir ba\u015far\u0131n\u0131z\u0131 sa\u011flamak i\u00e7in buradad\u0131r.<\/p>\n<p><img loading=\"lazy\" decoding=\"async\" class=\"alignnone size-full wp-image-1861\" src=\"https:\/\/fmp-components.com\/wp-content\/uploads\/2024\/12\/Other-Agricultural-Gearboxes.webp\" sizes=\"(min-width: 0px) and (max-width: 480px) 480px, (min-width: 481px) and (max-width: 980px) 980px, (min-width: 981px) 1200px, 100vw\" srcset=\"https:\/\/fmp-components.com\/wp-content\/uploads\/2024\/12\/Other-Agricultural-Gearboxes.webp 1200w, https:\/\/fmp-components.com\/wp-content\/uploads\/2024\/12\/Other-Agricultural-Gearboxes-980x1143.webp 980w, https:\/\/fmp-components.com\/wp-content\/uploads\/2024\/12\/Other-Agricultural-Gearboxes-480x560.webp 480w\" alt=\"Altri-cambi-agricoli\" width=\"1200\" height=\"1400\" title=\"\"><\/p>\n<p>Yazar: CX<\/p>","protected":false},"excerpt":{"rendered":"<p>Rotary Tiller Gearbox TB-19J Details i 1.46 N1[rpm] 540 P1[kW] 16.9 M2[Nm] 423 Shaft X\u00a0 \u00a0 \u00a0 \u00a0 \u00a0 \u00a0 \u00a0 \u00a0 \u00a0 \u00a0 \u00a0 \u00a0 \u00a0 \u00a0 \u00a0 \u00a0 \u00a0 \u00a0 30 Shaft Z\u00a0 \u00a0 \u00a0 \u00a0 \u00a0 \u00a0 \u00a0 \u00a0 \u00a0 \u00a0 \u00a0 \u00a0 \u00a0 \u00a0 \u00a0 \u00a0 \u00a0 \u00a0 1&#8221; 3\/8 Z6 [&hellip;]<\/p>","protected":false},"featured_media":2089,"comment_status":"open","ping_status":"closed","template":"","meta":{"_et_pb_use_builder":"","_et_pb_old_content":"","_et_gb_content_width":""},"product_brand":[],"product_cat":[53],"product_tag":[],"class_list":{"0":"post-2084","1":"product","2":"type-product","3":"status-publish","4":"has-post-thumbnail","6":"product_cat-rotary-tiller-gearbox","8":"first","9":"instock","10":"shipping-taxable","11":"product-type-simple"},"_links":{"self":[{"href":"https:\/\/fmp-components.com\/tr\/wp-json\/wp\/v2\/product\/2084","targetHints":{"allow":["GET"]}}],"collection":[{"href":"https:\/\/fmp-components.com\/tr\/wp-json\/wp\/v2\/product"}],"about":[{"href":"https:\/\/fmp-components.com\/tr\/wp-json\/wp\/v2\/types\/product"}],"replies":[{"embeddable":true,"href":"https:\/\/fmp-components.com\/tr\/wp-json\/wp\/v2\/comments?post=2084"}],"wp:featuredmedia":[{"embeddable":true,"href":"https:\/\/fmp-components.com\/tr\/wp-json\/wp\/v2\/media\/2089"}],"wp:attachment":[{"href":"https:\/\/fmp-components.com\/tr\/wp-json\/wp\/v2\/media?parent=2084"}],"wp:term":[{"taxonomy":"product_brand","embeddable":true,"href":"https:\/\/fmp-components.com\/tr\/wp-json\/wp\/v2\/product_brand?post=2084"},{"taxonomy":"product_cat","embeddable":true,"href":"https:\/\/fmp-components.com\/tr\/wp-json\/wp\/v2\/product_cat?post=2084"},{"taxonomy":"product_tag","embeddable":true,"href":"https:\/\/fmp-components.com\/tr\/wp-json\/wp\/v2\/product_tag?post=2084"}],"curies":[{"name":"wp","href":"https:\/\/api.w.org\/{rel}","templated":true}]}}