{"id":2072,"date":"2024-12-30T03:01:06","date_gmt":"2024-12-30T03:01:06","guid":{"rendered":"https:\/\/fmp-components.com\/?page_id=8"},"modified":"2024-12-30T03:09:00","modified_gmt":"2024-12-30T03:09:00","slug":"rotary-tiller-gearboxes-replacement-of-comer-code-t-281j","status":"publish","type":"product","link":"https:\/\/fmp-components.com\/tr\/product\/rotary-tiller-gearboxes-replacement-of-comer-code-t-281j\/","title":{"rendered":"D\u00f6ner T\u0131rm\u0131k \u015eanz\u0131manlar\u0131 \u2013 K\u00f6\u015fe Kodu T-281J'nin De\u011fi\u015ftirilmesi"},"content":{"rendered":"<h2>D\u00f6ner T\u0131rm\u0131k \u015eanz\u0131manlar\u0131 \u2013 K\u00f6\u015fe Kodu T-281J'nin De\u011fi\u015ftirilmesi<\/h2>\n<p>Comer Code T-281J'nin yerini alan D\u00f6ner T\u0131rm\u0131k \u015eanz\u0131man\u0131, verimli g\u00fc\u00e7 aktar\u0131m\u0131 sa\u011flamak ve \u00e7e\u015fitli tar\u0131m uygulamalar\u0131nda kullan\u0131lan d\u00f6ner t\u0131rm\u0131klar\u0131n sorunsuz \u00e7al\u0131\u015fmas\u0131n\u0131 sa\u011flamak \u00fczere tasarlanm\u0131\u015f, sa\u011flam ve y\u00fcksek performansl\u0131 bir \u015fanz\u0131mand\u0131r. A\u011f\u0131r hizmet tipi kullan\u0131m i\u00e7in tasarlanan bu \u015fanz\u0131man, topra\u011f\u0131 par\u00e7alamak, ekime haz\u0131rlamak ve zorlu zemin ko\u015fullar\u0131yla kolayca ba\u015fa \u00e7\u0131kmak i\u00e7in idealdir. Comer T-281J \u015fanz\u0131man\u0131n\u0131n do\u011frudan yerine kullan\u0131labilen bu \u015fanz\u0131man, m\u00fckemmel uyum ve g\u00fcvenilir performans sunar.<\/p>\n<p><img loading=\"lazy\" decoding=\"async\" class=\"alignnone size-full wp-image-2082\" src=\"https:\/\/fmp-components.com\/wp-content\/uploads\/2024\/12\/Rotary-Tiller-Gearbox-1.webp\" alt=\"D\u00f6ner T\u0131rm\u0131k \u015eanz\u0131man\u0131\" width=\"1280\" height=\"1280\" title=\"\" srcset=\"https:\/\/fmp-components.com\/wp-content\/uploads\/2024\/12\/Rotary-Tiller-Gearbox-1.webp 1280w, https:\/\/fmp-components.com\/wp-content\/uploads\/2024\/12\/Rotary-Tiller-Gearbox-1-980x980.webp 980w, https:\/\/fmp-components.com\/wp-content\/uploads\/2024\/12\/Rotary-Tiller-Gearbox-1-480x480.webp 480w\" sizes=\"(min-width: 0px) and (max-width: 480px) 480px, (min-width: 481px) and (max-width: 980px) 980px, (min-width: 981px) 1280px, 100vw\" \/><\/p>\n<h3>Temel \u00d6zellikler:<\/h3>\n<ol>\n<li>Dayan\u0131kl\u0131 Yap\u0131: Y\u00fcksek kaliteli malzemelerle \u00fcretilen \u015fanz\u0131man, zorlu tar\u0131m ortamlar\u0131nda s\u00fcrekli kullan\u0131m\u0131n zorluklar\u0131na dayanacak \u015fekilde tasarlanm\u0131\u015ft\u0131r, geli\u015fmi\u015f dayan\u0131kl\u0131l\u0131k ve uzun hizmet \u00f6mr\u00fc sunar.<\/li>\n<li>Y\u00fcksek Verimlilik: \u015eanz\u0131man, trakt\u00f6r\u00fcn PTO'sundan (G\u00fc\u00e7 Aktarma Organ\u0131) k\u00fcltivat\u00f6r b\u0131\u00e7aklar\u0131na verimli g\u00fc\u00e7 aktar\u0131m\u0131n\u0131 sa\u011flayarak, toprak haz\u0131rl\u0131\u011f\u0131n\u0131 en az g\u00fc\u00e7 kayb\u0131yla optimize eder ve yak\u0131t verimlili\u011fini art\u0131r\u0131r.<\/li>\n<li>Hassas M\u00fchendislik: Hassasiyet ve g\u00fcvenilirli\u011fe odaklanan \u015fanz\u0131man, hassas kesimli di\u015fliler ve y\u00fcksek mukavemetli yataklara sahiptir ve bu sayede sorunsuz \u00e7al\u0131\u015fma ve zamanla a\u015f\u0131nman\u0131n azalt\u0131lmas\u0131 sa\u011flan\u0131r.<\/li>\n<li>Korozyona Dayan\u0131kl\u0131: \u015eanz\u0131man, neme, kimyasallara ve di\u011fer zorlu \u00e7evre ko\u015fullar\u0131na maruz kalmaya dayanacak \u015fekilde korozyona dayan\u0131kl\u0131 kaplamalarla i\u015flenmi\u015ftir; bu sayede zorlu tar\u0131m ortamlar\u0131nda uzun \u00f6m\u00fcr ve s\u00fcrekli performans garanti alt\u0131na al\u0131nm\u0131\u015ft\u0131r.<\/li>\n<li>D\u00fc\u015f\u00fck Bak\u0131m: Kolay bak\u0131m i\u00e7in tasarlanan \u015fanz\u0131man, minimum bak\u0131m gerektirir ve ya\u011f doldurma ve bo\u015faltma tapalar\u0131na kullan\u0131c\u0131 dostu eri\u015fim sayesinde rutin ya\u011flama ve servis i\u015flemleri basit hale gelir.<\/li>\n<li>\u00c7ok Y\u00f6nl\u00fcl\u00fck: \u00c7e\u015fitli d\u00f6ner \u00e7apa makineleriyle uyumlu olan \u015fanz\u0131man\u0131n \u00e7ok y\u00f6nl\u00fc tasar\u0131m\u0131, \u00e7ok \u00e7e\u015fitli tar\u0131m makinelerinde kullan\u0131lmas\u0131na olanak tan\u0131r ve bu da onu \u00e7ift\u00e7iler ve tar\u0131m profesyonelleri i\u00e7in g\u00fcvenilir bir \u00e7\u00f6z\u00fcm haline getirir.<\/li>\n<\/ol>\n<h3>Faydalar:<\/h3>\n<ul>\n<li>Geli\u015fmi\u015f Performans: G\u00fcvenilir ve s\u00fcrekli performans sa\u011flayarak, tutarl\u0131 bir i\u015fleme derinli\u011fi ve d\u00fczg\u00fcn toprak devrini garanti eder.<\/li>\n<li>Uygun Maliyetli: Comer T-281J'nin do\u011frudan yerine ge\u00e7en bu \u015fanz\u0131man, pahal\u0131 yeni ekipmanlara ihtiya\u00e7 duymadan d\u00f6ner \u00e7apa makinenizin en y\u00fcksek performansta \u00e7al\u0131\u015fmas\u0131n\u0131 sa\u011flayan uygun fiyatl\u0131 bir \u00e7\u00f6z\u00fcm sunar.<\/li>\n<li>Geli\u015ftirilmi\u015f G\u00fcvenilirlik: Dayan\u0131kl\u0131l\u0131k ve bak\u0131m kolayl\u0131\u011f\u0131na odaklanan \u015fanz\u0131man, ar\u0131za s\u00fcresini ve bak\u0131m maliyetlerini azaltarak uzun vadede g\u00fcvenilir hizmet sunar.<\/li>\n<\/ul>\n<p>Comer Code T-281J D\u00f6ner T\u0131rm\u0131k \u015eanz\u0131man\u0131n\u0131n Yerine Ge\u00e7en \u00dcr\u00fcn, sa\u011flam toprak i\u015fleme ekipman\u0131 gerektiren tar\u0131msal uygulamalar i\u00e7in y\u00fcksek kaliteli, verimli ve dayan\u0131kl\u0131 bir \u00e7\u00f6z\u00fcm sunar. Hassas m\u00fchendisli\u011fi, korozyon direnci ve kolay bak\u0131m\u0131, d\u00f6ner t\u0131rm\u0131klar\u0131n\u0131n bak\u0131m\u0131n\u0131 minimum zahmetle ve maksimum performansla yapmak isteyenler i\u00e7in de\u011ferli bir bile\u015fendir.<\/p>\n<table style=\"width: 100%;\" border=\"1\" width=\"100%\" cellspacing=\"0\" cellpadding=\"0\">\n<tbody>\n<tr>\n<th>Tan\u0131m<\/th>\n<td>D\u00f6ner T\u0131rm\u0131k \u015eanz\u0131manlar\u0131 \u2013 K\u00f6\u015fe Kodu T-281J'nin De\u011fi\u015ftirilmesi<\/td>\n<\/tr>\n<tr>\n<th>Ba\u015fvuru<\/th>\n<td>\u00c7e\u015fitli (tar\u0131msal) uygulamalar,<br \/>\nBi\u00e7me makineleri,<br \/>\n\u00c7ok s\u0131ral\u0131 d\u00f6ner frezeler,<br \/>\n\u015eerit testereler<\/td>\n<\/tr>\n<tr>\n<th>\u015eunlardan olu\u015fur:<\/th>\n<td>Vites kutusu<\/td>\n<\/tr>\n<tr>\n<th>Ya\u011fs\u0131z<\/th>\n<td>Teknik Bilgiler<\/td>\n<\/tr>\n<tr>\n<th><\/th>\n<td>Farkl\u0131 h\u0131zlardaki performansla ilgili herhangi bir sorunuz varsa l\u00fctfen bizimle ileti\u015fime ge\u00e7mekten \u00e7ekinmeyin.<\/td>\n<\/tr>\n<tr>\n<th><\/th>\n<td>\u0130lk kullan\u0131mda ya\u011f\u0131 50 \u00e7al\u0131\u015fma saatinden sonra de\u011fi\u015ftiriniz.<\/td>\n<\/tr>\n<tr>\n<th>Maksimum \u00c7\u0131k\u0131\u015f Torku<\/th>\n<td>29,4 daNm<\/td>\n<\/tr>\n<tr>\n<th>Ya\u011f \u0130\u00e7erir<\/th>\n<td>HAYIR<\/td>\n<\/tr>\n<tr>\n<th>Maksimum Ya\u011f Kapasitesi<\/th>\n<td>0,5 litre<\/td>\n<\/tr>\n<tr>\n<th>Maksimum Ya\u011f De\u011fi\u015fim Aral\u0131\u011f\u0131<\/th>\n<td>500 saat<\/td>\n<\/tr>\n<tr>\n<th>Ya\u011f SAE Viskozite S\u0131n\u0131f\u0131<\/th>\n<td>80W-90<\/td>\n<\/tr>\n<tr>\n<th>Konut Malzemesi<\/th>\n<td>Al\u00fcminyum<\/td>\n<\/tr>\n<tr>\n<th>A\u011f\u0131rl\u0131k<\/th>\n<td>7 kilo<\/td>\n<\/tr>\n<tr>\n<th>Vites D\u00fczenlemesi Art\u0131yor<\/th>\n<td>23 &#8211; 24<\/td>\n<\/tr>\n<tr>\n<th>Di\u015fli D\u00fczenlemesi Azaltma<\/th>\n<td>3 &#8211; 4<\/td>\n<\/tr>\n<tr>\n<th>Giri\u015f G\u00fcc\u00fc kW \/ HP Artan<\/th>\n<td>14,7 \/ 20 kW\/BG<\/td>\n<\/tr>\n<tr>\n<th>Giri\u015f Mili Artt\u0131r\u0131l\u0131yor<\/th>\n<td>X<\/td>\n<\/tr>\n<tr>\n<th>Giri\u015f Mili Azaltma<\/th>\n<td>Z<\/td>\n<\/tr>\n<tr>\n<th>Giri\u015f G\u00fcc\u00fc kW \/ HP Azaltma<\/th>\n<td>11,8 \/ 16 kW\/BG<\/td>\n<\/tr>\n<tr>\n<th>\u00c7\u0131k\u0131\u015f Torku DaNm Art\u0131yor<\/th>\n<td>17.2 daNm<\/td>\n<\/tr>\n<tr>\n<th>Oran Art\u0131yor<\/th>\n<td>1 : 1.46<\/td>\n<\/tr>\n<tr>\n<th>Oran Azaltma<\/th>\n<td>1.46 : 1<\/td>\n<\/tr>\n<tr>\n<th>\u015eaft X<\/th>\n<td>1 3\/8&#8243; (6)<\/td>\n<\/tr>\n<tr>\n<th>\u015eaft Z<\/th>\n<td>1 3\/8\u2033 (6) (D)<\/td>\n<\/tr>\n<\/tbody>\n<\/table>\n<p><img loading=\"lazy\" decoding=\"async\" class=\"alignnone size-full wp-image-2081\" src=\"https:\/\/fmp-components.com\/wp-content\/uploads\/2024\/12\/Rotary-Tiller-Gearboxes-\u2013-Replacement-of-Comer-Code-T-281J.webp\" alt=\"D\u00f6ner T\u0131rm\u0131k \u015eanz\u0131man\u0131\" width=\"955\" height=\"639\" title=\"\" srcset=\"https:\/\/fmp-components.com\/wp-content\/uploads\/2024\/12\/Rotary-Tiller-Gearboxes-\u2013-Replacement-of-Comer-Code-T-281J.webp 955w, https:\/\/fmp-components.com\/wp-content\/uploads\/2024\/12\/Rotary-Tiller-Gearboxes-\u2013-Replacement-of-Comer-Code-T-281J-300x201.webp 300w, https:\/\/fmp-components.com\/wp-content\/uploads\/2024\/12\/Rotary-Tiller-Gearboxes-\u2013-Replacement-of-Comer-Code-T-281J-768x514.webp 768w, https:\/\/fmp-components.com\/wp-content\/uploads\/2024\/12\/Rotary-Tiller-Gearboxes-\u2013-Replacement-of-Comer-Code-T-281J-18x12.webp 18w, https:\/\/fmp-components.com\/wp-content\/uploads\/2024\/12\/Rotary-Tiller-Gearboxes-\u2013-Replacement-of-Comer-Code-T-281J-480x321.webp 480w, https:\/\/fmp-components.com\/wp-content\/uploads\/2024\/12\/Rotary-Tiller-Gearboxes-\u2013-Replacement-of-Comer-Code-T-281J-600x401.webp 600w\" sizes=\"(max-width: 955px) 100vw, 955px\" \/><\/p>\n<p><img loading=\"lazy\" decoding=\"async\" class=\"alignnone size-full wp-image-2080\" src=\"https:\/\/fmp-components.com\/wp-content\/uploads\/2024\/12\/Rotary-Tiller-Gearboxes-\u2013-Replacement-of-Comer-Code-T-281J-1.webp\" alt=\"D\u00f6ner T\u0131rm\u0131k \u015eanz\u0131man\u0131\" width=\"945\" height=\"229\" title=\"\" srcset=\"https:\/\/fmp-components.com\/wp-content\/uploads\/2024\/12\/Rotary-Tiller-Gearboxes-\u2013-Replacement-of-Comer-Code-T-281J-1.webp 945w, https:\/\/fmp-components.com\/wp-content\/uploads\/2024\/12\/Rotary-Tiller-Gearboxes-\u2013-Replacement-of-Comer-Code-T-281J-1-300x73.webp 300w, https:\/\/fmp-components.com\/wp-content\/uploads\/2024\/12\/Rotary-Tiller-Gearboxes-\u2013-Replacement-of-Comer-Code-T-281J-1-768x186.webp 768w, https:\/\/fmp-components.com\/wp-content\/uploads\/2024\/12\/Rotary-Tiller-Gearboxes-\u2013-Replacement-of-Comer-Code-T-281J-1-18x4.webp 18w, https:\/\/fmp-components.com\/wp-content\/uploads\/2024\/12\/Rotary-Tiller-Gearboxes-\u2013-Replacement-of-Comer-Code-T-281J-1-480x116.webp 480w, https:\/\/fmp-components.com\/wp-content\/uploads\/2024\/12\/Rotary-Tiller-Gearboxes-\u2013-Replacement-of-Comer-Code-T-281J-1-600x145.webp 600w\" sizes=\"(max-width: 945px) 100vw, 945px\" \/><\/p>\n<h3>FMP Hakk\u0131nda<\/h3>\n<p>Merkezi \u0130talya'da bulunan FMP, tar\u0131m makineleri i\u00e7in y\u00fcksek performansl\u0131 di\u015fli kutular\u0131n\u0131n tasar\u0131m\u0131, geli\u015ftirilmesi ve \u00fcretiminde uzmanla\u015fm\u0131\u015f lider bir \u00fcreticidir. Hassas m\u00fchendisli\u011fimiz, yenilik\u00e7i yakla\u015f\u0131m\u0131m\u0131z ve sars\u0131lmaz g\u00fcvenilirli\u011fimizle tan\u0131nan firmam\u0131z, \u00e7im bi\u00e7me makinesi di\u015fli kutular\u0131 ve PTO \u015faftlar\u0131 gibi temel bile\u015fenler de dahil olmak \u00fczere kapsaml\u0131 bir di\u015fli kutusu yelpazesi sunmaktad\u0131r. Misyonumuz, ister bireysel \u00fcr\u00fcnler ister tamamen entegre sistemler arac\u0131l\u0131\u011f\u0131yla, tar\u0131m ve sanayi sekt\u00f6rlerinin benzersiz ihtiya\u00e7lar\u0131n\u0131 tam olarak kar\u015f\u0131layan \u00f6zelle\u015ftirilmi\u015f \u00e7\u00f6z\u00fcmler sunmakt\u0131r.<\/p>\n<p>FMP olarak, her m\u00fc\u015fterinin farkl\u0131 ihtiya\u00e7lar\u0131 oldu\u011funun bilincindeyiz. Bu nedenle, bu \u00f6zel ihtiya\u00e7lar\u0131 kar\u015f\u0131lamak \u00fczere tasarlanm\u0131\u015f, ki\u015fiye \u00f6zel \u00e7\u00f6z\u00fcmler sunma konusunda uzmanla\u015f\u0131yoruz. \u0130ster \u00f6zel bir di\u015fli kutusu ister komple bir sistem ar\u0131yor olun, en etkili ve verimli \u00e7\u00f6z\u00fcm\u00fc geli\u015ftirmek i\u00e7in sizinle yak\u0131n i\u015f birli\u011fi i\u00e7inde \u00e7al\u0131\u015f\u0131yoruz. H\u0131zl\u0131, profesyonel yan\u0131tlar ve uzman rehberli\u011fine olan ba\u011fl\u0131l\u0131\u011f\u0131m\u0131z, her talebin azami \u00f6zen ve hassasiyetle ele al\u0131nmas\u0131n\u0131 sa\u011flar.<\/p>\n<p>M\u00fc\u015fterilerimizle, \u00f6zellikle yeni \u00fcr\u00fcn geli\u015ftirme s\u00fcrecinde a\u00e7\u0131k ileti\u015fim ve i\u015f birli\u011fini te\u015fvik etmeye b\u00fcy\u00fck \u00f6nem veriyoruz. \u00d6zverili ekibimiz, m\u00fc\u015fterilerimizin zorluklar\u0131n\u0131 tam olarak anlamak ve en uygun \u00e7\u00f6z\u00fcmlere ula\u015fmalar\u0131n\u0131 sa\u011flayacak de\u011ferli i\u00e7g\u00f6r\u00fcler sunmak i\u00e7in onlarla birlikte \u00e7al\u0131\u015f\u0131r. \u0130ster yeni \u00fcr\u00fcnler geli\u015ftiriyor ister devam eden sipari\u015fleri kar\u015f\u0131l\u0131yor olal\u0131m, her seferinde zaman\u0131nda, y\u00fcksek kaliteli ve hassas m\u00fchendislikle tasarlanm\u0131\u015f \u00e7\u00f6z\u00fcmler sunmaya kararl\u0131y\u0131z.<\/p>\n<p>Kalite, FMP'de yapt\u0131\u011f\u0131m\u0131z her \u015feyin temel ta\u015f\u0131d\u0131r. \u00dcretim s\u00fcre\u00e7lerimiz, en y\u00fcksek sekt\u00f6r standartlar\u0131na uygun olarak, do\u011fruluk ve s\u0131f\u0131r hata garantisi sunar. Her \u00fcr\u00fcn\u00fcn m\u00fc\u015fteri beklentilerini kar\u015f\u0131lamas\u0131n\u0131 veya a\u015fmas\u0131n\u0131 garanti eden titiz kalite kontrol prosed\u00fcrleri uyguluyoruz. M\u00fckemmelli\u011fe olan bu ba\u011fl\u0131l\u0131\u011f\u0131m\u0131z, d\u00fcr\u00fcstl\u00fck, ekip \u00e7al\u0131\u015fmas\u0131 ve azim gibi temel de\u011ferlerimizle birle\u015ferek, d\u00fcnya \u00e7ap\u0131nda yakla\u015f\u0131k 30 \u00fclkedeki m\u00fc\u015fterilerimizle kal\u0131c\u0131 ili\u015fkiler kurmam\u0131z\u0131 sa\u011flam\u0131\u015ft\u0131r.<\/p>\n<p>FMP, m\u00fc\u015fterilerimizin \u00e7e\u015fitli ihtiya\u00e7lar\u0131n\u0131 kar\u015f\u0131lamak i\u00e7in k\u00fcresel ortakl\u0131klar kurmaya ve uzman tavsiyeleri ve \u00f6zel \u00e7\u00f6z\u00fcmler sunmaya her zaman a\u00e7\u0131kt\u0131r. Yakla\u015f\u0131m\u0131m\u0131z yaln\u0131zca \u00fcr\u00fcn tedarik etmenin \u00f6tesine ge\u00e7er; kar\u015f\u0131l\u0131kl\u0131 ba\u015far\u0131ya katk\u0131da bulunan uzun vadeli ili\u015fkiler kurmaya odaklan\u0131r\u0131z. \u0130ster yeni bir proje i\u00e7in yenilik\u00e7i \u00e7\u00f6z\u00fcmler ar\u0131yor olun, ister mevcut bir sistem i\u00e7in deste\u011fe ihtiya\u00e7 duyuyor olun, FMP teknik zorluklar\u0131n\u0131z\u0131 ele almaya ve s\u00fcrekli ba\u015far\u0131n\u0131z\u0131 sa\u011flamaya kendini adam\u0131\u015ft\u0131r.<\/p>\n<p><img loading=\"lazy\" decoding=\"async\" class=\"alignnone size-full wp-image-1861\" src=\"https:\/\/fmp-components.com\/wp-content\/uploads\/2024\/12\/Other-Agricultural-Gearboxes.webp\" sizes=\"(min-width: 0px) and (max-width: 480px) 480px, (min-width: 481px) and (max-width: 980px) 980px, (min-width: 981px) 1200px, 100vw\" srcset=\"https:\/\/fmp-components.com\/wp-content\/uploads\/2024\/12\/Other-Agricultural-Gearboxes.webp 1200w, https:\/\/fmp-components.com\/wp-content\/uploads\/2024\/12\/Other-Agricultural-Gearboxes-980x1143.webp 980w, https:\/\/fmp-components.com\/wp-content\/uploads\/2024\/12\/Other-Agricultural-Gearboxes-480x560.webp 480w\" alt=\"Altri-cambi-agricoli\" width=\"1200\" height=\"1400\" title=\"\"><\/p>\n<p>Yazar: CX<\/p>","protected":false},"excerpt":{"rendered":"<p>Rotary Tiller Gearboxes \u2013 Replacement of Comer Code T-281J The Rotary Tiller Gearbox, replacing Comer Code T-281J, is a robust and high-performance gearbox designed to deliver efficient power transfer and ensure the smooth operation of rotary tillers used in various agricultural applications. Engineered for heavy-duty use, this gearbox is ideal for breaking up soil, preparing [&hellip;]<\/p>","protected":false},"featured_media":2082,"comment_status":"open","ping_status":"closed","template":"","meta":{"_et_pb_use_builder":"","_et_pb_old_content":"","_et_gb_content_width":""},"product_brand":[],"product_cat":[53],"product_tag":[],"class_list":{"0":"post-2072","1":"product","2":"type-product","3":"status-publish","4":"has-post-thumbnail","6":"product_cat-rotary-tiller-gearbox","8":"first","9":"instock","10":"shipping-taxable","11":"product-type-simple"},"_links":{"self":[{"href":"https:\/\/fmp-components.com\/tr\/wp-json\/wp\/v2\/product\/2072","targetHints":{"allow":["GET"]}}],"collection":[{"href":"https:\/\/fmp-components.com\/tr\/wp-json\/wp\/v2\/product"}],"about":[{"href":"https:\/\/fmp-components.com\/tr\/wp-json\/wp\/v2\/types\/product"}],"replies":[{"embeddable":true,"href":"https:\/\/fmp-components.com\/tr\/wp-json\/wp\/v2\/comments?post=2072"}],"wp:featuredmedia":[{"embeddable":true,"href":"https:\/\/fmp-components.com\/tr\/wp-json\/wp\/v2\/media\/2082"}],"wp:attachment":[{"href":"https:\/\/fmp-components.com\/tr\/wp-json\/wp\/v2\/media?parent=2072"}],"wp:term":[{"taxonomy":"product_brand","embeddable":true,"href":"https:\/\/fmp-components.com\/tr\/wp-json\/wp\/v2\/product_brand?post=2072"},{"taxonomy":"product_cat","embeddable":true,"href":"https:\/\/fmp-components.com\/tr\/wp-json\/wp\/v2\/product_cat?post=2072"},{"taxonomy":"product_tag","embeddable":true,"href":"https:\/\/fmp-components.com\/tr\/wp-json\/wp\/v2\/product_tag?post=2072"}],"curies":[{"name":"wp","href":"https:\/\/api.w.org\/{rel}","templated":true}]}}