{"id":2035,"date":"2024-12-30T00:46:25","date_gmt":"2024-12-30T00:46:25","guid":{"rendered":"https:\/\/fmp-components.com\/?page_id=8"},"modified":"2024-12-30T00:57:51","modified_gmt":"2024-12-30T00:57:51","slug":"agricultural-lawn-mower-gearbox-fmp-55","status":"publish","type":"product","link":"https:\/\/fmp-components.com\/tr\/product\/agricultural-lawn-mower-gearbox-fmp-55\/","title":{"rendered":"Tar\u0131m \u00c7im Bi\u00e7me Makinesi \u015eanz\u0131man FMP-55"},"content":{"rendered":"<h2>FMP-55 Tar\u0131m \u00c7im Bi\u00e7me Makinesi \u015eanz\u0131man\u0131n\u0131n \u00d6zellikleri<\/h2>\n<p>FMP-55 Tar\u0131m \u00c7im Bi\u00e7me Makinesi \u015eanz\u0131man\u0131, tar\u0131msal \u00e7im bi\u00e7me uygulamalar\u0131n\u0131n zorlu gereksinimlerini kar\u015f\u0131lamak \u00fczere tasarlanm\u0131\u015f, y\u00fcksek performans, dayan\u0131kl\u0131l\u0131k ve g\u00fcvenilirlik i\u00e7in \u00fcretilmi\u015ftir. A\u011f\u0131r hizmet kullan\u0131m\u0131 i\u00e7in \u00fcretilen FMP-55, sorunsuz \u00e7al\u0131\u015fma, uzun \u00f6m\u00fcrl\u00fc hizmet ve verimli g\u00fc\u00e7 aktar\u0131m\u0131 sa\u011flar. FMP-55'in temel \u00f6zellikleri \u015funlard\u0131r:<\/p>\n<ol>\n<li><strong>A\u011f\u0131r Hizmet Tipi \u0130n\u015faat<\/strong><br \/>\nFMP-55, y\u00fcksek mukavemetli malzemelerle \u00fcretilmi\u015ftir ve zorlu tar\u0131m ko\u015fullar\u0131na uygundur. A\u011f\u0131r hizmet tipi yap\u0131s\u0131, a\u015f\u0131nmaya, darbelere ve a\u015f\u0131r\u0131 \u00e7al\u0131\u015fma streslerine kar\u015f\u0131 m\u00fckemmel diren\u00e7 sa\u011flar.<\/li>\n<li><strong>Y\u00fcksek Tork Kapasitesi<\/strong><br \/>\nBu \u015fanz\u0131man, y\u00fcksek torku kald\u0131racak \u015fekilde tasarlanm\u0131\u015ft\u0131r ve bu da onu yo\u011fun \u00e7im, s\u0131k \u00e7al\u0131l\u0131k ve engebeli arazi gibi a\u011f\u0131r i\u015flerde kullan\u0131m i\u00e7in ideal hale getirir. FMP-55, g\u00fcc\u00fcn motordan b\u0131\u00e7aklara verimli bir \u015fekilde aktar\u0131lmas\u0131n\u0131 sa\u011flar.<\/li>\n<li><strong>Hassas M\u00fchendislik<\/strong><br \/>\nFMP-55 \u015fanz\u0131man\u0131, titre\u015fimi ve a\u015f\u0131nmay\u0131 en aza indirerek sorunsuz g\u00fc\u00e7 aktar\u0131m\u0131 sa\u011flayan hassas i\u015flenmi\u015f di\u015flilere sahiptir. Bu hassas m\u00fchendislik, genel performans\u0131, \u00e7al\u0131\u015fma verimlili\u011fini ve \u015fanz\u0131man\u0131n kullan\u0131m \u00f6mr\u00fcn\u00fc art\u0131r\u0131r.<\/li>\n<li><strong>Verimli G\u00fc\u00e7 Aktar\u0131m\u0131<\/strong><br \/>\nMaksimum g\u00fc\u00e7 verimlili\u011fi i\u00e7in tasarlanan FMP-55, iletim s\u0131ras\u0131nda enerji kayb\u0131n\u0131 azalt\u0131r. Bu, yak\u0131t ekonomisini iyile\u015ftirir, motor \u00fczerindeki y\u00fck\u00fc azalt\u0131r ve uzun bi\u00e7me seanslar\u0131 s\u0131ras\u0131nda optimum performans sa\u011flar.<\/li>\n<li><strong>Kompakt ve Hafif<\/strong><br \/>\nG\u00fc\u00e7l\u00fc \u00f6zelliklerine ra\u011fmen, FMP-55 kompakt ve hafif olacak \u015fekilde tasarlanm\u0131\u015ft\u0131r. Bu, \u00e7im bi\u00e7me makinesinin toplam a\u011f\u0131rl\u0131\u011f\u0131n\u0131 azaltarak manevra kabiliyetini art\u0131r\u0131r ve kurulumunu ve kullan\u0131m\u0131n\u0131 kolayla\u015ft\u0131r\u0131r.<\/li>\n<li><strong>D\u00fc\u015f\u00fck Bak\u0131m Gereksinimleri<\/strong><br \/>\nFMP-55 \u015fanz\u0131man, kendinden ya\u011flamal\u0131 bile\u015fenleri ve dayan\u0131kl\u0131 contalar\u0131 sayesinde minimum bak\u0131m gerektirir. Bu, servis s\u0131kl\u0131\u011f\u0131n\u0131 azalt\u0131r ve s\u00fcrekli \u00e7al\u0131\u015fmay\u0131 sa\u011flayarak genel bak\u0131m maliyetlerini d\u00fc\u015f\u00fcr\u00fcr.<\/li>\n<\/ol>\n<p>FMP-55 Tar\u0131m \u00c7im Bi\u00e7me Makinesi \u015eanz\u0131man\u0131, \u00e7e\u015fitli bi\u00e7me uygulamalar\u0131 i\u00e7in sa\u011flam, g\u00fcvenilir ve verimli bir \u00e7\u00f6z\u00fcmd\u00fcr. A\u011f\u0131r y\u00fckleri kald\u0131racak, bak\u0131m ihtiyac\u0131n\u0131 azaltacak ve sorunsuz g\u00fc\u00e7 aktar\u0131m\u0131 sa\u011flayacak \u015fekilde tasarlanan bu \u015fanz\u0131man, zorlu ko\u015fullara dayanabilen y\u00fcksek performansl\u0131 \u015fanz\u0131manlar arayan tar\u0131m profesyonelleri i\u00e7in ideal bir se\u00e7imdir.<\/p>\n<h2>\u015eartname<\/h2>\n<table style=\"width: 96.2203%; height: 596px;\" border=\"1\" width=\"100%\" cellspacing=\"0\" cellpadding=\"0\">\n<tbody>\n<tr>\n<td width=\"110\"><img loading=\"lazy\" decoding=\"async\" class=\"alignnone size-full wp-image-2037\" src=\"https:\/\/fmp-components.com\/wp-content\/uploads\/2024\/12\/fmp_agricultural-gearbox-HC-55-2.webp\" alt=\"fmp_tar\u0131m-\u015fanz\u0131man\u0131-HC-55\" width=\"400\" height=\"486\" title=\"\" srcset=\"https:\/\/fmp-components.com\/wp-content\/uploads\/2024\/12\/fmp_agricultural-gearbox-HC-55-2.webp 400w, https:\/\/fmp-components.com\/wp-content\/uploads\/2024\/12\/fmp_agricultural-gearbox-HC-55-2-247x300.webp 247w, https:\/\/fmp-components.com\/wp-content\/uploads\/2024\/12\/fmp_agricultural-gearbox-HC-55-2-10x12.webp 10w\" sizes=\"(max-width: 400px) 100vw, 400px\" \/><\/td>\n<td width=\"98\"><img loading=\"lazy\" decoding=\"async\" class=\"alignnone size-full wp-image-2036\" src=\"https:\/\/fmp-components.com\/wp-content\/uploads\/2024\/12\/Agricultural-Lawn-Mower-Gearbox-FMP-55.webp\" alt=\"Tar\u0131m \u00c7im Bi\u00e7me Makinesi \u015eanz\u0131man FMP-55\" width=\"500\" height=\"500\" title=\"\" srcset=\"https:\/\/fmp-components.com\/wp-content\/uploads\/2024\/12\/Agricultural-Lawn-Mower-Gearbox-FMP-55.webp 500w, https:\/\/fmp-components.com\/wp-content\/uploads\/2024\/12\/Agricultural-Lawn-Mower-Gearbox-FMP-55-480x480.webp 480w\" sizes=\"(min-width: 0px) and (max-width: 480px) 480px, (min-width: 481px) 500px, 100vw\" \/><\/td>\n<\/tr>\n<\/tbody>\n<\/table>\n<table style=\"width: 100%;\" border=\"1\" width=\"100%\" cellspacing=\"0\" cellpadding=\"0\">\n<tbody>\n<tr>\n<th>\u00d6\u011fe<\/th>\n<td>FMP-55<\/td>\n<\/tr>\n<tr>\n<th>Oran<\/th>\n<td>1:1.6<\/td>\n<\/tr>\n<tr>\n<th>Di\u015fler<\/th>\n<td>15\/24<\/td>\n<\/tr>\n<tr>\n<th>Mod\u00fcl<\/th>\n<td>6.0<\/td>\n<\/tr>\n<tr>\n<th>G\u00fc\u00e7 (HP)<\/th>\n<td>50<\/td>\n<\/tr>\n<tr>\n<th>Anma Giri\u015fi<\/th>\n<td>540 devir\/dakika<\/td>\n<\/tr>\n<tr>\n<th>Giri\u015f\/\u00c7\u0131k\u0131\u015f A\u00e7\u0131klamas\u0131<\/th>\n<td>1-3\/8 Z6, Konik tabanl\u0131 uygun kamal\u0131 \u015faft<\/td>\n<\/tr>\n<tr>\n<th>A\u011f\u0131rl\u0131k (Net)<\/th>\n<td>28,7 KG<\/td>\n<\/tr>\n<tr>\n<th>Malzeme<\/th>\n<td>\u2013 Konutlar i\u00e7in HT250<br \/>\n\u2013 Di\u015fli mili i\u00e7in 20CrMnTi<br \/>\n\u2013 Levha i\u00e7in al\u00fcminyum<\/td>\n<\/tr>\n<\/tbody>\n<\/table>\n<h3>PTO \u015faftlar\u0131 da tedarik ediyoruz.<\/h3>\n<p>\u00c7in merkezli, g\u00fcvenilir bir PTO \u015faft \u00fcreticisi ve fabrikas\u0131 olan FMP, optimum performans ve dayan\u0131kl\u0131l\u0131k i\u00e7in tasarlanm\u0131\u015f y\u00fcksek kaliteli PTO \u015faftlar\u0131 sunmaya kendini adam\u0131\u015ft\u0131r. Tar\u0131m ve sanayi makinelerinin \u00e7e\u015fitli ihtiya\u00e7lar\u0131n\u0131 kar\u015f\u0131lamak \u00fczere tasarlanm\u0131\u015f geni\u015f bir PTO \u015faft serisi yelpazesi sunuyoruz. PTO \u015faftlar\u0131m\u0131z, \u00e7e\u015fitli ekipman ve uygulamalarla uyumlulu\u011fu sa\u011flayan \u00e7e\u015fitli yatak \u00e7ap\u0131 se\u00e7enekleriyle birlikte gelir.<\/p>\n<p>\u0130ster tar\u0131m makinelerinizin \u015fanz\u0131man\u0131, d\u00f6ner bi\u00e7me makinesi veya di\u011fer tar\u0131m makineleriniz i\u00e7in \u00fcniversal mafsall\u0131 PTO \u015faft\u0131na ihtiyac\u0131n\u0131z olsun, FMP \u00f6zel gereksinimlerinizi kar\u015f\u0131lamak i\u00e7in \u00f6zelle\u015ftirilmi\u015f \u00e7\u00f6z\u00fcmler sunar. Hassas m\u00fchendislik alan\u0131ndaki uzmanl\u0131\u011f\u0131m\u0131z ve y\u0131llar\u0131n deneyimiyle, g\u00fcvenilir, dayan\u0131kl\u0131 ve uzun \u00f6m\u00fcrl\u00fc \u00fcr\u00fcnler garanti ediyoruz.<\/p>\n<p>Ekibimiz, sorular\u0131n\u0131za uzman tavsiyesi ve zaman\u0131nda \u00e7\u00f6z\u00fcmler sunarak h\u0131zl\u0131 ve duyarl\u0131 hizmet vermeye kendini adam\u0131\u015ft\u0131r. Makinenizin taleplerine dayanabilecek y\u00fcksek performansl\u0131 bir PTO \u015faft\u0131 ar\u0131yorsan\u0131z, bug\u00fcn bizimle ileti\u015fime ge\u00e7mekten \u00e7ekinmeyin. T\u00fcm PTO \u015faft\u0131 ihtiya\u00e7lar\u0131n\u0131z i\u00e7in g\u00fcvenilir orta\u011f\u0131n\u0131z FMP olsun!<\/p>\n<p><img loading=\"lazy\" decoding=\"async\" class=\"alignnone size-full wp-image-2010\" src=\"https:\/\/fmp-components.com\/wp-content\/uploads\/2024\/12\/Agricultural-Lawnmower-Gearbox-Precautions-for-Use1.webp\" alt=\"\u00c7im Bi\u00e7me Makinesi \u015eanz\u0131man\u0131\" width=\"1202\" height=\"665\" title=\"\" srcset=\"https:\/\/fmp-components.com\/wp-content\/uploads\/2024\/12\/Agricultural-Lawnmower-Gearbox-Precautions-for-Use1.webp 1202w, https:\/\/fmp-components.com\/wp-content\/uploads\/2024\/12\/Agricultural-Lawnmower-Gearbox-Precautions-for-Use1-980x542.webp 980w, https:\/\/fmp-components.com\/wp-content\/uploads\/2024\/12\/Agricultural-Lawnmower-Gearbox-Precautions-for-Use1-480x266.webp 480w\" sizes=\"(min-width: 0px) and (max-width: 480px) 480px, (min-width: 481px) and (max-width: 980px) 980px, (min-width: 981px) 1202px, 100vw\" \/><\/p>\n<h3>FMP Hakk\u0131nda<\/h3>\n<p>Merkezi \u0130talya'da bulunan FMP, \u00f6zellikle tar\u0131m makineleri sekt\u00f6r\u00fc i\u00e7in y\u00fcksek performansl\u0131 \u015fanz\u0131manlar\u0131n tasar\u0131m\u0131, geli\u015ftirilmesi ve \u00fcretimi konusunda uzmanl\u0131\u011f\u0131yla tan\u0131nan lider bir \u00fcreticidir. Hassas m\u00fchendislik, inovasyon ve g\u00fcvenilirli\u011fe g\u00fc\u00e7l\u00fc bir \u015fekilde odaklanan FMP, tar\u0131m ve sanayi sekt\u00f6rlerinin geli\u015fen ihtiya\u00e7lar\u0131n\u0131 kar\u015f\u0131layan en kaliteli \u00fcr\u00fcnleri sunma konusunda bir itibar kazanm\u0131\u015ft\u0131r. \u00dcr\u00fcn portf\u00f6y\u00fcm\u00fcz, \u00e7im bi\u00e7me makineleri i\u00e7in \u00f6zel \u015fanz\u0131manlar, PTO \u015faftlar\u0131 ve \u00e7e\u015fitli \u00f6nemli bile\u015fenleri i\u00e7erir; bunlar\u0131n t\u00fcm\u00fc, \u00e7ok \u00e7e\u015fitli uygulamalar i\u00e7in \u00f6zel \u00e7\u00f6z\u00fcmler sunmak \u00fczere tasarlanm\u0131\u015ft\u0131r.<\/p>\n<p>FMP olarak, her m\u00fc\u015fterinin kendine \u00f6zg\u00fc gereksinimleri oldu\u011funu biliyoruz. Bu nedenle, ister tek tek bile\u015fenler ister tamamen entegre sistemler olsun, \u00f6zel \u00e7\u00f6z\u00fcmler sunma konusunda uzmanla\u015ft\u0131k. \u0130\u015f birli\u011fine dayal\u0131 bir yakla\u015f\u0131m benimseyerek, her \u00e7\u00f6z\u00fcm\u00fcn yaln\u0131zca etkili de\u011fil, ayn\u0131 zamanda verimli olmas\u0131n\u0131 sa\u011flamak i\u00e7in m\u00fc\u015fterilerimizle yak\u0131n \u00e7al\u0131\u015f\u0131yoruz. H\u0131zl\u0131, profesyonel yan\u0131tlar ve uzman rehberli\u011fine olan ba\u011fl\u0131l\u0131\u011f\u0131m\u0131z, her sorunun azami \u00f6zen ve hassasiyetle ele al\u0131nmas\u0131n\u0131 sa\u011flar.<\/p>\n<p>\u00d6zellikle \u00fcr\u00fcn geli\u015ftirme s\u00f6z konusu oldu\u011funda, a\u00e7\u0131k ve s\u00fcrekli ileti\u015fime b\u00fcy\u00fck \u00f6nem veriyoruz. Ekibimiz, m\u00fc\u015fterilerimizin \u00f6zel zorluklar\u0131n\u0131 anlamak ve en uygun \u00e7\u00f6z\u00fcmlere yol a\u00e7an uygulanabilir bilgiler sunmak i\u00e7in do\u011frudan onlarla birlikte \u00e7al\u0131\u015f\u0131r. Yenilik\u00e7i \u00fcr\u00fcnler tasarl\u0131yor veya devam eden sipari\u015fleri yerine getiriyor olsak da, her zaman zaman\u0131nda, y\u00fcksek kaliteli ve hassas m\u00fchendislik \u00fcr\u00fcn\u00fc \u00e7\u00f6z\u00fcmler sunmaya kendimizi adad\u0131k.<\/p>\n<p>FMP'de yapt\u0131\u011f\u0131m\u0131z her \u015feyin merkezinde kalite yer almaktad\u0131r. En y\u00fcksek \u00fcretim standartlar\u0131na ba\u011fl\u0131 kalarak, her \u00fcr\u00fcn\u00fcn sekt\u00f6r beklentilerini kar\u015f\u0131lamas\u0131n\u0131 veya a\u015fmas\u0131n\u0131 sa\u011flamak i\u00e7in titiz kalite kontrol s\u00fcre\u00e7leri uyguluyoruz. Kaliteye olan ba\u011fl\u0131l\u0131\u011f\u0131m\u0131z, d\u00fcr\u00fcstl\u00fck, ekip \u00e7al\u0131\u015fmas\u0131 ve azim de\u011ferlerimizle birle\u015ferek, d\u00fcnyan\u0131n yakla\u015f\u0131k 30 \u00fclkesindeki m\u00fc\u015fterilerimizle kal\u0131c\u0131 ili\u015fkiler kurmam\u0131za yard\u0131mc\u0131 oldu.<\/p>\n<p>FMP, k\u00fcresel ortakl\u0131klara her zaman a\u00e7\u0131kt\u0131r ve m\u00fc\u015fterilerimizin \u00e7e\u015fitli ihtiya\u00e7lar\u0131n\u0131 kar\u015f\u0131lamak i\u00e7in uzman tavsiyesi ve \u00f6zel \u00e7\u00f6z\u00fcmler sunmaya kendini adam\u0131\u015ft\u0131r. Sadece \u00fcr\u00fcn tedarik etmekle kalm\u0131yoruz; uzun vadeli ili\u015fkiler kurmaya ve her projenin ba\u015far\u0131s\u0131n\u0131 sa\u011flamaya odaklan\u0131yoruz. \u0130ster yeni bir giri\u015fim i\u00e7in yenilik\u00e7i \u00e7\u00f6z\u00fcmler ar\u0131yor olun, ister mevcut bir sistem i\u00e7in deste\u011fe ihtiyac\u0131n\u0131z olsun, FMP teknik zorluklar\u0131n\u0131z\u0131 ele almaya ve s\u00fcrekli ba\u015far\u0131 elde etmenize yard\u0131mc\u0131 olmaya kendini adam\u0131\u015ft\u0131r.<\/p>\n<p><img loading=\"lazy\" decoding=\"async\" class=\"alignnone size-full wp-image-1861\" src=\"https:\/\/fmp-components.com\/wp-content\/uploads\/2024\/12\/Other-Agricultural-Gearboxes.webp\" sizes=\"(min-width: 0px) and (max-width: 480px) 480px, (min-width: 481px) and (max-width: 980px) 980px, (min-width: 981px) 1200px, 100vw\" srcset=\"https:\/\/fmp-components.com\/wp-content\/uploads\/2024\/12\/Other-Agricultural-Gearboxes.webp 1200w, https:\/\/fmp-components.com\/wp-content\/uploads\/2024\/12\/Other-Agricultural-Gearboxes-980x1143.webp 980w, https:\/\/fmp-components.com\/wp-content\/uploads\/2024\/12\/Other-Agricultural-Gearboxes-480x560.webp 480w\" alt=\"Altri-cambi-agricoli\" width=\"1200\" height=\"1400\" title=\"\"><\/p>\n<p>Yazar: CX<\/p>","protected":false},"excerpt":{"rendered":"<p>Features of Agricultural Lawn Mower Gearbox FMP-55 The FMP-55 Agricultural Lawn Mower Gearbox is engineered for high performance, durability, and reliability, designed to meet the demanding requirements of agricultural lawn mowing applications. Built for heavy-duty use, the FMP-55 ensures smooth operation, long-lasting service, and efficient power transmission. Key features of the FMP-55 include: Heavy-Duty Construction [&hellip;]<\/p>","protected":false},"featured_media":2036,"comment_status":"open","ping_status":"closed","template":"","meta":{"_et_pb_use_builder":"","_et_pb_old_content":"","_et_gb_content_width":""},"product_brand":[],"product_cat":[52],"product_tag":[],"class_list":{"0":"post-2035","1":"product","2":"type-product","3":"status-publish","4":"has-post-thumbnail","6":"product_cat-lawn-mower-gearbox","8":"first","9":"instock","10":"shipping-taxable","11":"product-type-simple"},"_links":{"self":[{"href":"https:\/\/fmp-components.com\/tr\/wp-json\/wp\/v2\/product\/2035","targetHints":{"allow":["GET"]}}],"collection":[{"href":"https:\/\/fmp-components.com\/tr\/wp-json\/wp\/v2\/product"}],"about":[{"href":"https:\/\/fmp-components.com\/tr\/wp-json\/wp\/v2\/types\/product"}],"replies":[{"embeddable":true,"href":"https:\/\/fmp-components.com\/tr\/wp-json\/wp\/v2\/comments?post=2035"}],"wp:featuredmedia":[{"embeddable":true,"href":"https:\/\/fmp-components.com\/tr\/wp-json\/wp\/v2\/media\/2036"}],"wp:attachment":[{"href":"https:\/\/fmp-components.com\/tr\/wp-json\/wp\/v2\/media?parent=2035"}],"wp:term":[{"taxonomy":"product_brand","embeddable":true,"href":"https:\/\/fmp-components.com\/tr\/wp-json\/wp\/v2\/product_brand?post=2035"},{"taxonomy":"product_cat","embeddable":true,"href":"https:\/\/fmp-components.com\/tr\/wp-json\/wp\/v2\/product_cat?post=2035"},{"taxonomy":"product_tag","embeddable":true,"href":"https:\/\/fmp-components.com\/tr\/wp-json\/wp\/v2\/product_tag?post=2035"}],"curies":[{"name":"wp","href":"https:\/\/api.w.org\/{rel}","templated":true}]}}