{"id":2031,"date":"2024-12-27T01:51:37","date_gmt":"2024-12-27T01:51:37","guid":{"rendered":"https:\/\/fmp-components.com\/?page_id=8"},"modified":"2024-12-27T01:51:37","modified_gmt":"2024-12-27T01:51:37","slug":"agricultural-lawn-mower-gearbox-fmp-rc81","status":"publish","type":"product","link":"https:\/\/fmp-components.com\/tr\/product\/agricultural-lawn-mower-gearbox-fmp-rc81\/","title":{"rendered":"Tar\u0131m \u00c7im Bi\u00e7me Makinesi \u015eanz\u0131man FMP-RC81"},"content":{"rendered":"<h2>Tar\u0131m \u00c7im Bi\u00e7me Makinesi \u015eanz\u0131man FMP-RC81 \u00d6zellikleri<\/h2>\n<table style=\"width: 96.2203%; height: 596px;\" border=\"1\" width=\"100%\" cellspacing=\"0\" cellpadding=\"0\">\n<tbody>\n<tr>\n<td width=\"110\"><img loading=\"lazy\" decoding=\"async\" class=\"alignnone size-full wp-image-2033\" src=\"https:\/\/fmp-components.com\/wp-content\/uploads\/2024\/12\/fmp_agricultural-gearbox-HC-RC81-2.webp\" alt=\"fmp_tar\u0131msal-di\u015fli kutusu-HC-RC81-2\" width=\"399\" height=\"518\" title=\"\" srcset=\"https:\/\/fmp-components.com\/wp-content\/uploads\/2024\/12\/fmp_agricultural-gearbox-HC-RC81-2.webp 399w, https:\/\/fmp-components.com\/wp-content\/uploads\/2024\/12\/fmp_agricultural-gearbox-HC-RC81-2-231x300.webp 231w, https:\/\/fmp-components.com\/wp-content\/uploads\/2024\/12\/fmp_agricultural-gearbox-HC-RC81-2-9x12.webp 9w\" sizes=\"(max-width: 399px) 100vw, 399px\" \/><\/td>\n<td width=\"98\"><img loading=\"lazy\" decoding=\"async\" class=\"alignnone size-full wp-image-2034\" src=\"https:\/\/fmp-components.com\/wp-content\/uploads\/2024\/12\/fmp_agricultural-gearbox-HC-RC81.webp\" alt=\"fmp_tar\u0131msal-di\u015fli kutusu-HC-RC81-2\" width=\"400\" height=\"400\" title=\"\" srcset=\"https:\/\/fmp-components.com\/wp-content\/uploads\/2024\/12\/fmp_agricultural-gearbox-HC-RC81.webp 400w, https:\/\/fmp-components.com\/wp-content\/uploads\/2024\/12\/fmp_agricultural-gearbox-HC-RC81-300x300.webp 300w, https:\/\/fmp-components.com\/wp-content\/uploads\/2024\/12\/fmp_agricultural-gearbox-HC-RC81-150x150.webp 150w, https:\/\/fmp-components.com\/wp-content\/uploads\/2024\/12\/fmp_agricultural-gearbox-HC-RC81-12x12.webp 12w, https:\/\/fmp-components.com\/wp-content\/uploads\/2024\/12\/fmp_agricultural-gearbox-HC-RC81-100x100.webp 100w\" sizes=\"(max-width: 400px) 100vw, 400px\" \/><\/td>\n<\/tr>\n<\/tbody>\n<\/table>\n<table style=\"width: 95.6387%; height: 235px;\" border=\"1\">\n<tbody>\n<tr>\n<td><strong>\u00d6\u011eE<\/strong><\/td>\n<td>FMP-RC81<\/td>\n<\/tr>\n<tr>\n<td><strong>Oran<\/strong><\/td>\n<td>1:1.93\/1:1.46<\/td>\n<\/tr>\n<tr>\n<td><strong>Di\u015fler<\/strong><\/td>\n<td>27\/14 19\/13<\/td>\n<\/tr>\n<tr>\n<td><strong>Mod\u00fcl<\/strong><\/td>\n<td>5.5 \/ 7.0<\/td>\n<\/tr>\n<tr>\n<td><strong>G\u00fc\u00e7 (HP)<\/strong><\/td>\n<td>80<\/td>\n<\/tr>\n<tr>\n<td><strong>Anma Giri\u015fi<\/strong><\/td>\n<td>600 devir\/dakika<\/td>\n<\/tr>\n<tr>\n<td><strong>Giri\u015f\/\u00c7\u0131k\u0131\u015f A\u00e7\u0131klamas\u0131<\/strong><\/td>\n<td>1-3\/8 Z6 Konik spline<\/td>\n<\/tr>\n<tr>\n<td><strong>A\u011f\u0131rl\u0131k (KB)<\/strong><\/td>\n<td>28,7 kg<\/td>\n<\/tr>\n<\/tbody>\n<\/table>\n<h3>Tar\u0131m \u00c7im Bi\u00e7me Makinesi \u015eanz\u0131man FMP-RC81'in \u00d6zellikleri<\/h3>\n<p>FMP-RC81 Tar\u0131m \u00c7im Bi\u00e7me Makinesi \u015eanz\u0131man Kutusu, zorlu \u00e7im bi\u00e7me uygulamalar\u0131 i\u00e7in ola\u011fan\u00fcst\u00fc g\u00fcvenilirlik, verimlilik ve dayan\u0131kl\u0131l\u0131k sunmak \u00fczere tasarlanm\u0131\u015f, y\u00fcksek performansl\u0131 ve a\u011f\u0131r hizmet tipi bir \u015fanz\u0131mand\u0131r. En zorlu ko\u015fullar\u0131n \u00fcstesinden gelmek ve uzun \u00f6m\u00fcrl\u00fc hizmet sunmak i\u00e7in \u00fcretilmi\u015ftir. FMP-RC81'in temel \u00f6zellikleri \u015funlard\u0131r:<\/p>\n<ol>\n<li><strong>A\u011f\u0131r Hizmet Tipi Tasar\u0131m<\/strong><br \/>\nFMP-RC81, tar\u0131msal \u00e7im bi\u00e7meyle ili\u015fkili a\u011f\u0131r y\u00fcklere dayanacak \u015fekilde sa\u011flam ve y\u00fcksek mukavemetli malzemelerden \u00fcretilmi\u015ftir. Sa\u011flam tasar\u0131m\u0131, yo\u011fun \u00e7imlerden engebeli arazilere kadar zorlu ortamlarda \u00fcst\u00fcn performans sa\u011flar.<\/li>\n<li><strong>Y\u00fcksek Tork Kapasitesi<\/strong><br \/>\n\u00dcst\u00fcn tork ta\u015f\u0131ma kapasitesiyle FMP-RC81, y\u00fcksek y\u00fck uygulamalar\u0131 i\u00e7in idealdir. En zorlu ko\u015fullarda bile verimli g\u00fc\u00e7 aktar\u0131m\u0131 sa\u011flayarak, \u00e7im bi\u00e7me makinesinin yo\u011fun \u00e7imlerde veya e\u011fimli zeminlerde bile en iyi performans\u0131n\u0131 sergilemesini sa\u011flar.<\/li>\n<li><strong>Hassas \u0130\u015flenmi\u015f Di\u015fliler<\/strong><br \/>\nHassas tasar\u0131ml\u0131 di\u015flilerle donat\u0131lan FMP-RC81, minimum titre\u015fimle sorunsuz ve verimli bir g\u00fc\u00e7 aktar\u0131m\u0131 sa\u011flar. Bu hassasiyet, a\u015f\u0131nma ve y\u0131pranmay\u0131 azaltarak daha uzun kullan\u0131m \u00f6mr\u00fc ve daha d\u00fc\u015f\u00fck bak\u0131m maliyetleri sunar.<\/li>\n<li><strong>Optimize Edilmi\u015f G\u00fc\u00e7 Verimlili\u011fi<\/strong><br \/>\nFMP-RC81, g\u00fc\u00e7 kayb\u0131n\u0131 en aza indiren ve \u00e7im bi\u00e7me makinesinin genel verimlili\u011fini art\u0131ran optimize edilmi\u015f bir di\u015fli tasar\u0131m\u0131na sahiptir. Bu sayede motor y\u00fck\u00fc azal\u0131r, yak\u0131t ekonomisi iyile\u015ftirilir ve g\u00fcc\u00fcn kesme performans\u0131 i\u00e7in etkili bir \u015fekilde kullan\u0131lmas\u0131 sa\u011flan\u0131r.<\/li>\n<li><strong>Kompakt ve Hafif<\/strong><br \/>\nFMP-RC81, a\u011f\u0131r hizmet tipi kapasitesine ra\u011fmen kompakt ve hafif olacak \u015fekilde tasarlanm\u0131\u015ft\u0131r. Bu sayede, fazla a\u011f\u0131rl\u0131k eklemeden \u00e7e\u015fitli \u00e7im bi\u00e7me makinesi sistemlerine kolayca entegre edilebilir, daha iyi manevra kabiliyetine ve ekipman \u00fczerindeki y\u00fck\u00fcn azalt\u0131lmas\u0131na katk\u0131da bulunur.<\/li>\n<li><strong>D\u00fc\u015f\u00fck Bak\u0131m Gerektiren Tasar\u0131m<\/strong><br \/>\nFMP-RC81 \u015fanz\u0131man, s\u0131k bak\u0131m ihtiyac\u0131n\u0131 azaltan kendi kendini ya\u011flayan bile\u015fenleriyle minimum bak\u0131m gerektirecek \u015fekilde tasarlanm\u0131\u015ft\u0131r. Bu tasar\u0131m, kesintisiz \u00e7al\u0131\u015fma ve azalt\u0131lm\u0131\u015f ar\u0131za s\u00fcresi ve bak\u0131m maliyetleri sa\u011flar.<\/li>\n<li><strong>\u00c7ok Y\u00f6nl\u00fc ve Uyarlanabilir<\/strong><br \/>\nFMP-RC81, tar\u0131m ve peyzajda kullan\u0131lan \u00e7ok \u00e7e\u015fitli \u00e7im bi\u00e7me makineleriyle uyumlu, son derece \u00e7ok y\u00f6nl\u00fc bir \u00fcr\u00fcnd\u00fcr. Farkl\u0131 bi\u00e7me makinesi konfig\u00fcrasyonlar\u0131nda optimum performans sa\u011flayarak, \u00f6zel ihtiya\u00e7lara g\u00f6re \u00f6zelle\u015ftirilebilir.<\/li>\n<\/ol>\n<p>FMP-RC81 Tar\u0131m \u00c7im Bi\u00e7me Makinesi \u015eanz\u0131man\u0131, sa\u011flaml\u0131k, verimlilik ve g\u00fcvenilirli\u011fi bir araya getirerek onu tar\u0131msal ve end\u00fcstriyel bi\u00e7me uygulamalar\u0131 i\u00e7in m\u00fckemmel bir se\u00e7im haline getirir. A\u011f\u0131r y\u00fckleri kald\u0131racak, bak\u0131m\u0131 azaltacak ve sorunsuz g\u00fc\u00e7 iletimi sa\u011flayacak \u015fekilde tasarlanan bu makine, operasyonel verimlili\u011fi en \u00fcst d\u00fczeye \u00e7\u0131karmak ve ar\u0131za s\u00fcresini en aza indirmek i\u00e7in \u00fcretilmi\u015ftir.<\/p>\n<p><img loading=\"lazy\" decoding=\"async\" class=\"alignnone size-full wp-image-1994\" src=\"https:\/\/fmp-components.com\/wp-content\/uploads\/2024\/12\/Lawn-Mower-Gearbox-7.webp\" alt=\"\u00c7im Bi\u00e7me Makinesi \u015eanz\u0131man\u0131\" width=\"1502\" height=\"805\" title=\"\" srcset=\"https:\/\/fmp-components.com\/wp-content\/uploads\/2024\/12\/Lawn-Mower-Gearbox-7.webp 1502w, https:\/\/fmp-components.com\/wp-content\/uploads\/2024\/12\/Lawn-Mower-Gearbox-7-1280x686.webp 1280w, https:\/\/fmp-components.com\/wp-content\/uploads\/2024\/12\/Lawn-Mower-Gearbox-7-980x525.webp 980w, https:\/\/fmp-components.com\/wp-content\/uploads\/2024\/12\/Lawn-Mower-Gearbox-7-480x257.webp 480w\" sizes=\"(min-width: 0px) and (max-width: 480px) 480px, (min-width: 481px) and (max-width: 980px) 980px, (min-width: 981px) and (max-width: 1280px) 1280px, (min-width: 1281px) 1502px, 100vw\" \/><\/p>\n<h3>FMP Hakk\u0131nda<\/h3>\n<p>Merkezi \u0130talya'da bulunan FMP, tar\u0131m makineleri i\u00e7in y\u00fcksek performansl\u0131 \u015fanz\u0131manlarda uzmanla\u015fm\u0131\u015f lider bir \u00fcreticidir. Hassas m\u00fchendislik, yenilik\u00e7ilik ve g\u00fcvenilirlikle tan\u0131nan firmam\u0131z, \u00e7im bi\u00e7me makinesi \u015fanz\u0131manlar\u0131 ve PTO \u015faftlar\u0131 gibi temel bile\u015fenler de dahil olmak \u00fczere geni\u015f bir \u015fanz\u0131man yelpazesi sunmaktad\u0131r. Misyonumuz, ister bireysel \u00fcr\u00fcnler ister entegre sistemler arac\u0131l\u0131\u011f\u0131yla olsun, tar\u0131m ve end\u00fcstriyel sekt\u00f6rlerin \u00f6zel ihtiya\u00e7lar\u0131n\u0131 kar\u015f\u0131layan \u00f6zel \u00e7\u00f6z\u00fcmler sunmakt\u0131r.<\/p>\n<p>Her m\u00fc\u015fterinin kendine \u00f6zg\u00fc ihtiya\u00e7lar\u0131 oldu\u011funun bilincindeyiz ve bu nedenle \u00fcr\u00fcnlerimizi bu ihtiya\u00e7lara g\u00f6re \u00f6zelle\u015ftirme konusunda uzmanla\u015f\u0131yoruz. \u0130ster \u00f6zel bir di\u015fli kutusuna ister komple bir sisteme ihtiyac\u0131n\u0131z olsun, en etkili ve verimli \u00e7\u00f6z\u00fcmleri sunmak i\u00e7in sizinle yak\u0131n bir \u015fekilde \u00e7al\u0131\u015f\u0131yoruz. H\u0131zl\u0131 ve profesyonel yan\u0131tlar\u0131m\u0131z, uzman tavsiyeleriyle birle\u015ferek her sorunun \u00f6zenle ve hassasiyetle ele al\u0131nmas\u0131n\u0131 sa\u011flar.<\/p>\n<p>FMP olarak, \u00f6zellikle yeni \u00fcr\u00fcnler geli\u015ftirirken a\u00e7\u0131k ileti\u015fim ve i\u015f birli\u011fine \u00f6ncelik veriyoruz. Ekibimiz, m\u00fc\u015fterilerimizin zorluklar\u0131n\u0131 anlamak ve en uygun \u00e7\u00f6z\u00fcmlere ula\u015fmalar\u0131n\u0131 sa\u011flayacak i\u00e7g\u00f6r\u00fcler sunmak i\u00e7in onlarla birlikte \u00e7al\u0131\u015f\u0131r. \u0130ster yeni geli\u015ftirmeler ister mevcut sipari\u015fler olsun, y\u00fcksek kaliteli ve hassas m\u00fchendislikle \u00fcretilmi\u015f \u00fcr\u00fcnleri zaman\u0131nda teslim etmeye kararl\u0131y\u0131z.<\/p>\n<p>Kalite, FMP'nin faaliyetlerinin merkezinde yer al\u0131r. \u00dcretim s\u00fcre\u00e7lerimiz en y\u00fcksek standartlara uygun olarak, do\u011fruluk ve s\u0131f\u0131r hata garantisi sunar. Titiz kalite kontrol sistemimiz, her \u00fcr\u00fcn\u00fcn sekt\u00f6r standartlar\u0131n\u0131 kar\u015f\u0131lamas\u0131n\u0131 veya a\u015fmas\u0131n\u0131 garanti eder. Kaliteye olan bu ba\u011fl\u0131l\u0131\u011f\u0131m\u0131z, d\u00fcr\u00fcstl\u00fck, ekip \u00e7al\u0131\u015fmas\u0131 ve azim gibi temel de\u011ferlerimizle birle\u015ferek, yakla\u015f\u0131k 30 \u00fclkedeki m\u00fc\u015fterilerimizle g\u00fc\u00e7l\u00fc ili\u015fkiler kurmam\u0131z\u0131 sa\u011flam\u0131\u015ft\u0131r.<\/p>\n<p>FMP, uzman tavsiyeleri ve \u00f6zelle\u015ftirilmi\u015f \u00e7\u00f6z\u00fcmler sunarak k\u00fcresel ortakl\u0131klara her zaman a\u00e7\u0131kt\u0131r. Yakla\u015f\u0131m\u0131m\u0131z yaln\u0131zca \u00fcr\u00fcn sunman\u0131n \u00f6tesine ge\u00e7er; kar\u015f\u0131l\u0131kl\u0131 ba\u015far\u0131y\u0131 te\u015fvik eden uzun vadeli ili\u015fkiler kurmay\u0131 hedefleriz. \u0130ster yeni \u00e7\u00f6z\u00fcmlere ister mevcut sistemleriniz i\u00e7in deste\u011fe ihtiyac\u0131n\u0131z olsun, FMP teknik zorluklar\u0131n\u0131z\u0131 ele almaya ve s\u00fcrekli ba\u015far\u0131y\u0131 sa\u011flamaya kendini adam\u0131\u015ft\u0131r.<\/p>\n<p><img loading=\"lazy\" decoding=\"async\" class=\"alignnone size-full wp-image-1861\" src=\"https:\/\/fmp-components.com\/wp-content\/uploads\/2024\/12\/Other-Agricultural-Gearboxes.webp\" sizes=\"(min-width: 0px) and (max-width: 480px) 480px, (min-width: 481px) and (max-width: 980px) 980px, (min-width: 981px) 1200px, 100vw\" srcset=\"https:\/\/fmp-components.com\/wp-content\/uploads\/2024\/12\/Other-Agricultural-Gearboxes.webp 1200w, https:\/\/fmp-components.com\/wp-content\/uploads\/2024\/12\/Other-Agricultural-Gearboxes-980x1143.webp 980w, https:\/\/fmp-components.com\/wp-content\/uploads\/2024\/12\/Other-Agricultural-Gearboxes-480x560.webp 480w\" alt=\"Altri-cambi-agricoli\" width=\"1200\" height=\"1400\" title=\"\"><\/p>\n<p>Yazar: CX<\/p>","protected":false},"excerpt":{"rendered":"<p>Agricultural Lawn Mower Gearbox FMP-RC81 Specification ITEM FMP-RC81 Ratio 1:1.93\/1:1.46 Teeth 27\/14 19\/13 Module 5.5 \/ 7.0 Power(HP) 80 Rated Input 600rpm Input\/Output Description 1-3\/8 Z6 Taper spline Weight(N.W) 28.7KG Features of Agricultural Lawn Mower Gearbox FMP-RC81 The FMP-RC81 Agricultural Lawn Mower Gearbox is a high-performance, heavy-duty gearbox designed to deliver exceptional reliability, efficiency, and [&hellip;]<\/p>","protected":false},"featured_media":2034,"comment_status":"open","ping_status":"closed","template":"","meta":{"_et_pb_use_builder":"","_et_pb_old_content":"","_et_gb_content_width":""},"product_brand":[],"product_cat":[52],"product_tag":[],"class_list":{"0":"post-2031","1":"product","2":"type-product","3":"status-publish","4":"has-post-thumbnail","6":"product_cat-lawn-mower-gearbox","8":"first","9":"instock","10":"shipping-taxable","11":"product-type-simple"},"_links":{"self":[{"href":"https:\/\/fmp-components.com\/tr\/wp-json\/wp\/v2\/product\/2031","targetHints":{"allow":["GET"]}}],"collection":[{"href":"https:\/\/fmp-components.com\/tr\/wp-json\/wp\/v2\/product"}],"about":[{"href":"https:\/\/fmp-components.com\/tr\/wp-json\/wp\/v2\/types\/product"}],"replies":[{"embeddable":true,"href":"https:\/\/fmp-components.com\/tr\/wp-json\/wp\/v2\/comments?post=2031"}],"wp:featuredmedia":[{"embeddable":true,"href":"https:\/\/fmp-components.com\/tr\/wp-json\/wp\/v2\/media\/2034"}],"wp:attachment":[{"href":"https:\/\/fmp-components.com\/tr\/wp-json\/wp\/v2\/media?parent=2031"}],"wp:term":[{"taxonomy":"product_brand","embeddable":true,"href":"https:\/\/fmp-components.com\/tr\/wp-json\/wp\/v2\/product_brand?post=2031"},{"taxonomy":"product_cat","embeddable":true,"href":"https:\/\/fmp-components.com\/tr\/wp-json\/wp\/v2\/product_cat?post=2031"},{"taxonomy":"product_tag","embeddable":true,"href":"https:\/\/fmp-components.com\/tr\/wp-json\/wp\/v2\/product_tag?post=2031"}],"curies":[{"name":"wp","href":"https:\/\/api.w.org\/{rel}","templated":true}]}}