{"id":2021,"date":"2024-12-27T01:29:14","date_gmt":"2024-12-27T01:29:14","guid":{"rendered":"https:\/\/fmp-components.com\/?page_id=8"},"modified":"2024-12-27T01:42:20","modified_gmt":"2024-12-27T01:42:20","slug":"agricultural-lawn-mower-gearbox-fmp-rc51","status":"publish","type":"product","link":"https:\/\/fmp-components.com\/tr\/product\/agricultural-lawn-mower-gearbox-fmp-rc51\/","title":{"rendered":"Tar\u0131m \u00c7im Bi\u00e7me Makinesi \u015eanz\u0131man FMP-RC51"},"content":{"rendered":"<h2>\u015eartname<\/h2>\n<table style=\"width: 96.2203%; height: 596px;\" border=\"1\" width=\"100%\" cellspacing=\"0\" cellpadding=\"0\">\n<tbody>\n<tr>\n<td width=\"110\"><img loading=\"lazy\" decoding=\"async\" class=\"alignnone size-full wp-image-2025\" src=\"https:\/\/fmp-components.com\/wp-content\/uploads\/2024\/12\/fmp_agricultural-gearbox-HC-RC51-2.webp\" alt=\"fmp_tar\u0131msal-di\u015fli kutusu-HC-RC51-2\" width=\"404\" height=\"547\" title=\"\" srcset=\"https:\/\/fmp-components.com\/wp-content\/uploads\/2024\/12\/fmp_agricultural-gearbox-HC-RC51-2.webp 404w, https:\/\/fmp-components.com\/wp-content\/uploads\/2024\/12\/fmp_agricultural-gearbox-HC-RC51-2-222x300.webp 222w, https:\/\/fmp-components.com\/wp-content\/uploads\/2024\/12\/fmp_agricultural-gearbox-HC-RC51-2-9x12.webp 9w\" sizes=\"(max-width: 404px) 100vw, 404px\" \/><\/td>\n<td width=\"98\"><img loading=\"lazy\" decoding=\"async\" class=\"alignnone size-full wp-image-2026\" src=\"https:\/\/fmp-components.com\/wp-content\/uploads\/2024\/12\/fmp_agricultural-gearbox-HC-RC51.webp\" alt=\"fmp_tar\u0131msal-di\u015fli kutusu-HC-RC51-2\" width=\"400\" height=\"400\" title=\"\" srcset=\"https:\/\/fmp-components.com\/wp-content\/uploads\/2024\/12\/fmp_agricultural-gearbox-HC-RC51.webp 400w, https:\/\/fmp-components.com\/wp-content\/uploads\/2024\/12\/fmp_agricultural-gearbox-HC-RC51-300x300.webp 300w, https:\/\/fmp-components.com\/wp-content\/uploads\/2024\/12\/fmp_agricultural-gearbox-HC-RC51-150x150.webp 150w, https:\/\/fmp-components.com\/wp-content\/uploads\/2024\/12\/fmp_agricultural-gearbox-HC-RC51-12x12.webp 12w, https:\/\/fmp-components.com\/wp-content\/uploads\/2024\/12\/fmp_agricultural-gearbox-HC-RC51-100x100.webp 100w\" sizes=\"(max-width: 400px) 100vw, 400px\" \/><\/td>\n<\/tr>\n<\/tbody>\n<\/table>\n<p>&nbsp;<\/p>\n<table style=\"width: 100.19%; height: 241px;\" border=\"1\">\n<tbody>\n<tr>\n<td style=\"width: 36.3538%;\"><strong>\u00d6\u011eE<\/strong><\/td>\n<td style=\"width: 62.9989%;\">FMP-rc51<\/td>\n<\/tr>\n<tr>\n<td style=\"width: 36.3538%;\"><strong>Oran<\/strong><\/td>\n<td style=\"width: 62.9989%;\">1:1.47\/1:1.93<\/td>\n<\/tr>\n<tr>\n<td style=\"width: 36.3538%;\"><strong>Di\u015fler<\/strong><\/td>\n<td style=\"width: 62.9989%;\">22\/15 29\/15<\/td>\n<\/tr>\n<tr>\n<td style=\"width: 36.3538%;\"><strong>Mod\u00fcl<\/strong><\/td>\n<td style=\"width: 62.9989%;\">\u00a05.08 \/4.0<\/td>\n<\/tr>\n<tr>\n<td style=\"width: 36.3538%;\"><strong>G\u00fc\u00e7 (HP)<\/strong><\/td>\n<td style=\"width: 62.9989%;\">30<\/td>\n<\/tr>\n<tr>\n<td style=\"width: 36.3538%;\"><strong>Anma Giri\u015fi<\/strong><\/td>\n<td style=\"width: 62.9989%;\">540 devir\/dakika<\/td>\n<\/tr>\n<tr>\n<td style=\"width: 36.3538%;\"><strong>Giri\u015f\/\u00c7\u0131k\u0131\u015f A\u00e7\u0131klamas\u0131<\/strong><\/td>\n<td style=\"width: 62.9989%;\">\u00a0Spline \/ Konik spline<\/td>\n<\/tr>\n<tr>\n<td style=\"width: 36.3538%;\"><strong>A\u011f\u0131rl\u0131k (KB)<\/strong><\/td>\n<td style=\"width: 62.9989%;\">29kg<\/td>\n<\/tr>\n<\/tbody>\n<\/table>\n<h2>Tar\u0131m \u00c7im Bi\u00e7me Makinesi \u015eanz\u0131man FMP-RC51'in \u00d6zellikleri<\/h2>\n<p>FMP-RC51 Tar\u0131m \u00c7im Bi\u00e7me Makinesi \u015eanz\u0131man Kutusu, y\u00fcksek performans, g\u00fcvenilirlik ve dayan\u0131kl\u0131l\u0131k i\u00e7in tasarlanm\u0131\u015ft\u0131r ve bu da onu \u00e7im bi\u00e7me uygulamalar\u0131 i\u00e7in ideal bir \u00e7\u00f6z\u00fcm haline getirir. FMP-RC51'in temel \u00f6zellikleri \u015funlard\u0131r:<\/p>\n<ol>\n<li><strong>Sa\u011flam Tasar\u0131m<\/strong><br \/>\nY\u00fcksek kaliteli malzemelerden \u00fcretilen FMP-RC51 \u015fanz\u0131man, ola\u011fan\u00fcst\u00fc dayan\u0131kl\u0131l\u0131k ve esneklik sunarak tar\u0131msal ortamlar\u0131n zorlu taleplerine dayanabilmesini sa\u011flar.<\/li>\n<li><strong>Hassas M\u00fchendislik<\/strong><br \/>\nFMP-RC51, hassas i\u015fleme teknolojisiyle sorunsuz \u00e7al\u0131\u015fma ve optimum g\u00fc\u00e7 aktar\u0131m\u0131 sa\u011flar. Bu tasar\u0131m, a\u015f\u0131nma ve y\u0131pranmay\u0131 en aza indirerek \u015fanz\u0131man\u0131n \u00f6mr\u00fcn\u00fc ve verimlili\u011fini art\u0131r\u0131r.<\/li>\n<li><strong>Y\u00fcksek Tork Kapasitesi<\/strong><br \/>\nY\u00fcksek torklu y\u00fckleri kald\u0131racak \u015fekilde tasarlanan FMP-RC51, zorlu bi\u00e7me ko\u015fullar\u0131nda \u00fcst\u00fcn performans sunarak zorlu arazilerde bile g\u00fcvenilir \u00e7al\u0131\u015fmay\u0131 garanti eder.<\/li>\n<li><strong>Verimli G\u00fc\u00e7 Aktar\u0131m\u0131<\/strong><br \/>\nFMP-RC51, y\u00fcksek verimli di\u015fli tasar\u0131m\u0131yla minimum enerji kayb\u0131 ve maksimum g\u00fc\u00e7 \u00e7\u0131k\u0131\u015f\u0131 sa\u011flar. Bu sayede sorunsuz bir \u00e7al\u0131\u015fma sa\u011flan\u0131r, motor y\u00fck\u00fc azalt\u0131l\u0131r ve yak\u0131t verimlili\u011fi art\u0131r\u0131l\u0131r.<\/li>\n<li><strong>Kompakt ve Hafif<\/strong><br \/>\n\u015eanz\u0131man, kompakt ve hafif bir yap\u0131da tasarlanm\u0131\u015ft\u0131r ve gereksiz a\u011f\u0131rl\u0131k eklemeden \u00e7e\u015fitli \u00e7im bi\u00e7me makinesi sistemlerine kolayca monte edilebilir ve entegre edilebilir.<\/li>\n<li><strong>D\u00fc\u015f\u00fck Bak\u0131m<\/strong><br \/>\nFMP-RC51 \u015fanz\u0131man, s\u0131k bak\u0131m ihtiyac\u0131n\u0131 azaltan, \u00fcretkenli\u011fi art\u0131ran ve duru\u015f s\u00fcresini en aza indiren kendi kendini ya\u011flayan bile\u015fenlere sahip, d\u00fc\u015f\u00fck bak\u0131m i\u00e7in tasarlanm\u0131\u015ft\u0131r.<\/li>\n<li><strong>\u00c7ok Y\u00f6nl\u00fc Uyumluluk<\/strong><br \/>\nFMP-RC51, \u00e7ok \u00e7e\u015fitli \u00e7im bi\u00e7me makineleriyle uyumlu olmas\u0131 sayesinde tar\u0131m sekt\u00f6r\u00fcndeki farkl\u0131 uygulamalar i\u00e7in \u00e7ok y\u00f6nl\u00fc bir se\u00e7enektir. Belirli makine gereksinimlerini kar\u015f\u0131lamak \u00fczere kolayca uyarlanabilir.<\/li>\n<\/ol>\n<p>Bu \u00f6zellikler, FMP-RC51 Tar\u0131m \u00c7im Bi\u00e7me Makinesi \u015eanz\u0131man\u0131n\u0131 tar\u0131m makineleri i\u00e7in g\u00fcvenilir, verimli ve dayan\u0131kl\u0131 bir se\u00e7im haline getirerek \u00e7im bi\u00e7me i\u015flerinde ola\u011fan\u00fcst\u00fc performans ve uzun \u00f6m\u00fcr sa\u011flar.<\/p>\n<div class=\"flex-shrink-0 flex flex-col relative items-end\">\n<div>\n<div class=\"pt-0\">\n<div class=\"gizmo-bot-avatar flex h-8 w-8 items-center justify-center overflow-hidden rounded-full\">\n<div class=\"relative p-1 rounded-sm flex items-center justify-center bg-token-main-surface-primary text-token-text-primary h-8 w-8\"><img loading=\"lazy\" decoding=\"async\" class=\"alignnone size-full wp-image-1994\" src=\"https:\/\/fmp-components.com\/wp-content\/uploads\/2024\/12\/Lawn-Mower-Gearbox-7.webp\" alt=\"\u00c7im Bi\u00e7me Makinesi \u015eanz\u0131man\u0131\" width=\"1502\" height=\"805\" title=\"\" srcset=\"https:\/\/fmp-components.com\/wp-content\/uploads\/2024\/12\/Lawn-Mower-Gearbox-7.webp 1502w, https:\/\/fmp-components.com\/wp-content\/uploads\/2024\/12\/Lawn-Mower-Gearbox-7-1280x686.webp 1280w, https:\/\/fmp-components.com\/wp-content\/uploads\/2024\/12\/Lawn-Mower-Gearbox-7-980x525.webp 980w, https:\/\/fmp-components.com\/wp-content\/uploads\/2024\/12\/Lawn-Mower-Gearbox-7-480x257.webp 480w\" sizes=\"(min-width: 0px) and (max-width: 480px) 480px, (min-width: 481px) and (max-width: 980px) 980px, (min-width: 981px) and (max-width: 1280px) 1280px, (min-width: 1281px) 1502px, 100vw\" \/><\/div>\n<\/div>\n<\/div>\n<\/div>\n<\/div>\n<div class=\"group\/conversation-turn relative flex w-full min-w-0 flex-col agent-turn\">\n<div class=\"flex-col gap-1 md:gap-3\">\n<div class=\"flex max-w-full flex-col flex-grow\">\n<div class=\"min-h-8 text-message flex w-full flex-col items-end gap-2 whitespace-normal break-words text-start [.text-message+&amp;]:mt-5\" dir=\"auto\" data-message-author-role=\"assistant\" data-message-id=\"f83c79da-cb0c-4da0-823f-20067c852903\" data-message-model-slug=\"gpt-4o\">\n<div class=\"flex w-full flex-col gap-1 empty:hidden first:pt-[3px]\">\n<div class=\"markdown prose w-full break-words dark:prose-invert light\">\n<h3>FMP Hakk\u0131nda<\/h3>\n<p>\u0130talya merkezli FMP, tar\u0131m makineleri i\u00e7in \u00f6zel olarak tasarlanm\u0131\u015f y\u00fcksek performansl\u0131 \u015fanz\u0131manlar\u0131yla tan\u0131nan \u00f6nde gelen bir \u00fcreticidir. Hassas m\u00fchendislik, yenilik\u00e7ilik ve g\u00fcvenilirlik konusundaki g\u00fc\u00e7l\u00fc itibar\u0131m\u0131zla, \u00f6zel \u00e7im bi\u00e7me makinesi \u015fanz\u0131manlar\u0131 ve PTO \u015faftlar\u0131 gibi kritik bile\u015fenler de dahil olmak \u00fczere kapsaml\u0131 bir \u015fanz\u0131man yelpazesi sunuyoruz. Amac\u0131m\u0131z, ister ba\u011f\u0131ms\u0131z \u00fcr\u00fcnler ister entegre sistemler olsun, tar\u0131m ve end\u00fcstriyel sekt\u00f6rlerin benzersiz taleplerine m\u00fckemmel \u015fekilde uyum sa\u011flayan \u00f6zelle\u015ftirilmi\u015f \u00e7\u00f6z\u00fcmler sunmakt\u0131r.<\/p>\n<p>Her m\u00fc\u015fterinin ihtiya\u00e7lar\u0131n\u0131n farkl\u0131 oldu\u011funun bilincinde olarak, \u00fcr\u00fcnlerimizi bu \u00f6zel gereksinimleri kar\u015f\u0131layacak \u015fekilde uyarlama konusunda uzmanla\u015f\u0131yoruz. \u0130ster \u00f6zel yap\u0131m bir \u015fanz\u0131man ister komple bir sistem ar\u0131yor olun, verimli ve etkili \u00e7\u00f6z\u00fcmler geli\u015ftirmek i\u00e7in sizinle yak\u0131n i\u015f birli\u011fi i\u00e7indeyiz. H\u0131zl\u0131, profesyonel yan\u0131tlar\u0131m\u0131z ve uzman rehberli\u011fimiz, her talebin azami \u00f6zen ve do\u011frulukla y\u00f6netilmesini sa\u011flar.<\/p>\n<p>FMP olarak, \u00f6zellikle yeni \u00fcr\u00fcn tasarlarken ve geli\u015ftirirken \u015feffaf ileti\u015fim ve i\u015f birli\u011fine b\u00fcy\u00fck \u00f6nem veriyoruz. M\u00fc\u015fterilerimizle el ele \u00e7al\u0131\u015farak, kar\u015f\u0131la\u015ft\u0131klar\u0131 zorluklar\u0131 derinlemesine anl\u0131yor ve en uygun, yenilik\u00e7i \u00e7\u00f6z\u00fcmlere yol a\u00e7an i\u00e7g\u00f6r\u00fcler sunuyoruz. Y\u00fcksek kaliteli, hassas m\u00fchendislikle \u00fcretilmi\u015f \u00fcr\u00fcnleri zaman\u0131nda ve m\u00fc\u015fteri beklentileri do\u011frultusunda sunma taahh\u00fcd\u00fcm\u00fcz, yapt\u0131\u011f\u0131m\u0131z her \u015feyin merkezinde yer al\u0131yor.<\/p>\n<p>Kalite, FMP'nin faaliyetlerinin temel ta\u015f\u0131d\u0131r. \u00dcretim s\u00fcre\u00e7lerimiz, kusursuz uygulama ve s\u0131f\u0131r hata garantisi veren en y\u00fcksek standartlara tabidir. Titiz kalite kontrol\u00fcm\u00fcz, her \u00fcr\u00fcn\u00fcn sekt\u00f6r standartlar\u0131n\u0131 kar\u015f\u0131lamas\u0131n\u0131 veya a\u015fmas\u0131n\u0131 sa\u011flar. Kaliteye olan bu sars\u0131lmaz ba\u011fl\u0131l\u0131\u011f\u0131m\u0131z, d\u00fcr\u00fcstl\u00fck, ekip \u00e7al\u0131\u015fmas\u0131 ve azim gibi temel de\u011ferlerimizle birle\u015ferek, 30'dan fazla \u00fclkedeki m\u00fc\u015fterilerimizle kal\u0131c\u0131 ili\u015fkiler kurmam\u0131za yard\u0131mc\u0131 olmu\u015ftur.<\/p>\n<p>FMP, uzman dan\u0131\u015fmanl\u0131\u011f\u0131 ve ki\u015fiye \u00f6zel \u00e7\u00f6z\u00fcmler sunarak k\u00fcresel ortakl\u0131klar kurmaya her zaman a\u00e7\u0131kt\u0131r. Yakla\u015f\u0131m\u0131m\u0131z sadece \u00fcr\u00fcn tedarik etmekle s\u0131n\u0131rl\u0131 de\u011fil, ayn\u0131 zamanda ortak ba\u015far\u0131ya yol a\u00e7an uzun vadeli ortakl\u0131klar kurmakt\u0131r. \u0130ster yenilik\u00e7i \u00e7\u00f6z\u00fcmler, ister mevcut sistemleriniz i\u00e7in s\u00fcrekli destek ar\u0131yor olun, FMP teknik sorunlar\u0131n\u0131z\u0131 \u00e7\u00f6zmeye ve s\u00fcrekli ba\u015far\u0131n\u0131z\u0131 sa\u011flamaya kendini adam\u0131\u015ft\u0131r.<\/p>\n<\/div>\n<\/div>\n<\/div>\n<\/div>\n<\/div>\n<\/div>\n<p><img loading=\"lazy\" decoding=\"async\" class=\"alignnone size-full wp-image-1861\" src=\"https:\/\/fmp-components.com\/wp-content\/uploads\/2024\/12\/Other-Agricultural-Gearboxes.webp\" sizes=\"(min-width: 0px) and (max-width: 480px) 480px, (min-width: 481px) and (max-width: 980px) 980px, (min-width: 981px) 1200px, 100vw\" srcset=\"https:\/\/fmp-components.com\/wp-content\/uploads\/2024\/12\/Other-Agricultural-Gearboxes.webp 1200w, https:\/\/fmp-components.com\/wp-content\/uploads\/2024\/12\/Other-Agricultural-Gearboxes-980x1143.webp 980w, https:\/\/fmp-components.com\/wp-content\/uploads\/2024\/12\/Other-Agricultural-Gearboxes-480x560.webp 480w\" alt=\"Altri-cambi-agricoli\" width=\"1200\" height=\"1400\" title=\"\"><\/p>\n<p>Yazar: CX<\/p>","protected":false},"excerpt":{"rendered":"<p>Specification &nbsp; ITEM FMP-rc51 Ratio 1:1.47\/1:1.93 Teeth 22\/15 29\/15 Module \u00a05.08 \/4.0 Power(HP) 30 Rated Input 540rpm Input\/Output Description \u00a0Spline \/Taper spline Weight(N.W) 29KG Features of Agricultural Lawn Mower Gearbox FMP-RC51 The FMP-RC51 Agricultural Lawn Mower Gearbox is designed for high performance, reliability, and durability, making it the ideal solution for lawn mowing applications. Key [&hellip;]<\/p>","protected":false},"featured_media":2026,"comment_status":"open","ping_status":"closed","template":"","meta":{"_et_pb_use_builder":"","_et_pb_old_content":"","_et_gb_content_width":""},"product_brand":[],"product_cat":[52],"product_tag":[],"class_list":{"0":"post-2021","1":"product","2":"type-product","3":"status-publish","4":"has-post-thumbnail","6":"product_cat-lawn-mower-gearbox","8":"first","9":"instock","10":"shipping-taxable","11":"product-type-simple"},"_links":{"self":[{"href":"https:\/\/fmp-components.com\/tr\/wp-json\/wp\/v2\/product\/2021","targetHints":{"allow":["GET"]}}],"collection":[{"href":"https:\/\/fmp-components.com\/tr\/wp-json\/wp\/v2\/product"}],"about":[{"href":"https:\/\/fmp-components.com\/tr\/wp-json\/wp\/v2\/types\/product"}],"replies":[{"embeddable":true,"href":"https:\/\/fmp-components.com\/tr\/wp-json\/wp\/v2\/comments?post=2021"}],"wp:featuredmedia":[{"embeddable":true,"href":"https:\/\/fmp-components.com\/tr\/wp-json\/wp\/v2\/media\/2026"}],"wp:attachment":[{"href":"https:\/\/fmp-components.com\/tr\/wp-json\/wp\/v2\/media?parent=2021"}],"wp:term":[{"taxonomy":"product_brand","embeddable":true,"href":"https:\/\/fmp-components.com\/tr\/wp-json\/wp\/v2\/product_brand?post=2021"},{"taxonomy":"product_cat","embeddable":true,"href":"https:\/\/fmp-components.com\/tr\/wp-json\/wp\/v2\/product_cat?post=2021"},{"taxonomy":"product_tag","embeddable":true,"href":"https:\/\/fmp-components.com\/tr\/wp-json\/wp\/v2\/product_tag?post=2021"}],"curies":[{"name":"wp","href":"https:\/\/api.w.org\/{rel}","templated":true}]}}