{"id":2020,"date":"2024-12-27T01:24:26","date_gmt":"2024-12-27T01:24:26","guid":{"rendered":"https:\/\/fmp-components.com\/?page_id=8"},"modified":"2024-12-27T01:37:57","modified_gmt":"2024-12-27T01:37:57","slug":"agricultural-lawn-mower-gearbox-fmp-rc31-193-fmp-rc31-147","status":"publish","type":"product","link":"https:\/\/fmp-components.com\/tr\/product\/agricultural-lawn-mower-gearbox-fmp-rc31-193-fmp-rc31-147\/","title":{"rendered":"Tar\u0131m \u00c7im Bi\u00e7me Makinesi \u015eanz\u0131man FMP-RC31-193 FMP-RC31-147"},"content":{"rendered":"<h2>\u015eartname<\/h2>\n<table style=\"width: 96.2203%; height: 596px;\" border=\"1\" width=\"100%\" cellspacing=\"0\" cellpadding=\"0\">\n<tbody>\n<tr>\n<td width=\"110\">\u00a0<img loading=\"lazy\" decoding=\"async\" class=\"alignnone size-full wp-image-2024\" src=\"https:\/\/fmp-components.com\/wp-content\/uploads\/2024\/12\/fmp_agricultural-gearbox-HC-RC31-2.webp\" alt=\"fmp_tar\u0131msal-di\u015fli kutusu-HC-RC31\" width=\"460\" height=\"559\" title=\"\" srcset=\"https:\/\/fmp-components.com\/wp-content\/uploads\/2024\/12\/fmp_agricultural-gearbox-HC-RC31-2.webp 460w, https:\/\/fmp-components.com\/wp-content\/uploads\/2024\/12\/fmp_agricultural-gearbox-HC-RC31-2-247x300.webp 247w, https:\/\/fmp-components.com\/wp-content\/uploads\/2024\/12\/fmp_agricultural-gearbox-HC-RC31-2-10x12.webp 10w\" sizes=\"(max-width: 460px) 100vw, 460px\" \/><\/td>\n<td width=\"98\"><img loading=\"lazy\" decoding=\"async\" class=\"alignnone size-full wp-image-2023\" src=\"https:\/\/fmp-components.com\/wp-content\/uploads\/2024\/12\/fmp_agricultural-gearbox-HC-RC31.webp\" alt=\"fmp_tar\u0131msal-di\u015fli kutusu-HC-RC31\" width=\"400\" height=\"400\" title=\"\" srcset=\"https:\/\/fmp-components.com\/wp-content\/uploads\/2024\/12\/fmp_agricultural-gearbox-HC-RC31.webp 400w, https:\/\/fmp-components.com\/wp-content\/uploads\/2024\/12\/fmp_agricultural-gearbox-HC-RC31-300x300.webp 300w, https:\/\/fmp-components.com\/wp-content\/uploads\/2024\/12\/fmp_agricultural-gearbox-HC-RC31-150x150.webp 150w, https:\/\/fmp-components.com\/wp-content\/uploads\/2024\/12\/fmp_agricultural-gearbox-HC-RC31-12x12.webp 12w, https:\/\/fmp-components.com\/wp-content\/uploads\/2024\/12\/fmp_agricultural-gearbox-HC-RC31-100x100.webp 100w\" sizes=\"(max-width: 400px) 100vw, 400px\" \/><\/td>\n<\/tr>\n<\/tbody>\n<\/table>\n<p>&nbsp;<\/p>\n<table style=\"width: 99.0815%; height: 208px;\" border=\"1\" cellspacing=\"0\" cellpadding=\"0\">\n<tbody>\n<tr>\n<td><strong>\u00d6\u011eE<\/strong><\/td>\n<td>\u00c7im Bi\u00e7me Makinesi \u015eanz\u0131man FMP-RC30-193<\/td>\n<\/tr>\n<tr>\n<td><strong>Oran<\/strong><\/td>\n<td>1:1.93<\/td>\n<\/tr>\n<tr>\n<td><strong>Di\u015fler<\/strong><\/td>\n<td>15\/29<\/td>\n<\/tr>\n<tr>\n<td><strong>Mod\u00fcl<\/strong><\/td>\n<td>4.0<\/td>\n<\/tr>\n<tr>\n<td><strong>G\u00fc\u00e7 (HP)<\/strong><\/td>\n<td>30<\/td>\n<\/tr>\n<tr>\n<td><strong>Anma Giri\u015fi<\/strong><\/td>\n<td>540 devir\/dakika<\/td>\n<\/tr>\n<tr>\n<td><strong>Giri\u015f\/\u00c7\u0131k\u0131\u015f A\u00e7\u0131klamas\u0131<\/strong><\/td>\n<td>1-3\/8 Z6\u03c631.75 Optik eksen<\/td>\n<\/tr>\n<tr>\n<td><strong>A\u011f\u0131rl\u0131k (KB)<\/strong><\/td>\n<td>24,5 kg<\/td>\n<\/tr>\n<\/tbody>\n<\/table>\n<h2>Tar\u0131m \u00c7im Bi\u00e7me Makinesi \u015eanz\u0131man FMP-RC31-193 ve FMP-RC31-147<\/h2>\n<p>FMP, \u00e7e\u015fitli \u00e7im bak\u0131m uygulamalar\u0131n\u0131n gereksinimlerini kar\u015f\u0131lamak \u00fczere tasarlanm\u0131\u015f, y\u00fcksek performansl\u0131 bir dizi tar\u0131msal \u00e7im bi\u00e7me makinesi \u015fanz\u0131man\u0131 sunmaktad\u0131r. \u00d6ne \u00e7\u0131kan modellerimiz aras\u0131nda, ola\u011fan\u00fcst\u00fc g\u00fcvenilirlik, dayan\u0131kl\u0131l\u0131k ve verimlilik sunan FMP-RC31-193 ve FMP-RC31-147 yer almaktad\u0131r. Her iki model de, \u00e7e\u015fitli tar\u0131m ve end\u00fcstriyel makineler i\u00e7in optimum performans sa\u011flayarak sorunsuz \u00e7al\u0131\u015fma ve y\u00fcksek verimlilik sa\u011flayacak \u015fekilde tasarlanm\u0131\u015ft\u0131r.<\/p>\n<h3>FMP-RC31-193 ve FMP-RC31-147'nin Temel \u00d6zellikleri:<\/h3>\n<ol>\n<li><strong>Y\u00fcksek Verimlilik ve Tork \u015eanz\u0131man\u0131<\/strong>:\n<ul>\n<li>Her iki \u015fanz\u0131man da g\u00fc\u00e7l\u00fc tork ve y\u00fcksek verimlilik sa\u011flayacak \u015fekilde tasarlanm\u0131\u015ft\u0131r ve \u00e7im bi\u00e7me makinenizin veya tar\u0131m makinenizin en y\u00fcksek performansta \u00e7al\u0131\u015fmas\u0131n\u0131 sa\u011flar.<\/li>\n<\/ul>\n<\/li>\n<li><strong>Dayan\u0131kl\u0131l\u0131k<\/strong>:\n<ul>\n<li>Y\u00fcksek kaliteli malzemeler ve ileri m\u00fchendislikle \u00fcretilen FMP-RC31-193 ve FMP-RC31-147, zorlu \u00e7al\u0131\u015fma ko\u015fullar\u0131na ve uzun s\u00fcreli kullan\u0131ma dayanacak \u015fekilde \u00fcretilmi\u015ftir ve uzun hizmet \u00f6mr\u00fc sa\u011flar.<\/li>\n<\/ul>\n<\/li>\n<li><strong>Hassas M\u00fchendislik<\/strong>:\n<ul>\n<li>Bu modeller, \u00e7im bi\u00e7me makinenizin veya di\u011fer tar\u0131m ekipmanlar\u0131n\u0131z\u0131n sorunsuz \u00e7al\u0131\u015fmas\u0131n\u0131 sa\u011flayarak, minimum geri tepme ve g\u00fcr\u00fclt\u00fcy\u00fc garanti alt\u0131na almak i\u00e7in hassasiyetle \u00fcretilmi\u015ftir.<\/li>\n<\/ul>\n<\/li>\n<li><strong>\u00c7ok y\u00f6nl\u00fcl\u00fck<\/strong>:\n<ul>\n<li>FMP-RC31-193 ve FMP-RC31-147 red\u00fckt\u00f6rleri, \u00e7e\u015fitli tar\u0131m makinelerine kolayca entegre edilebilir ve kurulum ve kullan\u0131mda esneklik sunar. Her iki model de farkl\u0131 g\u00fc\u00e7 giri\u015f ve \u00e7\u0131k\u0131\u015f gereksinimlerine uyum sa\u011flar.<\/li>\n<\/ul>\n<\/li>\n<li><strong>D\u00fc\u015f\u00fck Bak\u0131m<\/strong>:\n<ul>\n<li>Minimum a\u015f\u0131nma ve y\u0131pranma i\u00e7in tasarlanan her iki \u015fanz\u0131man da daha az bak\u0131m gerektiriyor, bu da ar\u0131za s\u00fcresini azalt\u0131yor ve operasyonel verimlili\u011fi art\u0131r\u0131yor.<\/li>\n<\/ul>\n<\/li>\n<li><strong>Sessiz \u00c7al\u0131\u015fma<\/strong>:\n<ul>\n<li>Geli\u015fmi\u015f \u00fcretim ve y\u00fcksek kaliteli malzemeler sayesinde hem FMP-RC31-193 hem de FMP-RC31-147 red\u00fckt\u00f6rleri sessiz, d\u00fczg\u00fcn \u00e7al\u0131\u015facak ve kullan\u0131m s\u0131ras\u0131nda g\u00fcr\u00fclt\u00fcy\u00fc azaltacak \u015fekilde tasarlanm\u0131\u015ft\u0131r.<\/li>\n<\/ul>\n<\/li>\n<\/ol>\n<p><img loading=\"lazy\" decoding=\"async\" class=\"alignnone size-full wp-image-2009\" src=\"https:\/\/fmp-components.com\/wp-content\/uploads\/2024\/12\/Lawn-Mower-Gearbox-Suppliers-6.webp\" alt=\"\u00c7im Bi\u00e7me Makinesi \u015eanz\u0131man\u0131\" width=\"1000\" height=\"445\" title=\"\" srcset=\"https:\/\/fmp-components.com\/wp-content\/uploads\/2024\/12\/Lawn-Mower-Gearbox-Suppliers-6.webp 1000w, https:\/\/fmp-components.com\/wp-content\/uploads\/2024\/12\/Lawn-Mower-Gearbox-Suppliers-6-980x436.webp 980w, https:\/\/fmp-components.com\/wp-content\/uploads\/2024\/12\/Lawn-Mower-Gearbox-Suppliers-6-480x214.webp 480w\" sizes=\"(min-width: 0px) and (max-width: 480px) 480px, (min-width: 481px) and (max-width: 980px) 980px, (min-width: 981px) 1000px, 100vw\" \/><\/p>\n<h3>Uygulamalar:<\/h3>\n<p>FMP-RC31-193 ve FMP-RC31-147 a\u015fa\u011f\u0131dakiler i\u00e7in idealdir:<\/p>\n<ul>\n<li><strong>D\u00f6ner Bi\u00e7me Makineleri<\/strong><\/li>\n<li><strong>\u00c7im Bak\u0131m Ekipmanlar\u0131<\/strong><\/li>\n<li><strong>Tar\u0131m Makinalar\u0131<\/strong><\/li>\n<li><strong>D\u00f6ner Kesiciler ve Par\u00e7alay\u0131c\u0131lar<\/strong><\/li>\n<li><strong>Tarla Bi\u00e7me Sistemleri<\/strong><\/li>\n<\/ul>\n<h3>Neden FMP-RC31-193 ve FMP-RC31-147'yi Se\u00e7melisiniz?<\/h3>\n<p>FMP'nin di\u015fli kutular\u0131, dayan\u0131kl\u0131l\u0131k, hassasiyet ve g\u00fcvenilirli\u011fi bir araya getirerek tar\u0131m makinelerinin \u00f6zel ihtiya\u00e7lar\u0131n\u0131 kar\u015f\u0131lamak \u00fczere tasarlanm\u0131\u015ft\u0131r. \u0130ster yeni bir sistem tasarl\u0131yor olun, ister yeni bir sistem de\u011fi\u015ftiriyor olun, bu modeller tar\u0131msal ihtiya\u00e7lar\u0131n\u0131z i\u00e7in verimli ve dayan\u0131kl\u0131 bir \u00e7\u00f6z\u00fcm sunar.<\/p>\n<p>FMP, her uygulaman\u0131n benzersiz oldu\u011funun bilincindedir. Bu nedenle, belirli operasyonel gereksinimleri kar\u015f\u0131lamak i\u00e7in \u00f6zelle\u015ftirme se\u00e7enekleri sunuyoruz. \u0130ster \u00f6zel bir g\u00fc\u00e7 giri\u015f\/\u00e7\u0131k\u0131\u015f oran\u0131na ister \u00f6zel montaj konfig\u00fcrasyonlar\u0131na ihtiyac\u0131n\u0131z olsun, ihtiya\u00e7lar\u0131n\u0131za uygun m\u00fckemmel \u00e7\u00f6z\u00fcm\u00fc tasarlaman\u0131za yard\u0131mc\u0131 olabiliriz.<\/p>\n<p>Daha fazla bilgi edinmek veya fiyat teklifi almak i\u00e7in FMP ekibimizle ileti\u015fime ge\u00e7mekten \u00e7ekinmeyin. T\u00fcm tar\u0131m makinesi ihtiya\u00e7lar\u0131n\u0131z\u0131 kar\u015f\u0131lamak i\u00e7in en y\u00fcksek kalitede di\u015fli kutular\u0131 ve ola\u011fan\u00fcst\u00fc hizmet sunmaya kararl\u0131y\u0131z.<\/p>\n<p><img loading=\"lazy\" decoding=\"async\" class=\"alignnone size-full wp-image-1994\" src=\"https:\/\/fmp-components.com\/wp-content\/uploads\/2024\/12\/Lawn-Mower-Gearbox-7.webp\" alt=\"\u00c7im Bi\u00e7me Makinesi \u015eanz\u0131man\u0131\" width=\"1502\" height=\"805\" title=\"\" srcset=\"https:\/\/fmp-components.com\/wp-content\/uploads\/2024\/12\/Lawn-Mower-Gearbox-7.webp 1502w, https:\/\/fmp-components.com\/wp-content\/uploads\/2024\/12\/Lawn-Mower-Gearbox-7-1280x686.webp 1280w, https:\/\/fmp-components.com\/wp-content\/uploads\/2024\/12\/Lawn-Mower-Gearbox-7-980x525.webp 980w, https:\/\/fmp-components.com\/wp-content\/uploads\/2024\/12\/Lawn-Mower-Gearbox-7-480x257.webp 480w\" sizes=\"(min-width: 0px) and (max-width: 480px) 480px, (min-width: 481px) and (max-width: 980px) 980px, (min-width: 981px) and (max-width: 1280px) 1280px, (min-width: 1281px) 1502px, 100vw\" \/><\/p>\n<h3>FMP Hakk\u0131nda<\/h3>\n<p>\u0130talya merkezli FMP, tar\u0131m makineleri i\u00e7in y\u00fcksek performansl\u0131 di\u015fli kutular\u0131 tasarlama, geli\u015ftirme ve \u00fcretme konusundaki uzmanl\u0131\u011f\u0131yla tan\u0131nan lider bir \u00fcreticidir. Hassas m\u00fchendislik, inovasyon ve g\u00fcvenilirli\u011fe ba\u011fl\u0131y\u0131z. \u00dcr\u00fcn yelpazemiz, tar\u0131m ve end\u00fcstriyel sekt\u00f6rlere \u00f6zel \u00e7\u00f6z\u00fcmler sunmay\u0131 ama\u00e7layan \u00e7im bi\u00e7me makinesi di\u015fli kutular\u0131 ve PTO \u015faftlar\u0131 gibi temel bile\u015fenleri i\u00e7erir. \u0130ster bireysel bile\u015fenler ister tamamen entegre sistemler olsun, m\u00fc\u015fterilerimizin benzersiz ihtiya\u00e7lar\u0131n\u0131 kar\u015f\u0131lamaya odaklan\u0131yoruz.<\/p>\n<p>FMP olarak, her m\u00fc\u015fterinin kendine \u00f6zg\u00fc ihtiya\u00e7lar\u0131 oldu\u011funun bilincindeyiz ve bu nedenle ki\u015fiye \u00f6zel \u00e7\u00f6z\u00fcmler sunma konusunda uzmanla\u015f\u0131yoruz. \u00d6zel di\u015fli kutular\u0131ndan komple sistemlere kadar, en etkili ve verimli \u00e7\u00f6z\u00fcmleri sa\u011flamak i\u00e7in m\u00fc\u015fterilerimizle yak\u0131n i\u015f birli\u011fi i\u00e7inde \u00e7al\u0131\u015f\u0131yoruz. H\u0131zl\u0131 ve profesyonel yan\u0131tlar\u0131m\u0131z, uzman tavsiyelerimizle birle\u015ferek, her talebin \u00f6zenle ve hassasiyetle ele al\u0131nmas\u0131n\u0131 garantiliyor.<\/p>\n<p>M\u00fc\u015fterilerimizle, \u00f6zellikle yeni \u00fcr\u00fcn geli\u015ftirme s\u00f6z konusu oldu\u011funda a\u00e7\u0131k ve s\u00fcrekli ileti\u015fime \u00f6ncelik veriyoruz. Ekibimiz, m\u00fc\u015fterilerimizin zorluklar\u0131n\u0131 tam olarak anlamak ve en uygun \u00e7\u00f6z\u00fcmlere ula\u015fmalar\u0131n\u0131 sa\u011flayacak i\u00e7g\u00f6r\u00fcler sunmak i\u00e7in do\u011frudan onlarla \u00e7al\u0131\u015f\u0131r. \u0130ster yeni \u00fcr\u00fcnler tasarl\u0131yor ister mevcut sipari\u015fleri kar\u015f\u0131l\u0131yor olal\u0131m, y\u00fcksek kaliteli ve hassas m\u00fchendislikle \u00fcretilmi\u015f \u00fcr\u00fcnleri zaman\u0131nda teslim etmeye kararl\u0131y\u0131z.<\/p>\n<p>Kalite, FMP'de yapt\u0131\u011f\u0131m\u0131z her \u015feyin temelidir. \u00dcretim s\u00fcre\u00e7lerimiz en y\u00fcksek do\u011fruluk ve s\u0131f\u0131r hata standartlar\u0131na uygundur. Her \u00fcr\u00fcn\u00fcn sekt\u00f6r standartlar\u0131n\u0131 kar\u015f\u0131lad\u0131\u011f\u0131ndan veya a\u015ft\u0131\u011f\u0131ndan emin olmak i\u00e7in titiz kalite kontrol prosed\u00fcrleri uyguluyoruz. Kaliteye olan bu ba\u011fl\u0131l\u0131\u011f\u0131m\u0131z, d\u00fcr\u00fcstl\u00fck, ekip \u00e7al\u0131\u015fmas\u0131 ve azim gibi temel de\u011ferlerimizin yan\u0131 s\u0131ra, yakla\u015f\u0131k 30 \u00fclkedeki m\u00fc\u015fterilerimizle g\u00fc\u00e7l\u00fc ve kal\u0131c\u0131 ili\u015fkiler kurmam\u0131z\u0131 sa\u011flam\u0131\u015ft\u0131r.<\/p>\n<p>FMP, k\u00fcresel ortakl\u0131klara her zaman a\u00e7\u0131k olup uzman tavsiyeleri ve \u00f6zelle\u015ftirilmi\u015f \u00e7\u00f6z\u00fcmler sunmaya kendini adam\u0131\u015ft\u0131r. Yakla\u015f\u0131m\u0131m\u0131z yaln\u0131zca \u00fcr\u00fcn sunman\u0131n \u00f6tesine ge\u00e7er; m\u00fc\u015fterilerimizle uzun vadeli ili\u015fkiler kurmaya ve her projede ba\u015far\u0131lar\u0131n\u0131 garantilemeye odaklan\u0131r\u0131z. \u0130ster yeni bir proje i\u00e7in yenilik\u00e7i \u00e7\u00f6z\u00fcmlere ister mevcut bir sistem i\u00e7in deste\u011fe ihtiyac\u0131n\u0131z olsun, FMP teknik zorluklar\u0131n\u0131z\u0131 ele almaya ve s\u00fcrekli ba\u015far\u0131n\u0131z\u0131 sa\u011flamaya kendini adam\u0131\u015ft\u0131r.<\/p>\n<p><img loading=\"lazy\" decoding=\"async\" class=\"alignnone size-full wp-image-1861\" src=\"https:\/\/fmp-components.com\/wp-content\/uploads\/2024\/12\/Other-Agricultural-Gearboxes.webp\" sizes=\"(min-width: 0px) and (max-width: 480px) 480px, (min-width: 481px) and (max-width: 980px) 980px, (min-width: 981px) 1200px, 100vw\" srcset=\"https:\/\/fmp-components.com\/wp-content\/uploads\/2024\/12\/Other-Agricultural-Gearboxes.webp 1200w, https:\/\/fmp-components.com\/wp-content\/uploads\/2024\/12\/Other-Agricultural-Gearboxes-980x1143.webp 980w, https:\/\/fmp-components.com\/wp-content\/uploads\/2024\/12\/Other-Agricultural-Gearboxes-480x560.webp 480w\" alt=\"Altri-cambi-agricoli\" width=\"1200\" height=\"1400\" title=\"\"><\/p>\n<p>Yazar: CX<\/p>","protected":false},"excerpt":{"rendered":"<p>Specification \u00a0 &nbsp; ITEM Lawnmower Gearbox FMP-RC30-193 Ratio 1:1.93 Teeth 15\/29 Module 4.0 Power(HP) 30 Rated Input 540rpm Input\/Output Description 1-3\/8 Z6\u03c631.75 Optic axis Weight(N.W) 24.5KG Agricultural Lawn Mower Gearbox FMP-RC31-193 &amp; FMP-RC31-147 FMP offers a range of high-performance agricultural lawn mower gearboxes designed to meet the demands of various lawn maintenance applications. Among our [&hellip;]<\/p>","protected":false},"featured_media":2023,"comment_status":"open","ping_status":"closed","template":"","meta":{"_et_pb_use_builder":"","_et_pb_old_content":"","_et_gb_content_width":""},"product_brand":[],"product_cat":[52],"product_tag":[],"class_list":{"0":"post-2020","1":"product","2":"type-product","3":"status-publish","4":"has-post-thumbnail","6":"product_cat-lawn-mower-gearbox","8":"first","9":"instock","10":"shipping-taxable","11":"product-type-simple"},"_links":{"self":[{"href":"https:\/\/fmp-components.com\/tr\/wp-json\/wp\/v2\/product\/2020","targetHints":{"allow":["GET"]}}],"collection":[{"href":"https:\/\/fmp-components.com\/tr\/wp-json\/wp\/v2\/product"}],"about":[{"href":"https:\/\/fmp-components.com\/tr\/wp-json\/wp\/v2\/types\/product"}],"replies":[{"embeddable":true,"href":"https:\/\/fmp-components.com\/tr\/wp-json\/wp\/v2\/comments?post=2020"}],"wp:featuredmedia":[{"embeddable":true,"href":"https:\/\/fmp-components.com\/tr\/wp-json\/wp\/v2\/media\/2023"}],"wp:attachment":[{"href":"https:\/\/fmp-components.com\/tr\/wp-json\/wp\/v2\/media?parent=2020"}],"wp:term":[{"taxonomy":"product_brand","embeddable":true,"href":"https:\/\/fmp-components.com\/tr\/wp-json\/wp\/v2\/product_brand?post=2020"},{"taxonomy":"product_cat","embeddable":true,"href":"https:\/\/fmp-components.com\/tr\/wp-json\/wp\/v2\/product_cat?post=2020"},{"taxonomy":"product_tag","embeddable":true,"href":"https:\/\/fmp-components.com\/tr\/wp-json\/wp\/v2\/product_tag?post=2020"}],"curies":[{"name":"wp","href":"https:\/\/api.w.org\/{rel}","templated":true}]}}