{"id":2015,"date":"2024-12-27T01:18:55","date_gmt":"2024-12-27T01:18:55","guid":{"rendered":"https:\/\/fmp-components.com\/?page_id=8"},"modified":"2026-03-18T03:40:47","modified_gmt":"2026-03-18T03:40:47","slug":"agricultural-lawn-mower-gearbox-fmp-rc30-193","status":"publish","type":"product","link":"https:\/\/fmp-components.com\/tr\/product\/agricultural-lawn-mower-gearbox-fmp-rc30-193\/","title":{"rendered":"Tar\u0131m \u00c7im Bi\u00e7me Makinesi \u015eanz\u0131man FMP-RC30-193"},"content":{"rendered":"<h2>Tar\u0131m \u00c7im Bi\u00e7me Makinesi \u015eanz\u0131man FMP-RC30-193 \u00d6zellikleri<\/h2>\n<table style=\"width: 96.2203%; height: 596px;\" border=\"1\" width=\"100%\" cellspacing=\"0\" cellpadding=\"0\">\n<tbody>\n<tr>\n<td width=\"110\">\u00a0<img loading=\"lazy\" decoding=\"async\" class=\"alignnone size-full wp-image-2017\" src=\"https:\/\/fmp-components.com\/wp-content\/uploads\/2024\/12\/fmp_agricultural-gearbox-HC-RC30-193-2.webp\" alt=\"fmp_tar\u0131msal-di\u015fli kutusu-HC-RC30-193-2\" width=\"400\" height=\"537\" title=\"\" srcset=\"https:\/\/fmp-components.com\/wp-content\/uploads\/2024\/12\/fmp_agricultural-gearbox-HC-RC30-193-2.webp 400w, https:\/\/fmp-components.com\/wp-content\/uploads\/2024\/12\/fmp_agricultural-gearbox-HC-RC30-193-2-223x300.webp 223w, https:\/\/fmp-components.com\/wp-content\/uploads\/2024\/12\/fmp_agricultural-gearbox-HC-RC30-193-2-9x12.webp 9w\" sizes=\"(max-width: 400px) 100vw, 400px\" \/><\/td>\n<td width=\"98\"><img loading=\"lazy\" decoding=\"async\" class=\"alignnone size-full wp-image-2016\" src=\"https:\/\/fmp-components.com\/wp-content\/uploads\/2024\/12\/fmp_agricultural-gearbox-HC-RC30-193.webp\" alt=\"fmp_tar\u0131msal-di\u015fli kutusu-HC-RC30-193\" width=\"400\" height=\"400\" title=\"\" srcset=\"https:\/\/fmp-components.com\/wp-content\/uploads\/2024\/12\/fmp_agricultural-gearbox-HC-RC30-193.webp 400w, https:\/\/fmp-components.com\/wp-content\/uploads\/2024\/12\/fmp_agricultural-gearbox-HC-RC30-193-300x300.webp 300w, https:\/\/fmp-components.com\/wp-content\/uploads\/2024\/12\/fmp_agricultural-gearbox-HC-RC30-193-150x150.webp 150w, https:\/\/fmp-components.com\/wp-content\/uploads\/2024\/12\/fmp_agricultural-gearbox-HC-RC30-193-12x12.webp 12w, https:\/\/fmp-components.com\/wp-content\/uploads\/2024\/12\/fmp_agricultural-gearbox-HC-RC30-193-100x100.webp 100w\" sizes=\"(max-width: 400px) 100vw, 400px\" \/><\/td>\n<\/tr>\n<\/tbody>\n<\/table>\n<table style=\"width: 98.1069%; height: 204px;\" border=\"1\" cellspacing=\"0\" cellpadding=\"0\">\n<tbody>\n<tr>\n<td><strong>\u00d6\u011eE<\/strong><\/td>\n<td>\u00c7im Bi\u00e7me Makinesi \u015eanz\u0131man FMP-RC30-193<\/td>\n<\/tr>\n<tr>\n<td><strong>Oran<\/strong><\/td>\n<td>1:1.93<\/td>\n<\/tr>\n<tr>\n<td><strong>Di\u015fler<\/strong><\/td>\n<td>15\/29<\/td>\n<\/tr>\n<tr>\n<td><strong>Mod\u00fcl<\/strong><\/td>\n<td>4.0<\/td>\n<\/tr>\n<tr>\n<td><strong>G\u00fc\u00e7 (HP)<\/strong><\/td>\n<td>30<\/td>\n<\/tr>\n<tr>\n<td><strong>Anma Giri\u015fi<\/strong><\/td>\n<td>540 devir\/dakika<\/td>\n<\/tr>\n<tr>\n<td><strong>Giri\u015f\/\u00c7\u0131k\u0131\u015f A\u00e7\u0131klamas\u0131<\/strong><\/td>\n<td>1-3\/8 Z6\u03c631.75 Optik eksen<\/td>\n<\/tr>\n<tr>\n<td><strong>A\u011f\u0131rl\u0131k (KB)<\/strong><\/td>\n<td>24,5 kg<\/td>\n<\/tr>\n<\/tbody>\n<\/table>\n<h2>PTO \u015eaftlar\u0131 ve Tar\u0131msal Red\u00fckt\u00f6rler<\/h2>\n<p>PTO milleri ve tar\u0131m di\u015fli kutular\u0131, tar\u0131m trakt\u00f6rleri ile ba\u011fl\u0131 ekipmanlar aras\u0131nda mekanik g\u00fcc\u00fc aktarmak i\u00e7in birlikte \u00e7al\u0131\u015fan temel bile\u015fenlerdir. Bu sistemler, \u00e7e\u015fitli tar\u0131m makinelerinin sorunsuz \u00e7al\u0131\u015fmas\u0131n\u0131 sa\u011flamada \u00f6nemli bir rol oynar ve trakt\u00f6rlerin s\u00fcrme, bi\u00e7me ve a\u011f\u0131r y\u00fck ta\u015f\u0131ma gibi g\u00f6revleri verimli bir \u015fekilde yerine getirmesini sa\u011flar.<\/p>\n<p>PTO \u015faft\u0131 (G\u00fc\u00e7 Aktarma Mili), trakt\u00f6r ile tar\u0131m ekipman\u0131 aras\u0131nda hayati bir ba\u011flant\u0131d\u0131r. Motorun d\u00f6nme enerjisini, \u00e7e\u015fitli tar\u0131m alet ve makinelerini \u00e7al\u0131\u015ft\u0131ran mekanik enerjiye d\u00f6n\u00fc\u015ft\u00fcr\u00fcr. Motorun g\u00fcc\u00fcn\u00fc bi\u00e7me makineleri, balya makineleri ve pulluklar gibi di\u011fer ekipmanlara aktararak, PTO \u015faft\u0131 trakt\u00f6r\u00fcn bir\u00e7ok g\u00f6revi kolayl\u0131kla ger\u00e7ekle\u015ftirmesini sa\u011flar. D\u00fczg\u00fcn \u00e7al\u0131\u015ft\u0131\u011f\u0131nda, bir PTO \u015faft\u0131 trakt\u00f6r\u00fcn \u00e7ok y\u00f6nl\u00fcl\u00fc\u011f\u00fcn\u00fc ve operasyonel verimlili\u011fini art\u0131r\u0131r. Ayr\u0131ca, trakt\u00f6r\u00fcn motorundaki ve di\u011fer sistemlerindeki a\u015f\u0131nma ve y\u0131pranmay\u0131 azaltarak uzun s\u00fcreli performans sa\u011flar.<\/p>\n<p>PTO \u015faft\u0131n\u0131n temel avantajlar\u0131ndan biri, trakt\u00f6r\u00fcn motoruna zarar vermeden a\u011f\u0131r y\u00fckleri kald\u0131rabilmesidir. Do\u011fru kullan\u0131ld\u0131\u011f\u0131nda, hem trakt\u00f6r hem de operat\u00f6r i\u00e7in hasar riskini en aza indirir. Ancak, t\u00fcm mekanik bile\u015fenler gibi, PTO \u015faft\u0131 da zamanla, \u00f6zellikle de bak\u0131m\u0131 d\u00fczg\u00fcn yap\u0131lmad\u0131\u011f\u0131nda a\u015f\u0131nabilir. PTO sisteminin verimli ve g\u00fcvenli bir \u015fekilde \u00e7al\u0131\u015fmas\u0131 i\u00e7in d\u00fczenli kontrol, ya\u011flama ve a\u015f\u0131nm\u0131\u015f par\u00e7alar\u0131n zaman\u0131nda de\u011fi\u015ftirilmesi \u015fartt\u0131r.<\/p>\n<p>Tar\u0131msal \u015fanz\u0131man, PTO \u015faft\u0131yla birlikte \u00e7al\u0131\u015farak, \u00e7al\u0131\u015ft\u0131r\u0131lan ekipman\u0131n \u00f6zel ihtiya\u00e7lar\u0131na g\u00f6re mekanik g\u00fcc\u00fc aktar\u0131r ve mod\u00fcle eder. Yap\u0131lacak i\u015fe ba\u011fl\u0131 olarak uygun h\u0131z ve torkun uygulanmas\u0131n\u0131 sa\u011flar. Tar\u0131msal \u015fanz\u0131manlar, konik di\u015fli kutular\u0131, sonsuz di\u015fli kutular\u0131 ve planet di\u015fli kutular\u0131 dahil olmak \u00fczere \u00e7e\u015fitli konfig\u00fcrasyonlarda mevcuttur ve her biri belirli operasyonel ihtiya\u00e7lar\u0131 kar\u015f\u0131lamak \u00fczere tasarlanm\u0131\u015ft\u0131r. \u00d6rne\u011fin, \u00e7im bi\u00e7me makinelerinin \u015fanz\u0131manlar\u0131, hassas kesim sa\u011flamak i\u00e7in d\u00fc\u015f\u00fck h\u0131zlarda \u00e7al\u0131\u015f\u0131rken tutarl\u0131 ve verimli tork sa\u011flamal\u0131d\u0131r.<\/p>\n<p>Tar\u0131msal bir \u015fanz\u0131man se\u00e7erken dayan\u0131kl\u0131l\u0131k, mekanizma ve malzeme kalitesi gibi fakt\u00f6rleri g\u00f6z \u00f6n\u00fcnde bulundurmak \u00f6nemlidir. Y\u00fcksek mukavemetli malzemelerden yap\u0131lm\u0131\u015f dayan\u0131kl\u0131 bir \u015fanz\u0131man, uzun y\u0131llar dayan\u0131r ve bu da de\u011fi\u015ftirme s\u0131kl\u0131\u011f\u0131n\u0131 ve bak\u0131m maliyetlerini azalt\u0131r. Y\u00fcksek kaliteli \u015fanz\u0131manlar, toz, nem ve a\u011f\u0131r y\u00fckler gibi zorlu \u00e7al\u0131\u015fma ko\u015fullar\u0131na dayanacak \u015fekilde \u00fcretilir ve bu da onlar\u0131 uzun vadeli tar\u0131m faaliyetleri i\u00e7in vazge\u00e7ilmez bir yat\u0131r\u0131m haline getirir.<\/p>\n<p>\u015eanz\u0131man\u0131n uzun \u00f6m\u00fcrl\u00fc olmas\u0131, tar\u0131m makinelerinin genel performans\u0131n\u0131 ve maliyet etkinli\u011fini do\u011frudan etkiler. \u0130yi \u00fcretilmi\u015f bir \u015fanz\u0131mana yat\u0131r\u0131m yapmak, kullan\u0131m \u00f6mr\u00fc boyunca optimum performans g\u00f6stermeye devam etmesini ve maliyetli onar\u0131m veya de\u011fi\u015fimlerden ka\u00e7\u0131nmas\u0131n\u0131 sa\u011flar. Bu, g\u00fcnl\u00fck operasyonlar\u0131nda makinelerine g\u00fcvenen \u00e7ift\u00e7iler i\u00e7in \u00f6zellikle \u00f6nemlidir, \u00e7\u00fcnk\u00fc beklenmedik ar\u0131zalar verimlilikte \u00f6nemli kay\u0131plara yol a\u00e7abilir.<\/p>\n<p>Sonu\u00e7 olarak, hem PTO \u015faftlar\u0131 hem de tar\u0131m di\u015fli kutular\u0131, tar\u0131m ekipmanlar\u0131n\u0131n verimli \u00e7al\u0131\u015fmas\u0131 i\u00e7in kritik bile\u015fenlerdir. Bu \u00fcr\u00fcnleri sat\u0131n al\u0131rken, \u00f6zel ihtiya\u00e7lar\u0131n\u0131za uygun, y\u00fcksek kaliteli ve dayan\u0131kl\u0131 se\u00e7enekler se\u00e7meniz \u00e7ok \u00f6nemlidir. Malzeme dayan\u0131kl\u0131l\u0131\u011f\u0131, bak\u0131m gereksinimleri ve makinenizin ger\u00e7ekle\u015ftirece\u011fi g\u00f6rev t\u00fcr\u00fc gibi fakt\u00f6rleri g\u00f6z \u00f6n\u00fcnde bulundurun. Do\u011fru bile\u015fenleri se\u00e7erek, trakt\u00f6r\u00fcn\u00fcz\u00fcn ve ekipman\u0131n\u0131z\u0131n uzun y\u0131llar boyunca sorunsuz, g\u00fcvenli ve verimli bir \u015fekilde \u00e7al\u0131\u015fmas\u0131n\u0131 sa\u011flayabilirsiniz.<\/p>\n<table style=\"width: 100.747%; height: 471px;\" border=\"1\" cellspacing=\"0\" cellpadding=\"0\">\n<tbody>\n<tr style=\"height: 468px;\">\n<td style=\"width: 49.0831%; height: 468px;\" width=\"110\"><img loading=\"lazy\" decoding=\"async\" class=\"alignnone size-full wp-image-2018\" src=\"https:\/\/fmp-components.com\/wp-content\/uploads\/2024\/12\/PTO-Shafts-and-Agricultural-Gearboxes-1.webp\" alt=\"PTO \u015eaftlar\u0131 ve Tar\u0131msal \u015eanz\u0131manlar\" width=\"600\" height=\"600\" title=\"\" srcset=\"https:\/\/fmp-components.com\/wp-content\/uploads\/2024\/12\/PTO-Shafts-and-Agricultural-Gearboxes-1.webp 600w, https:\/\/fmp-components.com\/wp-content\/uploads\/2024\/12\/PTO-Shafts-and-Agricultural-Gearboxes-1-480x480.webp 480w\" sizes=\"(min-width: 0px) and (max-width: 480px) 480px, (min-width: 481px) 600px, 100vw\" \/><\/td>\n<td style=\"width: 50.7012%; height: 468px;\" width=\"98\"><img loading=\"lazy\" decoding=\"async\" class=\"alignnone wp-image-2019\" src=\"https:\/\/fmp-components.com\/wp-content\/uploads\/2024\/12\/PTO-Shafts-and-Agricultural-Gearboxes.webp\" alt=\"PTO \u015eaftlar\u0131 ve Tar\u0131msal \u015eanz\u0131manlar\" width=\"474\" height=\"474\" title=\"\"><\/td>\n<\/tr>\n<\/tbody>\n<\/table>\n<h3>FMP Hakk\u0131nda<\/h3>\n<p>Merkezi \u0130talya'da bulunan FMP, tar\u0131m makineleri i\u00e7in y\u00fcksek performansl\u0131 di\u015fli kutular\u0131 tasarlama ve \u00fcretme konusundaki uzmanl\u0131\u011f\u0131yla tan\u0131nan lider bir \u00fcreticidir. Hassas m\u00fchendisli\u011fimiz, yenilik\u00e7ili\u011fimiz ve g\u00fcvenilirli\u011fimizle tan\u0131nan firmam\u0131z, \u00e7im bi\u00e7me makinesi di\u015fli kutular\u0131 ve PTO \u015faftlar\u0131 gibi temel bile\u015fenler de dahil olmak \u00fczere geni\u015f bir \u00fcr\u00fcn yelpazesi sunmaktad\u0131r. Misyonumuz, hem bireysel \u00fcr\u00fcnler hem de tam entegre sistemler sunarak tar\u0131m ve sanayi sekt\u00f6rlerinin benzersiz ihtiya\u00e7lar\u0131n\u0131 kar\u015f\u0131layan \u00f6zelle\u015ftirilmi\u015f \u00e7\u00f6z\u00fcmler sunmakt\u0131r.<\/p>\n<p>FMP olarak, her m\u00fc\u015fterinin kendine \u00f6zg\u00fc ihtiya\u00e7lar\u0131 oldu\u011funun bilincindeyiz ve bu nedenle \u00fcr\u00fcnlerimizi buna g\u00f6re uyarlama konusunda uzmanla\u015f\u0131yoruz. \u0130ster \u00f6zel bir \u015fanz\u0131mana ister komple bir sisteme ihtiyac\u0131n\u0131z olsun, en etkili ve verimli \u00e7\u00f6z\u00fcm\u00fc sunmak i\u00e7in sizinle yak\u0131n bir \u015fekilde \u00e7al\u0131\u015f\u0131yoruz. M\u00fc\u015fteri memnuniyetine olan ba\u011fl\u0131l\u0131\u011f\u0131m\u0131z, h\u0131zl\u0131 ve profesyonel yan\u0131tlar\u0131m\u0131z ve uzman rehberli\u011fimizle yans\u0131t\u0131l\u0131yor ve her talebin \u00f6zenle ve hassasiyetle ele al\u0131nmas\u0131n\u0131 sa\u011fl\u0131yor.<\/p>\n<p>M\u00fc\u015fterilerimizle, \u00f6zellikle yeni \u00fcr\u00fcnler geli\u015ftirirken a\u00e7\u0131k ileti\u015fime ve s\u00fcrekli i\u015f birli\u011fine b\u00fcy\u00fck \u00f6nem veriyoruz. Ekibimiz, m\u00fc\u015fterilerimizin zorluklar\u0131n\u0131 tam olarak anlamak ve en uygun \u00e7\u00f6z\u00fcmlere yol a\u00e7acak i\u00e7g\u00f6r\u00fcler sunmak i\u00e7in m\u00fc\u015fterilerimizle yak\u0131n bir \u015fekilde \u00e7al\u0131\u015f\u0131r. \u0130ster yeni \u00fcr\u00fcnler geli\u015ftiriyor ister mevcut sipari\u015fleri kar\u015f\u0131l\u0131yor olal\u0131m, y\u00fcksek kaliteli ve hassas m\u00fchendislikle \u00fcretilmi\u015f \u00fcr\u00fcnleri zaman\u0131nda teslim etmeye kararl\u0131y\u0131z.<\/p>\n<p>Kalite, FMP'de yapt\u0131\u011f\u0131m\u0131z her \u015feyin temel ta\u015f\u0131d\u0131r. \u00dcretim s\u00fcre\u00e7lerimiz en y\u00fcksek do\u011fruluk ve hassasiyet standartlar\u0131na uygun olarak, her \u00fcr\u00fcn\u00fcn kusursuz olmas\u0131n\u0131 sa\u011flar. T\u00fcm \u00fcr\u00fcnlerimizin sekt\u00f6r standartlar\u0131n\u0131 kar\u015f\u0131lad\u0131\u011f\u0131ndan veya a\u015ft\u0131\u011f\u0131ndan emin olmak i\u00e7in titiz kalite kontrol \u00f6nlemleri uyguluyoruz. Kaliteye olan bu sars\u0131lmaz odaklanmam\u0131z, d\u00fcr\u00fcstl\u00fck, ekip \u00e7al\u0131\u015fmas\u0131 ve azim gibi temel de\u011ferlerimizle birle\u015ferek, d\u00fcnya \u00e7ap\u0131nda yakla\u015f\u0131k 30 \u00fclkedeki m\u00fc\u015fterilerimizle uzun s\u00fcreli ili\u015fkiler kurmam\u0131za yard\u0131mc\u0131 olmu\u015ftur.<\/p>\n<p>FMP, uzman tavsiyeleri ve \u00f6zelle\u015ftirilmi\u015f \u00e7\u00f6z\u00fcmler sunarak k\u00fcresel ortakl\u0131klar kurmaya her zaman a\u00e7\u0131kt\u0131r. Yakla\u015f\u0131m\u0131m\u0131z yaln\u0131zca \u00fcr\u00fcn sa\u011flaman\u0131n \u00f6tesine ge\u00e7er; kar\u015f\u0131l\u0131kl\u0131 ba\u015far\u0131y\u0131 te\u015fvik eden uzun vadeli ili\u015fkiler kurmay\u0131 hedefleriz. \u0130ster yeni \u00e7\u00f6z\u00fcmlere ister mevcut sistemleriniz i\u00e7in deste\u011fe ihtiyac\u0131n\u0131z olsun, FMP teknik zorluklar\u0131n\u0131z\u0131 ele almaya ve s\u00fcrekli ba\u015far\u0131n\u0131z\u0131 sa\u011flamaya kendini adam\u0131\u015ft\u0131r.<\/p>\n<p><img loading=\"lazy\" decoding=\"async\" class=\"alignnone size-full wp-image-1861\" src=\"https:\/\/fmp-components.com\/wp-content\/uploads\/2024\/12\/Other-Agricultural-Gearboxes.webp\" sizes=\"(min-width: 0px) and (max-width: 480px) 480px, (min-width: 481px) and (max-width: 980px) 980px, (min-width: 981px) 1200px, 100vw\" srcset=\"https:\/\/fmp-components.com\/wp-content\/uploads\/2024\/12\/Other-Agricultural-Gearboxes.webp 1200w, https:\/\/fmp-components.com\/wp-content\/uploads\/2024\/12\/Other-Agricultural-Gearboxes-980x1143.webp 980w, https:\/\/fmp-components.com\/wp-content\/uploads\/2024\/12\/Other-Agricultural-Gearboxes-480x560.webp 480w\" alt=\"Altri-cambi-agricoli\" width=\"1200\" height=\"1400\" title=\"\"><\/p>\n<p>Yazar: CX<\/p>","protected":false},"excerpt":{"rendered":"<p>Agricultural Lawn Mower Gearbox FMP-RC30-193 Specification \u00a0 ITEM Lawnmower Gearbox FMP-RC30-193 Ratio 1:1.93 Teeth 15\/29 Module 4.0 Power(HP) 30 Rated Input 540rpm Input\/Output Description 1-3\/8 Z6\u03c631.75 Optic axis Weight(N.W) 24.5KG PTO Shafts and Agricultural Gearboxes PTO shafts and agricultural gearboxes are essential components that work in tandem to transfer mechanical power between farm tractors and [&hellip;]<\/p>","protected":false},"featured_media":2016,"comment_status":"open","ping_status":"closed","template":"","meta":{"_et_pb_use_builder":"","_et_pb_old_content":"","_et_gb_content_width":""},"product_brand":[],"product_cat":[52],"product_tag":[],"class_list":{"0":"post-2015","1":"product","2":"type-product","3":"status-publish","4":"has-post-thumbnail","6":"product_cat-lawn-mower-gearbox","8":"first","9":"instock","10":"shipping-taxable","11":"product-type-simple"},"_links":{"self":[{"href":"https:\/\/fmp-components.com\/tr\/wp-json\/wp\/v2\/product\/2015","targetHints":{"allow":["GET"]}}],"collection":[{"href":"https:\/\/fmp-components.com\/tr\/wp-json\/wp\/v2\/product"}],"about":[{"href":"https:\/\/fmp-components.com\/tr\/wp-json\/wp\/v2\/types\/product"}],"replies":[{"embeddable":true,"href":"https:\/\/fmp-components.com\/tr\/wp-json\/wp\/v2\/comments?post=2015"}],"wp:featuredmedia":[{"embeddable":true,"href":"https:\/\/fmp-components.com\/tr\/wp-json\/wp\/v2\/media\/2016"}],"wp:attachment":[{"href":"https:\/\/fmp-components.com\/tr\/wp-json\/wp\/v2\/media?parent=2015"}],"wp:term":[{"taxonomy":"product_brand","embeddable":true,"href":"https:\/\/fmp-components.com\/tr\/wp-json\/wp\/v2\/product_brand?post=2015"},{"taxonomy":"product_cat","embeddable":true,"href":"https:\/\/fmp-components.com\/tr\/wp-json\/wp\/v2\/product_cat?post=2015"},{"taxonomy":"product_tag","embeddable":true,"href":"https:\/\/fmp-components.com\/tr\/wp-json\/wp\/v2\/product_tag?post=2015"}],"curies":[{"name":"wp","href":"https:\/\/api.w.org\/{rel}","templated":true}]}}