{"id":2011,"date":"2024-12-27T01:08:17","date_gmt":"2024-12-27T01:08:17","guid":{"rendered":"https:\/\/fmp-components.com\/?page_id=8"},"modified":"2024-12-27T01:08:49","modified_gmt":"2024-12-27T01:08:49","slug":"agricultural-lawn-mower-gearbox-fmp-x30","status":"publish","type":"product","link":"https:\/\/fmp-components.com\/tr\/product\/agricultural-lawn-mower-gearbox-fmp-x30\/","title":{"rendered":"Tar\u0131m \u00c7im Bi\u00e7me Makinesi \u015eanz\u0131man FMP-X30"},"content":{"rendered":"<h2>Tar\u0131m \u00c7im Bi\u00e7me Makinesi \u015eanz\u0131man\u0131 FMP-X30 Teknik \u00d6zellikleri<\/h2>\n<table style=\"width: 96.2203%; height: 596px;\" border=\"1\" width=\"100%\" cellspacing=\"0\" cellpadding=\"0\">\n<tbody>\n<tr>\n<td width=\"110\"><img loading=\"lazy\" decoding=\"async\" class=\"alignnone size-full wp-image-2013\" src=\"https:\/\/fmp-components.com\/wp-content\/uploads\/2024\/12\/FMP_agricultural-gearbox-HC-X30-2.webp\" alt=\"FMP_tar\u0131m-\u015fanz\u0131man\u0131-HC-X30-2\" width=\"500\" height=\"640\" title=\"\" srcset=\"https:\/\/fmp-components.com\/wp-content\/uploads\/2024\/12\/FMP_agricultural-gearbox-HC-X30-2.webp 500w, https:\/\/fmp-components.com\/wp-content\/uploads\/2024\/12\/FMP_agricultural-gearbox-HC-X30-2-480x614.webp 480w\" sizes=\"(min-width: 0px) and (max-width: 480px) 480px, (min-width: 481px) 500px, 100vw\" \/><\/td>\n<td width=\"98\"><img loading=\"lazy\" decoding=\"async\" class=\"alignnone size-full wp-image-2014\" src=\"https:\/\/fmp-components.com\/wp-content\/uploads\/2024\/12\/FMP_agricultural-gearbox-HC-X30.webp\" alt=\"FMP_tar\u0131msal-di\u015fli-kutusu-HC-X30\" width=\"400\" height=\"400\" title=\"\" srcset=\"https:\/\/fmp-components.com\/wp-content\/uploads\/2024\/12\/FMP_agricultural-gearbox-HC-X30.webp 400w, https:\/\/fmp-components.com\/wp-content\/uploads\/2024\/12\/FMP_agricultural-gearbox-HC-X30-300x300.webp 300w, https:\/\/fmp-components.com\/wp-content\/uploads\/2024\/12\/FMP_agricultural-gearbox-HC-X30-150x150.webp 150w, https:\/\/fmp-components.com\/wp-content\/uploads\/2024\/12\/FMP_agricultural-gearbox-HC-X30-12x12.webp 12w, https:\/\/fmp-components.com\/wp-content\/uploads\/2024\/12\/FMP_agricultural-gearbox-HC-X30-100x100.webp 100w\" sizes=\"(max-width: 400px) 100vw, 400px\" \/><\/td>\n<\/tr>\n<\/tbody>\n<\/table>\n<table style=\"width: 95.4348%; height: 240px;\" border=\"1\">\n<tbody>\n<tr>\n<td><strong>\u00d6\u011eE<\/strong><\/td>\n<td><strong>FMP\u201301-609<\/strong><\/td>\n<td><strong>FMP\u201301-723<\/strong><\/td>\n<td><strong>FMP\u201301-611<\/strong><\/td>\n<\/tr>\n<tr>\n<td><strong>Oran<\/strong><\/td>\n<td>1:1.47<\/td>\n<td>1:1.69<\/td>\n<td>1:1.93<\/td>\n<\/tr>\n<tr>\n<td><strong>Di\u015fler<\/strong><\/td>\n<td>15\/22<\/td>\n<td>13\/22<\/td>\n<td>15\/29<\/td>\n<\/tr>\n<tr>\n<td><strong>Mod\u00fcl<\/strong><\/td>\n<td>\u00a05.08<\/td>\n<td>5.0<\/td>\n<td>4.0<\/td>\n<\/tr>\n<tr>\n<td><strong>G\u00fc\u00e7 (HP)<\/strong><\/td>\n<td>35<\/td>\n<td>35<\/td>\n<td>30<\/td>\n<\/tr>\n<tr>\n<td><strong>Anma Giri\u015fi<\/strong><\/td>\n<td>540 devir\/dakika<\/td>\n<td>540 devir\/dakika<\/td>\n<td>540 devir\/dakika<\/td>\n<\/tr>\n<tr>\n<td><strong>Giri\u015f\/\u00c7\u0131k\u0131\u015f A\u00e7\u0131klamas\u0131<\/strong><\/td>\n<td colspan=\"3\">\u00a01 3\/8 Z6 Optik eksen Konik taban e\u015fit olmayan kamal\u0131 \u015faft<\/td>\n<\/tr>\n<tr>\n<td><strong>A\u011f\u0131rl\u0131k (KB)<\/strong><\/td>\n<td colspan=\"3\">26,5 kg<\/td>\n<\/tr>\n<\/tbody>\n<\/table>\n<h3>\u00d6zelle\u015ftirilmi\u015f Tar\u0131m \u015eanz\u0131man Servisi<\/h3>\n<p>\u0130htiya\u00e7lar\u0131n\u0131za \u00f6zel \u00e7\u00f6z\u00fcmler \u00fcretebilme esnekli\u011fiyle, geni\u015f bir yelpazede \u00e7im bi\u00e7me makinesi \u015fanz\u0131manlar\u0131 sunuyoruz. \u0130ster bir \u00e7izim ister bir \u00f6rnek sa\u011flay\u0131n, ihtiya\u00e7lar\u0131n\u0131za g\u00f6re uyarlanm\u0131\u015f \u015fanz\u0131manlar \u00fcretebiliriz. A\u015fa\u011f\u0131da EP-X30 tar\u0131m tipi \u00e7im bi\u00e7me makinesi \u015fanz\u0131man\u0131m\u0131z\u0131n baz\u0131 temel \u00f6zellikleri yer almaktad\u0131r:<\/p>\n<ol>\n<li><strong>Y\u00fcksek \u00c7\u0131k\u0131\u015f Torku<\/strong> \u2013 Zorlu uygulamalar i\u00e7in g\u00fc\u00e7l\u00fc performans sunar.<\/li>\n<li><strong>G\u00fcvenilir ve Dayan\u0131kl\u0131<\/strong> \u2013 G\u00fcvenlik, g\u00fcvenilirlik ve uzun \u00f6m\u00fcrl\u00fcl\u00fck i\u00e7in tasarlanm\u0131\u015ft\u0131r, uzun s\u00fcreli \u00e7al\u0131\u015fma sa\u011flar.<\/li>\n<li><strong>\u0130stikrarl\u0131 \u0130letim ve Sessiz \u00c7al\u0131\u015fma<\/strong> \u2013 Daha verimli ve konforlu bir \u00e7al\u0131\u015fma ortam\u0131 i\u00e7in sorunsuz ve sessiz \u00e7al\u0131\u015fma.<\/li>\n<li><strong>Y\u00fcksek Y\u00fck Kapasitesi<\/strong> \u2013 A\u011f\u0131r y\u00fckleri kolayl\u0131kla ta\u015f\u0131yacak \u015fekilde tasarlanm\u0131\u015ft\u0131r.<\/li>\n<li><strong>Mod\u00fcler Tasar\u0131m<\/strong> \u2013 \u00c7e\u015fitli giri\u015f g\u00fc\u00e7 kaynaklar\u0131na kolayca uyarlanabilir. Ayn\u0131 di\u015fli kutusu modeli, farkl\u0131 motor tipleriyle donat\u0131labilir, bu da makine konfig\u00fcrasyonlar\u0131n\u0131 ve ba\u011flant\u0131lar\u0131n\u0131 kolayla\u015ft\u0131r\u0131r.<\/li>\n<li><strong>Geni\u015f \u0130letim Aral\u0131\u011f\u0131<\/strong> \u2013 \u00c7ok d\u00fc\u015f\u00fck d\u00f6n\u00fc\u015f h\u0131zlar\u0131nda bile \u00e7\u0131k\u0131\u015f elde etmeyi sa\u011flayan, hassas ayarlanm\u0131\u015f geni\u015f bir iletim oran\u0131 yelpazesi sunar.<\/li>\n<li><strong>Esnek Kurulum<\/strong> \u2013 \u00c7e\u015fitli pozisyonlarda monte edilebilmesi, makine tasar\u0131m\u0131nda daha fazla \u00e7ok y\u00f6nl\u00fcl\u00fck sa\u011flar.<\/li>\n<li><strong>Y\u00fcksek Mukavemet<\/strong> \u2013 \u015eanz\u0131man g\u00f6vdesi y\u00fcksek mukavemetli d\u00f6kme demirden \u00fcretilmi\u015ftir; di\u015fliler ve miller ise gaz karb\u00fcrleme, sertle\u015ftirme ve hassas ta\u015flama i\u015flemlerinden ge\u00e7irilerek y\u00fcksek y\u00fck ta\u015f\u0131ma kapasitesi elde edilmi\u015ftir.<\/li>\n<li><strong>Uzun Hizmet \u00d6mr\u00fc<\/strong> \u2013 Do\u011fru se\u00e7im ve bak\u0131m ile \u015fanz\u0131man\u0131n ana bile\u015fenlerinin (a\u015f\u0131nan par\u00e7alar hari\u00e7) kullan\u0131m \u00f6mr\u00fc 20.000 saati a\u015fabilir.<\/li>\n<li><strong>D\u00fc\u015f\u00fck G\u00fcr\u00fclt\u00fcl\u00fc \u00c7al\u0131\u015fma<\/strong> \u2013 Kritik \u00fcretim ve test s\u00fcre\u00e7leri, di\u015fli kutusunun minimum g\u00fcr\u00fclt\u00fcyle \u00e7al\u0131\u015fmas\u0131n\u0131 sa\u011flar.<\/li>\n<li><strong>Paralel Eksenli Konik Di\u015fli Tasar\u0131m\u0131<\/strong> \u2013 Verimli h\u0131z d\u00fc\u015f\u00fcr\u00fcc\u00fc etki i\u00e7in paralel eksenli konik di\u015fli \u00e7ark konfig\u00fcrasyonuna sahiptir.<\/li>\n<\/ol>\n<p>FMP olarak, tar\u0131m makinelerinizin \u00f6zel ihtiya\u00e7lar\u0131n\u0131 kar\u015f\u0131layan y\u00fcksek kaliteli, \u00f6zelle\u015ftirilmi\u015f \u015fanz\u0131manlar sunmaya kendimizi adad\u0131k. \u0130ster standart bir model, ister \u00f6zel bir \u00e7\u00f6z\u00fcm olsun, en iyi sonu\u00e7lar\u0131 elde etmek i\u00e7in sizinle yak\u0131ndan \u00e7al\u0131\u015f\u0131yoruz.<\/p>\n<p><img loading=\"lazy\" decoding=\"async\" class=\"alignnone size-full wp-image-2009\" src=\"https:\/\/fmp-components.com\/wp-content\/uploads\/2024\/12\/Lawn-Mower-Gearbox-Suppliers-6.webp\" alt=\"\u00c7im Bi\u00e7me Makinesi \u015eanz\u0131man\u0131\" width=\"1000\" height=\"445\" title=\"\" srcset=\"https:\/\/fmp-components.com\/wp-content\/uploads\/2024\/12\/Lawn-Mower-Gearbox-Suppliers-6.webp 1000w, https:\/\/fmp-components.com\/wp-content\/uploads\/2024\/12\/Lawn-Mower-Gearbox-Suppliers-6-980x436.webp 980w, https:\/\/fmp-components.com\/wp-content\/uploads\/2024\/12\/Lawn-Mower-Gearbox-Suppliers-6-480x214.webp 480w\" sizes=\"(min-width: 0px) and (max-width: 480px) 480px, (min-width: 481px) and (max-width: 980px) 980px, (min-width: 981px) 1000px, 100vw\" \/><\/p>\n<h3>FMP Hakk\u0131nda<\/h3>\n<p>\u0130talya merkezli FMP, tar\u0131m makineleri i\u00e7in y\u00fcksek performansl\u0131 \u015fanz\u0131man tasar\u0131m\u0131 ve \u00fcretimindeki uzmanl\u0131\u011f\u0131yla tan\u0131nan lider bir \u00fcreticidir. Hassas m\u00fchendisli\u011fimiz, yenilik\u00e7ili\u011fimiz ve g\u00fcvenilirli\u011fimizle bilinen firmam\u0131z, \u00e7im bi\u00e7me makinesi \u015fanz\u0131manlar\u0131 ve PTO \u015faftlar\u0131 gibi temel bile\u015fenler de dahil olmak \u00fczere \u00e7e\u015fitli \u00fcr\u00fcnler sunmaktad\u0131r. Misyonumuz, tar\u0131m ve sanayi sekt\u00f6rlerinin benzersiz ihtiya\u00e7lar\u0131n\u0131 kar\u015f\u0131layan, hem ba\u011f\u0131ms\u0131z \u00fcr\u00fcnler hem de tamamen entegre sistemler sunan \u00f6zel \u00e7\u00f6z\u00fcmler sunmakt\u0131r.<\/p>\n<p>FMP olarak, her m\u00fc\u015fterinin kendine \u00f6zg\u00fc gereksinimleri oldu\u011funu anl\u0131yoruz ve bu nedenle \u00fcr\u00fcnlerimizi bu \u00f6zel ihtiya\u00e7lar\u0131 kar\u015f\u0131layacak \u015fekilde \u00f6zelle\u015ftirmeye odaklan\u0131yoruz. \u0130ster \u00f6zel bir \u015fanz\u0131mana ister komple bir sisteme ihtiyac\u0131n\u0131z olsun, en verimli ve etkili \u00e7\u00f6z\u00fcm\u00fc sunmak i\u00e7in sizinle yak\u0131n i\u015fbirli\u011fi i\u00e7inde \u00e7al\u0131\u015f\u0131yoruz. M\u00fc\u015fteri memnuniyetine olan ba\u011fl\u0131l\u0131\u011f\u0131m\u0131z, h\u0131zl\u0131 ve profesyonel yan\u0131tlar\u0131m\u0131zda ve uzman rehberli\u011fimizde kendini g\u00f6stererek, her sorunun hassasiyet ve \u00f6zenle ele al\u0131nmas\u0131n\u0131 sa\u011fl\u0131yor.<\/p>\n<p>\u00d6zellikle yeni \u00fcr\u00fcn geli\u015ftirme s\u00fcre\u00e7lerinde m\u00fc\u015fterilerimizle a\u00e7\u0131k ileti\u015fime ve s\u00fcrekli i\u015f birli\u011fine b\u00fcy\u00fck \u00f6nem veriyoruz. Ekibimiz, m\u00fc\u015fterilerimizin kar\u015f\u0131la\u015ft\u0131\u011f\u0131 zorluklar\u0131 tam olarak anlamak ve en uygun \u00e7\u00f6z\u00fcmlere yol a\u00e7acak bilgiler sunmak i\u00e7in onlarla yak\u0131n i\u015f birli\u011fi i\u00e7inde \u00e7al\u0131\u015fmaktad\u0131r. Yeni \u00fcr\u00fcn geli\u015ftirme veya mevcut sipari\u015fleri yerine getirme s\u00fcre\u00e7lerinde, y\u00fcksek kaliteli, hassas m\u00fchendislik \u00fcr\u00fcn\u00fc \u00fcr\u00fcnleri zaman\u0131nda teslim etmeye kararl\u0131y\u0131z.<\/p>\n<p>FMP'de yapt\u0131\u011f\u0131m\u0131z her \u015feyin temelinde kalite yatar. \u00dcretim s\u00fcre\u00e7lerimiz en y\u00fcksek do\u011fruluk standartlar\u0131na uyarak her \u00fcr\u00fcn\u00fcn kusursuz olmas\u0131n\u0131 sa\u011flar. T\u00fcm \u00fcr\u00fcnlerimizin sekt\u00f6r standartlar\u0131n\u0131 kar\u015f\u0131lamas\u0131n\u0131 veya a\u015fmas\u0131n\u0131 sa\u011flamak i\u00e7in s\u0131k\u0131 kalite kontrol \u00f6nlemleri uyguluyoruz. Kaliteye olan bu sars\u0131lmaz ba\u011fl\u0131l\u0131\u011f\u0131m\u0131z, d\u00fcr\u00fcstl\u00fck, ekip \u00e7al\u0131\u015fmas\u0131 ve azim gibi temel de\u011ferlerimizle birle\u015ferek, d\u00fcnya \u00e7ap\u0131nda yakla\u015f\u0131k 30 \u00fclkede m\u00fc\u015fterilerimizle g\u00fc\u00e7l\u00fc ve uzun \u00f6m\u00fcrl\u00fc ili\u015fkiler kurmam\u0131z\u0131 sa\u011flam\u0131\u015ft\u0131r.<\/p>\n<p>FMP, uzman tavsiyeleri ve \u00f6zelle\u015ftirilmi\u015f \u00e7\u00f6z\u00fcmler sunarak k\u00fcresel ortakl\u0131klara her zaman a\u00e7\u0131kt\u0131r. Yakla\u015f\u0131m\u0131m\u0131z sadece \u00fcr\u00fcn sa\u011flaman\u0131n \u00f6tesine ge\u00e7iyor; kar\u015f\u0131l\u0131kl\u0131 ba\u015far\u0131y\u0131 destekleyen uzun vadeli ili\u015fkiler kurmay\u0131 hedefliyoruz. \u0130ster yeni \u00e7\u00f6z\u00fcmlere ister mevcut sistemler i\u00e7in deste\u011fe ihtiyac\u0131n\u0131z olsun, FMP teknik zorluklar\u0131n\u0131z\u0131 ele almaya ve s\u00fcrekli ba\u015far\u0131n\u0131z\u0131 sa\u011flamaya kararl\u0131d\u0131r.<\/p>\n<p><img loading=\"lazy\" decoding=\"async\" class=\"alignnone size-full wp-image-1861\" src=\"https:\/\/fmp-components.com\/wp-content\/uploads\/2024\/12\/Other-Agricultural-Gearboxes.webp\" sizes=\"(min-width: 0px) and (max-width: 480px) 480px, (min-width: 481px) and (max-width: 980px) 980px, (min-width: 981px) 1200px, 100vw\" srcset=\"https:\/\/fmp-components.com\/wp-content\/uploads\/2024\/12\/Other-Agricultural-Gearboxes.webp 1200w, https:\/\/fmp-components.com\/wp-content\/uploads\/2024\/12\/Other-Agricultural-Gearboxes-980x1143.webp 980w, https:\/\/fmp-components.com\/wp-content\/uploads\/2024\/12\/Other-Agricultural-Gearboxes-480x560.webp 480w\" alt=\"Altri-cambi-agricoli\" width=\"1200\" height=\"1400\" title=\"\"><\/p>\n<p>Yazar: CX<\/p>\n<p>&nbsp;<\/p>","protected":false},"excerpt":{"rendered":"<p>Agricultural Lawn Mower Gearbox FMP-X30 Specification ITEM FMP&#8211;01-609 FMP&#8211;01-723 FMP&#8211;01-611 Ratio 1:1.47 1:1.69 1:1.93 Teeth 15\/22 13\/22 15\/29 Module \u00a05.08 5.0 4.0 Power(HP) 35 35 30 Rated Input 540rpm 540rpm 540rpm Input\/Output Description \u00a01 3\/8 Z6 Optic axis Cone base aequilate spline shaft Weight(N.W) 26.5KG Customized Agricultural Gearbox Service We offer a wide range of [&hellip;]<\/p>","protected":false},"featured_media":2014,"comment_status":"open","ping_status":"closed","template":"","meta":{"_et_pb_use_builder":"","_et_pb_old_content":"","_et_gb_content_width":""},"product_brand":[],"product_cat":[52],"product_tag":[],"class_list":{"0":"post-2011","1":"product","2":"type-product","3":"status-publish","4":"has-post-thumbnail","6":"product_cat-lawn-mower-gearbox","8":"first","9":"instock","10":"shipping-taxable","11":"product-type-simple"},"_links":{"self":[{"href":"https:\/\/fmp-components.com\/tr\/wp-json\/wp\/v2\/product\/2011","targetHints":{"allow":["GET"]}}],"collection":[{"href":"https:\/\/fmp-components.com\/tr\/wp-json\/wp\/v2\/product"}],"about":[{"href":"https:\/\/fmp-components.com\/tr\/wp-json\/wp\/v2\/types\/product"}],"replies":[{"embeddable":true,"href":"https:\/\/fmp-components.com\/tr\/wp-json\/wp\/v2\/comments?post=2011"}],"wp:featuredmedia":[{"embeddable":true,"href":"https:\/\/fmp-components.com\/tr\/wp-json\/wp\/v2\/media\/2014"}],"wp:attachment":[{"href":"https:\/\/fmp-components.com\/tr\/wp-json\/wp\/v2\/media?parent=2011"}],"wp:term":[{"taxonomy":"product_brand","embeddable":true,"href":"https:\/\/fmp-components.com\/tr\/wp-json\/wp\/v2\/product_brand?post=2011"},{"taxonomy":"product_cat","embeddable":true,"href":"https:\/\/fmp-components.com\/tr\/wp-json\/wp\/v2\/product_cat?post=2011"},{"taxonomy":"product_tag","embeddable":true,"href":"https:\/\/fmp-components.com\/tr\/wp-json\/wp\/v2\/product_tag?post=2011"}],"curies":[{"name":"wp","href":"https:\/\/api.w.org\/{rel}","templated":true}]}}