{"id":2006,"date":"2024-12-27T00:52:54","date_gmt":"2024-12-27T00:52:54","guid":{"rendered":"https:\/\/fmp-components.com\/?page_id=8"},"modified":"2024-12-27T01:06:40","modified_gmt":"2024-12-27T01:06:40","slug":"agricultural-lawn-mower-gearbox-fmp-gs4rc","status":"publish","type":"product","link":"https:\/\/fmp-components.com\/tr\/product\/agricultural-lawn-mower-gearbox-fmp-gs4rc\/","title":{"rendered":"Tar\u0131m \u00c7im Bi\u00e7me Makinesi \u015eanz\u0131man FMP-GS4RC"},"content":{"rendered":"<h2>Tar\u0131m \u00c7im Bi\u00e7me Makinesi \u015eanz\u0131man \u00d6zellikleri<\/h2>\n<table style=\"width: 100%;\" border=\"1\" width=\"100%\" cellspacing=\"0\" cellpadding=\"0\">\n<tbody>\n<tr>\n<td width=\"110\"><img loading=\"lazy\" decoding=\"async\" class=\"wp-image-2007 alignleft\" src=\"https:\/\/fmp-components.com\/wp-content\/uploads\/2024\/12\/fmp_agricultural-gearbox-HC-GS4RC-2.webp\" alt=\"fmp_tar\u0131msal-di\u015fli kutusu-HC-GS4RC-2\" width=\"363\" height=\"460\" title=\"\"><\/td>\n<td width=\"98\"><img loading=\"lazy\" decoding=\"async\" class=\"alignnone wp-image-2008\" src=\"https:\/\/fmp-components.com\/wp-content\/uploads\/2024\/12\/Lawn-Mower-Gearbox-8.webp\" alt=\"\u00c7im Bi\u00e7me Makinesi \u015eanz\u0131man\u0131\" width=\"420\" height=\"420\" title=\"\"><\/td>\n<\/tr>\n<\/tbody>\n<\/table>\n<table style=\"width: 96.588%; height: 225px;\" border=\"1\" cellspacing=\"0\" cellpadding=\"0\">\n<tbody>\n<tr>\n<td><strong>\u00d6\u011eE<\/strong><\/td>\n<td>FMP-GS4RC<\/td>\n<\/tr>\n<tr>\n<td><strong>Oran<\/strong><\/td>\n<td>1:1.46\/1:1.93<\/td>\n<\/tr>\n<tr>\n<td><strong>Di\u015fler<\/strong><\/td>\n<td>22\/15 23\/12<\/td>\n<\/tr>\n<tr>\n<td><strong>Mod\u00fcl<\/strong><\/td>\n<td>\u00a05.08 \/5.0<\/td>\n<\/tr>\n<tr>\n<td><strong>G\u00fc\u00e7 (HP)<\/strong><\/td>\n<td>30<\/td>\n<\/tr>\n<tr>\n<td><strong>Anma Giri\u015fi<\/strong><\/td>\n<td>540 devir\/dakika<\/td>\n<\/tr>\n<tr>\n<td><strong>Giri\u015f\/\u00c7\u0131k\u0131\u015f A\u00e7\u0131klamas\u0131<\/strong><\/td>\n<td>1-3\/8 Z6 Konik spline<\/td>\n<\/tr>\n<tr>\n<td><strong>A\u011f\u0131rl\u0131k (KB)<\/strong><\/td>\n<td>19kg<\/td>\n<\/tr>\n<\/tbody>\n<\/table>\n<h2>Tar\u0131m \u00c7im Bi\u00e7me Makinesi \u015eanz\u0131man Malzemesi<\/h2>\n<table style=\"width: 96.0662%; height: 133px;\" border=\"1\" cellspacing=\"0\" cellpadding=\"0\">\n<tbody>\n<tr>\n<td colspan=\"2\"><strong>Malzeme<\/strong><\/td>\n<\/tr>\n<tr>\n<td><strong>Konut\u00a0<\/strong><\/td>\n<td>QT450<\/td>\n<\/tr>\n<tr>\n<td><strong>Di\u015fli mili<\/strong><\/td>\n<td>20CrMnTi<\/td>\n<\/tr>\n<tr>\n<td><strong>Plaka<\/strong><\/td>\n<td>Al\u00fcminyum<\/td>\n<\/tr>\n<\/tbody>\n<\/table>\n<h2>Tar\u0131msal \u00c7im Bi\u00e7me Makinesi \u015eanz\u0131man Uygulamalar\u0131<\/h2>\n<p>FMP olarak, tar\u0131m ve end\u00fcstriyel makinelerin \u00f6zel ihtiya\u00e7lar\u0131n\u0131 kar\u015f\u0131lamak \u00fczere tasarlanm\u0131\u015f y\u00fcksek performansl\u0131 di\u015fli kutular\u0131 sa\u011flama konusunda uzmanla\u015f\u0131yoruz. Di\u015fli kutular\u0131m\u0131z, \u00e7e\u015fitli sekt\u00f6rlerde verimlilik, dayan\u0131kl\u0131l\u0131k ve g\u00fcvenilirlik sa\u011flayarak \u00e7ok \u00e7e\u015fitli uygulamalarda kullan\u0131lmaktad\u0131r. Tar\u0131msal \u00e7im bi\u00e7me makinesi di\u015fli kutular\u0131m\u0131z\u0131n baz\u0131 temel uygulamalar\u0131 a\u015fa\u011f\u0131dad\u0131r:<\/p>\n<h4>D\u00f6ner Kesiciler<\/h4>\n<p>D\u00f6ner bi\u00e7me makineleri, tar\u0131m ve k\u0131rsal alanlardaki a\u015f\u0131r\u0131 b\u00fcy\u00fcm\u00fc\u015f \u00e7im, \u00e7al\u0131 ve yabani otlar\u0131 temizlemek i\u00e7in olmazsa olmazd\u0131r. \u015eanz\u0131manlar\u0131m\u0131z, trakt\u00f6rden bi\u00e7me makinesi b\u0131\u00e7aklar\u0131na verimli bir \u015fekilde g\u00fc\u00e7 aktaracak \u015fekilde tasarlanm\u0131\u015ft\u0131r ve yo\u011fun bitki \u00f6rt\u00fcs\u00fcnde bile p\u00fcr\u00fczs\u00fcz ve etkili bir kesim sa\u011flar. \u00dcst\u00fcn dayan\u0131kl\u0131l\u0131\u011f\u0131yla bu \u015fanz\u0131manlar, arazi temizleme operasyonlar\u0131 s\u0131ras\u0131nda minimum kesinti s\u00fcresi ve maksimum performans sa\u011flar.<\/p>\n<h4>D\u00f6ner Kesiciler<\/h4>\n<p>D\u00f6ner kesiciler, tar\u0131m ve peyzaj alanlar\u0131nda, tarlalar\u0131, meralar\u0131 ve yol kenarlar\u0131n\u0131 ot, yabani ot ve k\u00fc\u00e7\u00fck \u00e7al\u0131lar\u0131 keserek korumak i\u00e7in yayg\u0131n olarak kullan\u0131l\u0131r. FMP di\u015fli kutular\u0131, do\u011fru miktarda tork ve g\u00fc\u00e7 sa\u011flayarak sorunsuz b\u0131\u00e7ak d\u00f6n\u00fc\u015f\u00fc ve optimum kesme performans\u0131 sa\u011flayacak \u015fekilde tasarlanm\u0131\u015ft\u0131r. Sa\u011flam tasar\u0131mlar\u0131, a\u015f\u0131nma ve y\u0131pranmay\u0131 azaltmaya yard\u0131mc\u0131 olarak a\u011f\u0131r hizmet tipi kesme i\u015fleri i\u00e7in idealdir.<\/p>\n<h4>Pamuk K\u0131r\u0131c\u0131lar<\/h4>\n<p>Pamuk bi\u00e7me makineleri, pamuk tarlalar\u0131nda yabanc\u0131 ot kontrol\u00fc ve \u00fcr\u00fcn y\u00f6netiminde \u00f6nemli bir rol oynar. Di\u015fli kutular\u0131m\u0131z, pamuk bi\u00e7me ekipman\u0131n\u0131n en iyi \u015fekilde \u00e7al\u0131\u015fmas\u0131 i\u00e7in gereken hassas g\u00fc\u00e7 aktar\u0131m\u0131n\u0131 sa\u011flayarak, operat\u00f6rlerin pamuk mahsullerini etkili bir \u015fekilde y\u00f6netmelerini ve tarla sa\u011fl\u0131\u011f\u0131n\u0131 korumalar\u0131n\u0131 sa\u011flar. Bu di\u015fli kutular\u0131, pamuk tar\u0131m\u0131nda s\u0131kl\u0131kla kar\u015f\u0131la\u015f\u0131lan zorlu \u00e7al\u0131\u015fma ko\u015fullar\u0131n\u0131n \u00fcstesinden gelmek \u00fczere \u00fcretilmi\u015ftir.<\/p>\n<h4>A\u011fa\u00e7 Kesiciler<\/h4>\n<p>A\u011fa\u00e7 kesiciler, ormanc\u0131l\u0131k ve tar\u0131mda a\u011fa\u00e7lar\u0131, \u00e7al\u0131lar\u0131 ve yo\u011fun bitki \u00f6rt\u00fcs\u00fcn\u00fc temizlemek i\u00e7in kullan\u0131l\u0131r. FMP \u00e7im bi\u00e7me makinesi \u015fanz\u0131manlar\u0131, kesme mekanizmalar\u0131na g\u00fc\u00e7 sa\u011flamak i\u00e7in gereken y\u00fcksek torku sa\u011flayarak operat\u00f6rlerin kal\u0131n dallar\u0131 ve g\u00f6vdeleri kolayca i\u015flemesini sa\u011flar. \u015eanz\u0131manlar\u0131m\u0131z, verimlili\u011fi korurken ve titre\u015fimi azalt\u0131rken y\u00fcksek y\u00fckler alt\u0131nda \u00e7al\u0131\u015facak \u015fekilde tasarlanm\u0131\u015ft\u0131r; bu da operat\u00f6r konforunu ve performans\u0131n\u0131 art\u0131r\u0131r.<\/p>\n<h4>Saha Kutular\u0131<\/h4>\n<p>Tarla silolar\u0131 genellikle hasat edilen mahsulleri toplamak ve ta\u015f\u0131mak i\u00e7in kullan\u0131l\u0131r. FMP di\u015fli kutular\u0131, tarla silolar\u0131n\u0131n bo\u015faltma mekanizmalar\u0131n\u0131 \u00e7al\u0131\u015ft\u0131rmak i\u00e7in gereken g\u00fcvenilir g\u00fc\u00e7 aktar\u0131m\u0131n\u0131 sa\u011flayarak hasat s\u0131ras\u0131nda sorunsuz \u00e7al\u0131\u015fmay\u0131 garantiler. Tah\u0131l, pamuk veya di\u011fer mahsuller i\u00e7in kullan\u0131lan bu di\u015fli kutular\u0131, tar\u0131msal hasad\u0131n zorluklar\u0131na dayanacak, duru\u015f s\u00fcrelerini azaltacak ve genel verimlili\u011fi art\u0131racak \u015fekilde \u00fcretilmi\u015ftir.<\/p>\n<h4>Bi\u00e7me Makineleri ve \u00c7im Bak\u0131m Ekipmanlar\u0131<\/h4>\n<p>Yukar\u0131daki \u00f6zel uygulamalara ek olarak, tar\u0131m di\u015fli kutular\u0131m\u0131z \u00e7e\u015fitli bi\u00e7me makinelerinde ve \u00e7im bak\u0131m ekipmanlar\u0131nda da yayg\u0131n olarak kullan\u0131lmaktad\u0131r. Bunlar aras\u0131nda, binilebilir \u00e7im bi\u00e7me makineleri, ticari bi\u00e7me makineleri ve end\u00fcstriyel bi\u00e7me sistemleri yer almaktad\u0131r. Di\u015fli kutular\u0131m\u0131z, \u00e7imlerin verimli bir \u015fekilde bi\u00e7ilmesini ve g\u00fcc\u00fcn b\u0131\u00e7aklara e\u015fit \u015fekilde da\u011f\u0131t\u0131lmas\u0131n\u0131 sa\u011flar.<\/p>\n<p>FMP di\u015fli kutular\u0131, \u00e7e\u015fitli tar\u0131m makinesi uygulamalar\u0131nda g\u00fcvenilir performans g\u00f6sterecek \u015fekilde tasarlanm\u0131\u015ft\u0131r. D\u00f6ner bi\u00e7me ve bi\u00e7me makinelerinden pamuk bi\u00e7me makinelerine ve tarla silolar\u0131na kadar, di\u015fli kutular\u0131m\u0131z tutarl\u0131 g\u00fc\u00e7 aktar\u0131m\u0131, dayan\u0131kl\u0131l\u0131k ve hassasiyet sa\u011flar. \u0130ster k\u00fc\u00e7\u00fck \u00f6l\u00e7ekli tar\u0131m operasyonlar\u0131 ister b\u00fcy\u00fck end\u00fcstriyel kullan\u0131mlar i\u00e7in olsun, FMP di\u015fli kutular\u0131 performans\u0131 optimize etmek, bak\u0131m maliyetlerini d\u00fc\u015f\u00fcrmek ve tar\u0131m ekipmanlar\u0131n\u0131z\u0131n uzun \u00f6m\u00fcrl\u00fc olmas\u0131n\u0131 sa\u011flamak i\u00e7in tasarlanm\u0131\u015ft\u0131r.<\/p>\n<p><img loading=\"lazy\" decoding=\"async\" class=\"alignnone size-full wp-image-2009\" src=\"https:\/\/fmp-components.com\/wp-content\/uploads\/2024\/12\/Lawn-Mower-Gearbox-Suppliers-6.webp\" alt=\"\" width=\"1000\" height=\"445\" title=\"\" srcset=\"https:\/\/fmp-components.com\/wp-content\/uploads\/2024\/12\/Lawn-Mower-Gearbox-Suppliers-6.webp 1000w, https:\/\/fmp-components.com\/wp-content\/uploads\/2024\/12\/Lawn-Mower-Gearbox-Suppliers-6-980x436.webp 980w, https:\/\/fmp-components.com\/wp-content\/uploads\/2024\/12\/Lawn-Mower-Gearbox-Suppliers-6-480x214.webp 480w\" sizes=\"(min-width: 0px) and (max-width: 480px) 480px, (min-width: 481px) and (max-width: 980px) 980px, (min-width: 981px) 1000px, 100vw\" \/><\/p>\n<h2>Tar\u0131m \u00c7im Bi\u00e7me Makinesi \u015eanz\u0131man\u0131 i\u00e7in PTO \u015eaft\u0131<\/h2>\n<p>G\u00fc\u00e7 Aktarma Organ\u0131 (PTO) \u015faft\u0131, tar\u0131m makinelerinde kritik bir bile\u015fen olup, trakt\u00f6r motoru ile \u00e7im bi\u00e7me makinesi di\u015fli kutular\u0131 gibi \u00e7e\u015fitli ekipman di\u015fli kutular\u0131 aras\u0131nda ba\u011flant\u0131 g\u00f6revi g\u00f6r\u00fcr. FMP olarak, \u00e7e\u015fitli tar\u0131m uygulamalar\u0131 i\u00e7in g\u00fcvenilir performans sunan, \u00e7im bi\u00e7me makinesi di\u015fli kutular\u0131yla sorunsuz \u00e7al\u0131\u015facak \u015fekilde \u00f6zel olarak tasarlanm\u0131\u015f y\u00fcksek kaliteli PTO \u015faftlar\u0131 \u00fcretiyoruz.<\/p>\n<h3>Tar\u0131m \u00c7im Bi\u00e7me Makinesi \u015eanz\u0131man\u0131nda PTO \u015eaft\u0131n\u0131n Temel \u00d6zellikleri ve Faydalar\u0131<\/h3>\n<ol>\n<li><strong>Verimli G\u00fc\u00e7 Transferi<\/strong><br \/>\nPTO \u015faftlar\u0131, trakt\u00f6r motorundan \u00e7im bi\u00e7me makinesinin \u015fanz\u0131man\u0131na mekanik g\u00fcc\u00fc verimli bir \u015fekilde aktarmak \u00fczere tasarlanm\u0131\u015ft\u0131r. Bu, bi\u00e7me makinesi b\u0131\u00e7aklar\u0131n\u0131n \u00e7im ve bitki \u00f6rt\u00fcs\u00fcn\u00fc etkili bir \u015fekilde kesmek i\u00e7in optimum h\u0131zlarda \u00e7al\u0131\u015fmas\u0131n\u0131 sa\u011flar. PTO \u015faftlar\u0131, tutarl\u0131 bir g\u00fc\u00e7 ak\u0131\u015f\u0131 sa\u011flayarak daha temiz ve daha d\u00fczg\u00fcn bir kesim elde edilmesine yard\u0131mc\u0131 olarak \u00e7im bi\u00e7me makinesinin genel verimlili\u011fini art\u0131r\u0131r.<\/li>\n<li><strong>Dayan\u0131kl\u0131l\u0131k ve G\u00fcvenilirlik<\/strong><br \/>\nFMP PTO \u015faftlar\u0131, tar\u0131msal ortamlar\u0131n zorlu ko\u015fullar\u0131na dayanacak \u015fekilde \u00fcretilmi\u015ftir. Y\u00fcksek mukavemetli malzemelerden \u00fcretilen ve a\u015f\u0131nma ve y\u0131pranmay\u0131 azaltmak i\u00e7in hassas bir \u015fekilde tasarlanan bu \u015faftlar, a\u011f\u0131r y\u00fckler ve zorlu arazi ko\u015fullar\u0131nda bile uzun bir kullan\u0131m \u00f6mr\u00fc sa\u011flar. Sa\u011flaml\u0131klar\u0131, ar\u0131za s\u00fcrelerini ve s\u0131k onar\u0131m ihtiyac\u0131n\u0131 azaltarak daha y\u00fcksek verimlilik sa\u011flar.<\/li>\n<li><strong>\u00d6zelle\u015ftirilebilir Uzunluk ve Yap\u0131land\u0131rma<\/strong><br \/>\nFMP PTO \u015faftlar\u0131, \u00f6zel gereksinimleri kar\u015f\u0131lamak \u00fczere uzunluk ve konfig\u00fcrasyon a\u00e7\u0131s\u0131ndan \u00f6zelle\u015ftirilebilir. \u0130ster standart bir uzunlu\u011fa ister belirli bir \u00e7im bi\u00e7me makinesi modeli i\u00e7in \u00f6zel bir kuruluma ihtiyac\u0131n\u0131z olsun, ekipman\u0131n\u0131z\u0131n benzersiz \u00f6zelliklerine uyacak \u015fekilde tasarlanm\u0131\u015f \u00e7\u00f6z\u00fcmler sunuyoruz.<\/li>\n<li><strong>G\u00fcvenlik ve Kolay Bak\u0131m<\/strong><br \/>\nPTO \u015faftlar\u0131m\u0131z, \u00e7al\u0131\u015fma s\u0131ras\u0131nda kaza riskini en aza indirmek i\u00e7in koruma ve kalkan gibi g\u00fcvenlik \u00f6zellikleriyle donat\u0131lm\u0131\u015ft\u0131r. Ayr\u0131ca, kolay bak\u0131m i\u00e7in tasarlanm\u0131\u015f olup, a\u015f\u0131nan par\u00e7alar\u0131n h\u0131zl\u0131 bir \u015fekilde kontrol edilip de\u011fi\u015ftirilmesine olanak tan\u0131r ve sistemin sorunsuz ve g\u00fcvenli bir \u015fekilde \u00e7al\u0131\u015fmas\u0131n\u0131 sa\u011flar.<\/li>\n<li><strong>Tar\u0131m Ekipmanlar\u0131nda \u00c7ok Y\u00f6nl\u00fcl\u00fck<\/strong><br \/>\n\u00c7im bi\u00e7me makineleri i\u00e7in tasarlanm\u0131\u015f olsalar da FMP PTO \u015faftlar\u0131, d\u00f6ner bi\u00e7me makineleri, tarla bi\u00e7me makineleri ve \u00e7im bi\u00e7me makineleri de dahil olmak \u00fczere \u00e7e\u015fitli tar\u0131m makinelerinde de kullan\u0131labilir. Bu \u00e7ok y\u00f6nl\u00fcl\u00fck, onlar\u0131 farkl\u0131 ekipman t\u00fcrleri aras\u0131nda g\u00fcvenilir g\u00fc\u00e7 aktar\u0131m\u0131 gerektiren \u00e7iftlikler ve peyzaj \u00e7al\u0131\u015fmalar\u0131 i\u00e7in de\u011ferli bir varl\u0131k haline getirir.<\/li>\n<\/ol>\n<p><img loading=\"lazy\" decoding=\"async\" class=\"alignnone size-full wp-image-2010\" src=\"https:\/\/fmp-components.com\/wp-content\/uploads\/2024\/12\/Agricultural-Lawnmower-Gearbox-Precautions-for-Use1.webp\" alt=\"\" width=\"1202\" height=\"665\" title=\"\" srcset=\"https:\/\/fmp-components.com\/wp-content\/uploads\/2024\/12\/Agricultural-Lawnmower-Gearbox-Precautions-for-Use1.webp 1202w, https:\/\/fmp-components.com\/wp-content\/uploads\/2024\/12\/Agricultural-Lawnmower-Gearbox-Precautions-for-Use1-980x542.webp 980w, https:\/\/fmp-components.com\/wp-content\/uploads\/2024\/12\/Agricultural-Lawnmower-Gearbox-Precautions-for-Use1-480x266.webp 480w\" sizes=\"(min-width: 0px) and (max-width: 480px) 480px, (min-width: 481px) and (max-width: 980px) 980px, (min-width: 981px) 1202px, 100vw\" \/><\/p>\n<h3>Tar\u0131msal \u00c7im Bi\u00e7me Makinesi \u015eanz\u0131man\u0131nda PTO \u015eaft\u0131n\u0131n Uygulamalar\u0131<\/h3>\n<ul>\n<li><strong>\u00c7im Bi\u00e7me Makineleri ve \u00c7al\u0131 Kesiciler:<\/strong> PTO milleri, trakt\u00f6r\u00fcn motorunu bi\u00e7me makinesinin b\u0131\u00e7aklar\u0131na ba\u011flayarak \u00e7im, yabani ot ve k\u00fc\u00e7\u00fck \u00e7al\u0131lar\u0131n etkili bir \u015fekilde kesilmesini sa\u011flar.<\/li>\n<li><strong>D\u00f6ner Kesiciler:<\/strong> PTO milleri, d\u00f6ner kesicilere g\u00fc\u00e7 sa\u011flamak i\u00e7in kullan\u0131l\u0131r ve bu sayede zorlu arazi ko\u015fullar\u0131nda etkili bir \u015fekilde \u00e7al\u0131\u015fabilirler.<\/li>\n<li><strong>D\u00f6ner Bi\u00e7me ve Ot Bi\u00e7me Makineleri:<\/strong> PTO milleri, tar\u0131m alanlar\u0131ndaki yo\u011fun bitki \u00f6rt\u00fcs\u00fcn\u00fc ve yabani otlar\u0131 temizleyen d\u00f6ner bi\u00e7me makinelerinin a\u011f\u0131r hizmet tipi b\u0131\u00e7aklar\u0131n\u0131n \u00e7al\u0131\u015ft\u0131r\u0131lmas\u0131na yard\u0131mc\u0131 olur.<\/li>\n<li><strong>Tarla Bi\u00e7me Makineleri:<\/strong> PTO milleri, trakt\u00f6r\u00fcn bi\u00e7me makinelerine ba\u011flanmas\u0131, geni\u015f tar\u0131m alanlar\u0131n\u0131n verimli bir \u015fekilde bi\u00e7ilmesi ve bak\u0131m\u0131n\u0131n yap\u0131lmas\u0131 i\u00e7in olmazsa olmazd\u0131r.<\/li>\n<\/ul>\n<h3>Tar\u0131m \u00c7im Bi\u00e7me Makinesi \u015eanz\u0131man\u0131n\u0131z \u0130\u00e7in Neden FMP PTO Millerini Se\u00e7melisiniz?<\/h3>\n<ul>\n<li><strong>\u00d6zelle\u015ftirme<\/strong>: FMP, \u00f6zel ihtiya\u00e7lar\u0131 kar\u015f\u0131lamak i\u00e7in farkl\u0131 uzunluklarda, yap\u0131land\u0131rmalarda ve tasar\u0131mlarda \u00e7ok \u00e7e\u015fitli PTO \u015faftlar\u0131 sunar.<\/li>\n<li><strong>G\u00fcvenilirlik<\/strong>:PTO \u015faftlar\u0131m\u0131z, zorlu tar\u0131m ko\u015fullar\u0131nda uzun s\u00fcreli performans g\u00f6sterecek \u015fekilde tasarlanm\u0131\u015ft\u0131r; bu sayede duru\u015f s\u00fcreleri ve onar\u0131m maliyetleri en aza indirilir.<\/li>\n<li><strong>Emniyet<\/strong>: Dahili g\u00fcvenlik \u00f6zellikleriyle PTO \u015faftlar\u0131m\u0131z kullan\u0131m s\u0131ras\u0131nda yaralanma riskini azaltmaya yard\u0131mc\u0131 olur.<\/li>\n<li><strong>Hassas M\u00fchendislik<\/strong>: Her bir PTO \u015faft\u0131 y\u00fcksek hassasiyetle \u00fcretilerek, g\u00fc\u00e7 aktar\u0131m\u0131n\u0131n sorunsuz olmas\u0131 ve mekanik ar\u0131za riskinin azalt\u0131lmas\u0131 sa\u011flan\u0131r.<\/li>\n<li><strong>K\u00fcresel Destek<\/strong>: FMP'nin \u00fcr\u00fcnleri d\u00fcnya \u00e7ap\u0131ndaki m\u00fc\u015fterilerimiz taraf\u0131ndan g\u00fcvenilir bulunuyor ve PTO \u015faftlar\u0131m\u0131z\u0131n tam olarak ihtiya\u00e7lar\u0131n\u0131z\u0131 kar\u015f\u0131lamas\u0131n\u0131 sa\u011flamak i\u00e7in uzman tavsiyeleri ve deste\u011fi sunuyoruz.<\/li>\n<\/ul>\n<p>FMP'nin tar\u0131m \u00e7im bi\u00e7me makinesi \u015fanz\u0131manlar\u0131 i\u00e7in \u00fcretti\u011fi PTO \u015faftlar\u0131, \u00e7e\u015fitli tar\u0131m ve peyzaj uygulamalar\u0131nda g\u00fcvenilir g\u00fc\u00e7 aktar\u0131m\u0131 ve optimum performans sa\u011flamak i\u00e7in m\u00fckemmel bir se\u00e7imdir. Uzun \u00f6m\u00fcrl\u00fc olacak \u015fekilde \u00fcretilen ve kullan\u0131m kolayl\u0131\u011f\u0131 ve g\u00fcvenlik i\u00e7in tasarlanan PTO \u015faftlar\u0131m\u0131z, \u00e7im bi\u00e7me makinesi \u015fanz\u0131man\u0131n\u0131zdan en iyi \u015fekilde yararlanman\u0131za yard\u0131mc\u0131 olarak, \u00e7ok \u00e7e\u015fitli tar\u0131msal i\u015flerde uzun vadeli verimlilik ve g\u00fcvenilirlik sunar.<\/p>\n<p><img loading=\"lazy\" decoding=\"async\" class=\"alignnone size-full wp-image-1906\" src=\"https:\/\/fmp-components.com\/wp-content\/uploads\/2024\/12\/Rotary-Mower-Gearbox17.webp\" alt=\"D\u00f6ner Bi\u00e7me Makinesi \u015eanz\u0131man\u0131\" width=\"1280\" height=\"463\" title=\"\" srcset=\"https:\/\/fmp-components.com\/wp-content\/uploads\/2024\/12\/Rotary-Mower-Gearbox17.webp 1280w, https:\/\/fmp-components.com\/wp-content\/uploads\/2024\/12\/Rotary-Mower-Gearbox17-980x354.webp 980w, https:\/\/fmp-components.com\/wp-content\/uploads\/2024\/12\/Rotary-Mower-Gearbox17-480x174.webp 480w\" sizes=\"(min-width: 0px) and (max-width: 480px) 480px, (min-width: 481px) and (max-width: 980px) 980px, (min-width: 981px) 1280px, 100vw\" \/><\/p>\n<h2>FMP Hakk\u0131nda<\/h2>\n<p>Merkezi \u0130talya'da bulunan FMP, tar\u0131m makineleri i\u00e7in y\u00fcksek performansl\u0131 di\u015fli kutular\u0131 tasarlay\u0131p \u00fcretmesiyle tan\u0131nan lider bir \u00fcreticidir. Hassas m\u00fchendislik, yenilik\u00e7ilik ve g\u00fcvenilirlik konusundaki itibar\u0131m\u0131zla, \u00e7im bi\u00e7me makinesi di\u015fli kutular\u0131 ve PTO \u015faftlar\u0131 gibi kritik bile\u015fenler de dahil olmak \u00fczere geni\u015f bir \u00fcr\u00fcn yelpazesi sunuyoruz. Amac\u0131m\u0131z, hem ba\u011f\u0131ms\u0131z \u00fcr\u00fcnler hem de tam entegre sistemler sunarak, tar\u0131m ve sanayi sekt\u00f6rlerinin benzersiz ihtiya\u00e7lar\u0131n\u0131 kar\u015f\u0131layan \u00f6zel \u00e7\u00f6z\u00fcmler sunmakt\u0131r.<\/p>\n<p>FMP olarak, her m\u00fc\u015fterinin kendine \u00f6zg\u00fc ihtiya\u00e7lar\u0131 oldu\u011funun bilincindeyiz ve bu nedenle \u00fcr\u00fcnlerimizi bireysel ihtiya\u00e7lara g\u00f6re \u00f6zelle\u015ftirme konusunda uzmanla\u015f\u0131yoruz. \u0130ster \u00f6zel bir di\u015fli kutusu ister komple bir sistem ar\u0131yor olun, en etkili ve verimli \u00e7\u00f6z\u00fcm\u00fc sunmak i\u00e7in sizinle yak\u0131n i\u015f birli\u011fi i\u00e7indeyiz. M\u00fc\u015fteri memnuniyetine olan ba\u011fl\u0131l\u0131\u011f\u0131m\u0131z, her sorunun hassasiyet ve \u00f6zenle ele al\u0131nmas\u0131n\u0131 sa\u011flayan uzman tavsiyelerimiz ve h\u0131zl\u0131, profesyonel yan\u0131tlar\u0131m\u0131zla yans\u0131t\u0131lmaktad\u0131r.<\/p>\n<p>M\u00fc\u015fterilerimizle, \u00f6zellikle yeni \u00fcr\u00fcn geli\u015ftirme s\u00fcrecinde a\u00e7\u0131k ileti\u015fime ve s\u00fcrekli i\u015f birli\u011fine \u00f6nem veriyoruz. Ekibimiz, m\u00fc\u015fterilerimizin zorluklar\u0131n\u0131 anlamak ve en uygun \u00e7\u00f6z\u00fcmlere ula\u015fmalar\u0131n\u0131 sa\u011flayacak de\u011ferli bilgiler sunmak i\u00e7in onlarla yak\u0131n bir \u015fekilde \u00e7al\u0131\u015f\u0131r. \u0130ster yeni \u00fcr\u00fcnler geli\u015ftiriyor ister mevcut sipari\u015fleri kar\u015f\u0131l\u0131yor olal\u0131m, y\u00fcksek kaliteli ve hassas m\u00fchendislikle \u00fcretilmi\u015f \u00fcr\u00fcnleri zaman\u0131nda teslim etme taahh\u00fcd\u00fcm\u00fcz\u00fc s\u00fcrd\u00fcr\u00fcyoruz.<\/p>\n<p>Kalite, FMP'nin faaliyetlerinin temel ta\u015f\u0131d\u0131r. \u00dcretim s\u00fcre\u00e7lerimiz y\u00fcksek standartlar, do\u011fruluk ve s\u0131f\u0131r hata ilkeleri \u00fczerine kuruludur. Her \u00fcr\u00fcn\u00fcn sekt\u00f6r standartlar\u0131n\u0131 kar\u015f\u0131lad\u0131\u011f\u0131ndan veya a\u015ft\u0131\u011f\u0131ndan emin olmak i\u00e7in titiz kalite kontrol \u00f6nlemleri uyguluyoruz. Kaliteye olan bu sars\u0131lmaz odaklanmam\u0131z, d\u00fcr\u00fcstl\u00fck, ekip \u00e7al\u0131\u015fmas\u0131 ve azim gibi temel de\u011ferlerimizle birle\u015ferek, yakla\u015f\u0131k 30 \u00fclkedeki m\u00fc\u015fterilerimizle kal\u0131c\u0131 ili\u015fkiler kurmam\u0131za yard\u0131mc\u0131 olmu\u015ftur.<\/p>\n<p>FMP, uzman tavsiyeleri ve \u00f6zelle\u015ftirilmi\u015f \u00e7\u00f6z\u00fcmler sunarak k\u00fcresel ortakl\u0131klar kurmaya her zaman a\u00e7\u0131kt\u0131r. Yakla\u015f\u0131m\u0131m\u0131z yaln\u0131zca \u00fcr\u00fcn sunman\u0131n \u00f6tesine ge\u00e7er; kar\u015f\u0131l\u0131kl\u0131 ba\u015far\u0131y\u0131 te\u015fvik eden uzun vadeli ili\u015fkiler kurmay\u0131 hedefleriz. \u0130ster yeni \u00e7\u00f6z\u00fcmlere ister mevcut sistemleriniz i\u00e7in deste\u011fe ihtiyac\u0131n\u0131z olsun, FMP teknik zorluklar\u0131n\u0131z\u0131 ele almaya ve s\u00fcrekli ba\u015far\u0131n\u0131z\u0131 sa\u011flamaya kendini adam\u0131\u015ft\u0131r.<\/p>\n<p><img loading=\"lazy\" decoding=\"async\" class=\"alignnone size-full wp-image-1861\" src=\"https:\/\/fmp-components.com\/wp-content\/uploads\/2024\/12\/Other-Agricultural-Gearboxes.webp\" sizes=\"(min-width: 0px) and (max-width: 480px) 480px, (min-width: 481px) and (max-width: 980px) 980px, (min-width: 981px) 1200px, 100vw\" srcset=\"https:\/\/fmp-components.com\/wp-content\/uploads\/2024\/12\/Other-Agricultural-Gearboxes.webp 1200w, https:\/\/fmp-components.com\/wp-content\/uploads\/2024\/12\/Other-Agricultural-Gearboxes-980x1143.webp 980w, https:\/\/fmp-components.com\/wp-content\/uploads\/2024\/12\/Other-Agricultural-Gearboxes-480x560.webp 480w\" alt=\"Altri-cambi-agricoli\" width=\"1200\" height=\"1400\" title=\"\"><\/p>\n<p>Yazar: CX<\/p>\n<p>&nbsp;<\/p>","protected":false},"excerpt":{"rendered":"<p>Agricultural Lawnmower Gearbox\u00a0Specification ITEM FMP-GS4RC Ratio 1:1.46\/1:1.93 Teeth 22\/15 23\/12 Module \u00a05.08 \/5.0 Power(HP) 30 Rated Input 540rpm Input\/Output Description 1-3\/8 Z6 Taper spline Weight(N.W) 19KG Agricultural Lawn Mower Gearbox Material Material Housing\u00a0 QT450 Gear shaft 20CrMnTi Plate Aluminum Agricultural Lawnmower Gearbox Applications At FMP, we specialize in providing high-performance gearboxes designed to meet the [&hellip;]<\/p>","protected":false},"featured_media":2008,"comment_status":"open","ping_status":"closed","template":"","meta":{"_et_pb_use_builder":"","_et_pb_old_content":"","_et_gb_content_width":""},"product_brand":[],"product_cat":[52],"product_tag":[],"class_list":{"0":"post-2006","1":"product","2":"type-product","3":"status-publish","4":"has-post-thumbnail","6":"product_cat-lawn-mower-gearbox","8":"first","9":"instock","10":"shipping-taxable","11":"product-type-simple"},"_links":{"self":[{"href":"https:\/\/fmp-components.com\/tr\/wp-json\/wp\/v2\/product\/2006","targetHints":{"allow":["GET"]}}],"collection":[{"href":"https:\/\/fmp-components.com\/tr\/wp-json\/wp\/v2\/product"}],"about":[{"href":"https:\/\/fmp-components.com\/tr\/wp-json\/wp\/v2\/types\/product"}],"replies":[{"embeddable":true,"href":"https:\/\/fmp-components.com\/tr\/wp-json\/wp\/v2\/comments?post=2006"}],"wp:featuredmedia":[{"embeddable":true,"href":"https:\/\/fmp-components.com\/tr\/wp-json\/wp\/v2\/media\/2008"}],"wp:attachment":[{"href":"https:\/\/fmp-components.com\/tr\/wp-json\/wp\/v2\/media?parent=2006"}],"wp:term":[{"taxonomy":"product_brand","embeddable":true,"href":"https:\/\/fmp-components.com\/tr\/wp-json\/wp\/v2\/product_brand?post=2006"},{"taxonomy":"product_cat","embeddable":true,"href":"https:\/\/fmp-components.com\/tr\/wp-json\/wp\/v2\/product_cat?post=2006"},{"taxonomy":"product_tag","embeddable":true,"href":"https:\/\/fmp-components.com\/tr\/wp-json\/wp\/v2\/product_tag?post=2006"}],"curies":[{"name":"wp","href":"https:\/\/api.w.org\/{rel}","templated":true}]}}