{"id":1999,"date":"2024-12-26T08:44:59","date_gmt":"2024-12-26T08:44:59","guid":{"rendered":"https:\/\/fmp-components.com\/?page_id=8"},"modified":"2024-12-27T00:36:22","modified_gmt":"2024-12-27T00:36:22","slug":"fmp-1zs-380-lawn-mower-gearbox","status":"publish","type":"product","link":"https:\/\/fmp-components.com\/tr\/product\/fmp-1zs-380-lawn-mower-gearbox\/","title":{"rendered":"FMP-1ZS-380 \u00c7im Bi\u00e7me Makinesi \u015eanz\u0131man\u0131"},"content":{"rendered":"<p><img loading=\"lazy\" decoding=\"async\" class=\"size-full wp-image-2005 aligncenter\" src=\"https:\/\/fmp-components.com\/wp-content\/uploads\/2024\/12\/FMP_agricultural-gearbox-HC-1ZS-380.webp\" alt=\"FMP_tar\u0131msal-di\u015fli-kutusu-HC-1ZS-380\" width=\"400\" height=\"400\" title=\"\" srcset=\"https:\/\/fmp-components.com\/wp-content\/uploads\/2024\/12\/FMP_agricultural-gearbox-HC-1ZS-380.webp 400w, https:\/\/fmp-components.com\/wp-content\/uploads\/2024\/12\/FMP_agricultural-gearbox-HC-1ZS-380-300x300.webp 300w, https:\/\/fmp-components.com\/wp-content\/uploads\/2024\/12\/FMP_agricultural-gearbox-HC-1ZS-380-150x150.webp 150w, https:\/\/fmp-components.com\/wp-content\/uploads\/2024\/12\/FMP_agricultural-gearbox-HC-1ZS-380-12x12.webp 12w, https:\/\/fmp-components.com\/wp-content\/uploads\/2024\/12\/FMP_agricultural-gearbox-HC-1ZS-380-100x100.webp 100w\" sizes=\"(max-width: 400px) 100vw, 400px\" \/><\/p>\n<h2>FMP-1ZS-380 \u00c7im Bi\u00e7me Makinesi \u015eanz\u0131man \u00d6zellikleri<\/h2>\n<p><img loading=\"lazy\" decoding=\"async\" class=\"alignnone wp-image-2000\" src=\"https:\/\/fmp-components.com\/wp-content\/uploads\/2024\/12\/fmp_agricultural-gearbox-HC-1ZS-380-1.webp\" alt=\"fmp_tar\u0131msal-di\u015fli kutusu-HC-1ZS-380-1\" width=\"806\" height=\"307\" title=\"\" srcset=\"https:\/\/fmp-components.com\/wp-content\/uploads\/2024\/12\/fmp_agricultural-gearbox-HC-1ZS-380-1.webp 806w, https:\/\/fmp-components.com\/wp-content\/uploads\/2024\/12\/fmp_agricultural-gearbox-HC-1ZS-380-1-480x183.webp 480w\" sizes=\"(min-width: 0px) and (max-width: 480px) 480px, (min-width: 481px) 806px, 100vw\" \/><\/p>\n<table style=\"width: 85.3964%; height: 238px;\" border=\"1\">\n<tbody>\n<tr>\n<td style=\"width: 37.4684%;\">\u00d6\u011eE<\/td>\n<td style=\"width: 61.7722%;\">FMP-1ZS-380 \u00c7im Bi\u00e7me Makinesi \u015eanz\u0131man\u0131<\/td>\n<\/tr>\n<tr>\n<td style=\"width: 37.4684%;\">Oran<\/td>\n<td style=\"width: 61.7722%;\">1:1.24<\/td>\n<\/tr>\n<tr>\n<td style=\"width: 37.4684%;\">Di\u015fler<\/td>\n<td style=\"width: 61.7722%;\">21\/17\/17\/17<\/td>\n<\/tr>\n<tr>\n<td style=\"width: 37.4684%;\">Mod\u00fcl<\/td>\n<td style=\"width: 61.7722%;\">7.0<\/td>\n<\/tr>\n<tr>\n<td style=\"width: 37.4684%;\">G\u00fc\u00e7 (HP)<\/td>\n<td style=\"width: 61.7722%;\">100<\/td>\n<\/tr>\n<tr>\n<td style=\"width: 37.4684%;\">Anma Giri\u015fi<\/td>\n<td style=\"width: 61.7722%;\">540 devir\/dakika<\/td>\n<\/tr>\n<tr>\n<td style=\"width: 37.4684%;\">Giri\u015f\/\u00c7\u0131k\u0131\u015f a\u00e7\u0131klamas\u0131<\/td>\n<td style=\"width: 61.7722%;\">\u00a0Spline<\/td>\n<\/tr>\n<tr>\n<td style=\"width: 37.4684%;\">A\u011f\u0131rl\u0131k (KB)<\/td>\n<td style=\"width: 61.7722%;\">42,5 kg<\/td>\n<\/tr>\n<\/tbody>\n<\/table>\n<h3>FMP-1ZS-380 \u00c7im Bi\u00e7me Makinesi \u015eanz\u0131man\u0131n\u0131n Avantajlar\u0131<\/h3>\n<ol>\n<li><strong>Y\u00fcksek Performans ve Verimlilik<\/strong><br \/>\nFMP-1ZS-380 \u00e7im bi\u00e7me makinesi \u015fanz\u0131man\u0131, \u00e7im bi\u00e7me makinesinin en y\u00fcksek verimlilikte \u00e7al\u0131\u015fmas\u0131n\u0131 sa\u011flayan optimum g\u00fc\u00e7 aktar\u0131m\u0131 i\u00e7in tasarlanm\u0131\u015ft\u0131r. G\u00fcvenilir ve tutarl\u0131 bir performans sunarak, k\u00fc\u00e7\u00fck konut bah\u00e7elerinden b\u00fcy\u00fck ticari \u00e7im bi\u00e7me i\u015flerine kadar \u00e7e\u015fitli \u00e7im bak\u0131m uygulamalar\u0131 i\u00e7in uygundur.<\/li>\n<li><strong>Dayan\u0131kl\u0131l\u0131k ve Uzun \u00d6m\u00fcr<\/strong><br \/>\nY\u00fcksek kaliteli malzemeler ve hassas m\u00fchendislikle \u00fcretilen FMP-1ZS-380, a\u011f\u0131r hizmet tipi kullan\u0131m\u0131n getirdi\u011fi a\u015f\u0131nma ve y\u0131pranmaya dayanacak \u015fekilde tasarlanm\u0131\u015ft\u0131r. Sa\u011flam tasar\u0131m\u0131, dayan\u0131kl\u0131l\u0131\u011f\u0131 garanti alt\u0131na alarak zorlu \u00e7al\u0131\u015fma ko\u015fullar\u0131nda bile uzun bir kullan\u0131m \u00f6mr\u00fc sunar.<\/li>\n<li><strong>\u00d6zelle\u015ftirme Se\u00e7enekleri<\/strong><br \/>\nFMP, \u00f6zel uygulama gereksinimlerini kar\u015f\u0131lamak i\u00e7in \u00f6zelle\u015ftirme olana\u011f\u0131 sunar. Di\u015fli oranlar\u0131nda, montaj konfig\u00fcrasyonlar\u0131nda veya di\u011fer teknik \u00f6zelliklerde ayarlamalara ihtiyac\u0131n\u0131z varsa, FMP-1ZS-380 benzersiz ihtiya\u00e7lar\u0131n\u0131za uyacak \u015fekilde uyarlanabilir.<\/li>\n<li><strong>Kolay Bak\u0131m<\/strong><br \/>\n\u015eanz\u0131man, bak\u0131m\u0131 kolay olacak \u015fekilde tasarlanm\u0131\u015ft\u0131r. Kullan\u0131c\u0131 dostu yap\u0131s\u0131, h\u0131zl\u0131 ve kolay bak\u0131m sa\u011flayarak ar\u0131za s\u00fcrelerini azalt\u0131r ve operat\u00f6rlerin minimum \u00e7abayla optimum performans\u0131 korumas\u0131n\u0131 sa\u011flar.<\/li>\n<li><strong>D\u00fc\u015f\u00fck G\u00fcr\u00fclt\u00fc ve Titre\u015fim<\/strong><br \/>\nFMP-1ZS-380, daha sessiz \u00e7al\u0131\u015fma sa\u011flamak i\u00e7in g\u00fcr\u00fclt\u00fc azalt\u0131c\u0131 \u00f6zelliklerle tasarlanm\u0131\u015ft\u0131r. Bu sayede, \u00e7im bi\u00e7me makinesi b\u0131\u00e7aklar\u0131na etkili g\u00fc\u00e7 aktar\u0131m\u0131 sa\u011flarken g\u00fcr\u00fclt\u00fc seviyelerinin minimumda tutulmas\u0131 gereken ortamlar i\u00e7in idealdir.<\/li>\n<li><strong>Kompakt ve Hafif Tasar\u0131m<\/strong><br \/>\nFMP-1ZS-380, g\u00fc\u00e7l\u00fc performans\u0131na ra\u011fmen kompakt ve hafif bir tasar\u0131ma sahiptir. Bu sayede, gereksiz a\u011f\u0131rl\u0131k eklemeden \u00e7e\u015fitli bi\u00e7me makinesi modellerine kolayca entegre edilebilir, manevra kabiliyetini ve kullan\u0131m kolayl\u0131\u011f\u0131n\u0131 art\u0131r\u0131r.<\/li>\n<li><strong>Hassas M\u00fchendislik<\/strong><br \/>\nS\u0131k\u0131 kalite kontrol standartlar\u0131yla \u00fcretilen FMP-1ZS-380, bo\u015fluklar\u0131 azaltan ve genel performans\u0131 art\u0131ran hassas tasar\u0131ml\u0131 di\u015flilere sahiptir. Bu, daha ak\u0131c\u0131 bir \u00e7al\u0131\u015fma sa\u011flayarak bi\u00e7me sonu\u00e7lar\u0131n\u0131n kalitesini art\u0131r\u0131r.<\/li>\n<\/ol>\n<p>\u00d6zetle, FMP-1ZS-380 \u00e7im bi\u00e7me makinesi \u015fanz\u0131man\u0131 y\u00fcksek performans, dayan\u0131kl\u0131l\u0131k, bak\u0131m kolayl\u0131\u011f\u0131 ve \u00f6zelle\u015ftirme se\u00e7eneklerini bir araya getirerek hem konut hem de ticari bi\u00e7me uygulamalar\u0131 i\u00e7in en iyi se\u00e7im haline geliyor.<\/p>\n<p><img loading=\"lazy\" decoding=\"async\" class=\"alignnone size-full wp-image-1994\" src=\"https:\/\/fmp-components.com\/wp-content\/uploads\/2024\/12\/Lawn-Mower-Gearbox-7.webp\" alt=\"\u00c7im Bi\u00e7me Makinesi \u015eanz\u0131man\u0131\" width=\"1502\" height=\"805\" title=\"\" srcset=\"https:\/\/fmp-components.com\/wp-content\/uploads\/2024\/12\/Lawn-Mower-Gearbox-7.webp 1502w, https:\/\/fmp-components.com\/wp-content\/uploads\/2024\/12\/Lawn-Mower-Gearbox-7-1280x686.webp 1280w, https:\/\/fmp-components.com\/wp-content\/uploads\/2024\/12\/Lawn-Mower-Gearbox-7-980x525.webp 980w, https:\/\/fmp-components.com\/wp-content\/uploads\/2024\/12\/Lawn-Mower-Gearbox-7-480x257.webp 480w\" sizes=\"(min-width: 0px) and (max-width: 480px) 480px, (min-width: 481px) and (max-width: 980px) 980px, (min-width: 981px) and (max-width: 1280px) 1280px, (min-width: 1281px) 1502px, 100vw\" \/><\/p>\n<h3>FMP Hakk\u0131nda<\/h3>\n<p>Merkezi \u0130talya'da bulunan FMP, tar\u0131m makineleri i\u00e7in y\u00fcksek performansl\u0131 \u015fanz\u0131manlarda uzmanla\u015fm\u0131\u015f lider bir \u00fcreticidir. Hassas m\u00fchendislik, yenilik\u00e7ilik ve g\u00fcvenilirlikle tan\u0131nan firmam\u0131z, \u00e7im bi\u00e7me makinesi \u015fanz\u0131manlar\u0131 ve PTO \u015faftlar\u0131 gibi temel bile\u015fenler de dahil olmak \u00fczere geni\u015f bir \u015fanz\u0131man yelpazesi sunmaktad\u0131r. Misyonumuz, ister bireysel \u00fcr\u00fcnler ister entegre sistemler arac\u0131l\u0131\u011f\u0131yla olsun, tar\u0131m ve end\u00fcstriyel sekt\u00f6rlerin \u00f6zel ihtiya\u00e7lar\u0131n\u0131 kar\u015f\u0131layan \u00f6zel \u00e7\u00f6z\u00fcmler sunmakt\u0131r.<\/p>\n<p>Her m\u00fc\u015fterinin kendine \u00f6zg\u00fc ihtiya\u00e7lar\u0131 oldu\u011funun bilincindeyiz ve bu nedenle \u00fcr\u00fcnlerimizi bu ihtiya\u00e7lara g\u00f6re \u00f6zelle\u015ftirme konusunda uzmanla\u015f\u0131yoruz. \u0130ster \u00f6zel bir di\u015fli kutusuna ister komple bir sisteme ihtiyac\u0131n\u0131z olsun, en etkili ve verimli \u00e7\u00f6z\u00fcmleri sunmak i\u00e7in sizinle yak\u0131n bir \u015fekilde \u00e7al\u0131\u015f\u0131yoruz. H\u0131zl\u0131 ve profesyonel yan\u0131tlar\u0131m\u0131z, uzman tavsiyeleriyle birle\u015ferek her sorunun \u00f6zenle ve hassasiyetle ele al\u0131nmas\u0131n\u0131 sa\u011flar.<\/p>\n<p>FMP olarak, \u00f6zellikle yeni \u00fcr\u00fcnler geli\u015ftirirken a\u00e7\u0131k ileti\u015fim ve i\u015f birli\u011fine \u00f6ncelik veriyoruz. Ekibimiz, m\u00fc\u015fterilerimizin zorluklar\u0131n\u0131 anlamak ve en uygun \u00e7\u00f6z\u00fcmlere ula\u015fmalar\u0131n\u0131 sa\u011flayacak i\u00e7g\u00f6r\u00fcler sunmak i\u00e7in onlarla birlikte \u00e7al\u0131\u015f\u0131r. \u0130ster yeni geli\u015ftirmeler ister mevcut sipari\u015fler olsun, y\u00fcksek kaliteli ve hassas m\u00fchendislikle \u00fcretilmi\u015f \u00fcr\u00fcnleri zaman\u0131nda teslim etmeye kararl\u0131y\u0131z.<\/p>\n<p>Kalite, FMP'nin faaliyetlerinin merkezinde yer al\u0131r. \u00dcretim s\u00fcre\u00e7lerimiz en y\u00fcksek standartlara uygun olarak, do\u011fruluk ve s\u0131f\u0131r hata garantisi sunar. Titiz kalite kontrol sistemimiz, her \u00fcr\u00fcn\u00fcn sekt\u00f6r standartlar\u0131n\u0131 kar\u015f\u0131lamas\u0131n\u0131 veya a\u015fmas\u0131n\u0131 garanti eder. Kaliteye olan bu ba\u011fl\u0131l\u0131\u011f\u0131m\u0131z, d\u00fcr\u00fcstl\u00fck, ekip \u00e7al\u0131\u015fmas\u0131 ve azim gibi temel de\u011ferlerimizle birle\u015ferek, yakla\u015f\u0131k 30 \u00fclkedeki m\u00fc\u015fterilerimizle g\u00fc\u00e7l\u00fc ili\u015fkiler kurmam\u0131z\u0131 sa\u011flam\u0131\u015ft\u0131r.<\/p>\n<p>FMP, uzman tavsiyeleri ve \u00f6zelle\u015ftirilmi\u015f \u00e7\u00f6z\u00fcmler sunarak k\u00fcresel ortakl\u0131klara her zaman a\u00e7\u0131kt\u0131r. Yakla\u015f\u0131m\u0131m\u0131z yaln\u0131zca \u00fcr\u00fcn sunman\u0131n \u00f6tesine ge\u00e7er; kar\u015f\u0131l\u0131kl\u0131 ba\u015far\u0131y\u0131 te\u015fvik eden uzun vadeli ili\u015fkiler kurmay\u0131 hedefleriz. \u0130ster yeni \u00e7\u00f6z\u00fcmlere ister mevcut sistemleriniz i\u00e7in deste\u011fe ihtiyac\u0131n\u0131z olsun, FMP teknik zorluklar\u0131n\u0131z\u0131 ele almaya ve s\u00fcrekli ba\u015far\u0131y\u0131 sa\u011flamaya kendini adam\u0131\u015ft\u0131r.<\/p>\n<p><img loading=\"lazy\" decoding=\"async\" class=\"alignnone size-full wp-image-1861\" src=\"https:\/\/fmp-components.com\/wp-content\/uploads\/2024\/12\/Other-Agricultural-Gearboxes.webp\" sizes=\"(min-width: 0px) and (max-width: 480px) 480px, (min-width: 481px) and (max-width: 980px) 980px, (min-width: 981px) 1200px, 100vw\" srcset=\"https:\/\/fmp-components.com\/wp-content\/uploads\/2024\/12\/Other-Agricultural-Gearboxes.webp 1200w, https:\/\/fmp-components.com\/wp-content\/uploads\/2024\/12\/Other-Agricultural-Gearboxes-980x1143.webp 980w, https:\/\/fmp-components.com\/wp-content\/uploads\/2024\/12\/Other-Agricultural-Gearboxes-480x560.webp 480w\" alt=\"Altri-cambi-agricoli\" width=\"1200\" height=\"1400\" title=\"\"><\/p>\n<p>Yazar: CX<\/p>","protected":false},"excerpt":{"rendered":"<p>FMP-1ZS-380 Lawn Mower Gearbox Specification ITEM FMP-1ZS-380 Lawn Mower Gearbox Ratio 1:1.24 Teeth 21\/17\/17\/17 Module 7.0 Power\uff08HP\uff09 100 Rated Input 540rpm Input\/Output description \u00a0Spline Weight\uff08N.W\uff09 42.5Kg Advantages of FMP-1ZS-380 Lawn Mower Gearbox High Performance &amp; Efficiency The FMP-1ZS-380 lawn mower gearbox is designed for optimal power transmission, ensuring that the mower operates at peak efficiency. [&hellip;]<\/p>","protected":false},"featured_media":2005,"comment_status":"open","ping_status":"closed","template":"","meta":{"_et_pb_use_builder":"","_et_pb_old_content":"","_et_gb_content_width":""},"product_brand":[],"product_cat":[52],"product_tag":[],"class_list":{"0":"post-1999","1":"product","2":"type-product","3":"status-publish","4":"has-post-thumbnail","6":"product_cat-lawn-mower-gearbox","8":"first","9":"instock","10":"shipping-taxable","11":"product-type-simple"},"_links":{"self":[{"href":"https:\/\/fmp-components.com\/tr\/wp-json\/wp\/v2\/product\/1999","targetHints":{"allow":["GET"]}}],"collection":[{"href":"https:\/\/fmp-components.com\/tr\/wp-json\/wp\/v2\/product"}],"about":[{"href":"https:\/\/fmp-components.com\/tr\/wp-json\/wp\/v2\/types\/product"}],"replies":[{"embeddable":true,"href":"https:\/\/fmp-components.com\/tr\/wp-json\/wp\/v2\/comments?post=1999"}],"wp:featuredmedia":[{"embeddable":true,"href":"https:\/\/fmp-components.com\/tr\/wp-json\/wp\/v2\/media\/2005"}],"wp:attachment":[{"href":"https:\/\/fmp-components.com\/tr\/wp-json\/wp\/v2\/media?parent=1999"}],"wp:term":[{"taxonomy":"product_brand","embeddable":true,"href":"https:\/\/fmp-components.com\/tr\/wp-json\/wp\/v2\/product_brand?post=1999"},{"taxonomy":"product_cat","embeddable":true,"href":"https:\/\/fmp-components.com\/tr\/wp-json\/wp\/v2\/product_cat?post=1999"},{"taxonomy":"product_tag","embeddable":true,"href":"https:\/\/fmp-components.com\/tr\/wp-json\/wp\/v2\/product_tag?post=1999"}],"curies":[{"name":"wp","href":"https:\/\/api.w.org\/{rel}","templated":true}]}}