{"id":1993,"date":"2024-12-26T08:39:30","date_gmt":"2024-12-26T08:39:30","guid":{"rendered":"https:\/\/fmp-components.com\/?page_id=8"},"modified":"2024-12-26T08:43:04","modified_gmt":"2024-12-26T08:43:04","slug":"agricultural-lawn-mower-gearbox-fmp-966109","status":"publish","type":"product","link":"https:\/\/fmp-components.com\/tr\/product\/agricultural-lawn-mower-gearbox-fmp-966109\/","title":{"rendered":"Tar\u0131m \u00c7im Bi\u00e7me Makinesi \u015eanz\u0131man FMP-966109"},"content":{"rendered":"<h2>Tar\u0131m \u00c7im Bi\u00e7me Makinesi \u015eanz\u0131man\u0131 FMP-966109 Teknik \u00d6zellikleri<\/h2>\n<p><img loading=\"lazy\" decoding=\"async\" class=\"size-full wp-image-1997 alignleft\" src=\"https:\/\/fmp-components.com\/wp-content\/uploads\/2024\/12\/fmp_agricultural-gearbox-HC-GS4RC-2-1.webp\" alt=\"fmp_tar\u0131m-\u015fanz\u0131man\u0131-HC-GS4RC-2-1\" width=\"506\" height=\"640\" title=\"\" srcset=\"https:\/\/fmp-components.com\/wp-content\/uploads\/2024\/12\/fmp_agricultural-gearbox-HC-GS4RC-2-1.webp 506w, https:\/\/fmp-components.com\/wp-content\/uploads\/2024\/12\/fmp_agricultural-gearbox-HC-GS4RC-2-1-480x607.webp 480w\" sizes=\"(min-width: 0px) and (max-width: 480px) 480px, (min-width: 481px) 506px, 100vw\" \/><img loading=\"lazy\" decoding=\"async\" class=\"wp-image-1996 aligncenter\" src=\"https:\/\/fmp-components.com\/wp-content\/uploads\/2024\/12\/FMP_agricultural-gearbox-HC-966109.webp\" alt=\"FMP_tar\u0131msal-di\u015fli kutusu-HC-966109\" width=\"383\" height=\"383\" title=\"\" srcset=\"https:\/\/fmp-components.com\/wp-content\/uploads\/2024\/12\/FMP_agricultural-gearbox-HC-966109.webp 400w, https:\/\/fmp-components.com\/wp-content\/uploads\/2024\/12\/FMP_agricultural-gearbox-HC-966109-300x300.webp 300w, https:\/\/fmp-components.com\/wp-content\/uploads\/2024\/12\/FMP_agricultural-gearbox-HC-966109-150x150.webp 150w, https:\/\/fmp-components.com\/wp-content\/uploads\/2024\/12\/FMP_agricultural-gearbox-HC-966109-12x12.webp 12w, https:\/\/fmp-components.com\/wp-content\/uploads\/2024\/12\/FMP_agricultural-gearbox-HC-966109-100x100.webp 100w\" sizes=\"(max-width: 383px) 100vw, 383px\" \/><\/p>\n<table style=\"width: 92.3941%; height: 221px;\" border=\"1\">\n<tbody>\n<tr>\n<td style=\"width: 31.5789%;\"><strong>\u00d6\u011eE<\/strong><\/td>\n<td style=\"width: 67.7193%;\">FMP-966109<\/td>\n<\/tr>\n<tr>\n<td style=\"width: 31.5789%;\"><strong>Oran<\/strong><\/td>\n<td style=\"width: 67.7193%;\">1:1.47\/1:1.93<\/td>\n<\/tr>\n<tr>\n<td style=\"width: 31.5789%;\"><strong>Di\u015fler<\/strong><\/td>\n<td style=\"width: 67.7193%;\">13\/19 14\/27<\/td>\n<\/tr>\n<tr>\n<td style=\"width: 31.5789%;\"><strong>Mod\u00fcl<\/strong><\/td>\n<td style=\"width: 67.7193%;\">\u00a07.0 \/5.5<\/td>\n<\/tr>\n<tr>\n<td style=\"width: 31.5789%;\"><strong>G\u00fc\u00e7 (HP)<\/strong><\/td>\n<td style=\"width: 67.7193%;\">60<\/td>\n<\/tr>\n<tr>\n<td style=\"width: 31.5789%;\"><strong>Anma Giri\u015fi<\/strong><\/td>\n<td style=\"width: 67.7193%;\">540 devir\/dakika<\/td>\n<\/tr>\n<tr>\n<td style=\"width: 31.5789%;\"><strong>Giri\u015f\/\u00c7\u0131k\u0131\u015f A\u00e7\u0131klamas\u0131<\/strong><\/td>\n<td style=\"width: 67.7193%;\">\u00a01 3\/8 Z6\/1 3\/4 Z20 Optik eksen 1 Konik kama<\/td>\n<\/tr>\n<tr>\n<td style=\"width: 31.5789%;\"><strong>A\u011f\u0131rl\u0131k (KB)<\/strong><\/td>\n<td style=\"width: 67.7193%;\">29kg<\/td>\n<\/tr>\n<\/tbody>\n<\/table>\n<h2>\u00c7im Bi\u00e7me Makinesi \u015eanz\u0131man Par\u00e7alar\u0131 Tasar\u0131m\u0131<\/h2>\n<p><img loading=\"lazy\" decoding=\"async\" class=\"alignnone size-full wp-image-1995\" src=\"https:\/\/fmp-components.com\/wp-content\/uploads\/2024\/12\/Lawn-Mower-Gearbox-Parts-Design.webp\" alt=\"\u00c7im Bi\u00e7me Makinesi \u015eanz\u0131man\u0131\" width=\"1000\" height=\"614\" title=\"\" srcset=\"https:\/\/fmp-components.com\/wp-content\/uploads\/2024\/12\/Lawn-Mower-Gearbox-Parts-Design.webp 1000w, https:\/\/fmp-components.com\/wp-content\/uploads\/2024\/12\/Lawn-Mower-Gearbox-Parts-Design-980x602.webp 980w, https:\/\/fmp-components.com\/wp-content\/uploads\/2024\/12\/Lawn-Mower-Gearbox-Parts-Design-480x295.webp 480w\" sizes=\"(min-width: 0px) and (max-width: 480px) 480px, (min-width: 481px) and (max-width: 980px) 980px, (min-width: 981px) 1000px, 100vw\" \/><\/p>\n<h3>Tar\u0131m \u00c7im Bi\u00e7me Makinesi \u015eanz\u0131man \u00d6zellikleri<\/h3>\n<ol>\n<li><strong>\u00d6zelle\u015ftirilebilir \u0130letim Oranlar\u0131<\/strong>\u0130htiya\u00e7lar\u0131n\u0131za \u00f6zel olarak tasarlanm\u0131\u015f \u00e7e\u015fitli \u015fanz\u0131man oranlar\u0131 sunuyoruz.<\/li>\n<li><strong>Profesyonel Kalite Kontrol\u00fc<\/strong>Kalite kontrol departman\u0131m\u0131z, her bir di\u015fli kutusunda hassas boyutlar, minimum bo\u015fluk ve d\u00fc\u015f\u00fck g\u00fcr\u00fclt\u00fc seviyeleri sa\u011flamak i\u00e7in geli\u015fmi\u015f denetim ekipmanlar\u0131 kullanmaktad\u0131r.<\/li>\n<li><strong>ODM ve OEM Yetenekleri<\/strong>Teknoloji departman\u0131m\u0131z, benzersiz gereksinimlerinize g\u00f6re \u00f6zel \u015fanz\u0131manlar tasarlama ve geli\u015ftirme konusunda donan\u0131ml\u0131d\u0131r ve hem Orijinal Tasar\u0131m \u00dcreticisi (ODM) hem de Orijinal Ekipman \u00dcreticisi (OEM) hizmetleri sunmaktad\u0131r.<\/li>\n<li><strong>Garanti S\u00fcresi<\/strong>\u00dcr\u00fcnlerimizin uzun \u00f6m\u00fcrl\u00fc ve g\u00fcvenilir olmas\u0131n\u0131 sa\u011flamak i\u00e7in 1,5 ila 2 y\u0131l aras\u0131nda garanti s\u00fcresi sunuyoruz.<\/li>\n<li><strong>Kapsaml\u0131 Deneyim<\/strong>20 y\u0131l\u0131 a\u015fk\u0131n sekt\u00f6r deneyimimizle, di\u015fli kutular\u0131m\u0131z g\u00fcvenlik, g\u00fcvenilirlik, maliyet etkinli\u011fi ve dayan\u0131kl\u0131l\u0131klar\u0131yla tan\u0131nmaktad\u0131r.<\/li>\n<li><strong>Titiz Paketleme ve Teslimat Kontrol\u00fc<\/strong>T\u00fcm \u00e7al\u0131\u015fanlar\u0131m\u0131z en y\u00fcksek kalite standartlar\u0131n\u0131n kar\u015f\u0131lanmas\u0131n\u0131 sa\u011flamak i\u00e7in son derece iyi e\u011fitilmi\u015ftir. Her \u015fanz\u0131man, kusursuz performans garantisi i\u00e7in sevkiyat \u00f6ncesinde 100% denetiminden ge\u00e7er.<\/li>\n<\/ol>\n<p>\u0130htiya\u00e7lar\u0131n\u0131z\u0131 kar\u015f\u0131lamak i\u00e7in ola\u011fan\u00fcst\u00fc tasar\u0131mlar, profesyonel kalite kontrol\u00fc, rekabet\u00e7i fiyatlar ve m\u00fckemmel m\u00fc\u015fteri hizmeti sunmaya kararl\u0131y\u0131z.<\/p>\n<p><img loading=\"lazy\" decoding=\"async\" class=\"alignnone size-full wp-image-1994\" src=\"https:\/\/fmp-components.com\/wp-content\/uploads\/2024\/12\/Lawn-Mower-Gearbox-7.webp\" alt=\"\u00c7im Bi\u00e7me Makinesi \u015eanz\u0131man\u0131\" width=\"1502\" height=\"805\" title=\"\" srcset=\"https:\/\/fmp-components.com\/wp-content\/uploads\/2024\/12\/Lawn-Mower-Gearbox-7.webp 1502w, https:\/\/fmp-components.com\/wp-content\/uploads\/2024\/12\/Lawn-Mower-Gearbox-7-1280x686.webp 1280w, https:\/\/fmp-components.com\/wp-content\/uploads\/2024\/12\/Lawn-Mower-Gearbox-7-980x525.webp 980w, https:\/\/fmp-components.com\/wp-content\/uploads\/2024\/12\/Lawn-Mower-Gearbox-7-480x257.webp 480w\" sizes=\"(min-width: 0px) and (max-width: 480px) 480px, (min-width: 481px) and (max-width: 980px) 980px, (min-width: 981px) and (max-width: 1280px) 1280px, (min-width: 1281px) 1502px, 100vw\" \/><\/p>\n<h3>FMP Hakk\u0131nda<\/h3>\n<p>Merkezi \u0130talya'da bulunan FMP, tar\u0131m makineleri i\u00e7in y\u00fcksek performansl\u0131 \u015fanz\u0131manlarda uzmanla\u015fm\u0131\u015f lider bir \u00fcreticidir. Hassas m\u00fchendislik, yenilik\u00e7ilik ve g\u00fcvenilirlikle tan\u0131nan firmam\u0131z, \u00e7im bi\u00e7me makinesi \u015fanz\u0131manlar\u0131 ve PTO \u015faftlar\u0131 gibi temel bile\u015fenler de dahil olmak \u00fczere geni\u015f bir \u015fanz\u0131man yelpazesi sunmaktad\u0131r. Misyonumuz, ister bireysel \u00fcr\u00fcnler ister entegre sistemler arac\u0131l\u0131\u011f\u0131yla olsun, tar\u0131m ve end\u00fcstriyel sekt\u00f6rlerin \u00f6zel ihtiya\u00e7lar\u0131n\u0131 kar\u015f\u0131layan \u00f6zel \u00e7\u00f6z\u00fcmler sunmakt\u0131r.<\/p>\n<p>Her m\u00fc\u015fterinin kendine \u00f6zg\u00fc ihtiya\u00e7lar\u0131 oldu\u011funun bilincindeyiz ve bu nedenle \u00fcr\u00fcnlerimizi bu ihtiya\u00e7lara g\u00f6re \u00f6zelle\u015ftirme konusunda uzmanla\u015f\u0131yoruz. \u0130ster \u00f6zel bir di\u015fli kutusuna ister komple bir sisteme ihtiyac\u0131n\u0131z olsun, en etkili ve verimli \u00e7\u00f6z\u00fcmleri sunmak i\u00e7in sizinle yak\u0131n bir \u015fekilde \u00e7al\u0131\u015f\u0131yoruz. H\u0131zl\u0131 ve profesyonel yan\u0131tlar\u0131m\u0131z, uzman tavsiyeleriyle birle\u015ferek her sorunun \u00f6zenle ve hassasiyetle ele al\u0131nmas\u0131n\u0131 sa\u011flar.<\/p>\n<p>FMP olarak, \u00f6zellikle yeni \u00fcr\u00fcnler geli\u015ftirirken a\u00e7\u0131k ileti\u015fim ve i\u015f birli\u011fine \u00f6ncelik veriyoruz. Ekibimiz, m\u00fc\u015fterilerimizin zorluklar\u0131n\u0131 anlamak ve en uygun \u00e7\u00f6z\u00fcmlere ula\u015fmalar\u0131n\u0131 sa\u011flayacak i\u00e7g\u00f6r\u00fcler sunmak i\u00e7in onlarla birlikte \u00e7al\u0131\u015f\u0131r. \u0130ster yeni geli\u015ftirmeler ister mevcut sipari\u015fler olsun, y\u00fcksek kaliteli ve hassas m\u00fchendislikle \u00fcretilmi\u015f \u00fcr\u00fcnleri zaman\u0131nda teslim etmeye kararl\u0131y\u0131z.<\/p>\n<p>Kalite, FMP'nin faaliyetlerinin merkezinde yer al\u0131r. \u00dcretim s\u00fcre\u00e7lerimiz en y\u00fcksek standartlara uygun olarak, do\u011fruluk ve s\u0131f\u0131r hata garantisi sunar. Titiz kalite kontrol sistemimiz, her \u00fcr\u00fcn\u00fcn sekt\u00f6r standartlar\u0131n\u0131 kar\u015f\u0131lamas\u0131n\u0131 veya a\u015fmas\u0131n\u0131 garanti eder. Kaliteye olan bu ba\u011fl\u0131l\u0131\u011f\u0131m\u0131z, d\u00fcr\u00fcstl\u00fck, ekip \u00e7al\u0131\u015fmas\u0131 ve azim gibi temel de\u011ferlerimizle birle\u015ferek, yakla\u015f\u0131k 30 \u00fclkedeki m\u00fc\u015fterilerimizle g\u00fc\u00e7l\u00fc ili\u015fkiler kurmam\u0131z\u0131 sa\u011flam\u0131\u015ft\u0131r.<\/p>\n<p>FMP, uzman tavsiyeleri ve \u00f6zelle\u015ftirilmi\u015f \u00e7\u00f6z\u00fcmler sunarak k\u00fcresel ortakl\u0131klara her zaman a\u00e7\u0131kt\u0131r. Yakla\u015f\u0131m\u0131m\u0131z yaln\u0131zca \u00fcr\u00fcn sunman\u0131n \u00f6tesine ge\u00e7er; kar\u015f\u0131l\u0131kl\u0131 ba\u015far\u0131y\u0131 te\u015fvik eden uzun vadeli ili\u015fkiler kurmay\u0131 hedefleriz. \u0130ster yeni \u00e7\u00f6z\u00fcmlere ister mevcut sistemleriniz i\u00e7in deste\u011fe ihtiyac\u0131n\u0131z olsun, FMP teknik zorluklar\u0131n\u0131z\u0131 ele almaya ve s\u00fcrekli ba\u015far\u0131y\u0131 sa\u011flamaya kendini adam\u0131\u015ft\u0131r.<\/p>\n<p><img loading=\"lazy\" decoding=\"async\" class=\"alignnone size-full wp-image-1861\" src=\"https:\/\/fmp-components.com\/wp-content\/uploads\/2024\/12\/Other-Agricultural-Gearboxes.webp\" sizes=\"(min-width: 0px) and (max-width: 480px) 480px, (min-width: 481px) and (max-width: 980px) 980px, (min-width: 981px) 1200px, 100vw\" srcset=\"https:\/\/fmp-components.com\/wp-content\/uploads\/2024\/12\/Other-Agricultural-Gearboxes.webp 1200w, https:\/\/fmp-components.com\/wp-content\/uploads\/2024\/12\/Other-Agricultural-Gearboxes-980x1143.webp 980w, https:\/\/fmp-components.com\/wp-content\/uploads\/2024\/12\/Other-Agricultural-Gearboxes-480x560.webp 480w\" alt=\"Altri-cambi-agricoli\" width=\"1200\" height=\"1400\" title=\"\"><\/p>\n<p>Yazar: CX<\/p>","protected":false},"excerpt":{"rendered":"<p>Agricultural Lawn Mower Gearbox FMP-966109 Specification ITEM FMP-966109 Ratio 1:1.47\/1:1.93 Teeth 13\/19 14\/27 Module \u00a07.0 \/5.5 Power(HP) 60 Rated Input 540rpm Input\/Output Description \u00a01 3\/8 Z6\/1 3\/4 Z20 Optic ax1 Taper spline Weight(N.W) 29KG Lawn Mower Gearbox Parts Design Agricultural Lawnmower Gearbox Features Customizable Transmission Ratios: We offer a variety of transmission ratios tailored to [&hellip;]<\/p>","protected":false},"featured_media":1996,"comment_status":"open","ping_status":"closed","template":"","meta":{"_et_pb_use_builder":"","_et_pb_old_content":"","_et_gb_content_width":""},"product_brand":[],"product_cat":[52],"product_tag":[],"class_list":{"0":"post-1993","1":"product","2":"type-product","3":"status-publish","4":"has-post-thumbnail","6":"product_cat-lawn-mower-gearbox","8":"first","9":"instock","10":"shipping-taxable","11":"product-type-simple"},"_links":{"self":[{"href":"https:\/\/fmp-components.com\/tr\/wp-json\/wp\/v2\/product\/1993","targetHints":{"allow":["GET"]}}],"collection":[{"href":"https:\/\/fmp-components.com\/tr\/wp-json\/wp\/v2\/product"}],"about":[{"href":"https:\/\/fmp-components.com\/tr\/wp-json\/wp\/v2\/types\/product"}],"replies":[{"embeddable":true,"href":"https:\/\/fmp-components.com\/tr\/wp-json\/wp\/v2\/comments?post=1993"}],"wp:featuredmedia":[{"embeddable":true,"href":"https:\/\/fmp-components.com\/tr\/wp-json\/wp\/v2\/media\/1996"}],"wp:attachment":[{"href":"https:\/\/fmp-components.com\/tr\/wp-json\/wp\/v2\/media?parent=1993"}],"wp:term":[{"taxonomy":"product_brand","embeddable":true,"href":"https:\/\/fmp-components.com\/tr\/wp-json\/wp\/v2\/product_brand?post=1993"},{"taxonomy":"product_cat","embeddable":true,"href":"https:\/\/fmp-components.com\/tr\/wp-json\/wp\/v2\/product_cat?post=1993"},{"taxonomy":"product_tag","embeddable":true,"href":"https:\/\/fmp-components.com\/tr\/wp-json\/wp\/v2\/product_tag?post=1993"}],"curies":[{"name":"wp","href":"https:\/\/api.w.org\/{rel}","templated":true}]}}