{"id":1983,"date":"2024-12-26T07:51:14","date_gmt":"2024-12-26T07:51:14","guid":{"rendered":"https:\/\/fmp-components.com\/?page_id=8"},"modified":"2024-12-30T02:49:27","modified_gmt":"2024-12-30T02:49:27","slug":"fmp-ag135-lawnmower-135-deg-gearbox-11-for-agricultural","status":"publish","type":"product","link":"https:\/\/fmp-components.com\/tr\/product\/fmp-ag135-lawnmower-135-deg-gearbox-11-for-agricultural\/","title":{"rendered":"FMP-AG135 \u00c7im Bi\u00e7me Makinesi 135 derece di\u015fli kutusu 1:1 Tar\u0131msal"},"content":{"rendered":"<h2>FMP-AG135 \u00c7im Bi\u00e7me Makinesi 135 derece di\u015fli kutusu 1:1 Tar\u0131msal \u00d6zelliklere Uygun<\/h2>\n<p><img loading=\"lazy\" decoding=\"async\" class=\"alignnone wp-image-1984\" src=\"https:\/\/fmp-components.com\/wp-content\/uploads\/2024\/12\/fmp_agricultural-gearbox-HC-AG135-1.webp\" alt=\"fmp_tar\u0131msal-di\u015fli kutusu-HC-AG135\" width=\"919\" height=\"548\" title=\"\" srcset=\"https:\/\/fmp-components.com\/wp-content\/uploads\/2024\/12\/fmp_agricultural-gearbox-HC-AG135-1.webp 919w, https:\/\/fmp-components.com\/wp-content\/uploads\/2024\/12\/fmp_agricultural-gearbox-HC-AG135-1-480x286.webp 480w\" sizes=\"(min-width: 0px) and (max-width: 480px) 480px, (min-width: 481px) 919px, 100vw\" \/><\/p>\n<table style=\"width: 99.0594%; height: 184px;\" border=\"1\">\n<tbody>\n<tr style=\"height: 23px;\">\n<td style=\"height: 23px;\">\u00d6\u011eE<\/td>\n<td style=\"height: 23px;\">FMP-AG135 135 derece di\u015fli kutusu<\/td>\n<\/tr>\n<tr style=\"height: 23px;\">\n<td style=\"height: 23px;\">Oran<\/td>\n<td style=\"height: 23px;\">1:1<\/td>\n<\/tr>\n<tr style=\"height: 23px;\">\n<td style=\"height: 23px;\">Di\u015fler<\/td>\n<td style=\"height: 23px;\">20\/20<\/td>\n<\/tr>\n<tr style=\"height: 23px;\">\n<td style=\"height: 23px;\">Mod\u00fcl<\/td>\n<td style=\"height: 23px;\">6.0<\/td>\n<\/tr>\n<tr style=\"height: 23px;\">\n<td style=\"height: 23px;\">G\u00fc\u00e7 (HP)<\/td>\n<td style=\"height: 23px;\">50<\/td>\n<\/tr>\n<tr style=\"height: 23px;\">\n<td style=\"height: 23px;\">Anma Giri\u015fi<\/td>\n<td style=\"height: 23px;\">540 devir\/dakika<\/td>\n<\/tr>\n<tr style=\"height: 23px;\">\n<td style=\"height: 23px;\">Giri\u015f\/\u00c7\u0131k\u0131\u015f a\u00e7\u0131klamas\u0131<\/td>\n<td style=\"height: 23px;\">\u00a01 3\/8 Z6 Konik tabanl\u0131 aequilate Spline \u015eaft<\/td>\n<\/tr>\n<tr style=\"height: 23px;\">\n<td style=\"height: 23px;\">A\u011f\u0131rl\u0131k (KB)<\/td>\n<td style=\"height: 23px;\">16,5 kg<\/td>\n<\/tr>\n<\/tbody>\n<\/table>\n<h3>\u00c7im Bi\u00e7me Makinesi \u015eanz\u0131man\u0131n\u0131n \u00d6zellikleri<\/h3>\n<p>\u00c7im bi\u00e7me makinesi di\u015fli kutular\u0131, kesme b\u0131\u00e7aklar\u0131n\u0131 \u00e7al\u0131\u015ft\u0131ran ve bi\u00e7me makinesinin verimli ve tutarl\u0131 \u00e7al\u0131\u015fmas\u0131n\u0131 sa\u011flayan temel bile\u015fenlerdir. Bu di\u015fli kutular\u0131n\u0131 \u00e7e\u015fitli bi\u00e7me uygulamalar\u0131nda etkili ve g\u00fcvenilir k\u0131lan temel \u00f6zellikler \u015funlard\u0131r:<\/p>\n<h4>Dayan\u0131kl\u0131l\u0131k ve Sa\u011flaml\u0131k<\/h4>\n<p>\u00c7im bi\u00e7me makinesi \u015fanz\u0131manlar\u0131, d\u0131\u015f mekanlarda ihtiya\u00e7 duyulan a\u011f\u0131r y\u00fcklere ve s\u00fcrekli \u00e7al\u0131\u015fmaya dayanacak \u015fekilde tasarlanm\u0131\u015ft\u0131r. Sertle\u015ftirilmi\u015f \u00e7elik gibi y\u00fcksek kaliteli malzemelerden \u00fcretilen \u015fanz\u0131manlar, uzun \u00f6m\u00fcrl\u00fc olacak ve a\u015f\u0131nma ve y\u0131pranmaya kar\u015f\u0131 diren\u00e7 g\u00f6sterecek \u015fekilde \u00fcretilmi\u015ftir ve zorlu ko\u015fullarda bile uzun s\u00fcreli g\u00fcvenilirlik sa\u011flar.<\/p>\n<h4>Hassas Di\u015fli Tasar\u0131m\u0131<\/h4>\n<p>Bu \u015fanz\u0131manlar, bi\u00e7me makinesi b\u0131\u00e7aklar\u0131na p\u00fcr\u00fczs\u00fcz ve verimli g\u00fc\u00e7 aktar\u0131m\u0131 sa\u011flayan incelikle tasarlanm\u0131\u015f di\u015flilere sahiptir. Hassas tasar\u0131m, minimum s\u00fcrt\u00fcnme sa\u011flayarak enerji kayb\u0131n\u0131 azalt\u0131r ve kesme sisteminin performans\u0131n\u0131 art\u0131rarak daha temiz kesimler ve daha d\u00fc\u015f\u00fck yak\u0131t t\u00fcketimi sa\u011flar.<\/p>\n<h4>Y\u00fcksek Tork Kapasitesi<\/h4>\n<p>\u00c7im bi\u00e7me makinesi \u015fanz\u0131manlar\u0131, bi\u00e7me makinesi b\u0131\u00e7aklar\u0131n\u0131 etkili bir \u015fekilde \u00e7al\u0131\u015ft\u0131rmak i\u00e7in gereken y\u00fcksek tork seviyelerini kar\u015f\u0131layacak \u015fekilde tasarlanm\u0131\u015ft\u0131r. \u0130ster d\u00f6ner bi\u00e7me makineleri ister end\u00fcstriyel s\u0131n\u0131f modeller olsun, bu \u015fanz\u0131manlar gerekli g\u00fcc\u00fc verimli bir \u015fekilde aktararak b\u0131\u00e7aklar\u0131n kal\u0131n \u00e7imleri, yabani otlar\u0131 ve di\u011fer zorlu bitkileri kesmesini sa\u011flar.<\/p>\n<h4>Kompakt ve Hafif<\/h4>\n<p>\u00c7im bi\u00e7me makinesi \u015fanz\u0131manlar\u0131, dayan\u0131kl\u0131l\u0131klar\u0131na ve g\u00fc\u00e7lerine ra\u011fmen kompakt ve hafif olacak \u015fekilde tasarlanm\u0131\u015ft\u0131r. Bu sayede, ekipmana gereksiz a\u011f\u0131rl\u0131k eklemeden kurulumlar\u0131, bak\u0131mlar\u0131 ve \u00e7al\u0131\u015ft\u0131rmalar\u0131 daha kolay hale gelir ve bu da manevra kabiliyetini ve yak\u0131t verimlili\u011fini art\u0131rabilir.<\/p>\n<h4>Korozyon ve Hava Ko\u015fullar\u0131na Dayan\u0131kl\u0131l\u0131k<\/h4>\n<p>\u00c7im bi\u00e7me makineleri genellikle d\u0131\u015f mekanlarda kullan\u0131ld\u0131\u011f\u0131ndan, di\u015fli kutular\u0131 pas ve korozyonu \u00f6nleyen \u00f6zelliklerle donat\u0131lm\u0131\u015ft\u0131r. Bir\u00e7ok \u00e7im bi\u00e7me makinesi di\u015fli kutusu, ya\u011fmur, nem ve a\u015f\u0131r\u0131 s\u0131cakl\u0131klar gibi de\u011fi\u015fken hava ko\u015fullar\u0131nda optimum performans sa\u011flamak i\u00e7in koruyucu kaplamalarla kaplanm\u0131\u015f veya korozyona dayan\u0131kl\u0131 malzemelerden \u00fcretilmi\u015ftir.<\/p>\n<p>\u00c7im bi\u00e7me makinesi \u015fanz\u0131manlar\u0131, kesme sistemlerine etkili bir \u015fekilde g\u00fc\u00e7 sa\u011flamak i\u00e7in g\u00fc\u00e7, hassasiyet ve verimlili\u011fi bir araya getirir. Dayan\u0131kl\u0131l\u0131k, d\u00fc\u015f\u00fck bak\u0131m ve y\u00fcksek performans i\u00e7in tasarlanm\u0131\u015flard\u0131r ve bu da onlar\u0131 modern bi\u00e7me ekipmanlar\u0131n\u0131n vazge\u00e7ilmez bir par\u00e7as\u0131 haline getirir. \u0130ster konut ister ticari kullan\u0131m i\u00e7in olsun, do\u011fru \u015fanz\u0131man optimum bi\u00e7me performans\u0131 ve ekipman\u0131n uzun \u00f6m\u00fcrl\u00fc olmas\u0131n\u0131 sa\u011flar.<\/p>\n<p><img loading=\"lazy\" decoding=\"async\" class=\"alignnone wp-image-1985\" src=\"https:\/\/fmp-components.com\/wp-content\/uploads\/2024\/12\/Lawn-Mower-Gearbox-1-1.webp\" alt=\"\u00c7im Bi\u00e7me Makinesi \u015eanz\u0131man\u0131\" width=\"943\" height=\"630\" title=\"\" srcset=\"https:\/\/fmp-components.com\/wp-content\/uploads\/2024\/12\/Lawn-Mower-Gearbox-1-1.webp 943w, https:\/\/fmp-components.com\/wp-content\/uploads\/2024\/12\/Lawn-Mower-Gearbox-1-1-480x321.webp 480w\" sizes=\"(min-width: 0px) and (max-width: 480px) 480px, (min-width: 481px) 943px, 100vw\" \/><\/p>\n<h3>FMP Hakk\u0131nda<\/h3>\n<p>\u0130talya merkezli FMP, tar\u0131m makineleri i\u00e7in y\u00fcksek performansl\u0131 di\u015fli kutular\u0131n\u0131n tasar\u0131m\u0131, geli\u015ftirilmesi ve \u00fcretiminde uzmanla\u015fm\u0131\u015f \u00f6nde gelen bir \u00fcreticidir. Hassas m\u00fchendisli\u011fimiz, yenilik\u00e7ili\u011fimiz ve g\u00fcvenilirli\u011fimizle tan\u0131nan firmam\u0131z, \u00e7im bi\u00e7me makineleri i\u00e7in olanlar da dahil olmak \u00fczere kapsaml\u0131 bir di\u015fli kutusu yelpazesi ve PTO \u015faftlar\u0131 gibi temel bile\u015fenler sunmaktad\u0131r. Misyonumuz, ister bireysel \u00fcr\u00fcnler ister tamamen entegre sistemler arac\u0131l\u0131\u011f\u0131yla, hem tar\u0131m hem de end\u00fcstriyel sekt\u00f6rlerin \u00f6zel ihtiya\u00e7lar\u0131n\u0131 kar\u015f\u0131layan \u00f6zelle\u015ftirilmi\u015f \u00e7\u00f6z\u00fcmler sunmakt\u0131r.<\/p>\n<p>FMP olarak, her m\u00fc\u015fterinin kendine \u00f6zg\u00fc gereksinimleri oldu\u011funun bilincindeyiz ve bu, \u00fcr\u00fcnlerimizi buna g\u00f6re uyarlama konusundaki kararl\u0131l\u0131\u011f\u0131m\u0131z\u0131 besliyor. \u0130ster \u00f6zel bir di\u015fli kutusuna ister komple bir sisteme ihtiyac\u0131n\u0131z olsun, en etkili ve verimli \u00e7\u00f6z\u00fcm\u00fc sunmak i\u00e7in sizinle yak\u0131n bir \u015fekilde \u00e7al\u0131\u015f\u0131yoruz. H\u0131zl\u0131 ve profesyonel yan\u0131tlar sunmaktan gurur duyuyor, her sorunun en \u00fcst d\u00fczey uzmanl\u0131k ve ayr\u0131nt\u0131lara dikkat edilerek ele al\u0131nmas\u0131n\u0131 sa\u011fl\u0131yoruz.<\/p>\n<p>A\u00e7\u0131k ileti\u015fim ve i\u015f birli\u011fi, \u00f6zellikle yeni \u00fcr\u00fcn geli\u015ftirmede yakla\u015f\u0131m\u0131m\u0131z\u0131n temelini olu\u015fturur. Ekibimiz, m\u00fc\u015fterilerimizin zorluklar\u0131n\u0131 derinlemesine anlamak ve en uygun \u00e7\u00f6z\u00fcmlere ula\u015fmalar\u0131n\u0131 sa\u011flayacak de\u011ferli bilgiler sunmak i\u00e7in onlarla el ele \u00e7al\u0131\u015f\u0131r. Yeni \u00fcr\u00fcn geli\u015ftirmeden mevcut sipari\u015flerin kar\u015f\u0131lanmas\u0131na kadar, y\u00fcksek kaliteli, hassas m\u00fchendislikle \u00fcretilmi\u015f \u00fcr\u00fcnleri h\u0131zl\u0131 ve do\u011fru bir \u015fekilde sunmaya kararl\u0131y\u0131z.<\/p>\n<p>Kalite, yapt\u0131\u011f\u0131m\u0131z her \u015feyin merkezinde yer al\u0131r. \u00dcretim s\u00fcre\u00e7lerimiz y\u00fcksek standartlar, hassasiyet ve s\u0131f\u0131r hata ilkelerine dayanmaktad\u0131r. Her \u00fcr\u00fcn\u00fcn sekt\u00f6r standartlar\u0131n\u0131 a\u015fmas\u0131n\u0131 sa\u011flamak i\u00e7in s\u0131k\u0131 kalite kontrol \u00f6nlemleri uyguluyoruz. Kaliteye olan bu kararl\u0131 odaklanmam\u0131z, d\u00fcr\u00fcstl\u00fck, ekip \u00e7al\u0131\u015fmas\u0131 ve azim de\u011ferlerimizle birle\u015ferek, d\u00fcnya \u00e7ap\u0131nda yakla\u015f\u0131k 30 \u00fclkedeki m\u00fc\u015fterilerimizle kal\u0131c\u0131 ili\u015fkiler kurmam\u0131z\u0131 sa\u011flam\u0131\u015ft\u0131r.<\/p>\n<p>FMP, k\u00fcresel ortakl\u0131klara her zaman a\u00e7\u0131kt\u0131r ve uzman tavsiyeleri ve ki\u015fiye \u00f6zel \u00e7\u00f6z\u00fcmler sunmaya kendini adam\u0131\u015ft\u0131r. Felsefemiz, yaln\u0131zca \u00fcr\u00fcn sunman\u0131n \u00f6tesine ge\u00e7er; kar\u015f\u0131l\u0131kl\u0131 ba\u015far\u0131y\u0131 garantileyen uzun vadeli ili\u015fkiler kurmakt\u0131r. \u0130ster yeni bir proje i\u00e7in \u00e7\u00f6z\u00fcmlere ister mevcut bir sistem i\u00e7in deste\u011fe ihtiyac\u0131n\u0131z olsun, FMP teknik zorluklar\u0131n\u0131z\u0131 ele almaya ve s\u00fcrekli ba\u015far\u0131n\u0131z\u0131 sa\u011flamaya kendini adam\u0131\u015ft\u0131r.<\/p>\n<p><img loading=\"lazy\" decoding=\"async\" class=\"alignnone size-full wp-image-1861\" src=\"https:\/\/fmp-components.com\/wp-content\/uploads\/2024\/12\/Other-Agricultural-Gearboxes.webp\" sizes=\"(min-width: 0px) and (max-width: 480px) 480px, (min-width: 481px) and (max-width: 980px) 980px, (min-width: 981px) 1200px, 100vw\" srcset=\"https:\/\/fmp-components.com\/wp-content\/uploads\/2024\/12\/Other-Agricultural-Gearboxes.webp 1200w, https:\/\/fmp-components.com\/wp-content\/uploads\/2024\/12\/Other-Agricultural-Gearboxes-980x1143.webp 980w, https:\/\/fmp-components.com\/wp-content\/uploads\/2024\/12\/Other-Agricultural-Gearboxes-480x560.webp 480w\" alt=\"Altri-cambi-agricoli\" width=\"1200\" height=\"1400\" title=\"\"><\/p>\n<p>Yazar: CX<\/p>","protected":false},"excerpt":{"rendered":"<p>FMP-AG135 Lawnmower 135 deg gearbox 1:1 for Agricultural Specification ITEM FMP-AG135 135 deg gearbox Ratio 1:1 Teeth 20\/20 Module 6.0 Power\uff08HP\uff09 50 Rated Input 540rpm Input\/Output description \u00a01 3\/8 Z6 Cone base aequilate Spline Shaft Weight\uff08N.W\uff09 16.5Kg Features of Lawn Mower Gearbox Lawn mower gearboxes are essential components that drive the cutting blades, ensuring efficient [&hellip;]<\/p>","protected":false},"featured_media":2078,"comment_status":"open","ping_status":"closed","template":"","meta":{"_et_pb_use_builder":"","_et_pb_old_content":"","_et_gb_content_width":""},"product_brand":[],"product_cat":[52],"product_tag":[],"class_list":{"0":"post-1983","1":"product","2":"type-product","3":"status-publish","4":"has-post-thumbnail","6":"product_cat-lawn-mower-gearbox","8":"first","9":"instock","10":"shipping-taxable","11":"product-type-simple"},"_links":{"self":[{"href":"https:\/\/fmp-components.com\/tr\/wp-json\/wp\/v2\/product\/1983","targetHints":{"allow":["GET"]}}],"collection":[{"href":"https:\/\/fmp-components.com\/tr\/wp-json\/wp\/v2\/product"}],"about":[{"href":"https:\/\/fmp-components.com\/tr\/wp-json\/wp\/v2\/types\/product"}],"replies":[{"embeddable":true,"href":"https:\/\/fmp-components.com\/tr\/wp-json\/wp\/v2\/comments?post=1983"}],"wp:featuredmedia":[{"embeddable":true,"href":"https:\/\/fmp-components.com\/tr\/wp-json\/wp\/v2\/media\/2078"}],"wp:attachment":[{"href":"https:\/\/fmp-components.com\/tr\/wp-json\/wp\/v2\/media?parent=1983"}],"wp:term":[{"taxonomy":"product_brand","embeddable":true,"href":"https:\/\/fmp-components.com\/tr\/wp-json\/wp\/v2\/product_brand?post=1983"},{"taxonomy":"product_cat","embeddable":true,"href":"https:\/\/fmp-components.com\/tr\/wp-json\/wp\/v2\/product_cat?post=1983"},{"taxonomy":"product_tag","embeddable":true,"href":"https:\/\/fmp-components.com\/tr\/wp-json\/wp\/v2\/product_tag?post=1983"}],"curies":[{"name":"wp","href":"https:\/\/api.w.org\/{rel}","templated":true}]}}