{"id":1978,"date":"2024-12-26T07:41:22","date_gmt":"2024-12-26T07:41:22","guid":{"rendered":"https:\/\/fmp-components.com\/?page_id=8"},"modified":"2024-12-26T07:41:22","modified_gmt":"2024-12-26T07:41:22","slug":"fmp-bgb9-lawn-mower-gearbox-for-agricultural-lawn-mower","status":"publish","type":"product","link":"https:\/\/fmp-components.com\/tr\/product\/fmp-bgb9-lawn-mower-gearbox-for-agricultural-lawn-mower\/","title":{"rendered":"Tar\u0131msal \u00c7im Bi\u00e7me Makinesi i\u00e7in FMP-BGB9 \u00c7im Bi\u00e7me Makinesi \u015eanz\u0131man\u0131"},"content":{"rendered":"<p><img loading=\"lazy\" decoding=\"async\" class=\"alignnone size-full wp-image-1981\" src=\"https:\/\/fmp-components.com\/wp-content\/uploads\/2024\/12\/FMP_agricultural-gearbox-HC-LF211-1.webp\" alt=\"FMP_tar\u0131m-\u015fanz\u0131man\u0131-HC-LF211-1\" width=\"1000\" height=\"500\" title=\"\" srcset=\"https:\/\/fmp-components.com\/wp-content\/uploads\/2024\/12\/FMP_agricultural-gearbox-HC-LF211-1.webp 1000w, https:\/\/fmp-components.com\/wp-content\/uploads\/2024\/12\/FMP_agricultural-gearbox-HC-LF211-1-980x490.webp 980w, https:\/\/fmp-components.com\/wp-content\/uploads\/2024\/12\/FMP_agricultural-gearbox-HC-LF211-1-480x240.webp 480w\" sizes=\"(min-width: 0px) and (max-width: 480px) 480px, (min-width: 481px) and (max-width: 980px) 980px, (min-width: 981px) 1000px, 100vw\" \/><\/p>\n<h2>Tar\u0131m \u00c7im Bi\u00e7me Makinesi \u015eanz\u0131man \u00d6zellikleri<\/h2>\n<table style=\"width: 92.9372%; height: 200px;\" border=\"1\" cellspacing=\"0\" cellpadding=\"0\">\n<tbody>\n<tr style=\"height: 27px;\">\n<td style=\"width: 32.0166%; height: 27px;\">\u00d6\u011eE<\/td>\n<td style=\"width: 67.8794%; height: 27px;\">FMP-BGB9 \u00c7im bi\u00e7me makinesi \u015fanz\u0131man\u0131<\/td>\n<\/tr>\n<tr style=\"height: 27px;\">\n<td style=\"width: 32.0166%; height: 27px;\">Oran<\/td>\n<td style=\"width: 67.8794%; height: 27px;\">1:1 \/ 1:1.35 \/ 1:1.46 \/ 1:2<\/td>\n<\/tr>\n<tr style=\"height: 27px;\">\n<td style=\"width: 32.0166%; height: 27px;\">Di\u015fler<\/td>\n<td style=\"width: 67.8794%; height: 27px;\">16\/16\u00a0 23\/17\u00a0 22\/15 15\/30<\/td>\n<\/tr>\n<tr style=\"height: 27px;\">\n<td style=\"width: 32.0166%; height: 27px;\">Mod\u00fcl<\/td>\n<td style=\"width: 67.8794%; height: 27px;\">6.35 \/\u00a0 5.0 \/ 5.0 \/ 3.5<\/td>\n<\/tr>\n<tr style=\"height: 27px;\">\n<td style=\"width: 32.0166%; height: 27px;\">G\u00fc\u00e7 (HP)<\/td>\n<td style=\"width: 67.8794%; height: 27px;\">30<\/td>\n<\/tr>\n<tr style=\"height: 27px;\">\n<td style=\"width: 32.0166%; height: 27px;\">Anma Giri\u015fi<\/td>\n<td style=\"width: 67.8794%; height: 27px;\">540 devir\/dakika<\/td>\n<\/tr>\n<tr style=\"height: 27px;\">\n<td style=\"width: 32.0166%; height: 27px;\">Giri\u015f\/\u00c7\u0131k\u0131\u015f a\u00e7\u0131klamas\u0131<\/td>\n<td style=\"width: 67.8794%; height: 27px;\">1 3\/8 Z6 13\/8 Z6 Optik eksen<\/td>\n<\/tr>\n<tr style=\"height: 27px;\">\n<td style=\"width: 32.0166%; height: 27px;\">A\u011f\u0131rl\u0131k (KB)<\/td>\n<td style=\"width: 67.8794%; height: 27px;\">23 kg<\/td>\n<\/tr>\n<\/tbody>\n<\/table>\n<h3>Tar\u0131m Kullan\u0131m\u0131 \u0130\u00e7in \u00c7im Bi\u00e7me Makinesi \u015eanz\u0131man\u0131<\/h3>\n<p>\u00c7im bi\u00e7me makinesi \u015fanz\u0131man\u0131, motorun g\u00fcc\u00fcn\u00fc tar\u0131msal \u00e7im bi\u00e7me makinelerinin kesme b\u0131\u00e7aklar\u0131na iletmek i\u00e7in \u00e7ok \u00f6nemlidir. Verimli \u00e7al\u0131\u015fmay\u0131 sa\u011flayarak bi\u00e7me i\u015flemlerini daha h\u0131zl\u0131 ve sorunsuz hale getirir. \u0130\u015fte temel \u00f6zellikler ve faydalar\u0131n bir \u00f6zeti:<\/p>\n<h3>Temel \u00d6zellikler:<\/h3>\n<ul>\n<li><strong>G\u00fc\u00e7 Aktar\u0131m\u0131:<\/strong> Motor g\u00fcc\u00fcn\u00fc \u00e7im bi\u00e7me b\u0131\u00e7aklar\u0131na aktararak verimli kesim yap\u0131lmas\u0131n\u0131 sa\u011flar.<\/li>\n<li><strong>Dayan\u0131kl\u0131l\u0131k:<\/strong> \u00c7elik gibi y\u00fcksek mukavemetli malzemelerden \u00fcretilen bu di\u015fli kutular\u0131, a\u011f\u0131r tar\u0131m ko\u015fullar\u0131na dayan\u0131kl\u0131d\u0131r.<\/li>\n<li><strong>H\u0131z ve Tork Kontrol\u00fc:<\/strong> Farkl\u0131 arazilerde optimum kesme performans\u0131 i\u00e7in \u00e7e\u015fitli di\u015fli oranlar\u0131 sunar.<\/li>\n<li><strong>G\u00fcvenlik \u00d6zellikleri:<\/strong> Hasar olu\u015fumunu \u00f6nlemek ve g\u00fcvenli\u011fi sa\u011flamak i\u00e7in a\u015f\u0131r\u0131 y\u00fck debriyaj\u0131 ve a\u015f\u0131r\u0131 y\u00fck korumas\u0131 ile donat\u0131lm\u0131\u015ft\u0131r.<\/li>\n<li><strong>\u00d6zelle\u015ftirme:<\/strong> \u00c7im bi\u00e7me makinesinin \u00f6zel gereksinimlerini kar\u015f\u0131lamak \u00fczere uzunluk, tork ve ba\u011flant\u0131 a\u00e7\u0131s\u0131ndan \u00f6zelle\u015ftirilebilir.<\/li>\n<li><strong>\u00c7ok y\u00f6nl\u00fcl\u00fck:<\/strong> D\u00f6ner bi\u00e7me makineleri, paletli bi\u00e7me makineleri ve di\u011fer tar\u0131m ekipmanlar\u0131 i\u00e7in uygundur.<\/li>\n<li><strong>Maliyet Etkin:<\/strong> Ar\u0131za s\u00fcrelerini ve onar\u0131m maliyetlerini azaltarak sorunsuz operasyonlar sa\u011flar.<\/li>\n<\/ul>\n<h3>Uygulamalar:<\/h3>\n<ul>\n<li><strong>D\u00f6ner \u00c7im Bi\u00e7me Makineleri:<\/strong> Verimli \u00e7im bi\u00e7me i\u00e7in, PTO \u015faft\u0131 \u00fczerinden ba\u011flan\u0131r.<\/li>\n<li><strong>D\u00f6ner b\u0131\u00e7akl\u0131 \u00e7im bi\u00e7me makineleri:<\/strong> \u00c7e\u015fitli bitki \u00f6rt\u00fcs\u00fcn\u00fcn par\u00e7alanmas\u0131 ve bi\u00e7ilmesi i\u00e7in d\u00fczg\u00fcn bir d\u00f6n\u00fc\u015f sa\u011flar.<\/li>\n<li><strong>Binilebilir ve S\u0131f\u0131r D\u00f6n\u00fc\u015fl\u00fc \u00c7im Bi\u00e7me Makineleri:<\/strong> Geni\u015f \u00e7apl\u0131 bi\u00e7me i\u015flemlerinde tutarl\u0131 g\u00fc\u00e7 aktar\u0131m\u0131n\u0131 sa\u011flar.<\/li>\n<li><strong>\u00c7im Bi\u00e7me Makineleri:<\/strong> Engebeli zeminlerde bile temiz kesimler i\u00e7in b\u0131\u00e7ak h\u0131z\u0131n\u0131 optimize eder.<\/li>\n<\/ul>\n<h3>Faydalar:<\/h3>\n<ul>\n<li><strong>Geli\u015ftirilmi\u015f Kesim:<\/strong> Temiz ve d\u00fczg\u00fcn kesim i\u00e7in istikrarl\u0131 b\u0131\u00e7ak h\u0131z\u0131.<\/li>\n<li><strong>Yak\u0131t Verimlili\u011fi:<\/strong> Enerji kullan\u0131m\u0131n\u0131 optimize ederek yak\u0131t verimlili\u011fini art\u0131r\u0131r.<\/li>\n<li><strong>Daha Uzun Ekipman \u00d6mr\u00fc:<\/strong> Dayan\u0131kl\u0131 tasar\u0131m, \u00e7im bi\u00e7me makinesinin \u00f6mr\u00fcn\u00fc uzat\u0131r.<\/li>\n<li><strong>D\u00fc\u015f\u00fck Bak\u0131m:<\/strong> Minimum bak\u0131m gerektirir, ar\u0131za s\u00fcresini azalt\u0131r.<\/li>\n<li><strong>Art\u0131r\u0131lm\u0131\u015f G\u00fcvenlik:<\/strong> G\u00fcvenlik \u00f6zellikleri sayesinde hasar\u0131 \u00f6nler ve operat\u00f6r riskini azalt\u0131r.<\/li>\n<\/ul>\n<h3>FMP'yi Neden Se\u00e7melisiniz:<\/h3>\n<p>FMP, dayan\u0131kl\u0131l\u0131k, g\u00fcvenilirlik ve performans i\u00e7in tasarlanm\u0131\u015f y\u00fcksek kaliteli \u00e7im bi\u00e7me makinesi \u015fanz\u0131manlar\u0131 \u00fcretmektedir. \u0130ster standart ister \u00f6zel bir \u00e7\u00f6z\u00fcme ihtiyac\u0131n\u0131z olsun, FMP tar\u0131msal \u00e7im bi\u00e7me makineleri i\u00e7in m\u00fckemmel \u015fanz\u0131man\u0131 sunarak verimli \u00e7al\u0131\u015fma ve uzun \u00f6m\u00fcrl\u00fc performans sa\u011flar.<\/p>\n<p>FMP'nin \u00e7im bi\u00e7me makinesi \u015fanz\u0131manlar\u0131 dayan\u0131kl\u0131l\u0131k, hassasiyet ve verimlilik sunarak tar\u0131msal bi\u00e7me i\u015flemleri i\u00e7in idealdir. \u0130htiya\u00e7lar\u0131n\u0131za g\u00f6re uyarlanm\u0131\u015f, y\u00fcksek performansl\u0131 \u015fanz\u0131manlar i\u00e7in FMP'ye g\u00fcvenin.<\/p>\n<p><img loading=\"lazy\" decoding=\"async\" class=\"alignnone size-full wp-image-1871\" src=\"https:\/\/fmp-components.com\/wp-content\/uploads\/2024\/12\/Differences-Between-Rotary-Mower-Gearbox-and-Flail-Mower-Gearbox-2.webp\" alt=\"D\u00f6ner Bi\u00e7me Makinesi \u015eanz\u0131man Kutusu ile K\u0131r\u0131c\u0131 Bi\u00e7me Makinesi \u015eanz\u0131man Kutusu Aras\u0131ndaki Farklar-2\" width=\"1000\" height=\"600\" title=\"\" srcset=\"https:\/\/fmp-components.com\/wp-content\/uploads\/2024\/12\/Differences-Between-Rotary-Mower-Gearbox-and-Flail-Mower-Gearbox-2.webp 1000w, https:\/\/fmp-components.com\/wp-content\/uploads\/2024\/12\/Differences-Between-Rotary-Mower-Gearbox-and-Flail-Mower-Gearbox-2-980x588.webp 980w, https:\/\/fmp-components.com\/wp-content\/uploads\/2024\/12\/Differences-Between-Rotary-Mower-Gearbox-and-Flail-Mower-Gearbox-2-480x288.webp 480w\" sizes=\"(min-width: 0px) and (max-width: 480px) 480px, (min-width: 481px) and (max-width: 980px) 980px, (min-width: 981px) 1000px, 100vw\" \/><\/p>\n<h3>FMP Hakk\u0131nda<\/h3>\n<p>\u0130talya merkezli FMP, tar\u0131m makineleri i\u00e7in y\u00fcksek performansl\u0131 \u015fanz\u0131manlar\u0131n tasar\u0131m\u0131, geli\u015ftirilmesi ve \u00fcretimi konusunda uzmanla\u015fm\u0131\u015f lider bir \u00fcreticidir. Hassas m\u00fchendisli\u011fimiz, yenilik\u00e7ili\u011fimiz ve g\u00fcvenilirli\u011fimizle tan\u0131nan firmam\u0131z, \u00e7im bi\u00e7me makineleri i\u00e7in olanlar da dahil olmak \u00fczere geni\u015f bir \u015fanz\u0131man yelpazesi ve PTO \u015faftlar\u0131 gibi temel bile\u015fenler sunmaktad\u0131r. Amac\u0131m\u0131z, ister bireysel \u00fcr\u00fcnler isterse tam entegre sistemler arac\u0131l\u0131\u011f\u0131yla olsun, tar\u0131m ve sanayi sekt\u00f6rlerinin \u00f6zel ihtiya\u00e7lar\u0131n\u0131 kar\u015f\u0131layan \u00f6zel \u00e7\u00f6z\u00fcmler sunmakt\u0131r.<\/p>\n<p>FMP olarak, her m\u00fc\u015fterinin kendine \u00f6zg\u00fc gereksinimleri oldu\u011funu anl\u0131yoruz. Bu nedenle \u00fcr\u00fcnlerimizi bu \u00f6zel ihtiya\u00e7lar\u0131 kar\u015f\u0131layacak \u015fekilde \u00f6zelle\u015ftiriyoruz. \u0130ster \u00f6zel bir \u015fanz\u0131mana, ister komple bir sisteme ihtiyac\u0131n\u0131z olsun, en etkili ve verimli \u00e7\u00f6z\u00fcm\u00fc geli\u015ftirmek i\u00e7in sizinle yak\u0131n i\u015fbirli\u011fi i\u00e7inde \u00e7al\u0131\u015f\u0131yoruz. H\u0131zl\u0131 ve profesyonel yan\u0131tlar vermekten ve her sorunun uzmanl\u0131k ve hassasiyetle ele al\u0131nmas\u0131n\u0131 sa\u011flamaktan gurur duyuyoruz.<\/p>\n<p>Yeni \u00fcr\u00fcn geli\u015ftirme s\u00f6z konusu oldu\u011funda, m\u00fc\u015fterilerimizle a\u00e7\u0131k ve s\u00fcrekli ileti\u015fime b\u00fcy\u00fck \u00f6nem veriyoruz. Alan\u0131nda uzman ekibimiz, m\u00fc\u015fterilerimizin kar\u015f\u0131la\u015ft\u0131\u011f\u0131 zorluklar\u0131 tam olarak anlamak ve en uygun \u00e7\u00f6z\u00fcmlere yol a\u00e7an de\u011ferli bilgiler sunmak i\u00e7in onlarla birlikte \u00e7al\u0131\u015fmaktad\u0131r. Yeni \u00fcr\u00fcn geli\u015ftirmeden mevcut sipari\u015flerin yerine getirilmesine kadar, y\u00fcksek kaliteli, hassas m\u00fchendislik \u00fcr\u00fcn\u00fc \u00fcr\u00fcnleri hem h\u0131z hem de do\u011frulukla sunmaya kararl\u0131y\u0131z.<\/p>\n<p>FMP'de yapt\u0131\u011f\u0131m\u0131z her \u015feyin temel ta\u015f\u0131 kalitedir. \u00dcretim s\u00fcre\u00e7lerimiz y\u00fcksek standartlar, do\u011fruluk ve s\u0131f\u0131r hata ilkelerine dayanmaktad\u0131r. Her \u00fcr\u00fcn\u00fcn sekt\u00f6r standartlar\u0131n\u0131 a\u015fmas\u0131n\u0131 sa\u011flamak i\u00e7in titiz kalite kontrol prosed\u00fcrleri uyguluyoruz. Kaliteye olan bu sars\u0131lmaz ba\u011fl\u0131l\u0131\u011f\u0131m\u0131z, d\u00fcr\u00fcstl\u00fck, ekip \u00e7al\u0131\u015fmas\u0131 ve azim de\u011ferlerimizle birle\u015ferek, d\u00fcnyan\u0131n yakla\u015f\u0131k 30 \u00fclkesindeki m\u00fc\u015fterilerimizle kal\u0131c\u0131 ili\u015fkiler kurmam\u0131z\u0131 sa\u011flam\u0131\u015ft\u0131r.<\/p>\n<p>FMP, k\u00fcresel ortakl\u0131klar kurmaya her zaman a\u00e7\u0131kt\u0131r ve uzman tavsiyesi ve \u00f6zelle\u015ftirilmi\u015f \u00e7\u00f6z\u00fcmler sunmaya isteklidir. Yakla\u015f\u0131m\u0131m\u0131z sadece \u00fcr\u00fcn teslim etmekten \u00f6teye uzan\u0131r; m\u00fc\u015fterilerimizle uzun vadeli ili\u015fkiler kurmaya ve her projede ba\u015far\u0131lar\u0131n\u0131 sa\u011flamaya kararl\u0131y\u0131z. \u0130ster yeni bir giri\u015fim i\u00e7in \u00e7\u00f6z\u00fcmler ar\u0131yor olun, ister mevcut bir sistem i\u00e7in deste\u011fe ihtiyac\u0131n\u0131z olsun, FMP teknik zorluklar\u0131n\u0131z\u0131 ele almak ve s\u00fcrekli ba\u015far\u0131n\u0131z\u0131 sa\u011flamak i\u00e7in burada.<\/p>\n<p><img loading=\"lazy\" decoding=\"async\" class=\"alignnone size-full wp-image-1861\" src=\"https:\/\/fmp-components.com\/wp-content\/uploads\/2024\/12\/Other-Agricultural-Gearboxes.webp\" sizes=\"(min-width: 0px) and (max-width: 480px) 480px, (min-width: 481px) and (max-width: 980px) 980px, (min-width: 981px) 1200px, 100vw\" srcset=\"https:\/\/fmp-components.com\/wp-content\/uploads\/2024\/12\/Other-Agricultural-Gearboxes.webp 1200w, https:\/\/fmp-components.com\/wp-content\/uploads\/2024\/12\/Other-Agricultural-Gearboxes-980x1143.webp 980w, https:\/\/fmp-components.com\/wp-content\/uploads\/2024\/12\/Other-Agricultural-Gearboxes-480x560.webp 480w\" alt=\"Altri-cambi-agricoli\" width=\"1200\" height=\"1400\" title=\"\"><\/p>\n<p>Yazar: CX<\/p>","protected":false},"excerpt":{"rendered":"<p>Agricultural Lawnmower Gearbox Specification ITEM FMP-BGB9 Lawn mower gearbox Ratio 1:1 \/ 1:1.35 \/ 1:1.46 \/ 1:2 Teeth 16\/16\u00a0 23\/17\u00a0 22\/15 15\/30 Module 6.35 \/\u00a0 5.0 \/ 5.0 \/ 3.5 Power\uff08HP\uff09 30 Rated Input 540rpm Input\/Output description 1 3\/8 Z6 13\/8 Z6 OPtic axis Weight\uff08N.W\uff09 23Kg Lawn Mower Gearbox for Agricultural Use A lawn mower [&hellip;]<\/p>","protected":false},"featured_media":1982,"comment_status":"open","ping_status":"closed","template":"","meta":{"_et_pb_use_builder":"","_et_pb_old_content":"","_et_gb_content_width":""},"product_brand":[],"product_cat":[52],"product_tag":[],"class_list":{"0":"post-1978","1":"product","2":"type-product","3":"status-publish","4":"has-post-thumbnail","6":"product_cat-lawn-mower-gearbox","8":"first","9":"instock","10":"shipping-taxable","11":"product-type-simple"},"_links":{"self":[{"href":"https:\/\/fmp-components.com\/tr\/wp-json\/wp\/v2\/product\/1978","targetHints":{"allow":["GET"]}}],"collection":[{"href":"https:\/\/fmp-components.com\/tr\/wp-json\/wp\/v2\/product"}],"about":[{"href":"https:\/\/fmp-components.com\/tr\/wp-json\/wp\/v2\/types\/product"}],"replies":[{"embeddable":true,"href":"https:\/\/fmp-components.com\/tr\/wp-json\/wp\/v2\/comments?post=1978"}],"wp:featuredmedia":[{"embeddable":true,"href":"https:\/\/fmp-components.com\/tr\/wp-json\/wp\/v2\/media\/1982"}],"wp:attachment":[{"href":"https:\/\/fmp-components.com\/tr\/wp-json\/wp\/v2\/media?parent=1978"}],"wp:term":[{"taxonomy":"product_brand","embeddable":true,"href":"https:\/\/fmp-components.com\/tr\/wp-json\/wp\/v2\/product_brand?post=1978"},{"taxonomy":"product_cat","embeddable":true,"href":"https:\/\/fmp-components.com\/tr\/wp-json\/wp\/v2\/product_cat?post=1978"},{"taxonomy":"product_tag","embeddable":true,"href":"https:\/\/fmp-components.com\/tr\/wp-json\/wp\/v2\/product_tag?post=1978"}],"curies":[{"name":"wp","href":"https:\/\/api.w.org\/{rel}","templated":true}]}}